{"id":19787,"date":"2025-07-23T11:35:50","date_gmt":"2025-07-23T08:35:50","guid":{"rendered":"https:\/\/skaitytaknyga.lt\/?post_type=product&#038;p=19787"},"modified":"2026-03-05T13:35:13","modified_gmt":"2026-03-05T11:35:13","slug":"juoda-sirdis","status":"publish","type":"product","link":"https:\/\/skaitytaknyga.lt\/en\/produktas\/juoda-sirdis\/","title":{"rendered":"Juoda \u0161irdis"},"content":{"rendered":"<p>Sautamptono Raudon\u0173j\u0173 \u017eibint\u0173 kvartalas slepia daugyb\u0119 nuod\u0117ming\u0173 istorij\u0173. Policija nesiki\u0161a \u012f \u010dia dirban\u010di\u0173 mergin\u0173 reikalus, ta\u010diau kai viename tu\u0161\u010diame name aptinkamas vyro lavonas, pad\u0117tis pasikei\u010dia. \u017dmog\u017eudyst\u0117 itin cini\u0161ka \u2013 \u017emogui i\u0161pjauta \u0161irdis, negana to, ji d\u0117\u017eut\u0117je atsiun\u010diama nelaimingojo \u017emonai ir vaikams. Kod\u0117l padorus, gerbiamas, laimingos \u0161eimos vyras nusipeln\u0117 tokios mirties? Ir, svarbiausia, kaip jis atsid\u016br\u0117 rajone, kur \u0161eimininkauja vien narkomanai ir lengvo elgesio merginos?<\/p>\n<p>Byl\u0105 tirianti detektyv\u0117 inspektor\u0117 Helena Greis \u012ftaria, kad \u0161is nusikaltimas n\u0117ra atsitiktinis. Jos \u012ftarimai pasitvirtina, kai po keli\u0173 dien\u0173 aptinkamas dar vieno vyro lavonas.<\/p>\n<p>Bulvarin\u0117 spauda \u017eudik\u0105 pakrik\u0161tija atvirk\u0161\u010diu D\u017eeku Skerdiku, nes jis tyko ne moter\u0173, o vedusi\u0173 vyr\u0173, kurie gyvena slapt\u0105 dvigub\u0105 gyvenim\u0105. Helena jau\u010dia, kad daug \u012fnir\u0161io slypi po tomis \u017emog\u017eudyst\u0117mis. Tik nenuman\u0117, kad \u017eudikas bus toks nepastovus. Ir kas jos pa\u010dios laukia u\u017ebaigus tyrim\u0105&#8230;<\/p>\n","protected":false},"excerpt":{"rendered":"<p>Sautamptono Raudon\u0173j\u0173 \u017eibint\u0173 kvartalas slepia daugyb\u0119 nuod\u0117ming\u0173 istorij\u0173. Policija nesiki\u0161a \u012f \u010dia dirban\u010di\u0173 mergin\u0173 reikalus, ta\u010diau kai viename tu\u0161\u010diame name aptinkamas vyro lavonas, pad\u0117tis pasikei\u010dia. \u017dmog\u017eudyst\u0117 itin cini\u0161ka \u2013 \u017emogui i\u0161pjauta \u0161irdis, negana to, ji d\u0117\u017eut\u0117je atsiun\u010diama nelaimingojo \u017emonai ir vaikams. Kod\u0117l padorus, gerbiamas, laimingos \u0161eimos vyras nusipeln\u0117 tokios mirties? Ir, svarbiausia, kaip jis atsid\u016br\u0117 rajone, kur \u0161eimininkauja vien narkomanai ir lengvo elgesio merginos? Byl\u0105 tirianti detektyv\u0117 inspektor\u0117 Helena Greis \u012ftaria, kad \u0161is nusikaltimas n\u0117ra atsitiktinis. Jos \u012ftarimai pasitvirtina, kai po keli\u0173 dien\u0173 aptinkamas dar vieno vyro lavonas. Bulvarin\u0117 spauda \u017eudik\u0105 pakrik\u0161tija atvirk\u0161\u010diu D\u017eeku Skerdiku, nes jis tyko ne moter\u0173, o vedusi\u0173 vyr\u0173, kurie gyvena slapt\u0105 dvigub\u0105 gyvenim\u0105. Helena jau\u010dia, kad daug \u012fnir\u0161io slypi po tomis \u017emog\u017eudyst\u0117mis. Tik nenuman\u0117, kad \u017eudikas bus toks nepastovus. Ir kas jos pa\u010dios laukia u\u017ebaigus tyrim\u0105&#8230;<\/p>\n","protected":false},"featured_media":19792,"comment_status":"open","ping_status":"closed","template":"","meta":{"_acf_changed":false,"site-sidebar-layout":"default","site-content-layout":"","ast-site-content-layout":"default","site-content-style":"default","site-sidebar-style":"default","ast-global-header-display":"","ast-banner-title-visibility":"","ast-main-header-display":"","ast-hfb-above-header-display":"","ast-hfb-below-header-display":"","ast-hfb-mobile-header-display":"","site-post-title":"","ast-breadcrumbs-content":"","ast-featured-img":"","footer-sml-layout":"","ast-disable-related-posts":"","theme-transparent-header-meta":"","adv-header-id-meta":"","stick-header-meta":"","header-above-stick-meta":"","header-main-stick-meta":"","header-below-stick-meta":"","astra-migrate-meta-layouts":"default","ast-page-background-enabled":"default","ast-page-background-meta":{"desktop":{"background-color":"","background-image":"","background-repeat":"repeat","background-position":"center center","background-size":"auto","background-attachment":"scroll","background-type":"","background-media":"","overlay-type":"","overlay-color":"","overlay-opacity":"","overlay-gradient":""},"tablet":{"background-color":"","background-image":"","background-repeat":"repeat","background-position":"center center","background-size":"auto","background-attachment":"scroll","background-type":"","background-media":"","overlay-type":"","overlay-color":"","overlay-opacity":"","overlay-gradient":""},"mobile":{"background-color":"","background-image":"","background-repeat":"repeat","background-position":"center center","background-size":"auto","background-attachment":"scroll","background-type":"","background-media":"","overlay-type":"","overlay-color":"","overlay-opacity":"","overlay-gradient":""}},"ast-content-background-meta":{"desktop":{"background-color":"var(--ast-global-color-4)","background-image":"","background-repeat":"repeat","background-position":"center center","background-size":"auto","background-attachment":"scroll","background-type":"","background-media":"","overlay-type":"","overlay-color":"","overlay-opacity":"","overlay-gradient":""},"tablet":{"background-color":"var(--ast-global-color-4)","background-image":"","background-repeat":"repeat","background-position":"center center","background-size":"auto","background-attachment":"scroll","background-type":"","background-media":"","overlay-type":"","overlay-color":"","overlay-opacity":"","overlay-gradient":""},"mobile":{"background-color":"var(--ast-global-color-4)","background-image":"","background-repeat":"repeat","background-position":"center center","background-size":"auto","background-attachment":"scroll","background-type":"","background-media":"","overlay-type":"","overlay-color":"","overlay-opacity":"","overlay-gradient":""}}},"product_brand":[],"product_cat":[9581],"product_tag":[6673,1476,6672,6670,6671,1772],"class_list":{"0":"post-19787","1":"product","2":"type-product","3":"status-publish","4":"has-post-thumbnail","6":"product_cat-kriminaliniai-romanai","7":"product_tag-autore-m-j-arlidge","8":"product_tag-detektyvas","9":"product_tag-inspektore-helena-greis","10":"product_tag-m-j-arlidge","11":"product_tag-raudonuju-zibintu-kvartalas","12":"product_tag-zmogzudyste","13":"desktop-align-left","14":"tablet-align-left","15":"mobile-align-left","17":"first","18":"outofstock","19":"shipping-taxable","20":"purchasable","21":"product-type-simple"},"acf":[],"yoast_head":"<!-- This site is optimized with the Yoast SEO plugin v27.0 - https:\/\/yoast.com\/product\/yoast-seo-wordpress\/ -->\n<title>Juoda \u0161irdis<\/title>\n<meta name=\"description\" content=\"Sautamptono Raudon\u0173j\u0173 \u017eibint\u0173 kvartalas slepia daugyb\u0119 nuod\u0117ming\u0173 istorij\u0173. Policija nesiki\u0161a \u012f \u010dia dirban\u010di\u0173 mergin\u0173 reikalus, ta\u010diau kai viename\" \/>\n<meta name=\"robots\" content=\"index, follow, max-snippet:-1, max-image-preview:large, max-video-preview:-1\" \/>\n<link rel=\"canonical\" href=\"https:\/\/skaitytaknyga.lt\/en\/produktas\/juoda-sirdis\/\" \/>\n<meta property=\"og:locale\" content=\"en_GB\" \/>\n<meta property=\"og:locale:alternate\" content=\"lt_LT\" \/>\n<meta property=\"og:type\" content=\"article\" \/>\n<meta property=\"og:title\" content=\"Juoda \u0161irdis\" \/>\n<meta property=\"og:description\" content=\"Sautamptono Raudon\u0173j\u0173 \u017eibint\u0173 kvartalas slepia daugyb\u0119 nuod\u0117ming\u0173 istorij\u0173. Policija nesiki\u0161a \u012f \u010dia dirban\u010di\u0173 mergin\u0173 reikalus, ta\u010diau kai viename\" \/>\n<meta property=\"og:url\" content=\"https:\/\/skaitytaknyga.lt\/en\/produktas\/juoda-sirdis\/\" \/>\n<meta property=\"og:site_name\" content=\"Skaitytaknyga\" \/>\n<meta property=\"article:publisher\" content=\"https:\/\/www.facebook.com\/skaitytaknyga\/\" \/>\n<meta property=\"article:modified_time\" content=\"2026-03-05T11:35:13+00:00\" \/>\n<meta property=\"og:image\" content=\"https:\/\/skaitytaknyga.lt\/wp-content\/uploads\/2025\/07\/Juoda-sirdis-1.webp\" \/>\n\t<meta property=\"og:image:width\" content=\"243\" \/>\n\t<meta property=\"og:image:height\" content=\"398\" \/>\n\t<meta property=\"og:image:type\" content=\"image\/webp\" \/>\n<meta name=\"twitter:card\" content=\"summary_large_image\" \/>\n<meta name=\"twitter:label1\" content=\"Estimated reading time\" \/>\n\t<meta name=\"twitter:data1\" content=\"1 minute\" \/>\n<script type=\"application\/ld+json\" class=\"yoast-schema-graph\">{\"@context\":\"https:\/\/schema.org\",\"@graph\":[{\"@type\":\"WebPage\",\"@id\":\"https:\/\/skaitytaknyga.lt\/produktas\/juoda-sirdis\/\",\"url\":\"https:\/\/skaitytaknyga.lt\/produktas\/juoda-sirdis\/\",\"name\":\"Juoda \u0161irdis\",\"isPartOf\":{\"@id\":\"https:\/\/skaitytaknyga.lt\/#website\"},\"primaryImageOfPage\":{\"@id\":\"https:\/\/skaitytaknyga.lt\/produktas\/juoda-sirdis\/#primaryimage\"},\"image\":{\"@id\":\"https:\/\/skaitytaknyga.lt\/produktas\/juoda-sirdis\/#primaryimage\"},\"thumbnailUrl\":\"https:\/\/skaitytaknyga.lt\/wp-content\/uploads\/2025\/07\/Juoda-sirdis-1.webp\",\"datePublished\":\"2025-07-23T08:35:50+00:00\",\"dateModified\":\"2026-03-05T11:35:13+00:00\",\"description\":\"Sautamptono Raudon\u0173j\u0173 \u017eibint\u0173 kvartalas slepia daugyb\u0119 nuod\u0117ming\u0173 istorij\u0173. Policija nesiki\u0161a \u012f \u010dia dirban\u010di\u0173 mergin\u0173 reikalus, ta\u010diau kai viename\",\"breadcrumb\":{\"@id\":\"https:\/\/skaitytaknyga.lt\/produktas\/juoda-sirdis\/#breadcrumb\"},\"inLanguage\":\"en-GB\",\"potentialAction\":[{\"@type\":\"ReadAction\",\"target\":[\"https:\/\/skaitytaknyga.lt\/produktas\/juoda-sirdis\/\"]}]},{\"@type\":\"ImageObject\",\"inLanguage\":\"en-GB\",\"@id\":\"https:\/\/skaitytaknyga.lt\/produktas\/juoda-sirdis\/#primaryimage\",\"url\":\"https:\/\/skaitytaknyga.lt\/wp-content\/uploads\/2025\/07\/Juoda-sirdis-1.webp\",\"contentUrl\":\"https:\/\/skaitytaknyga.lt\/wp-content\/uploads\/2025\/07\/Juoda-sirdis-1.webp\",\"width\":243,\"height\":398},{\"@type\":\"BreadcrumbList\",\"@id\":\"https:\/\/skaitytaknyga.lt\/produktas\/juoda-sirdis\/#breadcrumb\",\"itemListElement\":[{\"@type\":\"ListItem\",\"position\":1,\"name\":\"Home\",\"item\":\"https:\/\/skaitytaknyga.lt\/\"},{\"@type\":\"ListItem\",\"position\":2,\"name\":\"Parduotuv\u0117\",\"item\":\"https:\/\/skaitytaknyga.lt\/knygu-parduotuve\/\"},{\"@type\":\"ListItem\",\"position\":3,\"name\":\"Juoda \u0161irdis\"}]},{\"@type\":\"WebSite\",\"@id\":\"https:\/\/skaitytaknyga.lt\/#website\",\"url\":\"https:\/\/skaitytaknyga.lt\/\",\"name\":\"skaitytaknyga.lt\",\"description\":\"Skaitytaknyga.lt \u2013 tai ma\u017eas \u0161eimos verslas, kuris prasid\u0117jo nuo meil\u0117s knygoms ir siekio i\u0161gelb\u0117ti knygas nuo likimo prie konteinerio. Kas vienam nereikalingas daiktas \u2013 kitam lobis, o mes esame tarpininkai, kurie padeda abiems tapti laimingesniems ???? \u017dinome kaip nelengva i\u0161gyventi ma\u017eiems verslams, tad nuo \u0161iol, \u010dia rasite ir kit\u0173, ma\u017e\u0173 \u0161eim\u0173 versl\u0173, rank\u0173 darbo, dovan\u0173 sau ir artimiesiems.\",\"publisher\":{\"@id\":\"https:\/\/skaitytaknyga.lt\/#organization\"},\"potentialAction\":[{\"@type\":\"SearchAction\",\"target\":{\"@type\":\"EntryPoint\",\"urlTemplate\":\"https:\/\/skaitytaknyga.lt\/?s={search_term_string}\"},\"query-input\":{\"@type\":\"PropertyValueSpecification\",\"valueRequired\":true,\"valueName\":\"search_term_string\"}}],\"inLanguage\":\"en-GB\"},{\"@type\":\"Organization\",\"@id\":\"https:\/\/skaitytaknyga.lt\/#organization\",\"name\":\"skaitytaknyga.lt\",\"url\":\"https:\/\/skaitytaknyga.lt\/\",\"logo\":{\"@type\":\"ImageObject\",\"inLanguage\":\"en-GB\",\"@id\":\"https:\/\/skaitytaknyga.lt\/#\/schema\/logo\/image\/\",\"url\":\"https:\/\/skaitytaknyga.lt\/wp-content\/uploads\/2024\/05\/cropped-cropped-cropped-02_00843_jt3bggkj1j3HLc7SyY6rEUpg.jpeg\",\"contentUrl\":\"https:\/\/skaitytaknyga.lt\/wp-content\/uploads\/2024\/05\/cropped-cropped-cropped-02_00843_jt3bggkj1j3HLc7SyY6rEUpg.jpeg\",\"width\":1600,\"height\":1600,\"caption\":\"skaitytaknyga.lt\"},\"image\":{\"@id\":\"https:\/\/skaitytaknyga.lt\/#\/schema\/logo\/image\/\"},\"sameAs\":[\"https:\/\/www.facebook.com\/skaitytaknyga\/\"]}]}<\/script>\n<!-- \/ Yoast SEO plugin. -->","yoast_head_json":{"title":"Juoda \u0161irdis","description":"Sautamptono Raudon\u0173j\u0173 \u017eibint\u0173 kvartalas slepia daugyb\u0119 nuod\u0117ming\u0173 istorij\u0173. Policija nesiki\u0161a \u012f \u010dia dirban\u010di\u0173 mergin\u0173 reikalus, ta\u010diau kai viename","robots":{"index":"index","follow":"follow","max-snippet":"max-snippet:-1","max-image-preview":"max-image-preview:large","max-video-preview":"max-video-preview:-1"},"canonical":"https:\/\/skaitytaknyga.lt\/en\/produktas\/juoda-sirdis\/","og_locale":"en_GB","og_type":"article","og_title":"[:lt]Juoda \u0161irdis[:] - Skaitytaknyga","og_description":"Sautamptono Raudon\u0173j\u0173 \u017eibint\u0173 kvartalas slepia daugyb\u0119 nuod\u0117ming\u0173 istorij\u0173. Policija nesiki\u0161a \u012f \u010dia dirban\u010di\u0173 mergin\u0173 reikalus, ta\u010diau kai viename","og_url":"https:\/\/skaitytaknyga.lt\/en\/produktas\/juoda-sirdis\/","og_site_name":"Skaitytaknyga","article_publisher":"https:\/\/www.facebook.com\/skaitytaknyga\/","article_modified_time":"2026-03-05T11:35:13+00:00","og_image":[{"width":243,"height":398,"url":"https:\/\/skaitytaknyga.lt\/wp-content\/uploads\/2025\/07\/Juoda-sirdis-1.webp","type":"image\/webp"}],"twitter_card":"summary_large_image","twitter_misc":{"Estimated reading time":"1 minute"},"schema":{"@context":"https:\/\/schema.org","@graph":[{"@type":"WebPage","@id":"https:\/\/skaitytaknyga.lt\/produktas\/juoda-sirdis\/","url":"https:\/\/skaitytaknyga.lt\/produktas\/juoda-sirdis\/","name":"Juoda \u0161irdis","isPartOf":{"@id":"https:\/\/skaitytaknyga.lt\/#website"},"primaryImageOfPage":{"@id":"https:\/\/skaitytaknyga.lt\/produktas\/juoda-sirdis\/#primaryimage"},"image":{"@id":"https:\/\/skaitytaknyga.lt\/produktas\/juoda-sirdis\/#primaryimage"},"thumbnailUrl":"https:\/\/skaitytaknyga.lt\/wp-content\/uploads\/2025\/07\/Juoda-sirdis-1.webp","datePublished":"2025-07-23T08:35:50+00:00","dateModified":"2026-03-05T11:35:13+00:00","description":"Sautamptono Raudon\u0173j\u0173 \u017eibint\u0173 kvartalas slepia daugyb\u0119 nuod\u0117ming\u0173 istorij\u0173. Policija nesiki\u0161a \u012f \u010dia dirban\u010di\u0173 mergin\u0173 reikalus, ta\u010diau kai viename","breadcrumb":{"@id":"https:\/\/skaitytaknyga.lt\/produktas\/juoda-sirdis\/#breadcrumb"},"inLanguage":"en-GB","potentialAction":[{"@type":"ReadAction","target":["https:\/\/skaitytaknyga.lt\/produktas\/juoda-sirdis\/"]}]},{"@type":"ImageObject","inLanguage":"en-GB","@id":"https:\/\/skaitytaknyga.lt\/produktas\/juoda-sirdis\/#primaryimage","url":"https:\/\/skaitytaknyga.lt\/wp-content\/uploads\/2025\/07\/Juoda-sirdis-1.webp","contentUrl":"https:\/\/skaitytaknyga.lt\/wp-content\/uploads\/2025\/07\/Juoda-sirdis-1.webp","width":243,"height":398},{"@type":"BreadcrumbList","@id":"https:\/\/skaitytaknyga.lt\/produktas\/juoda-sirdis\/#breadcrumb","itemListElement":[{"@type":"ListItem","position":1,"name":"Home","item":"https:\/\/skaitytaknyga.lt\/"},{"@type":"ListItem","position":2,"name":"Parduotuv\u0117","item":"https:\/\/skaitytaknyga.lt\/knygu-parduotuve\/"},{"@type":"ListItem","position":3,"name":"Juoda \u0161irdis"}]},{"@type":"WebSite","@id":"https:\/\/skaitytaknyga.lt\/#website","url":"https:\/\/skaitytaknyga.lt\/","name":"skaitytaknyga.lt","description":"Skaitytaknyga.lt \u2013 tai ma\u017eas \u0161eimos verslas, kuris prasid\u0117jo nuo meil\u0117s knygoms ir siekio i\u0161gelb\u0117ti knygas nuo likimo prie konteinerio. Kas vienam nereikalingas daiktas \u2013 kitam lobis, o mes esame tarpininkai, kurie padeda abiems tapti laimingesniems ???? \u017dinome kaip nelengva i\u0161gyventi ma\u017eiems verslams, tad nuo \u0161iol, \u010dia rasite ir kit\u0173, ma\u017e\u0173 \u0161eim\u0173 versl\u0173, rank\u0173 darbo, dovan\u0173 sau ir artimiesiems.","publisher":{"@id":"https:\/\/skaitytaknyga.lt\/#organization"},"potentialAction":[{"@type":"SearchAction","target":{"@type":"EntryPoint","urlTemplate":"https:\/\/skaitytaknyga.lt\/?s={search_term_string}"},"query-input":{"@type":"PropertyValueSpecification","valueRequired":true,"valueName":"search_term_string"}}],"inLanguage":"en-GB"},{"@type":"Organization","@id":"https:\/\/skaitytaknyga.lt\/#organization","name":"skaitytaknyga.lt","url":"https:\/\/skaitytaknyga.lt\/","logo":{"@type":"ImageObject","inLanguage":"en-GB","@id":"https:\/\/skaitytaknyga.lt\/#\/schema\/logo\/image\/","url":"https:\/\/skaitytaknyga.lt\/wp-content\/uploads\/2024\/05\/cropped-cropped-cropped-02_00843_jt3bggkj1j3HLc7SyY6rEUpg.jpeg","contentUrl":"https:\/\/skaitytaknyga.lt\/wp-content\/uploads\/2024\/05\/cropped-cropped-cropped-02_00843_jt3bggkj1j3HLc7SyY6rEUpg.jpeg","width":1600,"height":1600,"caption":"skaitytaknyga.lt"},"image":{"@id":"https:\/\/skaitytaknyga.lt\/#\/schema\/logo\/image\/"},"sameAs":["https:\/\/www.facebook.com\/skaitytaknyga\/"]}]}},"_links":{"self":[{"href":"https:\/\/skaitytaknyga.lt\/en\/wp-json\/wp\/v2\/product\/19787","targetHints":{"allow":["GET"]}}],"collection":[{"href":"https:\/\/skaitytaknyga.lt\/en\/wp-json\/wp\/v2\/product"}],"about":[{"href":"https:\/\/skaitytaknyga.lt\/en\/wp-json\/wp\/v2\/types\/product"}],"replies":[{"embeddable":true,"href":"https:\/\/skaitytaknyga.lt\/en\/wp-json\/wp\/v2\/comments?post=19787"}],"wp:featuredmedia":[{"embeddable":true,"href":"https:\/\/skaitytaknyga.lt\/en\/wp-json\/wp\/v2\/media\/19792"}],"wp:attachment":[{"href":"https:\/\/skaitytaknyga.lt\/en\/wp-json\/wp\/v2\/media?parent=19787"}],"wp:term":[{"taxonomy":"product_brand","embeddable":true,"href":"https:\/\/skaitytaknyga.lt\/en\/wp-json\/wp\/v2\/product_brand?post=19787"},{"taxonomy":"product_cat","embeddable":true,"href":"https:\/\/skaitytaknyga.lt\/en\/wp-json\/wp\/v2\/product_cat?post=19787"},{"taxonomy":"product_tag","embeddable":true,"href":"https:\/\/skaitytaknyga.lt\/en\/wp-json\/wp\/v2\/product_tag?post=19787"}],"curies":[{"name":"wp","href":"https:\/\/api.w.org\/{rel}","templated":true}]}}