{"id":19785,"date":"2025-07-23T11:35:50","date_gmt":"2025-07-23T08:35:50","guid":{"rendered":"https:\/\/skaitytaknyga.lt\/?post_type=product&#038;p=19785"},"modified":"2026-03-05T13:25:22","modified_gmt":"2026-03-05T11:25:22","slug":"drugelio-namai","status":"publish","type":"product","link":"https:\/\/skaitytaknyga.lt\/en\/produktas\/drugelio-namai\/","title":{"rendered":"Drugelio namai"},"content":{"rendered":"<p>Tamsi\u0105 rudens nakt\u012f vienoje Kopenhagos ligonini\u0173 budinti slaugytoja pritraukia \u0161virk\u0161t\u0105 mirtinos vaist\u0173 doz\u0117s ir tyliai \u012feina \u012f senyvo paciento palat\u0105.<\/p>\n<p>Po \u0161e\u0161i\u0173 dien\u0173, lieting\u0105 spalio ryt\u0105 miesto centrin\u0117s gatv\u0117s fontane randamas buvusios psichiatrijos ligonin\u0117s darbuotojos k\u016bnas, nus\u0117tas keistomis simetri\u0161komis pjautin\u0117mis \u017eaizdomis. Policijos tyr\u0117jas Jep\u0117 Kiorneris i\u0161syk imasi tirti \u0161i\u0105 \u0161iurpi\u0105 byl\u0105: viena po kitos atsirandan\u010dios aukos nu\u017eudytos iki \u0161iol jam negird\u0117tu b\u016bdu \u2013 visi\u0161kai nuleid\u017eiant krauj\u0105. Jep\u0117 \u012fsitraukia \u012f sveikatos prie\u017ei\u016bros sistem\u0105, vedamas siaub\u0105 kelian\u010dio klausimo: ligonin\u0117s suteikia saug\u0173 prieglobst\u012f, ta\u010diau ar visomis jomis verta aklai pasitik\u0117ti?<\/p>\n<p>Tuo metu jo porinink\u0117 Anet\u0117 Verner i\u0161\u0117jusi gimdymo atostog\u0173. Ji bando pratintis motinyst\u0119, ta\u010diau nepaj\u0117gia lengvai palikti policijos tyr\u0117jos vaidmens. Anet\u0117 nusprend\u017eia sudalyvauti Jep\u0117s tyrime i\u0161 \u0161alies, n\u0117 nenujausdama jos tykan\u010dio pavojaus&#8230;<\/p>\n","protected":false},"excerpt":{"rendered":"<p>Tamsi\u0105 rudens nakt\u012f vienoje Kopenhagos ligonini\u0173 budinti slaugytoja pritraukia \u0161virk\u0161t\u0105 mirtinos vaist\u0173 doz\u0117s ir tyliai \u012feina \u012f senyvo paciento palat\u0105. Po \u0161e\u0161i\u0173 dien\u0173, lieting\u0105 spalio ryt\u0105 miesto centrin\u0117s gatv\u0117s fontane randamas buvusios psichiatrijos ligonin\u0117s darbuotojos k\u016bnas, nus\u0117tas keistomis simetri\u0161komis pjautin\u0117mis \u017eaizdomis. Policijos tyr\u0117jas Jep\u0117 Kiorneris i\u0161syk imasi tirti \u0161i\u0105 \u0161iurpi\u0105 byl\u0105: viena po kitos atsirandan\u010dios aukos nu\u017eudytos iki \u0161iol jam negird\u0117tu b\u016bdu \u2013 visi\u0161kai nuleid\u017eiant krauj\u0105. Jep\u0117 \u012fsitraukia \u012f sveikatos prie\u017ei\u016bros sistem\u0105, vedamas siaub\u0105 kelian\u010dio klausimo: ligonin\u0117s suteikia saug\u0173 prieglobst\u012f, ta\u010diau ar visomis jomis verta aklai pasitik\u0117ti? Tuo metu jo porinink\u0117 Anet\u0117 Verner i\u0161\u0117jusi gimdymo atostog\u0173. Ji bando pratintis motinyst\u0119, ta\u010diau nepaj\u0117gia lengvai palikti policijos tyr\u0117jos vaidmens. Anet\u0117 nusprend\u017eia sudalyvauti Jep\u0117s tyrime i\u0161 \u0161alies, n\u0117 nenujausdama jos tykan\u010dio pavojaus&#8230;<\/p>\n","protected":false},"featured_media":19790,"comment_status":"open","ping_status":"closed","template":"","meta":{"_acf_changed":false,"site-sidebar-layout":"default","site-content-layout":"","ast-site-content-layout":"default","site-content-style":"default","site-sidebar-style":"default","ast-global-header-display":"","ast-banner-title-visibility":"","ast-main-header-display":"","ast-hfb-above-header-display":"","ast-hfb-below-header-display":"","ast-hfb-mobile-header-display":"","site-post-title":"","ast-breadcrumbs-content":"","ast-featured-img":"","footer-sml-layout":"","ast-disable-related-posts":"","theme-transparent-header-meta":"","adv-header-id-meta":"","stick-header-meta":"","header-above-stick-meta":"","header-main-stick-meta":"","header-below-stick-meta":"","astra-migrate-meta-layouts":"default","ast-page-background-enabled":"default","ast-page-background-meta":{"desktop":{"background-color":"","background-image":"","background-repeat":"repeat","background-position":"center center","background-size":"auto","background-attachment":"scroll","background-type":"","background-media":"","overlay-type":"","overlay-color":"","overlay-opacity":"","overlay-gradient":""},"tablet":{"background-color":"","background-image":"","background-repeat":"repeat","background-position":"center center","background-size":"auto","background-attachment":"scroll","background-type":"","background-media":"","overlay-type":"","overlay-color":"","overlay-opacity":"","overlay-gradient":""},"mobile":{"background-color":"","background-image":"","background-repeat":"repeat","background-position":"center center","background-size":"auto","background-attachment":"scroll","background-type":"","background-media":"","overlay-type":"","overlay-color":"","overlay-opacity":"","overlay-gradient":""}},"ast-content-background-meta":{"desktop":{"background-color":"var(--ast-global-color-4)","background-image":"","background-repeat":"repeat","background-position":"center center","background-size":"auto","background-attachment":"scroll","background-type":"","background-media":"","overlay-type":"","overlay-color":"","overlay-opacity":"","overlay-gradient":""},"tablet":{"background-color":"var(--ast-global-color-4)","background-image":"","background-repeat":"repeat","background-position":"center center","background-size":"auto","background-attachment":"scroll","background-type":"","background-media":"","overlay-type":"","overlay-color":"","overlay-opacity":"","overlay-gradient":""},"mobile":{"background-color":"var(--ast-global-color-4)","background-image":"","background-repeat":"repeat","background-position":"center center","background-size":"auto","background-attachment":"scroll","background-type":"","background-media":"","overlay-type":"","overlay-color":"","overlay-opacity":"","overlay-gradient":""}}},"product_brand":[],"product_cat":[9581],"product_tag":[1476,6663,6664,6665,3481],"class_list":{"0":"post-19785","1":"product","2":"type-product","3":"status-publish","4":"has-post-thumbnail","6":"product_cat-kriminaliniai-romanai","7":"product_tag-detektyvas","8":"product_tag-katrine-engberg","9":"product_tag-kopenhaga","10":"product_tag-kraupi-zmogzudyste","11":"product_tag-ligonine","12":"desktop-align-left","13":"tablet-align-left","14":"mobile-align-left","16":"first","17":"instock","18":"shipping-taxable","19":"purchasable","20":"product-type-simple"},"acf":[],"yoast_head":"<!-- This site is optimized with the Yoast SEO plugin v27.0 - https:\/\/yoast.com\/product\/yoast-seo-wordpress\/ -->\n<title>Drugelio namai<\/title>\n<meta name=\"description\" content=\"Tamsi\u0105 rudens nakt\u012f vienoje Kopenhagos ligonini\u0173 budinti slaugytoja pritraukia \u0161virk\u0161t\u0105 mirtinos vaist\u0173 doz\u0117s ir tyliai \u012feina \u012f senyvo paciento palat\u0105. Po\" \/>\n<meta name=\"robots\" content=\"index, follow, max-snippet:-1, max-image-preview:large, max-video-preview:-1\" \/>\n<link rel=\"canonical\" href=\"https:\/\/skaitytaknyga.lt\/en\/produktas\/drugelio-namai\/\" \/>\n<meta property=\"og:locale\" content=\"en_GB\" \/>\n<meta property=\"og:locale:alternate\" content=\"lt_LT\" \/>\n<meta property=\"og:type\" content=\"article\" \/>\n<meta property=\"og:title\" content=\"Drugelio namai\" \/>\n<meta property=\"og:description\" content=\"Tamsi\u0105 rudens nakt\u012f vienoje Kopenhagos ligonini\u0173 budinti slaugytoja pritraukia \u0161virk\u0161t\u0105 mirtinos vaist\u0173 doz\u0117s ir tyliai \u012feina \u012f senyvo paciento palat\u0105. Po\" \/>\n<meta property=\"og:url\" content=\"https:\/\/skaitytaknyga.lt\/en\/produktas\/drugelio-namai\/\" \/>\n<meta property=\"og:site_name\" content=\"Skaitytaknyga\" \/>\n<meta property=\"article:publisher\" content=\"https:\/\/www.facebook.com\/skaitytaknyga\/\" \/>\n<meta property=\"article:modified_time\" content=\"2026-03-05T11:25:22+00:00\" \/>\n<meta property=\"og:image\" content=\"https:\/\/skaitytaknyga.lt\/wp-content\/uploads\/2025\/07\/Drugelio-namai-1.webp\" \/>\n\t<meta property=\"og:image:width\" content=\"450\" \/>\n\t<meta property=\"og:image:height\" content=\"652\" \/>\n\t<meta property=\"og:image:type\" content=\"image\/webp\" \/>\n<meta name=\"twitter:card\" content=\"summary_large_image\" \/>\n<meta name=\"twitter:label1\" content=\"Estimated reading time\" \/>\n\t<meta name=\"twitter:data1\" content=\"1 minute\" \/>\n<script type=\"application\/ld+json\" class=\"yoast-schema-graph\">{\"@context\":\"https:\/\/schema.org\",\"@graph\":[{\"@type\":\"WebPage\",\"@id\":\"https:\/\/skaitytaknyga.lt\/produktas\/drugelio-namai\/\",\"url\":\"https:\/\/skaitytaknyga.lt\/produktas\/drugelio-namai\/\",\"name\":\"Drugelio namai\",\"isPartOf\":{\"@id\":\"https:\/\/skaitytaknyga.lt\/#website\"},\"primaryImageOfPage\":{\"@id\":\"https:\/\/skaitytaknyga.lt\/produktas\/drugelio-namai\/#primaryimage\"},\"image\":{\"@id\":\"https:\/\/skaitytaknyga.lt\/produktas\/drugelio-namai\/#primaryimage\"},\"thumbnailUrl\":\"https:\/\/skaitytaknyga.lt\/wp-content\/uploads\/2025\/07\/Drugelio-namai-1.webp\",\"datePublished\":\"2025-07-23T08:35:50+00:00\",\"dateModified\":\"2026-03-05T11:25:22+00:00\",\"description\":\"Tamsi\u0105 rudens nakt\u012f vienoje Kopenhagos ligonini\u0173 budinti slaugytoja pritraukia \u0161virk\u0161t\u0105 mirtinos vaist\u0173 doz\u0117s ir tyliai \u012feina \u012f senyvo paciento palat\u0105. Po\",\"breadcrumb\":{\"@id\":\"https:\/\/skaitytaknyga.lt\/produktas\/drugelio-namai\/#breadcrumb\"},\"inLanguage\":\"en-GB\",\"potentialAction\":[{\"@type\":\"ReadAction\",\"target\":[\"https:\/\/skaitytaknyga.lt\/produktas\/drugelio-namai\/\"]}]},{\"@type\":\"ImageObject\",\"inLanguage\":\"en-GB\",\"@id\":\"https:\/\/skaitytaknyga.lt\/produktas\/drugelio-namai\/#primaryimage\",\"url\":\"https:\/\/skaitytaknyga.lt\/wp-content\/uploads\/2025\/07\/Drugelio-namai-1.webp\",\"contentUrl\":\"https:\/\/skaitytaknyga.lt\/wp-content\/uploads\/2025\/07\/Drugelio-namai-1.webp\",\"width\":450,\"height\":652},{\"@type\":\"BreadcrumbList\",\"@id\":\"https:\/\/skaitytaknyga.lt\/produktas\/drugelio-namai\/#breadcrumb\",\"itemListElement\":[{\"@type\":\"ListItem\",\"position\":1,\"name\":\"Home\",\"item\":\"https:\/\/skaitytaknyga.lt\/\"},{\"@type\":\"ListItem\",\"position\":2,\"name\":\"Parduotuv\u0117\",\"item\":\"https:\/\/skaitytaknyga.lt\/knygu-parduotuve\/\"},{\"@type\":\"ListItem\",\"position\":3,\"name\":\"Drugelio namai\"}]},{\"@type\":\"WebSite\",\"@id\":\"https:\/\/skaitytaknyga.lt\/#website\",\"url\":\"https:\/\/skaitytaknyga.lt\/\",\"name\":\"skaitytaknyga.lt\",\"description\":\"Skaitytaknyga.lt \u2013 tai ma\u017eas \u0161eimos verslas, kuris prasid\u0117jo nuo meil\u0117s knygoms ir siekio i\u0161gelb\u0117ti knygas nuo likimo prie konteinerio. Kas vienam nereikalingas daiktas \u2013 kitam lobis, o mes esame tarpininkai, kurie padeda abiems tapti laimingesniems ???? \u017dinome kaip nelengva i\u0161gyventi ma\u017eiems verslams, tad nuo \u0161iol, \u010dia rasite ir kit\u0173, ma\u017e\u0173 \u0161eim\u0173 versl\u0173, rank\u0173 darbo, dovan\u0173 sau ir artimiesiems.\",\"publisher\":{\"@id\":\"https:\/\/skaitytaknyga.lt\/#organization\"},\"potentialAction\":[{\"@type\":\"SearchAction\",\"target\":{\"@type\":\"EntryPoint\",\"urlTemplate\":\"https:\/\/skaitytaknyga.lt\/?s={search_term_string}\"},\"query-input\":{\"@type\":\"PropertyValueSpecification\",\"valueRequired\":true,\"valueName\":\"search_term_string\"}}],\"inLanguage\":\"en-GB\"},{\"@type\":\"Organization\",\"@id\":\"https:\/\/skaitytaknyga.lt\/#organization\",\"name\":\"skaitytaknyga.lt\",\"url\":\"https:\/\/skaitytaknyga.lt\/\",\"logo\":{\"@type\":\"ImageObject\",\"inLanguage\":\"en-GB\",\"@id\":\"https:\/\/skaitytaknyga.lt\/#\/schema\/logo\/image\/\",\"url\":\"https:\/\/skaitytaknyga.lt\/wp-content\/uploads\/2024\/05\/cropped-cropped-cropped-02_00843_jt3bggkj1j3HLc7SyY6rEUpg.jpeg\",\"contentUrl\":\"https:\/\/skaitytaknyga.lt\/wp-content\/uploads\/2024\/05\/cropped-cropped-cropped-02_00843_jt3bggkj1j3HLc7SyY6rEUpg.jpeg\",\"width\":1600,\"height\":1600,\"caption\":\"skaitytaknyga.lt\"},\"image\":{\"@id\":\"https:\/\/skaitytaknyga.lt\/#\/schema\/logo\/image\/\"},\"sameAs\":[\"https:\/\/www.facebook.com\/skaitytaknyga\/\"]}]}<\/script>\n<!-- \/ Yoast SEO plugin. -->","yoast_head_json":{"title":"Drugelio namai","description":"Tamsi\u0105 rudens nakt\u012f vienoje Kopenhagos ligonini\u0173 budinti slaugytoja pritraukia \u0161virk\u0161t\u0105 mirtinos vaist\u0173 doz\u0117s ir tyliai \u012feina \u012f senyvo paciento palat\u0105. Po","robots":{"index":"index","follow":"follow","max-snippet":"max-snippet:-1","max-image-preview":"max-image-preview:large","max-video-preview":"max-video-preview:-1"},"canonical":"https:\/\/skaitytaknyga.lt\/en\/produktas\/drugelio-namai\/","og_locale":"en_GB","og_type":"article","og_title":"[:lt]Drugelio namai[:] - Skaitytaknyga","og_description":"Tamsi\u0105 rudens nakt\u012f vienoje Kopenhagos ligonini\u0173 budinti slaugytoja pritraukia \u0161virk\u0161t\u0105 mirtinos vaist\u0173 doz\u0117s ir tyliai \u012feina \u012f senyvo paciento palat\u0105. Po","og_url":"https:\/\/skaitytaknyga.lt\/en\/produktas\/drugelio-namai\/","og_site_name":"Skaitytaknyga","article_publisher":"https:\/\/www.facebook.com\/skaitytaknyga\/","article_modified_time":"2026-03-05T11:25:22+00:00","og_image":[{"width":450,"height":652,"url":"https:\/\/skaitytaknyga.lt\/wp-content\/uploads\/2025\/07\/Drugelio-namai-1.webp","type":"image\/webp"}],"twitter_card":"summary_large_image","twitter_misc":{"Estimated reading time":"1 minute"},"schema":{"@context":"https:\/\/schema.org","@graph":[{"@type":"WebPage","@id":"https:\/\/skaitytaknyga.lt\/produktas\/drugelio-namai\/","url":"https:\/\/skaitytaknyga.lt\/produktas\/drugelio-namai\/","name":"Drugelio namai","isPartOf":{"@id":"https:\/\/skaitytaknyga.lt\/#website"},"primaryImageOfPage":{"@id":"https:\/\/skaitytaknyga.lt\/produktas\/drugelio-namai\/#primaryimage"},"image":{"@id":"https:\/\/skaitytaknyga.lt\/produktas\/drugelio-namai\/#primaryimage"},"thumbnailUrl":"https:\/\/skaitytaknyga.lt\/wp-content\/uploads\/2025\/07\/Drugelio-namai-1.webp","datePublished":"2025-07-23T08:35:50+00:00","dateModified":"2026-03-05T11:25:22+00:00","description":"Tamsi\u0105 rudens nakt\u012f vienoje Kopenhagos ligonini\u0173 budinti slaugytoja pritraukia \u0161virk\u0161t\u0105 mirtinos vaist\u0173 doz\u0117s ir tyliai \u012feina \u012f senyvo paciento palat\u0105. Po","breadcrumb":{"@id":"https:\/\/skaitytaknyga.lt\/produktas\/drugelio-namai\/#breadcrumb"},"inLanguage":"en-GB","potentialAction":[{"@type":"ReadAction","target":["https:\/\/skaitytaknyga.lt\/produktas\/drugelio-namai\/"]}]},{"@type":"ImageObject","inLanguage":"en-GB","@id":"https:\/\/skaitytaknyga.lt\/produktas\/drugelio-namai\/#primaryimage","url":"https:\/\/skaitytaknyga.lt\/wp-content\/uploads\/2025\/07\/Drugelio-namai-1.webp","contentUrl":"https:\/\/skaitytaknyga.lt\/wp-content\/uploads\/2025\/07\/Drugelio-namai-1.webp","width":450,"height":652},{"@type":"BreadcrumbList","@id":"https:\/\/skaitytaknyga.lt\/produktas\/drugelio-namai\/#breadcrumb","itemListElement":[{"@type":"ListItem","position":1,"name":"Home","item":"https:\/\/skaitytaknyga.lt\/"},{"@type":"ListItem","position":2,"name":"Parduotuv\u0117","item":"https:\/\/skaitytaknyga.lt\/knygu-parduotuve\/"},{"@type":"ListItem","position":3,"name":"Drugelio namai"}]},{"@type":"WebSite","@id":"https:\/\/skaitytaknyga.lt\/#website","url":"https:\/\/skaitytaknyga.lt\/","name":"skaitytaknyga.lt","description":"Skaitytaknyga.lt \u2013 tai ma\u017eas \u0161eimos verslas, kuris prasid\u0117jo nuo meil\u0117s knygoms ir siekio i\u0161gelb\u0117ti knygas nuo likimo prie konteinerio. Kas vienam nereikalingas daiktas \u2013 kitam lobis, o mes esame tarpininkai, kurie padeda abiems tapti laimingesniems ???? \u017dinome kaip nelengva i\u0161gyventi ma\u017eiems verslams, tad nuo \u0161iol, \u010dia rasite ir kit\u0173, ma\u017e\u0173 \u0161eim\u0173 versl\u0173, rank\u0173 darbo, dovan\u0173 sau ir artimiesiems.","publisher":{"@id":"https:\/\/skaitytaknyga.lt\/#organization"},"potentialAction":[{"@type":"SearchAction","target":{"@type":"EntryPoint","urlTemplate":"https:\/\/skaitytaknyga.lt\/?s={search_term_string}"},"query-input":{"@type":"PropertyValueSpecification","valueRequired":true,"valueName":"search_term_string"}}],"inLanguage":"en-GB"},{"@type":"Organization","@id":"https:\/\/skaitytaknyga.lt\/#organization","name":"skaitytaknyga.lt","url":"https:\/\/skaitytaknyga.lt\/","logo":{"@type":"ImageObject","inLanguage":"en-GB","@id":"https:\/\/skaitytaknyga.lt\/#\/schema\/logo\/image\/","url":"https:\/\/skaitytaknyga.lt\/wp-content\/uploads\/2024\/05\/cropped-cropped-cropped-02_00843_jt3bggkj1j3HLc7SyY6rEUpg.jpeg","contentUrl":"https:\/\/skaitytaknyga.lt\/wp-content\/uploads\/2024\/05\/cropped-cropped-cropped-02_00843_jt3bggkj1j3HLc7SyY6rEUpg.jpeg","width":1600,"height":1600,"caption":"skaitytaknyga.lt"},"image":{"@id":"https:\/\/skaitytaknyga.lt\/#\/schema\/logo\/image\/"},"sameAs":["https:\/\/www.facebook.com\/skaitytaknyga\/"]}]}},"_links":{"self":[{"href":"https:\/\/skaitytaknyga.lt\/en\/wp-json\/wp\/v2\/product\/19785","targetHints":{"allow":["GET"]}}],"collection":[{"href":"https:\/\/skaitytaknyga.lt\/en\/wp-json\/wp\/v2\/product"}],"about":[{"href":"https:\/\/skaitytaknyga.lt\/en\/wp-json\/wp\/v2\/types\/product"}],"replies":[{"embeddable":true,"href":"https:\/\/skaitytaknyga.lt\/en\/wp-json\/wp\/v2\/comments?post=19785"}],"wp:featuredmedia":[{"embeddable":true,"href":"https:\/\/skaitytaknyga.lt\/en\/wp-json\/wp\/v2\/media\/19790"}],"wp:attachment":[{"href":"https:\/\/skaitytaknyga.lt\/en\/wp-json\/wp\/v2\/media?parent=19785"}],"wp:term":[{"taxonomy":"product_brand","embeddable":true,"href":"https:\/\/skaitytaknyga.lt\/en\/wp-json\/wp\/v2\/product_brand?post=19785"},{"taxonomy":"product_cat","embeddable":true,"href":"https:\/\/skaitytaknyga.lt\/en\/wp-json\/wp\/v2\/product_cat?post=19785"},{"taxonomy":"product_tag","embeddable":true,"href":"https:\/\/skaitytaknyga.lt\/en\/wp-json\/wp\/v2\/product_tag?post=19785"}],"curies":[{"name":"wp","href":"https:\/\/api.w.org\/{rel}","templated":true}]}}