{"id":19779,"date":"2025-07-23T09:31:43","date_gmt":"2025-07-23T06:31:43","guid":{"rendered":"https:\/\/skaitytaknyga.lt\/?post_type=product&#038;p=19779"},"modified":"2026-03-05T11:59:17","modified_gmt":"2026-03-05T09:59:17","slug":"tobuli-palaikai","status":"publish","type":"product","link":"https:\/\/skaitytaknyga.lt\/en\/produktas\/tobuli-palaikai\/","title":{"rendered":"Tobuli palaikai"},"content":{"rendered":"<p>Pirmiausia jas pagrobia&#8230;<br \/>\nTada jas palau\u017eia&#8230;<\/p>\n<p>Nuo\u0161alioje akmenin\u0117je trobel\u0117je Hailando kalnuose dega Elenos Bakston k\u016bnas. Gerbiamos teisinink\u0117s tapatyb\u0119 nustatys tik i\u0161 keli\u0173 dant\u0173 ir drabu\u017eio skiautel\u0117s.<\/p>\n<p>O Edinburge viename name slaptame kambar\u0117lyje tamsoje klykia tikroji Elena Bakston&#8230;<\/p>\n<p>Vos sp\u0117jusiam \u012f\u017eengti \u012f savo kabinet\u0105 naujoje darboviet\u0117je detektyvui inspektoriui Lukui Kalanakui patiki tirti Elenos Bakston byl\u0105, kuri i\u0161 dingusio asmens bylos netrukus perkvalifikuojama \u012f \u017emog\u017eudyst\u0117s. Interpole \u017elugus \u012fsp\u016bdingai karjerai, Kalanakas savo komandai trok\u0161ta \u012frodyti, kad be problem\u0173 susitvarkys su atsakingomis pareigomis. Bet detektyvas netrukus pamato, kad Edinburgas \u2014 tai ne Lionas, i\u0161 kurio k\u0105 tik atvyko, o Elenos \u017eudiko plika ranka nepagausi.<\/p>\n<p>Neilgai trukus prie pat nam\u0173 pagrobiama dar viena gerbiama moteris, bendruomen\u0117s mylima pastor\u0117, ir Kalanakas suvokia, jog i\u0161gelb\u0117ti jos gyvyb\u0119 laiko lieka vis ma\u017eiau. Ir jis n\u0117 ne\u012ftaria, kad tikroji moter\u0173 lemtis kur kas klaikesn\u0117, negu kas nors \u012fsivaizdavo.<\/p>\n<p>Jei patinka Angelos Marsons, Lisos Gardner ir Patricios Gibney detektyvai, tikrai pasim\u0117gausite \u0161ia \u0161iurpinan\u010dia kelione \u012f \u017eudiko proto gelmes.<\/p>\n","protected":false},"excerpt":{"rendered":"<p>Pirmiausia jas pagrobia&#8230; Tada jas palau\u017eia&#8230; Nuo\u0161alioje akmenin\u0117je trobel\u0117je Hailando kalnuose dega Elenos Bakston k\u016bnas. Gerbiamos teisinink\u0117s tapatyb\u0119 nustatys tik i\u0161 keli\u0173 dant\u0173 ir drabu\u017eio skiautel\u0117s. O Edinburge viename name slaptame kambar\u0117lyje tamsoje klykia tikroji Elena Bakston&#8230; Vos sp\u0117jusiam \u012f\u017eengti \u012f savo kabinet\u0105 naujoje darboviet\u0117je detektyvui inspektoriui Lukui Kalanakui patiki tirti Elenos Bakston byl\u0105, kuri i\u0161 dingusio asmens bylos netrukus perkvalifikuojama \u012f \u017emog\u017eudyst\u0117s. Interpole \u017elugus \u012fsp\u016bdingai karjerai, Kalanakas savo komandai trok\u0161ta \u012frodyti, kad be problem\u0173 susitvarkys su atsakingomis pareigomis. Bet detektyvas netrukus pamato, kad Edinburgas \u2014 tai ne Lionas, i\u0161 kurio k\u0105 tik atvyko, o Elenos \u017eudiko plika ranka nepagausi. Neilgai trukus prie pat nam\u0173 pagrobiama dar viena gerbiama moteris, bendruomen\u0117s mylima pastor\u0117, ir Kalanakas suvokia, jog i\u0161gelb\u0117ti jos gyvyb\u0119 laiko lieka vis ma\u017eiau. Ir jis n\u0117 ne\u012ftaria, kad tikroji moter\u0173 lemtis kur kas klaikesn\u0117, negu kas nors \u012fsivaizdavo. Jei patinka Angelos Marsons, Lisos Gardner ir Patricios Gibney detektyvai, tikrai pasim\u0117gausite \u0161ia \u0161iurpinan\u010dia kelione \u012f \u017eudiko proto gelmes.<\/p>\n","protected":false},"featured_media":19784,"comment_status":"open","ping_status":"closed","template":"","meta":{"_acf_changed":false,"site-sidebar-layout":"default","site-content-layout":"","ast-site-content-layout":"default","site-content-style":"default","site-sidebar-style":"default","ast-global-header-display":"","ast-banner-title-visibility":"","ast-main-header-display":"","ast-hfb-above-header-display":"","ast-hfb-below-header-display":"","ast-hfb-mobile-header-display":"","site-post-title":"","ast-breadcrumbs-content":"","ast-featured-img":"","footer-sml-layout":"","ast-disable-related-posts":"","theme-transparent-header-meta":"","adv-header-id-meta":"","stick-header-meta":"","header-above-stick-meta":"","header-main-stick-meta":"","header-below-stick-meta":"","astra-migrate-meta-layouts":"default","ast-page-background-enabled":"default","ast-page-background-meta":{"desktop":{"background-color":"","background-image":"","background-repeat":"repeat","background-position":"center center","background-size":"auto","background-attachment":"scroll","background-type":"","background-media":"","overlay-type":"","overlay-color":"","overlay-opacity":"","overlay-gradient":""},"tablet":{"background-color":"","background-image":"","background-repeat":"repeat","background-position":"center center","background-size":"auto","background-attachment":"scroll","background-type":"","background-media":"","overlay-type":"","overlay-color":"","overlay-opacity":"","overlay-gradient":""},"mobile":{"background-color":"","background-image":"","background-repeat":"repeat","background-position":"center center","background-size":"auto","background-attachment":"scroll","background-type":"","background-media":"","overlay-type":"","overlay-color":"","overlay-opacity":"","overlay-gradient":""}},"ast-content-background-meta":{"desktop":{"background-color":"var(--ast-global-color-4)","background-image":"","background-repeat":"repeat","background-position":"center center","background-size":"auto","background-attachment":"scroll","background-type":"","background-media":"","overlay-type":"","overlay-color":"","overlay-opacity":"","overlay-gradient":""},"tablet":{"background-color":"var(--ast-global-color-4)","background-image":"","background-repeat":"repeat","background-position":"center center","background-size":"auto","background-attachment":"scroll","background-type":"","background-media":"","overlay-type":"","overlay-color":"","overlay-opacity":"","overlay-gradient":""},"mobile":{"background-color":"var(--ast-global-color-4)","background-image":"","background-repeat":"repeat","background-position":"center center","background-size":"auto","background-attachment":"scroll","background-type":"","background-media":"","overlay-type":"","overlay-color":"","overlay-opacity":"","overlay-gradient":""}}},"product_brand":[],"product_cat":[9581],"product_tag":[6662,6661,6660,6658,6659,6656,1587],"class_list":{"0":"post-19779","1":"product","2":"type-product","3":"status-publish","4":"has-post-thumbnail","6":"product_cat-kriminaliniai-romanai","7":"product_tag-autore-helen-fields","8":"product_tag-detektyvas-kalanakas","9":"product_tag-edinburgas","10":"product_tag-helen-fields","11":"product_tag-moteru-zudikas","12":"product_tag-pagrobimas","13":"product_tag-trileris","14":"desktop-align-left","15":"tablet-align-left","16":"mobile-align-left","18":"first","19":"outofstock","20":"shipping-taxable","21":"purchasable","22":"product-type-simple"},"acf":[],"yoast_head":"<!-- This site is optimized with the Yoast SEO plugin v27.0 - https:\/\/yoast.com\/product\/yoast-seo-wordpress\/ -->\n<title>Tobuli palaikai<\/title>\n<meta name=\"description\" content=\"Pirmiausia jas pagrobia... Tada jas palau\u017eia... Nuo\u0161alioje akmenin\u0117je trobel\u0117je Hailando kalnuose dega Elenos Bakston k\u016bnas. Gerbiamos teisinink\u0117s\" \/>\n<meta name=\"robots\" content=\"index, follow, max-snippet:-1, max-image-preview:large, max-video-preview:-1\" \/>\n<link rel=\"canonical\" href=\"https:\/\/skaitytaknyga.lt\/en\/produktas\/tobuli-palaikai\/\" \/>\n<meta property=\"og:locale\" content=\"en_GB\" \/>\n<meta property=\"og:locale:alternate\" content=\"lt_LT\" \/>\n<meta property=\"og:type\" content=\"article\" \/>\n<meta property=\"og:title\" content=\"Tobuli palaikai\" \/>\n<meta property=\"og:description\" content=\"Pirmiausia jas pagrobia... Tada jas palau\u017eia... Nuo\u0161alioje akmenin\u0117je trobel\u0117je Hailando kalnuose dega Elenos Bakston k\u016bnas. Gerbiamos teisinink\u0117s\" \/>\n<meta property=\"og:url\" content=\"https:\/\/skaitytaknyga.lt\/en\/produktas\/tobuli-palaikai\/\" \/>\n<meta property=\"og:site_name\" content=\"Skaitytaknyga\" \/>\n<meta property=\"article:publisher\" content=\"https:\/\/www.facebook.com\/skaitytaknyga\/\" \/>\n<meta property=\"article:modified_time\" content=\"2026-03-05T09:59:17+00:00\" \/>\n<meta property=\"og:image\" content=\"https:\/\/skaitytaknyga.lt\/wp-content\/uploads\/2025\/07\/Tobuli-palaikai-1.webp\" \/>\n\t<meta property=\"og:image:width\" content=\"527\" \/>\n\t<meta property=\"og:image:height\" content=\"801\" \/>\n\t<meta property=\"og:image:type\" content=\"image\/webp\" \/>\n<meta name=\"twitter:card\" content=\"summary_large_image\" \/>\n<meta name=\"twitter:label1\" content=\"Estimated reading time\" \/>\n\t<meta name=\"twitter:data1\" content=\"1 minute\" \/>\n<script type=\"application\/ld+json\" class=\"yoast-schema-graph\">{\"@context\":\"https:\/\/schema.org\",\"@graph\":[{\"@type\":\"WebPage\",\"@id\":\"https:\/\/skaitytaknyga.lt\/produktas\/tobuli-palaikai\/\",\"url\":\"https:\/\/skaitytaknyga.lt\/produktas\/tobuli-palaikai\/\",\"name\":\"Tobuli palaikai\",\"isPartOf\":{\"@id\":\"https:\/\/skaitytaknyga.lt\/#website\"},\"primaryImageOfPage\":{\"@id\":\"https:\/\/skaitytaknyga.lt\/produktas\/tobuli-palaikai\/#primaryimage\"},\"image\":{\"@id\":\"https:\/\/skaitytaknyga.lt\/produktas\/tobuli-palaikai\/#primaryimage\"},\"thumbnailUrl\":\"https:\/\/skaitytaknyga.lt\/wp-content\/uploads\/2025\/07\/Tobuli-palaikai-1.webp\",\"datePublished\":\"2025-07-23T06:31:43+00:00\",\"dateModified\":\"2026-03-05T09:59:17+00:00\",\"description\":\"Pirmiausia jas pagrobia... Tada jas palau\u017eia... Nuo\u0161alioje akmenin\u0117je trobel\u0117je Hailando kalnuose dega Elenos Bakston k\u016bnas. Gerbiamos teisinink\u0117s\",\"breadcrumb\":{\"@id\":\"https:\/\/skaitytaknyga.lt\/produktas\/tobuli-palaikai\/#breadcrumb\"},\"inLanguage\":\"en-GB\",\"potentialAction\":[{\"@type\":\"ReadAction\",\"target\":[\"https:\/\/skaitytaknyga.lt\/produktas\/tobuli-palaikai\/\"]}]},{\"@type\":\"ImageObject\",\"inLanguage\":\"en-GB\",\"@id\":\"https:\/\/skaitytaknyga.lt\/produktas\/tobuli-palaikai\/#primaryimage\",\"url\":\"https:\/\/skaitytaknyga.lt\/wp-content\/uploads\/2025\/07\/Tobuli-palaikai-1.webp\",\"contentUrl\":\"https:\/\/skaitytaknyga.lt\/wp-content\/uploads\/2025\/07\/Tobuli-palaikai-1.webp\",\"width\":527,\"height\":801},{\"@type\":\"BreadcrumbList\",\"@id\":\"https:\/\/skaitytaknyga.lt\/produktas\/tobuli-palaikai\/#breadcrumb\",\"itemListElement\":[{\"@type\":\"ListItem\",\"position\":1,\"name\":\"Home\",\"item\":\"https:\/\/skaitytaknyga.lt\/\"},{\"@type\":\"ListItem\",\"position\":2,\"name\":\"Parduotuv\u0117\",\"item\":\"https:\/\/skaitytaknyga.lt\/knygu-parduotuve\/\"},{\"@type\":\"ListItem\",\"position\":3,\"name\":\"Tobuli palaikai\"}]},{\"@type\":\"WebSite\",\"@id\":\"https:\/\/skaitytaknyga.lt\/#website\",\"url\":\"https:\/\/skaitytaknyga.lt\/\",\"name\":\"skaitytaknyga.lt\",\"description\":\"Skaitytaknyga.lt \u2013 tai ma\u017eas \u0161eimos verslas, kuris prasid\u0117jo nuo meil\u0117s knygoms ir siekio i\u0161gelb\u0117ti knygas nuo likimo prie konteinerio. Kas vienam nereikalingas daiktas \u2013 kitam lobis, o mes esame tarpininkai, kurie padeda abiems tapti laimingesniems ???? \u017dinome kaip nelengva i\u0161gyventi ma\u017eiems verslams, tad nuo \u0161iol, \u010dia rasite ir kit\u0173, ma\u017e\u0173 \u0161eim\u0173 versl\u0173, rank\u0173 darbo, dovan\u0173 sau ir artimiesiems.\",\"publisher\":{\"@id\":\"https:\/\/skaitytaknyga.lt\/#organization\"},\"potentialAction\":[{\"@type\":\"SearchAction\",\"target\":{\"@type\":\"EntryPoint\",\"urlTemplate\":\"https:\/\/skaitytaknyga.lt\/?s={search_term_string}\"},\"query-input\":{\"@type\":\"PropertyValueSpecification\",\"valueRequired\":true,\"valueName\":\"search_term_string\"}}],\"inLanguage\":\"en-GB\"},{\"@type\":\"Organization\",\"@id\":\"https:\/\/skaitytaknyga.lt\/#organization\",\"name\":\"skaitytaknyga.lt\",\"url\":\"https:\/\/skaitytaknyga.lt\/\",\"logo\":{\"@type\":\"ImageObject\",\"inLanguage\":\"en-GB\",\"@id\":\"https:\/\/skaitytaknyga.lt\/#\/schema\/logo\/image\/\",\"url\":\"https:\/\/skaitytaknyga.lt\/wp-content\/uploads\/2024\/05\/cropped-cropped-cropped-02_00843_jt3bggkj1j3HLc7SyY6rEUpg.jpeg\",\"contentUrl\":\"https:\/\/skaitytaknyga.lt\/wp-content\/uploads\/2024\/05\/cropped-cropped-cropped-02_00843_jt3bggkj1j3HLc7SyY6rEUpg.jpeg\",\"width\":1600,\"height\":1600,\"caption\":\"skaitytaknyga.lt\"},\"image\":{\"@id\":\"https:\/\/skaitytaknyga.lt\/#\/schema\/logo\/image\/\"},\"sameAs\":[\"https:\/\/www.facebook.com\/skaitytaknyga\/\"]}]}<\/script>\n<!-- \/ Yoast SEO plugin. -->","yoast_head_json":{"title":"Tobuli palaikai","description":"Pirmiausia jas pagrobia... Tada jas palau\u017eia... Nuo\u0161alioje akmenin\u0117je trobel\u0117je Hailando kalnuose dega Elenos Bakston k\u016bnas. Gerbiamos teisinink\u0117s","robots":{"index":"index","follow":"follow","max-snippet":"max-snippet:-1","max-image-preview":"max-image-preview:large","max-video-preview":"max-video-preview:-1"},"canonical":"https:\/\/skaitytaknyga.lt\/en\/produktas\/tobuli-palaikai\/","og_locale":"en_GB","og_type":"article","og_title":"[:lt]Tobuli palaikai[:] - Skaitytaknyga","og_description":"Pirmiausia jas pagrobia... Tada jas palau\u017eia... Nuo\u0161alioje akmenin\u0117je trobel\u0117je Hailando kalnuose dega Elenos Bakston k\u016bnas. Gerbiamos teisinink\u0117s","og_url":"https:\/\/skaitytaknyga.lt\/en\/produktas\/tobuli-palaikai\/","og_site_name":"Skaitytaknyga","article_publisher":"https:\/\/www.facebook.com\/skaitytaknyga\/","article_modified_time":"2026-03-05T09:59:17+00:00","og_image":[{"width":527,"height":801,"url":"https:\/\/skaitytaknyga.lt\/wp-content\/uploads\/2025\/07\/Tobuli-palaikai-1.webp","type":"image\/webp"}],"twitter_card":"summary_large_image","twitter_misc":{"Estimated reading time":"1 minute"},"schema":{"@context":"https:\/\/schema.org","@graph":[{"@type":"WebPage","@id":"https:\/\/skaitytaknyga.lt\/produktas\/tobuli-palaikai\/","url":"https:\/\/skaitytaknyga.lt\/produktas\/tobuli-palaikai\/","name":"Tobuli palaikai","isPartOf":{"@id":"https:\/\/skaitytaknyga.lt\/#website"},"primaryImageOfPage":{"@id":"https:\/\/skaitytaknyga.lt\/produktas\/tobuli-palaikai\/#primaryimage"},"image":{"@id":"https:\/\/skaitytaknyga.lt\/produktas\/tobuli-palaikai\/#primaryimage"},"thumbnailUrl":"https:\/\/skaitytaknyga.lt\/wp-content\/uploads\/2025\/07\/Tobuli-palaikai-1.webp","datePublished":"2025-07-23T06:31:43+00:00","dateModified":"2026-03-05T09:59:17+00:00","description":"Pirmiausia jas pagrobia... Tada jas palau\u017eia... Nuo\u0161alioje akmenin\u0117je trobel\u0117je Hailando kalnuose dega Elenos Bakston k\u016bnas. Gerbiamos teisinink\u0117s","breadcrumb":{"@id":"https:\/\/skaitytaknyga.lt\/produktas\/tobuli-palaikai\/#breadcrumb"},"inLanguage":"en-GB","potentialAction":[{"@type":"ReadAction","target":["https:\/\/skaitytaknyga.lt\/produktas\/tobuli-palaikai\/"]}]},{"@type":"ImageObject","inLanguage":"en-GB","@id":"https:\/\/skaitytaknyga.lt\/produktas\/tobuli-palaikai\/#primaryimage","url":"https:\/\/skaitytaknyga.lt\/wp-content\/uploads\/2025\/07\/Tobuli-palaikai-1.webp","contentUrl":"https:\/\/skaitytaknyga.lt\/wp-content\/uploads\/2025\/07\/Tobuli-palaikai-1.webp","width":527,"height":801},{"@type":"BreadcrumbList","@id":"https:\/\/skaitytaknyga.lt\/produktas\/tobuli-palaikai\/#breadcrumb","itemListElement":[{"@type":"ListItem","position":1,"name":"Home","item":"https:\/\/skaitytaknyga.lt\/"},{"@type":"ListItem","position":2,"name":"Parduotuv\u0117","item":"https:\/\/skaitytaknyga.lt\/knygu-parduotuve\/"},{"@type":"ListItem","position":3,"name":"Tobuli palaikai"}]},{"@type":"WebSite","@id":"https:\/\/skaitytaknyga.lt\/#website","url":"https:\/\/skaitytaknyga.lt\/","name":"skaitytaknyga.lt","description":"Skaitytaknyga.lt \u2013 tai ma\u017eas \u0161eimos verslas, kuris prasid\u0117jo nuo meil\u0117s knygoms ir siekio i\u0161gelb\u0117ti knygas nuo likimo prie konteinerio. Kas vienam nereikalingas daiktas \u2013 kitam lobis, o mes esame tarpininkai, kurie padeda abiems tapti laimingesniems ???? \u017dinome kaip nelengva i\u0161gyventi ma\u017eiems verslams, tad nuo \u0161iol, \u010dia rasite ir kit\u0173, ma\u017e\u0173 \u0161eim\u0173 versl\u0173, rank\u0173 darbo, dovan\u0173 sau ir artimiesiems.","publisher":{"@id":"https:\/\/skaitytaknyga.lt\/#organization"},"potentialAction":[{"@type":"SearchAction","target":{"@type":"EntryPoint","urlTemplate":"https:\/\/skaitytaknyga.lt\/?s={search_term_string}"},"query-input":{"@type":"PropertyValueSpecification","valueRequired":true,"valueName":"search_term_string"}}],"inLanguage":"en-GB"},{"@type":"Organization","@id":"https:\/\/skaitytaknyga.lt\/#organization","name":"skaitytaknyga.lt","url":"https:\/\/skaitytaknyga.lt\/","logo":{"@type":"ImageObject","inLanguage":"en-GB","@id":"https:\/\/skaitytaknyga.lt\/#\/schema\/logo\/image\/","url":"https:\/\/skaitytaknyga.lt\/wp-content\/uploads\/2024\/05\/cropped-cropped-cropped-02_00843_jt3bggkj1j3HLc7SyY6rEUpg.jpeg","contentUrl":"https:\/\/skaitytaknyga.lt\/wp-content\/uploads\/2024\/05\/cropped-cropped-cropped-02_00843_jt3bggkj1j3HLc7SyY6rEUpg.jpeg","width":1600,"height":1600,"caption":"skaitytaknyga.lt"},"image":{"@id":"https:\/\/skaitytaknyga.lt\/#\/schema\/logo\/image\/"},"sameAs":["https:\/\/www.facebook.com\/skaitytaknyga\/"]}]}},"_links":{"self":[{"href":"https:\/\/skaitytaknyga.lt\/en\/wp-json\/wp\/v2\/product\/19779","targetHints":{"allow":["GET"]}}],"collection":[{"href":"https:\/\/skaitytaknyga.lt\/en\/wp-json\/wp\/v2\/product"}],"about":[{"href":"https:\/\/skaitytaknyga.lt\/en\/wp-json\/wp\/v2\/types\/product"}],"replies":[{"embeddable":true,"href":"https:\/\/skaitytaknyga.lt\/en\/wp-json\/wp\/v2\/comments?post=19779"}],"wp:featuredmedia":[{"embeddable":true,"href":"https:\/\/skaitytaknyga.lt\/en\/wp-json\/wp\/v2\/media\/19784"}],"wp:attachment":[{"href":"https:\/\/skaitytaknyga.lt\/en\/wp-json\/wp\/v2\/media?parent=19779"}],"wp:term":[{"taxonomy":"product_brand","embeddable":true,"href":"https:\/\/skaitytaknyga.lt\/en\/wp-json\/wp\/v2\/product_brand?post=19779"},{"taxonomy":"product_cat","embeddable":true,"href":"https:\/\/skaitytaknyga.lt\/en\/wp-json\/wp\/v2\/product_cat?post=19779"},{"taxonomy":"product_tag","embeddable":true,"href":"https:\/\/skaitytaknyga.lt\/en\/wp-json\/wp\/v2\/product_tag?post=19779"}],"curies":[{"name":"wp","href":"https:\/\/api.w.org\/{rel}","templated":true}]}}