{"id":19778,"date":"2025-07-23T09:31:43","date_gmt":"2025-07-23T06:31:43","guid":{"rendered":"https:\/\/skaitytaknyga.lt\/?post_type=product&#038;p=19778"},"modified":"2026-03-05T13:12:29","modified_gmt":"2026-03-05T11:12:29","slug":"geluonis","status":"publish","type":"product","link":"https:\/\/skaitytaknyga.lt\/en\/produktas\/geluonis\/","title":{"rendered":"Geluonis"},"content":{"rendered":"<p>D\u017eord\u0117 Benet ir \u0160o Kinardas susitiko nudrengtame provincijos u\u017ekampio bare. Ji \u2013 \u017eavinga ir seksuali verslinink\u0117. Jis \u2013 \u0161altakraujis samdomas \u017eudikas. Jo darbas \u2013 \u012fvykdyti mafijos boso Bilio Panelos u\u017esakym\u0105 ir nu\u017eudyti D\u017eord\u0119. Ta\u010diau \u0160o turi kitoki\u0173 plan\u0173. Vienu \u0161\u016bviu pa\u0161alin\u0119s i\u0161 \u017eaidimo savo partner\u012f jis pagrobia moter\u012f.<\/p>\n<p>M\u0117tydamas p\u0117dsakus \u0160o Kinardas pasislepia apleistoje pa\u0161i\u016br\u0117je, toli nuo civilizacijos. Jis tikisi palau\u017eti \u012fbaugint\u0105 mergin\u0105 ir i\u0161pe\u0161ti informacijos apie jos brol\u012f D\u017eo\u0161\u0105, pavogus\u012f i\u0161 nusikalt\u0117lio 30 milijon\u0173 doleri\u0173. D\u017eord\u0117 supranta, kad i\u0161vengti mirties gali tik pergudravusi savo pagrob\u0117j\u0105. Laiko atsargos nenumaldomai senka, o jiems ant kuln\u0173 mina ne tik mafijos bosas Panela, bet ir Federalinio tyrim\u0173 biuro agentai bei vietos policininkai.<\/p>\n<p>Siekdami savo tiksl\u0173 D\u017eord\u0117 ir \u0160o bla\u0161kosi painiame \u012ftampos, siaubo ir sunkiai tramdom\u0173 jausm\u0173 labirinte. \u0160iame \u017eaidime vienintel\u0117 klaida gali b\u016bti lemtinga, o kiekviena atskleista tiesa slepia dar didesn\u012f mel\u0105.<\/p>\n","protected":false},"excerpt":{"rendered":"<p>D\u017eord\u0117 Benet ir \u0160o Kinardas susitiko nudrengtame provincijos u\u017ekampio bare. Ji \u2013 \u017eavinga ir seksuali verslinink\u0117. Jis \u2013 \u0161altakraujis samdomas \u017eudikas. Jo darbas \u2013 \u012fvykdyti mafijos boso Bilio Panelos u\u017esakym\u0105 ir nu\u017eudyti D\u017eord\u0119. Ta\u010diau \u0160o turi kitoki\u0173 plan\u0173. Vienu \u0161\u016bviu pa\u0161alin\u0119s i\u0161 \u017eaidimo savo partner\u012f jis pagrobia moter\u012f. M\u0117tydamas p\u0117dsakus \u0160o Kinardas pasislepia apleistoje pa\u0161i\u016br\u0117je, toli nuo civilizacijos. Jis tikisi palau\u017eti \u012fbaugint\u0105 mergin\u0105 ir i\u0161pe\u0161ti informacijos apie jos brol\u012f D\u017eo\u0161\u0105, pavogus\u012f i\u0161 nusikalt\u0117lio 30 milijon\u0173 doleri\u0173. D\u017eord\u0117 supranta, kad i\u0161vengti mirties gali tik pergudravusi savo pagrob\u0117j\u0105. Laiko atsargos nenumaldomai senka, o jiems ant kuln\u0173 mina ne tik mafijos bosas Panela, bet ir Federalinio tyrim\u0173 biuro agentai bei vietos policininkai. Siekdami savo tiksl\u0173 D\u017eord\u0117 ir \u0160o bla\u0161kosi painiame \u012ftampos, siaubo ir sunkiai tramdom\u0173 jausm\u0173 labirinte. \u0160iame \u017eaidime vienintel\u0117 klaida gali b\u016bti lemtinga, o kiekviena atskleista tiesa slepia dar didesn\u012f mel\u0105.<\/p>\n","protected":false},"featured_media":19783,"comment_status":"open","ping_status":"closed","template":"","meta":{"_acf_changed":false,"site-sidebar-layout":"default","site-content-layout":"","ast-site-content-layout":"default","site-content-style":"default","site-sidebar-style":"default","ast-global-header-display":"","ast-banner-title-visibility":"","ast-main-header-display":"","ast-hfb-above-header-display":"","ast-hfb-below-header-display":"","ast-hfb-mobile-header-display":"","site-post-title":"","ast-breadcrumbs-content":"","ast-featured-img":"","footer-sml-layout":"","ast-disable-related-posts":"","theme-transparent-header-meta":"","adv-header-id-meta":"","stick-header-meta":"","header-above-stick-meta":"","header-main-stick-meta":"","header-below-stick-meta":"","astra-migrate-meta-layouts":"default","ast-page-background-enabled":"default","ast-page-background-meta":{"desktop":{"background-color":"","background-image":"","background-repeat":"repeat","background-position":"center center","background-size":"auto","background-attachment":"scroll","background-type":"","background-media":"","overlay-type":"","overlay-color":"","overlay-opacity":"","overlay-gradient":""},"tablet":{"background-color":"","background-image":"","background-repeat":"repeat","background-position":"center center","background-size":"auto","background-attachment":"scroll","background-type":"","background-media":"","overlay-type":"","overlay-color":"","overlay-opacity":"","overlay-gradient":""},"mobile":{"background-color":"","background-image":"","background-repeat":"repeat","background-position":"center center","background-size":"auto","background-attachment":"scroll","background-type":"","background-media":"","overlay-type":"","overlay-color":"","overlay-opacity":"","overlay-gradient":""}},"ast-content-background-meta":{"desktop":{"background-color":"var(--ast-global-color-4)","background-image":"","background-repeat":"repeat","background-position":"center center","background-size":"auto","background-attachment":"scroll","background-type":"","background-media":"","overlay-type":"","overlay-color":"","overlay-opacity":"","overlay-gradient":""},"tablet":{"background-color":"var(--ast-global-color-4)","background-image":"","background-repeat":"repeat","background-position":"center center","background-size":"auto","background-attachment":"scroll","background-type":"","background-media":"","overlay-type":"","overlay-color":"","overlay-opacity":"","overlay-gradient":""},"mobile":{"background-color":"var(--ast-global-color-4)","background-image":"","background-repeat":"repeat","background-position":"center center","background-size":"auto","background-attachment":"scroll","background-type":"","background-media":"","overlay-type":"","overlay-color":"","overlay-opacity":"","overlay-gradient":""}}},"product_brand":[],"product_cat":[9581],"product_tag":[6652,1590,1728,6656,6649,6657,1587],"class_list":{"0":"post-19778","1":"product","2":"type-product","3":"status-publish","4":"has-post-thumbnail","6":"product_cat-kriminaliniai-romanai","7":"product_tag-autore-sandra-brown","8":"product_tag-itampa","9":"product_tag-mafija","10":"product_tag-pagrobimas","11":"product_tag-sandra-brown","12":"product_tag-so-kinardas","13":"product_tag-trileris","14":"desktop-align-left","15":"tablet-align-left","16":"mobile-align-left","18":"first","19":"instock","20":"shipping-taxable","21":"purchasable","22":"product-type-simple"},"acf":[],"yoast_head":"<!-- This site is optimized with the Yoast SEO plugin v27.0 - https:\/\/yoast.com\/product\/yoast-seo-wordpress\/ -->\n<title>Geluonis<\/title>\n<meta name=\"description\" content=\"D\u017eord\u0117 Benet ir \u0160o Kinardas susitiko nudrengtame provincijos u\u017ekampio bare. Ji \u2013 \u017eavinga ir seksuali verslinink\u0117. Jis \u2013 \u0161altakraujis samdomas \u017eudikas. Jo\" \/>\n<meta name=\"robots\" content=\"index, follow, max-snippet:-1, max-image-preview:large, max-video-preview:-1\" \/>\n<link rel=\"canonical\" href=\"https:\/\/skaitytaknyga.lt\/en\/produktas\/geluonis\/\" \/>\n<meta property=\"og:locale\" content=\"en_GB\" \/>\n<meta property=\"og:locale:alternate\" content=\"lt_LT\" \/>\n<meta property=\"og:type\" content=\"article\" \/>\n<meta property=\"og:title\" content=\"Geluonis\" \/>\n<meta property=\"og:description\" content=\"D\u017eord\u0117 Benet ir \u0160o Kinardas susitiko nudrengtame provincijos u\u017ekampio bare. Ji \u2013 \u017eavinga ir seksuali verslinink\u0117. Jis \u2013 \u0161altakraujis samdomas \u017eudikas. Jo\" \/>\n<meta property=\"og:url\" content=\"https:\/\/skaitytaknyga.lt\/en\/produktas\/geluonis\/\" \/>\n<meta property=\"og:site_name\" content=\"Skaitytaknyga\" \/>\n<meta property=\"article:publisher\" content=\"https:\/\/www.facebook.com\/skaitytaknyga\/\" \/>\n<meta property=\"article:modified_time\" content=\"2026-03-05T11:12:29+00:00\" \/>\n<meta property=\"og:image\" content=\"https:\/\/skaitytaknyga.lt\/wp-content\/uploads\/2025\/07\/Geluonis-2.webp\" \/>\n\t<meta property=\"og:image:width\" content=\"366\" \/>\n\t<meta property=\"og:image:height\" content=\"600\" \/>\n\t<meta property=\"og:image:type\" content=\"image\/webp\" \/>\n<meta name=\"twitter:card\" content=\"summary_large_image\" \/>\n<meta name=\"twitter:label1\" content=\"Estimated reading time\" \/>\n\t<meta name=\"twitter:data1\" content=\"1 minute\" \/>\n<script type=\"application\/ld+json\" class=\"yoast-schema-graph\">{\"@context\":\"https:\/\/schema.org\",\"@graph\":[{\"@type\":\"WebPage\",\"@id\":\"https:\/\/skaitytaknyga.lt\/produktas\/geluonis\/\",\"url\":\"https:\/\/skaitytaknyga.lt\/produktas\/geluonis\/\",\"name\":\"Geluonis\",\"isPartOf\":{\"@id\":\"https:\/\/skaitytaknyga.lt\/#website\"},\"primaryImageOfPage\":{\"@id\":\"https:\/\/skaitytaknyga.lt\/produktas\/geluonis\/#primaryimage\"},\"image\":{\"@id\":\"https:\/\/skaitytaknyga.lt\/produktas\/geluonis\/#primaryimage\"},\"thumbnailUrl\":\"https:\/\/skaitytaknyga.lt\/wp-content\/uploads\/2025\/07\/Geluonis-2.webp\",\"datePublished\":\"2025-07-23T06:31:43+00:00\",\"dateModified\":\"2026-03-05T11:12:29+00:00\",\"description\":\"D\u017eord\u0117 Benet ir \u0160o Kinardas susitiko nudrengtame provincijos u\u017ekampio bare. Ji \u2013 \u017eavinga ir seksuali verslinink\u0117. Jis \u2013 \u0161altakraujis samdomas \u017eudikas. Jo\",\"breadcrumb\":{\"@id\":\"https:\/\/skaitytaknyga.lt\/produktas\/geluonis\/#breadcrumb\"},\"inLanguage\":\"en-GB\",\"potentialAction\":[{\"@type\":\"ReadAction\",\"target\":[\"https:\/\/skaitytaknyga.lt\/produktas\/geluonis\/\"]}]},{\"@type\":\"ImageObject\",\"inLanguage\":\"en-GB\",\"@id\":\"https:\/\/skaitytaknyga.lt\/produktas\/geluonis\/#primaryimage\",\"url\":\"https:\/\/skaitytaknyga.lt\/wp-content\/uploads\/2025\/07\/Geluonis-2.webp\",\"contentUrl\":\"https:\/\/skaitytaknyga.lt\/wp-content\/uploads\/2025\/07\/Geluonis-2.webp\",\"width\":366,\"height\":600,\"caption\":\"Geluonis\"},{\"@type\":\"BreadcrumbList\",\"@id\":\"https:\/\/skaitytaknyga.lt\/produktas\/geluonis\/#breadcrumb\",\"itemListElement\":[{\"@type\":\"ListItem\",\"position\":1,\"name\":\"Home\",\"item\":\"https:\/\/skaitytaknyga.lt\/\"},{\"@type\":\"ListItem\",\"position\":2,\"name\":\"Parduotuv\u0117\",\"item\":\"https:\/\/skaitytaknyga.lt\/knygu-parduotuve\/\"},{\"@type\":\"ListItem\",\"position\":3,\"name\":\"Geluonis\"}]},{\"@type\":\"WebSite\",\"@id\":\"https:\/\/skaitytaknyga.lt\/#website\",\"url\":\"https:\/\/skaitytaknyga.lt\/\",\"name\":\"skaitytaknyga.lt\",\"description\":\"Skaitytaknyga.lt \u2013 tai ma\u017eas \u0161eimos verslas, kuris prasid\u0117jo nuo meil\u0117s knygoms ir siekio i\u0161gelb\u0117ti knygas nuo likimo prie konteinerio. Kas vienam nereikalingas daiktas \u2013 kitam lobis, o mes esame tarpininkai, kurie padeda abiems tapti laimingesniems ???? \u017dinome kaip nelengva i\u0161gyventi ma\u017eiems verslams, tad nuo \u0161iol, \u010dia rasite ir kit\u0173, ma\u017e\u0173 \u0161eim\u0173 versl\u0173, rank\u0173 darbo, dovan\u0173 sau ir artimiesiems.\",\"publisher\":{\"@id\":\"https:\/\/skaitytaknyga.lt\/#organization\"},\"potentialAction\":[{\"@type\":\"SearchAction\",\"target\":{\"@type\":\"EntryPoint\",\"urlTemplate\":\"https:\/\/skaitytaknyga.lt\/?s={search_term_string}\"},\"query-input\":{\"@type\":\"PropertyValueSpecification\",\"valueRequired\":true,\"valueName\":\"search_term_string\"}}],\"inLanguage\":\"en-GB\"},{\"@type\":\"Organization\",\"@id\":\"https:\/\/skaitytaknyga.lt\/#organization\",\"name\":\"skaitytaknyga.lt\",\"url\":\"https:\/\/skaitytaknyga.lt\/\",\"logo\":{\"@type\":\"ImageObject\",\"inLanguage\":\"en-GB\",\"@id\":\"https:\/\/skaitytaknyga.lt\/#\/schema\/logo\/image\/\",\"url\":\"https:\/\/skaitytaknyga.lt\/wp-content\/uploads\/2024\/05\/cropped-cropped-cropped-02_00843_jt3bggkj1j3HLc7SyY6rEUpg.jpeg\",\"contentUrl\":\"https:\/\/skaitytaknyga.lt\/wp-content\/uploads\/2024\/05\/cropped-cropped-cropped-02_00843_jt3bggkj1j3HLc7SyY6rEUpg.jpeg\",\"width\":1600,\"height\":1600,\"caption\":\"skaitytaknyga.lt\"},\"image\":{\"@id\":\"https:\/\/skaitytaknyga.lt\/#\/schema\/logo\/image\/\"},\"sameAs\":[\"https:\/\/www.facebook.com\/skaitytaknyga\/\"]}]}<\/script>\n<!-- \/ Yoast SEO plugin. -->","yoast_head_json":{"title":"Geluonis","description":"D\u017eord\u0117 Benet ir \u0160o Kinardas susitiko nudrengtame provincijos u\u017ekampio bare. Ji \u2013 \u017eavinga ir seksuali verslinink\u0117. Jis \u2013 \u0161altakraujis samdomas \u017eudikas. Jo","robots":{"index":"index","follow":"follow","max-snippet":"max-snippet:-1","max-image-preview":"max-image-preview:large","max-video-preview":"max-video-preview:-1"},"canonical":"https:\/\/skaitytaknyga.lt\/en\/produktas\/geluonis\/","og_locale":"en_GB","og_type":"article","og_title":"[:lt]Geluonis[:] - Skaitytaknyga","og_description":"D\u017eord\u0117 Benet ir \u0160o Kinardas susitiko nudrengtame provincijos u\u017ekampio bare. Ji \u2013 \u017eavinga ir seksuali verslinink\u0117. Jis \u2013 \u0161altakraujis samdomas \u017eudikas. Jo","og_url":"https:\/\/skaitytaknyga.lt\/en\/produktas\/geluonis\/","og_site_name":"Skaitytaknyga","article_publisher":"https:\/\/www.facebook.com\/skaitytaknyga\/","article_modified_time":"2026-03-05T11:12:29+00:00","og_image":[{"width":366,"height":600,"url":"https:\/\/skaitytaknyga.lt\/wp-content\/uploads\/2025\/07\/Geluonis-2.webp","type":"image\/webp"}],"twitter_card":"summary_large_image","twitter_misc":{"Estimated reading time":"1 minute"},"schema":{"@context":"https:\/\/schema.org","@graph":[{"@type":"WebPage","@id":"https:\/\/skaitytaknyga.lt\/produktas\/geluonis\/","url":"https:\/\/skaitytaknyga.lt\/produktas\/geluonis\/","name":"Geluonis","isPartOf":{"@id":"https:\/\/skaitytaknyga.lt\/#website"},"primaryImageOfPage":{"@id":"https:\/\/skaitytaknyga.lt\/produktas\/geluonis\/#primaryimage"},"image":{"@id":"https:\/\/skaitytaknyga.lt\/produktas\/geluonis\/#primaryimage"},"thumbnailUrl":"https:\/\/skaitytaknyga.lt\/wp-content\/uploads\/2025\/07\/Geluonis-2.webp","datePublished":"2025-07-23T06:31:43+00:00","dateModified":"2026-03-05T11:12:29+00:00","description":"D\u017eord\u0117 Benet ir \u0160o Kinardas susitiko nudrengtame provincijos u\u017ekampio bare. Ji \u2013 \u017eavinga ir seksuali verslinink\u0117. Jis \u2013 \u0161altakraujis samdomas \u017eudikas. Jo","breadcrumb":{"@id":"https:\/\/skaitytaknyga.lt\/produktas\/geluonis\/#breadcrumb"},"inLanguage":"en-GB","potentialAction":[{"@type":"ReadAction","target":["https:\/\/skaitytaknyga.lt\/produktas\/geluonis\/"]}]},{"@type":"ImageObject","inLanguage":"en-GB","@id":"https:\/\/skaitytaknyga.lt\/produktas\/geluonis\/#primaryimage","url":"https:\/\/skaitytaknyga.lt\/wp-content\/uploads\/2025\/07\/Geluonis-2.webp","contentUrl":"https:\/\/skaitytaknyga.lt\/wp-content\/uploads\/2025\/07\/Geluonis-2.webp","width":366,"height":600,"caption":"Geluonis"},{"@type":"BreadcrumbList","@id":"https:\/\/skaitytaknyga.lt\/produktas\/geluonis\/#breadcrumb","itemListElement":[{"@type":"ListItem","position":1,"name":"Home","item":"https:\/\/skaitytaknyga.lt\/"},{"@type":"ListItem","position":2,"name":"Parduotuv\u0117","item":"https:\/\/skaitytaknyga.lt\/knygu-parduotuve\/"},{"@type":"ListItem","position":3,"name":"Geluonis"}]},{"@type":"WebSite","@id":"https:\/\/skaitytaknyga.lt\/#website","url":"https:\/\/skaitytaknyga.lt\/","name":"skaitytaknyga.lt","description":"Skaitytaknyga.lt \u2013 tai ma\u017eas \u0161eimos verslas, kuris prasid\u0117jo nuo meil\u0117s knygoms ir siekio i\u0161gelb\u0117ti knygas nuo likimo prie konteinerio. Kas vienam nereikalingas daiktas \u2013 kitam lobis, o mes esame tarpininkai, kurie padeda abiems tapti laimingesniems ???? \u017dinome kaip nelengva i\u0161gyventi ma\u017eiems verslams, tad nuo \u0161iol, \u010dia rasite ir kit\u0173, ma\u017e\u0173 \u0161eim\u0173 versl\u0173, rank\u0173 darbo, dovan\u0173 sau ir artimiesiems.","publisher":{"@id":"https:\/\/skaitytaknyga.lt\/#organization"},"potentialAction":[{"@type":"SearchAction","target":{"@type":"EntryPoint","urlTemplate":"https:\/\/skaitytaknyga.lt\/?s={search_term_string}"},"query-input":{"@type":"PropertyValueSpecification","valueRequired":true,"valueName":"search_term_string"}}],"inLanguage":"en-GB"},{"@type":"Organization","@id":"https:\/\/skaitytaknyga.lt\/#organization","name":"skaitytaknyga.lt","url":"https:\/\/skaitytaknyga.lt\/","logo":{"@type":"ImageObject","inLanguage":"en-GB","@id":"https:\/\/skaitytaknyga.lt\/#\/schema\/logo\/image\/","url":"https:\/\/skaitytaknyga.lt\/wp-content\/uploads\/2024\/05\/cropped-cropped-cropped-02_00843_jt3bggkj1j3HLc7SyY6rEUpg.jpeg","contentUrl":"https:\/\/skaitytaknyga.lt\/wp-content\/uploads\/2024\/05\/cropped-cropped-cropped-02_00843_jt3bggkj1j3HLc7SyY6rEUpg.jpeg","width":1600,"height":1600,"caption":"skaitytaknyga.lt"},"image":{"@id":"https:\/\/skaitytaknyga.lt\/#\/schema\/logo\/image\/"},"sameAs":["https:\/\/www.facebook.com\/skaitytaknyga\/"]}]}},"_links":{"self":[{"href":"https:\/\/skaitytaknyga.lt\/en\/wp-json\/wp\/v2\/product\/19778","targetHints":{"allow":["GET"]}}],"collection":[{"href":"https:\/\/skaitytaknyga.lt\/en\/wp-json\/wp\/v2\/product"}],"about":[{"href":"https:\/\/skaitytaknyga.lt\/en\/wp-json\/wp\/v2\/types\/product"}],"replies":[{"embeddable":true,"href":"https:\/\/skaitytaknyga.lt\/en\/wp-json\/wp\/v2\/comments?post=19778"}],"wp:featuredmedia":[{"embeddable":true,"href":"https:\/\/skaitytaknyga.lt\/en\/wp-json\/wp\/v2\/media\/19783"}],"wp:attachment":[{"href":"https:\/\/skaitytaknyga.lt\/en\/wp-json\/wp\/v2\/media?parent=19778"}],"wp:term":[{"taxonomy":"product_brand","embeddable":true,"href":"https:\/\/skaitytaknyga.lt\/en\/wp-json\/wp\/v2\/product_brand?post=19778"},{"taxonomy":"product_cat","embeddable":true,"href":"https:\/\/skaitytaknyga.lt\/en\/wp-json\/wp\/v2\/product_cat?post=19778"},{"taxonomy":"product_tag","embeddable":true,"href":"https:\/\/skaitytaknyga.lt\/en\/wp-json\/wp\/v2\/product_tag?post=19778"}],"curies":[{"name":"wp","href":"https:\/\/api.w.org\/{rel}","templated":true}]}}