{"id":19777,"date":"2025-07-23T09:31:43","date_gmt":"2025-07-23T06:31:43","guid":{"rendered":"https:\/\/skaitytaknyga.lt\/?post_type=product&#038;p=19777"},"modified":"2026-03-05T11:59:17","modified_gmt":"2026-03-05T09:59:17","slug":"trintis","status":"publish","type":"product","link":"https:\/\/skaitytaknyga.lt\/en\/produktas\/trintis\/","title":{"rendered":"Trintis"},"content":{"rendered":"<p>Teksaso reind\u017eerio Krofordo Hanto \u017emona \u017euvo prie\u0161 ketverius metus. Tuomet jis pal\u016b\u017eo ir vos trylikos m\u0117nesi\u0173 dukros D\u017eord\u017eijos glob\u0105 per\u0117m\u0117 jos seneliai. Dabar Krofordas trok\u0161ta susigr\u0105\u017einti penkiamet\u0119 dukr\u0105. Jis pasiek\u0117, kad b\u016bt\u0173 \u012fgyvendinti teismo nustatyti reikalavimai, bet viskas priklausys nuo teis\u0117jos Hol\u0117s Spenser sprendimo.<\/p>\n<p>Ambicinga ir savimi pasitikinti Hol\u0117 laikinai u\u017e\u0117m\u0117 neseniai mirusio kolegos ir savo mokytojo viet\u0105. Ji turi \u012frodyti, kad yra verta \u0161io posto, ir kiekvienas jos sprendimas gali b\u016bti lemiamas. Nepaisant Krofordo meil\u0117s dukrai, Hol\u0119 neramina jo tamsi praeitis. Pad\u0117tis dar labiau komplikuojasi, kai \u012f teismo sal\u0119 \u012fsiver\u017eia kauk\u0117tas ir ginkluotas u\u017epuolikas. Krofordas staigiai sureaguoja ir i\u0161gelbsti Hol\u0119 nuo kulkos. Jis nori sugauti nusikalt\u0117l\u012f, ta\u010diau veikdamas savo \u012fprastais beatodairi\u0161kais metodais praras galimyb\u0119 susigr\u0105\u017einti dukr\u0105. Taip pat sukompromituos teis\u0117j\u0105 Hol\u0119 Spenser, kuriai reikia saugotis ne tik nusikalt\u0117lio, bet ir paties Krofordo bei j\u0173 begimstan\u010di\u0173 jausm\u0173.<\/p>\n<p>Sandra Brown \u2013 JAV ra\u0161ytoja, detektyvini\u0173 trileri\u0173 autor\u0117, yra para\u0161iusi per 60 knyg\u0173. Jos i\u0161verstos \u012f daugiau kaip 30 kalb\u0173. Daugelis Sandros Brown roman\u0173 yra skaitomiausi\u0173 knyg\u0173 s\u0105ra\u0161uose, ir visi jos detektyvai, pasak \u201eUSA Today&#8221;, vilioja skaitytoj\u0105 kar\u0161tligi\u0161kai versti puslap\u012f po puslapio iki pat k\u016brinio pabaigos.<\/p>\n","protected":false},"excerpt":{"rendered":"<p>Teksaso reind\u017eerio Krofordo Hanto \u017emona \u017euvo prie\u0161 ketverius metus. Tuomet jis pal\u016b\u017eo ir vos trylikos m\u0117nesi\u0173 dukros D\u017eord\u017eijos glob\u0105 per\u0117m\u0117 jos seneliai. Dabar Krofordas trok\u0161ta susigr\u0105\u017einti penkiamet\u0119 dukr\u0105. Jis pasiek\u0117, kad b\u016bt\u0173 \u012fgyvendinti teismo nustatyti reikalavimai, bet viskas priklausys nuo teis\u0117jos Hol\u0117s Spenser sprendimo. Ambicinga ir savimi pasitikinti Hol\u0117 laikinai u\u017e\u0117m\u0117 neseniai mirusio kolegos ir savo mokytojo viet\u0105. Ji turi \u012frodyti, kad yra verta \u0161io posto, ir kiekvienas jos sprendimas gali b\u016bti lemiamas. Nepaisant Krofordo meil\u0117s dukrai, Hol\u0119 neramina jo tamsi praeitis. Pad\u0117tis dar labiau komplikuojasi, kai \u012f teismo sal\u0119 \u012fsiver\u017eia kauk\u0117tas ir ginkluotas u\u017epuolikas. Krofordas staigiai sureaguoja ir i\u0161gelbsti Hol\u0119 nuo kulkos. Jis nori sugauti nusikalt\u0117l\u012f, ta\u010diau veikdamas savo \u012fprastais beatodairi\u0161kais metodais praras galimyb\u0119 susigr\u0105\u017einti dukr\u0105. Taip pat sukompromituos teis\u0117j\u0105 Hol\u0119 Spenser, kuriai reikia saugotis ne tik nusikalt\u0117lio, bet ir paties Krofordo bei j\u0173 begimstan\u010di\u0173 jausm\u0173. Sandra Brown \u2013 JAV ra\u0161ytoja, detektyvini\u0173 trileri\u0173 autor\u0117, yra para\u0161iusi per 60 knyg\u0173. Jos i\u0161verstos \u012f daugiau kaip 30 kalb\u0173. Daugelis Sandros Brown roman\u0173 yra skaitomiausi\u0173 knyg\u0173 s\u0105ra\u0161uose, ir visi jos detektyvai, pasak \u201eUSA Today&#8221;, vilioja skaitytoj\u0105 kar\u0161tligi\u0161kai versti puslap\u012f po puslapio iki pat k\u016brinio pabaigos.<\/p>\n","protected":false},"featured_media":19782,"comment_status":"open","ping_status":"closed","template":"","meta":{"_acf_changed":false,"site-sidebar-layout":"default","site-content-layout":"","ast-site-content-layout":"default","site-content-style":"default","site-sidebar-style":"default","ast-global-header-display":"","ast-banner-title-visibility":"","ast-main-header-display":"","ast-hfb-above-header-display":"","ast-hfb-below-header-display":"","ast-hfb-mobile-header-display":"","site-post-title":"","ast-breadcrumbs-content":"","ast-featured-img":"","footer-sml-layout":"","ast-disable-related-posts":"","theme-transparent-header-meta":"","adv-header-id-meta":"","stick-header-meta":"","header-above-stick-meta":"","header-main-stick-meta":"","header-below-stick-meta":"","astra-migrate-meta-layouts":"default","ast-page-background-enabled":"default","ast-page-background-meta":{"desktop":{"background-color":"","background-image":"","background-repeat":"repeat","background-position":"center center","background-size":"auto","background-attachment":"scroll","background-type":"","background-media":"","overlay-type":"","overlay-color":"","overlay-opacity":"","overlay-gradient":""},"tablet":{"background-color":"","background-image":"","background-repeat":"repeat","background-position":"center center","background-size":"auto","background-attachment":"scroll","background-type":"","background-media":"","overlay-type":"","overlay-color":"","overlay-opacity":"","overlay-gradient":""},"mobile":{"background-color":"","background-image":"","background-repeat":"repeat","background-position":"center center","background-size":"auto","background-attachment":"scroll","background-type":"","background-media":"","overlay-type":"","overlay-color":"","overlay-opacity":"","overlay-gradient":""}},"ast-content-background-meta":{"desktop":{"background-color":"var(--ast-global-color-4)","background-image":"","background-repeat":"repeat","background-position":"center center","background-size":"auto","background-attachment":"scroll","background-type":"","background-media":"","overlay-type":"","overlay-color":"","overlay-opacity":"","overlay-gradient":""},"tablet":{"background-color":"var(--ast-global-color-4)","background-image":"","background-repeat":"repeat","background-position":"center center","background-size":"auto","background-attachment":"scroll","background-type":"","background-media":"","overlay-type":"","overlay-color":"","overlay-opacity":"","overlay-gradient":""},"mobile":{"background-color":"var(--ast-global-color-4)","background-image":"","background-repeat":"repeat","background-position":"center center","background-size":"auto","background-attachment":"scroll","background-type":"","background-media":"","overlay-type":"","overlay-color":"","overlay-opacity":"","overlay-gradient":""}}},"product_brand":[],"product_cat":[9581],"product_tag":[6652,1590,1745,6649,6654,6653,6655],"class_list":{"0":"post-19777","1":"product","2":"type-product","3":"status-publish","4":"has-post-thumbnail","6":"product_cat-kriminaliniai-romanai","7":"product_tag-autore-sandra-brown","8":"product_tag-itampa","9":"product_tag-romanas","10":"product_tag-sandra-brown","11":"product_tag-teiseja","12":"product_tag-teksaso-reindzeris","13":"product_tag-vaiko-globa","14":"desktop-align-left","15":"tablet-align-left","16":"mobile-align-left","18":"first","19":"instock","20":"shipping-taxable","21":"purchasable","22":"product-type-simple"},"acf":[],"yoast_head":"<!-- This site is optimized with the Yoast SEO plugin v27.0 - https:\/\/yoast.com\/product\/yoast-seo-wordpress\/ -->\n<title>Trintis<\/title>\n<meta name=\"description\" content=\"Teksaso reind\u017eerio Krofordo Hanto \u017emona \u017euvo prie\u0161 ketverius metus. Tuomet jis pal\u016b\u017eo ir vos trylikos m\u0117nesi\u0173 dukros D\u017eord\u017eijos glob\u0105 per\u0117m\u0117 jos seneliai.\" \/>\n<meta name=\"robots\" content=\"index, follow, max-snippet:-1, max-image-preview:large, max-video-preview:-1\" \/>\n<link rel=\"canonical\" href=\"https:\/\/skaitytaknyga.lt\/en\/produktas\/trintis\/\" \/>\n<meta property=\"og:locale\" content=\"en_GB\" \/>\n<meta property=\"og:locale:alternate\" content=\"lt_LT\" \/>\n<meta property=\"og:type\" content=\"article\" \/>\n<meta property=\"og:title\" content=\"Trintis\" \/>\n<meta property=\"og:description\" content=\"Teksaso reind\u017eerio Krofordo Hanto \u017emona \u017euvo prie\u0161 ketverius metus. Tuomet jis pal\u016b\u017eo ir vos trylikos m\u0117nesi\u0173 dukros D\u017eord\u017eijos glob\u0105 per\u0117m\u0117 jos seneliai.\" \/>\n<meta property=\"og:url\" content=\"https:\/\/skaitytaknyga.lt\/en\/produktas\/trintis\/\" \/>\n<meta property=\"og:site_name\" content=\"Skaitytaknyga\" \/>\n<meta property=\"article:publisher\" content=\"https:\/\/www.facebook.com\/skaitytaknyga\/\" \/>\n<meta property=\"article:modified_time\" content=\"2026-03-05T09:59:17+00:00\" \/>\n<meta property=\"og:image\" content=\"https:\/\/skaitytaknyga.lt\/wp-content\/uploads\/2025\/07\/Trintis-1.webp\" \/>\n\t<meta property=\"og:image:width\" content=\"285\" \/>\n\t<meta property=\"og:image:height\" content=\"467\" \/>\n\t<meta property=\"og:image:type\" content=\"image\/webp\" \/>\n<meta name=\"twitter:card\" content=\"summary_large_image\" \/>\n<meta name=\"twitter:label1\" content=\"Estimated reading time\" \/>\n\t<meta name=\"twitter:data1\" content=\"1 minute\" \/>\n<script type=\"application\/ld+json\" class=\"yoast-schema-graph\">{\"@context\":\"https:\/\/schema.org\",\"@graph\":[{\"@type\":\"WebPage\",\"@id\":\"https:\/\/skaitytaknyga.lt\/produktas\/trintis\/\",\"url\":\"https:\/\/skaitytaknyga.lt\/produktas\/trintis\/\",\"name\":\"Trintis\",\"isPartOf\":{\"@id\":\"https:\/\/skaitytaknyga.lt\/#website\"},\"primaryImageOfPage\":{\"@id\":\"https:\/\/skaitytaknyga.lt\/produktas\/trintis\/#primaryimage\"},\"image\":{\"@id\":\"https:\/\/skaitytaknyga.lt\/produktas\/trintis\/#primaryimage\"},\"thumbnailUrl\":\"https:\/\/skaitytaknyga.lt\/wp-content\/uploads\/2025\/07\/Trintis-1.webp\",\"datePublished\":\"2025-07-23T06:31:43+00:00\",\"dateModified\":\"2026-03-05T09:59:17+00:00\",\"description\":\"Teksaso reind\u017eerio Krofordo Hanto \u017emona \u017euvo prie\u0161 ketverius metus. Tuomet jis pal\u016b\u017eo ir vos trylikos m\u0117nesi\u0173 dukros D\u017eord\u017eijos glob\u0105 per\u0117m\u0117 jos seneliai.\",\"breadcrumb\":{\"@id\":\"https:\/\/skaitytaknyga.lt\/produktas\/trintis\/#breadcrumb\"},\"inLanguage\":\"en-GB\",\"potentialAction\":[{\"@type\":\"ReadAction\",\"target\":[\"https:\/\/skaitytaknyga.lt\/produktas\/trintis\/\"]}]},{\"@type\":\"ImageObject\",\"inLanguage\":\"en-GB\",\"@id\":\"https:\/\/skaitytaknyga.lt\/produktas\/trintis\/#primaryimage\",\"url\":\"https:\/\/skaitytaknyga.lt\/wp-content\/uploads\/2025\/07\/Trintis-1.webp\",\"contentUrl\":\"https:\/\/skaitytaknyga.lt\/wp-content\/uploads\/2025\/07\/Trintis-1.webp\",\"width\":285,\"height\":467,\"caption\":\"Trintis\"},{\"@type\":\"BreadcrumbList\",\"@id\":\"https:\/\/skaitytaknyga.lt\/produktas\/trintis\/#breadcrumb\",\"itemListElement\":[{\"@type\":\"ListItem\",\"position\":1,\"name\":\"Home\",\"item\":\"https:\/\/skaitytaknyga.lt\/\"},{\"@type\":\"ListItem\",\"position\":2,\"name\":\"Parduotuv\u0117\",\"item\":\"https:\/\/skaitytaknyga.lt\/knygu-parduotuve\/\"},{\"@type\":\"ListItem\",\"position\":3,\"name\":\"Trintis\"}]},{\"@type\":\"WebSite\",\"@id\":\"https:\/\/skaitytaknyga.lt\/#website\",\"url\":\"https:\/\/skaitytaknyga.lt\/\",\"name\":\"skaitytaknyga.lt\",\"description\":\"Skaitytaknyga.lt \u2013 tai ma\u017eas \u0161eimos verslas, kuris prasid\u0117jo nuo meil\u0117s knygoms ir siekio i\u0161gelb\u0117ti knygas nuo likimo prie konteinerio. Kas vienam nereikalingas daiktas \u2013 kitam lobis, o mes esame tarpininkai, kurie padeda abiems tapti laimingesniems ???? \u017dinome kaip nelengva i\u0161gyventi ma\u017eiems verslams, tad nuo \u0161iol, \u010dia rasite ir kit\u0173, ma\u017e\u0173 \u0161eim\u0173 versl\u0173, rank\u0173 darbo, dovan\u0173 sau ir artimiesiems.\",\"publisher\":{\"@id\":\"https:\/\/skaitytaknyga.lt\/#organization\"},\"potentialAction\":[{\"@type\":\"SearchAction\",\"target\":{\"@type\":\"EntryPoint\",\"urlTemplate\":\"https:\/\/skaitytaknyga.lt\/?s={search_term_string}\"},\"query-input\":{\"@type\":\"PropertyValueSpecification\",\"valueRequired\":true,\"valueName\":\"search_term_string\"}}],\"inLanguage\":\"en-GB\"},{\"@type\":\"Organization\",\"@id\":\"https:\/\/skaitytaknyga.lt\/#organization\",\"name\":\"skaitytaknyga.lt\",\"url\":\"https:\/\/skaitytaknyga.lt\/\",\"logo\":{\"@type\":\"ImageObject\",\"inLanguage\":\"en-GB\",\"@id\":\"https:\/\/skaitytaknyga.lt\/#\/schema\/logo\/image\/\",\"url\":\"https:\/\/skaitytaknyga.lt\/wp-content\/uploads\/2024\/05\/cropped-cropped-cropped-02_00843_jt3bggkj1j3HLc7SyY6rEUpg.jpeg\",\"contentUrl\":\"https:\/\/skaitytaknyga.lt\/wp-content\/uploads\/2024\/05\/cropped-cropped-cropped-02_00843_jt3bggkj1j3HLc7SyY6rEUpg.jpeg\",\"width\":1600,\"height\":1600,\"caption\":\"skaitytaknyga.lt\"},\"image\":{\"@id\":\"https:\/\/skaitytaknyga.lt\/#\/schema\/logo\/image\/\"},\"sameAs\":[\"https:\/\/www.facebook.com\/skaitytaknyga\/\"]}]}<\/script>\n<!-- \/ Yoast SEO plugin. -->","yoast_head_json":{"title":"Trintis","description":"Teksaso reind\u017eerio Krofordo Hanto \u017emona \u017euvo prie\u0161 ketverius metus. Tuomet jis pal\u016b\u017eo ir vos trylikos m\u0117nesi\u0173 dukros D\u017eord\u017eijos glob\u0105 per\u0117m\u0117 jos seneliai.","robots":{"index":"index","follow":"follow","max-snippet":"max-snippet:-1","max-image-preview":"max-image-preview:large","max-video-preview":"max-video-preview:-1"},"canonical":"https:\/\/skaitytaknyga.lt\/en\/produktas\/trintis\/","og_locale":"en_GB","og_type":"article","og_title":"[:lt]Trintis[:] - Skaitytaknyga","og_description":"Teksaso reind\u017eerio Krofordo Hanto \u017emona \u017euvo prie\u0161 ketverius metus. Tuomet jis pal\u016b\u017eo ir vos trylikos m\u0117nesi\u0173 dukros D\u017eord\u017eijos glob\u0105 per\u0117m\u0117 jos seneliai.","og_url":"https:\/\/skaitytaknyga.lt\/en\/produktas\/trintis\/","og_site_name":"Skaitytaknyga","article_publisher":"https:\/\/www.facebook.com\/skaitytaknyga\/","article_modified_time":"2026-03-05T09:59:17+00:00","og_image":[{"width":285,"height":467,"url":"https:\/\/skaitytaknyga.lt\/wp-content\/uploads\/2025\/07\/Trintis-1.webp","type":"image\/webp"}],"twitter_card":"summary_large_image","twitter_misc":{"Estimated reading time":"1 minute"},"schema":{"@context":"https:\/\/schema.org","@graph":[{"@type":"WebPage","@id":"https:\/\/skaitytaknyga.lt\/produktas\/trintis\/","url":"https:\/\/skaitytaknyga.lt\/produktas\/trintis\/","name":"Trintis","isPartOf":{"@id":"https:\/\/skaitytaknyga.lt\/#website"},"primaryImageOfPage":{"@id":"https:\/\/skaitytaknyga.lt\/produktas\/trintis\/#primaryimage"},"image":{"@id":"https:\/\/skaitytaknyga.lt\/produktas\/trintis\/#primaryimage"},"thumbnailUrl":"https:\/\/skaitytaknyga.lt\/wp-content\/uploads\/2025\/07\/Trintis-1.webp","datePublished":"2025-07-23T06:31:43+00:00","dateModified":"2026-03-05T09:59:17+00:00","description":"Teksaso reind\u017eerio Krofordo Hanto \u017emona \u017euvo prie\u0161 ketverius metus. Tuomet jis pal\u016b\u017eo ir vos trylikos m\u0117nesi\u0173 dukros D\u017eord\u017eijos glob\u0105 per\u0117m\u0117 jos seneliai.","breadcrumb":{"@id":"https:\/\/skaitytaknyga.lt\/produktas\/trintis\/#breadcrumb"},"inLanguage":"en-GB","potentialAction":[{"@type":"ReadAction","target":["https:\/\/skaitytaknyga.lt\/produktas\/trintis\/"]}]},{"@type":"ImageObject","inLanguage":"en-GB","@id":"https:\/\/skaitytaknyga.lt\/produktas\/trintis\/#primaryimage","url":"https:\/\/skaitytaknyga.lt\/wp-content\/uploads\/2025\/07\/Trintis-1.webp","contentUrl":"https:\/\/skaitytaknyga.lt\/wp-content\/uploads\/2025\/07\/Trintis-1.webp","width":285,"height":467,"caption":"Trintis"},{"@type":"BreadcrumbList","@id":"https:\/\/skaitytaknyga.lt\/produktas\/trintis\/#breadcrumb","itemListElement":[{"@type":"ListItem","position":1,"name":"Home","item":"https:\/\/skaitytaknyga.lt\/"},{"@type":"ListItem","position":2,"name":"Parduotuv\u0117","item":"https:\/\/skaitytaknyga.lt\/knygu-parduotuve\/"},{"@type":"ListItem","position":3,"name":"Trintis"}]},{"@type":"WebSite","@id":"https:\/\/skaitytaknyga.lt\/#website","url":"https:\/\/skaitytaknyga.lt\/","name":"skaitytaknyga.lt","description":"Skaitytaknyga.lt \u2013 tai ma\u017eas \u0161eimos verslas, kuris prasid\u0117jo nuo meil\u0117s knygoms ir siekio i\u0161gelb\u0117ti knygas nuo likimo prie konteinerio. Kas vienam nereikalingas daiktas \u2013 kitam lobis, o mes esame tarpininkai, kurie padeda abiems tapti laimingesniems ???? \u017dinome kaip nelengva i\u0161gyventi ma\u017eiems verslams, tad nuo \u0161iol, \u010dia rasite ir kit\u0173, ma\u017e\u0173 \u0161eim\u0173 versl\u0173, rank\u0173 darbo, dovan\u0173 sau ir artimiesiems.","publisher":{"@id":"https:\/\/skaitytaknyga.lt\/#organization"},"potentialAction":[{"@type":"SearchAction","target":{"@type":"EntryPoint","urlTemplate":"https:\/\/skaitytaknyga.lt\/?s={search_term_string}"},"query-input":{"@type":"PropertyValueSpecification","valueRequired":true,"valueName":"search_term_string"}}],"inLanguage":"en-GB"},{"@type":"Organization","@id":"https:\/\/skaitytaknyga.lt\/#organization","name":"skaitytaknyga.lt","url":"https:\/\/skaitytaknyga.lt\/","logo":{"@type":"ImageObject","inLanguage":"en-GB","@id":"https:\/\/skaitytaknyga.lt\/#\/schema\/logo\/image\/","url":"https:\/\/skaitytaknyga.lt\/wp-content\/uploads\/2024\/05\/cropped-cropped-cropped-02_00843_jt3bggkj1j3HLc7SyY6rEUpg.jpeg","contentUrl":"https:\/\/skaitytaknyga.lt\/wp-content\/uploads\/2024\/05\/cropped-cropped-cropped-02_00843_jt3bggkj1j3HLc7SyY6rEUpg.jpeg","width":1600,"height":1600,"caption":"skaitytaknyga.lt"},"image":{"@id":"https:\/\/skaitytaknyga.lt\/#\/schema\/logo\/image\/"},"sameAs":["https:\/\/www.facebook.com\/skaitytaknyga\/"]}]}},"_links":{"self":[{"href":"https:\/\/skaitytaknyga.lt\/en\/wp-json\/wp\/v2\/product\/19777","targetHints":{"allow":["GET"]}}],"collection":[{"href":"https:\/\/skaitytaknyga.lt\/en\/wp-json\/wp\/v2\/product"}],"about":[{"href":"https:\/\/skaitytaknyga.lt\/en\/wp-json\/wp\/v2\/types\/product"}],"replies":[{"embeddable":true,"href":"https:\/\/skaitytaknyga.lt\/en\/wp-json\/wp\/v2\/comments?post=19777"}],"wp:featuredmedia":[{"embeddable":true,"href":"https:\/\/skaitytaknyga.lt\/en\/wp-json\/wp\/v2\/media\/19782"}],"wp:attachment":[{"href":"https:\/\/skaitytaknyga.lt\/en\/wp-json\/wp\/v2\/media?parent=19777"}],"wp:term":[{"taxonomy":"product_brand","embeddable":true,"href":"https:\/\/skaitytaknyga.lt\/en\/wp-json\/wp\/v2\/product_brand?post=19777"},{"taxonomy":"product_cat","embeddable":true,"href":"https:\/\/skaitytaknyga.lt\/en\/wp-json\/wp\/v2\/product_cat?post=19777"},{"taxonomy":"product_tag","embeddable":true,"href":"https:\/\/skaitytaknyga.lt\/en\/wp-json\/wp\/v2\/product_tag?post=19777"}],"curies":[{"name":"wp","href":"https:\/\/api.w.org\/{rel}","templated":true}]}}