{"id":19776,"date":"2025-07-23T09:31:42","date_gmt":"2025-07-23T06:31:42","guid":{"rendered":"https:\/\/skaitytaknyga.lt\/?post_type=product&#038;p=19776"},"modified":"2026-03-16T14:18:54","modified_gmt":"2026-03-16T12:18:54","slug":"nepazistamasis","status":"publish","type":"product","link":"https:\/\/skaitytaknyga.lt\/en\/produktas\/nepazistamasis\/","title":{"rendered":"Nepa\u017e\u012fstamasis"},"content":{"rendered":"<p>Labdaringam maratono b\u0117gimui besirengianti vaik\u0173 gydytoja Emor\u0117 \u0160arbono vien\u0105 \u017evarb\u0173 savaitgal\u012f i\u0161siruo\u0161ia pab\u0117gioti \u012f \u0160iaur\u0117s Karolinos valstijos kalnus \u2013 ir ten pradingsta. Nesulauk\u0119s \u017ead\u0117to skambu\u010dio jos vyras D\u017eefas kreipiasi \u012f vietos policij\u0105. Turtingos ir savo labdaringa veikla visuomen\u0117je garsios gydytojos dingimas sulaukia didelio \u017einiasklaidos d\u0117mesio, o tyrim\u0105 prad\u0117jusi\u0173 policinink\u0173 \u017evilgsniai vis da\u017eniau krypsta \u012f keistai besielgiant\u012f D\u017eef\u0105. Paai\u0161k\u0117ja, kad sutuoktini\u0173 santykiai nebuvo ideal\u016bs, o D\u017eefo gyvenime yra ir kita moteris.<\/p>\n<p>Tuo metu nuo\u0161alioje kaln\u0173 trobel\u0117je s\u0105mon\u0119 atgavusi Emor\u0117 ne tik m\u0117gina \u012fveikti skausm\u0105, bet ir siekia suprasti, kokie tikrieji trobel\u0117s savininku prisista\u010diusio ni\u016brios ir gr\u0117smingos i\u0161vaizdos vyro k\u0117slai. Ar jis yra jos gelb\u0117tojas, ar nusikalt\u0117lis? O gal reikia baimintis ne nepa\u017e\u012fstamojo, o tikr\u0173j\u0173 prie\u0161\u0173?<\/p>\n<p>JAV ra\u0161ytoja, detektyvini\u0173 trileri\u0173 autor\u0117 Sandra Brown , yra para\u0161iusi per 60 knyg\u0173. Jos i\u0161verstos \u012f daugiau kaip 30 kalb\u0173. Lietuvi\u0173 skaitytojams gerai \u017einomi jos romanai: \u201eAlibi&#8221;, \u201ePavydas&#8221;, \u201eBaltasis kar\u0161tis&#8221;, \u201e\u0160al\u010dio faktorius&#8221;, \u201eSveika, tamsa&#8221;, \u201eSusikeitimas&#8221;, \u201eSp\u0105stai&#8221;, \u201eSvetimas veidas&#8221;, \u201eMirtinos paslaptys&#8221;, \u201eNe\u0161varus \u017eaidimas&#8221;, \u201eRiko\u0161etas&#8221;, \u201e\u0160arada&#8221;, \u201eI\u0161skirtinis interviu&#8221;, \u201eD\u016bm\u0173 u\u017edanga&#8221;, \u201eAklaviet\u0117&#8221;, \u201eBe \u017eod\u017ei\u0173&#8221;, \u201eLiudytoja&#8221;, \u201eL\u016b\u017eio ta\u0161kas&#8221;, \u201eYpatinga klient\u0117&#8221;, \u201ePranc\u016bzi\u0161kas \u0161ilkas&#8221;, \u201eMirtininkas&#8221;, \u201e\u017demas sl\u0117gis&#8221;, \u201eSkandalas&#8221;, \u201eRiba&#8221;, \u201eDugnas&#8221;. Daugelis Sandros Brown roman\u0173 yra skaitomiausi\u0173 knyg\u0173 s\u0105ra\u0161uose, ir visi jos detektyvai, pasak \u201eUSA Today&#8221;, vilioja skaitytoj\u0105 kar\u0161tligi\u0161kai versti puslap\u012f po puslapio iki pat k\u016brinio pabaigos.<\/p>\n","protected":false},"excerpt":{"rendered":"<p>Labdaringam maratono b\u0117gimui besirengianti vaik\u0173 gydytoja Emor\u0117 \u0160arbono vien\u0105 \u017evarb\u0173 savaitgal\u012f i\u0161siruo\u0161ia pab\u0117gioti \u012f \u0160iaur\u0117s Karolinos valstijos kalnus \u2013 ir ten pradingsta. Nesulauk\u0119s \u017ead\u0117to skambu\u010dio jos vyras D\u017eefas kreipiasi \u012f vietos policij\u0105. Turtingos ir savo labdaringa veikla visuomen\u0117je garsios gydytojos dingimas sulaukia didelio \u017einiasklaidos d\u0117mesio, o tyrim\u0105 prad\u0117jusi\u0173 policinink\u0173 \u017evilgsniai vis da\u017eniau krypsta \u012f keistai besielgiant\u012f D\u017eef\u0105. Paai\u0161k\u0117ja, kad sutuoktini\u0173 santykiai nebuvo ideal\u016bs, o D\u017eefo gyvenime yra ir kita moteris. Tuo metu nuo\u0161alioje kaln\u0173 trobel\u0117je s\u0105mon\u0119 atgavusi Emor\u0117 ne tik m\u0117gina \u012fveikti skausm\u0105, bet ir siekia suprasti, kokie tikrieji trobel\u0117s savininku prisista\u010diusio ni\u016brios ir gr\u0117smingos i\u0161vaizdos vyro k\u0117slai. Ar jis yra jos gelb\u0117tojas, ar nusikalt\u0117lis? O gal reikia baimintis ne nepa\u017e\u012fstamojo, o tikr\u0173j\u0173 prie\u0161\u0173? JAV ra\u0161ytoja, detektyvini\u0173 trileri\u0173 autor\u0117 Sandra Brown , yra para\u0161iusi per 60 knyg\u0173. Jos i\u0161verstos \u012f daugiau kaip 30 kalb\u0173. Lietuvi\u0173 skaitytojams gerai \u017einomi jos romanai: \u201eAlibi&#8221;, \u201ePavydas&#8221;, \u201eBaltasis kar\u0161tis&#8221;, \u201e\u0160al\u010dio faktorius&#8221;, \u201eSveika, tamsa&#8221;, \u201eSusikeitimas&#8221;, \u201eSp\u0105stai&#8221;, \u201eSvetimas veidas&#8221;, \u201eMirtinos paslaptys&#8221;, \u201eNe\u0161varus \u017eaidimas&#8221;, \u201eRiko\u0161etas&#8221;, \u201e\u0160arada&#8221;, \u201eI\u0161skirtinis interviu&#8221;, \u201eD\u016bm\u0173 u\u017edanga&#8221;, \u201eAklaviet\u0117&#8221;, \u201eBe \u017eod\u017ei\u0173&#8221;, \u201eLiudytoja&#8221;, \u201eL\u016b\u017eio ta\u0161kas&#8221;, \u201eYpatinga klient\u0117&#8221;, \u201ePranc\u016bzi\u0161kas \u0161ilkas&#8221;, \u201eMirtininkas&#8221;, \u201e\u017demas sl\u0117gis&#8221;, \u201eSkandalas&#8221;, \u201eRiba&#8221;, \u201eDugnas&#8221;. Daugelis Sandros Brown roman\u0173 yra skaitomiausi\u0173 knyg\u0173 s\u0105ra\u0161uose, ir visi jos detektyvai, pasak \u201eUSA Today&#8221;, vilioja skaitytoj\u0105 kar\u0161tligi\u0161kai versti puslap\u012f po puslapio iki pat k\u016brinio pabaigos.<\/p>\n","protected":false},"featured_media":19781,"comment_status":"open","ping_status":"closed","template":"","meta":{"_acf_changed":false,"site-sidebar-layout":"default","site-content-layout":"","ast-site-content-layout":"default","site-content-style":"default","site-sidebar-style":"default","ast-global-header-display":"","ast-banner-title-visibility":"","ast-main-header-display":"","ast-hfb-above-header-display":"","ast-hfb-below-header-display":"","ast-hfb-mobile-header-display":"","site-post-title":"","ast-breadcrumbs-content":"","ast-featured-img":"","footer-sml-layout":"","ast-disable-related-posts":"","theme-transparent-header-meta":"","adv-header-id-meta":"","stick-header-meta":"","header-above-stick-meta":"","header-main-stick-meta":"","header-below-stick-meta":"","astra-migrate-meta-layouts":"default","ast-page-background-enabled":"default","ast-page-background-meta":{"desktop":{"background-color":"","background-image":"","background-repeat":"repeat","background-position":"center center","background-size":"auto","background-attachment":"scroll","background-type":"","background-media":"","overlay-type":"","overlay-color":"","overlay-opacity":"","overlay-gradient":""},"tablet":{"background-color":"","background-image":"","background-repeat":"repeat","background-position":"center center","background-size":"auto","background-attachment":"scroll","background-type":"","background-media":"","overlay-type":"","overlay-color":"","overlay-opacity":"","overlay-gradient":""},"mobile":{"background-color":"","background-image":"","background-repeat":"repeat","background-position":"center center","background-size":"auto","background-attachment":"scroll","background-type":"","background-media":"","overlay-type":"","overlay-color":"","overlay-opacity":"","overlay-gradient":""}},"ast-content-background-meta":{"desktop":{"background-color":"var(--ast-global-color-4)","background-image":"","background-repeat":"repeat","background-position":"center center","background-size":"auto","background-attachment":"scroll","background-type":"","background-media":"","overlay-type":"","overlay-color":"","overlay-opacity":"","overlay-gradient":""},"tablet":{"background-color":"var(--ast-global-color-4)","background-image":"","background-repeat":"repeat","background-position":"center center","background-size":"auto","background-attachment":"scroll","background-type":"","background-media":"","overlay-type":"","overlay-color":"","overlay-opacity":"","overlay-gradient":""},"mobile":{"background-color":"var(--ast-global-color-4)","background-image":"","background-repeat":"repeat","background-position":"center center","background-size":"auto","background-attachment":"scroll","background-type":"","background-media":"","overlay-type":"","overlay-color":"","overlay-opacity":"","overlay-gradient":""}}},"product_brand":[],"product_cat":[9581],"product_tag":[6652,6650,5810,6649,6651,1587],"class_list":{"0":"post-19776","1":"product","2":"type-product","3":"status-publish","4":"has-post-thumbnail","6":"product_cat-kriminaliniai-romanai","7":"product_tag-autore-sandra-brown","8":"product_tag-dingimas","9":"product_tag-kalnai","10":"product_tag-sandra-brown","11":"product_tag-santuokines-paslaptys","12":"product_tag-trileris","13":"desktop-align-left","14":"tablet-align-left","15":"mobile-align-left","17":"first","18":"outofstock","19":"shipping-taxable","20":"purchasable","21":"product-type-simple"},"acf":[],"yoast_head":"<!-- This site is optimized with the Yoast SEO plugin v27.0 - https:\/\/yoast.com\/product\/yoast-seo-wordpress\/ -->\n<title>Nepa\u017e\u012fstamasis<\/title>\n<meta name=\"description\" content=\"Labdaringam maratono b\u0117gimui besirengianti vaik\u0173 gydytoja Emor\u0117 \u0160arbono vien\u0105 \u017evarb\u0173 savaitgal\u012f i\u0161siruo\u0161ia pab\u0117gioti \u012f \u0160iaur\u0117s Karolinos valstijos kalnus\" \/>\n<meta name=\"robots\" content=\"index, follow, max-snippet:-1, max-image-preview:large, max-video-preview:-1\" \/>\n<link rel=\"canonical\" href=\"https:\/\/skaitytaknyga.lt\/en\/produktas\/nepazistamasis\/\" \/>\n<meta property=\"og:locale\" content=\"en_GB\" \/>\n<meta property=\"og:locale:alternate\" content=\"lt_LT\" \/>\n<meta property=\"og:type\" content=\"article\" \/>\n<meta property=\"og:title\" content=\"Nepa\u017e\u012fstamasis\" \/>\n<meta property=\"og:description\" content=\"Labdaringam maratono b\u0117gimui besirengianti vaik\u0173 gydytoja Emor\u0117 \u0160arbono vien\u0105 \u017evarb\u0173 savaitgal\u012f i\u0161siruo\u0161ia pab\u0117gioti \u012f \u0160iaur\u0117s Karolinos valstijos kalnus\" \/>\n<meta property=\"og:url\" content=\"https:\/\/skaitytaknyga.lt\/en\/produktas\/nepazistamasis\/\" \/>\n<meta property=\"og:site_name\" content=\"Skaitytaknyga\" \/>\n<meta property=\"article:publisher\" content=\"https:\/\/www.facebook.com\/skaitytaknyga\/\" \/>\n<meta property=\"article:modified_time\" content=\"2026-03-16T12:18:54+00:00\" \/>\n<meta property=\"og:image\" content=\"https:\/\/skaitytaknyga.lt\/wp-content\/uploads\/2025\/07\/Nepazistamasis-1.webp\" \/>\n\t<meta property=\"og:image:width\" content=\"439\" \/>\n\t<meta property=\"og:image:height\" content=\"720\" \/>\n\t<meta property=\"og:image:type\" content=\"image\/webp\" \/>\n<meta name=\"twitter:card\" content=\"summary_large_image\" \/>\n<meta name=\"twitter:label1\" content=\"Estimated reading time\" \/>\n\t<meta name=\"twitter:data1\" content=\"1 minute\" \/>\n<script type=\"application\/ld+json\" class=\"yoast-schema-graph\">{\"@context\":\"https:\/\/schema.org\",\"@graph\":[{\"@type\":\"WebPage\",\"@id\":\"https:\/\/skaitytaknyga.lt\/produktas\/nepazistamasis\/\",\"url\":\"https:\/\/skaitytaknyga.lt\/produktas\/nepazistamasis\/\",\"name\":\"Nepa\u017e\u012fstamasis\",\"isPartOf\":{\"@id\":\"https:\/\/skaitytaknyga.lt\/#website\"},\"primaryImageOfPage\":{\"@id\":\"https:\/\/skaitytaknyga.lt\/produktas\/nepazistamasis\/#primaryimage\"},\"image\":{\"@id\":\"https:\/\/skaitytaknyga.lt\/produktas\/nepazistamasis\/#primaryimage\"},\"thumbnailUrl\":\"https:\/\/skaitytaknyga.lt\/wp-content\/uploads\/2025\/07\/Nepazistamasis-1.webp\",\"datePublished\":\"2025-07-23T06:31:42+00:00\",\"dateModified\":\"2026-03-16T12:18:54+00:00\",\"description\":\"Labdaringam maratono b\u0117gimui besirengianti vaik\u0173 gydytoja Emor\u0117 \u0160arbono vien\u0105 \u017evarb\u0173 savaitgal\u012f i\u0161siruo\u0161ia pab\u0117gioti \u012f \u0160iaur\u0117s Karolinos valstijos kalnus\",\"breadcrumb\":{\"@id\":\"https:\/\/skaitytaknyga.lt\/produktas\/nepazistamasis\/#breadcrumb\"},\"inLanguage\":\"en-GB\",\"potentialAction\":[{\"@type\":\"ReadAction\",\"target\":[\"https:\/\/skaitytaknyga.lt\/produktas\/nepazistamasis\/\"]}]},{\"@type\":\"ImageObject\",\"inLanguage\":\"en-GB\",\"@id\":\"https:\/\/skaitytaknyga.lt\/produktas\/nepazistamasis\/#primaryimage\",\"url\":\"https:\/\/skaitytaknyga.lt\/wp-content\/uploads\/2025\/07\/Nepazistamasis-1.webp\",\"contentUrl\":\"https:\/\/skaitytaknyga.lt\/wp-content\/uploads\/2025\/07\/Nepazistamasis-1.webp\",\"width\":439,\"height\":720,\"caption\":\"Nepa\u017e\u012fstamasis\"},{\"@type\":\"BreadcrumbList\",\"@id\":\"https:\/\/skaitytaknyga.lt\/produktas\/nepazistamasis\/#breadcrumb\",\"itemListElement\":[{\"@type\":\"ListItem\",\"position\":1,\"name\":\"Home\",\"item\":\"https:\/\/skaitytaknyga.lt\/\"},{\"@type\":\"ListItem\",\"position\":2,\"name\":\"Parduotuv\u0117\",\"item\":\"https:\/\/skaitytaknyga.lt\/knygu-parduotuve\/\"},{\"@type\":\"ListItem\",\"position\":3,\"name\":\"Nepa\u017e\u012fstamasis\"}]},{\"@type\":\"WebSite\",\"@id\":\"https:\/\/skaitytaknyga.lt\/#website\",\"url\":\"https:\/\/skaitytaknyga.lt\/\",\"name\":\"skaitytaknyga.lt\",\"description\":\"Skaitytaknyga.lt \u2013 tai ma\u017eas \u0161eimos verslas, kuris prasid\u0117jo nuo meil\u0117s knygoms ir siekio i\u0161gelb\u0117ti knygas nuo likimo prie konteinerio. Kas vienam nereikalingas daiktas \u2013 kitam lobis, o mes esame tarpininkai, kurie padeda abiems tapti laimingesniems ???? \u017dinome kaip nelengva i\u0161gyventi ma\u017eiems verslams, tad nuo \u0161iol, \u010dia rasite ir kit\u0173, ma\u017e\u0173 \u0161eim\u0173 versl\u0173, rank\u0173 darbo, dovan\u0173 sau ir artimiesiems.\",\"publisher\":{\"@id\":\"https:\/\/skaitytaknyga.lt\/#organization\"},\"potentialAction\":[{\"@type\":\"SearchAction\",\"target\":{\"@type\":\"EntryPoint\",\"urlTemplate\":\"https:\/\/skaitytaknyga.lt\/?s={search_term_string}\"},\"query-input\":{\"@type\":\"PropertyValueSpecification\",\"valueRequired\":true,\"valueName\":\"search_term_string\"}}],\"inLanguage\":\"en-GB\"},{\"@type\":\"Organization\",\"@id\":\"https:\/\/skaitytaknyga.lt\/#organization\",\"name\":\"skaitytaknyga.lt\",\"url\":\"https:\/\/skaitytaknyga.lt\/\",\"logo\":{\"@type\":\"ImageObject\",\"inLanguage\":\"en-GB\",\"@id\":\"https:\/\/skaitytaknyga.lt\/#\/schema\/logo\/image\/\",\"url\":\"https:\/\/skaitytaknyga.lt\/wp-content\/uploads\/2024\/05\/cropped-cropped-cropped-02_00843_jt3bggkj1j3HLc7SyY6rEUpg.jpeg\",\"contentUrl\":\"https:\/\/skaitytaknyga.lt\/wp-content\/uploads\/2024\/05\/cropped-cropped-cropped-02_00843_jt3bggkj1j3HLc7SyY6rEUpg.jpeg\",\"width\":1600,\"height\":1600,\"caption\":\"skaitytaknyga.lt\"},\"image\":{\"@id\":\"https:\/\/skaitytaknyga.lt\/#\/schema\/logo\/image\/\"},\"sameAs\":[\"https:\/\/www.facebook.com\/skaitytaknyga\/\"]}]}<\/script>\n<!-- \/ Yoast SEO plugin. -->","yoast_head_json":{"title":"Nepa\u017e\u012fstamasis","description":"Labdaringam maratono b\u0117gimui besirengianti vaik\u0173 gydytoja Emor\u0117 \u0160arbono vien\u0105 \u017evarb\u0173 savaitgal\u012f i\u0161siruo\u0161ia pab\u0117gioti \u012f \u0160iaur\u0117s Karolinos valstijos kalnus","robots":{"index":"index","follow":"follow","max-snippet":"max-snippet:-1","max-image-preview":"max-image-preview:large","max-video-preview":"max-video-preview:-1"},"canonical":"https:\/\/skaitytaknyga.lt\/en\/produktas\/nepazistamasis\/","og_locale":"en_GB","og_type":"article","og_title":"[:lt]Nepa\u017e\u012fstamasis[:] - Skaitytaknyga","og_description":"Labdaringam maratono b\u0117gimui besirengianti vaik\u0173 gydytoja Emor\u0117 \u0160arbono vien\u0105 \u017evarb\u0173 savaitgal\u012f i\u0161siruo\u0161ia pab\u0117gioti \u012f \u0160iaur\u0117s Karolinos valstijos kalnus","og_url":"https:\/\/skaitytaknyga.lt\/en\/produktas\/nepazistamasis\/","og_site_name":"Skaitytaknyga","article_publisher":"https:\/\/www.facebook.com\/skaitytaknyga\/","article_modified_time":"2026-03-16T12:18:54+00:00","og_image":[{"width":439,"height":720,"url":"https:\/\/skaitytaknyga.lt\/wp-content\/uploads\/2025\/07\/Nepazistamasis-1.webp","type":"image\/webp"}],"twitter_card":"summary_large_image","twitter_misc":{"Estimated reading time":"1 minute"},"schema":{"@context":"https:\/\/schema.org","@graph":[{"@type":"WebPage","@id":"https:\/\/skaitytaknyga.lt\/produktas\/nepazistamasis\/","url":"https:\/\/skaitytaknyga.lt\/produktas\/nepazistamasis\/","name":"Nepa\u017e\u012fstamasis","isPartOf":{"@id":"https:\/\/skaitytaknyga.lt\/#website"},"primaryImageOfPage":{"@id":"https:\/\/skaitytaknyga.lt\/produktas\/nepazistamasis\/#primaryimage"},"image":{"@id":"https:\/\/skaitytaknyga.lt\/produktas\/nepazistamasis\/#primaryimage"},"thumbnailUrl":"https:\/\/skaitytaknyga.lt\/wp-content\/uploads\/2025\/07\/Nepazistamasis-1.webp","datePublished":"2025-07-23T06:31:42+00:00","dateModified":"2026-03-16T12:18:54+00:00","description":"Labdaringam maratono b\u0117gimui besirengianti vaik\u0173 gydytoja Emor\u0117 \u0160arbono vien\u0105 \u017evarb\u0173 savaitgal\u012f i\u0161siruo\u0161ia pab\u0117gioti \u012f \u0160iaur\u0117s Karolinos valstijos kalnus","breadcrumb":{"@id":"https:\/\/skaitytaknyga.lt\/produktas\/nepazistamasis\/#breadcrumb"},"inLanguage":"en-GB","potentialAction":[{"@type":"ReadAction","target":["https:\/\/skaitytaknyga.lt\/produktas\/nepazistamasis\/"]}]},{"@type":"ImageObject","inLanguage":"en-GB","@id":"https:\/\/skaitytaknyga.lt\/produktas\/nepazistamasis\/#primaryimage","url":"https:\/\/skaitytaknyga.lt\/wp-content\/uploads\/2025\/07\/Nepazistamasis-1.webp","contentUrl":"https:\/\/skaitytaknyga.lt\/wp-content\/uploads\/2025\/07\/Nepazistamasis-1.webp","width":439,"height":720,"caption":"Nepa\u017e\u012fstamasis"},{"@type":"BreadcrumbList","@id":"https:\/\/skaitytaknyga.lt\/produktas\/nepazistamasis\/#breadcrumb","itemListElement":[{"@type":"ListItem","position":1,"name":"Home","item":"https:\/\/skaitytaknyga.lt\/"},{"@type":"ListItem","position":2,"name":"Parduotuv\u0117","item":"https:\/\/skaitytaknyga.lt\/knygu-parduotuve\/"},{"@type":"ListItem","position":3,"name":"Nepa\u017e\u012fstamasis"}]},{"@type":"WebSite","@id":"https:\/\/skaitytaknyga.lt\/#website","url":"https:\/\/skaitytaknyga.lt\/","name":"skaitytaknyga.lt","description":"Skaitytaknyga.lt \u2013 tai ma\u017eas \u0161eimos verslas, kuris prasid\u0117jo nuo meil\u0117s knygoms ir siekio i\u0161gelb\u0117ti knygas nuo likimo prie konteinerio. Kas vienam nereikalingas daiktas \u2013 kitam lobis, o mes esame tarpininkai, kurie padeda abiems tapti laimingesniems ???? \u017dinome kaip nelengva i\u0161gyventi ma\u017eiems verslams, tad nuo \u0161iol, \u010dia rasite ir kit\u0173, ma\u017e\u0173 \u0161eim\u0173 versl\u0173, rank\u0173 darbo, dovan\u0173 sau ir artimiesiems.","publisher":{"@id":"https:\/\/skaitytaknyga.lt\/#organization"},"potentialAction":[{"@type":"SearchAction","target":{"@type":"EntryPoint","urlTemplate":"https:\/\/skaitytaknyga.lt\/?s={search_term_string}"},"query-input":{"@type":"PropertyValueSpecification","valueRequired":true,"valueName":"search_term_string"}}],"inLanguage":"en-GB"},{"@type":"Organization","@id":"https:\/\/skaitytaknyga.lt\/#organization","name":"skaitytaknyga.lt","url":"https:\/\/skaitytaknyga.lt\/","logo":{"@type":"ImageObject","inLanguage":"en-GB","@id":"https:\/\/skaitytaknyga.lt\/#\/schema\/logo\/image\/","url":"https:\/\/skaitytaknyga.lt\/wp-content\/uploads\/2024\/05\/cropped-cropped-cropped-02_00843_jt3bggkj1j3HLc7SyY6rEUpg.jpeg","contentUrl":"https:\/\/skaitytaknyga.lt\/wp-content\/uploads\/2024\/05\/cropped-cropped-cropped-02_00843_jt3bggkj1j3HLc7SyY6rEUpg.jpeg","width":1600,"height":1600,"caption":"skaitytaknyga.lt"},"image":{"@id":"https:\/\/skaitytaknyga.lt\/#\/schema\/logo\/image\/"},"sameAs":["https:\/\/www.facebook.com\/skaitytaknyga\/"]}]}},"_links":{"self":[{"href":"https:\/\/skaitytaknyga.lt\/en\/wp-json\/wp\/v2\/product\/19776","targetHints":{"allow":["GET"]}}],"collection":[{"href":"https:\/\/skaitytaknyga.lt\/en\/wp-json\/wp\/v2\/product"}],"about":[{"href":"https:\/\/skaitytaknyga.lt\/en\/wp-json\/wp\/v2\/types\/product"}],"replies":[{"embeddable":true,"href":"https:\/\/skaitytaknyga.lt\/en\/wp-json\/wp\/v2\/comments?post=19776"}],"wp:featuredmedia":[{"embeddable":true,"href":"https:\/\/skaitytaknyga.lt\/en\/wp-json\/wp\/v2\/media\/19781"}],"wp:attachment":[{"href":"https:\/\/skaitytaknyga.lt\/en\/wp-json\/wp\/v2\/media?parent=19776"}],"wp:term":[{"taxonomy":"product_brand","embeddable":true,"href":"https:\/\/skaitytaknyga.lt\/en\/wp-json\/wp\/v2\/product_brand?post=19776"},{"taxonomy":"product_cat","embeddable":true,"href":"https:\/\/skaitytaknyga.lt\/en\/wp-json\/wp\/v2\/product_cat?post=19776"},{"taxonomy":"product_tag","embeddable":true,"href":"https:\/\/skaitytaknyga.lt\/en\/wp-json\/wp\/v2\/product_tag?post=19776"}],"curies":[{"name":"wp","href":"https:\/\/api.w.org\/{rel}","templated":true}]}}