{"id":19775,"date":"2025-07-23T09:31:42","date_gmt":"2025-07-23T06:31:42","guid":{"rendered":"https:\/\/skaitytaknyga.lt\/?post_type=product&#038;p=19775"},"modified":"2026-03-17T11:49:04","modified_gmt":"2026-03-17T09:49:04","slug":"vidury-ziemos","status":"publish","type":"product","link":"https:\/\/skaitytaknyga.lt\/en\/produktas\/vidury-ziemos\/","title":{"rendered":"Vidury \u017eiemos"},"content":{"rendered":"<p>\u201eVidury \u017eiemos pagaliau suvokiau, kad \u0161irdyje \u017eydi am\u017eina vasara.&#8221; \u2013 Albert Camus<\/p>\n<p>Istorija prasideda Brukline, siau\u010diant vidur\u017eiemio p\u016bgai, kai trij\u0173 labai skirting\u0173 \u017emoni\u0173 likimus suveda eismo \u012fvykis ir netik\u0117tas kraupus radinys balto leksuso baga\u017ein\u0117je. Ri\u010dardas Baumasteris, \u0161e\u0161iasde\u0161imtmetis \u017emogaus teisi\u0173 specialistas, \u017eymaus universiteto d\u0117stytojas, atsitrenkia \u012f Evelinos Ortegos, nelegalios imigrant\u0117s i\u0161 Gvatemalos, dirban\u010dios aukle, vairuojam\u0105 automobil\u012f. Nei\u0161manydamas, kaip elgtis, Ri\u010dardas \u012f pagalb\u0105 pasikvie\u010dia Lusij\u0105, koleg\u0119 d\u0117stytoj\u0105 i\u0161 \u010cil\u0117s.<\/p>\n<p>M\u0117gindami nusl\u0117pti nusikaltim\u0105, kurio n\u0117 vienas nepadar\u0117, jie leid\u017eiasi \u012f kelion\u0119, kurioje, mezgantis jausmams tarp Lusijos ir Ri\u010dardo, pama\u017eu atskleid\u017eiamos vis\u0173 trij\u0173 veik\u0117j\u0173 gyvenimo istorijos. I\u0161 Bruklino veiksmas persikelia \u012f netolimos praeities Gvatemal\u0105, kurioje siaut\u0117ja nusikalt\u0117li\u0173, narkotik\u0173 prekeivi\u0173 gaujos, \u012f septintojo de\u0161imtme\u010dio politini\u0173 perversm\u0173 kamuojam\u0105 \u010cil\u0119, v\u0117liau \u012f Meksik\u0105 bei tragi\u0161k\u0173 prisiminim\u0173 kupin\u0105 Kanad\u0105 ir Brazilij\u0105.<\/p>\n<p>\u201eVidury \u017eiemos&#8221; \u2013 u\u017eburianti ir jaudinanti istorija apie nepalau\u017eiam\u0105 dvasios stipryb\u0119 ir u\u017egimstan\u010di\u0105 meil\u0119, kai \u0161irdis, rodos, jau seniai sukaustyta \u0161al\u010dio. Knyga savo \u017emogi\u0161kumu, aistra, humoru ir i\u0161mintimi primena vien\u0105 \u017eymiausi\u0173 autor\u0117s knyg\u0173 \u2013 \u201eDvasi\u0173 namus&#8221;.<\/p>\n","protected":false},"excerpt":{"rendered":"<p>\u201eVidury \u017eiemos pagaliau suvokiau, kad \u0161irdyje \u017eydi am\u017eina vasara.&#8221; \u2013 Albert Camus Istorija prasideda Brukline, siau\u010diant vidur\u017eiemio p\u016bgai, kai trij\u0173 labai skirting\u0173 \u017emoni\u0173 likimus suveda eismo \u012fvykis ir netik\u0117tas kraupus radinys balto leksuso baga\u017ein\u0117je. Ri\u010dardas Baumasteris, \u0161e\u0161iasde\u0161imtmetis \u017emogaus teisi\u0173 specialistas, \u017eymaus universiteto d\u0117stytojas, atsitrenkia \u012f Evelinos Ortegos, nelegalios imigrant\u0117s i\u0161 Gvatemalos, dirban\u010dios aukle, vairuojam\u0105 automobil\u012f. Nei\u0161manydamas, kaip elgtis, Ri\u010dardas \u012f pagalb\u0105 pasikvie\u010dia Lusij\u0105, koleg\u0119 d\u0117stytoj\u0105 i\u0161 \u010cil\u0117s. M\u0117gindami nusl\u0117pti nusikaltim\u0105, kurio n\u0117 vienas nepadar\u0117, jie leid\u017eiasi \u012f kelion\u0119, kurioje, mezgantis jausmams tarp Lusijos ir Ri\u010dardo, pama\u017eu atskleid\u017eiamos vis\u0173 trij\u0173 veik\u0117j\u0173 gyvenimo istorijos. I\u0161 Bruklino veiksmas persikelia \u012f netolimos praeities Gvatemal\u0105, kurioje siaut\u0117ja nusikalt\u0117li\u0173, narkotik\u0173 prekeivi\u0173 gaujos, \u012f septintojo de\u0161imtme\u010dio politini\u0173 perversm\u0173 kamuojam\u0105 \u010cil\u0119, v\u0117liau \u012f Meksik\u0105 bei tragi\u0161k\u0173 prisiminim\u0173 kupin\u0105 Kanad\u0105 ir Brazilij\u0105. \u201eVidury \u017eiemos&#8221; \u2013 u\u017eburianti ir jaudinanti istorija apie nepalau\u017eiam\u0105 dvasios stipryb\u0119 ir u\u017egimstan\u010di\u0105 meil\u0119, kai \u0161irdis, rodos, jau seniai sukaustyta \u0161al\u010dio. Knyga savo \u017emogi\u0161kumu, aistra, humoru ir i\u0161mintimi primena vien\u0105 \u017eymiausi\u0173 autor\u0117s knyg\u0173 \u2013 \u201eDvasi\u0173 namus&#8221;.<\/p>\n","protected":false},"featured_media":19780,"comment_status":"open","ping_status":"closed","template":"","meta":{"_acf_changed":false,"site-sidebar-layout":"default","site-content-layout":"","ast-site-content-layout":"default","site-content-style":"default","site-sidebar-style":"default","ast-global-header-display":"","ast-banner-title-visibility":"","ast-main-header-display":"","ast-hfb-above-header-display":"","ast-hfb-below-header-display":"","ast-hfb-mobile-header-display":"","site-post-title":"","ast-breadcrumbs-content":"","ast-featured-img":"","footer-sml-layout":"","ast-disable-related-posts":"","theme-transparent-header-meta":"","adv-header-id-meta":"","stick-header-meta":"","header-above-stick-meta":"","header-main-stick-meta":"","header-below-stick-meta":"","astra-migrate-meta-layouts":"default","ast-page-background-enabled":"default","ast-page-background-meta":{"desktop":{"background-color":"","background-image":"","background-repeat":"repeat","background-position":"center center","background-size":"auto","background-attachment":"scroll","background-type":"","background-media":"","overlay-type":"","overlay-color":"","overlay-opacity":"","overlay-gradient":""},"tablet":{"background-color":"","background-image":"","background-repeat":"repeat","background-position":"center center","background-size":"auto","background-attachment":"scroll","background-type":"","background-media":"","overlay-type":"","overlay-color":"","overlay-opacity":"","overlay-gradient":""},"mobile":{"background-color":"","background-image":"","background-repeat":"repeat","background-position":"center center","background-size":"auto","background-attachment":"scroll","background-type":"","background-media":"","overlay-type":"","overlay-color":"","overlay-opacity":"","overlay-gradient":""}},"ast-content-background-meta":{"desktop":{"background-color":"var(--ast-global-color-4)","background-image":"","background-repeat":"repeat","background-position":"center center","background-size":"auto","background-attachment":"scroll","background-type":"","background-media":"","overlay-type":"","overlay-color":"","overlay-opacity":"","overlay-gradient":""},"tablet":{"background-color":"var(--ast-global-color-4)","background-image":"","background-repeat":"repeat","background-position":"center center","background-size":"auto","background-attachment":"scroll","background-type":"","background-media":"","overlay-type":"","overlay-color":"","overlay-opacity":"","overlay-gradient":""},"mobile":{"background-color":"var(--ast-global-color-4)","background-image":"","background-repeat":"repeat","background-position":"center center","background-size":"auto","background-attachment":"scroll","background-type":"","background-media":"","overlay-type":"","overlay-color":"","overlay-opacity":"","overlay-gradient":""}}},"product_brand":[],"product_cat":[9734],"product_tag":[2901,1663,4930,1478,1745,1417],"class_list":{"0":"post-19775","1":"product","2":"type-product","3":"status-publish","4":"has-post-thumbnail","6":"product_cat-romanai","7":"product_tag-drama","8":"product_tag-imigrantai","9":"product_tag-isabel-allende","10":"product_tag-paslaptys","11":"product_tag-romanas","12":"product_tag-santykiai","13":"desktop-align-left","14":"tablet-align-left","15":"mobile-align-left","17":"first","18":"instock","19":"shipping-taxable","20":"purchasable","21":"product-type-simple"},"acf":[],"yoast_head":"<!-- This site is optimized with the Yoast SEO plugin v27.0 - https:\/\/yoast.com\/product\/yoast-seo-wordpress\/ -->\n<title>Vidury \u017eiemos<\/title>\n<meta name=\"description\" content=\"\u201eVidury \u017eiemos pagaliau suvokiau, kad \u0161irdyje \u017eydi am\u017eina vasara.&quot; \u2013 Albert Camus Istorija prasideda Brukline, siau\u010diant vidur\u017eiemio p\u016bgai, kai trij\u0173\" \/>\n<meta name=\"robots\" content=\"index, follow, max-snippet:-1, max-image-preview:large, max-video-preview:-1\" \/>\n<link rel=\"canonical\" href=\"https:\/\/skaitytaknyga.lt\/en\/produktas\/vidury-ziemos\/\" \/>\n<meta property=\"og:locale\" content=\"en_GB\" \/>\n<meta property=\"og:locale:alternate\" content=\"lt_LT\" \/>\n<meta property=\"og:type\" content=\"article\" \/>\n<meta property=\"og:title\" content=\"Vidury \u017eiemos\" \/>\n<meta property=\"og:description\" content=\"\u201eVidury \u017eiemos pagaliau suvokiau, kad \u0161irdyje \u017eydi am\u017eina vasara.&quot; \u2013 Albert Camus Istorija prasideda Brukline, siau\u010diant vidur\u017eiemio p\u016bgai, kai trij\u0173\" \/>\n<meta property=\"og:url\" content=\"https:\/\/skaitytaknyga.lt\/en\/produktas\/vidury-ziemos\/\" \/>\n<meta property=\"og:site_name\" content=\"Skaitytaknyga\" \/>\n<meta property=\"article:publisher\" content=\"https:\/\/www.facebook.com\/skaitytaknyga\/\" \/>\n<meta property=\"article:modified_time\" content=\"2026-03-17T09:49:04+00:00\" \/>\n<meta property=\"og:image\" content=\"https:\/\/skaitytaknyga.lt\/wp-content\/uploads\/2025\/07\/Vidury-ziemos-1.webp\" \/>\n\t<meta property=\"og:image:width\" content=\"366\" \/>\n\t<meta property=\"og:image:height\" content=\"600\" \/>\n\t<meta property=\"og:image:type\" content=\"image\/webp\" \/>\n<meta name=\"twitter:card\" content=\"summary_large_image\" \/>\n<meta name=\"twitter:label1\" content=\"Estimated reading time\" \/>\n\t<meta name=\"twitter:data1\" content=\"1 minute\" \/>\n<script type=\"application\/ld+json\" class=\"yoast-schema-graph\">{\"@context\":\"https:\/\/schema.org\",\"@graph\":[{\"@type\":\"WebPage\",\"@id\":\"https:\/\/skaitytaknyga.lt\/produktas\/vidury-ziemos\/\",\"url\":\"https:\/\/skaitytaknyga.lt\/produktas\/vidury-ziemos\/\",\"name\":\"Vidury \u017eiemos\",\"isPartOf\":{\"@id\":\"https:\/\/skaitytaknyga.lt\/#website\"},\"primaryImageOfPage\":{\"@id\":\"https:\/\/skaitytaknyga.lt\/produktas\/vidury-ziemos\/#primaryimage\"},\"image\":{\"@id\":\"https:\/\/skaitytaknyga.lt\/produktas\/vidury-ziemos\/#primaryimage\"},\"thumbnailUrl\":\"https:\/\/skaitytaknyga.lt\/wp-content\/uploads\/2025\/07\/Vidury-ziemos-1.webp\",\"datePublished\":\"2025-07-23T06:31:42+00:00\",\"dateModified\":\"2026-03-17T09:49:04+00:00\",\"description\":\"\u201eVidury \u017eiemos pagaliau suvokiau, kad \u0161irdyje \u017eydi am\u017eina vasara.\\\" \u2013 Albert Camus Istorija prasideda Brukline, siau\u010diant vidur\u017eiemio p\u016bgai, kai trij\u0173\",\"breadcrumb\":{\"@id\":\"https:\/\/skaitytaknyga.lt\/produktas\/vidury-ziemos\/#breadcrumb\"},\"inLanguage\":\"en-GB\",\"potentialAction\":[{\"@type\":\"ReadAction\",\"target\":[\"https:\/\/skaitytaknyga.lt\/produktas\/vidury-ziemos\/\"]}]},{\"@type\":\"ImageObject\",\"inLanguage\":\"en-GB\",\"@id\":\"https:\/\/skaitytaknyga.lt\/produktas\/vidury-ziemos\/#primaryimage\",\"url\":\"https:\/\/skaitytaknyga.lt\/wp-content\/uploads\/2025\/07\/Vidury-ziemos-1.webp\",\"contentUrl\":\"https:\/\/skaitytaknyga.lt\/wp-content\/uploads\/2025\/07\/Vidury-ziemos-1.webp\",\"width\":366,\"height\":600,\"caption\":\"Vidury \u017eiemos\"},{\"@type\":\"BreadcrumbList\",\"@id\":\"https:\/\/skaitytaknyga.lt\/produktas\/vidury-ziemos\/#breadcrumb\",\"itemListElement\":[{\"@type\":\"ListItem\",\"position\":1,\"name\":\"Home\",\"item\":\"https:\/\/skaitytaknyga.lt\/\"},{\"@type\":\"ListItem\",\"position\":2,\"name\":\"Parduotuv\u0117\",\"item\":\"https:\/\/skaitytaknyga.lt\/knygu-parduotuve\/\"},{\"@type\":\"ListItem\",\"position\":3,\"name\":\"Vidury \u017eiemos\"}]},{\"@type\":\"WebSite\",\"@id\":\"https:\/\/skaitytaknyga.lt\/#website\",\"url\":\"https:\/\/skaitytaknyga.lt\/\",\"name\":\"skaitytaknyga.lt\",\"description\":\"Skaitytaknyga.lt \u2013 tai ma\u017eas \u0161eimos verslas, kuris prasid\u0117jo nuo meil\u0117s knygoms ir siekio i\u0161gelb\u0117ti knygas nuo likimo prie konteinerio. Kas vienam nereikalingas daiktas \u2013 kitam lobis, o mes esame tarpininkai, kurie padeda abiems tapti laimingesniems ???? \u017dinome kaip nelengva i\u0161gyventi ma\u017eiems verslams, tad nuo \u0161iol, \u010dia rasite ir kit\u0173, ma\u017e\u0173 \u0161eim\u0173 versl\u0173, rank\u0173 darbo, dovan\u0173 sau ir artimiesiems.\",\"publisher\":{\"@id\":\"https:\/\/skaitytaknyga.lt\/#organization\"},\"potentialAction\":[{\"@type\":\"SearchAction\",\"target\":{\"@type\":\"EntryPoint\",\"urlTemplate\":\"https:\/\/skaitytaknyga.lt\/?s={search_term_string}\"},\"query-input\":{\"@type\":\"PropertyValueSpecification\",\"valueRequired\":true,\"valueName\":\"search_term_string\"}}],\"inLanguage\":\"en-GB\"},{\"@type\":\"Organization\",\"@id\":\"https:\/\/skaitytaknyga.lt\/#organization\",\"name\":\"skaitytaknyga.lt\",\"url\":\"https:\/\/skaitytaknyga.lt\/\",\"logo\":{\"@type\":\"ImageObject\",\"inLanguage\":\"en-GB\",\"@id\":\"https:\/\/skaitytaknyga.lt\/#\/schema\/logo\/image\/\",\"url\":\"https:\/\/skaitytaknyga.lt\/wp-content\/uploads\/2024\/05\/cropped-cropped-cropped-02_00843_jt3bggkj1j3HLc7SyY6rEUpg.jpeg\",\"contentUrl\":\"https:\/\/skaitytaknyga.lt\/wp-content\/uploads\/2024\/05\/cropped-cropped-cropped-02_00843_jt3bggkj1j3HLc7SyY6rEUpg.jpeg\",\"width\":1600,\"height\":1600,\"caption\":\"skaitytaknyga.lt\"},\"image\":{\"@id\":\"https:\/\/skaitytaknyga.lt\/#\/schema\/logo\/image\/\"},\"sameAs\":[\"https:\/\/www.facebook.com\/skaitytaknyga\/\"]}]}<\/script>\n<!-- \/ Yoast SEO plugin. -->","yoast_head_json":{"title":"Vidury \u017eiemos","description":"\u201eVidury \u017eiemos pagaliau suvokiau, kad \u0161irdyje \u017eydi am\u017eina vasara.\" \u2013 Albert Camus Istorija prasideda Brukline, siau\u010diant vidur\u017eiemio p\u016bgai, kai trij\u0173","robots":{"index":"index","follow":"follow","max-snippet":"max-snippet:-1","max-image-preview":"max-image-preview:large","max-video-preview":"max-video-preview:-1"},"canonical":"https:\/\/skaitytaknyga.lt\/en\/produktas\/vidury-ziemos\/","og_locale":"en_GB","og_type":"article","og_title":"[:lt]Vidury \u017eiemos[:] - Skaitytaknyga","og_description":"\u201eVidury \u017eiemos pagaliau suvokiau, kad \u0161irdyje \u017eydi am\u017eina vasara.\" \u2013 Albert Camus Istorija prasideda Brukline, siau\u010diant vidur\u017eiemio p\u016bgai, kai trij\u0173","og_url":"https:\/\/skaitytaknyga.lt\/en\/produktas\/vidury-ziemos\/","og_site_name":"Skaitytaknyga","article_publisher":"https:\/\/www.facebook.com\/skaitytaknyga\/","article_modified_time":"2026-03-17T09:49:04+00:00","og_image":[{"width":366,"height":600,"url":"https:\/\/skaitytaknyga.lt\/wp-content\/uploads\/2025\/07\/Vidury-ziemos-1.webp","type":"image\/webp"}],"twitter_card":"summary_large_image","twitter_misc":{"Estimated reading time":"1 minute"},"schema":{"@context":"https:\/\/schema.org","@graph":[{"@type":"WebPage","@id":"https:\/\/skaitytaknyga.lt\/produktas\/vidury-ziemos\/","url":"https:\/\/skaitytaknyga.lt\/produktas\/vidury-ziemos\/","name":"Vidury \u017eiemos","isPartOf":{"@id":"https:\/\/skaitytaknyga.lt\/#website"},"primaryImageOfPage":{"@id":"https:\/\/skaitytaknyga.lt\/produktas\/vidury-ziemos\/#primaryimage"},"image":{"@id":"https:\/\/skaitytaknyga.lt\/produktas\/vidury-ziemos\/#primaryimage"},"thumbnailUrl":"https:\/\/skaitytaknyga.lt\/wp-content\/uploads\/2025\/07\/Vidury-ziemos-1.webp","datePublished":"2025-07-23T06:31:42+00:00","dateModified":"2026-03-17T09:49:04+00:00","description":"\u201eVidury \u017eiemos pagaliau suvokiau, kad \u0161irdyje \u017eydi am\u017eina vasara.\" \u2013 Albert Camus Istorija prasideda Brukline, siau\u010diant vidur\u017eiemio p\u016bgai, kai trij\u0173","breadcrumb":{"@id":"https:\/\/skaitytaknyga.lt\/produktas\/vidury-ziemos\/#breadcrumb"},"inLanguage":"en-GB","potentialAction":[{"@type":"ReadAction","target":["https:\/\/skaitytaknyga.lt\/produktas\/vidury-ziemos\/"]}]},{"@type":"ImageObject","inLanguage":"en-GB","@id":"https:\/\/skaitytaknyga.lt\/produktas\/vidury-ziemos\/#primaryimage","url":"https:\/\/skaitytaknyga.lt\/wp-content\/uploads\/2025\/07\/Vidury-ziemos-1.webp","contentUrl":"https:\/\/skaitytaknyga.lt\/wp-content\/uploads\/2025\/07\/Vidury-ziemos-1.webp","width":366,"height":600,"caption":"Vidury \u017eiemos"},{"@type":"BreadcrumbList","@id":"https:\/\/skaitytaknyga.lt\/produktas\/vidury-ziemos\/#breadcrumb","itemListElement":[{"@type":"ListItem","position":1,"name":"Home","item":"https:\/\/skaitytaknyga.lt\/"},{"@type":"ListItem","position":2,"name":"Parduotuv\u0117","item":"https:\/\/skaitytaknyga.lt\/knygu-parduotuve\/"},{"@type":"ListItem","position":3,"name":"Vidury \u017eiemos"}]},{"@type":"WebSite","@id":"https:\/\/skaitytaknyga.lt\/#website","url":"https:\/\/skaitytaknyga.lt\/","name":"skaitytaknyga.lt","description":"Skaitytaknyga.lt \u2013 tai ma\u017eas \u0161eimos verslas, kuris prasid\u0117jo nuo meil\u0117s knygoms ir siekio i\u0161gelb\u0117ti knygas nuo likimo prie konteinerio. Kas vienam nereikalingas daiktas \u2013 kitam lobis, o mes esame tarpininkai, kurie padeda abiems tapti laimingesniems ???? \u017dinome kaip nelengva i\u0161gyventi ma\u017eiems verslams, tad nuo \u0161iol, \u010dia rasite ir kit\u0173, ma\u017e\u0173 \u0161eim\u0173 versl\u0173, rank\u0173 darbo, dovan\u0173 sau ir artimiesiems.","publisher":{"@id":"https:\/\/skaitytaknyga.lt\/#organization"},"potentialAction":[{"@type":"SearchAction","target":{"@type":"EntryPoint","urlTemplate":"https:\/\/skaitytaknyga.lt\/?s={search_term_string}"},"query-input":{"@type":"PropertyValueSpecification","valueRequired":true,"valueName":"search_term_string"}}],"inLanguage":"en-GB"},{"@type":"Organization","@id":"https:\/\/skaitytaknyga.lt\/#organization","name":"skaitytaknyga.lt","url":"https:\/\/skaitytaknyga.lt\/","logo":{"@type":"ImageObject","inLanguage":"en-GB","@id":"https:\/\/skaitytaknyga.lt\/#\/schema\/logo\/image\/","url":"https:\/\/skaitytaknyga.lt\/wp-content\/uploads\/2024\/05\/cropped-cropped-cropped-02_00843_jt3bggkj1j3HLc7SyY6rEUpg.jpeg","contentUrl":"https:\/\/skaitytaknyga.lt\/wp-content\/uploads\/2024\/05\/cropped-cropped-cropped-02_00843_jt3bggkj1j3HLc7SyY6rEUpg.jpeg","width":1600,"height":1600,"caption":"skaitytaknyga.lt"},"image":{"@id":"https:\/\/skaitytaknyga.lt\/#\/schema\/logo\/image\/"},"sameAs":["https:\/\/www.facebook.com\/skaitytaknyga\/"]}]}},"_links":{"self":[{"href":"https:\/\/skaitytaknyga.lt\/en\/wp-json\/wp\/v2\/product\/19775","targetHints":{"allow":["GET"]}}],"collection":[{"href":"https:\/\/skaitytaknyga.lt\/en\/wp-json\/wp\/v2\/product"}],"about":[{"href":"https:\/\/skaitytaknyga.lt\/en\/wp-json\/wp\/v2\/types\/product"}],"replies":[{"embeddable":true,"href":"https:\/\/skaitytaknyga.lt\/en\/wp-json\/wp\/v2\/comments?post=19775"}],"wp:featuredmedia":[{"embeddable":true,"href":"https:\/\/skaitytaknyga.lt\/en\/wp-json\/wp\/v2\/media\/19780"}],"wp:attachment":[{"href":"https:\/\/skaitytaknyga.lt\/en\/wp-json\/wp\/v2\/media?parent=19775"}],"wp:term":[{"taxonomy":"product_brand","embeddable":true,"href":"https:\/\/skaitytaknyga.lt\/en\/wp-json\/wp\/v2\/product_brand?post=19775"},{"taxonomy":"product_cat","embeddable":true,"href":"https:\/\/skaitytaknyga.lt\/en\/wp-json\/wp\/v2\/product_cat?post=19775"},{"taxonomy":"product_tag","embeddable":true,"href":"https:\/\/skaitytaknyga.lt\/en\/wp-json\/wp\/v2\/product_tag?post=19775"}],"curies":[{"name":"wp","href":"https:\/\/api.w.org\/{rel}","templated":true}]}}