{"id":19764,"date":"2025-07-23T08:49:02","date_gmt":"2025-07-23T05:49:02","guid":{"rendered":"https:\/\/skaitytaknyga.lt\/?post_type=product&#038;p=19764"},"modified":"2025-07-31T08:10:34","modified_gmt":"2025-07-31T05:10:34","slug":"vilnius-meiles-stoteles","status":"publish","type":"product","link":"https:\/\/skaitytaknyga.lt\/en\/produktas\/vilnius-meiles-stoteles\/","title":{"rendered":"Vilnius: meil\u0117s stotel\u0117s"},"content":{"rendered":"<p>Daugiau kaip dvide\u0161imt romanti\u0161k\u0173 istorij\u0173 \u2013 dvide\u0161imt meil\u0117s stoteli\u0173 senajame Vilniaus \u017eem\u0117lapyje. Autor\u0117 veda skaitytoj\u0105 nuo namo prie namo ir pasakoja gra\u017eiausias meil\u0117s istorijas, kurios prasid\u0117jo ir pl\u0117tojosi Vilniuje, bet i\u0161gars\u0117jo toli u\u017e miesto ir netgi \u0161alies rib\u0173. Pagaul\u016bs, intriguojantys pasakojimai knygoje \u201eVilnius: meil\u0117s stotel\u0117s\u201c apie \u010dia gyvenusi\u0173 \u017einom\u0173 ir ne visai \u017einom\u0173 \u017emoni\u0173 meil\u0119 savo i\u0161rinktiesiems atskleid\u017eia istorines miesto raidos detales, o kartais leid\u017eia kitaip pa\u017evelgti ir \u012f apra\u0161omas asmenybes.<\/p>\n<p>&#8220;Yra begal\u0117 b\u016bd\u0173 pa\u017einti Vilni\u0173, bet jo ypating\u0105 dvasi\u0105 turb\u016bt galime pajusti tik prisimindami tuos \u017emones, kurie j\u012f stat\u0117, gyn\u0117, kurie \u0161iame mieste gyveno ir k\u016br\u0117 j\u012f i\u0161 meil\u0117s ir su meile.<br \/>\nA\u0161 \u012fsivaizdavau, kad klajoju Senamies\u010dio gatv\u0117mis, dairausi \u012f langus ir nugirstu pokalbi\u0173 nuotrupas, pamatau languose \u0161e\u0161\u0117lius ir siluetus, kurie trumpai \u0161m\u0117k\u0161tel\u0117j\u0119 tuoj pasitraukia \u012f sav\u0173 gyvenim\u0173 gilum\u0105. I\u0161 \u0161i\u0173 gars\u0173 ir vaizd\u0173 susideda savoti\u0161kas spektaklis, kurio dekoracijos \u2013 lyg i\u0161 dangaus nusileidusios Vilniaus ba\u017eny\u010dios, didingi r\u016bmai, siaur\u0173 gatveli\u0173 linkiai, skersgatviai ar aklagatviai ir didele meile alsuojanti miesto dvasia.&#8221;<br \/>\nLiuda Matonien\u0117<\/p>\n","protected":false},"excerpt":{"rendered":"<p>Daugiau kaip dvide\u0161imt romanti\u0161k\u0173 istorij\u0173 \u2013 dvide\u0161imt meil\u0117s stoteli\u0173 senajame Vilniaus \u017eem\u0117lapyje. Autor\u0117 veda skaitytoj\u0105 nuo namo prie namo ir pasakoja gra\u017eiausias meil\u0117s istorijas, kurios prasid\u0117jo ir pl\u0117tojosi Vilniuje, bet i\u0161gars\u0117jo toli u\u017e miesto ir netgi \u0161alies rib\u0173. Pagaul\u016bs, intriguojantys pasakojimai knygoje \u201eVilnius: meil\u0117s stotel\u0117s\u201c apie \u010dia gyvenusi\u0173 \u017einom\u0173 ir ne visai \u017einom\u0173 \u017emoni\u0173 meil\u0119 savo i\u0161rinktiesiems atskleid\u017eia istorines miesto raidos detales, o kartais leid\u017eia kitaip pa\u017evelgti ir \u012f apra\u0161omas asmenybes. &#8220;Yra begal\u0117 b\u016bd\u0173 pa\u017einti Vilni\u0173, bet jo ypating\u0105 dvasi\u0105 turb\u016bt galime pajusti tik prisimindami tuos \u017emones, kurie j\u012f stat\u0117, gyn\u0117, kurie \u0161iame mieste gyveno ir k\u016br\u0117 j\u012f i\u0161 meil\u0117s ir su meile. A\u0161 \u012fsivaizdavau, kad klajoju Senamies\u010dio gatv\u0117mis, dairausi \u012f langus ir nugirstu pokalbi\u0173 nuotrupas, pamatau languose \u0161e\u0161\u0117lius ir siluetus, kurie trumpai \u0161m\u0117k\u0161tel\u0117j\u0119 tuoj pasitraukia \u012f sav\u0173 gyvenim\u0173 gilum\u0105. I\u0161 \u0161i\u0173 gars\u0173 ir vaizd\u0173 susideda savoti\u0161kas spektaklis, kurio dekoracijos \u2013 lyg i\u0161 dangaus nusileidusios Vilniaus ba\u017eny\u010dios, didingi r\u016bmai, siaur\u0173 gatveli\u0173 linkiai, skersgatviai ar aklagatviai ir didele meile alsuojanti miesto dvasia.&#8221; Liuda Matonien\u0117<\/p>\n","protected":false},"featured_media":19774,"comment_status":"open","ping_status":"closed","template":"","meta":{"_acf_changed":false,"site-sidebar-layout":"default","site-content-layout":"","ast-site-content-layout":"default","site-content-style":"default","site-sidebar-style":"default","ast-global-header-display":"","ast-banner-title-visibility":"","ast-main-header-display":"","ast-hfb-above-header-display":"","ast-hfb-below-header-display":"","ast-hfb-mobile-header-display":"","site-post-title":"","ast-breadcrumbs-content":"","ast-featured-img":"","footer-sml-layout":"","ast-disable-related-posts":"","theme-transparent-header-meta":"","adv-header-id-meta":"","stick-header-meta":"","header-above-stick-meta":"","header-main-stick-meta":"","header-below-stick-meta":"","astra-migrate-meta-layouts":"default","ast-page-background-enabled":"default","ast-page-background-meta":{"desktop":{"background-color":"","background-image":"","background-repeat":"repeat","background-position":"center center","background-size":"auto","background-attachment":"scroll","background-type":"","background-media":"","overlay-type":"","overlay-color":"","overlay-opacity":"","overlay-gradient":""},"tablet":{"background-color":"","background-image":"","background-repeat":"repeat","background-position":"center center","background-size":"auto","background-attachment":"scroll","background-type":"","background-media":"","overlay-type":"","overlay-color":"","overlay-opacity":"","overlay-gradient":""},"mobile":{"background-color":"","background-image":"","background-repeat":"repeat","background-position":"center center","background-size":"auto","background-attachment":"scroll","background-type":"","background-media":"","overlay-type":"","overlay-color":"","overlay-opacity":"","overlay-gradient":""}},"ast-content-background-meta":{"desktop":{"background-color":"var(--ast-global-color-4)","background-image":"","background-repeat":"repeat","background-position":"center center","background-size":"auto","background-attachment":"scroll","background-type":"","background-media":"","overlay-type":"","overlay-color":"","overlay-opacity":"","overlay-gradient":""},"tablet":{"background-color":"var(--ast-global-color-4)","background-image":"","background-repeat":"repeat","background-position":"center center","background-size":"auto","background-attachment":"scroll","background-type":"","background-media":"","overlay-type":"","overlay-color":"","overlay-opacity":"","overlay-gradient":""},"mobile":{"background-color":"var(--ast-global-color-4)","background-image":"","background-repeat":"repeat","background-position":"center center","background-size":"auto","background-attachment":"scroll","background-type":"","background-media":"","overlay-type":"","overlay-color":"","overlay-opacity":"","overlay-gradient":""}}},"product_brand":[],"product_cat":[174],"product_tag":[6628,6627,3109,2601,6629],"class_list":{"0":"post-19764","1":"product","2":"type-product","3":"status-publish","4":"has-post-thumbnail","6":"product_cat-istorija-ir-politologija","7":"product_tag-istorinis-pasakojimas","8":"product_tag-liuda-matoniene","9":"product_tag-meiles-istorijos","10":"product_tag-vilnius","11":"product_tag-zinomi-zmones","12":"desktop-align-left","13":"tablet-align-left","14":"mobile-align-left","16":"first","17":"instock","18":"shipping-taxable","19":"purchasable","20":"product-type-simple"},"acf":[],"yoast_head":"<!-- This site is optimized with the Yoast SEO plugin v27.0 - https:\/\/yoast.com\/product\/yoast-seo-wordpress\/ -->\n<title>Vilnius: meil\u0117s stotel\u0117s<\/title>\n<meta name=\"description\" content=\"Daugiau kaip dvide\u0161imt romanti\u0161k\u0173 istorij\u0173 \u2013 dvide\u0161imt meil\u0117s stoteli\u0173 senajame Vilniaus \u017eem\u0117lapyje. Autor\u0117 veda skaitytoj\u0105 nuo namo prie namo ir pasakoja\" \/>\n<meta name=\"robots\" content=\"index, follow, max-snippet:-1, max-image-preview:large, max-video-preview:-1\" \/>\n<link rel=\"canonical\" href=\"https:\/\/skaitytaknyga.lt\/en\/produktas\/vilnius-meiles-stoteles\/\" \/>\n<meta property=\"og:locale\" content=\"en_GB\" \/>\n<meta property=\"og:locale:alternate\" content=\"lt_LT\" \/>\n<meta property=\"og:type\" content=\"article\" \/>\n<meta property=\"og:title\" content=\"Vilnius: meil\u0117s stotel\u0117s\" \/>\n<meta property=\"og:description\" content=\"Daugiau kaip dvide\u0161imt romanti\u0161k\u0173 istorij\u0173 \u2013 dvide\u0161imt meil\u0117s stoteli\u0173 senajame Vilniaus \u017eem\u0117lapyje. Autor\u0117 veda skaitytoj\u0105 nuo namo prie namo ir pasakoja\" \/>\n<meta property=\"og:url\" content=\"https:\/\/skaitytaknyga.lt\/en\/produktas\/vilnius-meiles-stoteles\/\" \/>\n<meta property=\"og:site_name\" content=\"Skaitytaknyga\" \/>\n<meta property=\"article:publisher\" content=\"https:\/\/www.facebook.com\/skaitytaknyga\/\" \/>\n<meta property=\"article:modified_time\" content=\"2025-07-31T05:10:34+00:00\" \/>\n<meta property=\"og:image\" content=\"https:\/\/skaitytaknyga.lt\/wp-content\/uploads\/2025\/07\/Vilnius-meiles-stoteles.jpg\" \/>\n\t<meta property=\"og:image:width\" content=\"315\" \/>\n\t<meta property=\"og:image:height\" content=\"450\" \/>\n\t<meta property=\"og:image:type\" content=\"image\/jpeg\" \/>\n<meta name=\"twitter:card\" content=\"summary_large_image\" \/>\n<meta name=\"twitter:label1\" content=\"Estimated reading time\" \/>\n\t<meta name=\"twitter:data1\" content=\"1 minute\" \/>\n<script type=\"application\/ld+json\" class=\"yoast-schema-graph\">{\"@context\":\"https:\/\/schema.org\",\"@graph\":[{\"@type\":\"WebPage\",\"@id\":\"https:\/\/skaitytaknyga.lt\/produktas\/vilnius-meiles-stoteles\/\",\"url\":\"https:\/\/skaitytaknyga.lt\/produktas\/vilnius-meiles-stoteles\/\",\"name\":\"Vilnius: meil\u0117s stotel\u0117s\",\"isPartOf\":{\"@id\":\"https:\/\/skaitytaknyga.lt\/#website\"},\"primaryImageOfPage\":{\"@id\":\"https:\/\/skaitytaknyga.lt\/produktas\/vilnius-meiles-stoteles\/#primaryimage\"},\"image\":{\"@id\":\"https:\/\/skaitytaknyga.lt\/produktas\/vilnius-meiles-stoteles\/#primaryimage\"},\"thumbnailUrl\":\"https:\/\/skaitytaknyga.lt\/wp-content\/uploads\/2025\/07\/Vilnius-meiles-stoteles.jpg\",\"datePublished\":\"2025-07-23T05:49:02+00:00\",\"dateModified\":\"2025-07-31T05:10:34+00:00\",\"description\":\"Daugiau kaip dvide\u0161imt romanti\u0161k\u0173 istorij\u0173 \u2013 dvide\u0161imt meil\u0117s stoteli\u0173 senajame Vilniaus \u017eem\u0117lapyje. Autor\u0117 veda skaitytoj\u0105 nuo namo prie namo ir pasakoja\",\"breadcrumb\":{\"@id\":\"https:\/\/skaitytaknyga.lt\/produktas\/vilnius-meiles-stoteles\/#breadcrumb\"},\"inLanguage\":\"en-GB\",\"potentialAction\":[{\"@type\":\"ReadAction\",\"target\":[\"https:\/\/skaitytaknyga.lt\/produktas\/vilnius-meiles-stoteles\/\"]}]},{\"@type\":\"ImageObject\",\"inLanguage\":\"en-GB\",\"@id\":\"https:\/\/skaitytaknyga.lt\/produktas\/vilnius-meiles-stoteles\/#primaryimage\",\"url\":\"https:\/\/skaitytaknyga.lt\/wp-content\/uploads\/2025\/07\/Vilnius-meiles-stoteles.jpg\",\"contentUrl\":\"https:\/\/skaitytaknyga.lt\/wp-content\/uploads\/2025\/07\/Vilnius-meiles-stoteles.jpg\",\"width\":315,\"height\":450},{\"@type\":\"BreadcrumbList\",\"@id\":\"https:\/\/skaitytaknyga.lt\/produktas\/vilnius-meiles-stoteles\/#breadcrumb\",\"itemListElement\":[{\"@type\":\"ListItem\",\"position\":1,\"name\":\"Home\",\"item\":\"https:\/\/skaitytaknyga.lt\/\"},{\"@type\":\"ListItem\",\"position\":2,\"name\":\"Parduotuv\u0117\",\"item\":\"https:\/\/skaitytaknyga.lt\/knygu-parduotuve\/\"},{\"@type\":\"ListItem\",\"position\":3,\"name\":\"Vilnius: meil\u0117s stotel\u0117s\"}]},{\"@type\":\"WebSite\",\"@id\":\"https:\/\/skaitytaknyga.lt\/#website\",\"url\":\"https:\/\/skaitytaknyga.lt\/\",\"name\":\"skaitytaknyga.lt\",\"description\":\"Skaitytaknyga.lt \u2013 tai ma\u017eas \u0161eimos verslas, kuris prasid\u0117jo nuo meil\u0117s knygoms ir siekio i\u0161gelb\u0117ti knygas nuo likimo prie konteinerio. Kas vienam nereikalingas daiktas \u2013 kitam lobis, o mes esame tarpininkai, kurie padeda abiems tapti laimingesniems ???? \u017dinome kaip nelengva i\u0161gyventi ma\u017eiems verslams, tad nuo \u0161iol, \u010dia rasite ir kit\u0173, ma\u017e\u0173 \u0161eim\u0173 versl\u0173, rank\u0173 darbo, dovan\u0173 sau ir artimiesiems.\",\"publisher\":{\"@id\":\"https:\/\/skaitytaknyga.lt\/#organization\"},\"potentialAction\":[{\"@type\":\"SearchAction\",\"target\":{\"@type\":\"EntryPoint\",\"urlTemplate\":\"https:\/\/skaitytaknyga.lt\/?s={search_term_string}\"},\"query-input\":{\"@type\":\"PropertyValueSpecification\",\"valueRequired\":true,\"valueName\":\"search_term_string\"}}],\"inLanguage\":\"en-GB\"},{\"@type\":\"Organization\",\"@id\":\"https:\/\/skaitytaknyga.lt\/#organization\",\"name\":\"skaitytaknyga.lt\",\"url\":\"https:\/\/skaitytaknyga.lt\/\",\"logo\":{\"@type\":\"ImageObject\",\"inLanguage\":\"en-GB\",\"@id\":\"https:\/\/skaitytaknyga.lt\/#\/schema\/logo\/image\/\",\"url\":\"https:\/\/skaitytaknyga.lt\/wp-content\/uploads\/2024\/05\/cropped-cropped-cropped-02_00843_jt3bggkj1j3HLc7SyY6rEUpg.jpeg\",\"contentUrl\":\"https:\/\/skaitytaknyga.lt\/wp-content\/uploads\/2024\/05\/cropped-cropped-cropped-02_00843_jt3bggkj1j3HLc7SyY6rEUpg.jpeg\",\"width\":1600,\"height\":1600,\"caption\":\"skaitytaknyga.lt\"},\"image\":{\"@id\":\"https:\/\/skaitytaknyga.lt\/#\/schema\/logo\/image\/\"},\"sameAs\":[\"https:\/\/www.facebook.com\/skaitytaknyga\/\"]}]}<\/script>\n<!-- \/ Yoast SEO plugin. -->","yoast_head_json":{"title":"Vilnius: meil\u0117s stotel\u0117s","description":"Daugiau kaip dvide\u0161imt romanti\u0161k\u0173 istorij\u0173 \u2013 dvide\u0161imt meil\u0117s stoteli\u0173 senajame Vilniaus \u017eem\u0117lapyje. Autor\u0117 veda skaitytoj\u0105 nuo namo prie namo ir pasakoja","robots":{"index":"index","follow":"follow","max-snippet":"max-snippet:-1","max-image-preview":"max-image-preview:large","max-video-preview":"max-video-preview:-1"},"canonical":"https:\/\/skaitytaknyga.lt\/en\/produktas\/vilnius-meiles-stoteles\/","og_locale":"en_GB","og_type":"article","og_title":"[:lt]Vilnius: meil\u0117s stotel\u0117s[:] - Skaitytaknyga","og_description":"Daugiau kaip dvide\u0161imt romanti\u0161k\u0173 istorij\u0173 \u2013 dvide\u0161imt meil\u0117s stoteli\u0173 senajame Vilniaus \u017eem\u0117lapyje. Autor\u0117 veda skaitytoj\u0105 nuo namo prie namo ir pasakoja","og_url":"https:\/\/skaitytaknyga.lt\/en\/produktas\/vilnius-meiles-stoteles\/","og_site_name":"Skaitytaknyga","article_publisher":"https:\/\/www.facebook.com\/skaitytaknyga\/","article_modified_time":"2025-07-31T05:10:34+00:00","og_image":[{"width":315,"height":450,"url":"https:\/\/skaitytaknyga.lt\/wp-content\/uploads\/2025\/07\/Vilnius-meiles-stoteles.jpg","type":"image\/jpeg"}],"twitter_card":"summary_large_image","twitter_misc":{"Estimated reading time":"1 minute"},"schema":{"@context":"https:\/\/schema.org","@graph":[{"@type":"WebPage","@id":"https:\/\/skaitytaknyga.lt\/produktas\/vilnius-meiles-stoteles\/","url":"https:\/\/skaitytaknyga.lt\/produktas\/vilnius-meiles-stoteles\/","name":"Vilnius: meil\u0117s stotel\u0117s","isPartOf":{"@id":"https:\/\/skaitytaknyga.lt\/#website"},"primaryImageOfPage":{"@id":"https:\/\/skaitytaknyga.lt\/produktas\/vilnius-meiles-stoteles\/#primaryimage"},"image":{"@id":"https:\/\/skaitytaknyga.lt\/produktas\/vilnius-meiles-stoteles\/#primaryimage"},"thumbnailUrl":"https:\/\/skaitytaknyga.lt\/wp-content\/uploads\/2025\/07\/Vilnius-meiles-stoteles.jpg","datePublished":"2025-07-23T05:49:02+00:00","dateModified":"2025-07-31T05:10:34+00:00","description":"Daugiau kaip dvide\u0161imt romanti\u0161k\u0173 istorij\u0173 \u2013 dvide\u0161imt meil\u0117s stoteli\u0173 senajame Vilniaus \u017eem\u0117lapyje. Autor\u0117 veda skaitytoj\u0105 nuo namo prie namo ir pasakoja","breadcrumb":{"@id":"https:\/\/skaitytaknyga.lt\/produktas\/vilnius-meiles-stoteles\/#breadcrumb"},"inLanguage":"en-GB","potentialAction":[{"@type":"ReadAction","target":["https:\/\/skaitytaknyga.lt\/produktas\/vilnius-meiles-stoteles\/"]}]},{"@type":"ImageObject","inLanguage":"en-GB","@id":"https:\/\/skaitytaknyga.lt\/produktas\/vilnius-meiles-stoteles\/#primaryimage","url":"https:\/\/skaitytaknyga.lt\/wp-content\/uploads\/2025\/07\/Vilnius-meiles-stoteles.jpg","contentUrl":"https:\/\/skaitytaknyga.lt\/wp-content\/uploads\/2025\/07\/Vilnius-meiles-stoteles.jpg","width":315,"height":450},{"@type":"BreadcrumbList","@id":"https:\/\/skaitytaknyga.lt\/produktas\/vilnius-meiles-stoteles\/#breadcrumb","itemListElement":[{"@type":"ListItem","position":1,"name":"Home","item":"https:\/\/skaitytaknyga.lt\/"},{"@type":"ListItem","position":2,"name":"Parduotuv\u0117","item":"https:\/\/skaitytaknyga.lt\/knygu-parduotuve\/"},{"@type":"ListItem","position":3,"name":"Vilnius: meil\u0117s stotel\u0117s"}]},{"@type":"WebSite","@id":"https:\/\/skaitytaknyga.lt\/#website","url":"https:\/\/skaitytaknyga.lt\/","name":"skaitytaknyga.lt","description":"Skaitytaknyga.lt \u2013 tai ma\u017eas \u0161eimos verslas, kuris prasid\u0117jo nuo meil\u0117s knygoms ir siekio i\u0161gelb\u0117ti knygas nuo likimo prie konteinerio. Kas vienam nereikalingas daiktas \u2013 kitam lobis, o mes esame tarpininkai, kurie padeda abiems tapti laimingesniems ???? \u017dinome kaip nelengva i\u0161gyventi ma\u017eiems verslams, tad nuo \u0161iol, \u010dia rasite ir kit\u0173, ma\u017e\u0173 \u0161eim\u0173 versl\u0173, rank\u0173 darbo, dovan\u0173 sau ir artimiesiems.","publisher":{"@id":"https:\/\/skaitytaknyga.lt\/#organization"},"potentialAction":[{"@type":"SearchAction","target":{"@type":"EntryPoint","urlTemplate":"https:\/\/skaitytaknyga.lt\/?s={search_term_string}"},"query-input":{"@type":"PropertyValueSpecification","valueRequired":true,"valueName":"search_term_string"}}],"inLanguage":"en-GB"},{"@type":"Organization","@id":"https:\/\/skaitytaknyga.lt\/#organization","name":"skaitytaknyga.lt","url":"https:\/\/skaitytaknyga.lt\/","logo":{"@type":"ImageObject","inLanguage":"en-GB","@id":"https:\/\/skaitytaknyga.lt\/#\/schema\/logo\/image\/","url":"https:\/\/skaitytaknyga.lt\/wp-content\/uploads\/2024\/05\/cropped-cropped-cropped-02_00843_jt3bggkj1j3HLc7SyY6rEUpg.jpeg","contentUrl":"https:\/\/skaitytaknyga.lt\/wp-content\/uploads\/2024\/05\/cropped-cropped-cropped-02_00843_jt3bggkj1j3HLc7SyY6rEUpg.jpeg","width":1600,"height":1600,"caption":"skaitytaknyga.lt"},"image":{"@id":"https:\/\/skaitytaknyga.lt\/#\/schema\/logo\/image\/"},"sameAs":["https:\/\/www.facebook.com\/skaitytaknyga\/"]}]}},"_links":{"self":[{"href":"https:\/\/skaitytaknyga.lt\/en\/wp-json\/wp\/v2\/product\/19764","targetHints":{"allow":["GET"]}}],"collection":[{"href":"https:\/\/skaitytaknyga.lt\/en\/wp-json\/wp\/v2\/product"}],"about":[{"href":"https:\/\/skaitytaknyga.lt\/en\/wp-json\/wp\/v2\/types\/product"}],"replies":[{"embeddable":true,"href":"https:\/\/skaitytaknyga.lt\/en\/wp-json\/wp\/v2\/comments?post=19764"}],"wp:featuredmedia":[{"embeddable":true,"href":"https:\/\/skaitytaknyga.lt\/en\/wp-json\/wp\/v2\/media\/19774"}],"wp:attachment":[{"href":"https:\/\/skaitytaknyga.lt\/en\/wp-json\/wp\/v2\/media?parent=19764"}],"wp:term":[{"taxonomy":"product_brand","embeddable":true,"href":"https:\/\/skaitytaknyga.lt\/en\/wp-json\/wp\/v2\/product_brand?post=19764"},{"taxonomy":"product_cat","embeddable":true,"href":"https:\/\/skaitytaknyga.lt\/en\/wp-json\/wp\/v2\/product_cat?post=19764"},{"taxonomy":"product_tag","embeddable":true,"href":"https:\/\/skaitytaknyga.lt\/en\/wp-json\/wp\/v2\/product_tag?post=19764"}],"curies":[{"name":"wp","href":"https:\/\/api.w.org\/{rel}","templated":true}]}}