{"id":19763,"date":"2025-07-23T08:49:02","date_gmt":"2025-07-23T05:49:02","guid":{"rendered":"https:\/\/skaitytaknyga.lt\/?post_type=product&#038;p=19763"},"modified":"2025-12-26T14:47:04","modified_gmt":"2025-12-26T12:47:04","slug":"ten-kur-gieda-veziai","status":"publish","type":"product","link":"https:\/\/skaitytaknyga.lt\/en\/produktas\/ten-kur-gieda-veziai\/","title":{"rendered":"Ten, kur gieda v\u0117\u017eiai"},"content":{"rendered":"<p>Laukini\u0173 Afrikos gyv\u016bn\u0173 tyrin\u0117tojos septyniasde\u0161imtmet\u0117s Delios Owens literat\u016brinis debiutas \u201eTen, kur gieda v\u0117\u017eiai&#8221; tapo pasauline knyg\u0173 leidybos sensacija.<\/p>\n<p>Per trejus metus pasaulyje parduota daugiau nei 12 mln. egzempliori\u0173.<br \/>\nNuo 2019 m. sausio \u2013 Amazon Charts ir The New York Times bestseleri\u0173 s\u0105ra\u0161e, did\u017ei\u0105j\u0105 dal\u012f laiko \u2013 Nr. 1.<br \/>\nLeidykla G. P. Putnam&#8217;s Sons tira\u017e\u0105 spausdino daugiau kaip 50 kart\u0173, lietuvi\u0161kas leidimas kartojamas 15 kart\u0105.<br \/>\nLeidybos teis\u0117s parduotos 49 \u0161alyse.<br \/>\nPagal roman\u0105 sukurtas filmas, kuriame pagrindin\u012f Kajos vaidmen\u012f atlieka jaunoji Holivudo \u017evaig\u017ed\u0117 Daisy Edgar-Jones.<br \/>\nPelki\u0173 Dukra vadinama Kaja Klark atokaus \u0160iaur\u0117s Karolinos miestelio Barkli Kouvo gyventojams yra ne\u012fmenama paslaptis, ji niekinama ir laikoma atmata. Palikta motinos, v\u0117liau \u2013 ir keturi\u0173 broli\u0173 bei seser\u0173, Kaja auga pelki\u0173 apsuptyje tik su t\u0117vu, kuriam n\u0117ma\u017e ner\u016bpi ir kuris netrukus dingsta. Apleista ir izoliuota Kaja i\u0161moksta pragyventi i\u0161 to, k\u0105 si\u016blo gamta, toje derlingoje j\u0105 supan\u010dioje aplinkoje randa ir paguod\u0105.<\/p>\n<p>Tapusi paaugle Kaja susibi\u010diuliauja su vietiniu vaikinu Teitu Vokeriu, \u0161is imasi mokyti j\u0105 skaityti. Laukinis merginos gro\u017eis nepalieka abejingo ir \u010ceiso Endriuso, \u201emiestelio pa\u017eibos ir geriausio \u012f\u017eaid\u0117jo&#8221;. Tad kai pelk\u0117se 1969-\u0173j\u0173 spal\u012f aptinkamas jo lavonas, Kaja tampa pagrindine \u012ftariam\u0105ja.<\/p>\n","protected":false},"excerpt":{"rendered":"<p>Laukini\u0173 Afrikos gyv\u016bn\u0173 tyrin\u0117tojos septyniasde\u0161imtmet\u0117s Delios Owens literat\u016brinis debiutas \u201eTen, kur gieda v\u0117\u017eiai&#8221; tapo pasauline knyg\u0173 leidybos sensacija. Per trejus metus pasaulyje parduota daugiau nei 12 mln. egzempliori\u0173. Nuo 2019 m. sausio \u2013 Amazon Charts ir The New York Times bestseleri\u0173 s\u0105ra\u0161e, did\u017ei\u0105j\u0105 dal\u012f laiko \u2013 Nr. 1. Leidykla G. P. Putnam&#8217;s Sons tira\u017e\u0105 spausdino daugiau kaip 50 kart\u0173, lietuvi\u0161kas leidimas kartojamas 15 kart\u0105. Leidybos teis\u0117s parduotos 49 \u0161alyse. Pagal roman\u0105 sukurtas filmas, kuriame pagrindin\u012f Kajos vaidmen\u012f atlieka jaunoji Holivudo \u017evaig\u017ed\u0117 Daisy Edgar-Jones. Pelki\u0173 Dukra vadinama Kaja Klark atokaus \u0160iaur\u0117s Karolinos miestelio Barkli Kouvo gyventojams yra ne\u012fmenama paslaptis, ji niekinama ir laikoma atmata. Palikta motinos, v\u0117liau \u2013 ir keturi\u0173 broli\u0173 bei seser\u0173, Kaja auga pelki\u0173 apsuptyje tik su t\u0117vu, kuriam n\u0117ma\u017e ner\u016bpi ir kuris netrukus dingsta. Apleista ir izoliuota Kaja i\u0161moksta pragyventi i\u0161 to, k\u0105 si\u016blo gamta, toje derlingoje j\u0105 supan\u010dioje aplinkoje randa ir paguod\u0105. Tapusi paaugle Kaja susibi\u010diuliauja su vietiniu vaikinu Teitu Vokeriu, \u0161is imasi mokyti j\u0105 skaityti. Laukinis merginos gro\u017eis nepalieka abejingo ir \u010ceiso Endriuso, \u201emiestelio pa\u017eibos ir geriausio \u012f\u017eaid\u0117jo&#8221;. Tad kai pelk\u0117se 1969-\u0173j\u0173 spal\u012f aptinkamas jo lavonas, Kaja tampa pagrindine \u012ftariam\u0105ja.<\/p>\n","protected":false},"featured_media":19773,"comment_status":"open","ping_status":"closed","template":"","meta":{"_acf_changed":false,"site-sidebar-layout":"default","site-content-layout":"","ast-site-content-layout":"default","site-content-style":"default","site-sidebar-style":"default","ast-global-header-display":"","ast-banner-title-visibility":"","ast-main-header-display":"","ast-hfb-above-header-display":"","ast-hfb-below-header-display":"","ast-hfb-mobile-header-display":"","site-post-title":"","ast-breadcrumbs-content":"","ast-featured-img":"","footer-sml-layout":"","ast-disable-related-posts":"","theme-transparent-header-meta":"","adv-header-id-meta":"","stick-header-meta":"","header-above-stick-meta":"","header-main-stick-meta":"","header-below-stick-meta":"","astra-migrate-meta-layouts":"default","ast-page-background-enabled":"default","ast-page-background-meta":{"desktop":{"background-color":"","background-image":"","background-repeat":"repeat","background-position":"center center","background-size":"auto","background-attachment":"scroll","background-type":"","background-media":"","overlay-type":"","overlay-color":"","overlay-opacity":"","overlay-gradient":""},"tablet":{"background-color":"","background-image":"","background-repeat":"repeat","background-position":"center center","background-size":"auto","background-attachment":"scroll","background-type":"","background-media":"","overlay-type":"","overlay-color":"","overlay-opacity":"","overlay-gradient":""},"mobile":{"background-color":"","background-image":"","background-repeat":"repeat","background-position":"center center","background-size":"auto","background-attachment":"scroll","background-type":"","background-media":"","overlay-type":"","overlay-color":"","overlay-opacity":"","overlay-gradient":""}},"ast-content-background-meta":{"desktop":{"background-color":"var(--ast-global-color-4)","background-image":"","background-repeat":"repeat","background-position":"center center","background-size":"auto","background-attachment":"scroll","background-type":"","background-media":"","overlay-type":"","overlay-color":"","overlay-opacity":"","overlay-gradient":""},"tablet":{"background-color":"var(--ast-global-color-4)","background-image":"","background-repeat":"repeat","background-position":"center center","background-size":"auto","background-attachment":"scroll","background-type":"","background-media":"","overlay-type":"","overlay-color":"","overlay-opacity":"","overlay-gradient":""},"mobile":{"background-color":"var(--ast-global-color-4)","background-image":"","background-repeat":"repeat","background-position":"center center","background-size":"auto","background-attachment":"scroll","background-type":"","background-media":"","overlay-type":"","overlay-color":"","overlay-opacity":"","overlay-gradient":""}}},"product_brand":[],"product_cat":[15],"product_tag":[6625,1802,3164,1796,6626,1745,3241],"class_list":{"0":"post-19763","1":"product","2":"type-product","3":"status-publish","4":"has-post-thumbnail","6":"product_cat-uncategorized","7":"product_tag-delia-owens","8":"product_tag-gamta","9":"product_tag-kriminaline-drama","10":"product_tag-meile","11":"product_tag-pietu-karolina","12":"product_tag-romanas","13":"product_tag-vienatve","14":"desktop-align-left","15":"tablet-align-left","16":"mobile-align-left","18":"first","19":"instock","20":"shipping-taxable","21":"purchasable","22":"product-type-simple"},"acf":[],"yoast_head":"<!-- This site is optimized with the Yoast SEO plugin v27.0 - https:\/\/yoast.com\/product\/yoast-seo-wordpress\/ -->\n<title>Ten, kur gieda v\u0117\u017eiai<\/title>\n<meta name=\"description\" content=\"Laukini\u0173 Afrikos gyv\u016bn\u0173 tyrin\u0117tojos septyniasde\u0161imtmet\u0117s Delios Owens literat\u016brinis debiutas \u201eTen, kur gieda v\u0117\u017eiai&quot; tapo pasauline knyg\u0173 leidybos\" \/>\n<meta name=\"robots\" content=\"index, follow, max-snippet:-1, max-image-preview:large, max-video-preview:-1\" \/>\n<link rel=\"canonical\" href=\"https:\/\/skaitytaknyga.lt\/en\/produktas\/ten-kur-gieda-veziai\/\" \/>\n<meta property=\"og:locale\" content=\"en_GB\" \/>\n<meta property=\"og:locale:alternate\" content=\"lt_LT\" \/>\n<meta property=\"og:type\" content=\"article\" \/>\n<meta property=\"og:title\" content=\"Ten, kur gieda v\u0117\u017eiai\" \/>\n<meta property=\"og:description\" content=\"Laukini\u0173 Afrikos gyv\u016bn\u0173 tyrin\u0117tojos septyniasde\u0161imtmet\u0117s Delios Owens literat\u016brinis debiutas \u201eTen, kur gieda v\u0117\u017eiai&quot; tapo pasauline knyg\u0173 leidybos\" \/>\n<meta property=\"og:url\" content=\"https:\/\/skaitytaknyga.lt\/en\/produktas\/ten-kur-gieda-veziai\/\" \/>\n<meta property=\"og:site_name\" content=\"Skaitytaknyga\" \/>\n<meta property=\"article:publisher\" content=\"https:\/\/www.facebook.com\/skaitytaknyga\/\" \/>\n<meta property=\"article:modified_time\" content=\"2025-12-26T12:47:04+00:00\" \/>\n<meta property=\"og:image\" content=\"https:\/\/skaitytaknyga.lt\/wp-content\/uploads\/2025\/07\/Ten-kur-gieda-veziai-1.webp\" \/>\n\t<meta property=\"og:image:width\" content=\"417\" \/>\n\t<meta property=\"og:image:height\" content=\"621\" \/>\n\t<meta property=\"og:image:type\" content=\"image\/webp\" \/>\n<meta name=\"twitter:card\" content=\"summary_large_image\" \/>\n<meta name=\"twitter:label1\" content=\"Estimated reading time\" \/>\n\t<meta name=\"twitter:data1\" content=\"1 minute\" \/>\n<script type=\"application\/ld+json\" class=\"yoast-schema-graph\">{\"@context\":\"https:\/\/schema.org\",\"@graph\":[{\"@type\":\"WebPage\",\"@id\":\"https:\/\/skaitytaknyga.lt\/produktas\/ten-kur-gieda-veziai\/\",\"url\":\"https:\/\/skaitytaknyga.lt\/produktas\/ten-kur-gieda-veziai\/\",\"name\":\"Ten, kur gieda v\u0117\u017eiai\",\"isPartOf\":{\"@id\":\"https:\/\/skaitytaknyga.lt\/#website\"},\"primaryImageOfPage\":{\"@id\":\"https:\/\/skaitytaknyga.lt\/produktas\/ten-kur-gieda-veziai\/#primaryimage\"},\"image\":{\"@id\":\"https:\/\/skaitytaknyga.lt\/produktas\/ten-kur-gieda-veziai\/#primaryimage\"},\"thumbnailUrl\":\"https:\/\/skaitytaknyga.lt\/wp-content\/uploads\/2025\/07\/Ten-kur-gieda-veziai-1.webp\",\"datePublished\":\"2025-07-23T05:49:02+00:00\",\"dateModified\":\"2025-12-26T12:47:04+00:00\",\"description\":\"Laukini\u0173 Afrikos gyv\u016bn\u0173 tyrin\u0117tojos septyniasde\u0161imtmet\u0117s Delios Owens literat\u016brinis debiutas \u201eTen, kur gieda v\u0117\u017eiai\\\" tapo pasauline knyg\u0173 leidybos\",\"breadcrumb\":{\"@id\":\"https:\/\/skaitytaknyga.lt\/produktas\/ten-kur-gieda-veziai\/#breadcrumb\"},\"inLanguage\":\"en-GB\",\"potentialAction\":[{\"@type\":\"ReadAction\",\"target\":[\"https:\/\/skaitytaknyga.lt\/produktas\/ten-kur-gieda-veziai\/\"]}]},{\"@type\":\"ImageObject\",\"inLanguage\":\"en-GB\",\"@id\":\"https:\/\/skaitytaknyga.lt\/produktas\/ten-kur-gieda-veziai\/#primaryimage\",\"url\":\"https:\/\/skaitytaknyga.lt\/wp-content\/uploads\/2025\/07\/Ten-kur-gieda-veziai-1.webp\",\"contentUrl\":\"https:\/\/skaitytaknyga.lt\/wp-content\/uploads\/2025\/07\/Ten-kur-gieda-veziai-1.webp\",\"width\":417,\"height\":621,\"caption\":\"Ten, kur gieda v\u0117\u017eiai\"},{\"@type\":\"BreadcrumbList\",\"@id\":\"https:\/\/skaitytaknyga.lt\/produktas\/ten-kur-gieda-veziai\/#breadcrumb\",\"itemListElement\":[{\"@type\":\"ListItem\",\"position\":1,\"name\":\"Home\",\"item\":\"https:\/\/skaitytaknyga.lt\/\"},{\"@type\":\"ListItem\",\"position\":2,\"name\":\"Parduotuv\u0117\",\"item\":\"https:\/\/skaitytaknyga.lt\/knygu-parduotuve\/\"},{\"@type\":\"ListItem\",\"position\":3,\"name\":\"Ten, kur gieda v\u0117\u017eiai\"}]},{\"@type\":\"WebSite\",\"@id\":\"https:\/\/skaitytaknyga.lt\/#website\",\"url\":\"https:\/\/skaitytaknyga.lt\/\",\"name\":\"skaitytaknyga.lt\",\"description\":\"Skaitytaknyga.lt \u2013 tai ma\u017eas \u0161eimos verslas, kuris prasid\u0117jo nuo meil\u0117s knygoms ir siekio i\u0161gelb\u0117ti knygas nuo likimo prie konteinerio. Kas vienam nereikalingas daiktas \u2013 kitam lobis, o mes esame tarpininkai, kurie padeda abiems tapti laimingesniems ???? \u017dinome kaip nelengva i\u0161gyventi ma\u017eiems verslams, tad nuo \u0161iol, \u010dia rasite ir kit\u0173, ma\u017e\u0173 \u0161eim\u0173 versl\u0173, rank\u0173 darbo, dovan\u0173 sau ir artimiesiems.\",\"publisher\":{\"@id\":\"https:\/\/skaitytaknyga.lt\/#organization\"},\"potentialAction\":[{\"@type\":\"SearchAction\",\"target\":{\"@type\":\"EntryPoint\",\"urlTemplate\":\"https:\/\/skaitytaknyga.lt\/?s={search_term_string}\"},\"query-input\":{\"@type\":\"PropertyValueSpecification\",\"valueRequired\":true,\"valueName\":\"search_term_string\"}}],\"inLanguage\":\"en-GB\"},{\"@type\":\"Organization\",\"@id\":\"https:\/\/skaitytaknyga.lt\/#organization\",\"name\":\"skaitytaknyga.lt\",\"url\":\"https:\/\/skaitytaknyga.lt\/\",\"logo\":{\"@type\":\"ImageObject\",\"inLanguage\":\"en-GB\",\"@id\":\"https:\/\/skaitytaknyga.lt\/#\/schema\/logo\/image\/\",\"url\":\"https:\/\/skaitytaknyga.lt\/wp-content\/uploads\/2024\/05\/cropped-cropped-cropped-02_00843_jt3bggkj1j3HLc7SyY6rEUpg.jpeg\",\"contentUrl\":\"https:\/\/skaitytaknyga.lt\/wp-content\/uploads\/2024\/05\/cropped-cropped-cropped-02_00843_jt3bggkj1j3HLc7SyY6rEUpg.jpeg\",\"width\":1600,\"height\":1600,\"caption\":\"skaitytaknyga.lt\"},\"image\":{\"@id\":\"https:\/\/skaitytaknyga.lt\/#\/schema\/logo\/image\/\"},\"sameAs\":[\"https:\/\/www.facebook.com\/skaitytaknyga\/\"]}]}<\/script>\n<!-- \/ Yoast SEO plugin. -->","yoast_head_json":{"title":"Ten, kur gieda v\u0117\u017eiai","description":"Laukini\u0173 Afrikos gyv\u016bn\u0173 tyrin\u0117tojos septyniasde\u0161imtmet\u0117s Delios Owens literat\u016brinis debiutas \u201eTen, kur gieda v\u0117\u017eiai\" tapo pasauline knyg\u0173 leidybos","robots":{"index":"index","follow":"follow","max-snippet":"max-snippet:-1","max-image-preview":"max-image-preview:large","max-video-preview":"max-video-preview:-1"},"canonical":"https:\/\/skaitytaknyga.lt\/en\/produktas\/ten-kur-gieda-veziai\/","og_locale":"en_GB","og_type":"article","og_title":"[:lt]Ten, kur gieda v\u0117\u017eiai[:] - Skaitytaknyga","og_description":"Laukini\u0173 Afrikos gyv\u016bn\u0173 tyrin\u0117tojos septyniasde\u0161imtmet\u0117s Delios Owens literat\u016brinis debiutas \u201eTen, kur gieda v\u0117\u017eiai\" tapo pasauline knyg\u0173 leidybos","og_url":"https:\/\/skaitytaknyga.lt\/en\/produktas\/ten-kur-gieda-veziai\/","og_site_name":"Skaitytaknyga","article_publisher":"https:\/\/www.facebook.com\/skaitytaknyga\/","article_modified_time":"2025-12-26T12:47:04+00:00","og_image":[{"width":417,"height":621,"url":"https:\/\/skaitytaknyga.lt\/wp-content\/uploads\/2025\/07\/Ten-kur-gieda-veziai-1.webp","type":"image\/webp"}],"twitter_card":"summary_large_image","twitter_misc":{"Estimated reading time":"1 minute"},"schema":{"@context":"https:\/\/schema.org","@graph":[{"@type":"WebPage","@id":"https:\/\/skaitytaknyga.lt\/produktas\/ten-kur-gieda-veziai\/","url":"https:\/\/skaitytaknyga.lt\/produktas\/ten-kur-gieda-veziai\/","name":"Ten, kur gieda v\u0117\u017eiai","isPartOf":{"@id":"https:\/\/skaitytaknyga.lt\/#website"},"primaryImageOfPage":{"@id":"https:\/\/skaitytaknyga.lt\/produktas\/ten-kur-gieda-veziai\/#primaryimage"},"image":{"@id":"https:\/\/skaitytaknyga.lt\/produktas\/ten-kur-gieda-veziai\/#primaryimage"},"thumbnailUrl":"https:\/\/skaitytaknyga.lt\/wp-content\/uploads\/2025\/07\/Ten-kur-gieda-veziai-1.webp","datePublished":"2025-07-23T05:49:02+00:00","dateModified":"2025-12-26T12:47:04+00:00","description":"Laukini\u0173 Afrikos gyv\u016bn\u0173 tyrin\u0117tojos septyniasde\u0161imtmet\u0117s Delios Owens literat\u016brinis debiutas \u201eTen, kur gieda v\u0117\u017eiai\" tapo pasauline knyg\u0173 leidybos","breadcrumb":{"@id":"https:\/\/skaitytaknyga.lt\/produktas\/ten-kur-gieda-veziai\/#breadcrumb"},"inLanguage":"en-GB","potentialAction":[{"@type":"ReadAction","target":["https:\/\/skaitytaknyga.lt\/produktas\/ten-kur-gieda-veziai\/"]}]},{"@type":"ImageObject","inLanguage":"en-GB","@id":"https:\/\/skaitytaknyga.lt\/produktas\/ten-kur-gieda-veziai\/#primaryimage","url":"https:\/\/skaitytaknyga.lt\/wp-content\/uploads\/2025\/07\/Ten-kur-gieda-veziai-1.webp","contentUrl":"https:\/\/skaitytaknyga.lt\/wp-content\/uploads\/2025\/07\/Ten-kur-gieda-veziai-1.webp","width":417,"height":621,"caption":"Ten, kur gieda v\u0117\u017eiai"},{"@type":"BreadcrumbList","@id":"https:\/\/skaitytaknyga.lt\/produktas\/ten-kur-gieda-veziai\/#breadcrumb","itemListElement":[{"@type":"ListItem","position":1,"name":"Home","item":"https:\/\/skaitytaknyga.lt\/"},{"@type":"ListItem","position":2,"name":"Parduotuv\u0117","item":"https:\/\/skaitytaknyga.lt\/knygu-parduotuve\/"},{"@type":"ListItem","position":3,"name":"Ten, kur gieda v\u0117\u017eiai"}]},{"@type":"WebSite","@id":"https:\/\/skaitytaknyga.lt\/#website","url":"https:\/\/skaitytaknyga.lt\/","name":"skaitytaknyga.lt","description":"Skaitytaknyga.lt \u2013 tai ma\u017eas \u0161eimos verslas, kuris prasid\u0117jo nuo meil\u0117s knygoms ir siekio i\u0161gelb\u0117ti knygas nuo likimo prie konteinerio. Kas vienam nereikalingas daiktas \u2013 kitam lobis, o mes esame tarpininkai, kurie padeda abiems tapti laimingesniems ???? \u017dinome kaip nelengva i\u0161gyventi ma\u017eiems verslams, tad nuo \u0161iol, \u010dia rasite ir kit\u0173, ma\u017e\u0173 \u0161eim\u0173 versl\u0173, rank\u0173 darbo, dovan\u0173 sau ir artimiesiems.","publisher":{"@id":"https:\/\/skaitytaknyga.lt\/#organization"},"potentialAction":[{"@type":"SearchAction","target":{"@type":"EntryPoint","urlTemplate":"https:\/\/skaitytaknyga.lt\/?s={search_term_string}"},"query-input":{"@type":"PropertyValueSpecification","valueRequired":true,"valueName":"search_term_string"}}],"inLanguage":"en-GB"},{"@type":"Organization","@id":"https:\/\/skaitytaknyga.lt\/#organization","name":"skaitytaknyga.lt","url":"https:\/\/skaitytaknyga.lt\/","logo":{"@type":"ImageObject","inLanguage":"en-GB","@id":"https:\/\/skaitytaknyga.lt\/#\/schema\/logo\/image\/","url":"https:\/\/skaitytaknyga.lt\/wp-content\/uploads\/2024\/05\/cropped-cropped-cropped-02_00843_jt3bggkj1j3HLc7SyY6rEUpg.jpeg","contentUrl":"https:\/\/skaitytaknyga.lt\/wp-content\/uploads\/2024\/05\/cropped-cropped-cropped-02_00843_jt3bggkj1j3HLc7SyY6rEUpg.jpeg","width":1600,"height":1600,"caption":"skaitytaknyga.lt"},"image":{"@id":"https:\/\/skaitytaknyga.lt\/#\/schema\/logo\/image\/"},"sameAs":["https:\/\/www.facebook.com\/skaitytaknyga\/"]}]}},"_links":{"self":[{"href":"https:\/\/skaitytaknyga.lt\/en\/wp-json\/wp\/v2\/product\/19763","targetHints":{"allow":["GET"]}}],"collection":[{"href":"https:\/\/skaitytaknyga.lt\/en\/wp-json\/wp\/v2\/product"}],"about":[{"href":"https:\/\/skaitytaknyga.lt\/en\/wp-json\/wp\/v2\/types\/product"}],"replies":[{"embeddable":true,"href":"https:\/\/skaitytaknyga.lt\/en\/wp-json\/wp\/v2\/comments?post=19763"}],"wp:featuredmedia":[{"embeddable":true,"href":"https:\/\/skaitytaknyga.lt\/en\/wp-json\/wp\/v2\/media\/19773"}],"wp:attachment":[{"href":"https:\/\/skaitytaknyga.lt\/en\/wp-json\/wp\/v2\/media?parent=19763"}],"wp:term":[{"taxonomy":"product_brand","embeddable":true,"href":"https:\/\/skaitytaknyga.lt\/en\/wp-json\/wp\/v2\/product_brand?post=19763"},{"taxonomy":"product_cat","embeddable":true,"href":"https:\/\/skaitytaknyga.lt\/en\/wp-json\/wp\/v2\/product_cat?post=19763"},{"taxonomy":"product_tag","embeddable":true,"href":"https:\/\/skaitytaknyga.lt\/en\/wp-json\/wp\/v2\/product_tag?post=19763"}],"curies":[{"name":"wp","href":"https:\/\/api.w.org\/{rel}","templated":true}]}}