{"id":19762,"date":"2025-07-23T08:49:02","date_gmt":"2025-07-23T05:49:02","guid":{"rendered":"https:\/\/skaitytaknyga.lt\/?post_type=product&#038;p=19762"},"modified":"2026-03-05T10:46:09","modified_gmt":"2026-03-05T08:46:09","slug":"atpildas","status":"publish","type":"product","link":"https:\/\/skaitytaknyga.lt\/en\/produktas\/atpildas\/","title":{"rendered":"Atpildas"},"content":{"rendered":"<p>\u0160iame \u012fsimintiname naujame romane John Grisham pasakoja apie sveiku protu nesuvokiam\u0105 \u017emog\u017eudyst\u0119, j\u0105 lyd\u0117jus\u012f, keist\u0105 teismo proces\u0105, ir stipr\u0173, ilgalaik\u012f \u012fvyki\u0173 poveik\u012f Fordo apygardos gyventojams.<\/p>\n<p>Pitas Beningas buvo mylimas Klantono s\u016bnus, namo gr\u012f\u017e\u0119s karo didvyris, garsios \u0161eimos patriarchas, \u016bkininkas, t\u0117vas, kaimynas, i\u0161tikimas metodist\u0173 ba\u017eny\u010dios narys. Vien\u0105 ankstyv\u0105, v\u0117s\u0173 1946-\u0173 spalio ryt\u0105, jis atsik\u0117l\u0117 i\u0161 lovos, nuva\u017eiavo \u012f miest\u0105, \u012f\u017eeng\u0117 \u012f ba\u017eny\u010di\u0105 ir \u0161altakrauji\u0161kai nu\u0161ov\u0117 pastori\u0173 Dekster\u012f Bel\u0105.<\/p>\n<p>Tarsi b\u016bt\u0173 ma\u017ea \u017emog\u017eudyst\u0117s pakurstyto \u0161oko, dar didesn\u012f s\u0105my\u0161\u012f suk\u0117l\u0117 vienintelis Pito parei\u0161kimas \u0161erifui, savo advokatui, teis\u0117jui, \u0161eimai, draugams ir Klantono gyventojams \u2014 \u201eA\u0161 neturiu, k\u0105 pasakyti&#8221;.<\/p>\n<p>Taip garbiojo pastoriaus Belo nu\u017eudymas tapo paslaptingiausiu ir \u012fsimintiniausiu nusikaltimu, su kokiu teko susidurti Fordo apygardai.<\/p>\n","protected":false},"excerpt":{"rendered":"<p>\u0160iame \u012fsimintiname naujame romane John Grisham pasakoja apie sveiku protu nesuvokiam\u0105 \u017emog\u017eudyst\u0119, j\u0105 lyd\u0117jus\u012f, keist\u0105 teismo proces\u0105, ir stipr\u0173, ilgalaik\u012f \u012fvyki\u0173 poveik\u012f Fordo apygardos gyventojams. Pitas Beningas buvo mylimas Klantono s\u016bnus, namo gr\u012f\u017e\u0119s karo didvyris, garsios \u0161eimos patriarchas, \u016bkininkas, t\u0117vas, kaimynas, i\u0161tikimas metodist\u0173 ba\u017eny\u010dios narys. Vien\u0105 ankstyv\u0105, v\u0117s\u0173 1946-\u0173 spalio ryt\u0105, jis atsik\u0117l\u0117 i\u0161 lovos, nuva\u017eiavo \u012f miest\u0105, \u012f\u017eeng\u0117 \u012f ba\u017eny\u010di\u0105 ir \u0161altakrauji\u0161kai nu\u0161ov\u0117 pastori\u0173 Dekster\u012f Bel\u0105. Tarsi b\u016bt\u0173 ma\u017ea \u017emog\u017eudyst\u0117s pakurstyto \u0161oko, dar didesn\u012f s\u0105my\u0161\u012f suk\u0117l\u0117 vienintelis Pito parei\u0161kimas \u0161erifui, savo advokatui, teis\u0117jui, \u0161eimai, draugams ir Klantono gyventojams \u2014 \u201eA\u0161 neturiu, k\u0105 pasakyti&#8221;. Taip garbiojo pastoriaus Belo nu\u017eudymas tapo paslaptingiausiu ir \u012fsimintiniausiu nusikaltimu, su kokiu teko susidurti Fordo apygardai.<\/p>\n","protected":false},"featured_media":19772,"comment_status":"open","ping_status":"closed","template":"","meta":{"_acf_changed":false,"site-sidebar-layout":"default","site-content-layout":"","ast-site-content-layout":"default","site-content-style":"default","site-sidebar-style":"default","ast-global-header-display":"","ast-banner-title-visibility":"","ast-main-header-display":"","ast-hfb-above-header-display":"","ast-hfb-below-header-display":"","ast-hfb-mobile-header-display":"","site-post-title":"","ast-breadcrumbs-content":"","ast-featured-img":"","footer-sml-layout":"","ast-disable-related-posts":"","theme-transparent-header-meta":"","adv-header-id-meta":"","stick-header-meta":"","header-above-stick-meta":"","header-main-stick-meta":"","header-below-stick-meta":"","astra-migrate-meta-layouts":"default","ast-page-background-enabled":"default","ast-page-background-meta":{"desktop":{"background-color":"","background-image":"","background-repeat":"repeat","background-position":"center center","background-size":"auto","background-attachment":"scroll","background-type":"","background-media":"","overlay-type":"","overlay-color":"","overlay-opacity":"","overlay-gradient":""},"tablet":{"background-color":"","background-image":"","background-repeat":"repeat","background-position":"center center","background-size":"auto","background-attachment":"scroll","background-type":"","background-media":"","overlay-type":"","overlay-color":"","overlay-opacity":"","overlay-gradient":""},"mobile":{"background-color":"","background-image":"","background-repeat":"repeat","background-position":"center center","background-size":"auto","background-attachment":"scroll","background-type":"","background-media":"","overlay-type":"","overlay-color":"","overlay-opacity":"","overlay-gradient":""}},"ast-content-background-meta":{"desktop":{"background-color":"var(--ast-global-color-4)","background-image":"","background-repeat":"repeat","background-position":"center center","background-size":"auto","background-attachment":"scroll","background-type":"","background-media":"","overlay-type":"","overlay-color":"","overlay-opacity":"","overlay-gradient":""},"tablet":{"background-color":"var(--ast-global-color-4)","background-image":"","background-repeat":"repeat","background-position":"center center","background-size":"auto","background-attachment":"scroll","background-type":"","background-media":"","overlay-type":"","overlay-color":"","overlay-opacity":"","overlay-gradient":""},"mobile":{"background-color":"var(--ast-global-color-4)","background-image":"","background-repeat":"repeat","background-position":"center center","background-size":"auto","background-attachment":"scroll","background-type":"","background-media":"","overlay-type":"","overlay-color":"","overlay-opacity":"","overlay-gradient":""}}},"product_brand":[],"product_cat":[9581],"product_tag":[2901,6623,6624,2312,2093,1587],"class_list":{"0":"post-19762","1":"product","2":"type-product","3":"status-publish","4":"has-post-thumbnail","6":"product_cat-kriminaliniai-romanai","7":"product_tag-drama","8":"product_tag-john-grisham","9":"product_tag-karo-veteranas","10":"product_tag-nusikaltimas","11":"product_tag-teismas","12":"product_tag-trileris","13":"desktop-align-left","14":"tablet-align-left","15":"mobile-align-left","17":"first","18":"instock","19":"shipping-taxable","20":"purchasable","21":"product-type-simple"},"acf":[],"yoast_head":"<!-- This site is optimized with the Yoast SEO plugin v27.4 - https:\/\/yoast.com\/product\/yoast-seo-wordpress\/ -->\n<title>Atpildas<\/title>\n<meta name=\"description\" content=\"\u0160iame \u012fsimintiname naujame romane John Grisham pasakoja apie sveiku protu nesuvokiam\u0105 \u017emog\u017eudyst\u0119, j\u0105 lyd\u0117jus\u012f, keist\u0105 teismo proces\u0105, ir stipr\u0173,\" \/>\n<meta name=\"robots\" content=\"index, follow, max-snippet:-1, max-image-preview:large, max-video-preview:-1\" \/>\n<link rel=\"canonical\" href=\"https:\/\/skaitytaknyga.lt\/en\/produktas\/atpildas\/\" \/>\n<meta property=\"og:locale\" content=\"en_GB\" \/>\n<meta property=\"og:locale:alternate\" content=\"lt_LT\" \/>\n<meta property=\"og:type\" content=\"article\" \/>\n<meta property=\"og:title\" content=\"Atpildas\" \/>\n<meta property=\"og:description\" content=\"\u0160iame \u012fsimintiname naujame romane John Grisham pasakoja apie sveiku protu nesuvokiam\u0105 \u017emog\u017eudyst\u0119, j\u0105 lyd\u0117jus\u012f, keist\u0105 teismo proces\u0105, ir stipr\u0173,\" \/>\n<meta property=\"og:url\" content=\"https:\/\/skaitytaknyga.lt\/en\/produktas\/atpildas\/\" \/>\n<meta property=\"og:site_name\" content=\"Skaitytaknyga\" \/>\n<meta property=\"article:publisher\" content=\"https:\/\/www.facebook.com\/skaitytaknyga\/\" \/>\n<meta property=\"article:modified_time\" content=\"2026-03-05T08:46:09+00:00\" \/>\n<meta property=\"og:image\" content=\"https:\/\/skaitytaknyga.lt\/wp-content\/uploads\/2025\/07\/Atpildas-1.webp\" \/>\n\t<meta property=\"og:image:width\" content=\"528\" \/>\n\t<meta property=\"og:image:height\" content=\"801\" \/>\n\t<meta property=\"og:image:type\" content=\"image\/webp\" \/>\n<meta name=\"twitter:card\" content=\"summary_large_image\" \/>\n<meta name=\"twitter:label1\" content=\"Estimated reading time\" \/>\n\t<meta name=\"twitter:data1\" content=\"1 minute\" \/>\n<script type=\"application\/ld+json\" class=\"yoast-schema-graph\">{\"@context\":\"https:\\\/\\\/schema.org\",\"@graph\":[{\"@type\":\"WebPage\",\"@id\":\"https:\\\/\\\/skaitytaknyga.lt\\\/produktas\\\/atpildas\\\/\",\"url\":\"https:\\\/\\\/skaitytaknyga.lt\\\/produktas\\\/atpildas\\\/\",\"name\":\"Atpildas\",\"isPartOf\":{\"@id\":\"https:\\\/\\\/skaitytaknyga.lt\\\/#website\"},\"primaryImageOfPage\":{\"@id\":\"https:\\\/\\\/skaitytaknyga.lt\\\/produktas\\\/atpildas\\\/#primaryimage\"},\"image\":{\"@id\":\"https:\\\/\\\/skaitytaknyga.lt\\\/produktas\\\/atpildas\\\/#primaryimage\"},\"thumbnailUrl\":\"https:\\\/\\\/skaitytaknyga.lt\\\/wp-content\\\/uploads\\\/2025\\\/07\\\/Atpildas-1.webp\",\"datePublished\":\"2025-07-23T05:49:02+00:00\",\"dateModified\":\"2026-03-05T08:46:09+00:00\",\"description\":\"\u0160iame \u012fsimintiname naujame romane John Grisham pasakoja apie sveiku protu nesuvokiam\u0105 \u017emog\u017eudyst\u0119, j\u0105 lyd\u0117jus\u012f, keist\u0105 teismo proces\u0105, ir stipr\u0173,\",\"breadcrumb\":{\"@id\":\"https:\\\/\\\/skaitytaknyga.lt\\\/produktas\\\/atpildas\\\/#breadcrumb\"},\"inLanguage\":\"en-GB\",\"potentialAction\":[{\"@type\":\"ReadAction\",\"target\":[\"https:\\\/\\\/skaitytaknyga.lt\\\/produktas\\\/atpildas\\\/\"]}]},{\"@type\":\"ImageObject\",\"inLanguage\":\"en-GB\",\"@id\":\"https:\\\/\\\/skaitytaknyga.lt\\\/produktas\\\/atpildas\\\/#primaryimage\",\"url\":\"https:\\\/\\\/skaitytaknyga.lt\\\/wp-content\\\/uploads\\\/2025\\\/07\\\/Atpildas-1.webp\",\"contentUrl\":\"https:\\\/\\\/skaitytaknyga.lt\\\/wp-content\\\/uploads\\\/2025\\\/07\\\/Atpildas-1.webp\",\"width\":528,\"height\":801,\"caption\":\"Atpildas\"},{\"@type\":\"BreadcrumbList\",\"@id\":\"https:\\\/\\\/skaitytaknyga.lt\\\/produktas\\\/atpildas\\\/#breadcrumb\",\"itemListElement\":[{\"@type\":\"ListItem\",\"position\":1,\"name\":\"Home\",\"item\":\"https:\\\/\\\/skaitytaknyga.lt\\\/\"},{\"@type\":\"ListItem\",\"position\":2,\"name\":\"Parduotuv\u0117\",\"item\":\"https:\\\/\\\/skaitytaknyga.lt\\\/knygu-parduotuve\\\/\"},{\"@type\":\"ListItem\",\"position\":3,\"name\":\"Atpildas\"}]},{\"@type\":\"WebSite\",\"@id\":\"https:\\\/\\\/skaitytaknyga.lt\\\/#website\",\"url\":\"https:\\\/\\\/skaitytaknyga.lt\\\/\",\"name\":\"skaitytaknyga.lt\",\"description\":\"Skaitytaknyga.lt \u2013 tai ma\u017eas \u0161eimos verslas, kuris prasid\u0117jo nuo meil\u0117s knygoms ir siekio i\u0161gelb\u0117ti knygas nuo likimo prie konteinerio. Kas vienam nereikalingas daiktas \u2013 kitam lobis, o mes esame tarpininkai, kurie padeda abiems tapti laimingesniems ???? \u017dinome kaip nelengva i\u0161gyventi ma\u017eiems verslams, tad nuo \u0161iol, \u010dia rasite ir kit\u0173, ma\u017e\u0173 \u0161eim\u0173 versl\u0173, rank\u0173 darbo, dovan\u0173 sau ir artimiesiems.\",\"publisher\":{\"@id\":\"https:\\\/\\\/skaitytaknyga.lt\\\/#organization\"},\"potentialAction\":[{\"@type\":\"SearchAction\",\"target\":{\"@type\":\"EntryPoint\",\"urlTemplate\":\"https:\\\/\\\/skaitytaknyga.lt\\\/?s={search_term_string}\"},\"query-input\":{\"@type\":\"PropertyValueSpecification\",\"valueRequired\":true,\"valueName\":\"search_term_string\"}}],\"inLanguage\":\"en-GB\"},{\"@type\":\"Organization\",\"@id\":\"https:\\\/\\\/skaitytaknyga.lt\\\/#organization\",\"name\":\"skaitytaknyga.lt\",\"url\":\"https:\\\/\\\/skaitytaknyga.lt\\\/\",\"logo\":{\"@type\":\"ImageObject\",\"inLanguage\":\"en-GB\",\"@id\":\"https:\\\/\\\/skaitytaknyga.lt\\\/#\\\/schema\\\/logo\\\/image\\\/\",\"url\":\"https:\\\/\\\/skaitytaknyga.lt\\\/wp-content\\\/uploads\\\/2024\\\/05\\\/cropped-cropped-cropped-02_00843_jt3bggkj1j3HLc7SyY6rEUpg.jpeg\",\"contentUrl\":\"https:\\\/\\\/skaitytaknyga.lt\\\/wp-content\\\/uploads\\\/2024\\\/05\\\/cropped-cropped-cropped-02_00843_jt3bggkj1j3HLc7SyY6rEUpg.jpeg\",\"width\":1600,\"height\":1600,\"caption\":\"skaitytaknyga.lt\"},\"image\":{\"@id\":\"https:\\\/\\\/skaitytaknyga.lt\\\/#\\\/schema\\\/logo\\\/image\\\/\"},\"sameAs\":[\"https:\\\/\\\/www.facebook.com\\\/skaitytaknyga\\\/\"]}]}<\/script>\n<!-- \/ Yoast SEO plugin. -->","yoast_head_json":{"title":"Atpildas","description":"\u0160iame \u012fsimintiname naujame romane John Grisham pasakoja apie sveiku protu nesuvokiam\u0105 \u017emog\u017eudyst\u0119, j\u0105 lyd\u0117jus\u012f, keist\u0105 teismo proces\u0105, ir stipr\u0173,","robots":{"index":"index","follow":"follow","max-snippet":"max-snippet:-1","max-image-preview":"max-image-preview:large","max-video-preview":"max-video-preview:-1"},"canonical":"https:\/\/skaitytaknyga.lt\/en\/produktas\/atpildas\/","og_locale":"en_GB","og_type":"article","og_title":"[:lt]Atpildas[:] - Skaitytaknyga","og_description":"\u0160iame \u012fsimintiname naujame romane John Grisham pasakoja apie sveiku protu nesuvokiam\u0105 \u017emog\u017eudyst\u0119, j\u0105 lyd\u0117jus\u012f, keist\u0105 teismo proces\u0105, ir stipr\u0173,","og_url":"https:\/\/skaitytaknyga.lt\/en\/produktas\/atpildas\/","og_site_name":"Skaitytaknyga","article_publisher":"https:\/\/www.facebook.com\/skaitytaknyga\/","article_modified_time":"2026-03-05T08:46:09+00:00","og_image":[{"width":528,"height":801,"url":"https:\/\/skaitytaknyga.lt\/wp-content\/uploads\/2025\/07\/Atpildas-1.webp","type":"image\/webp"}],"twitter_card":"summary_large_image","twitter_misc":{"Estimated reading time":"1 minute"},"schema":{"@context":"https:\/\/schema.org","@graph":[{"@type":"WebPage","@id":"https:\/\/skaitytaknyga.lt\/produktas\/atpildas\/","url":"https:\/\/skaitytaknyga.lt\/produktas\/atpildas\/","name":"Atpildas","isPartOf":{"@id":"https:\/\/skaitytaknyga.lt\/#website"},"primaryImageOfPage":{"@id":"https:\/\/skaitytaknyga.lt\/produktas\/atpildas\/#primaryimage"},"image":{"@id":"https:\/\/skaitytaknyga.lt\/produktas\/atpildas\/#primaryimage"},"thumbnailUrl":"https:\/\/skaitytaknyga.lt\/wp-content\/uploads\/2025\/07\/Atpildas-1.webp","datePublished":"2025-07-23T05:49:02+00:00","dateModified":"2026-03-05T08:46:09+00:00","description":"\u0160iame \u012fsimintiname naujame romane John Grisham pasakoja apie sveiku protu nesuvokiam\u0105 \u017emog\u017eudyst\u0119, j\u0105 lyd\u0117jus\u012f, keist\u0105 teismo proces\u0105, ir stipr\u0173,","breadcrumb":{"@id":"https:\/\/skaitytaknyga.lt\/produktas\/atpildas\/#breadcrumb"},"inLanguage":"en-GB","potentialAction":[{"@type":"ReadAction","target":["https:\/\/skaitytaknyga.lt\/produktas\/atpildas\/"]}]},{"@type":"ImageObject","inLanguage":"en-GB","@id":"https:\/\/skaitytaknyga.lt\/produktas\/atpildas\/#primaryimage","url":"https:\/\/skaitytaknyga.lt\/wp-content\/uploads\/2025\/07\/Atpildas-1.webp","contentUrl":"https:\/\/skaitytaknyga.lt\/wp-content\/uploads\/2025\/07\/Atpildas-1.webp","width":528,"height":801,"caption":"Atpildas"},{"@type":"BreadcrumbList","@id":"https:\/\/skaitytaknyga.lt\/produktas\/atpildas\/#breadcrumb","itemListElement":[{"@type":"ListItem","position":1,"name":"Home","item":"https:\/\/skaitytaknyga.lt\/"},{"@type":"ListItem","position":2,"name":"Parduotuv\u0117","item":"https:\/\/skaitytaknyga.lt\/knygu-parduotuve\/"},{"@type":"ListItem","position":3,"name":"Atpildas"}]},{"@type":"WebSite","@id":"https:\/\/skaitytaknyga.lt\/#website","url":"https:\/\/skaitytaknyga.lt\/","name":"skaitytaknyga.lt","description":"Skaitytaknyga.lt \u2013 tai ma\u017eas \u0161eimos verslas, kuris prasid\u0117jo nuo meil\u0117s knygoms ir siekio i\u0161gelb\u0117ti knygas nuo likimo prie konteinerio. Kas vienam nereikalingas daiktas \u2013 kitam lobis, o mes esame tarpininkai, kurie padeda abiems tapti laimingesniems ???? \u017dinome kaip nelengva i\u0161gyventi ma\u017eiems verslams, tad nuo \u0161iol, \u010dia rasite ir kit\u0173, ma\u017e\u0173 \u0161eim\u0173 versl\u0173, rank\u0173 darbo, dovan\u0173 sau ir artimiesiems.","publisher":{"@id":"https:\/\/skaitytaknyga.lt\/#organization"},"potentialAction":[{"@type":"SearchAction","target":{"@type":"EntryPoint","urlTemplate":"https:\/\/skaitytaknyga.lt\/?s={search_term_string}"},"query-input":{"@type":"PropertyValueSpecification","valueRequired":true,"valueName":"search_term_string"}}],"inLanguage":"en-GB"},{"@type":"Organization","@id":"https:\/\/skaitytaknyga.lt\/#organization","name":"skaitytaknyga.lt","url":"https:\/\/skaitytaknyga.lt\/","logo":{"@type":"ImageObject","inLanguage":"en-GB","@id":"https:\/\/skaitytaknyga.lt\/#\/schema\/logo\/image\/","url":"https:\/\/skaitytaknyga.lt\/wp-content\/uploads\/2024\/05\/cropped-cropped-cropped-02_00843_jt3bggkj1j3HLc7SyY6rEUpg.jpeg","contentUrl":"https:\/\/skaitytaknyga.lt\/wp-content\/uploads\/2024\/05\/cropped-cropped-cropped-02_00843_jt3bggkj1j3HLc7SyY6rEUpg.jpeg","width":1600,"height":1600,"caption":"skaitytaknyga.lt"},"image":{"@id":"https:\/\/skaitytaknyga.lt\/#\/schema\/logo\/image\/"},"sameAs":["https:\/\/www.facebook.com\/skaitytaknyga\/"]}]}},"_links":{"self":[{"href":"https:\/\/skaitytaknyga.lt\/en\/wp-json\/wp\/v2\/product\/19762","targetHints":{"allow":["GET"]}}],"collection":[{"href":"https:\/\/skaitytaknyga.lt\/en\/wp-json\/wp\/v2\/product"}],"about":[{"href":"https:\/\/skaitytaknyga.lt\/en\/wp-json\/wp\/v2\/types\/product"}],"replies":[{"embeddable":true,"href":"https:\/\/skaitytaknyga.lt\/en\/wp-json\/wp\/v2\/comments?post=19762"}],"wp:featuredmedia":[{"embeddable":true,"href":"https:\/\/skaitytaknyga.lt\/en\/wp-json\/wp\/v2\/media\/19772"}],"wp:attachment":[{"href":"https:\/\/skaitytaknyga.lt\/en\/wp-json\/wp\/v2\/media?parent=19762"}],"wp:term":[{"taxonomy":"product_brand","embeddable":true,"href":"https:\/\/skaitytaknyga.lt\/en\/wp-json\/wp\/v2\/product_brand?post=19762"},{"taxonomy":"product_cat","embeddable":true,"href":"https:\/\/skaitytaknyga.lt\/en\/wp-json\/wp\/v2\/product_cat?post=19762"},{"taxonomy":"product_tag","embeddable":true,"href":"https:\/\/skaitytaknyga.lt\/en\/wp-json\/wp\/v2\/product_tag?post=19762"}],"curies":[{"name":"wp","href":"https:\/\/api.w.org\/{rel}","templated":true}]}}