{"id":19761,"date":"2025-07-23T08:49:01","date_gmt":"2025-07-23T05:49:01","guid":{"rendered":"https:\/\/skaitytaknyga.lt\/?post_type=product&#038;p=19761"},"modified":"2026-03-18T11:08:12","modified_gmt":"2026-03-18T09:08:12","slug":"karaliaus-narvas-raudonoji-karaliene-3-knyga","status":"publish","type":"product","link":"https:\/\/skaitytaknyga.lt\/en\/produktas\/karaliaus-narvas-raudonoji-karaliene-3-knyga\/","title":{"rendered":"Karaliaus narvas. Raudonoji karalien\u0117. 3 knyga"},"content":{"rendered":"<p>Kas rodys mai\u0161tininkams keli\u0105, u\u017egesus \u017eaib\u0173 mergait\u0117s kibirk\u0161tims?<\/p>\n<p>Mara Barou \u2013 kalin\u0117, bej\u0117g\u0117 be savo \u017eaib\u0173 ir ken\u010dianti nuo praeityje pridaryt\u0173 klaid\u0173. Ji gyva tik per klastingojo i\u0161daviko, kur\u012f ka\u017ekada myl\u0117jo, Maveno malon\u0119. \u0160iandien jis karalius ir toliau s\u0117kmingai \u012fgyvendina mirusios motinos siekius \u2013 kontroliuoti taut\u0105 ir savo kalin\u0119.<\/p>\n<p>Ta\u010diau Raudonieji mai\u0161tininkai ilgiau neketina t\u016bnoti \u0161e\u0161\u0117lyje. Neapykanta auga, kariai mokomi, kariuomen\u0117 ple\u010diasi ir stipr\u0117ja. Jie rengiasi karui. I\u0161tremtasis princas Kalas, teis\u0117tas sosto \u012fp\u0117dinis, pasiruo\u0161\u0119s padaryti visk\u0105, kad susigr\u0105\u017eint\u0173 savo mylim\u0105j\u0105.<\/p>\n<p>Menka kibirk\u0161tis sukels mil\u017eini\u0161kus gaisrus, vienas kraujo la\u0161as sukels baisiausias \u017eudynes, raudonas ir sidabrinis kraujas susilies \u012f vien\u0105 ugnies up\u0119 ir nebeliks nieko, kas gali j\u0105 u\u017egesinti&#8230;<\/p>\n<p>\u201eJaudinanti, vaizdinga istorija, kurioje susiduria meil\u0117 ir revoliucija, \u012f dvikov\u0105 stoja galia ir teisingumas. I\u0161 karto sudominanti. Kupina veiksmo. Tokia, kad negali atsitraukti.&#8221;<\/p>\n<p>USA Today<\/p>\n","protected":false},"excerpt":{"rendered":"<p>Kas rodys mai\u0161tininkams keli\u0105, u\u017egesus \u017eaib\u0173 mergait\u0117s kibirk\u0161tims? Mara Barou \u2013 kalin\u0117, bej\u0117g\u0117 be savo \u017eaib\u0173 ir ken\u010dianti nuo praeityje pridaryt\u0173 klaid\u0173. Ji gyva tik per klastingojo i\u0161daviko, kur\u012f ka\u017ekada myl\u0117jo, Maveno malon\u0119. \u0160iandien jis karalius ir toliau s\u0117kmingai \u012fgyvendina mirusios motinos siekius \u2013 kontroliuoti taut\u0105 ir savo kalin\u0119. Ta\u010diau Raudonieji mai\u0161tininkai ilgiau neketina t\u016bnoti \u0161e\u0161\u0117lyje. Neapykanta auga, kariai mokomi, kariuomen\u0117 ple\u010diasi ir stipr\u0117ja. Jie rengiasi karui. I\u0161tremtasis princas Kalas, teis\u0117tas sosto \u012fp\u0117dinis, pasiruo\u0161\u0119s padaryti visk\u0105, kad susigr\u0105\u017eint\u0173 savo mylim\u0105j\u0105. Menka kibirk\u0161tis sukels mil\u017eini\u0161kus gaisrus, vienas kraujo la\u0161as sukels baisiausias \u017eudynes, raudonas ir sidabrinis kraujas susilies \u012f vien\u0105 ugnies up\u0119 ir nebeliks nieko, kas gali j\u0105 u\u017egesinti&#8230; \u201eJaudinanti, vaizdinga istorija, kurioje susiduria meil\u0117 ir revoliucija, \u012f dvikov\u0105 stoja galia ir teisingumas. I\u0161 karto sudominanti. Kupina veiksmo. Tokia, kad negali atsitraukti.&#8221; USA Today<\/p>\n","protected":false},"featured_media":19771,"comment_status":"open","ping_status":"closed","template":"","meta":{"_acf_changed":false,"site-sidebar-layout":"default","site-content-layout":"","ast-site-content-layout":"default","site-content-style":"default","site-sidebar-style":"default","ast-global-header-display":"","ast-banner-title-visibility":"","ast-main-header-display":"","ast-hfb-above-header-display":"","ast-hfb-below-header-display":"","ast-hfb-mobile-header-display":"","site-post-title":"","ast-breadcrumbs-content":"","ast-featured-img":"","footer-sml-layout":"","ast-disable-related-posts":"","theme-transparent-header-meta":"","adv-header-id-meta":"","stick-header-meta":"","header-above-stick-meta":"","header-main-stick-meta":"","header-below-stick-meta":"","astra-migrate-meta-layouts":"default","ast-page-background-enabled":"default","ast-page-background-meta":{"desktop":{"background-color":"","background-image":"","background-repeat":"repeat","background-position":"center center","background-size":"auto","background-attachment":"scroll","background-type":"","background-media":"","overlay-type":"","overlay-color":"","overlay-opacity":"","overlay-gradient":""},"tablet":{"background-color":"","background-image":"","background-repeat":"repeat","background-position":"center center","background-size":"auto","background-attachment":"scroll","background-type":"","background-media":"","overlay-type":"","overlay-color":"","overlay-opacity":"","overlay-gradient":""},"mobile":{"background-color":"","background-image":"","background-repeat":"repeat","background-position":"center center","background-size":"auto","background-attachment":"scroll","background-type":"","background-media":"","overlay-type":"","overlay-color":"","overlay-opacity":"","overlay-gradient":""}},"ast-content-background-meta":{"desktop":{"background-color":"var(--ast-global-color-4)","background-image":"","background-repeat":"repeat","background-position":"center center","background-size":"auto","background-attachment":"scroll","background-type":"","background-media":"","overlay-type":"","overlay-color":"","overlay-opacity":"","overlay-gradient":""},"tablet":{"background-color":"var(--ast-global-color-4)","background-image":"","background-repeat":"repeat","background-position":"center center","background-size":"auto","background-attachment":"scroll","background-type":"","background-media":"","overlay-type":"","overlay-color":"","overlay-opacity":"","overlay-gradient":""},"mobile":{"background-color":"var(--ast-global-color-4)","background-image":"","background-repeat":"repeat","background-position":"center center","background-size":"auto","background-attachment":"scroll","background-type":"","background-media":"","overlay-type":"","overlay-color":"","overlay-opacity":"","overlay-gradient":""}}},"product_brand":[],"product_cat":[9618],"product_tag":[1673,1504,2489,1459,6622,6621],"class_list":{"0":"post-19761","1":"product","2":"type-product","3":"status-publish","4":"has-post-thumbnail","6":"product_cat-istoriniai-romanai","7":"product_tag-distopija","8":"product_tag-fantastika","9":"product_tag-jaunimo-literatura","10":"product_tag-karas","11":"product_tag-raudonieji-maistininkai","12":"product_tag-victoria-aveyard","13":"desktop-align-left","14":"tablet-align-left","15":"mobile-align-left","17":"first","18":"outofstock","19":"shipping-taxable","20":"purchasable","21":"product-type-simple"},"acf":[],"yoast_head":"<!-- This site is optimized with the Yoast SEO plugin v27.0 - https:\/\/yoast.com\/product\/yoast-seo-wordpress\/ -->\n<title>Karaliaus narvas. Raudonoji karalien\u0117. 3 knyga<\/title>\n<meta name=\"description\" content=\"Kas rodys mai\u0161tininkams keli\u0105, u\u017egesus \u017eaib\u0173 mergait\u0117s kibirk\u0161tims? Mara Barou \u2013 kalin\u0117, bej\u0117g\u0117 be savo \u017eaib\u0173 ir ken\u010dianti nuo praeityje pridaryt\u0173 klaid\u0173.\" \/>\n<meta name=\"robots\" content=\"index, follow, max-snippet:-1, max-image-preview:large, max-video-preview:-1\" \/>\n<link rel=\"canonical\" href=\"https:\/\/skaitytaknyga.lt\/en\/produktas\/karaliaus-narvas-raudonoji-karaliene-3-knyga\/\" \/>\n<meta property=\"og:locale\" content=\"en_GB\" \/>\n<meta property=\"og:locale:alternate\" content=\"lt_LT\" \/>\n<meta property=\"og:type\" content=\"article\" \/>\n<meta property=\"og:title\" content=\"Karaliaus narvas. Raudonoji karalien\u0117. 3 knyga\" \/>\n<meta property=\"og:description\" content=\"Kas rodys mai\u0161tininkams keli\u0105, u\u017egesus \u017eaib\u0173 mergait\u0117s kibirk\u0161tims? Mara Barou \u2013 kalin\u0117, bej\u0117g\u0117 be savo \u017eaib\u0173 ir ken\u010dianti nuo praeityje pridaryt\u0173 klaid\u0173.\" \/>\n<meta property=\"og:url\" content=\"https:\/\/skaitytaknyga.lt\/en\/produktas\/karaliaus-narvas-raudonoji-karaliene-3-knyga\/\" \/>\n<meta property=\"og:site_name\" content=\"Skaitytaknyga\" \/>\n<meta property=\"article:publisher\" content=\"https:\/\/www.facebook.com\/skaitytaknyga\/\" \/>\n<meta property=\"article:modified_time\" content=\"2026-03-18T09:08:12+00:00\" \/>\n<meta property=\"og:image\" content=\"https:\/\/skaitytaknyga.lt\/wp-content\/uploads\/2025\/07\/Karaliaus-narvas.-Raudonoji-karaliene.-3-knyga-1.webp\" \/>\n\t<meta property=\"og:image:width\" content=\"402\" \/>\n\t<meta property=\"og:image:height\" content=\"600\" \/>\n\t<meta property=\"og:image:type\" content=\"image\/webp\" \/>\n<meta name=\"twitter:card\" content=\"summary_large_image\" \/>\n<meta name=\"twitter:label1\" content=\"Estimated reading time\" \/>\n\t<meta name=\"twitter:data1\" content=\"1 minute\" \/>\n<script type=\"application\/ld+json\" class=\"yoast-schema-graph\">{\"@context\":\"https:\/\/schema.org\",\"@graph\":[{\"@type\":\"WebPage\",\"@id\":\"https:\/\/skaitytaknyga.lt\/produktas\/karaliaus-narvas-raudonoji-karaliene-3-knyga\/\",\"url\":\"https:\/\/skaitytaknyga.lt\/produktas\/karaliaus-narvas-raudonoji-karaliene-3-knyga\/\",\"name\":\"Karaliaus narvas. Raudonoji karalien\u0117. 3 knyga\",\"isPartOf\":{\"@id\":\"https:\/\/skaitytaknyga.lt\/#website\"},\"primaryImageOfPage\":{\"@id\":\"https:\/\/skaitytaknyga.lt\/produktas\/karaliaus-narvas-raudonoji-karaliene-3-knyga\/#primaryimage\"},\"image\":{\"@id\":\"https:\/\/skaitytaknyga.lt\/produktas\/karaliaus-narvas-raudonoji-karaliene-3-knyga\/#primaryimage\"},\"thumbnailUrl\":\"https:\/\/skaitytaknyga.lt\/wp-content\/uploads\/2025\/07\/Karaliaus-narvas.-Raudonoji-karaliene.-3-knyga-1.webp\",\"datePublished\":\"2025-07-23T05:49:01+00:00\",\"dateModified\":\"2026-03-18T09:08:12+00:00\",\"description\":\"Kas rodys mai\u0161tininkams keli\u0105, u\u017egesus \u017eaib\u0173 mergait\u0117s kibirk\u0161tims? Mara Barou \u2013 kalin\u0117, bej\u0117g\u0117 be savo \u017eaib\u0173 ir ken\u010dianti nuo praeityje pridaryt\u0173 klaid\u0173.\",\"breadcrumb\":{\"@id\":\"https:\/\/skaitytaknyga.lt\/produktas\/karaliaus-narvas-raudonoji-karaliene-3-knyga\/#breadcrumb\"},\"inLanguage\":\"en-GB\",\"potentialAction\":[{\"@type\":\"ReadAction\",\"target\":[\"https:\/\/skaitytaknyga.lt\/produktas\/karaliaus-narvas-raudonoji-karaliene-3-knyga\/\"]}]},{\"@type\":\"ImageObject\",\"inLanguage\":\"en-GB\",\"@id\":\"https:\/\/skaitytaknyga.lt\/produktas\/karaliaus-narvas-raudonoji-karaliene-3-knyga\/#primaryimage\",\"url\":\"https:\/\/skaitytaknyga.lt\/wp-content\/uploads\/2025\/07\/Karaliaus-narvas.-Raudonoji-karaliene.-3-knyga-1.webp\",\"contentUrl\":\"https:\/\/skaitytaknyga.lt\/wp-content\/uploads\/2025\/07\/Karaliaus-narvas.-Raudonoji-karaliene.-3-knyga-1.webp\",\"width\":402,\"height\":600},{\"@type\":\"BreadcrumbList\",\"@id\":\"https:\/\/skaitytaknyga.lt\/produktas\/karaliaus-narvas-raudonoji-karaliene-3-knyga\/#breadcrumb\",\"itemListElement\":[{\"@type\":\"ListItem\",\"position\":1,\"name\":\"Home\",\"item\":\"https:\/\/skaitytaknyga.lt\/\"},{\"@type\":\"ListItem\",\"position\":2,\"name\":\"Parduotuv\u0117\",\"item\":\"https:\/\/skaitytaknyga.lt\/knygu-parduotuve\/\"},{\"@type\":\"ListItem\",\"position\":3,\"name\":\"Karaliaus narvas. Raudonoji karalien\u0117. 3 knyga\"}]},{\"@type\":\"WebSite\",\"@id\":\"https:\/\/skaitytaknyga.lt\/#website\",\"url\":\"https:\/\/skaitytaknyga.lt\/\",\"name\":\"skaitytaknyga.lt\",\"description\":\"Skaitytaknyga.lt \u2013 tai ma\u017eas \u0161eimos verslas, kuris prasid\u0117jo nuo meil\u0117s knygoms ir siekio i\u0161gelb\u0117ti knygas nuo likimo prie konteinerio. Kas vienam nereikalingas daiktas \u2013 kitam lobis, o mes esame tarpininkai, kurie padeda abiems tapti laimingesniems ???? \u017dinome kaip nelengva i\u0161gyventi ma\u017eiems verslams, tad nuo \u0161iol, \u010dia rasite ir kit\u0173, ma\u017e\u0173 \u0161eim\u0173 versl\u0173, rank\u0173 darbo, dovan\u0173 sau ir artimiesiems.\",\"publisher\":{\"@id\":\"https:\/\/skaitytaknyga.lt\/#organization\"},\"potentialAction\":[{\"@type\":\"SearchAction\",\"target\":{\"@type\":\"EntryPoint\",\"urlTemplate\":\"https:\/\/skaitytaknyga.lt\/?s={search_term_string}\"},\"query-input\":{\"@type\":\"PropertyValueSpecification\",\"valueRequired\":true,\"valueName\":\"search_term_string\"}}],\"inLanguage\":\"en-GB\"},{\"@type\":\"Organization\",\"@id\":\"https:\/\/skaitytaknyga.lt\/#organization\",\"name\":\"skaitytaknyga.lt\",\"url\":\"https:\/\/skaitytaknyga.lt\/\",\"logo\":{\"@type\":\"ImageObject\",\"inLanguage\":\"en-GB\",\"@id\":\"https:\/\/skaitytaknyga.lt\/#\/schema\/logo\/image\/\",\"url\":\"https:\/\/skaitytaknyga.lt\/wp-content\/uploads\/2024\/05\/cropped-cropped-cropped-02_00843_jt3bggkj1j3HLc7SyY6rEUpg.jpeg\",\"contentUrl\":\"https:\/\/skaitytaknyga.lt\/wp-content\/uploads\/2024\/05\/cropped-cropped-cropped-02_00843_jt3bggkj1j3HLc7SyY6rEUpg.jpeg\",\"width\":1600,\"height\":1600,\"caption\":\"skaitytaknyga.lt\"},\"image\":{\"@id\":\"https:\/\/skaitytaknyga.lt\/#\/schema\/logo\/image\/\"},\"sameAs\":[\"https:\/\/www.facebook.com\/skaitytaknyga\/\"]}]}<\/script>\n<!-- \/ Yoast SEO plugin. -->","yoast_head_json":{"title":"Karaliaus narvas. Raudonoji karalien\u0117. 3 knyga","description":"Kas rodys mai\u0161tininkams keli\u0105, u\u017egesus \u017eaib\u0173 mergait\u0117s kibirk\u0161tims? Mara Barou \u2013 kalin\u0117, bej\u0117g\u0117 be savo \u017eaib\u0173 ir ken\u010dianti nuo praeityje pridaryt\u0173 klaid\u0173.","robots":{"index":"index","follow":"follow","max-snippet":"max-snippet:-1","max-image-preview":"max-image-preview:large","max-video-preview":"max-video-preview:-1"},"canonical":"https:\/\/skaitytaknyga.lt\/en\/produktas\/karaliaus-narvas-raudonoji-karaliene-3-knyga\/","og_locale":"en_GB","og_type":"article","og_title":"[:lt]Karaliaus narvas. Raudonoji karalien\u0117. 3 knyga[:] - Skaitytaknyga","og_description":"Kas rodys mai\u0161tininkams keli\u0105, u\u017egesus \u017eaib\u0173 mergait\u0117s kibirk\u0161tims? Mara Barou \u2013 kalin\u0117, bej\u0117g\u0117 be savo \u017eaib\u0173 ir ken\u010dianti nuo praeityje pridaryt\u0173 klaid\u0173.","og_url":"https:\/\/skaitytaknyga.lt\/en\/produktas\/karaliaus-narvas-raudonoji-karaliene-3-knyga\/","og_site_name":"Skaitytaknyga","article_publisher":"https:\/\/www.facebook.com\/skaitytaknyga\/","article_modified_time":"2026-03-18T09:08:12+00:00","og_image":[{"width":402,"height":600,"url":"https:\/\/skaitytaknyga.lt\/wp-content\/uploads\/2025\/07\/Karaliaus-narvas.-Raudonoji-karaliene.-3-knyga-1.webp","type":"image\/webp"}],"twitter_card":"summary_large_image","twitter_misc":{"Estimated reading time":"1 minute"},"schema":{"@context":"https:\/\/schema.org","@graph":[{"@type":"WebPage","@id":"https:\/\/skaitytaknyga.lt\/produktas\/karaliaus-narvas-raudonoji-karaliene-3-knyga\/","url":"https:\/\/skaitytaknyga.lt\/produktas\/karaliaus-narvas-raudonoji-karaliene-3-knyga\/","name":"Karaliaus narvas. Raudonoji karalien\u0117. 3 knyga","isPartOf":{"@id":"https:\/\/skaitytaknyga.lt\/#website"},"primaryImageOfPage":{"@id":"https:\/\/skaitytaknyga.lt\/produktas\/karaliaus-narvas-raudonoji-karaliene-3-knyga\/#primaryimage"},"image":{"@id":"https:\/\/skaitytaknyga.lt\/produktas\/karaliaus-narvas-raudonoji-karaliene-3-knyga\/#primaryimage"},"thumbnailUrl":"https:\/\/skaitytaknyga.lt\/wp-content\/uploads\/2025\/07\/Karaliaus-narvas.-Raudonoji-karaliene.-3-knyga-1.webp","datePublished":"2025-07-23T05:49:01+00:00","dateModified":"2026-03-18T09:08:12+00:00","description":"Kas rodys mai\u0161tininkams keli\u0105, u\u017egesus \u017eaib\u0173 mergait\u0117s kibirk\u0161tims? Mara Barou \u2013 kalin\u0117, bej\u0117g\u0117 be savo \u017eaib\u0173 ir ken\u010dianti nuo praeityje pridaryt\u0173 klaid\u0173.","breadcrumb":{"@id":"https:\/\/skaitytaknyga.lt\/produktas\/karaliaus-narvas-raudonoji-karaliene-3-knyga\/#breadcrumb"},"inLanguage":"en-GB","potentialAction":[{"@type":"ReadAction","target":["https:\/\/skaitytaknyga.lt\/produktas\/karaliaus-narvas-raudonoji-karaliene-3-knyga\/"]}]},{"@type":"ImageObject","inLanguage":"en-GB","@id":"https:\/\/skaitytaknyga.lt\/produktas\/karaliaus-narvas-raudonoji-karaliene-3-knyga\/#primaryimage","url":"https:\/\/skaitytaknyga.lt\/wp-content\/uploads\/2025\/07\/Karaliaus-narvas.-Raudonoji-karaliene.-3-knyga-1.webp","contentUrl":"https:\/\/skaitytaknyga.lt\/wp-content\/uploads\/2025\/07\/Karaliaus-narvas.-Raudonoji-karaliene.-3-knyga-1.webp","width":402,"height":600},{"@type":"BreadcrumbList","@id":"https:\/\/skaitytaknyga.lt\/produktas\/karaliaus-narvas-raudonoji-karaliene-3-knyga\/#breadcrumb","itemListElement":[{"@type":"ListItem","position":1,"name":"Home","item":"https:\/\/skaitytaknyga.lt\/"},{"@type":"ListItem","position":2,"name":"Parduotuv\u0117","item":"https:\/\/skaitytaknyga.lt\/knygu-parduotuve\/"},{"@type":"ListItem","position":3,"name":"Karaliaus narvas. Raudonoji karalien\u0117. 3 knyga"}]},{"@type":"WebSite","@id":"https:\/\/skaitytaknyga.lt\/#website","url":"https:\/\/skaitytaknyga.lt\/","name":"skaitytaknyga.lt","description":"Skaitytaknyga.lt \u2013 tai ma\u017eas \u0161eimos verslas, kuris prasid\u0117jo nuo meil\u0117s knygoms ir siekio i\u0161gelb\u0117ti knygas nuo likimo prie konteinerio. Kas vienam nereikalingas daiktas \u2013 kitam lobis, o mes esame tarpininkai, kurie padeda abiems tapti laimingesniems ???? \u017dinome kaip nelengva i\u0161gyventi ma\u017eiems verslams, tad nuo \u0161iol, \u010dia rasite ir kit\u0173, ma\u017e\u0173 \u0161eim\u0173 versl\u0173, rank\u0173 darbo, dovan\u0173 sau ir artimiesiems.","publisher":{"@id":"https:\/\/skaitytaknyga.lt\/#organization"},"potentialAction":[{"@type":"SearchAction","target":{"@type":"EntryPoint","urlTemplate":"https:\/\/skaitytaknyga.lt\/?s={search_term_string}"},"query-input":{"@type":"PropertyValueSpecification","valueRequired":true,"valueName":"search_term_string"}}],"inLanguage":"en-GB"},{"@type":"Organization","@id":"https:\/\/skaitytaknyga.lt\/#organization","name":"skaitytaknyga.lt","url":"https:\/\/skaitytaknyga.lt\/","logo":{"@type":"ImageObject","inLanguage":"en-GB","@id":"https:\/\/skaitytaknyga.lt\/#\/schema\/logo\/image\/","url":"https:\/\/skaitytaknyga.lt\/wp-content\/uploads\/2024\/05\/cropped-cropped-cropped-02_00843_jt3bggkj1j3HLc7SyY6rEUpg.jpeg","contentUrl":"https:\/\/skaitytaknyga.lt\/wp-content\/uploads\/2024\/05\/cropped-cropped-cropped-02_00843_jt3bggkj1j3HLc7SyY6rEUpg.jpeg","width":1600,"height":1600,"caption":"skaitytaknyga.lt"},"image":{"@id":"https:\/\/skaitytaknyga.lt\/#\/schema\/logo\/image\/"},"sameAs":["https:\/\/www.facebook.com\/skaitytaknyga\/"]}]}},"_links":{"self":[{"href":"https:\/\/skaitytaknyga.lt\/en\/wp-json\/wp\/v2\/product\/19761","targetHints":{"allow":["GET"]}}],"collection":[{"href":"https:\/\/skaitytaknyga.lt\/en\/wp-json\/wp\/v2\/product"}],"about":[{"href":"https:\/\/skaitytaknyga.lt\/en\/wp-json\/wp\/v2\/types\/product"}],"replies":[{"embeddable":true,"href":"https:\/\/skaitytaknyga.lt\/en\/wp-json\/wp\/v2\/comments?post=19761"}],"wp:featuredmedia":[{"embeddable":true,"href":"https:\/\/skaitytaknyga.lt\/en\/wp-json\/wp\/v2\/media\/19771"}],"wp:attachment":[{"href":"https:\/\/skaitytaknyga.lt\/en\/wp-json\/wp\/v2\/media?parent=19761"}],"wp:term":[{"taxonomy":"product_brand","embeddable":true,"href":"https:\/\/skaitytaknyga.lt\/en\/wp-json\/wp\/v2\/product_brand?post=19761"},{"taxonomy":"product_cat","embeddable":true,"href":"https:\/\/skaitytaknyga.lt\/en\/wp-json\/wp\/v2\/product_cat?post=19761"},{"taxonomy":"product_tag","embeddable":true,"href":"https:\/\/skaitytaknyga.lt\/en\/wp-json\/wp\/v2\/product_tag?post=19761"}],"curies":[{"name":"wp","href":"https:\/\/api.w.org\/{rel}","templated":true}]}}