{"id":19760,"date":"2025-07-23T08:49:01","date_gmt":"2025-07-23T05:49:01","guid":{"rendered":"https:\/\/skaitytaknyga.lt\/?post_type=product&#038;p=19760"},"modified":"2025-07-23T09:44:53","modified_gmt":"2025-07-23T06:44:53","slug":"mirtis-ir-maziau-svarbus-dalykai","status":"publish","type":"product","link":"https:\/\/skaitytaknyga.lt\/en\/produktas\/mirtis-ir-maziau-svarbus-dalykai\/","title":{"rendered":"Mirtis ir ma\u017eiau svarb\u016bs dalykai"},"content":{"rendered":"<p>Vaikai, diktatori\u0161kai nutar\u0119, kad j\u0173 ligotiems garbaus am\u017eiaus t\u0117vams nereikalingi skiepai, ir taip tap\u0119 (ar vos netap\u0119) j\u0173 \u017eudikais. Paskutines gyvenimo valandas skai\u010diuojanti moteris, kuri sukaupusi kuklias j\u0117gas vos vos kilsteli prie \u010diu\u017einio priaugusi\u0105 rank\u0105 su i\u0161keltu \u012f vir\u0161\u0173 nyk\u0161\u010diu ir i\u0161taria \u201eVo!!!\u201c, taip pagirdama ry\u0161kiai geltonas j\u0105 lankan\u010dios medik\u0117s kelnes. Mama, dienas leid\u017eianti su niekada neu\u017eaugsian\u010diu dideliu vaiku tarp kaln\u0173 jo m\u0117gstam\u0173 d\u0117lioni\u0173.<\/p>\n<p>Laima Bar\u0161auskien\u0117 fiksuoja jautrias, graud\u017eias ir skaud\u017eias slaugytojos kasdienyb\u0117s akimirkas, jos virsta istorijomis, priver\u010dian\u010diomis susim\u0105styti, pasverti ar net perkainoti vertybes. Atvirai pasakoja apie pasiaukojant\u012f medik\u0173 darb\u0105, sud\u0117tingus jo u\u017ekulisius ir atveria \u012fsisen\u0117jusias sveikatos sistemos \u017eaizdas.<\/p>\n<p>\u201eMirtis ir ma\u017eiau svarb\u016bs dalykai\u201c \u2013 knyga apie gyvenim\u0105. Nes, autor\u0117s \u012fsitikinimu, kalb\u0117ti apie mirt\u012f \u2013 tai kalb\u0117ti ne tik apie kan\u010di\u0105, skausm\u0105, gedul\u0105, bet ir apie vaik\u0173 ir t\u0117v\u0173 santykius, baimes, ateit\u012f, meil\u0119, laim\u0119.<\/p>\n<p>***<\/p>\n<p>\u201eNutrenkusi \u012f kamp\u0105 kuprin\u0119, dumiu \u012f valytoj\u0173 balkon\u0105 ir susirangau \u012f kamuoliuk\u0105 pa\u010diame kampe. Ant dulkin\u0173 grind\u0173, tarp \u0161luot\u0173 ir \u0161luos\u010di\u0173 i\u0161raudu visk\u0105. Trumpai, \u0161lapiai ir stipriai. Tuo pa\u010diu atsakau \u012f da\u017enai girdim\u0105 klausim\u0105, kaip atsikratau to, kas \u012f mane suteka, sukapsi i\u0161 darbo dien\u0173 krano. Penkios (arba daugiau) minut\u0117s produktyvios raudos \u2013 ir a\u0161 v\u0117l geriu kav\u0105, tiesiai i\u0161 plastiko d\u0117\u017eel\u0117s valgau mamos maks\u0117s salotas, dalyvauju kolegi\u0173 pakikenimuose, paskutin\u0117ms u\u017esilikusioms a\u0161aroms nukapsint \u012f tams\u0173 burok\u0117li\u0173 su salierais ir svog\u016bnais mi\u0161in\u012f. Einu toliau gyventi gyvenimo.\u201c<\/p>\n","protected":false},"excerpt":{"rendered":"<p>Vaikai, diktatori\u0161kai nutar\u0119, kad j\u0173 ligotiems garbaus am\u017eiaus t\u0117vams nereikalingi skiepai, ir taip tap\u0119 (ar vos netap\u0119) j\u0173 \u017eudikais. Paskutines gyvenimo valandas skai\u010diuojanti moteris, kuri sukaupusi kuklias j\u0117gas vos vos kilsteli prie \u010diu\u017einio priaugusi\u0105 rank\u0105 su i\u0161keltu \u012f vir\u0161\u0173 nyk\u0161\u010diu ir i\u0161taria \u201eVo!!!\u201c, taip pagirdama ry\u0161kiai geltonas j\u0105 lankan\u010dios medik\u0117s kelnes. Mama, dienas leid\u017eianti su niekada neu\u017eaugsian\u010diu dideliu vaiku tarp kaln\u0173 jo m\u0117gstam\u0173 d\u0117lioni\u0173. Laima Bar\u0161auskien\u0117 fiksuoja jautrias, graud\u017eias ir skaud\u017eias slaugytojos kasdienyb\u0117s akimirkas, jos virsta istorijomis, priver\u010dian\u010diomis susim\u0105styti, pasverti ar net perkainoti vertybes. Atvirai pasakoja apie pasiaukojant\u012f medik\u0173 darb\u0105, sud\u0117tingus jo u\u017ekulisius ir atveria \u012fsisen\u0117jusias sveikatos sistemos \u017eaizdas. \u201eMirtis ir ma\u017eiau svarb\u016bs dalykai\u201c \u2013 knyga apie gyvenim\u0105. Nes, autor\u0117s \u012fsitikinimu, kalb\u0117ti apie mirt\u012f \u2013 tai kalb\u0117ti ne tik apie kan\u010di\u0105, skausm\u0105, gedul\u0105, bet ir apie vaik\u0173 ir t\u0117v\u0173 santykius, baimes, ateit\u012f, meil\u0119, laim\u0119. *** \u201eNutrenkusi \u012f kamp\u0105 kuprin\u0119, dumiu \u012f valytoj\u0173 balkon\u0105 ir susirangau \u012f kamuoliuk\u0105 pa\u010diame kampe. Ant dulkin\u0173 grind\u0173, tarp \u0161luot\u0173 ir \u0161luos\u010di\u0173 i\u0161raudu visk\u0105. Trumpai, \u0161lapiai ir stipriai. Tuo pa\u010diu atsakau \u012f da\u017enai girdim\u0105 klausim\u0105, kaip atsikratau to, kas \u012f mane suteka, sukapsi i\u0161 darbo dien\u0173 krano. Penkios (arba daugiau) minut\u0117s produktyvios raudos \u2013 ir a\u0161 v\u0117l geriu kav\u0105, tiesiai i\u0161 plastiko d\u0117\u017eel\u0117s valgau mamos maks\u0117s salotas, dalyvauju kolegi\u0173 pakikenimuose, paskutin\u0117ms u\u017esilikusioms a\u0161aroms nukapsint \u012f tams\u0173 burok\u0117li\u0173 su salierais ir svog\u016bnais mi\u0161in\u012f. Einu toliau gyventi gyvenimo.\u201c<\/p>\n","protected":false},"featured_media":19770,"comment_status":"open","ping_status":"closed","template":"","meta":{"_acf_changed":false,"site-sidebar-layout":"default","site-content-layout":"","ast-site-content-layout":"default","site-content-style":"default","site-sidebar-style":"default","ast-global-header-display":"","ast-banner-title-visibility":"","ast-main-header-display":"","ast-hfb-above-header-display":"","ast-hfb-below-header-display":"","ast-hfb-mobile-header-display":"","site-post-title":"","ast-breadcrumbs-content":"","ast-featured-img":"","footer-sml-layout":"","ast-disable-related-posts":"","theme-transparent-header-meta":"","adv-header-id-meta":"","stick-header-meta":"","header-above-stick-meta":"","header-main-stick-meta":"","header-below-stick-meta":"","astra-migrate-meta-layouts":"default","ast-page-background-enabled":"default","ast-page-background-meta":{"desktop":{"background-color":"","background-image":"","background-repeat":"repeat","background-position":"center center","background-size":"auto","background-attachment":"scroll","background-type":"","background-media":"","overlay-type":"","overlay-color":"","overlay-opacity":"","overlay-gradient":""},"tablet":{"background-color":"","background-image":"","background-repeat":"repeat","background-position":"center center","background-size":"auto","background-attachment":"scroll","background-type":"","background-media":"","overlay-type":"","overlay-color":"","overlay-opacity":"","overlay-gradient":""},"mobile":{"background-color":"","background-image":"","background-repeat":"repeat","background-position":"center center","background-size":"auto","background-attachment":"scroll","background-type":"","background-media":"","overlay-type":"","overlay-color":"","overlay-opacity":"","overlay-gradient":""}},"ast-content-background-meta":{"desktop":{"background-color":"var(--ast-global-color-4)","background-image":"","background-repeat":"repeat","background-position":"center center","background-size":"auto","background-attachment":"scroll","background-type":"","background-media":"","overlay-type":"","overlay-color":"","overlay-opacity":"","overlay-gradient":""},"tablet":{"background-color":"var(--ast-global-color-4)","background-image":"","background-repeat":"repeat","background-position":"center center","background-size":"auto","background-attachment":"scroll","background-type":"","background-media":"","overlay-type":"","overlay-color":"","overlay-opacity":"","overlay-gradient":""},"mobile":{"background-color":"var(--ast-global-color-4)","background-image":"","background-repeat":"repeat","background-position":"center center","background-size":"auto","background-attachment":"scroll","background-type":"","background-media":"","overlay-type":"","overlay-color":"","overlay-opacity":"","overlay-gradient":""}}},"product_brand":[],"product_cat":[15],"product_tag":[6620,1627,6616,6619,6617,6618],"class_list":{"0":"post-19760","1":"product","2":"type-product","3":"status-publish","4":"has-post-thumbnail","6":"product_cat-uncategorized","7":"product_tag-emocinis-pasakojimas","8":"product_tag-gyvenimo-prasme","9":"product_tag-laima-barsauskiene","10":"product_tag-pasiaukojimas","11":"product_tag-slauga","12":"product_tag-sveikatos-sistema","13":"desktop-align-left","14":"tablet-align-left","15":"mobile-align-left","17":"first","18":"instock","19":"shipping-taxable","20":"purchasable","21":"product-type-simple"},"acf":[],"yoast_head":"<!-- This site is optimized with the Yoast SEO plugin v27.0 - https:\/\/yoast.com\/product\/yoast-seo-wordpress\/ -->\n<title>Mirtis ir ma\u017eiau svarb\u016bs dalykai<\/title>\n<meta name=\"description\" content=\"Vaikai, diktatori\u0161kai nutar\u0119, kad j\u0173 ligotiems garbaus am\u017eiaus t\u0117vams nereikalingi skiepai, ir taip tap\u0119 (ar vos netap\u0119) j\u0173 \u017eudikais. Paskutines gyvenimo\" \/>\n<meta name=\"robots\" content=\"index, follow, max-snippet:-1, max-image-preview:large, max-video-preview:-1\" \/>\n<link rel=\"canonical\" href=\"https:\/\/skaitytaknyga.lt\/en\/produktas\/mirtis-ir-maziau-svarbus-dalykai\/\" \/>\n<meta property=\"og:locale\" content=\"en_GB\" \/>\n<meta property=\"og:locale:alternate\" content=\"lt_LT\" \/>\n<meta property=\"og:type\" content=\"article\" \/>\n<meta property=\"og:title\" content=\"Mirtis ir ma\u017eiau svarb\u016bs dalykai\" \/>\n<meta property=\"og:description\" content=\"Vaikai, diktatori\u0161kai nutar\u0119, kad j\u0173 ligotiems garbaus am\u017eiaus t\u0117vams nereikalingi skiepai, ir taip tap\u0119 (ar vos netap\u0119) j\u0173 \u017eudikais. Paskutines gyvenimo\" \/>\n<meta property=\"og:url\" content=\"https:\/\/skaitytaknyga.lt\/en\/produktas\/mirtis-ir-maziau-svarbus-dalykai\/\" \/>\n<meta property=\"og:site_name\" content=\"Skaitytaknyga\" \/>\n<meta property=\"article:publisher\" content=\"https:\/\/www.facebook.com\/skaitytaknyga\/\" \/>\n<meta property=\"article:modified_time\" content=\"2025-07-23T06:44:53+00:00\" \/>\n<meta property=\"og:image\" content=\"https:\/\/skaitytaknyga.lt\/wp-content\/uploads\/2025\/07\/\u201eMirtis-ir-maziau-svarbus-dalykai-1.webp\" \/>\n\t<meta property=\"og:image:width\" content=\"418\" \/>\n\t<meta property=\"og:image:height\" content=\"621\" \/>\n\t<meta property=\"og:image:type\" content=\"image\/webp\" \/>\n<meta name=\"twitter:card\" content=\"summary_large_image\" \/>\n<meta name=\"twitter:label1\" content=\"Estimated reading time\" \/>\n\t<meta name=\"twitter:data1\" content=\"1 minute\" \/>\n<script type=\"application\/ld+json\" class=\"yoast-schema-graph\">{\"@context\":\"https:\/\/schema.org\",\"@graph\":[{\"@type\":\"WebPage\",\"@id\":\"https:\/\/skaitytaknyga.lt\/produktas\/mirtis-ir-maziau-svarbus-dalykai\/\",\"url\":\"https:\/\/skaitytaknyga.lt\/produktas\/mirtis-ir-maziau-svarbus-dalykai\/\",\"name\":\"Mirtis ir ma\u017eiau svarb\u016bs dalykai\",\"isPartOf\":{\"@id\":\"https:\/\/skaitytaknyga.lt\/#website\"},\"primaryImageOfPage\":{\"@id\":\"https:\/\/skaitytaknyga.lt\/produktas\/mirtis-ir-maziau-svarbus-dalykai\/#primaryimage\"},\"image\":{\"@id\":\"https:\/\/skaitytaknyga.lt\/produktas\/mirtis-ir-maziau-svarbus-dalykai\/#primaryimage\"},\"thumbnailUrl\":\"https:\/\/skaitytaknyga.lt\/wp-content\/uploads\/2025\/07\/\u201eMirtis-ir-maziau-svarbus-dalykai-1.webp\",\"datePublished\":\"2025-07-23T05:49:01+00:00\",\"dateModified\":\"2025-07-23T06:44:53+00:00\",\"description\":\"Vaikai, diktatori\u0161kai nutar\u0119, kad j\u0173 ligotiems garbaus am\u017eiaus t\u0117vams nereikalingi skiepai, ir taip tap\u0119 (ar vos netap\u0119) j\u0173 \u017eudikais. Paskutines gyvenimo\",\"breadcrumb\":{\"@id\":\"https:\/\/skaitytaknyga.lt\/produktas\/mirtis-ir-maziau-svarbus-dalykai\/#breadcrumb\"},\"inLanguage\":\"en-GB\",\"potentialAction\":[{\"@type\":\"ReadAction\",\"target\":[\"https:\/\/skaitytaknyga.lt\/produktas\/mirtis-ir-maziau-svarbus-dalykai\/\"]}]},{\"@type\":\"ImageObject\",\"inLanguage\":\"en-GB\",\"@id\":\"https:\/\/skaitytaknyga.lt\/produktas\/mirtis-ir-maziau-svarbus-dalykai\/#primaryimage\",\"url\":\"https:\/\/skaitytaknyga.lt\/wp-content\/uploads\/2025\/07\/\u201eMirtis-ir-maziau-svarbus-dalykai-1.webp\",\"contentUrl\":\"https:\/\/skaitytaknyga.lt\/wp-content\/uploads\/2025\/07\/\u201eMirtis-ir-maziau-svarbus-dalykai-1.webp\",\"width\":418,\"height\":621,\"caption\":\"Mirtis ir ma\u017eiau svarb\u016bs dalykai\"},{\"@type\":\"BreadcrumbList\",\"@id\":\"https:\/\/skaitytaknyga.lt\/produktas\/mirtis-ir-maziau-svarbus-dalykai\/#breadcrumb\",\"itemListElement\":[{\"@type\":\"ListItem\",\"position\":1,\"name\":\"Home\",\"item\":\"https:\/\/skaitytaknyga.lt\/\"},{\"@type\":\"ListItem\",\"position\":2,\"name\":\"Parduotuv\u0117\",\"item\":\"https:\/\/skaitytaknyga.lt\/knygu-parduotuve\/\"},{\"@type\":\"ListItem\",\"position\":3,\"name\":\"Mirtis ir ma\u017eiau svarb\u016bs dalykai\"}]},{\"@type\":\"WebSite\",\"@id\":\"https:\/\/skaitytaknyga.lt\/#website\",\"url\":\"https:\/\/skaitytaknyga.lt\/\",\"name\":\"skaitytaknyga.lt\",\"description\":\"Skaitytaknyga.lt \u2013 tai ma\u017eas \u0161eimos verslas, kuris prasid\u0117jo nuo meil\u0117s knygoms ir siekio i\u0161gelb\u0117ti knygas nuo likimo prie konteinerio. Kas vienam nereikalingas daiktas \u2013 kitam lobis, o mes esame tarpininkai, kurie padeda abiems tapti laimingesniems ???? \u017dinome kaip nelengva i\u0161gyventi ma\u017eiems verslams, tad nuo \u0161iol, \u010dia rasite ir kit\u0173, ma\u017e\u0173 \u0161eim\u0173 versl\u0173, rank\u0173 darbo, dovan\u0173 sau ir artimiesiems.\",\"publisher\":{\"@id\":\"https:\/\/skaitytaknyga.lt\/#organization\"},\"potentialAction\":[{\"@type\":\"SearchAction\",\"target\":{\"@type\":\"EntryPoint\",\"urlTemplate\":\"https:\/\/skaitytaknyga.lt\/?s={search_term_string}\"},\"query-input\":{\"@type\":\"PropertyValueSpecification\",\"valueRequired\":true,\"valueName\":\"search_term_string\"}}],\"inLanguage\":\"en-GB\"},{\"@type\":\"Organization\",\"@id\":\"https:\/\/skaitytaknyga.lt\/#organization\",\"name\":\"skaitytaknyga.lt\",\"url\":\"https:\/\/skaitytaknyga.lt\/\",\"logo\":{\"@type\":\"ImageObject\",\"inLanguage\":\"en-GB\",\"@id\":\"https:\/\/skaitytaknyga.lt\/#\/schema\/logo\/image\/\",\"url\":\"https:\/\/skaitytaknyga.lt\/wp-content\/uploads\/2024\/05\/cropped-cropped-cropped-02_00843_jt3bggkj1j3HLc7SyY6rEUpg.jpeg\",\"contentUrl\":\"https:\/\/skaitytaknyga.lt\/wp-content\/uploads\/2024\/05\/cropped-cropped-cropped-02_00843_jt3bggkj1j3HLc7SyY6rEUpg.jpeg\",\"width\":1600,\"height\":1600,\"caption\":\"skaitytaknyga.lt\"},\"image\":{\"@id\":\"https:\/\/skaitytaknyga.lt\/#\/schema\/logo\/image\/\"},\"sameAs\":[\"https:\/\/www.facebook.com\/skaitytaknyga\/\"]}]}<\/script>\n<!-- \/ Yoast SEO plugin. -->","yoast_head_json":{"title":"Mirtis ir ma\u017eiau svarb\u016bs dalykai","description":"Vaikai, diktatori\u0161kai nutar\u0119, kad j\u0173 ligotiems garbaus am\u017eiaus t\u0117vams nereikalingi skiepai, ir taip tap\u0119 (ar vos netap\u0119) j\u0173 \u017eudikais. Paskutines gyvenimo","robots":{"index":"index","follow":"follow","max-snippet":"max-snippet:-1","max-image-preview":"max-image-preview:large","max-video-preview":"max-video-preview:-1"},"canonical":"https:\/\/skaitytaknyga.lt\/en\/produktas\/mirtis-ir-maziau-svarbus-dalykai\/","og_locale":"en_GB","og_type":"article","og_title":"[:lt]Mirtis ir ma\u017eiau svarb\u016bs dalykai[:] - Skaitytaknyga","og_description":"Vaikai, diktatori\u0161kai nutar\u0119, kad j\u0173 ligotiems garbaus am\u017eiaus t\u0117vams nereikalingi skiepai, ir taip tap\u0119 (ar vos netap\u0119) j\u0173 \u017eudikais. Paskutines gyvenimo","og_url":"https:\/\/skaitytaknyga.lt\/en\/produktas\/mirtis-ir-maziau-svarbus-dalykai\/","og_site_name":"Skaitytaknyga","article_publisher":"https:\/\/www.facebook.com\/skaitytaknyga\/","article_modified_time":"2025-07-23T06:44:53+00:00","og_image":[{"width":418,"height":621,"url":"https:\/\/skaitytaknyga.lt\/wp-content\/uploads\/2025\/07\/\u201eMirtis-ir-maziau-svarbus-dalykai-1.webp","type":"image\/webp"}],"twitter_card":"summary_large_image","twitter_misc":{"Estimated reading time":"1 minute"},"schema":{"@context":"https:\/\/schema.org","@graph":[{"@type":"WebPage","@id":"https:\/\/skaitytaknyga.lt\/produktas\/mirtis-ir-maziau-svarbus-dalykai\/","url":"https:\/\/skaitytaknyga.lt\/produktas\/mirtis-ir-maziau-svarbus-dalykai\/","name":"Mirtis ir ma\u017eiau svarb\u016bs dalykai","isPartOf":{"@id":"https:\/\/skaitytaknyga.lt\/#website"},"primaryImageOfPage":{"@id":"https:\/\/skaitytaknyga.lt\/produktas\/mirtis-ir-maziau-svarbus-dalykai\/#primaryimage"},"image":{"@id":"https:\/\/skaitytaknyga.lt\/produktas\/mirtis-ir-maziau-svarbus-dalykai\/#primaryimage"},"thumbnailUrl":"https:\/\/skaitytaknyga.lt\/wp-content\/uploads\/2025\/07\/\u201eMirtis-ir-maziau-svarbus-dalykai-1.webp","datePublished":"2025-07-23T05:49:01+00:00","dateModified":"2025-07-23T06:44:53+00:00","description":"Vaikai, diktatori\u0161kai nutar\u0119, kad j\u0173 ligotiems garbaus am\u017eiaus t\u0117vams nereikalingi skiepai, ir taip tap\u0119 (ar vos netap\u0119) j\u0173 \u017eudikais. Paskutines gyvenimo","breadcrumb":{"@id":"https:\/\/skaitytaknyga.lt\/produktas\/mirtis-ir-maziau-svarbus-dalykai\/#breadcrumb"},"inLanguage":"en-GB","potentialAction":[{"@type":"ReadAction","target":["https:\/\/skaitytaknyga.lt\/produktas\/mirtis-ir-maziau-svarbus-dalykai\/"]}]},{"@type":"ImageObject","inLanguage":"en-GB","@id":"https:\/\/skaitytaknyga.lt\/produktas\/mirtis-ir-maziau-svarbus-dalykai\/#primaryimage","url":"https:\/\/skaitytaknyga.lt\/wp-content\/uploads\/2025\/07\/\u201eMirtis-ir-maziau-svarbus-dalykai-1.webp","contentUrl":"https:\/\/skaitytaknyga.lt\/wp-content\/uploads\/2025\/07\/\u201eMirtis-ir-maziau-svarbus-dalykai-1.webp","width":418,"height":621,"caption":"Mirtis ir ma\u017eiau svarb\u016bs dalykai"},{"@type":"BreadcrumbList","@id":"https:\/\/skaitytaknyga.lt\/produktas\/mirtis-ir-maziau-svarbus-dalykai\/#breadcrumb","itemListElement":[{"@type":"ListItem","position":1,"name":"Home","item":"https:\/\/skaitytaknyga.lt\/"},{"@type":"ListItem","position":2,"name":"Parduotuv\u0117","item":"https:\/\/skaitytaknyga.lt\/knygu-parduotuve\/"},{"@type":"ListItem","position":3,"name":"Mirtis ir ma\u017eiau svarb\u016bs dalykai"}]},{"@type":"WebSite","@id":"https:\/\/skaitytaknyga.lt\/#website","url":"https:\/\/skaitytaknyga.lt\/","name":"skaitytaknyga.lt","description":"Skaitytaknyga.lt \u2013 tai ma\u017eas \u0161eimos verslas, kuris prasid\u0117jo nuo meil\u0117s knygoms ir siekio i\u0161gelb\u0117ti knygas nuo likimo prie konteinerio. Kas vienam nereikalingas daiktas \u2013 kitam lobis, o mes esame tarpininkai, kurie padeda abiems tapti laimingesniems ???? \u017dinome kaip nelengva i\u0161gyventi ma\u017eiems verslams, tad nuo \u0161iol, \u010dia rasite ir kit\u0173, ma\u017e\u0173 \u0161eim\u0173 versl\u0173, rank\u0173 darbo, dovan\u0173 sau ir artimiesiems.","publisher":{"@id":"https:\/\/skaitytaknyga.lt\/#organization"},"potentialAction":[{"@type":"SearchAction","target":{"@type":"EntryPoint","urlTemplate":"https:\/\/skaitytaknyga.lt\/?s={search_term_string}"},"query-input":{"@type":"PropertyValueSpecification","valueRequired":true,"valueName":"search_term_string"}}],"inLanguage":"en-GB"},{"@type":"Organization","@id":"https:\/\/skaitytaknyga.lt\/#organization","name":"skaitytaknyga.lt","url":"https:\/\/skaitytaknyga.lt\/","logo":{"@type":"ImageObject","inLanguage":"en-GB","@id":"https:\/\/skaitytaknyga.lt\/#\/schema\/logo\/image\/","url":"https:\/\/skaitytaknyga.lt\/wp-content\/uploads\/2024\/05\/cropped-cropped-cropped-02_00843_jt3bggkj1j3HLc7SyY6rEUpg.jpeg","contentUrl":"https:\/\/skaitytaknyga.lt\/wp-content\/uploads\/2024\/05\/cropped-cropped-cropped-02_00843_jt3bggkj1j3HLc7SyY6rEUpg.jpeg","width":1600,"height":1600,"caption":"skaitytaknyga.lt"},"image":{"@id":"https:\/\/skaitytaknyga.lt\/#\/schema\/logo\/image\/"},"sameAs":["https:\/\/www.facebook.com\/skaitytaknyga\/"]}]}},"_links":{"self":[{"href":"https:\/\/skaitytaknyga.lt\/en\/wp-json\/wp\/v2\/product\/19760","targetHints":{"allow":["GET"]}}],"collection":[{"href":"https:\/\/skaitytaknyga.lt\/en\/wp-json\/wp\/v2\/product"}],"about":[{"href":"https:\/\/skaitytaknyga.lt\/en\/wp-json\/wp\/v2\/types\/product"}],"replies":[{"embeddable":true,"href":"https:\/\/skaitytaknyga.lt\/en\/wp-json\/wp\/v2\/comments?post=19760"}],"wp:featuredmedia":[{"embeddable":true,"href":"https:\/\/skaitytaknyga.lt\/en\/wp-json\/wp\/v2\/media\/19770"}],"wp:attachment":[{"href":"https:\/\/skaitytaknyga.lt\/en\/wp-json\/wp\/v2\/media?parent=19760"}],"wp:term":[{"taxonomy":"product_brand","embeddable":true,"href":"https:\/\/skaitytaknyga.lt\/en\/wp-json\/wp\/v2\/product_brand?post=19760"},{"taxonomy":"product_cat","embeddable":true,"href":"https:\/\/skaitytaknyga.lt\/en\/wp-json\/wp\/v2\/product_cat?post=19760"},{"taxonomy":"product_tag","embeddable":true,"href":"https:\/\/skaitytaknyga.lt\/en\/wp-json\/wp\/v2\/product_tag?post=19760"}],"curies":[{"name":"wp","href":"https:\/\/api.w.org\/{rel}","templated":true}]}}