{"id":19759,"date":"2025-07-23T08:48:45","date_gmt":"2025-07-23T05:48:45","guid":{"rendered":"https:\/\/skaitytaknyga.lt\/?post_type=product&#038;p=19759"},"modified":"2026-03-05T11:01:37","modified_gmt":"2026-03-05T09:01:37","slug":"slaptas-kelias","status":"publish","type":"product","link":"https:\/\/skaitytaknyga.lt\/en\/produktas\/slaptas-kelias\/","title":{"rendered":"Slaptas kelias"},"content":{"rendered":"<p>Ji pajuto d\u017eiungli\u0173 didyb\u0119 ir trapum\u0105, j\u0173 gro\u017e\u012f ir siaub\u0105 vienu metu. Tai buvo vaivoryk\u0161\u010di\u0173 kra\u0161tas, kur net lyjant \u0161viet\u0117 saul\u0117. Tik ten paklydusi rado save. Rado j\u012f. Antr\u0105 kart\u0105.<\/p>\n<p>KAREN SWAN (Karen Svon), daugiau nei dvide\u0161imties tarptautini\u0173 bestseleri\u0173 autor\u0117, jos knygos nuolat perleid\u017eiamos dideliais tira\u017eais daugybe kalb\u0173. Lietuvi\u0161kai i\u0161leista jau dvylika jos roman\u0173, tarp j\u0173 ir kal\u0117dini\u0173, be kuri\u0173 skaitytojai nebe\u012fsivaizduoja Kal\u0117d\u0173. Ra\u0161ytojos k\u016bryba gretinama su Lucindos Riley, Santos Montefiore, Noros Roberts,. Buvusi mados \u017eurnalist\u0117 atrado sav\u0105 roman\u0173 formul\u0119: centre \u2013 meil\u0117s istorija, \u012fpinta \u012f istorin\u012f kontekst\u0105, o skrupulingai i\u0161tyrin\u0117ta veiksmo vieta nukelia \u012f \u012fvairiausius pasaulio kampelius (\u201ePary\u017eiaus paslaptis&#8221;, \u201ePab\u0117gimas \u012f Graikij\u0105&#8221;, \u201eIspani\u0161ka vasara&#8221;, \u201eSlaptoji \u012flanka&#8221;, \u201eVasara Kornvalyje&#8221;, \u201eVasara be tav\u0119s&#8221;).<\/p>\n<p>Ner\u016bpestingas gyvenimas ir prabanga, nors ir ranka pasiekiami, niekada ne\u017eav\u0117jo Taros Tremen. Gimusi turtingoje \u0161eimoje mergina tenori vieno: tapti gydytoja, pati susikurti gyvenim\u0105 ir leisti j\u012f prasmingai. Tara apdairi \u2013 ji nutyli savo kilm\u0119 nor\u0117dama i\u0161vengti netikr\u0173 draugys\u010di\u0173 ir naudojimosi jos \u0161eimos pad\u0117timi. Ta\u010diau net ir ji, tokia atidi, nesugeba apsisaugoti nuo gyvenim\u0105 sugriovusios i\u0161davyst\u0117s&#8230;<\/p>\n<p>Praei\u010diai likus u\u017e nugaros Tara d\u017eiaugiasi savo gyvenimo vaisiais: ji s\u0117kmingai gelbsti vaik\u0173 gyvybes ligonin\u0117je, o greta jos \u2013 mylimasis ir visus gyvenimo sunkumus kartu i\u0161gyvenusi geriausia draug\u0117. Kartu su jais Tara vyksta \u012f itin svarbi\u0105 Tremen\u0173 \u0161eimai ceremonij\u0105 Kosta Rikoje. Tame rojaus kampelyje ji tikisi rami\u0173 dien\u0173 ir svaiginan\u010dio poilsio, ta\u010diau likimas pareng\u0117 visai k\u0105 kita: su\u017einojusi apie sunkiai sergant\u012f vaik\u0105, Tara ry\u017etasi nepaprastai kelionei \u012f d\u017eiungli\u0173 gilum\u0105 pargabenti vienintelio pad\u0117ti galin\u010dio vaisto, o palydovu pavojingoje kelion\u0117je tampa \u017emogus, kurio ji n\u0117 u\u017e k\u0105 nenor\u0117jo matyti.<\/p>\n","protected":false},"excerpt":{"rendered":"<p>Ji pajuto d\u017eiungli\u0173 didyb\u0119 ir trapum\u0105, j\u0173 gro\u017e\u012f ir siaub\u0105 vienu metu. Tai buvo vaivoryk\u0161\u010di\u0173 kra\u0161tas, kur net lyjant \u0161viet\u0117 saul\u0117. Tik ten paklydusi rado save. Rado j\u012f. Antr\u0105 kart\u0105. KAREN SWAN (Karen Svon), daugiau nei dvide\u0161imties tarptautini\u0173 bestseleri\u0173 autor\u0117, jos knygos nuolat perleid\u017eiamos dideliais tira\u017eais daugybe kalb\u0173. Lietuvi\u0161kai i\u0161leista jau dvylika jos roman\u0173, tarp j\u0173 ir kal\u0117dini\u0173, be kuri\u0173 skaitytojai nebe\u012fsivaizduoja Kal\u0117d\u0173. Ra\u0161ytojos k\u016bryba gretinama su Lucindos Riley, Santos Montefiore, Noros Roberts,. Buvusi mados \u017eurnalist\u0117 atrado sav\u0105 roman\u0173 formul\u0119: centre \u2013 meil\u0117s istorija, \u012fpinta \u012f istorin\u012f kontekst\u0105, o skrupulingai i\u0161tyrin\u0117ta veiksmo vieta nukelia \u012f \u012fvairiausius pasaulio kampelius (\u201ePary\u017eiaus paslaptis&#8221;, \u201ePab\u0117gimas \u012f Graikij\u0105&#8221;, \u201eIspani\u0161ka vasara&#8221;, \u201eSlaptoji \u012flanka&#8221;, \u201eVasara Kornvalyje&#8221;, \u201eVasara be tav\u0119s&#8221;). Ner\u016bpestingas gyvenimas ir prabanga, nors ir ranka pasiekiami, niekada ne\u017eav\u0117jo Taros Tremen. Gimusi turtingoje \u0161eimoje mergina tenori vieno: tapti gydytoja, pati susikurti gyvenim\u0105 ir leisti j\u012f prasmingai. Tara apdairi \u2013 ji nutyli savo kilm\u0119 nor\u0117dama i\u0161vengti netikr\u0173 draugys\u010di\u0173 ir naudojimosi jos \u0161eimos pad\u0117timi. Ta\u010diau net ir ji, tokia atidi, nesugeba apsisaugoti nuo gyvenim\u0105 sugriovusios i\u0161davyst\u0117s&#8230; Praei\u010diai likus u\u017e nugaros Tara d\u017eiaugiasi savo gyvenimo vaisiais: ji s\u0117kmingai gelbsti vaik\u0173 gyvybes ligonin\u0117je, o greta jos \u2013 mylimasis ir visus gyvenimo sunkumus kartu i\u0161gyvenusi geriausia draug\u0117. Kartu su jais Tara vyksta \u012f itin svarbi\u0105 Tremen\u0173 \u0161eimai ceremonij\u0105 Kosta Rikoje. Tame rojaus kampelyje ji tikisi rami\u0173 dien\u0173 ir svaiginan\u010dio poilsio, ta\u010diau likimas pareng\u0117 visai k\u0105 kita: su\u017einojusi apie sunkiai sergant\u012f vaik\u0105, Tara ry\u017etasi nepaprastai kelionei \u012f d\u017eiungli\u0173 gilum\u0105 pargabenti vienintelio pad\u0117ti galin\u010dio vaisto, o palydovu pavojingoje kelion\u0117je tampa \u017emogus, kurio ji n\u0117 u\u017e k\u0105 nenor\u0117jo matyti.<\/p>\n","protected":false},"featured_media":19769,"comment_status":"open","ping_status":"closed","template":"","meta":{"_acf_changed":false,"site-sidebar-layout":"default","site-content-layout":"","ast-site-content-layout":"default","site-content-style":"default","site-sidebar-style":"default","ast-global-header-display":"","ast-banner-title-visibility":"","ast-main-header-display":"","ast-hfb-above-header-display":"","ast-hfb-below-header-display":"","ast-hfb-mobile-header-display":"","site-post-title":"","ast-breadcrumbs-content":"","ast-featured-img":"","footer-sml-layout":"","ast-disable-related-posts":"","theme-transparent-header-meta":"","adv-header-id-meta":"","stick-header-meta":"","header-above-stick-meta":"","header-main-stick-meta":"","header-below-stick-meta":"","astra-migrate-meta-layouts":"default","ast-page-background-enabled":"default","ast-page-background-meta":{"desktop":{"background-color":"","background-image":"","background-repeat":"repeat","background-position":"center center","background-size":"auto","background-attachment":"scroll","background-type":"","background-media":"","overlay-type":"","overlay-color":"","overlay-opacity":"","overlay-gradient":""},"tablet":{"background-color":"","background-image":"","background-repeat":"repeat","background-position":"center center","background-size":"auto","background-attachment":"scroll","background-type":"","background-media":"","overlay-type":"","overlay-color":"","overlay-opacity":"","overlay-gradient":""},"mobile":{"background-color":"","background-image":"","background-repeat":"repeat","background-position":"center center","background-size":"auto","background-attachment":"scroll","background-type":"","background-media":"","overlay-type":"","overlay-color":"","overlay-opacity":"","overlay-gradient":""}},"ast-content-background-meta":{"desktop":{"background-color":"var(--ast-global-color-4)","background-image":"","background-repeat":"repeat","background-position":"center center","background-size":"auto","background-attachment":"scroll","background-type":"","background-media":"","overlay-type":"","overlay-color":"","overlay-opacity":"","overlay-gradient":""},"tablet":{"background-color":"var(--ast-global-color-4)","background-image":"","background-repeat":"repeat","background-position":"center center","background-size":"auto","background-attachment":"scroll","background-type":"","background-media":"","overlay-type":"","overlay-color":"","overlay-opacity":"","overlay-gradient":""},"mobile":{"background-color":"var(--ast-global-color-4)","background-image":"","background-repeat":"repeat","background-position":"center center","background-size":"auto","background-attachment":"scroll","background-type":"","background-media":"","overlay-type":"","overlay-color":"","overlay-opacity":"","overlay-gradient":""}}},"product_brand":[],"product_cat":[9579],"product_tag":[6615,3200,6613,1445,6614,1748,1745],"class_list":{"0":"post-19759","1":"product","2":"type-product","3":"status-publish","4":"has-post-thumbnail","6":"product_cat-meiles-romanai","7":"product_tag-gydytoja","8":"product_tag-isdavyste","9":"product_tag-karen-swan","10":"product_tag-keliones","11":"product_tag-kosta-rika","12":"product_tag-meiles-istorija","13":"product_tag-romanas","14":"desktop-align-left","15":"tablet-align-left","16":"mobile-align-left","18":"first","19":"outofstock","20":"shipping-taxable","21":"purchasable","22":"product-type-simple"},"acf":[],"yoast_head":"<!-- This site is optimized with the Yoast SEO plugin v27.0 - https:\/\/yoast.com\/product\/yoast-seo-wordpress\/ -->\n<title>Slaptas kelias<\/title>\n<meta name=\"description\" content=\"Ji pajuto d\u017eiungli\u0173 didyb\u0119 ir trapum\u0105, j\u0173 gro\u017e\u012f ir siaub\u0105 vienu metu. Tai buvo vaivoryk\u0161\u010di\u0173 kra\u0161tas, kur net lyjant \u0161viet\u0117 saul\u0117. Tik ten paklydusi rado\" \/>\n<meta name=\"robots\" content=\"index, follow, max-snippet:-1, max-image-preview:large, max-video-preview:-1\" \/>\n<link rel=\"canonical\" href=\"https:\/\/skaitytaknyga.lt\/en\/produktas\/slaptas-kelias\/\" \/>\n<meta property=\"og:locale\" content=\"en_GB\" \/>\n<meta property=\"og:locale:alternate\" content=\"lt_LT\" \/>\n<meta property=\"og:type\" content=\"article\" \/>\n<meta property=\"og:title\" content=\"Slaptas kelias\" \/>\n<meta property=\"og:description\" content=\"Ji pajuto d\u017eiungli\u0173 didyb\u0119 ir trapum\u0105, j\u0173 gro\u017e\u012f ir siaub\u0105 vienu metu. Tai buvo vaivoryk\u0161\u010di\u0173 kra\u0161tas, kur net lyjant \u0161viet\u0117 saul\u0117. Tik ten paklydusi rado\" \/>\n<meta property=\"og:url\" content=\"https:\/\/skaitytaknyga.lt\/en\/produktas\/slaptas-kelias\/\" \/>\n<meta property=\"og:site_name\" content=\"Skaitytaknyga\" \/>\n<meta property=\"article:publisher\" content=\"https:\/\/www.facebook.com\/skaitytaknyga\/\" \/>\n<meta property=\"article:modified_time\" content=\"2026-03-05T09:01:37+00:00\" \/>\n<meta property=\"og:image\" content=\"https:\/\/skaitytaknyga.lt\/wp-content\/uploads\/2025\/07\/Slaptas-kelias-1.webp\" \/>\n\t<meta property=\"og:image:width\" content=\"534\" \/>\n\t<meta property=\"og:image:height\" content=\"801\" \/>\n\t<meta property=\"og:image:type\" content=\"image\/webp\" \/>\n<meta name=\"twitter:card\" content=\"summary_large_image\" \/>\n<meta name=\"twitter:label1\" content=\"Estimated reading time\" \/>\n\t<meta name=\"twitter:data1\" content=\"1 minute\" \/>\n<script type=\"application\/ld+json\" class=\"yoast-schema-graph\">{\"@context\":\"https:\/\/schema.org\",\"@graph\":[{\"@type\":\"WebPage\",\"@id\":\"https:\/\/skaitytaknyga.lt\/produktas\/slaptas-kelias\/\",\"url\":\"https:\/\/skaitytaknyga.lt\/produktas\/slaptas-kelias\/\",\"name\":\"Slaptas kelias\",\"isPartOf\":{\"@id\":\"https:\/\/skaitytaknyga.lt\/#website\"},\"primaryImageOfPage\":{\"@id\":\"https:\/\/skaitytaknyga.lt\/produktas\/slaptas-kelias\/#primaryimage\"},\"image\":{\"@id\":\"https:\/\/skaitytaknyga.lt\/produktas\/slaptas-kelias\/#primaryimage\"},\"thumbnailUrl\":\"https:\/\/skaitytaknyga.lt\/wp-content\/uploads\/2025\/07\/Slaptas-kelias-1.webp\",\"datePublished\":\"2025-07-23T05:48:45+00:00\",\"dateModified\":\"2026-03-05T09:01:37+00:00\",\"description\":\"Ji pajuto d\u017eiungli\u0173 didyb\u0119 ir trapum\u0105, j\u0173 gro\u017e\u012f ir siaub\u0105 vienu metu. Tai buvo vaivoryk\u0161\u010di\u0173 kra\u0161tas, kur net lyjant \u0161viet\u0117 saul\u0117. Tik ten paklydusi rado\",\"breadcrumb\":{\"@id\":\"https:\/\/skaitytaknyga.lt\/produktas\/slaptas-kelias\/#breadcrumb\"},\"inLanguage\":\"en-GB\",\"potentialAction\":[{\"@type\":\"ReadAction\",\"target\":[\"https:\/\/skaitytaknyga.lt\/produktas\/slaptas-kelias\/\"]}]},{\"@type\":\"ImageObject\",\"inLanguage\":\"en-GB\",\"@id\":\"https:\/\/skaitytaknyga.lt\/produktas\/slaptas-kelias\/#primaryimage\",\"url\":\"https:\/\/skaitytaknyga.lt\/wp-content\/uploads\/2025\/07\/Slaptas-kelias-1.webp\",\"contentUrl\":\"https:\/\/skaitytaknyga.lt\/wp-content\/uploads\/2025\/07\/Slaptas-kelias-1.webp\",\"width\":534,\"height\":801,\"caption\":\"Slaptas kelias\"},{\"@type\":\"BreadcrumbList\",\"@id\":\"https:\/\/skaitytaknyga.lt\/produktas\/slaptas-kelias\/#breadcrumb\",\"itemListElement\":[{\"@type\":\"ListItem\",\"position\":1,\"name\":\"Home\",\"item\":\"https:\/\/skaitytaknyga.lt\/\"},{\"@type\":\"ListItem\",\"position\":2,\"name\":\"Parduotuv\u0117\",\"item\":\"https:\/\/skaitytaknyga.lt\/knygu-parduotuve\/\"},{\"@type\":\"ListItem\",\"position\":3,\"name\":\"Slaptas kelias\"}]},{\"@type\":\"WebSite\",\"@id\":\"https:\/\/skaitytaknyga.lt\/#website\",\"url\":\"https:\/\/skaitytaknyga.lt\/\",\"name\":\"skaitytaknyga.lt\",\"description\":\"Skaitytaknyga.lt \u2013 tai ma\u017eas \u0161eimos verslas, kuris prasid\u0117jo nuo meil\u0117s knygoms ir siekio i\u0161gelb\u0117ti knygas nuo likimo prie konteinerio. Kas vienam nereikalingas daiktas \u2013 kitam lobis, o mes esame tarpininkai, kurie padeda abiems tapti laimingesniems ???? \u017dinome kaip nelengva i\u0161gyventi ma\u017eiems verslams, tad nuo \u0161iol, \u010dia rasite ir kit\u0173, ma\u017e\u0173 \u0161eim\u0173 versl\u0173, rank\u0173 darbo, dovan\u0173 sau ir artimiesiems.\",\"publisher\":{\"@id\":\"https:\/\/skaitytaknyga.lt\/#organization\"},\"potentialAction\":[{\"@type\":\"SearchAction\",\"target\":{\"@type\":\"EntryPoint\",\"urlTemplate\":\"https:\/\/skaitytaknyga.lt\/?s={search_term_string}\"},\"query-input\":{\"@type\":\"PropertyValueSpecification\",\"valueRequired\":true,\"valueName\":\"search_term_string\"}}],\"inLanguage\":\"en-GB\"},{\"@type\":\"Organization\",\"@id\":\"https:\/\/skaitytaknyga.lt\/#organization\",\"name\":\"skaitytaknyga.lt\",\"url\":\"https:\/\/skaitytaknyga.lt\/\",\"logo\":{\"@type\":\"ImageObject\",\"inLanguage\":\"en-GB\",\"@id\":\"https:\/\/skaitytaknyga.lt\/#\/schema\/logo\/image\/\",\"url\":\"https:\/\/skaitytaknyga.lt\/wp-content\/uploads\/2024\/05\/cropped-cropped-cropped-02_00843_jt3bggkj1j3HLc7SyY6rEUpg.jpeg\",\"contentUrl\":\"https:\/\/skaitytaknyga.lt\/wp-content\/uploads\/2024\/05\/cropped-cropped-cropped-02_00843_jt3bggkj1j3HLc7SyY6rEUpg.jpeg\",\"width\":1600,\"height\":1600,\"caption\":\"skaitytaknyga.lt\"},\"image\":{\"@id\":\"https:\/\/skaitytaknyga.lt\/#\/schema\/logo\/image\/\"},\"sameAs\":[\"https:\/\/www.facebook.com\/skaitytaknyga\/\"]}]}<\/script>\n<!-- \/ Yoast SEO plugin. -->","yoast_head_json":{"title":"Slaptas kelias","description":"Ji pajuto d\u017eiungli\u0173 didyb\u0119 ir trapum\u0105, j\u0173 gro\u017e\u012f ir siaub\u0105 vienu metu. Tai buvo vaivoryk\u0161\u010di\u0173 kra\u0161tas, kur net lyjant \u0161viet\u0117 saul\u0117. Tik ten paklydusi rado","robots":{"index":"index","follow":"follow","max-snippet":"max-snippet:-1","max-image-preview":"max-image-preview:large","max-video-preview":"max-video-preview:-1"},"canonical":"https:\/\/skaitytaknyga.lt\/en\/produktas\/slaptas-kelias\/","og_locale":"en_GB","og_type":"article","og_title":"[:lt]Slaptas kelias[:] - Skaitytaknyga","og_description":"Ji pajuto d\u017eiungli\u0173 didyb\u0119 ir trapum\u0105, j\u0173 gro\u017e\u012f ir siaub\u0105 vienu metu. Tai buvo vaivoryk\u0161\u010di\u0173 kra\u0161tas, kur net lyjant \u0161viet\u0117 saul\u0117. Tik ten paklydusi rado","og_url":"https:\/\/skaitytaknyga.lt\/en\/produktas\/slaptas-kelias\/","og_site_name":"Skaitytaknyga","article_publisher":"https:\/\/www.facebook.com\/skaitytaknyga\/","article_modified_time":"2026-03-05T09:01:37+00:00","og_image":[{"width":534,"height":801,"url":"https:\/\/skaitytaknyga.lt\/wp-content\/uploads\/2025\/07\/Slaptas-kelias-1.webp","type":"image\/webp"}],"twitter_card":"summary_large_image","twitter_misc":{"Estimated reading time":"1 minute"},"schema":{"@context":"https:\/\/schema.org","@graph":[{"@type":"WebPage","@id":"https:\/\/skaitytaknyga.lt\/produktas\/slaptas-kelias\/","url":"https:\/\/skaitytaknyga.lt\/produktas\/slaptas-kelias\/","name":"Slaptas kelias","isPartOf":{"@id":"https:\/\/skaitytaknyga.lt\/#website"},"primaryImageOfPage":{"@id":"https:\/\/skaitytaknyga.lt\/produktas\/slaptas-kelias\/#primaryimage"},"image":{"@id":"https:\/\/skaitytaknyga.lt\/produktas\/slaptas-kelias\/#primaryimage"},"thumbnailUrl":"https:\/\/skaitytaknyga.lt\/wp-content\/uploads\/2025\/07\/Slaptas-kelias-1.webp","datePublished":"2025-07-23T05:48:45+00:00","dateModified":"2026-03-05T09:01:37+00:00","description":"Ji pajuto d\u017eiungli\u0173 didyb\u0119 ir trapum\u0105, j\u0173 gro\u017e\u012f ir siaub\u0105 vienu metu. Tai buvo vaivoryk\u0161\u010di\u0173 kra\u0161tas, kur net lyjant \u0161viet\u0117 saul\u0117. Tik ten paklydusi rado","breadcrumb":{"@id":"https:\/\/skaitytaknyga.lt\/produktas\/slaptas-kelias\/#breadcrumb"},"inLanguage":"en-GB","potentialAction":[{"@type":"ReadAction","target":["https:\/\/skaitytaknyga.lt\/produktas\/slaptas-kelias\/"]}]},{"@type":"ImageObject","inLanguage":"en-GB","@id":"https:\/\/skaitytaknyga.lt\/produktas\/slaptas-kelias\/#primaryimage","url":"https:\/\/skaitytaknyga.lt\/wp-content\/uploads\/2025\/07\/Slaptas-kelias-1.webp","contentUrl":"https:\/\/skaitytaknyga.lt\/wp-content\/uploads\/2025\/07\/Slaptas-kelias-1.webp","width":534,"height":801,"caption":"Slaptas kelias"},{"@type":"BreadcrumbList","@id":"https:\/\/skaitytaknyga.lt\/produktas\/slaptas-kelias\/#breadcrumb","itemListElement":[{"@type":"ListItem","position":1,"name":"Home","item":"https:\/\/skaitytaknyga.lt\/"},{"@type":"ListItem","position":2,"name":"Parduotuv\u0117","item":"https:\/\/skaitytaknyga.lt\/knygu-parduotuve\/"},{"@type":"ListItem","position":3,"name":"Slaptas kelias"}]},{"@type":"WebSite","@id":"https:\/\/skaitytaknyga.lt\/#website","url":"https:\/\/skaitytaknyga.lt\/","name":"skaitytaknyga.lt","description":"Skaitytaknyga.lt \u2013 tai ma\u017eas \u0161eimos verslas, kuris prasid\u0117jo nuo meil\u0117s knygoms ir siekio i\u0161gelb\u0117ti knygas nuo likimo prie konteinerio. Kas vienam nereikalingas daiktas \u2013 kitam lobis, o mes esame tarpininkai, kurie padeda abiems tapti laimingesniems ???? \u017dinome kaip nelengva i\u0161gyventi ma\u017eiems verslams, tad nuo \u0161iol, \u010dia rasite ir kit\u0173, ma\u017e\u0173 \u0161eim\u0173 versl\u0173, rank\u0173 darbo, dovan\u0173 sau ir artimiesiems.","publisher":{"@id":"https:\/\/skaitytaknyga.lt\/#organization"},"potentialAction":[{"@type":"SearchAction","target":{"@type":"EntryPoint","urlTemplate":"https:\/\/skaitytaknyga.lt\/?s={search_term_string}"},"query-input":{"@type":"PropertyValueSpecification","valueRequired":true,"valueName":"search_term_string"}}],"inLanguage":"en-GB"},{"@type":"Organization","@id":"https:\/\/skaitytaknyga.lt\/#organization","name":"skaitytaknyga.lt","url":"https:\/\/skaitytaknyga.lt\/","logo":{"@type":"ImageObject","inLanguage":"en-GB","@id":"https:\/\/skaitytaknyga.lt\/#\/schema\/logo\/image\/","url":"https:\/\/skaitytaknyga.lt\/wp-content\/uploads\/2024\/05\/cropped-cropped-cropped-02_00843_jt3bggkj1j3HLc7SyY6rEUpg.jpeg","contentUrl":"https:\/\/skaitytaknyga.lt\/wp-content\/uploads\/2024\/05\/cropped-cropped-cropped-02_00843_jt3bggkj1j3HLc7SyY6rEUpg.jpeg","width":1600,"height":1600,"caption":"skaitytaknyga.lt"},"image":{"@id":"https:\/\/skaitytaknyga.lt\/#\/schema\/logo\/image\/"},"sameAs":["https:\/\/www.facebook.com\/skaitytaknyga\/"]}]}},"_links":{"self":[{"href":"https:\/\/skaitytaknyga.lt\/en\/wp-json\/wp\/v2\/product\/19759","targetHints":{"allow":["GET"]}}],"collection":[{"href":"https:\/\/skaitytaknyga.lt\/en\/wp-json\/wp\/v2\/product"}],"about":[{"href":"https:\/\/skaitytaknyga.lt\/en\/wp-json\/wp\/v2\/types\/product"}],"replies":[{"embeddable":true,"href":"https:\/\/skaitytaknyga.lt\/en\/wp-json\/wp\/v2\/comments?post=19759"}],"wp:featuredmedia":[{"embeddable":true,"href":"https:\/\/skaitytaknyga.lt\/en\/wp-json\/wp\/v2\/media\/19769"}],"wp:attachment":[{"href":"https:\/\/skaitytaknyga.lt\/en\/wp-json\/wp\/v2\/media?parent=19759"}],"wp:term":[{"taxonomy":"product_brand","embeddable":true,"href":"https:\/\/skaitytaknyga.lt\/en\/wp-json\/wp\/v2\/product_brand?post=19759"},{"taxonomy":"product_cat","embeddable":true,"href":"https:\/\/skaitytaknyga.lt\/en\/wp-json\/wp\/v2\/product_cat?post=19759"},{"taxonomy":"product_tag","embeddable":true,"href":"https:\/\/skaitytaknyga.lt\/en\/wp-json\/wp\/v2\/product_tag?post=19759"}],"curies":[{"name":"wp","href":"https:\/\/api.w.org\/{rel}","templated":true}]}}