{"id":19758,"date":"2025-07-23T08:48:45","date_gmt":"2025-07-23T05:48:45","guid":{"rendered":"https:\/\/skaitytaknyga.lt\/?post_type=product&#038;p=19758"},"modified":"2026-04-06T13:29:33","modified_gmt":"2026-04-06T10:29:33","slug":"kiviu-sauksmas","status":"publish","type":"product","link":"https:\/\/skaitytaknyga.lt\/en\/produktas\/kiviu-sauksmas\/","title":{"rendered":"Kivi\u0173 \u0161auksmas"},"content":{"rendered":"<p>\u201eKivi\u0173 \u0161auksmas\u201c \u2013 jautrus pasakojimas apie \u0161irdies ilges\u012f ir ilg\u0105 kelion\u0119 \u012f namus.<\/p>\n<p>Maori\u0173 kraujo turin\u010dios Glorijos vaikyst\u0117 prab\u0117go Naujojoje Zelandijoje, Kivordo \u016bkyje. Ta\u010diau laiminga idil\u0117 vien\u0105 dien\u0105 gri\u016bna, kai t\u0117vai nusprend\u017eia Glorij\u0105 kartu su pussesere Liliana i\u0161si\u0173sti \u012f internat\u0105 Anglijoje. Merginai tenka palikti ne tik vaikyst\u0117s namus, bet ir mylim\u0105 draug\u0105 D\u017eek\u0105.<\/p>\n<p>Naujieji namai Glorijai tampa tikru i\u0161\u0161\u016bkiu, o tikr\u0173j\u0173 nam\u0173 \u0161auksmas stipresnis, nei ji man\u0117. Glorija nepritampa Anglijoje, u\u017esisklend\u017eia ir nebeprimena anos dr\u0105sios, guvios merginos. Europoje prasid\u0117j\u0119s karas nublo\u0161kia j\u0105 \u012f Amerik\u0105. Bet Glorija trok\u0161ta tik vieno \u2013 gr\u012f\u017eti \u012f Baltojo debesies \u0161al\u012f, net jei reik\u0117s paminti savo orum\u0105 ar nusi\u017eengti moralei.<\/p>\n<p>Gyvenimo negand\u0173 subrandinti veik\u0117jai suvokia, kad did\u017eiausia laim\u0117 vis d\u0117lto slypi \u0161eimoje, o t\u0117vyn\u0117s ilgesys i\u0161 m\u016bs\u0173 ne tik daug atima, bet ir duoda.<\/p>\n<p>Knygos autor\u0117 ilgus metus dirbo kelioni\u0173 vadove. Dar anuomet pamilusi Nauj\u0105j\u0105 Zelandij\u0105, SARAH LARK dabar \u017einoma kaip bestseleri\u0173 ra\u0161ytoja. Ji savo knygose atveria kvap\u0105 gniau\u017eian\u010dius gamtos vaizdus, kuriuose skleid\u017eiasi dramati\u0161ki \u017emoni\u0173 likimai. Toks roman\u0173 savitumas pad\u0117jo autorei pelnyti dideles skaitytoj\u0173 simpatijas.<\/p>\n","protected":false},"excerpt":{"rendered":"<p>\u201eKivi\u0173 \u0161auksmas\u201c \u2013 jautrus pasakojimas apie \u0161irdies ilges\u012f ir ilg\u0105 kelion\u0119 \u012f namus. Maori\u0173 kraujo turin\u010dios Glorijos vaikyst\u0117 prab\u0117go Naujojoje Zelandijoje, Kivordo \u016bkyje. Ta\u010diau laiminga idil\u0117 vien\u0105 dien\u0105 gri\u016bna, kai t\u0117vai nusprend\u017eia Glorij\u0105 kartu su pussesere Liliana i\u0161si\u0173sti \u012f internat\u0105 Anglijoje. Merginai tenka palikti ne tik vaikyst\u0117s namus, bet ir mylim\u0105 draug\u0105 D\u017eek\u0105. Naujieji namai Glorijai tampa tikru i\u0161\u0161\u016bkiu, o tikr\u0173j\u0173 nam\u0173 \u0161auksmas stipresnis, nei ji man\u0117. Glorija nepritampa Anglijoje, u\u017esisklend\u017eia ir nebeprimena anos dr\u0105sios, guvios merginos. Europoje prasid\u0117j\u0119s karas nublo\u0161kia j\u0105 \u012f Amerik\u0105. Bet Glorija trok\u0161ta tik vieno \u2013 gr\u012f\u017eti \u012f Baltojo debesies \u0161al\u012f, net jei reik\u0117s paminti savo orum\u0105 ar nusi\u017eengti moralei. Gyvenimo negand\u0173 subrandinti veik\u0117jai suvokia, kad did\u017eiausia laim\u0117 vis d\u0117lto slypi \u0161eimoje, o t\u0117vyn\u0117s ilgesys i\u0161 m\u016bs\u0173 ne tik daug atima, bet ir duoda. Knygos autor\u0117 ilgus metus dirbo kelioni\u0173 vadove. Dar anuomet pamilusi Nauj\u0105j\u0105 Zelandij\u0105, SARAH LARK dabar \u017einoma kaip bestseleri\u0173 ra\u0161ytoja. Ji savo knygose atveria kvap\u0105 gniau\u017eian\u010dius gamtos vaizdus, kuriuose skleid\u017eiasi dramati\u0161ki \u017emoni\u0173 likimai. Toks roman\u0173 savitumas pad\u0117jo autorei pelnyti dideles skaitytoj\u0173 simpatijas.<\/p>\n","protected":false},"featured_media":19768,"comment_status":"open","ping_status":"closed","template":"","meta":{"_acf_changed":false,"site-sidebar-layout":"default","site-content-layout":"","ast-site-content-layout":"default","site-content-style":"default","site-sidebar-style":"default","ast-global-header-display":"","ast-banner-title-visibility":"","ast-main-header-display":"","ast-hfb-above-header-display":"","ast-hfb-below-header-display":"","ast-hfb-mobile-header-display":"","site-post-title":"","ast-breadcrumbs-content":"","ast-featured-img":"","footer-sml-layout":"","ast-disable-related-posts":"","theme-transparent-header-meta":"","adv-header-id-meta":"","stick-header-meta":"","header-above-stick-meta":"","header-main-stick-meta":"","header-below-stick-meta":"","astra-migrate-meta-layouts":"default","ast-page-background-enabled":"default","ast-page-background-meta":{"desktop":{"background-color":"","background-image":"","background-repeat":"repeat","background-position":"center center","background-size":"auto","background-attachment":"scroll","background-type":"","background-media":"","overlay-type":"","overlay-color":"","overlay-opacity":"","overlay-gradient":""},"tablet":{"background-color":"","background-image":"","background-repeat":"repeat","background-position":"center center","background-size":"auto","background-attachment":"scroll","background-type":"","background-media":"","overlay-type":"","overlay-color":"","overlay-opacity":"","overlay-gradient":""},"mobile":{"background-color":"","background-image":"","background-repeat":"repeat","background-position":"center center","background-size":"auto","background-attachment":"scroll","background-type":"","background-media":"","overlay-type":"","overlay-color":"","overlay-opacity":"","overlay-gradient":""}},"ast-content-background-meta":{"desktop":{"background-color":"var(--ast-global-color-4)","background-image":"","background-repeat":"repeat","background-position":"center center","background-size":"auto","background-attachment":"scroll","background-type":"","background-media":"","overlay-type":"","overlay-color":"","overlay-opacity":"","overlay-gradient":""},"tablet":{"background-color":"var(--ast-global-color-4)","background-image":"","background-repeat":"repeat","background-position":"center center","background-size":"auto","background-attachment":"scroll","background-type":"","background-media":"","overlay-type":"","overlay-color":"","overlay-opacity":"","overlay-gradient":""},"mobile":{"background-color":"var(--ast-global-color-4)","background-image":"","background-repeat":"repeat","background-position":"center center","background-size":"auto","background-attachment":"scroll","background-type":"","background-media":"","overlay-type":"","overlay-color":"","overlay-opacity":"","overlay-gradient":""}}},"product_brand":[],"product_cat":[31],"product_tag":[2455,5028,6029,6611,1646,6612],"class_list":{"0":"post-19758","1":"product","2":"type-product","3":"status-publish","4":"has-post-thumbnail","6":"product_cat-grozine-literatura","7":"product_tag-emigracija","8":"product_tag-istorine-drama","9":"product_tag-naujoji-zelandija","10":"product_tag-sarah-lark","11":"product_tag-seima","12":"product_tag-tevynes-ilgesys","13":"desktop-align-left","14":"tablet-align-left","15":"mobile-align-left","17":"first","18":"outofstock","19":"shipping-taxable","20":"purchasable","21":"product-type-simple"},"acf":[],"yoast_head":"<!-- This site is optimized with the Yoast SEO plugin v27.0 - https:\/\/yoast.com\/product\/yoast-seo-wordpress\/ -->\n<title>Kivi\u0173 \u0161auksmas<\/title>\n<meta name=\"description\" content=\"\u201eKivi\u0173 \u0161auksmas\u201c \u2013 jautrus pasakojimas apie \u0161irdies ilges\u012f ir ilg\u0105 kelion\u0119 \u012f namus. Maori\u0173 kraujo turin\u010dios Glorijos vaikyst\u0117 prab\u0117go Naujojoje\" \/>\n<meta name=\"robots\" content=\"index, follow, max-snippet:-1, max-image-preview:large, max-video-preview:-1\" \/>\n<link rel=\"canonical\" href=\"https:\/\/skaitytaknyga.lt\/en\/produktas\/kiviu-sauksmas\/\" \/>\n<meta property=\"og:locale\" content=\"en_GB\" \/>\n<meta property=\"og:locale:alternate\" content=\"lt_LT\" \/>\n<meta property=\"og:type\" content=\"article\" \/>\n<meta property=\"og:title\" content=\"Kivi\u0173 \u0161auksmas\" \/>\n<meta property=\"og:description\" content=\"\u201eKivi\u0173 \u0161auksmas\u201c \u2013 jautrus pasakojimas apie \u0161irdies ilges\u012f ir ilg\u0105 kelion\u0119 \u012f namus. Maori\u0173 kraujo turin\u010dios Glorijos vaikyst\u0117 prab\u0117go Naujojoje\" \/>\n<meta property=\"og:url\" content=\"https:\/\/skaitytaknyga.lt\/en\/produktas\/kiviu-sauksmas\/\" \/>\n<meta property=\"og:site_name\" content=\"Skaitytaknyga\" \/>\n<meta property=\"article:publisher\" content=\"https:\/\/www.facebook.com\/skaitytaknyga\/\" \/>\n<meta property=\"article:modified_time\" content=\"2026-04-06T10:29:33+00:00\" \/>\n<meta property=\"og:image\" content=\"https:\/\/skaitytaknyga.lt\/wp-content\/uploads\/2025\/07\/Kiviu-sauksmas-1.webp\" \/>\n\t<meta property=\"og:image:width\" content=\"366\" \/>\n\t<meta property=\"og:image:height\" content=\"600\" \/>\n\t<meta property=\"og:image:type\" content=\"image\/webp\" \/>\n<meta name=\"twitter:card\" content=\"summary_large_image\" \/>\n<meta name=\"twitter:label1\" content=\"Estimated reading time\" \/>\n\t<meta name=\"twitter:data1\" content=\"1 minute\" \/>\n<script type=\"application\/ld+json\" class=\"yoast-schema-graph\">{\"@context\":\"https:\/\/schema.org\",\"@graph\":[{\"@type\":\"WebPage\",\"@id\":\"https:\/\/skaitytaknyga.lt\/produktas\/kiviu-sauksmas\/\",\"url\":\"https:\/\/skaitytaknyga.lt\/produktas\/kiviu-sauksmas\/\",\"name\":\"Kivi\u0173 \u0161auksmas\",\"isPartOf\":{\"@id\":\"https:\/\/skaitytaknyga.lt\/#website\"},\"primaryImageOfPage\":{\"@id\":\"https:\/\/skaitytaknyga.lt\/produktas\/kiviu-sauksmas\/#primaryimage\"},\"image\":{\"@id\":\"https:\/\/skaitytaknyga.lt\/produktas\/kiviu-sauksmas\/#primaryimage\"},\"thumbnailUrl\":\"https:\/\/skaitytaknyga.lt\/wp-content\/uploads\/2025\/07\/Kiviu-sauksmas-1.webp\",\"datePublished\":\"2025-07-23T05:48:45+00:00\",\"dateModified\":\"2026-04-06T10:29:33+00:00\",\"description\":\"\u201eKivi\u0173 \u0161auksmas\u201c \u2013 jautrus pasakojimas apie \u0161irdies ilges\u012f ir ilg\u0105 kelion\u0119 \u012f namus. Maori\u0173 kraujo turin\u010dios Glorijos vaikyst\u0117 prab\u0117go Naujojoje\",\"breadcrumb\":{\"@id\":\"https:\/\/skaitytaknyga.lt\/produktas\/kiviu-sauksmas\/#breadcrumb\"},\"inLanguage\":\"en-GB\",\"potentialAction\":[{\"@type\":\"ReadAction\",\"target\":[\"https:\/\/skaitytaknyga.lt\/produktas\/kiviu-sauksmas\/\"]}]},{\"@type\":\"ImageObject\",\"inLanguage\":\"en-GB\",\"@id\":\"https:\/\/skaitytaknyga.lt\/produktas\/kiviu-sauksmas\/#primaryimage\",\"url\":\"https:\/\/skaitytaknyga.lt\/wp-content\/uploads\/2025\/07\/Kiviu-sauksmas-1.webp\",\"contentUrl\":\"https:\/\/skaitytaknyga.lt\/wp-content\/uploads\/2025\/07\/Kiviu-sauksmas-1.webp\",\"width\":366,\"height\":600,\"caption\":\"Kivi\u0173 \u0161auksmas\"},{\"@type\":\"BreadcrumbList\",\"@id\":\"https:\/\/skaitytaknyga.lt\/produktas\/kiviu-sauksmas\/#breadcrumb\",\"itemListElement\":[{\"@type\":\"ListItem\",\"position\":1,\"name\":\"Home\",\"item\":\"https:\/\/skaitytaknyga.lt\/\"},{\"@type\":\"ListItem\",\"position\":2,\"name\":\"Parduotuv\u0117\",\"item\":\"https:\/\/skaitytaknyga.lt\/knygu-parduotuve\/\"},{\"@type\":\"ListItem\",\"position\":3,\"name\":\"Kivi\u0173 \u0161auksmas\"}]},{\"@type\":\"WebSite\",\"@id\":\"https:\/\/skaitytaknyga.lt\/#website\",\"url\":\"https:\/\/skaitytaknyga.lt\/\",\"name\":\"skaitytaknyga.lt\",\"description\":\"Skaitytaknyga.lt \u2013 tai ma\u017eas \u0161eimos verslas, kuris prasid\u0117jo nuo meil\u0117s knygoms ir siekio i\u0161gelb\u0117ti knygas nuo likimo prie konteinerio. Kas vienam nereikalingas daiktas \u2013 kitam lobis, o mes esame tarpininkai, kurie padeda abiems tapti laimingesniems ???? \u017dinome kaip nelengva i\u0161gyventi ma\u017eiems verslams, tad nuo \u0161iol, \u010dia rasite ir kit\u0173, ma\u017e\u0173 \u0161eim\u0173 versl\u0173, rank\u0173 darbo, dovan\u0173 sau ir artimiesiems.\",\"publisher\":{\"@id\":\"https:\/\/skaitytaknyga.lt\/#organization\"},\"potentialAction\":[{\"@type\":\"SearchAction\",\"target\":{\"@type\":\"EntryPoint\",\"urlTemplate\":\"https:\/\/skaitytaknyga.lt\/?s={search_term_string}\"},\"query-input\":{\"@type\":\"PropertyValueSpecification\",\"valueRequired\":true,\"valueName\":\"search_term_string\"}}],\"inLanguage\":\"en-GB\"},{\"@type\":\"Organization\",\"@id\":\"https:\/\/skaitytaknyga.lt\/#organization\",\"name\":\"skaitytaknyga.lt\",\"url\":\"https:\/\/skaitytaknyga.lt\/\",\"logo\":{\"@type\":\"ImageObject\",\"inLanguage\":\"en-GB\",\"@id\":\"https:\/\/skaitytaknyga.lt\/#\/schema\/logo\/image\/\",\"url\":\"https:\/\/skaitytaknyga.lt\/wp-content\/uploads\/2024\/05\/cropped-cropped-cropped-02_00843_jt3bggkj1j3HLc7SyY6rEUpg.jpeg\",\"contentUrl\":\"https:\/\/skaitytaknyga.lt\/wp-content\/uploads\/2024\/05\/cropped-cropped-cropped-02_00843_jt3bggkj1j3HLc7SyY6rEUpg.jpeg\",\"width\":1600,\"height\":1600,\"caption\":\"skaitytaknyga.lt\"},\"image\":{\"@id\":\"https:\/\/skaitytaknyga.lt\/#\/schema\/logo\/image\/\"},\"sameAs\":[\"https:\/\/www.facebook.com\/skaitytaknyga\/\"]}]}<\/script>\n<!-- \/ Yoast SEO plugin. -->","yoast_head_json":{"title":"Kivi\u0173 \u0161auksmas","description":"\u201eKivi\u0173 \u0161auksmas\u201c \u2013 jautrus pasakojimas apie \u0161irdies ilges\u012f ir ilg\u0105 kelion\u0119 \u012f namus. Maori\u0173 kraujo turin\u010dios Glorijos vaikyst\u0117 prab\u0117go Naujojoje","robots":{"index":"index","follow":"follow","max-snippet":"max-snippet:-1","max-image-preview":"max-image-preview:large","max-video-preview":"max-video-preview:-1"},"canonical":"https:\/\/skaitytaknyga.lt\/en\/produktas\/kiviu-sauksmas\/","og_locale":"en_GB","og_type":"article","og_title":"[:lt]Kivi\u0173 \u0161auksmas[:] - Skaitytaknyga","og_description":"\u201eKivi\u0173 \u0161auksmas\u201c \u2013 jautrus pasakojimas apie \u0161irdies ilges\u012f ir ilg\u0105 kelion\u0119 \u012f namus. Maori\u0173 kraujo turin\u010dios Glorijos vaikyst\u0117 prab\u0117go Naujojoje","og_url":"https:\/\/skaitytaknyga.lt\/en\/produktas\/kiviu-sauksmas\/","og_site_name":"Skaitytaknyga","article_publisher":"https:\/\/www.facebook.com\/skaitytaknyga\/","article_modified_time":"2026-04-06T10:29:33+00:00","og_image":[{"width":366,"height":600,"url":"https:\/\/skaitytaknyga.lt\/wp-content\/uploads\/2025\/07\/Kiviu-sauksmas-1.webp","type":"image\/webp"}],"twitter_card":"summary_large_image","twitter_misc":{"Estimated reading time":"1 minute"},"schema":{"@context":"https:\/\/schema.org","@graph":[{"@type":"WebPage","@id":"https:\/\/skaitytaknyga.lt\/produktas\/kiviu-sauksmas\/","url":"https:\/\/skaitytaknyga.lt\/produktas\/kiviu-sauksmas\/","name":"Kivi\u0173 \u0161auksmas","isPartOf":{"@id":"https:\/\/skaitytaknyga.lt\/#website"},"primaryImageOfPage":{"@id":"https:\/\/skaitytaknyga.lt\/produktas\/kiviu-sauksmas\/#primaryimage"},"image":{"@id":"https:\/\/skaitytaknyga.lt\/produktas\/kiviu-sauksmas\/#primaryimage"},"thumbnailUrl":"https:\/\/skaitytaknyga.lt\/wp-content\/uploads\/2025\/07\/Kiviu-sauksmas-1.webp","datePublished":"2025-07-23T05:48:45+00:00","dateModified":"2026-04-06T10:29:33+00:00","description":"\u201eKivi\u0173 \u0161auksmas\u201c \u2013 jautrus pasakojimas apie \u0161irdies ilges\u012f ir ilg\u0105 kelion\u0119 \u012f namus. Maori\u0173 kraujo turin\u010dios Glorijos vaikyst\u0117 prab\u0117go Naujojoje","breadcrumb":{"@id":"https:\/\/skaitytaknyga.lt\/produktas\/kiviu-sauksmas\/#breadcrumb"},"inLanguage":"en-GB","potentialAction":[{"@type":"ReadAction","target":["https:\/\/skaitytaknyga.lt\/produktas\/kiviu-sauksmas\/"]}]},{"@type":"ImageObject","inLanguage":"en-GB","@id":"https:\/\/skaitytaknyga.lt\/produktas\/kiviu-sauksmas\/#primaryimage","url":"https:\/\/skaitytaknyga.lt\/wp-content\/uploads\/2025\/07\/Kiviu-sauksmas-1.webp","contentUrl":"https:\/\/skaitytaknyga.lt\/wp-content\/uploads\/2025\/07\/Kiviu-sauksmas-1.webp","width":366,"height":600,"caption":"Kivi\u0173 \u0161auksmas"},{"@type":"BreadcrumbList","@id":"https:\/\/skaitytaknyga.lt\/produktas\/kiviu-sauksmas\/#breadcrumb","itemListElement":[{"@type":"ListItem","position":1,"name":"Home","item":"https:\/\/skaitytaknyga.lt\/"},{"@type":"ListItem","position":2,"name":"Parduotuv\u0117","item":"https:\/\/skaitytaknyga.lt\/knygu-parduotuve\/"},{"@type":"ListItem","position":3,"name":"Kivi\u0173 \u0161auksmas"}]},{"@type":"WebSite","@id":"https:\/\/skaitytaknyga.lt\/#website","url":"https:\/\/skaitytaknyga.lt\/","name":"skaitytaknyga.lt","description":"Skaitytaknyga.lt \u2013 tai ma\u017eas \u0161eimos verslas, kuris prasid\u0117jo nuo meil\u0117s knygoms ir siekio i\u0161gelb\u0117ti knygas nuo likimo prie konteinerio. Kas vienam nereikalingas daiktas \u2013 kitam lobis, o mes esame tarpininkai, kurie padeda abiems tapti laimingesniems ???? \u017dinome kaip nelengva i\u0161gyventi ma\u017eiems verslams, tad nuo \u0161iol, \u010dia rasite ir kit\u0173, ma\u017e\u0173 \u0161eim\u0173 versl\u0173, rank\u0173 darbo, dovan\u0173 sau ir artimiesiems.","publisher":{"@id":"https:\/\/skaitytaknyga.lt\/#organization"},"potentialAction":[{"@type":"SearchAction","target":{"@type":"EntryPoint","urlTemplate":"https:\/\/skaitytaknyga.lt\/?s={search_term_string}"},"query-input":{"@type":"PropertyValueSpecification","valueRequired":true,"valueName":"search_term_string"}}],"inLanguage":"en-GB"},{"@type":"Organization","@id":"https:\/\/skaitytaknyga.lt\/#organization","name":"skaitytaknyga.lt","url":"https:\/\/skaitytaknyga.lt\/","logo":{"@type":"ImageObject","inLanguage":"en-GB","@id":"https:\/\/skaitytaknyga.lt\/#\/schema\/logo\/image\/","url":"https:\/\/skaitytaknyga.lt\/wp-content\/uploads\/2024\/05\/cropped-cropped-cropped-02_00843_jt3bggkj1j3HLc7SyY6rEUpg.jpeg","contentUrl":"https:\/\/skaitytaknyga.lt\/wp-content\/uploads\/2024\/05\/cropped-cropped-cropped-02_00843_jt3bggkj1j3HLc7SyY6rEUpg.jpeg","width":1600,"height":1600,"caption":"skaitytaknyga.lt"},"image":{"@id":"https:\/\/skaitytaknyga.lt\/#\/schema\/logo\/image\/"},"sameAs":["https:\/\/www.facebook.com\/skaitytaknyga\/"]}]}},"_links":{"self":[{"href":"https:\/\/skaitytaknyga.lt\/en\/wp-json\/wp\/v2\/product\/19758","targetHints":{"allow":["GET"]}}],"collection":[{"href":"https:\/\/skaitytaknyga.lt\/en\/wp-json\/wp\/v2\/product"}],"about":[{"href":"https:\/\/skaitytaknyga.lt\/en\/wp-json\/wp\/v2\/types\/product"}],"replies":[{"embeddable":true,"href":"https:\/\/skaitytaknyga.lt\/en\/wp-json\/wp\/v2\/comments?post=19758"}],"wp:featuredmedia":[{"embeddable":true,"href":"https:\/\/skaitytaknyga.lt\/en\/wp-json\/wp\/v2\/media\/19768"}],"wp:attachment":[{"href":"https:\/\/skaitytaknyga.lt\/en\/wp-json\/wp\/v2\/media?parent=19758"}],"wp:term":[{"taxonomy":"product_brand","embeddable":true,"href":"https:\/\/skaitytaknyga.lt\/en\/wp-json\/wp\/v2\/product_brand?post=19758"},{"taxonomy":"product_cat","embeddable":true,"href":"https:\/\/skaitytaknyga.lt\/en\/wp-json\/wp\/v2\/product_cat?post=19758"},{"taxonomy":"product_tag","embeddable":true,"href":"https:\/\/skaitytaknyga.lt\/en\/wp-json\/wp\/v2\/product_tag?post=19758"}],"curies":[{"name":"wp","href":"https:\/\/api.w.org\/{rel}","templated":true}]}}