{"id":19757,"date":"2025-07-23T08:48:45","date_gmt":"2025-07-23T05:48:45","guid":{"rendered":"https:\/\/skaitytaknyga.lt\/?post_type=product&#038;p=19757"},"modified":"2026-01-31T20:52:03","modified_gmt":"2026-01-31T18:52:03","slug":"orchideju-namai","status":"publish","type":"product","link":"https:\/\/skaitytaknyga.lt\/en\/produktas\/orchideju-namai\/","title":{"rendered":"Orchid\u0117j\u0173 namai"},"content":{"rendered":"<p>Vorton Parkas ir Kroford\u0173 gimin\u0117 \u2013 mano gimin\u0117 \u2013 neatskiriamai susij\u0119. \u0160i buvein\u0117 laukia m\u016bs\u0173, \u0161aukia atgal, reikalauja, kad sugr\u012f\u017etume. Net ma\u017eut\u0117 mergyt\u0117, gimusi u\u017e t\u016bkstan\u010di\u0173 myli\u0173, k\u016bdikis, kuris i\u0161vis netur\u0117jo gimti, buvo pa\u0161auktas ir i\u0161saugotas \u0161iems namams.<\/p>\n<p>Lucinda Riley (Liusinda Raili) \u2013 brit\u0173 \u017eurnalist\u0117, aktor\u0117, ra\u0161ytoja, gyvenanti Did\u017eiojoje Britanijoje, Norfolke, su vyru ir keturiais vaikais. \u201eOrchid\u0117j\u0173 namai\u201c \u2013 romanas, i\u0161 karto u\u017ekariav\u0119s viso pasaulio skaitytoj\u0173 \u0161irdis. \u0160iuo metu pasaulyje jo parduota daugiau nei milijonas egzempliori\u0173.<\/p>\n<p>Dvi visai nepana\u0161ios seserys, D\u017eulija ir Alisija. Neatraizgomai susipyn\u0119 giminyst\u0117s ry\u0161iai. Dvar\u0173 Anglija ir egzoti\u0161kasis Tailandas. Ir fatali\u0161ka meil\u0117s istorija.<\/p>\n<p>\u017dymi pianist\u0117 D\u017eulija Forester po jos \u0161eim\u0105 i\u0161tikusios katastrofos bando atgauti ramyb\u0119 savo gimtajame Norfolke, sename Vorton Parko dvare, kur ji praleido vaikyst\u0119, kur tebegyvi idili\u0161ki prisiminimai apie senel\u012f, aistring\u0105 orchid\u0117j\u0173 myl\u0117toj\u0105. Ta\u010diau Vorton Park\u0105 k\u0105 tik paveld\u0117jo Kitas Krofordas \u2013 \u017eavus vyri\u0161kis, kurio praeityje taip pat b\u016bta skaud\u017ei\u0173 sm\u016bgi\u0173. Renovuojant dvaro pastatus, \u012f dienos \u0161vies\u0105 i\u0161kyla ka\u017ekieno seniai ra\u0161ytas dienora\u0161tis, kur\u012f skaitydama D\u017eulijos mo\u010diut\u0117 ima pasakoti sen\u0105 meil\u0117s istorij\u0105, nuo kurios prasid\u0117jo Vorton Parko nuosmukis. D\u017eulija pasineria \u012f praeit\u012f, \u012f Olivijos ir Hario Kroford\u0173 gyvenim\u0105. \u0160ios jaunos poros istorija perkelia mus \u012f Antrojo pasaulinio karo laikus, nublo\u0161kia \u012f Tailand\u0105, ir pasirodo, kad netvirta j\u0173 santuoka nul\u0117m\u0117 b\u016bsim\u0173 kart\u0173, tarp j\u0173 ir D\u017eulijos, likim\u0105 ir laim\u0119&#8230;<\/p>\n<p>\u201eOrchid\u0117j\u0173 namai\u201c \u2013 aistringas ir romanti\u0161kas pasakojimas apie keli\u0173 gimin\u0117s kart\u0173 istorij\u0105, apie visa nugalin\u010di\u0105 meil\u0119, vis\u0105 am\u017ei\u0173 trunkan\u010di\u0105 nuoskaud\u0105, kalt\u0119 ir atleidim\u0105.<\/p>\n","protected":false},"excerpt":{"rendered":"<p>Vorton Parkas ir Kroford\u0173 gimin\u0117 \u2013 mano gimin\u0117 \u2013 neatskiriamai susij\u0119. \u0160i buvein\u0117 laukia m\u016bs\u0173, \u0161aukia atgal, reikalauja, kad sugr\u012f\u017etume. Net ma\u017eut\u0117 mergyt\u0117, gimusi u\u017e t\u016bkstan\u010di\u0173 myli\u0173, k\u016bdikis, kuris i\u0161vis netur\u0117jo gimti, buvo pa\u0161auktas ir i\u0161saugotas \u0161iems namams. Lucinda Riley (Liusinda Raili) \u2013 brit\u0173 \u017eurnalist\u0117, aktor\u0117, ra\u0161ytoja, gyvenanti Did\u017eiojoje Britanijoje, Norfolke, su vyru ir keturiais vaikais. \u201eOrchid\u0117j\u0173 namai\u201c \u2013 romanas, i\u0161 karto u\u017ekariav\u0119s viso pasaulio skaitytoj\u0173 \u0161irdis. \u0160iuo metu pasaulyje jo parduota daugiau nei milijonas egzempliori\u0173. Dvi visai nepana\u0161ios seserys, D\u017eulija ir Alisija. Neatraizgomai susipyn\u0119 giminyst\u0117s ry\u0161iai. Dvar\u0173 Anglija ir egzoti\u0161kasis Tailandas. Ir fatali\u0161ka meil\u0117s istorija. \u017dymi pianist\u0117 D\u017eulija Forester po jos \u0161eim\u0105 i\u0161tikusios katastrofos bando atgauti ramyb\u0119 savo gimtajame Norfolke, sename Vorton Parko dvare, kur ji praleido vaikyst\u0119, kur tebegyvi idili\u0161ki prisiminimai apie senel\u012f, aistring\u0105 orchid\u0117j\u0173 myl\u0117toj\u0105. Ta\u010diau Vorton Park\u0105 k\u0105 tik paveld\u0117jo Kitas Krofordas \u2013 \u017eavus vyri\u0161kis, kurio praeityje taip pat b\u016bta skaud\u017ei\u0173 sm\u016bgi\u0173. Renovuojant dvaro pastatus, \u012f dienos \u0161vies\u0105 i\u0161kyla ka\u017ekieno seniai ra\u0161ytas dienora\u0161tis, kur\u012f skaitydama D\u017eulijos mo\u010diut\u0117 ima pasakoti sen\u0105 meil\u0117s istorij\u0105, nuo kurios prasid\u0117jo Vorton Parko nuosmukis. D\u017eulija pasineria \u012f praeit\u012f, \u012f Olivijos ir Hario Kroford\u0173 gyvenim\u0105. \u0160ios jaunos poros istorija perkelia mus \u012f Antrojo pasaulinio karo laikus, nublo\u0161kia \u012f Tailand\u0105, ir pasirodo, kad netvirta j\u0173 santuoka nul\u0117m\u0117 b\u016bsim\u0173 kart\u0173, tarp j\u0173 ir D\u017eulijos, likim\u0105 ir laim\u0119&#8230; \u201eOrchid\u0117j\u0173 namai\u201c \u2013 aistringas ir romanti\u0161kas pasakojimas apie keli\u0173 gimin\u0117s kart\u0173 istorij\u0105, apie visa nugalin\u010di\u0105 meil\u0119, vis\u0105 am\u017ei\u0173 trunkan\u010di\u0105 nuoskaud\u0105, kalt\u0119 ir atleidim\u0105.<\/p>\n","protected":false},"featured_media":19767,"comment_status":"open","ping_status":"closed","template":"","meta":{"_acf_changed":false,"site-sidebar-layout":"default","site-content-layout":"","ast-site-content-layout":"default","site-content-style":"default","site-sidebar-style":"default","ast-global-header-display":"","ast-banner-title-visibility":"","ast-main-header-display":"","ast-hfb-above-header-display":"","ast-hfb-below-header-display":"","ast-hfb-mobile-header-display":"","site-post-title":"","ast-breadcrumbs-content":"","ast-featured-img":"","footer-sml-layout":"","ast-disable-related-posts":"","theme-transparent-header-meta":"","adv-header-id-meta":"","stick-header-meta":"","header-above-stick-meta":"","header-main-stick-meta":"","header-below-stick-meta":"","astra-migrate-meta-layouts":"default","ast-page-background-enabled":"default","ast-page-background-meta":{"desktop":{"background-color":"","background-image":"","background-repeat":"repeat","background-position":"center center","background-size":"auto","background-attachment":"scroll","background-type":"","background-media":"","overlay-type":"","overlay-color":"","overlay-opacity":"","overlay-gradient":""},"tablet":{"background-color":"","background-image":"","background-repeat":"repeat","background-position":"center center","background-size":"auto","background-attachment":"scroll","background-type":"","background-media":"","overlay-type":"","overlay-color":"","overlay-opacity":"","overlay-gradient":""},"mobile":{"background-color":"","background-image":"","background-repeat":"repeat","background-position":"center center","background-size":"auto","background-attachment":"scroll","background-type":"","background-media":"","overlay-type":"","overlay-color":"","overlay-opacity":"","overlay-gradient":""}},"ast-content-background-meta":{"desktop":{"background-color":"var(--ast-global-color-4)","background-image":"","background-repeat":"repeat","background-position":"center center","background-size":"auto","background-attachment":"scroll","background-type":"","background-media":"","overlay-type":"","overlay-color":"","overlay-opacity":"","overlay-gradient":""},"tablet":{"background-color":"var(--ast-global-color-4)","background-image":"","background-repeat":"repeat","background-position":"center center","background-size":"auto","background-attachment":"scroll","background-type":"","background-media":"","overlay-type":"","overlay-color":"","overlay-opacity":"","overlay-gradient":""},"mobile":{"background-color":"var(--ast-global-color-4)","background-image":"","background-repeat":"repeat","background-position":"center center","background-size":"auto","background-attachment":"scroll","background-type":"","background-media":"","overlay-type":"","overlay-color":"","overlay-opacity":"","overlay-gradient":""}}},"product_brand":[],"product_cat":[31],"product_tag":[4509,6604,1748,6610,2088,6609],"class_list":{"0":"post-19757","1":"product","2":"type-product","3":"status-publish","4":"has-post-thumbnail","6":"product_cat-grozine-literatura","7":"product_tag-anglija","8":"product_tag-lucinda-riley","9":"product_tag-meiles-istorija","10":"product_tag-praeities-paslaptys","11":"product_tag-seimos-paslaptys","12":"product_tag-tailandas","13":"desktop-align-left","14":"tablet-align-left","15":"mobile-align-left","17":"first","18":"outofstock","19":"shipping-taxable","20":"purchasable","21":"product-type-simple"},"acf":[],"yoast_head":"<!-- This site is optimized with the Yoast SEO plugin v27.0 - https:\/\/yoast.com\/product\/yoast-seo-wordpress\/ -->\n<title>Orchid\u0117j\u0173 namai<\/title>\n<meta name=\"description\" content=\"Vorton Parkas ir Kroford\u0173 gimin\u0117 \u2013 mano gimin\u0117 \u2013 neatskiriamai susij\u0119. \u0160i buvein\u0117 laukia m\u016bs\u0173, \u0161aukia atgal, reikalauja, kad sugr\u012f\u017etume. Net ma\u017eut\u0117\" \/>\n<meta name=\"robots\" content=\"index, follow, max-snippet:-1, max-image-preview:large, max-video-preview:-1\" \/>\n<link rel=\"canonical\" href=\"https:\/\/skaitytaknyga.lt\/en\/produktas\/orchideju-namai\/\" \/>\n<meta property=\"og:locale\" content=\"en_GB\" \/>\n<meta property=\"og:locale:alternate\" content=\"lt_LT\" \/>\n<meta property=\"og:type\" content=\"article\" \/>\n<meta property=\"og:title\" content=\"Orchid\u0117j\u0173 namai\" \/>\n<meta property=\"og:description\" content=\"Vorton Parkas ir Kroford\u0173 gimin\u0117 \u2013 mano gimin\u0117 \u2013 neatskiriamai susij\u0119. \u0160i buvein\u0117 laukia m\u016bs\u0173, \u0161aukia atgal, reikalauja, kad sugr\u012f\u017etume. Net ma\u017eut\u0117\" \/>\n<meta property=\"og:url\" content=\"https:\/\/skaitytaknyga.lt\/en\/produktas\/orchideju-namai\/\" \/>\n<meta property=\"og:site_name\" content=\"Skaitytaknyga\" \/>\n<meta property=\"article:publisher\" content=\"https:\/\/www.facebook.com\/skaitytaknyga\/\" \/>\n<meta property=\"article:modified_time\" content=\"2026-01-31T18:52:03+00:00\" \/>\n<meta property=\"og:image\" content=\"https:\/\/skaitytaknyga.lt\/wp-content\/uploads\/2025\/07\/Orchideju-namai-1.webp\" \/>\n\t<meta property=\"og:image:width\" content=\"301\" \/>\n\t<meta property=\"og:image:height\" content=\"456\" \/>\n\t<meta property=\"og:image:type\" content=\"image\/webp\" \/>\n<meta name=\"twitter:card\" content=\"summary_large_image\" \/>\n<meta name=\"twitter:label1\" content=\"Estimated reading time\" \/>\n\t<meta name=\"twitter:data1\" content=\"1 minute\" \/>\n<script type=\"application\/ld+json\" class=\"yoast-schema-graph\">{\"@context\":\"https:\/\/schema.org\",\"@graph\":[{\"@type\":\"WebPage\",\"@id\":\"https:\/\/skaitytaknyga.lt\/produktas\/orchideju-namai\/\",\"url\":\"https:\/\/skaitytaknyga.lt\/produktas\/orchideju-namai\/\",\"name\":\"Orchid\u0117j\u0173 namai\",\"isPartOf\":{\"@id\":\"https:\/\/skaitytaknyga.lt\/#website\"},\"primaryImageOfPage\":{\"@id\":\"https:\/\/skaitytaknyga.lt\/produktas\/orchideju-namai\/#primaryimage\"},\"image\":{\"@id\":\"https:\/\/skaitytaknyga.lt\/produktas\/orchideju-namai\/#primaryimage\"},\"thumbnailUrl\":\"https:\/\/skaitytaknyga.lt\/wp-content\/uploads\/2025\/07\/Orchideju-namai-1.webp\",\"datePublished\":\"2025-07-23T05:48:45+00:00\",\"dateModified\":\"2026-01-31T18:52:03+00:00\",\"description\":\"Vorton Parkas ir Kroford\u0173 gimin\u0117 \u2013 mano gimin\u0117 \u2013 neatskiriamai susij\u0119. \u0160i buvein\u0117 laukia m\u016bs\u0173, \u0161aukia atgal, reikalauja, kad sugr\u012f\u017etume. Net ma\u017eut\u0117\",\"breadcrumb\":{\"@id\":\"https:\/\/skaitytaknyga.lt\/produktas\/orchideju-namai\/#breadcrumb\"},\"inLanguage\":\"en-GB\",\"potentialAction\":[{\"@type\":\"ReadAction\",\"target\":[\"https:\/\/skaitytaknyga.lt\/produktas\/orchideju-namai\/\"]}]},{\"@type\":\"ImageObject\",\"inLanguage\":\"en-GB\",\"@id\":\"https:\/\/skaitytaknyga.lt\/produktas\/orchideju-namai\/#primaryimage\",\"url\":\"https:\/\/skaitytaknyga.lt\/wp-content\/uploads\/2025\/07\/Orchideju-namai-1.webp\",\"contentUrl\":\"https:\/\/skaitytaknyga.lt\/wp-content\/uploads\/2025\/07\/Orchideju-namai-1.webp\",\"width\":301,\"height\":456,\"caption\":\"Orchid\u0117j\u0173 namai\"},{\"@type\":\"BreadcrumbList\",\"@id\":\"https:\/\/skaitytaknyga.lt\/produktas\/orchideju-namai\/#breadcrumb\",\"itemListElement\":[{\"@type\":\"ListItem\",\"position\":1,\"name\":\"Home\",\"item\":\"https:\/\/skaitytaknyga.lt\/\"},{\"@type\":\"ListItem\",\"position\":2,\"name\":\"Parduotuv\u0117\",\"item\":\"https:\/\/skaitytaknyga.lt\/knygu-parduotuve\/\"},{\"@type\":\"ListItem\",\"position\":3,\"name\":\"Orchid\u0117j\u0173 namai\"}]},{\"@type\":\"WebSite\",\"@id\":\"https:\/\/skaitytaknyga.lt\/#website\",\"url\":\"https:\/\/skaitytaknyga.lt\/\",\"name\":\"skaitytaknyga.lt\",\"description\":\"Skaitytaknyga.lt \u2013 tai ma\u017eas \u0161eimos verslas, kuris prasid\u0117jo nuo meil\u0117s knygoms ir siekio i\u0161gelb\u0117ti knygas nuo likimo prie konteinerio. Kas vienam nereikalingas daiktas \u2013 kitam lobis, o mes esame tarpininkai, kurie padeda abiems tapti laimingesniems ???? \u017dinome kaip nelengva i\u0161gyventi ma\u017eiems verslams, tad nuo \u0161iol, \u010dia rasite ir kit\u0173, ma\u017e\u0173 \u0161eim\u0173 versl\u0173, rank\u0173 darbo, dovan\u0173 sau ir artimiesiems.\",\"publisher\":{\"@id\":\"https:\/\/skaitytaknyga.lt\/#organization\"},\"potentialAction\":[{\"@type\":\"SearchAction\",\"target\":{\"@type\":\"EntryPoint\",\"urlTemplate\":\"https:\/\/skaitytaknyga.lt\/?s={search_term_string}\"},\"query-input\":{\"@type\":\"PropertyValueSpecification\",\"valueRequired\":true,\"valueName\":\"search_term_string\"}}],\"inLanguage\":\"en-GB\"},{\"@type\":\"Organization\",\"@id\":\"https:\/\/skaitytaknyga.lt\/#organization\",\"name\":\"skaitytaknyga.lt\",\"url\":\"https:\/\/skaitytaknyga.lt\/\",\"logo\":{\"@type\":\"ImageObject\",\"inLanguage\":\"en-GB\",\"@id\":\"https:\/\/skaitytaknyga.lt\/#\/schema\/logo\/image\/\",\"url\":\"https:\/\/skaitytaknyga.lt\/wp-content\/uploads\/2024\/05\/cropped-cropped-cropped-02_00843_jt3bggkj1j3HLc7SyY6rEUpg.jpeg\",\"contentUrl\":\"https:\/\/skaitytaknyga.lt\/wp-content\/uploads\/2024\/05\/cropped-cropped-cropped-02_00843_jt3bggkj1j3HLc7SyY6rEUpg.jpeg\",\"width\":1600,\"height\":1600,\"caption\":\"skaitytaknyga.lt\"},\"image\":{\"@id\":\"https:\/\/skaitytaknyga.lt\/#\/schema\/logo\/image\/\"},\"sameAs\":[\"https:\/\/www.facebook.com\/skaitytaknyga\/\"]}]}<\/script>\n<!-- \/ Yoast SEO plugin. -->","yoast_head_json":{"title":"Orchid\u0117j\u0173 namai","description":"Vorton Parkas ir Kroford\u0173 gimin\u0117 \u2013 mano gimin\u0117 \u2013 neatskiriamai susij\u0119. \u0160i buvein\u0117 laukia m\u016bs\u0173, \u0161aukia atgal, reikalauja, kad sugr\u012f\u017etume. Net ma\u017eut\u0117","robots":{"index":"index","follow":"follow","max-snippet":"max-snippet:-1","max-image-preview":"max-image-preview:large","max-video-preview":"max-video-preview:-1"},"canonical":"https:\/\/skaitytaknyga.lt\/en\/produktas\/orchideju-namai\/","og_locale":"en_GB","og_type":"article","og_title":"[:lt]Orchid\u0117j\u0173 namai[:] - Skaitytaknyga","og_description":"Vorton Parkas ir Kroford\u0173 gimin\u0117 \u2013 mano gimin\u0117 \u2013 neatskiriamai susij\u0119. \u0160i buvein\u0117 laukia m\u016bs\u0173, \u0161aukia atgal, reikalauja, kad sugr\u012f\u017etume. Net ma\u017eut\u0117","og_url":"https:\/\/skaitytaknyga.lt\/en\/produktas\/orchideju-namai\/","og_site_name":"Skaitytaknyga","article_publisher":"https:\/\/www.facebook.com\/skaitytaknyga\/","article_modified_time":"2026-01-31T18:52:03+00:00","og_image":[{"width":301,"height":456,"url":"https:\/\/skaitytaknyga.lt\/wp-content\/uploads\/2025\/07\/Orchideju-namai-1.webp","type":"image\/webp"}],"twitter_card":"summary_large_image","twitter_misc":{"Estimated reading time":"1 minute"},"schema":{"@context":"https:\/\/schema.org","@graph":[{"@type":"WebPage","@id":"https:\/\/skaitytaknyga.lt\/produktas\/orchideju-namai\/","url":"https:\/\/skaitytaknyga.lt\/produktas\/orchideju-namai\/","name":"Orchid\u0117j\u0173 namai","isPartOf":{"@id":"https:\/\/skaitytaknyga.lt\/#website"},"primaryImageOfPage":{"@id":"https:\/\/skaitytaknyga.lt\/produktas\/orchideju-namai\/#primaryimage"},"image":{"@id":"https:\/\/skaitytaknyga.lt\/produktas\/orchideju-namai\/#primaryimage"},"thumbnailUrl":"https:\/\/skaitytaknyga.lt\/wp-content\/uploads\/2025\/07\/Orchideju-namai-1.webp","datePublished":"2025-07-23T05:48:45+00:00","dateModified":"2026-01-31T18:52:03+00:00","description":"Vorton Parkas ir Kroford\u0173 gimin\u0117 \u2013 mano gimin\u0117 \u2013 neatskiriamai susij\u0119. \u0160i buvein\u0117 laukia m\u016bs\u0173, \u0161aukia atgal, reikalauja, kad sugr\u012f\u017etume. Net ma\u017eut\u0117","breadcrumb":{"@id":"https:\/\/skaitytaknyga.lt\/produktas\/orchideju-namai\/#breadcrumb"},"inLanguage":"en-GB","potentialAction":[{"@type":"ReadAction","target":["https:\/\/skaitytaknyga.lt\/produktas\/orchideju-namai\/"]}]},{"@type":"ImageObject","inLanguage":"en-GB","@id":"https:\/\/skaitytaknyga.lt\/produktas\/orchideju-namai\/#primaryimage","url":"https:\/\/skaitytaknyga.lt\/wp-content\/uploads\/2025\/07\/Orchideju-namai-1.webp","contentUrl":"https:\/\/skaitytaknyga.lt\/wp-content\/uploads\/2025\/07\/Orchideju-namai-1.webp","width":301,"height":456,"caption":"Orchid\u0117j\u0173 namai"},{"@type":"BreadcrumbList","@id":"https:\/\/skaitytaknyga.lt\/produktas\/orchideju-namai\/#breadcrumb","itemListElement":[{"@type":"ListItem","position":1,"name":"Home","item":"https:\/\/skaitytaknyga.lt\/"},{"@type":"ListItem","position":2,"name":"Parduotuv\u0117","item":"https:\/\/skaitytaknyga.lt\/knygu-parduotuve\/"},{"@type":"ListItem","position":3,"name":"Orchid\u0117j\u0173 namai"}]},{"@type":"WebSite","@id":"https:\/\/skaitytaknyga.lt\/#website","url":"https:\/\/skaitytaknyga.lt\/","name":"skaitytaknyga.lt","description":"Skaitytaknyga.lt \u2013 tai ma\u017eas \u0161eimos verslas, kuris prasid\u0117jo nuo meil\u0117s knygoms ir siekio i\u0161gelb\u0117ti knygas nuo likimo prie konteinerio. Kas vienam nereikalingas daiktas \u2013 kitam lobis, o mes esame tarpininkai, kurie padeda abiems tapti laimingesniems ???? \u017dinome kaip nelengva i\u0161gyventi ma\u017eiems verslams, tad nuo \u0161iol, \u010dia rasite ir kit\u0173, ma\u017e\u0173 \u0161eim\u0173 versl\u0173, rank\u0173 darbo, dovan\u0173 sau ir artimiesiems.","publisher":{"@id":"https:\/\/skaitytaknyga.lt\/#organization"},"potentialAction":[{"@type":"SearchAction","target":{"@type":"EntryPoint","urlTemplate":"https:\/\/skaitytaknyga.lt\/?s={search_term_string}"},"query-input":{"@type":"PropertyValueSpecification","valueRequired":true,"valueName":"search_term_string"}}],"inLanguage":"en-GB"},{"@type":"Organization","@id":"https:\/\/skaitytaknyga.lt\/#organization","name":"skaitytaknyga.lt","url":"https:\/\/skaitytaknyga.lt\/","logo":{"@type":"ImageObject","inLanguage":"en-GB","@id":"https:\/\/skaitytaknyga.lt\/#\/schema\/logo\/image\/","url":"https:\/\/skaitytaknyga.lt\/wp-content\/uploads\/2024\/05\/cropped-cropped-cropped-02_00843_jt3bggkj1j3HLc7SyY6rEUpg.jpeg","contentUrl":"https:\/\/skaitytaknyga.lt\/wp-content\/uploads\/2024\/05\/cropped-cropped-cropped-02_00843_jt3bggkj1j3HLc7SyY6rEUpg.jpeg","width":1600,"height":1600,"caption":"skaitytaknyga.lt"},"image":{"@id":"https:\/\/skaitytaknyga.lt\/#\/schema\/logo\/image\/"},"sameAs":["https:\/\/www.facebook.com\/skaitytaknyga\/"]}]}},"_links":{"self":[{"href":"https:\/\/skaitytaknyga.lt\/en\/wp-json\/wp\/v2\/product\/19757","targetHints":{"allow":["GET"]}}],"collection":[{"href":"https:\/\/skaitytaknyga.lt\/en\/wp-json\/wp\/v2\/product"}],"about":[{"href":"https:\/\/skaitytaknyga.lt\/en\/wp-json\/wp\/v2\/types\/product"}],"replies":[{"embeddable":true,"href":"https:\/\/skaitytaknyga.lt\/en\/wp-json\/wp\/v2\/comments?post=19757"}],"wp:featuredmedia":[{"embeddable":true,"href":"https:\/\/skaitytaknyga.lt\/en\/wp-json\/wp\/v2\/media\/19767"}],"wp:attachment":[{"href":"https:\/\/skaitytaknyga.lt\/en\/wp-json\/wp\/v2\/media?parent=19757"}],"wp:term":[{"taxonomy":"product_brand","embeddable":true,"href":"https:\/\/skaitytaknyga.lt\/en\/wp-json\/wp\/v2\/product_brand?post=19757"},{"taxonomy":"product_cat","embeddable":true,"href":"https:\/\/skaitytaknyga.lt\/en\/wp-json\/wp\/v2\/product_cat?post=19757"},{"taxonomy":"product_tag","embeddable":true,"href":"https:\/\/skaitytaknyga.lt\/en\/wp-json\/wp\/v2\/product_tag?post=19757"}],"curies":[{"name":"wp","href":"https:\/\/api.w.org\/{rel}","templated":true}]}}