{"id":19756,"date":"2025-07-23T08:48:45","date_gmt":"2025-07-23T05:48:45","guid":{"rendered":"https:\/\/skaitytaknyga.lt\/?post_type=product&#038;p=19756"},"modified":"2025-07-23T09:44:42","modified_gmt":"2025-07-23T06:44:42","slug":"sleido-namas","status":"publish","type":"product","link":"https:\/\/skaitytaknyga.lt\/en\/produktas\/sleido-namas\/","title":{"rendered":"Sleido namas"},"content":{"rendered":"<p>Paskui atsitinka keistas dalykas: mano ranka nusprend\u017eia smarkiai pastumti duris, ir deln\u0105 persmelkia kar\u0161\u010dio tvinksnis. I\u0161 nuostabos viaukteliu kaip u\u017emintas \u0161unytis, ir juodos gele\u017ein\u0117s durel\u0117s atsidaro. Lyg b\u016bt\u0173 tik ir laukusios papra\u0161omos. Ir laukia \u2013 atviros&#8230;<\/p>\n<p>David Mitchell (Deividas Mi\u010delas, g. 1969 m.) \u2013 britas, septyni\u0173 roman\u0173 autorius, 2007 m. \u017eurnalas \u201eTime&#8221; j\u012f \u012ftrauk\u0117 \u012f \u012ftakingiausi\u0173 pasaulio \u017emoni\u0173 \u0161imtuk\u0105. Jis da\u017enai vadinamas \u201eeuropieti\u0161kuoju Murakamiu&#8221;: abiej\u0173 autori\u0173 romanuose pilna keist\u0173 persona\u017e\u0173 bei istorij\u0173, japoni\u0161ko sant\u016brumo ir nutyl\u0117jim\u0173; abu s\u0117kmingai derina intelektualum\u0105 su populiariu turiniu. \u017dinomiausia jo knyga \u201eDebes\u0173 atlasas&#8221; (Tyto alba, 2014) \u2013 monumentalus romanas; jame susipina \u0161e\u0161ios istorijos.<\/p>\n<p>\u201eSleido namas&#8221; \u2013 naujausias autoriaus k\u016brinys. J\u012f galima vadinti siaubo romanu, vaiduokli\u0173 istorija, baisia pasaka prie\u0161 mieg\u0105 suaugusiesiems ar pasakojimu apie siel\u0173 kelion\u0119 ir nemirtingumo tro\u0161kim\u0105.<\/p>\n<p>Kas devyneri metai paskutin\u012f spalio \u0161e\u0161tadien\u012f nuo\u0161alaus skersgatvio sienoje pasirodo juodos, ma\u017eos, gele\u017ein\u0117s durel\u0117s; jei j\u016bs esate tas, kurio reikia, nusteb\u0119s lengvai jas atversite \u2013 ir pateksite \u012f puik\u0173 sod\u0105, kuriame st\u016bkso Sleido namas. Maloni moteris pasitiks jus ir pakvies vidun. I\u0161 prad\u017ei\u0173 i\u0161 namo i\u0161eiti visai nenor\u0117site. Ta\u010diau v\u0117liau paai\u0161k\u0117s, kad i\u0161tr\u016bkti j\u016bs jau nebegalite&#8230; Kas devyneri metai kraupieji namo gyventojai prisivilioja t\u0105, kuris jau\u010diasi vieni\u0161as, nesuprastas ir yra ypatingas, tik pats to ne\u017eino: prisl\u0117gt\u0105 paaugl\u012f, neseniai i\u0161siskyrus\u012f policinink\u0105, drovi\u0105 koled\u017eo student\u0119. Daugiau j\u0173 niekas nebemato. Kas i\u0161 ties\u0173 vyksta Sleido name? Tiems, kurie su\u017eino, jau b\u016bna per v\u0117lu&#8230;<\/p>\n<p>Penkios aukos, padariusios t\u0105 pa\u010di\u0105 klaid\u0105 \u2013 atv\u0117rusios ma\u017eas, juodas dureles ir \u012f\u017eengusios \u012f Sleido nam\u0105. Penki pasakojimai, kuriuose atsiskleid\u017eia visas ra\u0161ytojo literat\u016brinis talentas: nepaprastai psichologi\u0161kai \u012ftikinantis aukos liudijimas, vedantis vis labiau \u0161iurpstant\u012f skaitytoj\u0105 \u012f nei\u0161vengiam\u0105 pra\u017e\u016bt\u012f, penki skirtingi stiliai, kuriais autorius pasakoja, intriga, priver\u010dianti sulaikyti kvap\u0105 iki pat galo \u2013 tai istorija, kuri\u0105 para\u0161yti gal\u0117jo tik Davidas Mitchellas.<\/p>\n","protected":false},"excerpt":{"rendered":"<p>Paskui atsitinka keistas dalykas: mano ranka nusprend\u017eia smarkiai pastumti duris, ir deln\u0105 persmelkia kar\u0161\u010dio tvinksnis. I\u0161 nuostabos viaukteliu kaip u\u017emintas \u0161unytis, ir juodos gele\u017ein\u0117s durel\u0117s atsidaro. Lyg b\u016bt\u0173 tik ir laukusios papra\u0161omos. Ir laukia \u2013 atviros&#8230; David Mitchell (Deividas Mi\u010delas, g. 1969 m.) \u2013 britas, septyni\u0173 roman\u0173 autorius, 2007 m. \u017eurnalas \u201eTime&#8221; j\u012f \u012ftrauk\u0117 \u012f \u012ftakingiausi\u0173 pasaulio \u017emoni\u0173 \u0161imtuk\u0105. Jis da\u017enai vadinamas \u201eeuropieti\u0161kuoju Murakamiu&#8221;: abiej\u0173 autori\u0173 romanuose pilna keist\u0173 persona\u017e\u0173 bei istorij\u0173, japoni\u0161ko sant\u016brumo ir nutyl\u0117jim\u0173; abu s\u0117kmingai derina intelektualum\u0105 su populiariu turiniu. \u017dinomiausia jo knyga \u201eDebes\u0173 atlasas&#8221; (Tyto alba, 2014) \u2013 monumentalus romanas; jame susipina \u0161e\u0161ios istorijos. \u201eSleido namas&#8221; \u2013 naujausias autoriaus k\u016brinys. J\u012f galima vadinti siaubo romanu, vaiduokli\u0173 istorija, baisia pasaka prie\u0161 mieg\u0105 suaugusiesiems ar pasakojimu apie siel\u0173 kelion\u0119 ir nemirtingumo tro\u0161kim\u0105. Kas devyneri metai paskutin\u012f spalio \u0161e\u0161tadien\u012f nuo\u0161alaus skersgatvio sienoje pasirodo juodos, ma\u017eos, gele\u017ein\u0117s durel\u0117s; jei j\u016bs esate tas, kurio reikia, nusteb\u0119s lengvai jas atversite \u2013 ir pateksite \u012f puik\u0173 sod\u0105, kuriame st\u016bkso Sleido namas. Maloni moteris pasitiks jus ir pakvies vidun. I\u0161 prad\u017ei\u0173 i\u0161 namo i\u0161eiti visai nenor\u0117site. Ta\u010diau v\u0117liau paai\u0161k\u0117s, kad i\u0161tr\u016bkti j\u016bs jau nebegalite&#8230; Kas devyneri metai kraupieji namo gyventojai prisivilioja t\u0105, kuris jau\u010diasi vieni\u0161as, nesuprastas ir yra ypatingas, tik pats to ne\u017eino: prisl\u0117gt\u0105 paaugl\u012f, neseniai i\u0161siskyrus\u012f policinink\u0105, drovi\u0105 koled\u017eo student\u0119. Daugiau j\u0173 niekas nebemato. Kas i\u0161 ties\u0173 vyksta Sleido name? Tiems, kurie su\u017eino, jau b\u016bna per v\u0117lu&#8230; Penkios aukos, padariusios t\u0105 pa\u010di\u0105 klaid\u0105 \u2013 atv\u0117rusios ma\u017eas, juodas dureles ir \u012f\u017eengusios \u012f Sleido nam\u0105. Penki pasakojimai, kuriuose atsiskleid\u017eia visas ra\u0161ytojo literat\u016brinis talentas: nepaprastai psichologi\u0161kai \u012ftikinantis aukos liudijimas, vedantis vis labiau \u0161iurpstant\u012f skaitytoj\u0105 \u012f nei\u0161vengiam\u0105 pra\u017e\u016bt\u012f, penki skirtingi stiliai, kuriais autorius pasakoja, intriga, priver\u010dianti sulaikyti kvap\u0105 iki pat galo \u2013 tai istorija, kuri\u0105 para\u0161yti gal\u0117jo tik Davidas Mitchellas.<\/p>\n","protected":false},"featured_media":19766,"comment_status":"open","ping_status":"closed","template":"","meta":{"_acf_changed":false,"site-sidebar-layout":"default","site-content-layout":"","ast-site-content-layout":"default","site-content-style":"default","site-sidebar-style":"default","ast-global-header-display":"","ast-banner-title-visibility":"","ast-main-header-display":"","ast-hfb-above-header-display":"","ast-hfb-below-header-display":"","ast-hfb-mobile-header-display":"","site-post-title":"","ast-breadcrumbs-content":"","ast-featured-img":"","footer-sml-layout":"","ast-disable-related-posts":"","theme-transparent-header-meta":"","adv-header-id-meta":"","stick-header-meta":"","header-above-stick-meta":"","header-main-stick-meta":"","header-below-stick-meta":"","astra-migrate-meta-layouts":"default","ast-page-background-enabled":"default","ast-page-background-meta":{"desktop":{"background-color":"","background-image":"","background-repeat":"repeat","background-position":"center center","background-size":"auto","background-attachment":"scroll","background-type":"","background-media":"","overlay-type":"","overlay-color":"","overlay-opacity":"","overlay-gradient":""},"tablet":{"background-color":"","background-image":"","background-repeat":"repeat","background-position":"center center","background-size":"auto","background-attachment":"scroll","background-type":"","background-media":"","overlay-type":"","overlay-color":"","overlay-opacity":"","overlay-gradient":""},"mobile":{"background-color":"","background-image":"","background-repeat":"repeat","background-position":"center center","background-size":"auto","background-attachment":"scroll","background-type":"","background-media":"","overlay-type":"","overlay-color":"","overlay-opacity":"","overlay-gradient":""}},"ast-content-background-meta":{"desktop":{"background-color":"var(--ast-global-color-4)","background-image":"","background-repeat":"repeat","background-position":"center center","background-size":"auto","background-attachment":"scroll","background-type":"","background-media":"","overlay-type":"","overlay-color":"","overlay-opacity":"","overlay-gradient":""},"tablet":{"background-color":"var(--ast-global-color-4)","background-image":"","background-repeat":"repeat","background-position":"center center","background-size":"auto","background-attachment":"scroll","background-type":"","background-media":"","overlay-type":"","overlay-color":"","overlay-opacity":"","overlay-gradient":""},"mobile":{"background-color":"var(--ast-global-color-4)","background-image":"","background-repeat":"repeat","background-position":"center center","background-size":"auto","background-attachment":"scroll","background-type":"","background-media":"","overlay-type":"","overlay-color":"","overlay-opacity":"","overlay-gradient":""}}},"product_brand":[],"product_cat":[15],"product_tag":[6607,6608,2595,4077,1587,6285],"class_list":{"0":"post-19756","1":"product","2":"type-product","3":"status-publish","4":"has-post-thumbnail","6":"product_cat-uncategorized","7":"product_tag-david-mitchell","8":"product_tag-paslaptingi-namai","9":"product_tag-psichologine-drama","10":"product_tag-siaubo-romanas","11":"product_tag-trileris","12":"product_tag-vaiduokliai","13":"desktop-align-left","14":"tablet-align-left","15":"mobile-align-left","17":"first","18":"instock","19":"shipping-taxable","20":"purchasable","21":"product-type-simple"},"acf":[],"yoast_head":"<!-- This site is optimized with the Yoast SEO plugin v27.0 - https:\/\/yoast.com\/product\/yoast-seo-wordpress\/ -->\n<title>Sleido namas<\/title>\n<meta name=\"description\" content=\"Paskui atsitinka keistas dalykas: mano ranka nusprend\u017eia smarkiai pastumti duris, ir deln\u0105 persmelkia kar\u0161\u010dio tvinksnis. I\u0161 nuostabos viaukteliu kaip\" \/>\n<meta name=\"robots\" content=\"index, follow, max-snippet:-1, max-image-preview:large, max-video-preview:-1\" \/>\n<link rel=\"canonical\" href=\"https:\/\/skaitytaknyga.lt\/en\/produktas\/sleido-namas\/\" \/>\n<meta property=\"og:locale\" content=\"en_GB\" \/>\n<meta property=\"og:locale:alternate\" content=\"lt_LT\" \/>\n<meta property=\"og:type\" content=\"article\" \/>\n<meta property=\"og:title\" content=\"Sleido namas\" \/>\n<meta property=\"og:description\" content=\"Paskui atsitinka keistas dalykas: mano ranka nusprend\u017eia smarkiai pastumti duris, ir deln\u0105 persmelkia kar\u0161\u010dio tvinksnis. I\u0161 nuostabos viaukteliu kaip\" \/>\n<meta property=\"og:url\" content=\"https:\/\/skaitytaknyga.lt\/en\/produktas\/sleido-namas\/\" \/>\n<meta property=\"og:site_name\" content=\"Skaitytaknyga\" \/>\n<meta property=\"article:publisher\" content=\"https:\/\/www.facebook.com\/skaitytaknyga\/\" \/>\n<meta property=\"article:modified_time\" content=\"2025-07-23T06:44:42+00:00\" \/>\n<meta property=\"og:image\" content=\"https:\/\/skaitytaknyga.lt\/wp-content\/uploads\/2025\/07\/Sleido-namas-1.webp\" \/>\n\t<meta property=\"og:image:width\" content=\"534\" \/>\n\t<meta property=\"og:image:height\" content=\"801\" \/>\n\t<meta property=\"og:image:type\" content=\"image\/webp\" \/>\n<meta name=\"twitter:card\" content=\"summary_large_image\" \/>\n<meta name=\"twitter:label1\" content=\"Estimated reading time\" \/>\n\t<meta name=\"twitter:data1\" content=\"2 minutes\" \/>\n<script type=\"application\/ld+json\" class=\"yoast-schema-graph\">{\"@context\":\"https:\/\/schema.org\",\"@graph\":[{\"@type\":\"WebPage\",\"@id\":\"https:\/\/skaitytaknyga.lt\/produktas\/sleido-namas\/\",\"url\":\"https:\/\/skaitytaknyga.lt\/produktas\/sleido-namas\/\",\"name\":\"Sleido namas\",\"isPartOf\":{\"@id\":\"https:\/\/skaitytaknyga.lt\/#website\"},\"primaryImageOfPage\":{\"@id\":\"https:\/\/skaitytaknyga.lt\/produktas\/sleido-namas\/#primaryimage\"},\"image\":{\"@id\":\"https:\/\/skaitytaknyga.lt\/produktas\/sleido-namas\/#primaryimage\"},\"thumbnailUrl\":\"https:\/\/skaitytaknyga.lt\/wp-content\/uploads\/2025\/07\/Sleido-namas-1.webp\",\"datePublished\":\"2025-07-23T05:48:45+00:00\",\"dateModified\":\"2025-07-23T06:44:42+00:00\",\"description\":\"Paskui atsitinka keistas dalykas: mano ranka nusprend\u017eia smarkiai pastumti duris, ir deln\u0105 persmelkia kar\u0161\u010dio tvinksnis. I\u0161 nuostabos viaukteliu kaip\",\"breadcrumb\":{\"@id\":\"https:\/\/skaitytaknyga.lt\/produktas\/sleido-namas\/#breadcrumb\"},\"inLanguage\":\"en-GB\",\"potentialAction\":[{\"@type\":\"ReadAction\",\"target\":[\"https:\/\/skaitytaknyga.lt\/produktas\/sleido-namas\/\"]}]},{\"@type\":\"ImageObject\",\"inLanguage\":\"en-GB\",\"@id\":\"https:\/\/skaitytaknyga.lt\/produktas\/sleido-namas\/#primaryimage\",\"url\":\"https:\/\/skaitytaknyga.lt\/wp-content\/uploads\/2025\/07\/Sleido-namas-1.webp\",\"contentUrl\":\"https:\/\/skaitytaknyga.lt\/wp-content\/uploads\/2025\/07\/Sleido-namas-1.webp\",\"width\":534,\"height\":801,\"caption\":\"Sleido namas\"},{\"@type\":\"BreadcrumbList\",\"@id\":\"https:\/\/skaitytaknyga.lt\/produktas\/sleido-namas\/#breadcrumb\",\"itemListElement\":[{\"@type\":\"ListItem\",\"position\":1,\"name\":\"Home\",\"item\":\"https:\/\/skaitytaknyga.lt\/\"},{\"@type\":\"ListItem\",\"position\":2,\"name\":\"Parduotuv\u0117\",\"item\":\"https:\/\/skaitytaknyga.lt\/knygu-parduotuve\/\"},{\"@type\":\"ListItem\",\"position\":3,\"name\":\"Sleido namas\"}]},{\"@type\":\"WebSite\",\"@id\":\"https:\/\/skaitytaknyga.lt\/#website\",\"url\":\"https:\/\/skaitytaknyga.lt\/\",\"name\":\"skaitytaknyga.lt\",\"description\":\"Skaitytaknyga.lt \u2013 tai ma\u017eas \u0161eimos verslas, kuris prasid\u0117jo nuo meil\u0117s knygoms ir siekio i\u0161gelb\u0117ti knygas nuo likimo prie konteinerio. Kas vienam nereikalingas daiktas \u2013 kitam lobis, o mes esame tarpininkai, kurie padeda abiems tapti laimingesniems ???? \u017dinome kaip nelengva i\u0161gyventi ma\u017eiems verslams, tad nuo \u0161iol, \u010dia rasite ir kit\u0173, ma\u017e\u0173 \u0161eim\u0173 versl\u0173, rank\u0173 darbo, dovan\u0173 sau ir artimiesiems.\",\"publisher\":{\"@id\":\"https:\/\/skaitytaknyga.lt\/#organization\"},\"potentialAction\":[{\"@type\":\"SearchAction\",\"target\":{\"@type\":\"EntryPoint\",\"urlTemplate\":\"https:\/\/skaitytaknyga.lt\/?s={search_term_string}\"},\"query-input\":{\"@type\":\"PropertyValueSpecification\",\"valueRequired\":true,\"valueName\":\"search_term_string\"}}],\"inLanguage\":\"en-GB\"},{\"@type\":\"Organization\",\"@id\":\"https:\/\/skaitytaknyga.lt\/#organization\",\"name\":\"skaitytaknyga.lt\",\"url\":\"https:\/\/skaitytaknyga.lt\/\",\"logo\":{\"@type\":\"ImageObject\",\"inLanguage\":\"en-GB\",\"@id\":\"https:\/\/skaitytaknyga.lt\/#\/schema\/logo\/image\/\",\"url\":\"https:\/\/skaitytaknyga.lt\/wp-content\/uploads\/2024\/05\/cropped-cropped-cropped-02_00843_jt3bggkj1j3HLc7SyY6rEUpg.jpeg\",\"contentUrl\":\"https:\/\/skaitytaknyga.lt\/wp-content\/uploads\/2024\/05\/cropped-cropped-cropped-02_00843_jt3bggkj1j3HLc7SyY6rEUpg.jpeg\",\"width\":1600,\"height\":1600,\"caption\":\"skaitytaknyga.lt\"},\"image\":{\"@id\":\"https:\/\/skaitytaknyga.lt\/#\/schema\/logo\/image\/\"},\"sameAs\":[\"https:\/\/www.facebook.com\/skaitytaknyga\/\"]}]}<\/script>\n<!-- \/ Yoast SEO plugin. -->","yoast_head_json":{"title":"Sleido namas","description":"Paskui atsitinka keistas dalykas: mano ranka nusprend\u017eia smarkiai pastumti duris, ir deln\u0105 persmelkia kar\u0161\u010dio tvinksnis. I\u0161 nuostabos viaukteliu kaip","robots":{"index":"index","follow":"follow","max-snippet":"max-snippet:-1","max-image-preview":"max-image-preview:large","max-video-preview":"max-video-preview:-1"},"canonical":"https:\/\/skaitytaknyga.lt\/en\/produktas\/sleido-namas\/","og_locale":"en_GB","og_type":"article","og_title":"[:lt]Sleido namas[:] - Skaitytaknyga","og_description":"Paskui atsitinka keistas dalykas: mano ranka nusprend\u017eia smarkiai pastumti duris, ir deln\u0105 persmelkia kar\u0161\u010dio tvinksnis. I\u0161 nuostabos viaukteliu kaip","og_url":"https:\/\/skaitytaknyga.lt\/en\/produktas\/sleido-namas\/","og_site_name":"Skaitytaknyga","article_publisher":"https:\/\/www.facebook.com\/skaitytaknyga\/","article_modified_time":"2025-07-23T06:44:42+00:00","og_image":[{"width":534,"height":801,"url":"https:\/\/skaitytaknyga.lt\/wp-content\/uploads\/2025\/07\/Sleido-namas-1.webp","type":"image\/webp"}],"twitter_card":"summary_large_image","twitter_misc":{"Estimated reading time":"2 minutes"},"schema":{"@context":"https:\/\/schema.org","@graph":[{"@type":"WebPage","@id":"https:\/\/skaitytaknyga.lt\/produktas\/sleido-namas\/","url":"https:\/\/skaitytaknyga.lt\/produktas\/sleido-namas\/","name":"Sleido namas","isPartOf":{"@id":"https:\/\/skaitytaknyga.lt\/#website"},"primaryImageOfPage":{"@id":"https:\/\/skaitytaknyga.lt\/produktas\/sleido-namas\/#primaryimage"},"image":{"@id":"https:\/\/skaitytaknyga.lt\/produktas\/sleido-namas\/#primaryimage"},"thumbnailUrl":"https:\/\/skaitytaknyga.lt\/wp-content\/uploads\/2025\/07\/Sleido-namas-1.webp","datePublished":"2025-07-23T05:48:45+00:00","dateModified":"2025-07-23T06:44:42+00:00","description":"Paskui atsitinka keistas dalykas: mano ranka nusprend\u017eia smarkiai pastumti duris, ir deln\u0105 persmelkia kar\u0161\u010dio tvinksnis. I\u0161 nuostabos viaukteliu kaip","breadcrumb":{"@id":"https:\/\/skaitytaknyga.lt\/produktas\/sleido-namas\/#breadcrumb"},"inLanguage":"en-GB","potentialAction":[{"@type":"ReadAction","target":["https:\/\/skaitytaknyga.lt\/produktas\/sleido-namas\/"]}]},{"@type":"ImageObject","inLanguage":"en-GB","@id":"https:\/\/skaitytaknyga.lt\/produktas\/sleido-namas\/#primaryimage","url":"https:\/\/skaitytaknyga.lt\/wp-content\/uploads\/2025\/07\/Sleido-namas-1.webp","contentUrl":"https:\/\/skaitytaknyga.lt\/wp-content\/uploads\/2025\/07\/Sleido-namas-1.webp","width":534,"height":801,"caption":"Sleido namas"},{"@type":"BreadcrumbList","@id":"https:\/\/skaitytaknyga.lt\/produktas\/sleido-namas\/#breadcrumb","itemListElement":[{"@type":"ListItem","position":1,"name":"Home","item":"https:\/\/skaitytaknyga.lt\/"},{"@type":"ListItem","position":2,"name":"Parduotuv\u0117","item":"https:\/\/skaitytaknyga.lt\/knygu-parduotuve\/"},{"@type":"ListItem","position":3,"name":"Sleido namas"}]},{"@type":"WebSite","@id":"https:\/\/skaitytaknyga.lt\/#website","url":"https:\/\/skaitytaknyga.lt\/","name":"skaitytaknyga.lt","description":"Skaitytaknyga.lt \u2013 tai ma\u017eas \u0161eimos verslas, kuris prasid\u0117jo nuo meil\u0117s knygoms ir siekio i\u0161gelb\u0117ti knygas nuo likimo prie konteinerio. Kas vienam nereikalingas daiktas \u2013 kitam lobis, o mes esame tarpininkai, kurie padeda abiems tapti laimingesniems ???? \u017dinome kaip nelengva i\u0161gyventi ma\u017eiems verslams, tad nuo \u0161iol, \u010dia rasite ir kit\u0173, ma\u017e\u0173 \u0161eim\u0173 versl\u0173, rank\u0173 darbo, dovan\u0173 sau ir artimiesiems.","publisher":{"@id":"https:\/\/skaitytaknyga.lt\/#organization"},"potentialAction":[{"@type":"SearchAction","target":{"@type":"EntryPoint","urlTemplate":"https:\/\/skaitytaknyga.lt\/?s={search_term_string}"},"query-input":{"@type":"PropertyValueSpecification","valueRequired":true,"valueName":"search_term_string"}}],"inLanguage":"en-GB"},{"@type":"Organization","@id":"https:\/\/skaitytaknyga.lt\/#organization","name":"skaitytaknyga.lt","url":"https:\/\/skaitytaknyga.lt\/","logo":{"@type":"ImageObject","inLanguage":"en-GB","@id":"https:\/\/skaitytaknyga.lt\/#\/schema\/logo\/image\/","url":"https:\/\/skaitytaknyga.lt\/wp-content\/uploads\/2024\/05\/cropped-cropped-cropped-02_00843_jt3bggkj1j3HLc7SyY6rEUpg.jpeg","contentUrl":"https:\/\/skaitytaknyga.lt\/wp-content\/uploads\/2024\/05\/cropped-cropped-cropped-02_00843_jt3bggkj1j3HLc7SyY6rEUpg.jpeg","width":1600,"height":1600,"caption":"skaitytaknyga.lt"},"image":{"@id":"https:\/\/skaitytaknyga.lt\/#\/schema\/logo\/image\/"},"sameAs":["https:\/\/www.facebook.com\/skaitytaknyga\/"]}]}},"_links":{"self":[{"href":"https:\/\/skaitytaknyga.lt\/en\/wp-json\/wp\/v2\/product\/19756","targetHints":{"allow":["GET"]}}],"collection":[{"href":"https:\/\/skaitytaknyga.lt\/en\/wp-json\/wp\/v2\/product"}],"about":[{"href":"https:\/\/skaitytaknyga.lt\/en\/wp-json\/wp\/v2\/types\/product"}],"replies":[{"embeddable":true,"href":"https:\/\/skaitytaknyga.lt\/en\/wp-json\/wp\/v2\/comments?post=19756"}],"wp:featuredmedia":[{"embeddable":true,"href":"https:\/\/skaitytaknyga.lt\/en\/wp-json\/wp\/v2\/media\/19766"}],"wp:attachment":[{"href":"https:\/\/skaitytaknyga.lt\/en\/wp-json\/wp\/v2\/media?parent=19756"}],"wp:term":[{"taxonomy":"product_brand","embeddable":true,"href":"https:\/\/skaitytaknyga.lt\/en\/wp-json\/wp\/v2\/product_brand?post=19756"},{"taxonomy":"product_cat","embeddable":true,"href":"https:\/\/skaitytaknyga.lt\/en\/wp-json\/wp\/v2\/product_cat?post=19756"},{"taxonomy":"product_tag","embeddable":true,"href":"https:\/\/skaitytaknyga.lt\/en\/wp-json\/wp\/v2\/product_tag?post=19756"}],"curies":[{"name":"wp","href":"https:\/\/api.w.org\/{rel}","templated":true}]}}