{"id":19755,"date":"2025-07-23T08:48:44","date_gmt":"2025-07-23T05:48:44","guid":{"rendered":"https:\/\/skaitytaknyga.lt\/?post_type=product&#038;p=19755"},"modified":"2026-03-05T11:59:17","modified_gmt":"2026-03-05T09:59:17","slug":"zmogzudystes-flyto-namuose","status":"publish","type":"product","link":"https:\/\/skaitytaknyga.lt\/en\/produktas\/zmogzudystes-flyto-namuose\/","title":{"rendered":"\u017dmog\u017eudyst\u0117s Flyto namuose"},"content":{"rendered":"<p>Legenda byloja, kad Flyto namuose vaidenasi jaunuolis. \u010cia jo gyvenimas buvo toks nelaimingas, kad jis pasikor\u0117 ant gele\u017einio kablio, \u012ftaisyto ant r\u016bsio lub\u0173.<\/p>\n<p>Lucinda Riley (Liusinda Raili, 1965\u20132021) \u2013 \u017eymi airi\u0173 kilm\u0117s ra\u0161ytoja, pirm\u0105j\u0105 knyg\u0105 para\u0161iusi b\u016bdama dvide\u0161imt ketveri\u0173 met\u0173, kai baig\u0117 ankstyv\u0105 karjer\u0105 kine, teatre ir televizijoje. Jos knygos i\u0161verstos \u012f 37 kalbas, visame pasaulyje j\u0173 parduota 40 milijon\u0173 egzempliori\u0173. Pripa\u017einim\u0105 Lietuvoje ir svetur autorei peln\u0117 \u201eSeptyni\u0173 seser\u0173&#8221; ciklas, paremtas mitu apie gars\u0173j\u012f Plejad\u017ei\u0173 \u017evaig\u017edyn\u0105. Holivudo kompanija ruo\u0161iasi pagal \u0161\u012f cikl\u0105 kurti serial\u0105. Knyga \u201e\u017dmog\u017eudyst\u0117s Flyto namuose&#8221; i\u0161siskiria i\u0161 bendro Lucindos Riley k\u016brini\u0173 konteksto. Tai vienintelis jos kriminalinis romanas, i\u0161 naujo atrastas bei suredaguotas jau po autor\u0117s mirties ir tarptautiniu mastu sulauk\u0119s did\u017eiulio ra\u0161ytojos gerb\u0117j\u0173 susidom\u0117jimo.<\/p>\n<p>Netik\u0117ta \u010carlio Kevendi\u0161o mirtis sudrebina Norfolke \u012fkurto internato gyvenim\u0105. Aspirinui mirtinai alergi\u0161kas vaikinas prie\u0161 mieg\u0105 i\u0161geria dvi jo tabletes. Nors internato direktorius i\u0161 paskutini\u0173j\u0173 stengiasi i\u0161saugoti \u012fstaigos reputacij\u0105 ir laikyti \u012fvyk\u012f nelaimingu atsitikimu, netrukus pradedamas kriminalinis tyrimas. Aroganti\u0161kas, i\u0161lepintas, mergin\u0173 d\u0117mesio neatsiginantis \u010carlis Kevendi\u0161as neretai sulaukdavo kreiv\u0173 \u017evilgsni\u0173. Bet kas gal\u0117jo trok\u0161ti jo mirties?<\/p>\n<p>To ai\u0161kintis imasi inspektor\u0117 D\u017eiazmina Hanter su detektyv\u0173 komanda. Ta\u010diau \u010carlio mirtis \u2013 tik tragi\u0161k\u0173 \u012fvyki\u0173 virtin\u0117s prad\u017eia. Netrukus dingsta kitas mokinys, keistomis aplinkyb\u0117mis mir\u0161ta vienas i\u0161 aukl\u0117toj\u0173, o aplinkui ima sklisti kalbos apie \u0161iurpius praeities \u012fvykius mokyklos koridoriuose. A\u0161tuoni \u0161imtai mokini\u0173, du \u0161imtai internato darbuotoj\u0173 ir tarp j\u0173 besislepiantis \u017eudikas \u2013 \u017emog\u017eudyst\u0117s Flyto namuose tampa sud\u0117tingiausia byla inspektor\u0117s D\u017eiaz karjeroje.<\/p>\n<p>\u201eIntriguojantis detektyvas su gyvybingais dialogais ir \u012ftikinamais persona\u017e\u0173 portretais.&#8221; \u2013 Daily Mail<\/p>\n","protected":false},"excerpt":{"rendered":"<p>Legenda byloja, kad Flyto namuose vaidenasi jaunuolis. \u010cia jo gyvenimas buvo toks nelaimingas, kad jis pasikor\u0117 ant gele\u017einio kablio, \u012ftaisyto ant r\u016bsio lub\u0173. Lucinda Riley (Liusinda Raili, 1965\u20132021) \u2013 \u017eymi airi\u0173 kilm\u0117s ra\u0161ytoja, pirm\u0105j\u0105 knyg\u0105 para\u0161iusi b\u016bdama dvide\u0161imt ketveri\u0173 met\u0173, kai baig\u0117 ankstyv\u0105 karjer\u0105 kine, teatre ir televizijoje. Jos knygos i\u0161verstos \u012f 37 kalbas, visame pasaulyje j\u0173 parduota 40 milijon\u0173 egzempliori\u0173. Pripa\u017einim\u0105 Lietuvoje ir svetur autorei peln\u0117 \u201eSeptyni\u0173 seser\u0173&#8221; ciklas, paremtas mitu apie gars\u0173j\u012f Plejad\u017ei\u0173 \u017evaig\u017edyn\u0105. Holivudo kompanija ruo\u0161iasi pagal \u0161\u012f cikl\u0105 kurti serial\u0105. Knyga \u201e\u017dmog\u017eudyst\u0117s Flyto namuose&#8221; i\u0161siskiria i\u0161 bendro Lucindos Riley k\u016brini\u0173 konteksto. Tai vienintelis jos kriminalinis romanas, i\u0161 naujo atrastas bei suredaguotas jau po autor\u0117s mirties ir tarptautiniu mastu sulauk\u0119s did\u017eiulio ra\u0161ytojos gerb\u0117j\u0173 susidom\u0117jimo. Netik\u0117ta \u010carlio Kevendi\u0161o mirtis sudrebina Norfolke \u012fkurto internato gyvenim\u0105. Aspirinui mirtinai alergi\u0161kas vaikinas prie\u0161 mieg\u0105 i\u0161geria dvi jo tabletes. Nors internato direktorius i\u0161 paskutini\u0173j\u0173 stengiasi i\u0161saugoti \u012fstaigos reputacij\u0105 ir laikyti \u012fvyk\u012f nelaimingu atsitikimu, netrukus pradedamas kriminalinis tyrimas. Aroganti\u0161kas, i\u0161lepintas, mergin\u0173 d\u0117mesio neatsiginantis \u010carlis Kevendi\u0161as neretai sulaukdavo kreiv\u0173 \u017evilgsni\u0173. Bet kas gal\u0117jo trok\u0161ti jo mirties? To ai\u0161kintis imasi inspektor\u0117 D\u017eiazmina Hanter su detektyv\u0173 komanda. Ta\u010diau \u010carlio mirtis \u2013 tik tragi\u0161k\u0173 \u012fvyki\u0173 virtin\u0117s prad\u017eia. Netrukus dingsta kitas mokinys, keistomis aplinkyb\u0117mis mir\u0161ta vienas i\u0161 aukl\u0117toj\u0173, o aplinkui ima sklisti kalbos apie \u0161iurpius praeities \u012fvykius mokyklos koridoriuose. A\u0161tuoni \u0161imtai mokini\u0173, du \u0161imtai internato darbuotoj\u0173 ir tarp j\u0173 besislepiantis \u017eudikas \u2013 \u017emog\u017eudyst\u0117s Flyto namuose tampa sud\u0117tingiausia byla inspektor\u0117s D\u017eiaz karjeroje. \u201eIntriguojantis detektyvas su gyvybingais dialogais ir \u012ftikinamais persona\u017e\u0173 portretais.&#8221; \u2013 Daily Mail<\/p>\n","protected":false},"featured_media":19765,"comment_status":"open","ping_status":"closed","template":"","meta":{"_acf_changed":false,"site-sidebar-layout":"default","site-content-layout":"","ast-site-content-layout":"default","site-content-style":"default","site-sidebar-style":"default","ast-global-header-display":"","ast-banner-title-visibility":"","ast-main-header-display":"","ast-hfb-above-header-display":"","ast-hfb-below-header-display":"","ast-hfb-mobile-header-display":"","site-post-title":"","ast-breadcrumbs-content":"","ast-featured-img":"","footer-sml-layout":"","ast-disable-related-posts":"","theme-transparent-header-meta":"","adv-header-id-meta":"","stick-header-meta":"","header-above-stick-meta":"","header-main-stick-meta":"","header-below-stick-meta":"","astra-migrate-meta-layouts":"default","ast-page-background-enabled":"default","ast-page-background-meta":{"desktop":{"background-color":"","background-image":"","background-repeat":"repeat","background-position":"center center","background-size":"auto","background-attachment":"scroll","background-type":"","background-media":"","overlay-type":"","overlay-color":"","overlay-opacity":"","overlay-gradient":""},"tablet":{"background-color":"","background-image":"","background-repeat":"repeat","background-position":"center center","background-size":"auto","background-attachment":"scroll","background-type":"","background-media":"","overlay-type":"","overlay-color":"","overlay-opacity":"","overlay-gradient":""},"mobile":{"background-color":"","background-image":"","background-repeat":"repeat","background-position":"center center","background-size":"auto","background-attachment":"scroll","background-type":"","background-media":"","overlay-type":"","overlay-color":"","overlay-opacity":"","overlay-gradient":""}},"ast-content-background-meta":{"desktop":{"background-color":"var(--ast-global-color-4)","background-image":"","background-repeat":"repeat","background-position":"center center","background-size":"auto","background-attachment":"scroll","background-type":"","background-media":"","overlay-type":"","overlay-color":"","overlay-opacity":"","overlay-gradient":""},"tablet":{"background-color":"var(--ast-global-color-4)","background-image":"","background-repeat":"repeat","background-position":"center center","background-size":"auto","background-attachment":"scroll","background-type":"","background-media":"","overlay-type":"","overlay-color":"","overlay-opacity":"","overlay-gradient":""},"mobile":{"background-color":"var(--ast-global-color-4)","background-image":"","background-repeat":"repeat","background-position":"center center","background-size":"auto","background-attachment":"scroll","background-type":"","background-media":"","overlay-type":"","overlay-color":"","overlay-opacity":"","overlay-gradient":""}}},"product_brand":[],"product_cat":[9581],"product_tag":[1476,6605,6606,6604,3614,1772],"class_list":{"0":"post-19755","1":"product","2":"type-product","3":"status-publish","4":"has-post-thumbnail","6":"product_cat-kriminaliniai-romanai","7":"product_tag-detektyvas","8":"product_tag-internatas","9":"product_tag-kriminaline-istorija","10":"product_tag-lucinda-riley","11":"product_tag-paaugliai","12":"product_tag-zmogzudyste","13":"desktop-align-left","14":"tablet-align-left","15":"mobile-align-left","17":"first","18":"instock","19":"shipping-taxable","20":"purchasable","21":"product-type-simple"},"acf":[],"yoast_head":"<!-- This site is optimized with the Yoast SEO plugin v27.0 - https:\/\/yoast.com\/product\/yoast-seo-wordpress\/ -->\n<title>\u017dmog\u017eudyst\u0117s Flyto namuose<\/title>\n<meta name=\"description\" content=\"Legenda byloja, kad Flyto namuose vaidenasi jaunuolis. \u010cia jo gyvenimas buvo toks nelaimingas, kad jis pasikor\u0117 ant gele\u017einio kablio, \u012ftaisyto ant r\u016bsio\" \/>\n<meta name=\"robots\" content=\"index, follow, max-snippet:-1, max-image-preview:large, max-video-preview:-1\" \/>\n<link rel=\"canonical\" href=\"https:\/\/skaitytaknyga.lt\/en\/produktas\/zmogzudystes-flyto-namuose\/\" \/>\n<meta property=\"og:locale\" content=\"en_GB\" \/>\n<meta property=\"og:locale:alternate\" content=\"lt_LT\" \/>\n<meta property=\"og:type\" content=\"article\" \/>\n<meta property=\"og:title\" content=\"\u017dmog\u017eudyst\u0117s Flyto namuose\" \/>\n<meta property=\"og:description\" content=\"Legenda byloja, kad Flyto namuose vaidenasi jaunuolis. \u010cia jo gyvenimas buvo toks nelaimingas, kad jis pasikor\u0117 ant gele\u017einio kablio, \u012ftaisyto ant r\u016bsio\" \/>\n<meta property=\"og:url\" content=\"https:\/\/skaitytaknyga.lt\/en\/produktas\/zmogzudystes-flyto-namuose\/\" \/>\n<meta property=\"og:site_name\" content=\"Skaitytaknyga\" \/>\n<meta property=\"article:publisher\" content=\"https:\/\/www.facebook.com\/skaitytaknyga\/\" \/>\n<meta property=\"article:modified_time\" content=\"2026-03-05T09:59:17+00:00\" \/>\n<meta property=\"og:image\" content=\"https:\/\/skaitytaknyga.lt\/wp-content\/uploads\/2025\/07\/Zmogzudystes-Flyto-namuose-1.webp\" \/>\n\t<meta property=\"og:image:width\" content=\"534\" \/>\n\t<meta property=\"og:image:height\" content=\"801\" \/>\n\t<meta property=\"og:image:type\" content=\"image\/webp\" \/>\n<meta name=\"twitter:card\" content=\"summary_large_image\" \/>\n<meta name=\"twitter:label1\" content=\"Estimated reading time\" \/>\n\t<meta name=\"twitter:data1\" content=\"1 minute\" \/>\n<script type=\"application\/ld+json\" class=\"yoast-schema-graph\">{\"@context\":\"https:\/\/schema.org\",\"@graph\":[{\"@type\":\"WebPage\",\"@id\":\"https:\/\/skaitytaknyga.lt\/produktas\/zmogzudystes-flyto-namuose\/\",\"url\":\"https:\/\/skaitytaknyga.lt\/produktas\/zmogzudystes-flyto-namuose\/\",\"name\":\"\u017dmog\u017eudyst\u0117s Flyto namuose\",\"isPartOf\":{\"@id\":\"https:\/\/skaitytaknyga.lt\/#website\"},\"primaryImageOfPage\":{\"@id\":\"https:\/\/skaitytaknyga.lt\/produktas\/zmogzudystes-flyto-namuose\/#primaryimage\"},\"image\":{\"@id\":\"https:\/\/skaitytaknyga.lt\/produktas\/zmogzudystes-flyto-namuose\/#primaryimage\"},\"thumbnailUrl\":\"https:\/\/skaitytaknyga.lt\/wp-content\/uploads\/2025\/07\/Zmogzudystes-Flyto-namuose-1.webp\",\"datePublished\":\"2025-07-23T05:48:44+00:00\",\"dateModified\":\"2026-03-05T09:59:17+00:00\",\"description\":\"Legenda byloja, kad Flyto namuose vaidenasi jaunuolis. \u010cia jo gyvenimas buvo toks nelaimingas, kad jis pasikor\u0117 ant gele\u017einio kablio, \u012ftaisyto ant r\u016bsio\",\"breadcrumb\":{\"@id\":\"https:\/\/skaitytaknyga.lt\/produktas\/zmogzudystes-flyto-namuose\/#breadcrumb\"},\"inLanguage\":\"en-GB\",\"potentialAction\":[{\"@type\":\"ReadAction\",\"target\":[\"https:\/\/skaitytaknyga.lt\/produktas\/zmogzudystes-flyto-namuose\/\"]}]},{\"@type\":\"ImageObject\",\"inLanguage\":\"en-GB\",\"@id\":\"https:\/\/skaitytaknyga.lt\/produktas\/zmogzudystes-flyto-namuose\/#primaryimage\",\"url\":\"https:\/\/skaitytaknyga.lt\/wp-content\/uploads\/2025\/07\/Zmogzudystes-Flyto-namuose-1.webp\",\"contentUrl\":\"https:\/\/skaitytaknyga.lt\/wp-content\/uploads\/2025\/07\/Zmogzudystes-Flyto-namuose-1.webp\",\"width\":534,\"height\":801,\"caption\":\"\u017dmog\u017eudyst\u0117s Flyto namuose\"},{\"@type\":\"BreadcrumbList\",\"@id\":\"https:\/\/skaitytaknyga.lt\/produktas\/zmogzudystes-flyto-namuose\/#breadcrumb\",\"itemListElement\":[{\"@type\":\"ListItem\",\"position\":1,\"name\":\"Home\",\"item\":\"https:\/\/skaitytaknyga.lt\/\"},{\"@type\":\"ListItem\",\"position\":2,\"name\":\"Parduotuv\u0117\",\"item\":\"https:\/\/skaitytaknyga.lt\/knygu-parduotuve\/\"},{\"@type\":\"ListItem\",\"position\":3,\"name\":\"\u017dmog\u017eudyst\u0117s Flyto namuose\"}]},{\"@type\":\"WebSite\",\"@id\":\"https:\/\/skaitytaknyga.lt\/#website\",\"url\":\"https:\/\/skaitytaknyga.lt\/\",\"name\":\"skaitytaknyga.lt\",\"description\":\"Skaitytaknyga.lt \u2013 tai ma\u017eas \u0161eimos verslas, kuris prasid\u0117jo nuo meil\u0117s knygoms ir siekio i\u0161gelb\u0117ti knygas nuo likimo prie konteinerio. Kas vienam nereikalingas daiktas \u2013 kitam lobis, o mes esame tarpininkai, kurie padeda abiems tapti laimingesniems ???? \u017dinome kaip nelengva i\u0161gyventi ma\u017eiems verslams, tad nuo \u0161iol, \u010dia rasite ir kit\u0173, ma\u017e\u0173 \u0161eim\u0173 versl\u0173, rank\u0173 darbo, dovan\u0173 sau ir artimiesiems.\",\"publisher\":{\"@id\":\"https:\/\/skaitytaknyga.lt\/#organization\"},\"potentialAction\":[{\"@type\":\"SearchAction\",\"target\":{\"@type\":\"EntryPoint\",\"urlTemplate\":\"https:\/\/skaitytaknyga.lt\/?s={search_term_string}\"},\"query-input\":{\"@type\":\"PropertyValueSpecification\",\"valueRequired\":true,\"valueName\":\"search_term_string\"}}],\"inLanguage\":\"en-GB\"},{\"@type\":\"Organization\",\"@id\":\"https:\/\/skaitytaknyga.lt\/#organization\",\"name\":\"skaitytaknyga.lt\",\"url\":\"https:\/\/skaitytaknyga.lt\/\",\"logo\":{\"@type\":\"ImageObject\",\"inLanguage\":\"en-GB\",\"@id\":\"https:\/\/skaitytaknyga.lt\/#\/schema\/logo\/image\/\",\"url\":\"https:\/\/skaitytaknyga.lt\/wp-content\/uploads\/2024\/05\/cropped-cropped-cropped-02_00843_jt3bggkj1j3HLc7SyY6rEUpg.jpeg\",\"contentUrl\":\"https:\/\/skaitytaknyga.lt\/wp-content\/uploads\/2024\/05\/cropped-cropped-cropped-02_00843_jt3bggkj1j3HLc7SyY6rEUpg.jpeg\",\"width\":1600,\"height\":1600,\"caption\":\"skaitytaknyga.lt\"},\"image\":{\"@id\":\"https:\/\/skaitytaknyga.lt\/#\/schema\/logo\/image\/\"},\"sameAs\":[\"https:\/\/www.facebook.com\/skaitytaknyga\/\"]}]}<\/script>\n<!-- \/ Yoast SEO plugin. -->","yoast_head_json":{"title":"\u017dmog\u017eudyst\u0117s Flyto namuose","description":"Legenda byloja, kad Flyto namuose vaidenasi jaunuolis. \u010cia jo gyvenimas buvo toks nelaimingas, kad jis pasikor\u0117 ant gele\u017einio kablio, \u012ftaisyto ant r\u016bsio","robots":{"index":"index","follow":"follow","max-snippet":"max-snippet:-1","max-image-preview":"max-image-preview:large","max-video-preview":"max-video-preview:-1"},"canonical":"https:\/\/skaitytaknyga.lt\/en\/produktas\/zmogzudystes-flyto-namuose\/","og_locale":"en_GB","og_type":"article","og_title":"[:lt]\u017dmog\u017eudyst\u0117s Flyto namuose[:] - Skaitytaknyga","og_description":"Legenda byloja, kad Flyto namuose vaidenasi jaunuolis. \u010cia jo gyvenimas buvo toks nelaimingas, kad jis pasikor\u0117 ant gele\u017einio kablio, \u012ftaisyto ant r\u016bsio","og_url":"https:\/\/skaitytaknyga.lt\/en\/produktas\/zmogzudystes-flyto-namuose\/","og_site_name":"Skaitytaknyga","article_publisher":"https:\/\/www.facebook.com\/skaitytaknyga\/","article_modified_time":"2026-03-05T09:59:17+00:00","og_image":[{"width":534,"height":801,"url":"https:\/\/skaitytaknyga.lt\/wp-content\/uploads\/2025\/07\/Zmogzudystes-Flyto-namuose-1.webp","type":"image\/webp"}],"twitter_card":"summary_large_image","twitter_misc":{"Estimated reading time":"1 minute"},"schema":{"@context":"https:\/\/schema.org","@graph":[{"@type":"WebPage","@id":"https:\/\/skaitytaknyga.lt\/produktas\/zmogzudystes-flyto-namuose\/","url":"https:\/\/skaitytaknyga.lt\/produktas\/zmogzudystes-flyto-namuose\/","name":"\u017dmog\u017eudyst\u0117s Flyto namuose","isPartOf":{"@id":"https:\/\/skaitytaknyga.lt\/#website"},"primaryImageOfPage":{"@id":"https:\/\/skaitytaknyga.lt\/produktas\/zmogzudystes-flyto-namuose\/#primaryimage"},"image":{"@id":"https:\/\/skaitytaknyga.lt\/produktas\/zmogzudystes-flyto-namuose\/#primaryimage"},"thumbnailUrl":"https:\/\/skaitytaknyga.lt\/wp-content\/uploads\/2025\/07\/Zmogzudystes-Flyto-namuose-1.webp","datePublished":"2025-07-23T05:48:44+00:00","dateModified":"2026-03-05T09:59:17+00:00","description":"Legenda byloja, kad Flyto namuose vaidenasi jaunuolis. \u010cia jo gyvenimas buvo toks nelaimingas, kad jis pasikor\u0117 ant gele\u017einio kablio, \u012ftaisyto ant r\u016bsio","breadcrumb":{"@id":"https:\/\/skaitytaknyga.lt\/produktas\/zmogzudystes-flyto-namuose\/#breadcrumb"},"inLanguage":"en-GB","potentialAction":[{"@type":"ReadAction","target":["https:\/\/skaitytaknyga.lt\/produktas\/zmogzudystes-flyto-namuose\/"]}]},{"@type":"ImageObject","inLanguage":"en-GB","@id":"https:\/\/skaitytaknyga.lt\/produktas\/zmogzudystes-flyto-namuose\/#primaryimage","url":"https:\/\/skaitytaknyga.lt\/wp-content\/uploads\/2025\/07\/Zmogzudystes-Flyto-namuose-1.webp","contentUrl":"https:\/\/skaitytaknyga.lt\/wp-content\/uploads\/2025\/07\/Zmogzudystes-Flyto-namuose-1.webp","width":534,"height":801,"caption":"\u017dmog\u017eudyst\u0117s Flyto namuose"},{"@type":"BreadcrumbList","@id":"https:\/\/skaitytaknyga.lt\/produktas\/zmogzudystes-flyto-namuose\/#breadcrumb","itemListElement":[{"@type":"ListItem","position":1,"name":"Home","item":"https:\/\/skaitytaknyga.lt\/"},{"@type":"ListItem","position":2,"name":"Parduotuv\u0117","item":"https:\/\/skaitytaknyga.lt\/knygu-parduotuve\/"},{"@type":"ListItem","position":3,"name":"\u017dmog\u017eudyst\u0117s Flyto namuose"}]},{"@type":"WebSite","@id":"https:\/\/skaitytaknyga.lt\/#website","url":"https:\/\/skaitytaknyga.lt\/","name":"skaitytaknyga.lt","description":"Skaitytaknyga.lt \u2013 tai ma\u017eas \u0161eimos verslas, kuris prasid\u0117jo nuo meil\u0117s knygoms ir siekio i\u0161gelb\u0117ti knygas nuo likimo prie konteinerio. Kas vienam nereikalingas daiktas \u2013 kitam lobis, o mes esame tarpininkai, kurie padeda abiems tapti laimingesniems ???? \u017dinome kaip nelengva i\u0161gyventi ma\u017eiems verslams, tad nuo \u0161iol, \u010dia rasite ir kit\u0173, ma\u017e\u0173 \u0161eim\u0173 versl\u0173, rank\u0173 darbo, dovan\u0173 sau ir artimiesiems.","publisher":{"@id":"https:\/\/skaitytaknyga.lt\/#organization"},"potentialAction":[{"@type":"SearchAction","target":{"@type":"EntryPoint","urlTemplate":"https:\/\/skaitytaknyga.lt\/?s={search_term_string}"},"query-input":{"@type":"PropertyValueSpecification","valueRequired":true,"valueName":"search_term_string"}}],"inLanguage":"en-GB"},{"@type":"Organization","@id":"https:\/\/skaitytaknyga.lt\/#organization","name":"skaitytaknyga.lt","url":"https:\/\/skaitytaknyga.lt\/","logo":{"@type":"ImageObject","inLanguage":"en-GB","@id":"https:\/\/skaitytaknyga.lt\/#\/schema\/logo\/image\/","url":"https:\/\/skaitytaknyga.lt\/wp-content\/uploads\/2024\/05\/cropped-cropped-cropped-02_00843_jt3bggkj1j3HLc7SyY6rEUpg.jpeg","contentUrl":"https:\/\/skaitytaknyga.lt\/wp-content\/uploads\/2024\/05\/cropped-cropped-cropped-02_00843_jt3bggkj1j3HLc7SyY6rEUpg.jpeg","width":1600,"height":1600,"caption":"skaitytaknyga.lt"},"image":{"@id":"https:\/\/skaitytaknyga.lt\/#\/schema\/logo\/image\/"},"sameAs":["https:\/\/www.facebook.com\/skaitytaknyga\/"]}]}},"_links":{"self":[{"href":"https:\/\/skaitytaknyga.lt\/en\/wp-json\/wp\/v2\/product\/19755","targetHints":{"allow":["GET"]}}],"collection":[{"href":"https:\/\/skaitytaknyga.lt\/en\/wp-json\/wp\/v2\/product"}],"about":[{"href":"https:\/\/skaitytaknyga.lt\/en\/wp-json\/wp\/v2\/types\/product"}],"replies":[{"embeddable":true,"href":"https:\/\/skaitytaknyga.lt\/en\/wp-json\/wp\/v2\/comments?post=19755"}],"wp:featuredmedia":[{"embeddable":true,"href":"https:\/\/skaitytaknyga.lt\/en\/wp-json\/wp\/v2\/media\/19765"}],"wp:attachment":[{"href":"https:\/\/skaitytaknyga.lt\/en\/wp-json\/wp\/v2\/media?parent=19755"}],"wp:term":[{"taxonomy":"product_brand","embeddable":true,"href":"https:\/\/skaitytaknyga.lt\/en\/wp-json\/wp\/v2\/product_brand?post=19755"},{"taxonomy":"product_cat","embeddable":true,"href":"https:\/\/skaitytaknyga.lt\/en\/wp-json\/wp\/v2\/product_cat?post=19755"},{"taxonomy":"product_tag","embeddable":true,"href":"https:\/\/skaitytaknyga.lt\/en\/wp-json\/wp\/v2\/product_tag?post=19755"}],"curies":[{"name":"wp","href":"https:\/\/api.w.org\/{rel}","templated":true}]}}