{"id":19746,"date":"2025-07-22T21:16:33","date_gmt":"2025-07-22T18:16:33","guid":{"rendered":"https:\/\/skaitytaknyga.lt\/?post_type=product&#038;p=19746"},"modified":"2025-07-24T11:07:23","modified_gmt":"2025-07-24T08:07:23","slug":"malones-sniegas","status":"publish","type":"product","link":"https:\/\/skaitytaknyga.lt\/en\/produktas\/malones-sniegas\/","title":{"rendered":"Malon\u0117s sniegas"},"content":{"rendered":"<p>Ra\u0161ytojas Anthony Doerris (Antonis Doeris) lietuvi\u0173 skaitytojams jau pa\u017e\u012fstamas \u2013 m\u016bs\u0173 \u0161alyje i\u0161leistas presti\u017eine Pulitzerio premija apdovanotas jo romanas \u201eNeregimoji \u0161viesa&#8221; (vert\u0117 Z. Marien\u0117) ir apsakym\u0173 rinkinys \u201eKriaukli\u0173 rink\u0117jas&#8221; (vert\u0117 N. R. Chijenien\u0117). Ra\u0161ytojas vertinamas u\u017e geb\u0117jim\u0105 subtiliai atskleisti \u017emogaus prigimties sud\u0117tingum\u0105 ir sukurti ypating\u0105 u\u017eburian\u010di\u0105 atmosfer\u0105, taip pat u\u017e poeti\u0161k\u0105 detalum\u0105 ir ypating\u0105 kalbos gro\u017e\u012f.<\/p>\n<p>Hidrologas Deividas Vinkleris gyvena Aliaskoje. Nuo ma\u017eum\u0117s paker\u0117tas sniego, kartais jis sapnuoja prana\u0161i\u0161kus sapnus. Syk\u012f susapnav\u0119s, jog per potvyn\u012f ne\u012fstengia i\u0161gelb\u0117ti dukryt\u0117s Greis\u0117s, apimtas panikos pab\u0117ga kuo toliau, kad tik pakeist\u0173 ateit\u012f ir perra\u0161yt\u0173 lemt\u012f. Kamuojamas kalt\u0117s ir ne\u017einios, vienoje Karib\u0173 j\u016bros saloje praleid\u017eia dvide\u0161imt penkerius metus. Bet kadaise Deivid\u0105 i\u0161gelb\u0117jusi \u0161eima \u012ftikina, kad jis turi gr\u012f\u017eti \u012f t\u0117vyn\u0119 ie\u0161koti sav\u0173j\u0173.<\/p>\n<p>A. Doerrio knyga \u201eMalon\u0117s sniegas&#8221; \u2013 vienas ry\u0161kiausi\u0173 pirmojo de\u0161imtme\u010dio romano debiut\u0173. Ji sklidina ilgesio ir li\u016bdesio, bet sykiu \u2013 gailestingumo \u0161viesos ir atjautos \u017emogaus netobulumui. Ji kalba apie meil\u0119, atleidim\u0105 ir gerum\u0105, apie ma\u017ey\u010dius kasdienius stebuklus, kei\u010dian\u010dius m\u016bs\u0173 gyvenim\u0105, taip pat apie kukli\u0105 \u017emogaus, kaip biologin\u0117s r\u016b\u0161ies, viet\u0105 didingame ir stulbinan\u010diame gamtos pasaulyje.<\/p>\n","protected":false},"excerpt":{"rendered":"<p>Ra\u0161ytojas Anthony Doerris (Antonis Doeris) lietuvi\u0173 skaitytojams jau pa\u017e\u012fstamas \u2013 m\u016bs\u0173 \u0161alyje i\u0161leistas presti\u017eine Pulitzerio premija apdovanotas jo romanas \u201eNeregimoji \u0161viesa&#8221; (vert\u0117 Z. Marien\u0117) ir apsakym\u0173 rinkinys \u201eKriaukli\u0173 rink\u0117jas&#8221; (vert\u0117 N. R. Chijenien\u0117). Ra\u0161ytojas vertinamas u\u017e geb\u0117jim\u0105 subtiliai atskleisti \u017emogaus prigimties sud\u0117tingum\u0105 ir sukurti ypating\u0105 u\u017eburian\u010di\u0105 atmosfer\u0105, taip pat u\u017e poeti\u0161k\u0105 detalum\u0105 ir ypating\u0105 kalbos gro\u017e\u012f. Hidrologas Deividas Vinkleris gyvena Aliaskoje. Nuo ma\u017eum\u0117s paker\u0117tas sniego, kartais jis sapnuoja prana\u0161i\u0161kus sapnus. Syk\u012f susapnav\u0119s, jog per potvyn\u012f ne\u012fstengia i\u0161gelb\u0117ti dukryt\u0117s Greis\u0117s, apimtas panikos pab\u0117ga kuo toliau, kad tik pakeist\u0173 ateit\u012f ir perra\u0161yt\u0173 lemt\u012f. Kamuojamas kalt\u0117s ir ne\u017einios, vienoje Karib\u0173 j\u016bros saloje praleid\u017eia dvide\u0161imt penkerius metus. Bet kadaise Deivid\u0105 i\u0161gelb\u0117jusi \u0161eima \u012ftikina, kad jis turi gr\u012f\u017eti \u012f t\u0117vyn\u0119 ie\u0161koti sav\u0173j\u0173. A. Doerrio knyga \u201eMalon\u0117s sniegas&#8221; \u2013 vienas ry\u0161kiausi\u0173 pirmojo de\u0161imtme\u010dio romano debiut\u0173. Ji sklidina ilgesio ir li\u016bdesio, bet sykiu \u2013 gailestingumo \u0161viesos ir atjautos \u017emogaus netobulumui. Ji kalba apie meil\u0119, atleidim\u0105 ir gerum\u0105, apie ma\u017ey\u010dius kasdienius stebuklus, kei\u010dian\u010dius m\u016bs\u0173 gyvenim\u0105, taip pat apie kukli\u0105 \u017emogaus, kaip biologin\u0117s r\u016b\u0161ies, viet\u0105 didingame ir stulbinan\u010diame gamtos pasaulyje.<\/p>\n","protected":false},"featured_media":19754,"comment_status":"open","ping_status":"closed","template":"","meta":{"_acf_changed":false,"site-sidebar-layout":"default","site-content-layout":"","ast-site-content-layout":"default","site-content-style":"default","site-sidebar-style":"default","ast-global-header-display":"","ast-banner-title-visibility":"","ast-main-header-display":"","ast-hfb-above-header-display":"","ast-hfb-below-header-display":"","ast-hfb-mobile-header-display":"","site-post-title":"","ast-breadcrumbs-content":"","ast-featured-img":"","footer-sml-layout":"","ast-disable-related-posts":"","theme-transparent-header-meta":"","adv-header-id-meta":"","stick-header-meta":"","header-above-stick-meta":"","header-main-stick-meta":"","header-below-stick-meta":"","astra-migrate-meta-layouts":"default","ast-page-background-enabled":"default","ast-page-background-meta":{"desktop":{"background-color":"","background-image":"","background-repeat":"repeat","background-position":"center center","background-size":"auto","background-attachment":"scroll","background-type":"","background-media":"","overlay-type":"","overlay-color":"","overlay-opacity":"","overlay-gradient":""},"tablet":{"background-color":"","background-image":"","background-repeat":"repeat","background-position":"center center","background-size":"auto","background-attachment":"scroll","background-type":"","background-media":"","overlay-type":"","overlay-color":"","overlay-opacity":"","overlay-gradient":""},"mobile":{"background-color":"","background-image":"","background-repeat":"repeat","background-position":"center center","background-size":"auto","background-attachment":"scroll","background-type":"","background-media":"","overlay-type":"","overlay-color":"","overlay-opacity":"","overlay-gradient":""}},"ast-content-background-meta":{"desktop":{"background-color":"var(--ast-global-color-4)","background-image":"","background-repeat":"repeat","background-position":"center center","background-size":"auto","background-attachment":"scroll","background-type":"","background-media":"","overlay-type":"","overlay-color":"","overlay-opacity":"","overlay-gradient":""},"tablet":{"background-color":"var(--ast-global-color-4)","background-image":"","background-repeat":"repeat","background-position":"center center","background-size":"auto","background-attachment":"scroll","background-type":"","background-media":"","overlay-type":"","overlay-color":"","overlay-opacity":"","overlay-gradient":""},"mobile":{"background-color":"var(--ast-global-color-4)","background-image":"","background-repeat":"repeat","background-position":"center center","background-size":"auto","background-attachment":"scroll","background-type":"","background-media":"","overlay-type":"","overlay-color":"","overlay-opacity":"","overlay-gradient":""}}},"product_brand":[],"product_cat":[31],"product_tag":[6601,1627,6603,1745,6602,2206],"class_list":{"0":"post-19746","1":"product","2":"type-product","3":"status-publish","4":"has-post-thumbnail","6":"product_cat-grozine-literatura","7":"product_tag-anthony-doerr","8":"product_tag-gyvenimo-prasme","9":"product_tag-pranasiski-sapnai","10":"product_tag-romanas","11":"product_tag-sniegas","12":"product_tag-tevyste","13":"desktop-align-left","14":"tablet-align-left","15":"mobile-align-left","17":"first","18":"instock","19":"shipping-taxable","20":"purchasable","21":"product-type-simple"},"acf":[],"yoast_head":"<!-- This site is optimized with the Yoast SEO plugin v27.0 - https:\/\/yoast.com\/product\/yoast-seo-wordpress\/ -->\n<title>Malon\u0117s sniegas<\/title>\n<meta name=\"description\" content=\"Ra\u0161ytojas Anthony Doerris (Antonis Doeris) lietuvi\u0173 skaitytojams jau pa\u017e\u012fstamas \u2013 m\u016bs\u0173 \u0161alyje i\u0161leistas presti\u017eine Pulitzerio premija apdovanotas jo\" \/>\n<meta name=\"robots\" content=\"index, follow, max-snippet:-1, max-image-preview:large, max-video-preview:-1\" \/>\n<link rel=\"canonical\" href=\"https:\/\/skaitytaknyga.lt\/en\/produktas\/malones-sniegas\/\" \/>\n<meta property=\"og:locale\" content=\"en_GB\" \/>\n<meta property=\"og:locale:alternate\" content=\"lt_LT\" \/>\n<meta property=\"og:type\" content=\"article\" \/>\n<meta property=\"og:title\" content=\"Malon\u0117s sniegas\" \/>\n<meta property=\"og:description\" content=\"Ra\u0161ytojas Anthony Doerris (Antonis Doeris) lietuvi\u0173 skaitytojams jau pa\u017e\u012fstamas \u2013 m\u016bs\u0173 \u0161alyje i\u0161leistas presti\u017eine Pulitzerio premija apdovanotas jo\" \/>\n<meta property=\"og:url\" content=\"https:\/\/skaitytaknyga.lt\/en\/produktas\/malones-sniegas\/\" \/>\n<meta property=\"og:site_name\" content=\"Skaitytaknyga\" \/>\n<meta property=\"article:publisher\" content=\"https:\/\/www.facebook.com\/skaitytaknyga\/\" \/>\n<meta property=\"article:modified_time\" content=\"2025-07-24T08:07:23+00:00\" \/>\n<meta property=\"og:image\" content=\"https:\/\/skaitytaknyga.lt\/wp-content\/uploads\/2025\/07\/1601896537_Malones_sniegas.webp\" \/>\n\t<meta property=\"og:image:width\" content=\"403\" \/>\n\t<meta property=\"og:image:height\" content=\"600\" \/>\n\t<meta property=\"og:image:type\" content=\"image\/webp\" \/>\n<meta name=\"twitter:card\" content=\"summary_large_image\" \/>\n<meta name=\"twitter:label1\" content=\"Estimated reading time\" \/>\n\t<meta name=\"twitter:data1\" content=\"1 minute\" \/>\n<script type=\"application\/ld+json\" class=\"yoast-schema-graph\">{\"@context\":\"https:\/\/schema.org\",\"@graph\":[{\"@type\":\"WebPage\",\"@id\":\"https:\/\/skaitytaknyga.lt\/produktas\/malones-sniegas\/\",\"url\":\"https:\/\/skaitytaknyga.lt\/produktas\/malones-sniegas\/\",\"name\":\"Malon\u0117s sniegas\",\"isPartOf\":{\"@id\":\"https:\/\/skaitytaknyga.lt\/#website\"},\"primaryImageOfPage\":{\"@id\":\"https:\/\/skaitytaknyga.lt\/produktas\/malones-sniegas\/#primaryimage\"},\"image\":{\"@id\":\"https:\/\/skaitytaknyga.lt\/produktas\/malones-sniegas\/#primaryimage\"},\"thumbnailUrl\":\"https:\/\/skaitytaknyga.lt\/wp-content\/uploads\/2025\/07\/1601896537_Malones_sniegas.webp\",\"datePublished\":\"2025-07-22T18:16:33+00:00\",\"dateModified\":\"2025-07-24T08:07:23+00:00\",\"description\":\"Ra\u0161ytojas Anthony Doerris (Antonis Doeris) lietuvi\u0173 skaitytojams jau pa\u017e\u012fstamas \u2013 m\u016bs\u0173 \u0161alyje i\u0161leistas presti\u017eine Pulitzerio premija apdovanotas jo\",\"breadcrumb\":{\"@id\":\"https:\/\/skaitytaknyga.lt\/produktas\/malones-sniegas\/#breadcrumb\"},\"inLanguage\":\"en-GB\",\"potentialAction\":[{\"@type\":\"ReadAction\",\"target\":[\"https:\/\/skaitytaknyga.lt\/produktas\/malones-sniegas\/\"]}]},{\"@type\":\"ImageObject\",\"inLanguage\":\"en-GB\",\"@id\":\"https:\/\/skaitytaknyga.lt\/produktas\/malones-sniegas\/#primaryimage\",\"url\":\"https:\/\/skaitytaknyga.lt\/wp-content\/uploads\/2025\/07\/1601896537_Malones_sniegas.webp\",\"contentUrl\":\"https:\/\/skaitytaknyga.lt\/wp-content\/uploads\/2025\/07\/1601896537_Malones_sniegas.webp\",\"width\":403,\"height\":600,\"caption\":\"Malon\u0117s sniegas\"},{\"@type\":\"BreadcrumbList\",\"@id\":\"https:\/\/skaitytaknyga.lt\/produktas\/malones-sniegas\/#breadcrumb\",\"itemListElement\":[{\"@type\":\"ListItem\",\"position\":1,\"name\":\"Home\",\"item\":\"https:\/\/skaitytaknyga.lt\/\"},{\"@type\":\"ListItem\",\"position\":2,\"name\":\"Parduotuv\u0117\",\"item\":\"https:\/\/skaitytaknyga.lt\/knygu-parduotuve\/\"},{\"@type\":\"ListItem\",\"position\":3,\"name\":\"Malon\u0117s sniegas\"}]},{\"@type\":\"WebSite\",\"@id\":\"https:\/\/skaitytaknyga.lt\/#website\",\"url\":\"https:\/\/skaitytaknyga.lt\/\",\"name\":\"skaitytaknyga.lt\",\"description\":\"Skaitytaknyga.lt \u2013 tai ma\u017eas \u0161eimos verslas, kuris prasid\u0117jo nuo meil\u0117s knygoms ir siekio i\u0161gelb\u0117ti knygas nuo likimo prie konteinerio. Kas vienam nereikalingas daiktas \u2013 kitam lobis, o mes esame tarpininkai, kurie padeda abiems tapti laimingesniems ???? \u017dinome kaip nelengva i\u0161gyventi ma\u017eiems verslams, tad nuo \u0161iol, \u010dia rasite ir kit\u0173, ma\u017e\u0173 \u0161eim\u0173 versl\u0173, rank\u0173 darbo, dovan\u0173 sau ir artimiesiems.\",\"publisher\":{\"@id\":\"https:\/\/skaitytaknyga.lt\/#organization\"},\"potentialAction\":[{\"@type\":\"SearchAction\",\"target\":{\"@type\":\"EntryPoint\",\"urlTemplate\":\"https:\/\/skaitytaknyga.lt\/?s={search_term_string}\"},\"query-input\":{\"@type\":\"PropertyValueSpecification\",\"valueRequired\":true,\"valueName\":\"search_term_string\"}}],\"inLanguage\":\"en-GB\"},{\"@type\":\"Organization\",\"@id\":\"https:\/\/skaitytaknyga.lt\/#organization\",\"name\":\"skaitytaknyga.lt\",\"url\":\"https:\/\/skaitytaknyga.lt\/\",\"logo\":{\"@type\":\"ImageObject\",\"inLanguage\":\"en-GB\",\"@id\":\"https:\/\/skaitytaknyga.lt\/#\/schema\/logo\/image\/\",\"url\":\"https:\/\/skaitytaknyga.lt\/wp-content\/uploads\/2024\/05\/cropped-cropped-cropped-02_00843_jt3bggkj1j3HLc7SyY6rEUpg.jpeg\",\"contentUrl\":\"https:\/\/skaitytaknyga.lt\/wp-content\/uploads\/2024\/05\/cropped-cropped-cropped-02_00843_jt3bggkj1j3HLc7SyY6rEUpg.jpeg\",\"width\":1600,\"height\":1600,\"caption\":\"skaitytaknyga.lt\"},\"image\":{\"@id\":\"https:\/\/skaitytaknyga.lt\/#\/schema\/logo\/image\/\"},\"sameAs\":[\"https:\/\/www.facebook.com\/skaitytaknyga\/\"]}]}<\/script>\n<!-- \/ Yoast SEO plugin. -->","yoast_head_json":{"title":"Malon\u0117s sniegas","description":"Ra\u0161ytojas Anthony Doerris (Antonis Doeris) lietuvi\u0173 skaitytojams jau pa\u017e\u012fstamas \u2013 m\u016bs\u0173 \u0161alyje i\u0161leistas presti\u017eine Pulitzerio premija apdovanotas jo","robots":{"index":"index","follow":"follow","max-snippet":"max-snippet:-1","max-image-preview":"max-image-preview:large","max-video-preview":"max-video-preview:-1"},"canonical":"https:\/\/skaitytaknyga.lt\/en\/produktas\/malones-sniegas\/","og_locale":"en_GB","og_type":"article","og_title":"[:lt]Malon\u0117s sniegas[:] - Skaitytaknyga","og_description":"Ra\u0161ytojas Anthony Doerris (Antonis Doeris) lietuvi\u0173 skaitytojams jau pa\u017e\u012fstamas \u2013 m\u016bs\u0173 \u0161alyje i\u0161leistas presti\u017eine Pulitzerio premija apdovanotas jo","og_url":"https:\/\/skaitytaknyga.lt\/en\/produktas\/malones-sniegas\/","og_site_name":"Skaitytaknyga","article_publisher":"https:\/\/www.facebook.com\/skaitytaknyga\/","article_modified_time":"2025-07-24T08:07:23+00:00","og_image":[{"width":403,"height":600,"url":"https:\/\/skaitytaknyga.lt\/wp-content\/uploads\/2025\/07\/1601896537_Malones_sniegas.webp","type":"image\/webp"}],"twitter_card":"summary_large_image","twitter_misc":{"Estimated reading time":"1 minute"},"schema":{"@context":"https:\/\/schema.org","@graph":[{"@type":"WebPage","@id":"https:\/\/skaitytaknyga.lt\/produktas\/malones-sniegas\/","url":"https:\/\/skaitytaknyga.lt\/produktas\/malones-sniegas\/","name":"Malon\u0117s sniegas","isPartOf":{"@id":"https:\/\/skaitytaknyga.lt\/#website"},"primaryImageOfPage":{"@id":"https:\/\/skaitytaknyga.lt\/produktas\/malones-sniegas\/#primaryimage"},"image":{"@id":"https:\/\/skaitytaknyga.lt\/produktas\/malones-sniegas\/#primaryimage"},"thumbnailUrl":"https:\/\/skaitytaknyga.lt\/wp-content\/uploads\/2025\/07\/1601896537_Malones_sniegas.webp","datePublished":"2025-07-22T18:16:33+00:00","dateModified":"2025-07-24T08:07:23+00:00","description":"Ra\u0161ytojas Anthony Doerris (Antonis Doeris) lietuvi\u0173 skaitytojams jau pa\u017e\u012fstamas \u2013 m\u016bs\u0173 \u0161alyje i\u0161leistas presti\u017eine Pulitzerio premija apdovanotas jo","breadcrumb":{"@id":"https:\/\/skaitytaknyga.lt\/produktas\/malones-sniegas\/#breadcrumb"},"inLanguage":"en-GB","potentialAction":[{"@type":"ReadAction","target":["https:\/\/skaitytaknyga.lt\/produktas\/malones-sniegas\/"]}]},{"@type":"ImageObject","inLanguage":"en-GB","@id":"https:\/\/skaitytaknyga.lt\/produktas\/malones-sniegas\/#primaryimage","url":"https:\/\/skaitytaknyga.lt\/wp-content\/uploads\/2025\/07\/1601896537_Malones_sniegas.webp","contentUrl":"https:\/\/skaitytaknyga.lt\/wp-content\/uploads\/2025\/07\/1601896537_Malones_sniegas.webp","width":403,"height":600,"caption":"Malon\u0117s sniegas"},{"@type":"BreadcrumbList","@id":"https:\/\/skaitytaknyga.lt\/produktas\/malones-sniegas\/#breadcrumb","itemListElement":[{"@type":"ListItem","position":1,"name":"Home","item":"https:\/\/skaitytaknyga.lt\/"},{"@type":"ListItem","position":2,"name":"Parduotuv\u0117","item":"https:\/\/skaitytaknyga.lt\/knygu-parduotuve\/"},{"@type":"ListItem","position":3,"name":"Malon\u0117s sniegas"}]},{"@type":"WebSite","@id":"https:\/\/skaitytaknyga.lt\/#website","url":"https:\/\/skaitytaknyga.lt\/","name":"skaitytaknyga.lt","description":"Skaitytaknyga.lt \u2013 tai ma\u017eas \u0161eimos verslas, kuris prasid\u0117jo nuo meil\u0117s knygoms ir siekio i\u0161gelb\u0117ti knygas nuo likimo prie konteinerio. Kas vienam nereikalingas daiktas \u2013 kitam lobis, o mes esame tarpininkai, kurie padeda abiems tapti laimingesniems ???? \u017dinome kaip nelengva i\u0161gyventi ma\u017eiems verslams, tad nuo \u0161iol, \u010dia rasite ir kit\u0173, ma\u017e\u0173 \u0161eim\u0173 versl\u0173, rank\u0173 darbo, dovan\u0173 sau ir artimiesiems.","publisher":{"@id":"https:\/\/skaitytaknyga.lt\/#organization"},"potentialAction":[{"@type":"SearchAction","target":{"@type":"EntryPoint","urlTemplate":"https:\/\/skaitytaknyga.lt\/?s={search_term_string}"},"query-input":{"@type":"PropertyValueSpecification","valueRequired":true,"valueName":"search_term_string"}}],"inLanguage":"en-GB"},{"@type":"Organization","@id":"https:\/\/skaitytaknyga.lt\/#organization","name":"skaitytaknyga.lt","url":"https:\/\/skaitytaknyga.lt\/","logo":{"@type":"ImageObject","inLanguage":"en-GB","@id":"https:\/\/skaitytaknyga.lt\/#\/schema\/logo\/image\/","url":"https:\/\/skaitytaknyga.lt\/wp-content\/uploads\/2024\/05\/cropped-cropped-cropped-02_00843_jt3bggkj1j3HLc7SyY6rEUpg.jpeg","contentUrl":"https:\/\/skaitytaknyga.lt\/wp-content\/uploads\/2024\/05\/cropped-cropped-cropped-02_00843_jt3bggkj1j3HLc7SyY6rEUpg.jpeg","width":1600,"height":1600,"caption":"skaitytaknyga.lt"},"image":{"@id":"https:\/\/skaitytaknyga.lt\/#\/schema\/logo\/image\/"},"sameAs":["https:\/\/www.facebook.com\/skaitytaknyga\/"]}]}},"_links":{"self":[{"href":"https:\/\/skaitytaknyga.lt\/en\/wp-json\/wp\/v2\/product\/19746","targetHints":{"allow":["GET"]}}],"collection":[{"href":"https:\/\/skaitytaknyga.lt\/en\/wp-json\/wp\/v2\/product"}],"about":[{"href":"https:\/\/skaitytaknyga.lt\/en\/wp-json\/wp\/v2\/types\/product"}],"replies":[{"embeddable":true,"href":"https:\/\/skaitytaknyga.lt\/en\/wp-json\/wp\/v2\/comments?post=19746"}],"wp:featuredmedia":[{"embeddable":true,"href":"https:\/\/skaitytaknyga.lt\/en\/wp-json\/wp\/v2\/media\/19754"}],"wp:attachment":[{"href":"https:\/\/skaitytaknyga.lt\/en\/wp-json\/wp\/v2\/media?parent=19746"}],"wp:term":[{"taxonomy":"product_brand","embeddable":true,"href":"https:\/\/skaitytaknyga.lt\/en\/wp-json\/wp\/v2\/product_brand?post=19746"},{"taxonomy":"product_cat","embeddable":true,"href":"https:\/\/skaitytaknyga.lt\/en\/wp-json\/wp\/v2\/product_cat?post=19746"},{"taxonomy":"product_tag","embeddable":true,"href":"https:\/\/skaitytaknyga.lt\/en\/wp-json\/wp\/v2\/product_tag?post=19746"}],"curies":[{"name":"wp","href":"https:\/\/api.w.org\/{rel}","templated":true}]}}