{"id":19740,"date":"2025-07-22T14:30:18","date_gmt":"2025-07-22T11:30:18","guid":{"rendered":"https:\/\/skaitytaknyga.lt\/?post_type=product&#038;p=19740"},"modified":"2026-03-05T13:35:44","modified_gmt":"2026-03-05T11:35:44","slug":"audru-sezonas-raganius","status":"publish","type":"product","link":"https:\/\/skaitytaknyga.lt\/en\/produktas\/audru-sezonas-raganius\/","title":{"rendered":"Audr\u0173 sezonas. Raganius"},"content":{"rendered":"<p>Lietuvi\u0173 ir viso pasaulio magin\u0117s fantastikos gerb\u0117j\u0173 numyl\u0117tinis raganius Geraltas i\u0161 Rivijos sugr\u012f\u017eta! Naujas \u201eRaganiaus&#8221; ciklo romanas \u201eAudr\u0173 sezonas&#8221; \u2013 atskira Geralto istorijos dalis, tai ne prad\u017ei\u0173 prad\u017eia ir ne t\u0119sinys. Pasak paties autoriaus Andrzejaus Sapkowskio, \u201epasakojimas t\u0119siasi, istorija niekada nesibaigia&#8221;.<\/p>\n<p>Geraltas i\u0161 Rivijos \u2013 raganius, ginantis paprastus \u017emones nuo monstr\u0173; mutantas, kurio darbas \u2013 \u017eudyti magi\u0161kas pabaisas. Magij\u0105 puikiai \u012fvald\u0119s yra ir pats Geraltas: jis naudoja stebukling\u0105 medalion\u0105, \u012fvairius eliksyrus ir, \u017einoma, kiekvieno raganiaus pasidid\u017eiavim\u0105 \u2013 plieno ir sidabro kardus. Ta\u010diau kas nutiks, jei raganius praras savo ginklus?<\/p>\n<p>Geraltui teks stoti \u012f kov\u0105 su paslaptingu ir galingu pl\u0117\u0161r\u016bnu, gyvenan\u010diu vien tam, kad \u017eudyt\u0173; \u012fsivelti \u012f mu\u0161tynes su ne itin mielomis miesto sargybin\u0117mis; stoti prie\u0161 teism\u0105 ir patirti daugyb\u0119 kit\u0173 pavojing\u0173 nuotyki\u0173. Romane skaitytojai sutiks ir kitus puikiai pa\u017e\u012fstamus persona\u017eus: i\u0161tikim\u0105 Geralto bendra\u017eyg\u012f bard\u0105 V\u0117dryn\u0105 ir raganiaus mylim\u0105j\u0105 viliok\u0119 burtinink\u0119 Jenefer.<\/p>\n<p>Raganiui siekiant atgauti savuosius ginklus, kiti pasaulio burtininkai bei karaliai rezga intrigas, planuoja s\u0105mokslus ir ruo\u0161iasi perversmams. Galvas vis dr\u0105siau kelia piktosios j\u0117gos, o i\u0161 u\u017e horizonto gr\u0117smingai kyla blogio audros debesys&#8230;<\/p>\n","protected":false},"excerpt":{"rendered":"<p>Lietuvi\u0173 ir viso pasaulio magin\u0117s fantastikos gerb\u0117j\u0173 numyl\u0117tinis raganius Geraltas i\u0161 Rivijos sugr\u012f\u017eta! Naujas \u201eRaganiaus&#8221; ciklo romanas \u201eAudr\u0173 sezonas&#8221; \u2013 atskira Geralto istorijos dalis, tai ne prad\u017ei\u0173 prad\u017eia ir ne t\u0119sinys. Pasak paties autoriaus Andrzejaus Sapkowskio, \u201epasakojimas t\u0119siasi, istorija niekada nesibaigia&#8221;. Geraltas i\u0161 Rivijos \u2013 raganius, ginantis paprastus \u017emones nuo monstr\u0173; mutantas, kurio darbas \u2013 \u017eudyti magi\u0161kas pabaisas. Magij\u0105 puikiai \u012fvald\u0119s yra ir pats Geraltas: jis naudoja stebukling\u0105 medalion\u0105, \u012fvairius eliksyrus ir, \u017einoma, kiekvieno raganiaus pasidid\u017eiavim\u0105 \u2013 plieno ir sidabro kardus. Ta\u010diau kas nutiks, jei raganius praras savo ginklus? Geraltui teks stoti \u012f kov\u0105 su paslaptingu ir galingu pl\u0117\u0161r\u016bnu, gyvenan\u010diu vien tam, kad \u017eudyt\u0173; \u012fsivelti \u012f mu\u0161tynes su ne itin mielomis miesto sargybin\u0117mis; stoti prie\u0161 teism\u0105 ir patirti daugyb\u0119 kit\u0173 pavojing\u0173 nuotyki\u0173. Romane skaitytojai sutiks ir kitus puikiai pa\u017e\u012fstamus persona\u017eus: i\u0161tikim\u0105 Geralto bendra\u017eyg\u012f bard\u0105 V\u0117dryn\u0105 ir raganiaus mylim\u0105j\u0105 viliok\u0119 burtinink\u0119 Jenefer. Raganiui siekiant atgauti savuosius ginklus, kiti pasaulio burtininkai bei karaliai rezga intrigas, planuoja s\u0105mokslus ir ruo\u0161iasi perversmams. Galvas vis dr\u0105siau kelia piktosios j\u0117gos, o i\u0161 u\u017e horizonto gr\u0117smingai kyla blogio audros debesys&#8230;<\/p>\n","protected":false},"featured_media":19753,"comment_status":"open","ping_status":"closed","template":"","meta":{"_acf_changed":false,"site-sidebar-layout":"default","site-content-layout":"","ast-site-content-layout":"default","site-content-style":"default","site-sidebar-style":"default","ast-global-header-display":"","ast-banner-title-visibility":"","ast-main-header-display":"","ast-hfb-above-header-display":"","ast-hfb-below-header-display":"","ast-hfb-mobile-header-display":"","site-post-title":"","ast-breadcrumbs-content":"","ast-featured-img":"","footer-sml-layout":"","ast-disable-related-posts":"","theme-transparent-header-meta":"","adv-header-id-meta":"","stick-header-meta":"","header-above-stick-meta":"","header-main-stick-meta":"","header-below-stick-meta":"","astra-migrate-meta-layouts":"default","ast-page-background-enabled":"default","ast-page-background-meta":{"desktop":{"background-color":"","background-image":"","background-repeat":"repeat","background-position":"center center","background-size":"auto","background-attachment":"scroll","background-type":"","background-media":"","overlay-type":"","overlay-color":"","overlay-opacity":"","overlay-gradient":""},"tablet":{"background-color":"","background-image":"","background-repeat":"repeat","background-position":"center center","background-size":"auto","background-attachment":"scroll","background-type":"","background-media":"","overlay-type":"","overlay-color":"","overlay-opacity":"","overlay-gradient":""},"mobile":{"background-color":"","background-image":"","background-repeat":"repeat","background-position":"center center","background-size":"auto","background-attachment":"scroll","background-type":"","background-media":"","overlay-type":"","overlay-color":"","overlay-opacity":"","overlay-gradient":""}},"ast-content-background-meta":{"desktop":{"background-color":"var(--ast-global-color-4)","background-image":"","background-repeat":"repeat","background-position":"center center","background-size":"auto","background-attachment":"scroll","background-type":"","background-media":"","overlay-type":"","overlay-color":"","overlay-opacity":"","overlay-gradient":""},"tablet":{"background-color":"var(--ast-global-color-4)","background-image":"","background-repeat":"repeat","background-position":"center center","background-size":"auto","background-attachment":"scroll","background-type":"","background-media":"","overlay-type":"","overlay-color":"","overlay-opacity":"","overlay-gradient":""},"mobile":{"background-color":"var(--ast-global-color-4)","background-image":"","background-repeat":"repeat","background-position":"center center","background-size":"auto","background-attachment":"scroll","background-type":"","background-media":"","overlay-type":"","overlay-color":"","overlay-opacity":"","overlay-gradient":""}}},"product_brand":[],"product_cat":[9621],"product_tag":[6598,1504,1755,6600,1451,6599],"class_list":{"0":"post-19740","1":"product","2":"type-product","3":"status-publish","4":"has-post-thumbnail","6":"product_cat-fantastika-fantastika","7":"product_tag-andrzej-sapkowski","8":"product_tag-fantastika","9":"product_tag-magija","10":"product_tag-monstrai","11":"product_tag-nuotykiai","12":"product_tag-raganiaus-ciklas","13":"desktop-align-left","14":"tablet-align-left","15":"mobile-align-left","17":"first","18":"outofstock","19":"shipping-taxable","20":"purchasable","21":"product-type-simple"},"acf":[],"yoast_head":"<!-- This site is optimized with the Yoast SEO plugin v27.0 - https:\/\/yoast.com\/product\/yoast-seo-wordpress\/ -->\n<title>Audr\u0173 sezonas. Raganius<\/title>\n<meta name=\"description\" content=\"Lietuvi\u0173 ir viso pasaulio magin\u0117s fantastikos gerb\u0117j\u0173 numyl\u0117tinis raganius Geraltas i\u0161 Rivijos sugr\u012f\u017eta! Naujas \u201eRaganiaus&quot; ciklo romanas \u201eAudr\u0173 sezonas&quot;\" \/>\n<meta name=\"robots\" content=\"index, follow, max-snippet:-1, max-image-preview:large, max-video-preview:-1\" \/>\n<link rel=\"canonical\" href=\"https:\/\/skaitytaknyga.lt\/en\/produktas\/audru-sezonas-raganius\/\" \/>\n<meta property=\"og:locale\" content=\"en_GB\" \/>\n<meta property=\"og:locale:alternate\" content=\"lt_LT\" \/>\n<meta property=\"og:type\" content=\"article\" \/>\n<meta property=\"og:title\" content=\"Audr\u0173 sezonas. Raganius\" \/>\n<meta property=\"og:description\" content=\"Lietuvi\u0173 ir viso pasaulio magin\u0117s fantastikos gerb\u0117j\u0173 numyl\u0117tinis raganius Geraltas i\u0161 Rivijos sugr\u012f\u017eta! Naujas \u201eRaganiaus&quot; ciklo romanas \u201eAudr\u0173 sezonas&quot;\" \/>\n<meta property=\"og:url\" content=\"https:\/\/skaitytaknyga.lt\/en\/produktas\/audru-sezonas-raganius\/\" \/>\n<meta property=\"og:site_name\" content=\"Skaitytaknyga\" \/>\n<meta property=\"article:publisher\" content=\"https:\/\/www.facebook.com\/skaitytaknyga\/\" \/>\n<meta property=\"article:modified_time\" content=\"2026-03-05T11:35:44+00:00\" \/>\n<meta property=\"og:image\" content=\"https:\/\/skaitytaknyga.lt\/wp-content\/uploads\/2025\/07\/1674544107_d05acc0cfc1137f71f2dac42259e500b_04985d30-7a9d-488a-96e4-f18e82fa58be_1800x1800.webp\" \/>\n\t<meta property=\"og:image:width\" content=\"366\" \/>\n\t<meta property=\"og:image:height\" content=\"600\" \/>\n\t<meta property=\"og:image:type\" content=\"image\/webp\" \/>\n<meta name=\"twitter:card\" content=\"summary_large_image\" \/>\n<meta name=\"twitter:label1\" content=\"Estimated reading time\" \/>\n\t<meta name=\"twitter:data1\" content=\"1 minute\" \/>\n<script type=\"application\/ld+json\" class=\"yoast-schema-graph\">{\"@context\":\"https:\/\/schema.org\",\"@graph\":[{\"@type\":\"WebPage\",\"@id\":\"https:\/\/skaitytaknyga.lt\/produktas\/audru-sezonas-raganius\/\",\"url\":\"https:\/\/skaitytaknyga.lt\/produktas\/audru-sezonas-raganius\/\",\"name\":\"Audr\u0173 sezonas. Raganius\",\"isPartOf\":{\"@id\":\"https:\/\/skaitytaknyga.lt\/#website\"},\"primaryImageOfPage\":{\"@id\":\"https:\/\/skaitytaknyga.lt\/produktas\/audru-sezonas-raganius\/#primaryimage\"},\"image\":{\"@id\":\"https:\/\/skaitytaknyga.lt\/produktas\/audru-sezonas-raganius\/#primaryimage\"},\"thumbnailUrl\":\"https:\/\/skaitytaknyga.lt\/wp-content\/uploads\/2025\/07\/1674544107_d05acc0cfc1137f71f2dac42259e500b_04985d30-7a9d-488a-96e4-f18e82fa58be_1800x1800.webp\",\"datePublished\":\"2025-07-22T11:30:18+00:00\",\"dateModified\":\"2026-03-05T11:35:44+00:00\",\"description\":\"Lietuvi\u0173 ir viso pasaulio magin\u0117s fantastikos gerb\u0117j\u0173 numyl\u0117tinis raganius Geraltas i\u0161 Rivijos sugr\u012f\u017eta! Naujas \u201eRaganiaus\\\" ciklo romanas \u201eAudr\u0173 sezonas\\\"\",\"breadcrumb\":{\"@id\":\"https:\/\/skaitytaknyga.lt\/produktas\/audru-sezonas-raganius\/#breadcrumb\"},\"inLanguage\":\"en-GB\",\"potentialAction\":[{\"@type\":\"ReadAction\",\"target\":[\"https:\/\/skaitytaknyga.lt\/produktas\/audru-sezonas-raganius\/\"]}]},{\"@type\":\"ImageObject\",\"inLanguage\":\"en-GB\",\"@id\":\"https:\/\/skaitytaknyga.lt\/produktas\/audru-sezonas-raganius\/#primaryimage\",\"url\":\"https:\/\/skaitytaknyga.lt\/wp-content\/uploads\/2025\/07\/1674544107_d05acc0cfc1137f71f2dac42259e500b_04985d30-7a9d-488a-96e4-f18e82fa58be_1800x1800.webp\",\"contentUrl\":\"https:\/\/skaitytaknyga.lt\/wp-content\/uploads\/2025\/07\/1674544107_d05acc0cfc1137f71f2dac42259e500b_04985d30-7a9d-488a-96e4-f18e82fa58be_1800x1800.webp\",\"width\":366,\"height\":600,\"caption\":\"Audr\u0173 sezonas. Raganius\"},{\"@type\":\"BreadcrumbList\",\"@id\":\"https:\/\/skaitytaknyga.lt\/produktas\/audru-sezonas-raganius\/#breadcrumb\",\"itemListElement\":[{\"@type\":\"ListItem\",\"position\":1,\"name\":\"Home\",\"item\":\"https:\/\/skaitytaknyga.lt\/\"},{\"@type\":\"ListItem\",\"position\":2,\"name\":\"Parduotuv\u0117\",\"item\":\"https:\/\/skaitytaknyga.lt\/knygu-parduotuve\/\"},{\"@type\":\"ListItem\",\"position\":3,\"name\":\"Audr\u0173 sezonas. Raganius\"}]},{\"@type\":\"WebSite\",\"@id\":\"https:\/\/skaitytaknyga.lt\/#website\",\"url\":\"https:\/\/skaitytaknyga.lt\/\",\"name\":\"skaitytaknyga.lt\",\"description\":\"Skaitytaknyga.lt \u2013 tai ma\u017eas \u0161eimos verslas, kuris prasid\u0117jo nuo meil\u0117s knygoms ir siekio i\u0161gelb\u0117ti knygas nuo likimo prie konteinerio. Kas vienam nereikalingas daiktas \u2013 kitam lobis, o mes esame tarpininkai, kurie padeda abiems tapti laimingesniems ???? \u017dinome kaip nelengva i\u0161gyventi ma\u017eiems verslams, tad nuo \u0161iol, \u010dia rasite ir kit\u0173, ma\u017e\u0173 \u0161eim\u0173 versl\u0173, rank\u0173 darbo, dovan\u0173 sau ir artimiesiems.\",\"publisher\":{\"@id\":\"https:\/\/skaitytaknyga.lt\/#organization\"},\"potentialAction\":[{\"@type\":\"SearchAction\",\"target\":{\"@type\":\"EntryPoint\",\"urlTemplate\":\"https:\/\/skaitytaknyga.lt\/?s={search_term_string}\"},\"query-input\":{\"@type\":\"PropertyValueSpecification\",\"valueRequired\":true,\"valueName\":\"search_term_string\"}}],\"inLanguage\":\"en-GB\"},{\"@type\":\"Organization\",\"@id\":\"https:\/\/skaitytaknyga.lt\/#organization\",\"name\":\"skaitytaknyga.lt\",\"url\":\"https:\/\/skaitytaknyga.lt\/\",\"logo\":{\"@type\":\"ImageObject\",\"inLanguage\":\"en-GB\",\"@id\":\"https:\/\/skaitytaknyga.lt\/#\/schema\/logo\/image\/\",\"url\":\"https:\/\/skaitytaknyga.lt\/wp-content\/uploads\/2024\/05\/cropped-cropped-cropped-02_00843_jt3bggkj1j3HLc7SyY6rEUpg.jpeg\",\"contentUrl\":\"https:\/\/skaitytaknyga.lt\/wp-content\/uploads\/2024\/05\/cropped-cropped-cropped-02_00843_jt3bggkj1j3HLc7SyY6rEUpg.jpeg\",\"width\":1600,\"height\":1600,\"caption\":\"skaitytaknyga.lt\"},\"image\":{\"@id\":\"https:\/\/skaitytaknyga.lt\/#\/schema\/logo\/image\/\"},\"sameAs\":[\"https:\/\/www.facebook.com\/skaitytaknyga\/\"]}]}<\/script>\n<!-- \/ Yoast SEO plugin. -->","yoast_head_json":{"title":"Audr\u0173 sezonas. Raganius","description":"Lietuvi\u0173 ir viso pasaulio magin\u0117s fantastikos gerb\u0117j\u0173 numyl\u0117tinis raganius Geraltas i\u0161 Rivijos sugr\u012f\u017eta! Naujas \u201eRaganiaus\" ciklo romanas \u201eAudr\u0173 sezonas\"","robots":{"index":"index","follow":"follow","max-snippet":"max-snippet:-1","max-image-preview":"max-image-preview:large","max-video-preview":"max-video-preview:-1"},"canonical":"https:\/\/skaitytaknyga.lt\/en\/produktas\/audru-sezonas-raganius\/","og_locale":"en_GB","og_type":"article","og_title":"[:lt]Audr\u0173 sezonas. Raganius[:] - Skaitytaknyga","og_description":"Lietuvi\u0173 ir viso pasaulio magin\u0117s fantastikos gerb\u0117j\u0173 numyl\u0117tinis raganius Geraltas i\u0161 Rivijos sugr\u012f\u017eta! Naujas \u201eRaganiaus\" ciklo romanas \u201eAudr\u0173 sezonas\"","og_url":"https:\/\/skaitytaknyga.lt\/en\/produktas\/audru-sezonas-raganius\/","og_site_name":"Skaitytaknyga","article_publisher":"https:\/\/www.facebook.com\/skaitytaknyga\/","article_modified_time":"2026-03-05T11:35:44+00:00","og_image":[{"width":366,"height":600,"url":"https:\/\/skaitytaknyga.lt\/wp-content\/uploads\/2025\/07\/1674544107_d05acc0cfc1137f71f2dac42259e500b_04985d30-7a9d-488a-96e4-f18e82fa58be_1800x1800.webp","type":"image\/webp"}],"twitter_card":"summary_large_image","twitter_misc":{"Estimated reading time":"1 minute"},"schema":{"@context":"https:\/\/schema.org","@graph":[{"@type":"WebPage","@id":"https:\/\/skaitytaknyga.lt\/produktas\/audru-sezonas-raganius\/","url":"https:\/\/skaitytaknyga.lt\/produktas\/audru-sezonas-raganius\/","name":"Audr\u0173 sezonas. Raganius","isPartOf":{"@id":"https:\/\/skaitytaknyga.lt\/#website"},"primaryImageOfPage":{"@id":"https:\/\/skaitytaknyga.lt\/produktas\/audru-sezonas-raganius\/#primaryimage"},"image":{"@id":"https:\/\/skaitytaknyga.lt\/produktas\/audru-sezonas-raganius\/#primaryimage"},"thumbnailUrl":"https:\/\/skaitytaknyga.lt\/wp-content\/uploads\/2025\/07\/1674544107_d05acc0cfc1137f71f2dac42259e500b_04985d30-7a9d-488a-96e4-f18e82fa58be_1800x1800.webp","datePublished":"2025-07-22T11:30:18+00:00","dateModified":"2026-03-05T11:35:44+00:00","description":"Lietuvi\u0173 ir viso pasaulio magin\u0117s fantastikos gerb\u0117j\u0173 numyl\u0117tinis raganius Geraltas i\u0161 Rivijos sugr\u012f\u017eta! Naujas \u201eRaganiaus\" ciklo romanas \u201eAudr\u0173 sezonas\"","breadcrumb":{"@id":"https:\/\/skaitytaknyga.lt\/produktas\/audru-sezonas-raganius\/#breadcrumb"},"inLanguage":"en-GB","potentialAction":[{"@type":"ReadAction","target":["https:\/\/skaitytaknyga.lt\/produktas\/audru-sezonas-raganius\/"]}]},{"@type":"ImageObject","inLanguage":"en-GB","@id":"https:\/\/skaitytaknyga.lt\/produktas\/audru-sezonas-raganius\/#primaryimage","url":"https:\/\/skaitytaknyga.lt\/wp-content\/uploads\/2025\/07\/1674544107_d05acc0cfc1137f71f2dac42259e500b_04985d30-7a9d-488a-96e4-f18e82fa58be_1800x1800.webp","contentUrl":"https:\/\/skaitytaknyga.lt\/wp-content\/uploads\/2025\/07\/1674544107_d05acc0cfc1137f71f2dac42259e500b_04985d30-7a9d-488a-96e4-f18e82fa58be_1800x1800.webp","width":366,"height":600,"caption":"Audr\u0173 sezonas. Raganius"},{"@type":"BreadcrumbList","@id":"https:\/\/skaitytaknyga.lt\/produktas\/audru-sezonas-raganius\/#breadcrumb","itemListElement":[{"@type":"ListItem","position":1,"name":"Home","item":"https:\/\/skaitytaknyga.lt\/"},{"@type":"ListItem","position":2,"name":"Parduotuv\u0117","item":"https:\/\/skaitytaknyga.lt\/knygu-parduotuve\/"},{"@type":"ListItem","position":3,"name":"Audr\u0173 sezonas. Raganius"}]},{"@type":"WebSite","@id":"https:\/\/skaitytaknyga.lt\/#website","url":"https:\/\/skaitytaknyga.lt\/","name":"skaitytaknyga.lt","description":"Skaitytaknyga.lt \u2013 tai ma\u017eas \u0161eimos verslas, kuris prasid\u0117jo nuo meil\u0117s knygoms ir siekio i\u0161gelb\u0117ti knygas nuo likimo prie konteinerio. Kas vienam nereikalingas daiktas \u2013 kitam lobis, o mes esame tarpininkai, kurie padeda abiems tapti laimingesniems ???? \u017dinome kaip nelengva i\u0161gyventi ma\u017eiems verslams, tad nuo \u0161iol, \u010dia rasite ir kit\u0173, ma\u017e\u0173 \u0161eim\u0173 versl\u0173, rank\u0173 darbo, dovan\u0173 sau ir artimiesiems.","publisher":{"@id":"https:\/\/skaitytaknyga.lt\/#organization"},"potentialAction":[{"@type":"SearchAction","target":{"@type":"EntryPoint","urlTemplate":"https:\/\/skaitytaknyga.lt\/?s={search_term_string}"},"query-input":{"@type":"PropertyValueSpecification","valueRequired":true,"valueName":"search_term_string"}}],"inLanguage":"en-GB"},{"@type":"Organization","@id":"https:\/\/skaitytaknyga.lt\/#organization","name":"skaitytaknyga.lt","url":"https:\/\/skaitytaknyga.lt\/","logo":{"@type":"ImageObject","inLanguage":"en-GB","@id":"https:\/\/skaitytaknyga.lt\/#\/schema\/logo\/image\/","url":"https:\/\/skaitytaknyga.lt\/wp-content\/uploads\/2024\/05\/cropped-cropped-cropped-02_00843_jt3bggkj1j3HLc7SyY6rEUpg.jpeg","contentUrl":"https:\/\/skaitytaknyga.lt\/wp-content\/uploads\/2024\/05\/cropped-cropped-cropped-02_00843_jt3bggkj1j3HLc7SyY6rEUpg.jpeg","width":1600,"height":1600,"caption":"skaitytaknyga.lt"},"image":{"@id":"https:\/\/skaitytaknyga.lt\/#\/schema\/logo\/image\/"},"sameAs":["https:\/\/www.facebook.com\/skaitytaknyga\/"]}]}},"_links":{"self":[{"href":"https:\/\/skaitytaknyga.lt\/en\/wp-json\/wp\/v2\/product\/19740","targetHints":{"allow":["GET"]}}],"collection":[{"href":"https:\/\/skaitytaknyga.lt\/en\/wp-json\/wp\/v2\/product"}],"about":[{"href":"https:\/\/skaitytaknyga.lt\/en\/wp-json\/wp\/v2\/types\/product"}],"replies":[{"embeddable":true,"href":"https:\/\/skaitytaknyga.lt\/en\/wp-json\/wp\/v2\/comments?post=19740"}],"wp:featuredmedia":[{"embeddable":true,"href":"https:\/\/skaitytaknyga.lt\/en\/wp-json\/wp\/v2\/media\/19753"}],"wp:attachment":[{"href":"https:\/\/skaitytaknyga.lt\/en\/wp-json\/wp\/v2\/media?parent=19740"}],"wp:term":[{"taxonomy":"product_brand","embeddable":true,"href":"https:\/\/skaitytaknyga.lt\/en\/wp-json\/wp\/v2\/product_brand?post=19740"},{"taxonomy":"product_cat","embeddable":true,"href":"https:\/\/skaitytaknyga.lt\/en\/wp-json\/wp\/v2\/product_cat?post=19740"},{"taxonomy":"product_tag","embeddable":true,"href":"https:\/\/skaitytaknyga.lt\/en\/wp-json\/wp\/v2\/product_tag?post=19740"}],"curies":[{"name":"wp","href":"https:\/\/api.w.org\/{rel}","templated":true}]}}