{"id":19738,"date":"2025-07-22T14:30:18","date_gmt":"2025-07-22T11:30:18","guid":{"rendered":"https:\/\/skaitytaknyga.lt\/?post_type=product&#038;p=19738"},"modified":"2025-07-31T08:10:34","modified_gmt":"2025-07-31T05:10:34","slug":"cingischanas-modernaus-pasaulio-kurimas","status":"publish","type":"product","link":"https:\/\/skaitytaknyga.lt\/en\/produktas\/cingischanas-modernaus-pasaulio-kurimas\/","title":{"rendered":"\u010cINGISCHANAS: modernaus pasaulio k\u016brimas"},"content":{"rendered":"<p>K\u0105 mes \u017einome apie \u010cingischan\u0105? Beveik nieko, i\u0161skyrus tai, kad \u0161is mongol\u0173 gen\u010di\u0173 karvedys kadaise nukariavo did\u017eiul\u0119 Azijos dal\u012f ir k\u0117l\u0117 gr\u0117sm\u0119 Europai.<\/p>\n<p>Krik\u0161\u010dioni\u0161kuose viduram\u017ei\u0173 \u0161altiniuose \u010cingischanas da\u017eniausiai vaizduotas kaip kruvinas barbaras, o jo imperija \u2013 laukini\u0173 \u017emoni\u0173 ir pasibais\u0117tin\u0173 papro\u010di\u0173 valdoma valstyb\u0117. \u0160is mitas ilgam \u012fsitvirtino Europos istoriografijoje, bet \u0161iuolaikiniai mokslininkai vengia toki\u0173 vienareik\u0161mi\u0161k\u0173 vertinim\u0173. Vienas i\u0161 j\u0173 \u2013 Jungtini\u0173 Valstij\u0173 etnografas, antropologijos profesorius Jackas Weatherfordas.<\/p>\n<p>Savo knygoje mokslininkas paneigia sunkiai i\u0161judinamus stereotipus apie \u201eni\u016bri\u0105, atsilikusi\u0105 Ryt\u0173 tironij\u0105&#8221;. Remdamasis istoriniais \u0161altiniais jis \u012frodo, kad \u010cingischanas nebuvo pami\u0161\u0119s skerdikas, kaip da\u017enai \u012fsivaizduojama, bet i\u0161mintingas, gana nuosaikus valdovas. \u0160ios istorin\u0117s asmenyb\u0117s sukurtoje ir i\u0161pl\u0117stoje valstyb\u0117je stipr\u0117jo kult\u016briniai ir ekonominiai ry\u0161iai, buvo u\u017edrausti kankinimai, garantuota tik\u0117jimo laisv\u0117.<\/p>\n<p>J. Weatherfordo knyga \u201e\u010cingischanas&#8221; Vakar\u0173 pasaulyje tapo bestseleriu, sulauk\u0117 daugyb\u0117s palanki\u0173 vertinim\u0173.<\/p>\n","protected":false},"excerpt":{"rendered":"<p>K\u0105 mes \u017einome apie \u010cingischan\u0105? Beveik nieko, i\u0161skyrus tai, kad \u0161is mongol\u0173 gen\u010di\u0173 karvedys kadaise nukariavo did\u017eiul\u0119 Azijos dal\u012f ir k\u0117l\u0117 gr\u0117sm\u0119 Europai. Krik\u0161\u010dioni\u0161kuose viduram\u017ei\u0173 \u0161altiniuose \u010cingischanas da\u017eniausiai vaizduotas kaip kruvinas barbaras, o jo imperija \u2013 laukini\u0173 \u017emoni\u0173 ir pasibais\u0117tin\u0173 papro\u010di\u0173 valdoma valstyb\u0117. \u0160is mitas ilgam \u012fsitvirtino Europos istoriografijoje, bet \u0161iuolaikiniai mokslininkai vengia toki\u0173 vienareik\u0161mi\u0161k\u0173 vertinim\u0173. Vienas i\u0161 j\u0173 \u2013 Jungtini\u0173 Valstij\u0173 etnografas, antropologijos profesorius Jackas Weatherfordas. Savo knygoje mokslininkas paneigia sunkiai i\u0161judinamus stereotipus apie \u201eni\u016bri\u0105, atsilikusi\u0105 Ryt\u0173 tironij\u0105&#8221;. Remdamasis istoriniais \u0161altiniais jis \u012frodo, kad \u010cingischanas nebuvo pami\u0161\u0119s skerdikas, kaip da\u017enai \u012fsivaizduojama, bet i\u0161mintingas, gana nuosaikus valdovas. \u0160ios istorin\u0117s asmenyb\u0117s sukurtoje ir i\u0161pl\u0117stoje valstyb\u0117je stipr\u0117jo kult\u016briniai ir ekonominiai ry\u0161iai, buvo u\u017edrausti kankinimai, garantuota tik\u0117jimo laisv\u0117. J. Weatherfordo knyga \u201e\u010cingischanas&#8221; Vakar\u0173 pasaulyje tapo bestseleriu, sulauk\u0117 daugyb\u0117s palanki\u0173 vertinim\u0173.<\/p>\n","protected":false},"featured_media":19744,"comment_status":"open","ping_status":"closed","template":"","meta":{"_acf_changed":false,"site-sidebar-layout":"default","site-content-layout":"","ast-site-content-layout":"default","site-content-style":"default","site-sidebar-style":"default","ast-global-header-display":"","ast-banner-title-visibility":"","ast-main-header-display":"","ast-hfb-above-header-display":"","ast-hfb-below-header-display":"","ast-hfb-mobile-header-display":"","site-post-title":"","ast-breadcrumbs-content":"","ast-featured-img":"","footer-sml-layout":"","ast-disable-related-posts":"","theme-transparent-header-meta":"","adv-header-id-meta":"","stick-header-meta":"","header-above-stick-meta":"","header-main-stick-meta":"","header-below-stick-meta":"","astra-migrate-meta-layouts":"default","ast-page-background-enabled":"default","ast-page-background-meta":{"desktop":{"background-color":"","background-image":"","background-repeat":"repeat","background-position":"center center","background-size":"auto","background-attachment":"scroll","background-type":"","background-media":"","overlay-type":"","overlay-color":"","overlay-opacity":"","overlay-gradient":""},"tablet":{"background-color":"","background-image":"","background-repeat":"repeat","background-position":"center center","background-size":"auto","background-attachment":"scroll","background-type":"","background-media":"","overlay-type":"","overlay-color":"","overlay-opacity":"","overlay-gradient":""},"mobile":{"background-color":"","background-image":"","background-repeat":"repeat","background-position":"center center","background-size":"auto","background-attachment":"scroll","background-type":"","background-media":"","overlay-type":"","overlay-color":"","overlay-opacity":"","overlay-gradient":""}},"ast-content-background-meta":{"desktop":{"background-color":"var(--ast-global-color-4)","background-image":"","background-repeat":"repeat","background-position":"center center","background-size":"auto","background-attachment":"scroll","background-type":"","background-media":"","overlay-type":"","overlay-color":"","overlay-opacity":"","overlay-gradient":""},"tablet":{"background-color":"var(--ast-global-color-4)","background-image":"","background-repeat":"repeat","background-position":"center center","background-size":"auto","background-attachment":"scroll","background-type":"","background-media":"","overlay-type":"","overlay-color":"","overlay-opacity":"","overlay-gradient":""},"mobile":{"background-color":"var(--ast-global-color-4)","background-image":"","background-repeat":"repeat","background-position":"center center","background-size":"auto","background-attachment":"scroll","background-type":"","background-media":"","overlay-type":"","overlay-color":"","overlay-opacity":"","overlay-gradient":""}}},"product_brand":[],"product_cat":[174],"product_tag":[4486,6593,5953,2224,6592,6594],"class_list":{"0":"post-19738","1":"product","2":"type-product","3":"status-publish","4":"has-post-thumbnail","6":"product_cat-istorija-ir-politologija","7":"product_tag-antropologija","8":"product_tag-cingischanas","9":"product_tag-civilizacija","10":"product_tag-istorija","11":"product_tag-jack-weatherford","12":"product_tag-mongolija","13":"desktop-align-left","14":"tablet-align-left","15":"mobile-align-left","17":"first","18":"outofstock","19":"shipping-taxable","20":"purchasable","21":"product-type-simple"},"acf":[],"yoast_head":"<!-- This site is optimized with the Yoast SEO plugin v27.0 - https:\/\/yoast.com\/product\/yoast-seo-wordpress\/ -->\n<title>\u010cINGISCHANAS: modernaus pasaulio k\u016brimas<\/title>\n<meta name=\"description\" content=\"K\u0105 mes \u017einome apie \u010cingischan\u0105? Beveik nieko, i\u0161skyrus tai, kad \u0161is mongol\u0173 gen\u010di\u0173 karvedys kadaise nukariavo did\u017eiul\u0119 Azijos dal\u012f ir k\u0117l\u0117 gr\u0117sm\u0119 Europai.\" \/>\n<meta name=\"robots\" content=\"index, follow, max-snippet:-1, max-image-preview:large, max-video-preview:-1\" \/>\n<link rel=\"canonical\" href=\"https:\/\/skaitytaknyga.lt\/en\/produktas\/cingischanas-modernaus-pasaulio-kurimas\/\" \/>\n<meta property=\"og:locale\" content=\"en_GB\" \/>\n<meta property=\"og:locale:alternate\" content=\"lt_LT\" \/>\n<meta property=\"og:type\" content=\"article\" \/>\n<meta property=\"og:title\" content=\"\u010cINGISCHANAS: modernaus pasaulio k\u016brimas\" \/>\n<meta property=\"og:description\" content=\"K\u0105 mes \u017einome apie \u010cingischan\u0105? Beveik nieko, i\u0161skyrus tai, kad \u0161is mongol\u0173 gen\u010di\u0173 karvedys kadaise nukariavo did\u017eiul\u0119 Azijos dal\u012f ir k\u0117l\u0117 gr\u0117sm\u0119 Europai.\" \/>\n<meta property=\"og:url\" content=\"https:\/\/skaitytaknyga.lt\/en\/produktas\/cingischanas-modernaus-pasaulio-kurimas\/\" \/>\n<meta property=\"og:site_name\" content=\"Skaitytaknyga\" \/>\n<meta property=\"article:publisher\" content=\"https:\/\/www.facebook.com\/skaitytaknyga\/\" \/>\n<meta property=\"article:modified_time\" content=\"2025-07-31T05:10:34+00:00\" \/>\n<meta property=\"og:image\" content=\"https:\/\/skaitytaknyga.lt\/wp-content\/uploads\/2025\/07\/1568123248_Naujiena_Briedis_Cingischanas_virselis.webp\" \/>\n\t<meta property=\"og:image:width\" content=\"351\" \/>\n\t<meta property=\"og:image:height\" content=\"500\" \/>\n\t<meta property=\"og:image:type\" content=\"image\/webp\" \/>\n<meta name=\"twitter:card\" content=\"summary_large_image\" \/>\n<meta name=\"twitter:label1\" content=\"Estimated reading time\" \/>\n\t<meta name=\"twitter:data1\" content=\"1 minute\" \/>\n<script type=\"application\/ld+json\" class=\"yoast-schema-graph\">{\"@context\":\"https:\/\/schema.org\",\"@graph\":[{\"@type\":\"WebPage\",\"@id\":\"https:\/\/skaitytaknyga.lt\/produktas\/cingischanas-modernaus-pasaulio-kurimas\/\",\"url\":\"https:\/\/skaitytaknyga.lt\/produktas\/cingischanas-modernaus-pasaulio-kurimas\/\",\"name\":\"\u010cINGISCHANAS: modernaus pasaulio k\u016brimas\",\"isPartOf\":{\"@id\":\"https:\/\/skaitytaknyga.lt\/#website\"},\"primaryImageOfPage\":{\"@id\":\"https:\/\/skaitytaknyga.lt\/produktas\/cingischanas-modernaus-pasaulio-kurimas\/#primaryimage\"},\"image\":{\"@id\":\"https:\/\/skaitytaknyga.lt\/produktas\/cingischanas-modernaus-pasaulio-kurimas\/#primaryimage\"},\"thumbnailUrl\":\"https:\/\/skaitytaknyga.lt\/wp-content\/uploads\/2025\/07\/1568123248_Naujiena_Briedis_Cingischanas_virselis.webp\",\"datePublished\":\"2025-07-22T11:30:18+00:00\",\"dateModified\":\"2025-07-31T05:10:34+00:00\",\"description\":\"K\u0105 mes \u017einome apie \u010cingischan\u0105? Beveik nieko, i\u0161skyrus tai, kad \u0161is mongol\u0173 gen\u010di\u0173 karvedys kadaise nukariavo did\u017eiul\u0119 Azijos dal\u012f ir k\u0117l\u0117 gr\u0117sm\u0119 Europai.\",\"breadcrumb\":{\"@id\":\"https:\/\/skaitytaknyga.lt\/produktas\/cingischanas-modernaus-pasaulio-kurimas\/#breadcrumb\"},\"inLanguage\":\"en-GB\",\"potentialAction\":[{\"@type\":\"ReadAction\",\"target\":[\"https:\/\/skaitytaknyga.lt\/produktas\/cingischanas-modernaus-pasaulio-kurimas\/\"]}]},{\"@type\":\"ImageObject\",\"inLanguage\":\"en-GB\",\"@id\":\"https:\/\/skaitytaknyga.lt\/produktas\/cingischanas-modernaus-pasaulio-kurimas\/#primaryimage\",\"url\":\"https:\/\/skaitytaknyga.lt\/wp-content\/uploads\/2025\/07\/1568123248_Naujiena_Briedis_Cingischanas_virselis.webp\",\"contentUrl\":\"https:\/\/skaitytaknyga.lt\/wp-content\/uploads\/2025\/07\/1568123248_Naujiena_Briedis_Cingischanas_virselis.webp\",\"width\":351,\"height\":500,\"caption\":\"\u010cINGISCHANAS\"},{\"@type\":\"BreadcrumbList\",\"@id\":\"https:\/\/skaitytaknyga.lt\/produktas\/cingischanas-modernaus-pasaulio-kurimas\/#breadcrumb\",\"itemListElement\":[{\"@type\":\"ListItem\",\"position\":1,\"name\":\"Home\",\"item\":\"https:\/\/skaitytaknyga.lt\/\"},{\"@type\":\"ListItem\",\"position\":2,\"name\":\"Parduotuv\u0117\",\"item\":\"https:\/\/skaitytaknyga.lt\/knygu-parduotuve\/\"},{\"@type\":\"ListItem\",\"position\":3,\"name\":\"\u010cINGISCHANAS: modernaus pasaulio k\u016brimas\"}]},{\"@type\":\"WebSite\",\"@id\":\"https:\/\/skaitytaknyga.lt\/#website\",\"url\":\"https:\/\/skaitytaknyga.lt\/\",\"name\":\"skaitytaknyga.lt\",\"description\":\"Skaitytaknyga.lt \u2013 tai ma\u017eas \u0161eimos verslas, kuris prasid\u0117jo nuo meil\u0117s knygoms ir siekio i\u0161gelb\u0117ti knygas nuo likimo prie konteinerio. Kas vienam nereikalingas daiktas \u2013 kitam lobis, o mes esame tarpininkai, kurie padeda abiems tapti laimingesniems ???? \u017dinome kaip nelengva i\u0161gyventi ma\u017eiems verslams, tad nuo \u0161iol, \u010dia rasite ir kit\u0173, ma\u017e\u0173 \u0161eim\u0173 versl\u0173, rank\u0173 darbo, dovan\u0173 sau ir artimiesiems.\",\"publisher\":{\"@id\":\"https:\/\/skaitytaknyga.lt\/#organization\"},\"potentialAction\":[{\"@type\":\"SearchAction\",\"target\":{\"@type\":\"EntryPoint\",\"urlTemplate\":\"https:\/\/skaitytaknyga.lt\/?s={search_term_string}\"},\"query-input\":{\"@type\":\"PropertyValueSpecification\",\"valueRequired\":true,\"valueName\":\"search_term_string\"}}],\"inLanguage\":\"en-GB\"},{\"@type\":\"Organization\",\"@id\":\"https:\/\/skaitytaknyga.lt\/#organization\",\"name\":\"skaitytaknyga.lt\",\"url\":\"https:\/\/skaitytaknyga.lt\/\",\"logo\":{\"@type\":\"ImageObject\",\"inLanguage\":\"en-GB\",\"@id\":\"https:\/\/skaitytaknyga.lt\/#\/schema\/logo\/image\/\",\"url\":\"https:\/\/skaitytaknyga.lt\/wp-content\/uploads\/2024\/05\/cropped-cropped-cropped-02_00843_jt3bggkj1j3HLc7SyY6rEUpg.jpeg\",\"contentUrl\":\"https:\/\/skaitytaknyga.lt\/wp-content\/uploads\/2024\/05\/cropped-cropped-cropped-02_00843_jt3bggkj1j3HLc7SyY6rEUpg.jpeg\",\"width\":1600,\"height\":1600,\"caption\":\"skaitytaknyga.lt\"},\"image\":{\"@id\":\"https:\/\/skaitytaknyga.lt\/#\/schema\/logo\/image\/\"},\"sameAs\":[\"https:\/\/www.facebook.com\/skaitytaknyga\/\"]}]}<\/script>\n<!-- \/ Yoast SEO plugin. -->","yoast_head_json":{"title":"\u010cINGISCHANAS: modernaus pasaulio k\u016brimas","description":"K\u0105 mes \u017einome apie \u010cingischan\u0105? Beveik nieko, i\u0161skyrus tai, kad \u0161is mongol\u0173 gen\u010di\u0173 karvedys kadaise nukariavo did\u017eiul\u0119 Azijos dal\u012f ir k\u0117l\u0117 gr\u0117sm\u0119 Europai.","robots":{"index":"index","follow":"follow","max-snippet":"max-snippet:-1","max-image-preview":"max-image-preview:large","max-video-preview":"max-video-preview:-1"},"canonical":"https:\/\/skaitytaknyga.lt\/en\/produktas\/cingischanas-modernaus-pasaulio-kurimas\/","og_locale":"en_GB","og_type":"article","og_title":"[:lt]\u010cINGISCHANAS: modernaus pasaulio k\u016brimas[:] - Skaitytaknyga","og_description":"K\u0105 mes \u017einome apie \u010cingischan\u0105? Beveik nieko, i\u0161skyrus tai, kad \u0161is mongol\u0173 gen\u010di\u0173 karvedys kadaise nukariavo did\u017eiul\u0119 Azijos dal\u012f ir k\u0117l\u0117 gr\u0117sm\u0119 Europai.","og_url":"https:\/\/skaitytaknyga.lt\/en\/produktas\/cingischanas-modernaus-pasaulio-kurimas\/","og_site_name":"Skaitytaknyga","article_publisher":"https:\/\/www.facebook.com\/skaitytaknyga\/","article_modified_time":"2025-07-31T05:10:34+00:00","og_image":[{"width":351,"height":500,"url":"https:\/\/skaitytaknyga.lt\/wp-content\/uploads\/2025\/07\/1568123248_Naujiena_Briedis_Cingischanas_virselis.webp","type":"image\/webp"}],"twitter_card":"summary_large_image","twitter_misc":{"Estimated reading time":"1 minute"},"schema":{"@context":"https:\/\/schema.org","@graph":[{"@type":"WebPage","@id":"https:\/\/skaitytaknyga.lt\/produktas\/cingischanas-modernaus-pasaulio-kurimas\/","url":"https:\/\/skaitytaknyga.lt\/produktas\/cingischanas-modernaus-pasaulio-kurimas\/","name":"\u010cINGISCHANAS: modernaus pasaulio k\u016brimas","isPartOf":{"@id":"https:\/\/skaitytaknyga.lt\/#website"},"primaryImageOfPage":{"@id":"https:\/\/skaitytaknyga.lt\/produktas\/cingischanas-modernaus-pasaulio-kurimas\/#primaryimage"},"image":{"@id":"https:\/\/skaitytaknyga.lt\/produktas\/cingischanas-modernaus-pasaulio-kurimas\/#primaryimage"},"thumbnailUrl":"https:\/\/skaitytaknyga.lt\/wp-content\/uploads\/2025\/07\/1568123248_Naujiena_Briedis_Cingischanas_virselis.webp","datePublished":"2025-07-22T11:30:18+00:00","dateModified":"2025-07-31T05:10:34+00:00","description":"K\u0105 mes \u017einome apie \u010cingischan\u0105? Beveik nieko, i\u0161skyrus tai, kad \u0161is mongol\u0173 gen\u010di\u0173 karvedys kadaise nukariavo did\u017eiul\u0119 Azijos dal\u012f ir k\u0117l\u0117 gr\u0117sm\u0119 Europai.","breadcrumb":{"@id":"https:\/\/skaitytaknyga.lt\/produktas\/cingischanas-modernaus-pasaulio-kurimas\/#breadcrumb"},"inLanguage":"en-GB","potentialAction":[{"@type":"ReadAction","target":["https:\/\/skaitytaknyga.lt\/produktas\/cingischanas-modernaus-pasaulio-kurimas\/"]}]},{"@type":"ImageObject","inLanguage":"en-GB","@id":"https:\/\/skaitytaknyga.lt\/produktas\/cingischanas-modernaus-pasaulio-kurimas\/#primaryimage","url":"https:\/\/skaitytaknyga.lt\/wp-content\/uploads\/2025\/07\/1568123248_Naujiena_Briedis_Cingischanas_virselis.webp","contentUrl":"https:\/\/skaitytaknyga.lt\/wp-content\/uploads\/2025\/07\/1568123248_Naujiena_Briedis_Cingischanas_virselis.webp","width":351,"height":500,"caption":"\u010cINGISCHANAS"},{"@type":"BreadcrumbList","@id":"https:\/\/skaitytaknyga.lt\/produktas\/cingischanas-modernaus-pasaulio-kurimas\/#breadcrumb","itemListElement":[{"@type":"ListItem","position":1,"name":"Home","item":"https:\/\/skaitytaknyga.lt\/"},{"@type":"ListItem","position":2,"name":"Parduotuv\u0117","item":"https:\/\/skaitytaknyga.lt\/knygu-parduotuve\/"},{"@type":"ListItem","position":3,"name":"\u010cINGISCHANAS: modernaus pasaulio k\u016brimas"}]},{"@type":"WebSite","@id":"https:\/\/skaitytaknyga.lt\/#website","url":"https:\/\/skaitytaknyga.lt\/","name":"skaitytaknyga.lt","description":"Skaitytaknyga.lt \u2013 tai ma\u017eas \u0161eimos verslas, kuris prasid\u0117jo nuo meil\u0117s knygoms ir siekio i\u0161gelb\u0117ti knygas nuo likimo prie konteinerio. Kas vienam nereikalingas daiktas \u2013 kitam lobis, o mes esame tarpininkai, kurie padeda abiems tapti laimingesniems ???? \u017dinome kaip nelengva i\u0161gyventi ma\u017eiems verslams, tad nuo \u0161iol, \u010dia rasite ir kit\u0173, ma\u017e\u0173 \u0161eim\u0173 versl\u0173, rank\u0173 darbo, dovan\u0173 sau ir artimiesiems.","publisher":{"@id":"https:\/\/skaitytaknyga.lt\/#organization"},"potentialAction":[{"@type":"SearchAction","target":{"@type":"EntryPoint","urlTemplate":"https:\/\/skaitytaknyga.lt\/?s={search_term_string}"},"query-input":{"@type":"PropertyValueSpecification","valueRequired":true,"valueName":"search_term_string"}}],"inLanguage":"en-GB"},{"@type":"Organization","@id":"https:\/\/skaitytaknyga.lt\/#organization","name":"skaitytaknyga.lt","url":"https:\/\/skaitytaknyga.lt\/","logo":{"@type":"ImageObject","inLanguage":"en-GB","@id":"https:\/\/skaitytaknyga.lt\/#\/schema\/logo\/image\/","url":"https:\/\/skaitytaknyga.lt\/wp-content\/uploads\/2024\/05\/cropped-cropped-cropped-02_00843_jt3bggkj1j3HLc7SyY6rEUpg.jpeg","contentUrl":"https:\/\/skaitytaknyga.lt\/wp-content\/uploads\/2024\/05\/cropped-cropped-cropped-02_00843_jt3bggkj1j3HLc7SyY6rEUpg.jpeg","width":1600,"height":1600,"caption":"skaitytaknyga.lt"},"image":{"@id":"https:\/\/skaitytaknyga.lt\/#\/schema\/logo\/image\/"},"sameAs":["https:\/\/www.facebook.com\/skaitytaknyga\/"]}]}},"_links":{"self":[{"href":"https:\/\/skaitytaknyga.lt\/en\/wp-json\/wp\/v2\/product\/19738","targetHints":{"allow":["GET"]}}],"collection":[{"href":"https:\/\/skaitytaknyga.lt\/en\/wp-json\/wp\/v2\/product"}],"about":[{"href":"https:\/\/skaitytaknyga.lt\/en\/wp-json\/wp\/v2\/types\/product"}],"replies":[{"embeddable":true,"href":"https:\/\/skaitytaknyga.lt\/en\/wp-json\/wp\/v2\/comments?post=19738"}],"wp:featuredmedia":[{"embeddable":true,"href":"https:\/\/skaitytaknyga.lt\/en\/wp-json\/wp\/v2\/media\/19744"}],"wp:attachment":[{"href":"https:\/\/skaitytaknyga.lt\/en\/wp-json\/wp\/v2\/media?parent=19738"}],"wp:term":[{"taxonomy":"product_brand","embeddable":true,"href":"https:\/\/skaitytaknyga.lt\/en\/wp-json\/wp\/v2\/product_brand?post=19738"},{"taxonomy":"product_cat","embeddable":true,"href":"https:\/\/skaitytaknyga.lt\/en\/wp-json\/wp\/v2\/product_cat?post=19738"},{"taxonomy":"product_tag","embeddable":true,"href":"https:\/\/skaitytaknyga.lt\/en\/wp-json\/wp\/v2\/product_tag?post=19738"}],"curies":[{"name":"wp","href":"https:\/\/api.w.org\/{rel}","templated":true}]}}