{"id":19737,"date":"2025-07-22T14:30:18","date_gmt":"2025-07-22T11:30:18","guid":{"rendered":"https:\/\/skaitytaknyga.lt\/?post_type=product&#038;p=19737"},"modified":"2026-03-05T10:55:59","modified_gmt":"2026-03-05T08:55:59","slug":"pries-jai-dingstant","status":"publish","type":"product","link":"https:\/\/skaitytaknyga.lt\/en\/produktas\/pries-jai-dingstant\/","title":{"rendered":"Prie\u0161 jai dingstant"},"content":{"rendered":"<p>New York Times bestseleri\u0173 autor\u0117 Lisa Gardner pristato u\u017edegant\u012f triler\u012f apie eilin\u0119 i\u0161 pa\u017ei\u016bros moter\u012f, kuri savo gyvenim\u0105 paskiria labai ne\u012fprastai misijai.<\/p>\n<p>Visi turim sav\u0173 b\u016bd\u0173 i\u0161nykti&#8230;<\/p>\n<p>Frenk\u0117 Elkin \u2014 vidutinio am\u017eiaus moteris, sveikstanti alkoholik\u0117. Frenk\u0117 neturi nuosavo namo su balta tvora ir jaukiu kiemu, vyro, vaik\u0173, o jos praeities klaid\u0173 ir nuopuoli\u0173 baga\u017eas gerokai didesnis, nei turim\u0173 daikt\u0173. Ta\u010diau vis\u0105 savo laik\u0105 Frenk\u0117 aukoja darbui, kuriam niekas kitas jau nesiry\u017eta, \u2014 ji ie\u0161ko dingusi\u0173 \u017emoni\u0173. Kai teis\u0117saugos pareig\u016bnai nuleid\u017eia rankas, visuomen\u0117 ir lik\u0119s pasaulis pamir\u0161ta, o \u017einiasklaida liaujasi dom\u0117tis, Frank\u0117 leid\u017eiasi \u012f paie\u0161kas.<\/p>\n<p>Nauja byla j\u0105 atveda \u012f Matapan\u0105 \u2014 prastos reputacijos Bostono rajon\u0105. Prie\u0161 daugel\u012f m\u0117nesi\u0173 \u012f mokykl\u0105 i\u0161\u0117jo ir dingo And\u017eelika Bado, haitiet\u0117 paaugl\u0117. Nuo to laiko apie mergin\u0105 tyr\u0117jai nei\u0161pe\u0161\u0117 n\u0117 menkiausios \u017einios ir paie\u0161kos baig\u0117si aklaviet\u0117je.<\/p>\n<p>Atvykusi\u0105 Frenk\u0119 policija sutinka prie\u0161i\u0161kai, o aukos artimieji \u2014 \u012ftariai ir atsargiai, tod\u0117l jai tenka darbuotis vienai. Netrukus paai\u0161k\u0117ja, kad moteris u\u017eduoda klausimus, \u012f kuriuos kai kas nenori atsakyti. Frenk\u0117 nesustos, kol neatskleis tiesos, net jeigu jai pa\u010diai i\u0161kilt\u0173 pavojus dingti.<\/p>\n","protected":false},"excerpt":{"rendered":"<p>New York Times bestseleri\u0173 autor\u0117 Lisa Gardner pristato u\u017edegant\u012f triler\u012f apie eilin\u0119 i\u0161 pa\u017ei\u016bros moter\u012f, kuri savo gyvenim\u0105 paskiria labai ne\u012fprastai misijai. Visi turim sav\u0173 b\u016bd\u0173 i\u0161nykti&#8230; Frenk\u0117 Elkin \u2014 vidutinio am\u017eiaus moteris, sveikstanti alkoholik\u0117. Frenk\u0117 neturi nuosavo namo su balta tvora ir jaukiu kiemu, vyro, vaik\u0173, o jos praeities klaid\u0173 ir nuopuoli\u0173 baga\u017eas gerokai didesnis, nei turim\u0173 daikt\u0173. Ta\u010diau vis\u0105 savo laik\u0105 Frenk\u0117 aukoja darbui, kuriam niekas kitas jau nesiry\u017eta, \u2014 ji ie\u0161ko dingusi\u0173 \u017emoni\u0173. Kai teis\u0117saugos pareig\u016bnai nuleid\u017eia rankas, visuomen\u0117 ir lik\u0119s pasaulis pamir\u0161ta, o \u017einiasklaida liaujasi dom\u0117tis, Frank\u0117 leid\u017eiasi \u012f paie\u0161kas. Nauja byla j\u0105 atveda \u012f Matapan\u0105 \u2014 prastos reputacijos Bostono rajon\u0105. Prie\u0161 daugel\u012f m\u0117nesi\u0173 \u012f mokykl\u0105 i\u0161\u0117jo ir dingo And\u017eelika Bado, haitiet\u0117 paaugl\u0117. Nuo to laiko apie mergin\u0105 tyr\u0117jai nei\u0161pe\u0161\u0117 n\u0117 menkiausios \u017einios ir paie\u0161kos baig\u0117si aklaviet\u0117je. Atvykusi\u0105 Frenk\u0119 policija sutinka prie\u0161i\u0161kai, o aukos artimieji \u2014 \u012ftariai ir atsargiai, tod\u0117l jai tenka darbuotis vienai. Netrukus paai\u0161k\u0117ja, kad moteris u\u017eduoda klausimus, \u012f kuriuos kai kas nenori atsakyti. Frenk\u0117 nesustos, kol neatskleis tiesos, net jeigu jai pa\u010diai i\u0161kilt\u0173 pavojus dingti.<\/p>\n","protected":false},"featured_media":19742,"comment_status":"open","ping_status":"closed","template":"","meta":{"_acf_changed":false,"site-sidebar-layout":"default","site-content-layout":"","ast-site-content-layout":"default","site-content-style":"default","site-sidebar-style":"default","ast-global-header-display":"","ast-banner-title-visibility":"","ast-main-header-display":"","ast-hfb-above-header-display":"","ast-hfb-below-header-display":"","ast-hfb-mobile-header-display":"","site-post-title":"","ast-breadcrumbs-content":"","ast-featured-img":"","footer-sml-layout":"","ast-disable-related-posts":"","theme-transparent-header-meta":"","adv-header-id-meta":"","stick-header-meta":"","header-above-stick-meta":"","header-main-stick-meta":"","header-below-stick-meta":"","astra-migrate-meta-layouts":"default","ast-page-background-enabled":"default","ast-page-background-meta":{"desktop":{"background-color":"","background-image":"","background-repeat":"repeat","background-position":"center center","background-size":"auto","background-attachment":"scroll","background-type":"","background-media":"","overlay-type":"","overlay-color":"","overlay-opacity":"","overlay-gradient":""},"tablet":{"background-color":"","background-image":"","background-repeat":"repeat","background-position":"center center","background-size":"auto","background-attachment":"scroll","background-type":"","background-media":"","overlay-type":"","overlay-color":"","overlay-opacity":"","overlay-gradient":""},"mobile":{"background-color":"","background-image":"","background-repeat":"repeat","background-position":"center center","background-size":"auto","background-attachment":"scroll","background-type":"","background-media":"","overlay-type":"","overlay-color":"","overlay-opacity":"","overlay-gradient":""}},"ast-content-background-meta":{"desktop":{"background-color":"var(--ast-global-color-4)","background-image":"","background-repeat":"repeat","background-position":"center center","background-size":"auto","background-attachment":"scroll","background-type":"","background-media":"","overlay-type":"","overlay-color":"","overlay-opacity":"","overlay-gradient":""},"tablet":{"background-color":"var(--ast-global-color-4)","background-image":"","background-repeat":"repeat","background-position":"center center","background-size":"auto","background-attachment":"scroll","background-type":"","background-media":"","overlay-type":"","overlay-color":"","overlay-opacity":"","overlay-gradient":""},"mobile":{"background-color":"var(--ast-global-color-4)","background-image":"","background-repeat":"repeat","background-position":"center center","background-size":"auto","background-attachment":"scroll","background-type":"","background-media":"","overlay-type":"","overlay-color":"","overlay-opacity":"","overlay-gradient":""}}},"product_brand":[],"product_cat":[9581],"product_tag":[6591,6383,4377,4382,6248,1587],"class_list":{"0":"post-19737","1":"product","2":"type-product","3":"status-publish","4":"has-post-thumbnail","6":"product_cat-kriminaliniai-romanai","7":"product_tag-bostonas","8":"product_tag-dinge-zmones","9":"product_tag-lisa-gardner","10":"product_tag-moters-istorija","11":"product_tag-paieskos","12":"product_tag-trileris","13":"desktop-align-left","14":"tablet-align-left","15":"mobile-align-left","17":"first","18":"instock","19":"shipping-taxable","20":"purchasable","21":"product-type-simple"},"acf":[],"yoast_head":"<!-- This site is optimized with the Yoast SEO plugin v27.0 - https:\/\/yoast.com\/product\/yoast-seo-wordpress\/ -->\n<title>Prie\u0161 jai dingstant<\/title>\n<meta name=\"description\" content=\"New York Times bestseleri\u0173 autor\u0117 Lisa Gardner pristato u\u017edegant\u012f triler\u012f apie eilin\u0119 i\u0161 pa\u017ei\u016bros moter\u012f, kuri savo gyvenim\u0105 paskiria labai ne\u012fprastai\" \/>\n<meta name=\"robots\" content=\"index, follow, max-snippet:-1, max-image-preview:large, max-video-preview:-1\" \/>\n<link rel=\"canonical\" href=\"https:\/\/skaitytaknyga.lt\/en\/produktas\/pries-jai-dingstant\/\" \/>\n<meta property=\"og:locale\" content=\"en_GB\" \/>\n<meta property=\"og:locale:alternate\" content=\"lt_LT\" \/>\n<meta property=\"og:type\" content=\"article\" \/>\n<meta property=\"og:title\" content=\"Prie\u0161 jai dingstant\" \/>\n<meta property=\"og:description\" content=\"New York Times bestseleri\u0173 autor\u0117 Lisa Gardner pristato u\u017edegant\u012f triler\u012f apie eilin\u0119 i\u0161 pa\u017ei\u016bros moter\u012f, kuri savo gyvenim\u0105 paskiria labai ne\u012fprastai\" \/>\n<meta property=\"og:url\" content=\"https:\/\/skaitytaknyga.lt\/en\/produktas\/pries-jai-dingstant\/\" \/>\n<meta property=\"og:site_name\" content=\"Skaitytaknyga\" \/>\n<meta property=\"article:publisher\" content=\"https:\/\/www.facebook.com\/skaitytaknyga\/\" \/>\n<meta property=\"article:modified_time\" content=\"2026-03-05T08:55:59+00:00\" \/>\n<meta property=\"og:image\" content=\"https:\/\/skaitytaknyga.lt\/wp-content\/uploads\/2025\/07\/1629698827_pries_jai_dingstant_1628664800.webp\" \/>\n\t<meta property=\"og:image:width\" content=\"527\" \/>\n\t<meta property=\"og:image:height\" content=\"801\" \/>\n\t<meta property=\"og:image:type\" content=\"image\/webp\" \/>\n<meta name=\"twitter:card\" content=\"summary_large_image\" \/>\n<meta name=\"twitter:label1\" content=\"Estimated reading time\" \/>\n\t<meta name=\"twitter:data1\" content=\"1 minute\" \/>\n<script type=\"application\/ld+json\" class=\"yoast-schema-graph\">{\"@context\":\"https:\/\/schema.org\",\"@graph\":[{\"@type\":\"WebPage\",\"@id\":\"https:\/\/skaitytaknyga.lt\/produktas\/pries-jai-dingstant\/\",\"url\":\"https:\/\/skaitytaknyga.lt\/produktas\/pries-jai-dingstant\/\",\"name\":\"Prie\u0161 jai dingstant\",\"isPartOf\":{\"@id\":\"https:\/\/skaitytaknyga.lt\/#website\"},\"primaryImageOfPage\":{\"@id\":\"https:\/\/skaitytaknyga.lt\/produktas\/pries-jai-dingstant\/#primaryimage\"},\"image\":{\"@id\":\"https:\/\/skaitytaknyga.lt\/produktas\/pries-jai-dingstant\/#primaryimage\"},\"thumbnailUrl\":\"https:\/\/skaitytaknyga.lt\/wp-content\/uploads\/2025\/07\/1629698827_pries_jai_dingstant_1628664800.webp\",\"datePublished\":\"2025-07-22T11:30:18+00:00\",\"dateModified\":\"2026-03-05T08:55:59+00:00\",\"description\":\"New York Times bestseleri\u0173 autor\u0117 Lisa Gardner pristato u\u017edegant\u012f triler\u012f apie eilin\u0119 i\u0161 pa\u017ei\u016bros moter\u012f, kuri savo gyvenim\u0105 paskiria labai ne\u012fprastai\",\"breadcrumb\":{\"@id\":\"https:\/\/skaitytaknyga.lt\/produktas\/pries-jai-dingstant\/#breadcrumb\"},\"inLanguage\":\"en-GB\",\"potentialAction\":[{\"@type\":\"ReadAction\",\"target\":[\"https:\/\/skaitytaknyga.lt\/produktas\/pries-jai-dingstant\/\"]}]},{\"@type\":\"ImageObject\",\"inLanguage\":\"en-GB\",\"@id\":\"https:\/\/skaitytaknyga.lt\/produktas\/pries-jai-dingstant\/#primaryimage\",\"url\":\"https:\/\/skaitytaknyga.lt\/wp-content\/uploads\/2025\/07\/1629698827_pries_jai_dingstant_1628664800.webp\",\"contentUrl\":\"https:\/\/skaitytaknyga.lt\/wp-content\/uploads\/2025\/07\/1629698827_pries_jai_dingstant_1628664800.webp\",\"width\":527,\"height\":801,\"caption\":\"Prie\u0161 jai dingstant\"},{\"@type\":\"BreadcrumbList\",\"@id\":\"https:\/\/skaitytaknyga.lt\/produktas\/pries-jai-dingstant\/#breadcrumb\",\"itemListElement\":[{\"@type\":\"ListItem\",\"position\":1,\"name\":\"Home\",\"item\":\"https:\/\/skaitytaknyga.lt\/\"},{\"@type\":\"ListItem\",\"position\":2,\"name\":\"Parduotuv\u0117\",\"item\":\"https:\/\/skaitytaknyga.lt\/knygu-parduotuve\/\"},{\"@type\":\"ListItem\",\"position\":3,\"name\":\"Prie\u0161 jai dingstant\"}]},{\"@type\":\"WebSite\",\"@id\":\"https:\/\/skaitytaknyga.lt\/#website\",\"url\":\"https:\/\/skaitytaknyga.lt\/\",\"name\":\"skaitytaknyga.lt\",\"description\":\"Skaitytaknyga.lt \u2013 tai ma\u017eas \u0161eimos verslas, kuris prasid\u0117jo nuo meil\u0117s knygoms ir siekio i\u0161gelb\u0117ti knygas nuo likimo prie konteinerio. Kas vienam nereikalingas daiktas \u2013 kitam lobis, o mes esame tarpininkai, kurie padeda abiems tapti laimingesniems ???? \u017dinome kaip nelengva i\u0161gyventi ma\u017eiems verslams, tad nuo \u0161iol, \u010dia rasite ir kit\u0173, ma\u017e\u0173 \u0161eim\u0173 versl\u0173, rank\u0173 darbo, dovan\u0173 sau ir artimiesiems.\",\"publisher\":{\"@id\":\"https:\/\/skaitytaknyga.lt\/#organization\"},\"potentialAction\":[{\"@type\":\"SearchAction\",\"target\":{\"@type\":\"EntryPoint\",\"urlTemplate\":\"https:\/\/skaitytaknyga.lt\/?s={search_term_string}\"},\"query-input\":{\"@type\":\"PropertyValueSpecification\",\"valueRequired\":true,\"valueName\":\"search_term_string\"}}],\"inLanguage\":\"en-GB\"},{\"@type\":\"Organization\",\"@id\":\"https:\/\/skaitytaknyga.lt\/#organization\",\"name\":\"skaitytaknyga.lt\",\"url\":\"https:\/\/skaitytaknyga.lt\/\",\"logo\":{\"@type\":\"ImageObject\",\"inLanguage\":\"en-GB\",\"@id\":\"https:\/\/skaitytaknyga.lt\/#\/schema\/logo\/image\/\",\"url\":\"https:\/\/skaitytaknyga.lt\/wp-content\/uploads\/2024\/05\/cropped-cropped-cropped-02_00843_jt3bggkj1j3HLc7SyY6rEUpg.jpeg\",\"contentUrl\":\"https:\/\/skaitytaknyga.lt\/wp-content\/uploads\/2024\/05\/cropped-cropped-cropped-02_00843_jt3bggkj1j3HLc7SyY6rEUpg.jpeg\",\"width\":1600,\"height\":1600,\"caption\":\"skaitytaknyga.lt\"},\"image\":{\"@id\":\"https:\/\/skaitytaknyga.lt\/#\/schema\/logo\/image\/\"},\"sameAs\":[\"https:\/\/www.facebook.com\/skaitytaknyga\/\"]}]}<\/script>\n<!-- \/ Yoast SEO plugin. -->","yoast_head_json":{"title":"Prie\u0161 jai dingstant","description":"New York Times bestseleri\u0173 autor\u0117 Lisa Gardner pristato u\u017edegant\u012f triler\u012f apie eilin\u0119 i\u0161 pa\u017ei\u016bros moter\u012f, kuri savo gyvenim\u0105 paskiria labai ne\u012fprastai","robots":{"index":"index","follow":"follow","max-snippet":"max-snippet:-1","max-image-preview":"max-image-preview:large","max-video-preview":"max-video-preview:-1"},"canonical":"https:\/\/skaitytaknyga.lt\/en\/produktas\/pries-jai-dingstant\/","og_locale":"en_GB","og_type":"article","og_title":"[:lt]Prie\u0161 jai dingstant[:] - Skaitytaknyga","og_description":"New York Times bestseleri\u0173 autor\u0117 Lisa Gardner pristato u\u017edegant\u012f triler\u012f apie eilin\u0119 i\u0161 pa\u017ei\u016bros moter\u012f, kuri savo gyvenim\u0105 paskiria labai ne\u012fprastai","og_url":"https:\/\/skaitytaknyga.lt\/en\/produktas\/pries-jai-dingstant\/","og_site_name":"Skaitytaknyga","article_publisher":"https:\/\/www.facebook.com\/skaitytaknyga\/","article_modified_time":"2026-03-05T08:55:59+00:00","og_image":[{"width":527,"height":801,"url":"https:\/\/skaitytaknyga.lt\/wp-content\/uploads\/2025\/07\/1629698827_pries_jai_dingstant_1628664800.webp","type":"image\/webp"}],"twitter_card":"summary_large_image","twitter_misc":{"Estimated reading time":"1 minute"},"schema":{"@context":"https:\/\/schema.org","@graph":[{"@type":"WebPage","@id":"https:\/\/skaitytaknyga.lt\/produktas\/pries-jai-dingstant\/","url":"https:\/\/skaitytaknyga.lt\/produktas\/pries-jai-dingstant\/","name":"Prie\u0161 jai dingstant","isPartOf":{"@id":"https:\/\/skaitytaknyga.lt\/#website"},"primaryImageOfPage":{"@id":"https:\/\/skaitytaknyga.lt\/produktas\/pries-jai-dingstant\/#primaryimage"},"image":{"@id":"https:\/\/skaitytaknyga.lt\/produktas\/pries-jai-dingstant\/#primaryimage"},"thumbnailUrl":"https:\/\/skaitytaknyga.lt\/wp-content\/uploads\/2025\/07\/1629698827_pries_jai_dingstant_1628664800.webp","datePublished":"2025-07-22T11:30:18+00:00","dateModified":"2026-03-05T08:55:59+00:00","description":"New York Times bestseleri\u0173 autor\u0117 Lisa Gardner pristato u\u017edegant\u012f triler\u012f apie eilin\u0119 i\u0161 pa\u017ei\u016bros moter\u012f, kuri savo gyvenim\u0105 paskiria labai ne\u012fprastai","breadcrumb":{"@id":"https:\/\/skaitytaknyga.lt\/produktas\/pries-jai-dingstant\/#breadcrumb"},"inLanguage":"en-GB","potentialAction":[{"@type":"ReadAction","target":["https:\/\/skaitytaknyga.lt\/produktas\/pries-jai-dingstant\/"]}]},{"@type":"ImageObject","inLanguage":"en-GB","@id":"https:\/\/skaitytaknyga.lt\/produktas\/pries-jai-dingstant\/#primaryimage","url":"https:\/\/skaitytaknyga.lt\/wp-content\/uploads\/2025\/07\/1629698827_pries_jai_dingstant_1628664800.webp","contentUrl":"https:\/\/skaitytaknyga.lt\/wp-content\/uploads\/2025\/07\/1629698827_pries_jai_dingstant_1628664800.webp","width":527,"height":801,"caption":"Prie\u0161 jai dingstant"},{"@type":"BreadcrumbList","@id":"https:\/\/skaitytaknyga.lt\/produktas\/pries-jai-dingstant\/#breadcrumb","itemListElement":[{"@type":"ListItem","position":1,"name":"Home","item":"https:\/\/skaitytaknyga.lt\/"},{"@type":"ListItem","position":2,"name":"Parduotuv\u0117","item":"https:\/\/skaitytaknyga.lt\/knygu-parduotuve\/"},{"@type":"ListItem","position":3,"name":"Prie\u0161 jai dingstant"}]},{"@type":"WebSite","@id":"https:\/\/skaitytaknyga.lt\/#website","url":"https:\/\/skaitytaknyga.lt\/","name":"skaitytaknyga.lt","description":"Skaitytaknyga.lt \u2013 tai ma\u017eas \u0161eimos verslas, kuris prasid\u0117jo nuo meil\u0117s knygoms ir siekio i\u0161gelb\u0117ti knygas nuo likimo prie konteinerio. Kas vienam nereikalingas daiktas \u2013 kitam lobis, o mes esame tarpininkai, kurie padeda abiems tapti laimingesniems ???? \u017dinome kaip nelengva i\u0161gyventi ma\u017eiems verslams, tad nuo \u0161iol, \u010dia rasite ir kit\u0173, ma\u017e\u0173 \u0161eim\u0173 versl\u0173, rank\u0173 darbo, dovan\u0173 sau ir artimiesiems.","publisher":{"@id":"https:\/\/skaitytaknyga.lt\/#organization"},"potentialAction":[{"@type":"SearchAction","target":{"@type":"EntryPoint","urlTemplate":"https:\/\/skaitytaknyga.lt\/?s={search_term_string}"},"query-input":{"@type":"PropertyValueSpecification","valueRequired":true,"valueName":"search_term_string"}}],"inLanguage":"en-GB"},{"@type":"Organization","@id":"https:\/\/skaitytaknyga.lt\/#organization","name":"skaitytaknyga.lt","url":"https:\/\/skaitytaknyga.lt\/","logo":{"@type":"ImageObject","inLanguage":"en-GB","@id":"https:\/\/skaitytaknyga.lt\/#\/schema\/logo\/image\/","url":"https:\/\/skaitytaknyga.lt\/wp-content\/uploads\/2024\/05\/cropped-cropped-cropped-02_00843_jt3bggkj1j3HLc7SyY6rEUpg.jpeg","contentUrl":"https:\/\/skaitytaknyga.lt\/wp-content\/uploads\/2024\/05\/cropped-cropped-cropped-02_00843_jt3bggkj1j3HLc7SyY6rEUpg.jpeg","width":1600,"height":1600,"caption":"skaitytaknyga.lt"},"image":{"@id":"https:\/\/skaitytaknyga.lt\/#\/schema\/logo\/image\/"},"sameAs":["https:\/\/www.facebook.com\/skaitytaknyga\/"]}]}},"_links":{"self":[{"href":"https:\/\/skaitytaknyga.lt\/en\/wp-json\/wp\/v2\/product\/19737","targetHints":{"allow":["GET"]}}],"collection":[{"href":"https:\/\/skaitytaknyga.lt\/en\/wp-json\/wp\/v2\/product"}],"about":[{"href":"https:\/\/skaitytaknyga.lt\/en\/wp-json\/wp\/v2\/types\/product"}],"replies":[{"embeddable":true,"href":"https:\/\/skaitytaknyga.lt\/en\/wp-json\/wp\/v2\/comments?post=19737"}],"wp:featuredmedia":[{"embeddable":true,"href":"https:\/\/skaitytaknyga.lt\/en\/wp-json\/wp\/v2\/media\/19742"}],"wp:attachment":[{"href":"https:\/\/skaitytaknyga.lt\/en\/wp-json\/wp\/v2\/media?parent=19737"}],"wp:term":[{"taxonomy":"product_brand","embeddable":true,"href":"https:\/\/skaitytaknyga.lt\/en\/wp-json\/wp\/v2\/product_brand?post=19737"},{"taxonomy":"product_cat","embeddable":true,"href":"https:\/\/skaitytaknyga.lt\/en\/wp-json\/wp\/v2\/product_cat?post=19737"},{"taxonomy":"product_tag","embeddable":true,"href":"https:\/\/skaitytaknyga.lt\/en\/wp-json\/wp\/v2\/product_tag?post=19737"}],"curies":[{"name":"wp","href":"https:\/\/api.w.org\/{rel}","templated":true}]}}