{"id":19730,"date":"2025-07-22T14:13:38","date_gmt":"2025-07-22T11:13:38","guid":{"rendered":"https:\/\/skaitytaknyga.lt\/?post_type=product&#038;p=19730"},"modified":"2026-03-05T12:19:37","modified_gmt":"2026-03-05T10:19:37","slug":"nepaleisk","status":"publish","type":"product","link":"https:\/\/skaitytaknyga.lt\/en\/produktas\/nepaleisk\/","title":{"rendered":"Nepaleisk"},"content":{"rendered":"<p>Su neprilygstama \u012ftampa ir emocine \u012f\u017evalga savo naujajame trileryje \u201eNepaleisk\u201c Harlanas Cobenas gilinasi \u012f dideles paslaptis ir ma\u017eus melus, galin\u010dius sugriauti santykius, \u0161eim\u0105 ir netgi miestel\u012f.<\/p>\n<p>Naujojo D\u017eersio priemies\u010dio detektyvas Napas Diuma kadaise patyr\u0117 skaud\u017ei\u0105 netekt\u012f \u2014 ant gele\u017einkelio b\u0117gi\u0173 buvo rasti jo brolio dvynio Leo ir Leo draug\u0117s Dianos k\u016bnai, o Mora, mergina, kuri\u0105 Napas man\u0117 esant savo gyvenimo meile, dingo nepasakiusi n\u0117 \u017eod\u017eio. Jau penkiolika met\u0173 Napas ie\u0161ko Moros ir bando atskleisti tikr\u0105j\u0105 savo brolio mirties prie\u017east\u012f. Ir dabar, regis, pagaliau kai k\u0105 surado.<\/p>\n<p>Kai Moros pir\u0161t\u0173 atspaudai aptinkami i\u0161nuomotame \u012ftariamojo \u017emog\u017eudyste automobilyje, Napas leid\u017eiasi \u012f \u017eyg\u012f, kurio metu kyla dar daugiau klausim\u0173 \u2014 apie moter\u012f, kuri\u0105 myl\u0117jo, apie vaikyst\u0117s draugus, kuriuos man\u0117si pa\u017einoj\u0119s, apie apleist\u0105 karin\u0119 baz\u0119, kurios kaimynyst\u0117je jis u\u017eaugo, o labiausiai apie Leo ir Dian\u0105, kuri\u0173 mirtys tamsesn\u0117s ir gr\u0117smingesn\u0117s, nei Napas gal\u0117jo \u012fsivaizduoti.<\/p>\n","protected":false},"excerpt":{"rendered":"<p>Su neprilygstama \u012ftampa ir emocine \u012f\u017evalga savo naujajame trileryje \u201eNepaleisk\u201c Harlanas Cobenas gilinasi \u012f dideles paslaptis ir ma\u017eus melus, galin\u010dius sugriauti santykius, \u0161eim\u0105 ir netgi miestel\u012f. Naujojo D\u017eersio priemies\u010dio detektyvas Napas Diuma kadaise patyr\u0117 skaud\u017ei\u0105 netekt\u012f \u2014 ant gele\u017einkelio b\u0117gi\u0173 buvo rasti jo brolio dvynio Leo ir Leo draug\u0117s Dianos k\u016bnai, o Mora, mergina, kuri\u0105 Napas man\u0117 esant savo gyvenimo meile, dingo nepasakiusi n\u0117 \u017eod\u017eio. Jau penkiolika met\u0173 Napas ie\u0161ko Moros ir bando atskleisti tikr\u0105j\u0105 savo brolio mirties prie\u017east\u012f. Ir dabar, regis, pagaliau kai k\u0105 surado. Kai Moros pir\u0161t\u0173 atspaudai aptinkami i\u0161nuomotame \u012ftariamojo \u017emog\u017eudyste automobilyje, Napas leid\u017eiasi \u012f \u017eyg\u012f, kurio metu kyla dar daugiau klausim\u0173 \u2014 apie moter\u012f, kuri\u0105 myl\u0117jo, apie vaikyst\u0117s draugus, kuriuos man\u0117si pa\u017einoj\u0119s, apie apleist\u0105 karin\u0119 baz\u0119, kurios kaimynyst\u0117je jis u\u017eaugo, o labiausiai apie Leo ir Dian\u0105, kuri\u0173 mirtys tamsesn\u0117s ir gr\u0117smingesn\u0117s, nei Napas gal\u0117jo \u012fsivaizduoti.<\/p>\n","protected":false},"featured_media":19735,"comment_status":"open","ping_status":"closed","template":"","meta":{"_acf_changed":false,"site-sidebar-layout":"default","site-content-layout":"","ast-site-content-layout":"default","site-content-style":"default","site-sidebar-style":"default","ast-global-header-display":"","ast-banner-title-visibility":"","ast-main-header-display":"","ast-hfb-above-header-display":"","ast-hfb-below-header-display":"","ast-hfb-mobile-header-display":"","site-post-title":"","ast-breadcrumbs-content":"","ast-featured-img":"","footer-sml-layout":"","ast-disable-related-posts":"","theme-transparent-header-meta":"","adv-header-id-meta":"","stick-header-meta":"","header-above-stick-meta":"","header-main-stick-meta":"","header-below-stick-meta":"","astra-migrate-meta-layouts":"default","ast-page-background-enabled":"default","ast-page-background-meta":{"desktop":{"background-color":"","background-image":"","background-repeat":"repeat","background-position":"center center","background-size":"auto","background-attachment":"scroll","background-type":"","background-media":"","overlay-type":"","overlay-color":"","overlay-opacity":"","overlay-gradient":""},"tablet":{"background-color":"","background-image":"","background-repeat":"repeat","background-position":"center center","background-size":"auto","background-attachment":"scroll","background-type":"","background-media":"","overlay-type":"","overlay-color":"","overlay-opacity":"","overlay-gradient":""},"mobile":{"background-color":"","background-image":"","background-repeat":"repeat","background-position":"center center","background-size":"auto","background-attachment":"scroll","background-type":"","background-media":"","overlay-type":"","overlay-color":"","overlay-opacity":"","overlay-gradient":""}},"ast-content-background-meta":{"desktop":{"background-color":"var(--ast-global-color-4)","background-image":"","background-repeat":"repeat","background-position":"center center","background-size":"auto","background-attachment":"scroll","background-type":"","background-media":"","overlay-type":"","overlay-color":"","overlay-opacity":"","overlay-gradient":""},"tablet":{"background-color":"var(--ast-global-color-4)","background-image":"","background-repeat":"repeat","background-position":"center center","background-size":"auto","background-attachment":"scroll","background-type":"","background-media":"","overlay-type":"","overlay-color":"","overlay-opacity":"","overlay-gradient":""},"mobile":{"background-color":"var(--ast-global-color-4)","background-image":"","background-repeat":"repeat","background-position":"center center","background-size":"auto","background-attachment":"scroll","background-type":"","background-media":"","overlay-type":"","overlay-color":"","overlay-opacity":"","overlay-gradient":""}}},"product_brand":[],"product_cat":[9580],"product_tag":[6586,1796,3192,6587,6588,1587],"class_list":{"0":"post-19730","1":"product","2":"type-product","3":"status-publish","4":"has-post-thumbnail","6":"product_cat-psichologiniai-detektyvai","7":"product_tag-harlan-coben","8":"product_tag-meile","9":"product_tag-nuzudymai","10":"product_tag-praeitis","11":"product_tag-priemiescio-gyvenimas","12":"product_tag-trileris","13":"desktop-align-left","14":"tablet-align-left","15":"mobile-align-left","17":"first","18":"instock","19":"shipping-taxable","20":"purchasable","21":"product-type-simple"},"acf":[],"yoast_head":"<!-- This site is optimized with the Yoast SEO plugin v27.0 - https:\/\/yoast.com\/product\/yoast-seo-wordpress\/ -->\n<title>Nepaleisk<\/title>\n<meta name=\"description\" content=\"Su neprilygstama \u012ftampa ir emocine \u012f\u017evalga savo naujajame trileryje \u201eNepaleisk\u201c Harlanas Cobenas gilinasi \u012f dideles paslaptis ir ma\u017eus melus, galin\u010dius\" \/>\n<meta name=\"robots\" content=\"index, follow, max-snippet:-1, max-image-preview:large, max-video-preview:-1\" \/>\n<link rel=\"canonical\" href=\"https:\/\/skaitytaknyga.lt\/en\/produktas\/nepaleisk\/\" \/>\n<meta property=\"og:locale\" content=\"en_GB\" \/>\n<meta property=\"og:locale:alternate\" content=\"lt_LT\" \/>\n<meta property=\"og:type\" content=\"article\" \/>\n<meta property=\"og:title\" content=\"Nepaleisk\" \/>\n<meta property=\"og:description\" content=\"Su neprilygstama \u012ftampa ir emocine \u012f\u017evalga savo naujajame trileryje \u201eNepaleisk\u201c Harlanas Cobenas gilinasi \u012f dideles paslaptis ir ma\u017eus melus, galin\u010dius\" \/>\n<meta property=\"og:url\" content=\"https:\/\/skaitytaknyga.lt\/en\/produktas\/nepaleisk\/\" \/>\n<meta property=\"og:site_name\" content=\"Skaitytaknyga\" \/>\n<meta property=\"article:publisher\" content=\"https:\/\/www.facebook.com\/skaitytaknyga\/\" \/>\n<meta property=\"article:modified_time\" content=\"2026-03-05T10:19:37+00:00\" \/>\n<meta property=\"og:image\" content=\"https:\/\/skaitytaknyga.lt\/wp-content\/uploads\/2025\/07\/Nepaleisk-1.webp\" \/>\n\t<meta property=\"og:image:width\" content=\"530\" \/>\n\t<meta property=\"og:image:height\" content=\"801\" \/>\n\t<meta property=\"og:image:type\" content=\"image\/webp\" \/>\n<meta name=\"twitter:card\" content=\"summary_large_image\" \/>\n<meta name=\"twitter:label1\" content=\"Estimated reading time\" \/>\n\t<meta name=\"twitter:data1\" content=\"1 minute\" \/>\n<script type=\"application\/ld+json\" class=\"yoast-schema-graph\">{\"@context\":\"https:\/\/schema.org\",\"@graph\":[{\"@type\":\"WebPage\",\"@id\":\"https:\/\/skaitytaknyga.lt\/produktas\/nepaleisk\/\",\"url\":\"https:\/\/skaitytaknyga.lt\/produktas\/nepaleisk\/\",\"name\":\"Nepaleisk\",\"isPartOf\":{\"@id\":\"https:\/\/skaitytaknyga.lt\/#website\"},\"primaryImageOfPage\":{\"@id\":\"https:\/\/skaitytaknyga.lt\/produktas\/nepaleisk\/#primaryimage\"},\"image\":{\"@id\":\"https:\/\/skaitytaknyga.lt\/produktas\/nepaleisk\/#primaryimage\"},\"thumbnailUrl\":\"https:\/\/skaitytaknyga.lt\/wp-content\/uploads\/2025\/07\/Nepaleisk-1.webp\",\"datePublished\":\"2025-07-22T11:13:38+00:00\",\"dateModified\":\"2026-03-05T10:19:37+00:00\",\"description\":\"Su neprilygstama \u012ftampa ir emocine \u012f\u017evalga savo naujajame trileryje \u201eNepaleisk\u201c Harlanas Cobenas gilinasi \u012f dideles paslaptis ir ma\u017eus melus, galin\u010dius\",\"breadcrumb\":{\"@id\":\"https:\/\/skaitytaknyga.lt\/produktas\/nepaleisk\/#breadcrumb\"},\"inLanguage\":\"en-GB\",\"potentialAction\":[{\"@type\":\"ReadAction\",\"target\":[\"https:\/\/skaitytaknyga.lt\/produktas\/nepaleisk\/\"]}]},{\"@type\":\"ImageObject\",\"inLanguage\":\"en-GB\",\"@id\":\"https:\/\/skaitytaknyga.lt\/produktas\/nepaleisk\/#primaryimage\",\"url\":\"https:\/\/skaitytaknyga.lt\/wp-content\/uploads\/2025\/07\/Nepaleisk-1.webp\",\"contentUrl\":\"https:\/\/skaitytaknyga.lt\/wp-content\/uploads\/2025\/07\/Nepaleisk-1.webp\",\"width\":530,\"height\":801,\"caption\":\"Nepaleisk\"},{\"@type\":\"BreadcrumbList\",\"@id\":\"https:\/\/skaitytaknyga.lt\/produktas\/nepaleisk\/#breadcrumb\",\"itemListElement\":[{\"@type\":\"ListItem\",\"position\":1,\"name\":\"Home\",\"item\":\"https:\/\/skaitytaknyga.lt\/\"},{\"@type\":\"ListItem\",\"position\":2,\"name\":\"Parduotuv\u0117\",\"item\":\"https:\/\/skaitytaknyga.lt\/knygu-parduotuve\/\"},{\"@type\":\"ListItem\",\"position\":3,\"name\":\"Nepaleisk\"}]},{\"@type\":\"WebSite\",\"@id\":\"https:\/\/skaitytaknyga.lt\/#website\",\"url\":\"https:\/\/skaitytaknyga.lt\/\",\"name\":\"skaitytaknyga.lt\",\"description\":\"Skaitytaknyga.lt \u2013 tai ma\u017eas \u0161eimos verslas, kuris prasid\u0117jo nuo meil\u0117s knygoms ir siekio i\u0161gelb\u0117ti knygas nuo likimo prie konteinerio. Kas vienam nereikalingas daiktas \u2013 kitam lobis, o mes esame tarpininkai, kurie padeda abiems tapti laimingesniems ???? \u017dinome kaip nelengva i\u0161gyventi ma\u017eiems verslams, tad nuo \u0161iol, \u010dia rasite ir kit\u0173, ma\u017e\u0173 \u0161eim\u0173 versl\u0173, rank\u0173 darbo, dovan\u0173 sau ir artimiesiems.\",\"publisher\":{\"@id\":\"https:\/\/skaitytaknyga.lt\/#organization\"},\"potentialAction\":[{\"@type\":\"SearchAction\",\"target\":{\"@type\":\"EntryPoint\",\"urlTemplate\":\"https:\/\/skaitytaknyga.lt\/?s={search_term_string}\"},\"query-input\":{\"@type\":\"PropertyValueSpecification\",\"valueRequired\":true,\"valueName\":\"search_term_string\"}}],\"inLanguage\":\"en-GB\"},{\"@type\":\"Organization\",\"@id\":\"https:\/\/skaitytaknyga.lt\/#organization\",\"name\":\"skaitytaknyga.lt\",\"url\":\"https:\/\/skaitytaknyga.lt\/\",\"logo\":{\"@type\":\"ImageObject\",\"inLanguage\":\"en-GB\",\"@id\":\"https:\/\/skaitytaknyga.lt\/#\/schema\/logo\/image\/\",\"url\":\"https:\/\/skaitytaknyga.lt\/wp-content\/uploads\/2024\/05\/cropped-cropped-cropped-02_00843_jt3bggkj1j3HLc7SyY6rEUpg.jpeg\",\"contentUrl\":\"https:\/\/skaitytaknyga.lt\/wp-content\/uploads\/2024\/05\/cropped-cropped-cropped-02_00843_jt3bggkj1j3HLc7SyY6rEUpg.jpeg\",\"width\":1600,\"height\":1600,\"caption\":\"skaitytaknyga.lt\"},\"image\":{\"@id\":\"https:\/\/skaitytaknyga.lt\/#\/schema\/logo\/image\/\"},\"sameAs\":[\"https:\/\/www.facebook.com\/skaitytaknyga\/\"]}]}<\/script>\n<!-- \/ Yoast SEO plugin. -->","yoast_head_json":{"title":"Nepaleisk","description":"Su neprilygstama \u012ftampa ir emocine \u012f\u017evalga savo naujajame trileryje \u201eNepaleisk\u201c Harlanas Cobenas gilinasi \u012f dideles paslaptis ir ma\u017eus melus, galin\u010dius","robots":{"index":"index","follow":"follow","max-snippet":"max-snippet:-1","max-image-preview":"max-image-preview:large","max-video-preview":"max-video-preview:-1"},"canonical":"https:\/\/skaitytaknyga.lt\/en\/produktas\/nepaleisk\/","og_locale":"en_GB","og_type":"article","og_title":"[:lt]Nepaleisk[:] - Skaitytaknyga","og_description":"Su neprilygstama \u012ftampa ir emocine \u012f\u017evalga savo naujajame trileryje \u201eNepaleisk\u201c Harlanas Cobenas gilinasi \u012f dideles paslaptis ir ma\u017eus melus, galin\u010dius","og_url":"https:\/\/skaitytaknyga.lt\/en\/produktas\/nepaleisk\/","og_site_name":"Skaitytaknyga","article_publisher":"https:\/\/www.facebook.com\/skaitytaknyga\/","article_modified_time":"2026-03-05T10:19:37+00:00","og_image":[{"width":530,"height":801,"url":"https:\/\/skaitytaknyga.lt\/wp-content\/uploads\/2025\/07\/Nepaleisk-1.webp","type":"image\/webp"}],"twitter_card":"summary_large_image","twitter_misc":{"Estimated reading time":"1 minute"},"schema":{"@context":"https:\/\/schema.org","@graph":[{"@type":"WebPage","@id":"https:\/\/skaitytaknyga.lt\/produktas\/nepaleisk\/","url":"https:\/\/skaitytaknyga.lt\/produktas\/nepaleisk\/","name":"Nepaleisk","isPartOf":{"@id":"https:\/\/skaitytaknyga.lt\/#website"},"primaryImageOfPage":{"@id":"https:\/\/skaitytaknyga.lt\/produktas\/nepaleisk\/#primaryimage"},"image":{"@id":"https:\/\/skaitytaknyga.lt\/produktas\/nepaleisk\/#primaryimage"},"thumbnailUrl":"https:\/\/skaitytaknyga.lt\/wp-content\/uploads\/2025\/07\/Nepaleisk-1.webp","datePublished":"2025-07-22T11:13:38+00:00","dateModified":"2026-03-05T10:19:37+00:00","description":"Su neprilygstama \u012ftampa ir emocine \u012f\u017evalga savo naujajame trileryje \u201eNepaleisk\u201c Harlanas Cobenas gilinasi \u012f dideles paslaptis ir ma\u017eus melus, galin\u010dius","breadcrumb":{"@id":"https:\/\/skaitytaknyga.lt\/produktas\/nepaleisk\/#breadcrumb"},"inLanguage":"en-GB","potentialAction":[{"@type":"ReadAction","target":["https:\/\/skaitytaknyga.lt\/produktas\/nepaleisk\/"]}]},{"@type":"ImageObject","inLanguage":"en-GB","@id":"https:\/\/skaitytaknyga.lt\/produktas\/nepaleisk\/#primaryimage","url":"https:\/\/skaitytaknyga.lt\/wp-content\/uploads\/2025\/07\/Nepaleisk-1.webp","contentUrl":"https:\/\/skaitytaknyga.lt\/wp-content\/uploads\/2025\/07\/Nepaleisk-1.webp","width":530,"height":801,"caption":"Nepaleisk"},{"@type":"BreadcrumbList","@id":"https:\/\/skaitytaknyga.lt\/produktas\/nepaleisk\/#breadcrumb","itemListElement":[{"@type":"ListItem","position":1,"name":"Home","item":"https:\/\/skaitytaknyga.lt\/"},{"@type":"ListItem","position":2,"name":"Parduotuv\u0117","item":"https:\/\/skaitytaknyga.lt\/knygu-parduotuve\/"},{"@type":"ListItem","position":3,"name":"Nepaleisk"}]},{"@type":"WebSite","@id":"https:\/\/skaitytaknyga.lt\/#website","url":"https:\/\/skaitytaknyga.lt\/","name":"skaitytaknyga.lt","description":"Skaitytaknyga.lt \u2013 tai ma\u017eas \u0161eimos verslas, kuris prasid\u0117jo nuo meil\u0117s knygoms ir siekio i\u0161gelb\u0117ti knygas nuo likimo prie konteinerio. Kas vienam nereikalingas daiktas \u2013 kitam lobis, o mes esame tarpininkai, kurie padeda abiems tapti laimingesniems ???? \u017dinome kaip nelengva i\u0161gyventi ma\u017eiems verslams, tad nuo \u0161iol, \u010dia rasite ir kit\u0173, ma\u017e\u0173 \u0161eim\u0173 versl\u0173, rank\u0173 darbo, dovan\u0173 sau ir artimiesiems.","publisher":{"@id":"https:\/\/skaitytaknyga.lt\/#organization"},"potentialAction":[{"@type":"SearchAction","target":{"@type":"EntryPoint","urlTemplate":"https:\/\/skaitytaknyga.lt\/?s={search_term_string}"},"query-input":{"@type":"PropertyValueSpecification","valueRequired":true,"valueName":"search_term_string"}}],"inLanguage":"en-GB"},{"@type":"Organization","@id":"https:\/\/skaitytaknyga.lt\/#organization","name":"skaitytaknyga.lt","url":"https:\/\/skaitytaknyga.lt\/","logo":{"@type":"ImageObject","inLanguage":"en-GB","@id":"https:\/\/skaitytaknyga.lt\/#\/schema\/logo\/image\/","url":"https:\/\/skaitytaknyga.lt\/wp-content\/uploads\/2024\/05\/cropped-cropped-cropped-02_00843_jt3bggkj1j3HLc7SyY6rEUpg.jpeg","contentUrl":"https:\/\/skaitytaknyga.lt\/wp-content\/uploads\/2024\/05\/cropped-cropped-cropped-02_00843_jt3bggkj1j3HLc7SyY6rEUpg.jpeg","width":1600,"height":1600,"caption":"skaitytaknyga.lt"},"image":{"@id":"https:\/\/skaitytaknyga.lt\/#\/schema\/logo\/image\/"},"sameAs":["https:\/\/www.facebook.com\/skaitytaknyga\/"]}]}},"_links":{"self":[{"href":"https:\/\/skaitytaknyga.lt\/en\/wp-json\/wp\/v2\/product\/19730","targetHints":{"allow":["GET"]}}],"collection":[{"href":"https:\/\/skaitytaknyga.lt\/en\/wp-json\/wp\/v2\/product"}],"about":[{"href":"https:\/\/skaitytaknyga.lt\/en\/wp-json\/wp\/v2\/types\/product"}],"replies":[{"embeddable":true,"href":"https:\/\/skaitytaknyga.lt\/en\/wp-json\/wp\/v2\/comments?post=19730"}],"wp:featuredmedia":[{"embeddable":true,"href":"https:\/\/skaitytaknyga.lt\/en\/wp-json\/wp\/v2\/media\/19735"}],"wp:attachment":[{"href":"https:\/\/skaitytaknyga.lt\/en\/wp-json\/wp\/v2\/media?parent=19730"}],"wp:term":[{"taxonomy":"product_brand","embeddable":true,"href":"https:\/\/skaitytaknyga.lt\/en\/wp-json\/wp\/v2\/product_brand?post=19730"},{"taxonomy":"product_cat","embeddable":true,"href":"https:\/\/skaitytaknyga.lt\/en\/wp-json\/wp\/v2\/product_cat?post=19730"},{"taxonomy":"product_tag","embeddable":true,"href":"https:\/\/skaitytaknyga.lt\/en\/wp-json\/wp\/v2\/product_tag?post=19730"}],"curies":[{"name":"wp","href":"https:\/\/api.w.org\/{rel}","templated":true}]}}