{"id":19729,"date":"2025-07-22T14:13:38","date_gmt":"2025-07-22T11:13:38","guid":{"rendered":"https:\/\/skaitytaknyga.lt\/?post_type=product&#038;p=19729"},"modified":"2025-07-24T11:07:15","modified_gmt":"2025-07-24T08:07:15","slug":"namas-prie-ezero","status":"publish","type":"product","link":"https:\/\/skaitytaknyga.lt\/en\/produktas\/namas-prie-ezero\/","title":{"rendered":"Namas prie e\u017eero"},"content":{"rendered":"<p>Liza dar niekada nebuvo taip i\u0161sigandusi. Su ma\u017eame\u010diu s\u016bnumi ant rank\u0173 ji leid\u017eiasi \u012f ne\u017einomyb\u0119. Vienintelis i\u0161sigelb\u0117jimas \u2013 draugei priklausantis Rovano salos namas netoli Haroubio kaimelio. Atrodo, tai tinkamiausia vieta pasisl\u0117pti. Namas atokus, o apylink\u0117se jos niekas nepa\u017e\u012fsta.<\/p>\n<p>Priimti sprendim\u0105 b\u0117gti buvo sunku, ta\u010diau dar sunkiau gird\u0117ti s\u016bnelio reikalavimus gr\u012f\u017eti namo, kaip ir k\u0119sti jo nepaklusnum\u0105. Negana to, ir namas prie e\u017eero pasirodo toli gra\u017eu ne pati geriausia vieta apsistoti, ypa\u010d su vaiku: senas, be elektros ir vandentiekio pastatas, kuriame tvyrantis dvokas rie\u010dia nos\u012f, o sodas, u\u017egriozdintas vieliniais narvais, atrodo at\u0161iaurus ir baugus. Liza suabejoja, ar draug\u0117 nebus i\u0161 jos pasi\u0161aipiusi. Vis d\u0117lto tik \u010dia j\u0173 niekas neras.<\/p>\n<p>Nevilties kankinama Liza laikosi i\u0161 paskutini\u0173j\u0173. Ta\u010diau netik\u0117tas nepa\u017e\u012fstamosios apsilankymas priver\u010dia suabejoti savo ir s\u016bnaus saugumu. Koki\u0105 paslapt\u012f visus \u0161iuos metus sl\u0117p\u0117 Rovano salos namas? Ir k\u0105 Liza pasiruo\u0161usi padaryti, kad apsaugot\u0173 save ir s\u016bn\u0173 nuo praeities \u0161e\u0161\u0117li\u0173?<\/p>\n","protected":false},"excerpt":{"rendered":"<p>Liza dar niekada nebuvo taip i\u0161sigandusi. Su ma\u017eame\u010diu s\u016bnumi ant rank\u0173 ji leid\u017eiasi \u012f ne\u017einomyb\u0119. Vienintelis i\u0161sigelb\u0117jimas \u2013 draugei priklausantis Rovano salos namas netoli Haroubio kaimelio. Atrodo, tai tinkamiausia vieta pasisl\u0117pti. Namas atokus, o apylink\u0117se jos niekas nepa\u017e\u012fsta. Priimti sprendim\u0105 b\u0117gti buvo sunku, ta\u010diau dar sunkiau gird\u0117ti s\u016bnelio reikalavimus gr\u012f\u017eti namo, kaip ir k\u0119sti jo nepaklusnum\u0105. Negana to, ir namas prie e\u017eero pasirodo toli gra\u017eu ne pati geriausia vieta apsistoti, ypa\u010d su vaiku: senas, be elektros ir vandentiekio pastatas, kuriame tvyrantis dvokas rie\u010dia nos\u012f, o sodas, u\u017egriozdintas vieliniais narvais, atrodo at\u0161iaurus ir baugus. Liza suabejoja, ar draug\u0117 nebus i\u0161 jos pasi\u0161aipiusi. Vis d\u0117lto tik \u010dia j\u0173 niekas neras. Nevilties kankinama Liza laikosi i\u0161 paskutini\u0173j\u0173. Ta\u010diau netik\u0117tas nepa\u017e\u012fstamosios apsilankymas priver\u010dia suabejoti savo ir s\u016bnaus saugumu. Koki\u0105 paslapt\u012f visus \u0161iuos metus sl\u0117p\u0117 Rovano salos namas? Ir k\u0105 Liza pasiruo\u0161usi padaryti, kad apsaugot\u0173 save ir s\u016bn\u0173 nuo praeities \u0161e\u0161\u0117li\u0173?<\/p>\n","protected":false},"featured_media":19734,"comment_status":"open","ping_status":"closed","template":"","meta":{"_acf_changed":false,"site-sidebar-layout":"default","site-content-layout":"","ast-site-content-layout":"default","site-content-style":"default","site-sidebar-style":"default","ast-global-header-display":"","ast-banner-title-visibility":"","ast-main-header-display":"","ast-hfb-above-header-display":"","ast-hfb-below-header-display":"","ast-hfb-mobile-header-display":"","site-post-title":"","ast-breadcrumbs-content":"","ast-featured-img":"","footer-sml-layout":"","ast-disable-related-posts":"","theme-transparent-header-meta":"","adv-header-id-meta":"","stick-header-meta":"","header-above-stick-meta":"","header-main-stick-meta":"","header-below-stick-meta":"","astra-migrate-meta-layouts":"default","ast-page-background-enabled":"default","ast-page-background-meta":{"desktop":{"background-color":"","background-image":"","background-repeat":"repeat","background-position":"center center","background-size":"auto","background-attachment":"scroll","background-type":"","background-media":"","overlay-type":"","overlay-color":"","overlay-opacity":"","overlay-gradient":""},"tablet":{"background-color":"","background-image":"","background-repeat":"repeat","background-position":"center center","background-size":"auto","background-attachment":"scroll","background-type":"","background-media":"","overlay-type":"","overlay-color":"","overlay-opacity":"","overlay-gradient":""},"mobile":{"background-color":"","background-image":"","background-repeat":"repeat","background-position":"center center","background-size":"auto","background-attachment":"scroll","background-type":"","background-media":"","overlay-type":"","overlay-color":"","overlay-opacity":"","overlay-gradient":""}},"ast-content-background-meta":{"desktop":{"background-color":"var(--ast-global-color-4)","background-image":"","background-repeat":"repeat","background-position":"center center","background-size":"auto","background-attachment":"scroll","background-type":"","background-media":"","overlay-type":"","overlay-color":"","overlay-opacity":"","overlay-gradient":""},"tablet":{"background-color":"var(--ast-global-color-4)","background-image":"","background-repeat":"repeat","background-position":"center center","background-size":"auto","background-attachment":"scroll","background-type":"","background-media":"","overlay-type":"","overlay-color":"","overlay-opacity":"","overlay-gradient":""},"mobile":{"background-color":"var(--ast-global-color-4)","background-image":"","background-repeat":"repeat","background-position":"center center","background-size":"auto","background-attachment":"scroll","background-type":"","background-media":"","overlay-type":"","overlay-color":"","overlay-opacity":"","overlay-gradient":""}}},"product_brand":[],"product_cat":[15],"product_tag":[1818,6584,2679,1478,2155,6585],"class_list":{"0":"post-19729","1":"product","2":"type-product","3":"status-publish","4":"has-post-thumbnail","6":"product_cat-uncategorized","7":"product_tag-motinyste","8":"product_tag-nuala-ellwood","9":"product_tag-pabegimas","10":"product_tag-paslaptys","11":"product_tag-psichologinis-trileris","12":"product_tag-sala","13":"desktop-align-left","14":"tablet-align-left","15":"mobile-align-left","17":"first","18":"instock","19":"shipping-taxable","20":"purchasable","21":"product-type-simple"},"acf":[],"yoast_head":"<!-- This site is optimized with the Yoast SEO plugin v27.0 - https:\/\/yoast.com\/product\/yoast-seo-wordpress\/ -->\n<title>Namas prie e\u017eero<\/title>\n<meta name=\"description\" content=\"Liza dar niekada nebuvo taip i\u0161sigandusi. Su ma\u017eame\u010diu s\u016bnumi ant rank\u0173 ji leid\u017eiasi \u012f ne\u017einomyb\u0119. Vienintelis i\u0161sigelb\u0117jimas \u2013 draugei priklausantis\" \/>\n<meta name=\"robots\" content=\"index, follow, max-snippet:-1, max-image-preview:large, max-video-preview:-1\" \/>\n<link rel=\"canonical\" href=\"https:\/\/skaitytaknyga.lt\/en\/produktas\/namas-prie-ezero\/\" \/>\n<meta property=\"og:locale\" content=\"en_GB\" \/>\n<meta property=\"og:locale:alternate\" content=\"lt_LT\" \/>\n<meta property=\"og:type\" content=\"article\" \/>\n<meta property=\"og:title\" content=\"Namas prie e\u017eero\" \/>\n<meta property=\"og:description\" content=\"Liza dar niekada nebuvo taip i\u0161sigandusi. Su ma\u017eame\u010diu s\u016bnumi ant rank\u0173 ji leid\u017eiasi \u012f ne\u017einomyb\u0119. Vienintelis i\u0161sigelb\u0117jimas \u2013 draugei priklausantis\" \/>\n<meta property=\"og:url\" content=\"https:\/\/skaitytaknyga.lt\/en\/produktas\/namas-prie-ezero\/\" \/>\n<meta property=\"og:site_name\" content=\"Skaitytaknyga\" \/>\n<meta property=\"article:publisher\" content=\"https:\/\/www.facebook.com\/skaitytaknyga\/\" \/>\n<meta property=\"article:modified_time\" content=\"2025-07-24T08:07:15+00:00\" \/>\n<meta property=\"og:image\" content=\"https:\/\/skaitytaknyga.lt\/wp-content\/uploads\/2025\/07\/Namas-prie-ezero-1.webp\" \/>\n\t<meta property=\"og:image:width\" content=\"450\" \/>\n\t<meta property=\"og:image:height\" content=\"652\" \/>\n\t<meta property=\"og:image:type\" content=\"image\/webp\" \/>\n<meta name=\"twitter:card\" content=\"summary_large_image\" \/>\n<meta name=\"twitter:label1\" content=\"Estimated reading time\" \/>\n\t<meta name=\"twitter:data1\" content=\"1 minute\" \/>\n<script type=\"application\/ld+json\" class=\"yoast-schema-graph\">{\"@context\":\"https:\/\/schema.org\",\"@graph\":[{\"@type\":\"WebPage\",\"@id\":\"https:\/\/skaitytaknyga.lt\/produktas\/namas-prie-ezero\/\",\"url\":\"https:\/\/skaitytaknyga.lt\/produktas\/namas-prie-ezero\/\",\"name\":\"Namas prie e\u017eero\",\"isPartOf\":{\"@id\":\"https:\/\/skaitytaknyga.lt\/#website\"},\"primaryImageOfPage\":{\"@id\":\"https:\/\/skaitytaknyga.lt\/produktas\/namas-prie-ezero\/#primaryimage\"},\"image\":{\"@id\":\"https:\/\/skaitytaknyga.lt\/produktas\/namas-prie-ezero\/#primaryimage\"},\"thumbnailUrl\":\"https:\/\/skaitytaknyga.lt\/wp-content\/uploads\/2025\/07\/Namas-prie-ezero-1.webp\",\"datePublished\":\"2025-07-22T11:13:38+00:00\",\"dateModified\":\"2025-07-24T08:07:15+00:00\",\"description\":\"Liza dar niekada nebuvo taip i\u0161sigandusi. Su ma\u017eame\u010diu s\u016bnumi ant rank\u0173 ji leid\u017eiasi \u012f ne\u017einomyb\u0119. Vienintelis i\u0161sigelb\u0117jimas \u2013 draugei priklausantis\",\"breadcrumb\":{\"@id\":\"https:\/\/skaitytaknyga.lt\/produktas\/namas-prie-ezero\/#breadcrumb\"},\"inLanguage\":\"en-GB\",\"potentialAction\":[{\"@type\":\"ReadAction\",\"target\":[\"https:\/\/skaitytaknyga.lt\/produktas\/namas-prie-ezero\/\"]}]},{\"@type\":\"ImageObject\",\"inLanguage\":\"en-GB\",\"@id\":\"https:\/\/skaitytaknyga.lt\/produktas\/namas-prie-ezero\/#primaryimage\",\"url\":\"https:\/\/skaitytaknyga.lt\/wp-content\/uploads\/2025\/07\/Namas-prie-ezero-1.webp\",\"contentUrl\":\"https:\/\/skaitytaknyga.lt\/wp-content\/uploads\/2025\/07\/Namas-prie-ezero-1.webp\",\"width\":450,\"height\":652},{\"@type\":\"BreadcrumbList\",\"@id\":\"https:\/\/skaitytaknyga.lt\/produktas\/namas-prie-ezero\/#breadcrumb\",\"itemListElement\":[{\"@type\":\"ListItem\",\"position\":1,\"name\":\"Home\",\"item\":\"https:\/\/skaitytaknyga.lt\/\"},{\"@type\":\"ListItem\",\"position\":2,\"name\":\"Parduotuv\u0117\",\"item\":\"https:\/\/skaitytaknyga.lt\/knygu-parduotuve\/\"},{\"@type\":\"ListItem\",\"position\":3,\"name\":\"Namas prie e\u017eero\"}]},{\"@type\":\"WebSite\",\"@id\":\"https:\/\/skaitytaknyga.lt\/#website\",\"url\":\"https:\/\/skaitytaknyga.lt\/\",\"name\":\"skaitytaknyga.lt\",\"description\":\"Skaitytaknyga.lt \u2013 tai ma\u017eas \u0161eimos verslas, kuris prasid\u0117jo nuo meil\u0117s knygoms ir siekio i\u0161gelb\u0117ti knygas nuo likimo prie konteinerio. Kas vienam nereikalingas daiktas \u2013 kitam lobis, o mes esame tarpininkai, kurie padeda abiems tapti laimingesniems ???? \u017dinome kaip nelengva i\u0161gyventi ma\u017eiems verslams, tad nuo \u0161iol, \u010dia rasite ir kit\u0173, ma\u017e\u0173 \u0161eim\u0173 versl\u0173, rank\u0173 darbo, dovan\u0173 sau ir artimiesiems.\",\"publisher\":{\"@id\":\"https:\/\/skaitytaknyga.lt\/#organization\"},\"potentialAction\":[{\"@type\":\"SearchAction\",\"target\":{\"@type\":\"EntryPoint\",\"urlTemplate\":\"https:\/\/skaitytaknyga.lt\/?s={search_term_string}\"},\"query-input\":{\"@type\":\"PropertyValueSpecification\",\"valueRequired\":true,\"valueName\":\"search_term_string\"}}],\"inLanguage\":\"en-GB\"},{\"@type\":\"Organization\",\"@id\":\"https:\/\/skaitytaknyga.lt\/#organization\",\"name\":\"skaitytaknyga.lt\",\"url\":\"https:\/\/skaitytaknyga.lt\/\",\"logo\":{\"@type\":\"ImageObject\",\"inLanguage\":\"en-GB\",\"@id\":\"https:\/\/skaitytaknyga.lt\/#\/schema\/logo\/image\/\",\"url\":\"https:\/\/skaitytaknyga.lt\/wp-content\/uploads\/2024\/05\/cropped-cropped-cropped-02_00843_jt3bggkj1j3HLc7SyY6rEUpg.jpeg\",\"contentUrl\":\"https:\/\/skaitytaknyga.lt\/wp-content\/uploads\/2024\/05\/cropped-cropped-cropped-02_00843_jt3bggkj1j3HLc7SyY6rEUpg.jpeg\",\"width\":1600,\"height\":1600,\"caption\":\"skaitytaknyga.lt\"},\"image\":{\"@id\":\"https:\/\/skaitytaknyga.lt\/#\/schema\/logo\/image\/\"},\"sameAs\":[\"https:\/\/www.facebook.com\/skaitytaknyga\/\"]}]}<\/script>\n<!-- \/ Yoast SEO plugin. -->","yoast_head_json":{"title":"Namas prie e\u017eero","description":"Liza dar niekada nebuvo taip i\u0161sigandusi. Su ma\u017eame\u010diu s\u016bnumi ant rank\u0173 ji leid\u017eiasi \u012f ne\u017einomyb\u0119. Vienintelis i\u0161sigelb\u0117jimas \u2013 draugei priklausantis","robots":{"index":"index","follow":"follow","max-snippet":"max-snippet:-1","max-image-preview":"max-image-preview:large","max-video-preview":"max-video-preview:-1"},"canonical":"https:\/\/skaitytaknyga.lt\/en\/produktas\/namas-prie-ezero\/","og_locale":"en_GB","og_type":"article","og_title":"[:lt]Namas prie e\u017eero[:] - Skaitytaknyga","og_description":"Liza dar niekada nebuvo taip i\u0161sigandusi. Su ma\u017eame\u010diu s\u016bnumi ant rank\u0173 ji leid\u017eiasi \u012f ne\u017einomyb\u0119. Vienintelis i\u0161sigelb\u0117jimas \u2013 draugei priklausantis","og_url":"https:\/\/skaitytaknyga.lt\/en\/produktas\/namas-prie-ezero\/","og_site_name":"Skaitytaknyga","article_publisher":"https:\/\/www.facebook.com\/skaitytaknyga\/","article_modified_time":"2025-07-24T08:07:15+00:00","og_image":[{"width":450,"height":652,"url":"https:\/\/skaitytaknyga.lt\/wp-content\/uploads\/2025\/07\/Namas-prie-ezero-1.webp","type":"image\/webp"}],"twitter_card":"summary_large_image","twitter_misc":{"Estimated reading time":"1 minute"},"schema":{"@context":"https:\/\/schema.org","@graph":[{"@type":"WebPage","@id":"https:\/\/skaitytaknyga.lt\/produktas\/namas-prie-ezero\/","url":"https:\/\/skaitytaknyga.lt\/produktas\/namas-prie-ezero\/","name":"Namas prie e\u017eero","isPartOf":{"@id":"https:\/\/skaitytaknyga.lt\/#website"},"primaryImageOfPage":{"@id":"https:\/\/skaitytaknyga.lt\/produktas\/namas-prie-ezero\/#primaryimage"},"image":{"@id":"https:\/\/skaitytaknyga.lt\/produktas\/namas-prie-ezero\/#primaryimage"},"thumbnailUrl":"https:\/\/skaitytaknyga.lt\/wp-content\/uploads\/2025\/07\/Namas-prie-ezero-1.webp","datePublished":"2025-07-22T11:13:38+00:00","dateModified":"2025-07-24T08:07:15+00:00","description":"Liza dar niekada nebuvo taip i\u0161sigandusi. Su ma\u017eame\u010diu s\u016bnumi ant rank\u0173 ji leid\u017eiasi \u012f ne\u017einomyb\u0119. Vienintelis i\u0161sigelb\u0117jimas \u2013 draugei priklausantis","breadcrumb":{"@id":"https:\/\/skaitytaknyga.lt\/produktas\/namas-prie-ezero\/#breadcrumb"},"inLanguage":"en-GB","potentialAction":[{"@type":"ReadAction","target":["https:\/\/skaitytaknyga.lt\/produktas\/namas-prie-ezero\/"]}]},{"@type":"ImageObject","inLanguage":"en-GB","@id":"https:\/\/skaitytaknyga.lt\/produktas\/namas-prie-ezero\/#primaryimage","url":"https:\/\/skaitytaknyga.lt\/wp-content\/uploads\/2025\/07\/Namas-prie-ezero-1.webp","contentUrl":"https:\/\/skaitytaknyga.lt\/wp-content\/uploads\/2025\/07\/Namas-prie-ezero-1.webp","width":450,"height":652},{"@type":"BreadcrumbList","@id":"https:\/\/skaitytaknyga.lt\/produktas\/namas-prie-ezero\/#breadcrumb","itemListElement":[{"@type":"ListItem","position":1,"name":"Home","item":"https:\/\/skaitytaknyga.lt\/"},{"@type":"ListItem","position":2,"name":"Parduotuv\u0117","item":"https:\/\/skaitytaknyga.lt\/knygu-parduotuve\/"},{"@type":"ListItem","position":3,"name":"Namas prie e\u017eero"}]},{"@type":"WebSite","@id":"https:\/\/skaitytaknyga.lt\/#website","url":"https:\/\/skaitytaknyga.lt\/","name":"skaitytaknyga.lt","description":"Skaitytaknyga.lt \u2013 tai ma\u017eas \u0161eimos verslas, kuris prasid\u0117jo nuo meil\u0117s knygoms ir siekio i\u0161gelb\u0117ti knygas nuo likimo prie konteinerio. Kas vienam nereikalingas daiktas \u2013 kitam lobis, o mes esame tarpininkai, kurie padeda abiems tapti laimingesniems ???? \u017dinome kaip nelengva i\u0161gyventi ma\u017eiems verslams, tad nuo \u0161iol, \u010dia rasite ir kit\u0173, ma\u017e\u0173 \u0161eim\u0173 versl\u0173, rank\u0173 darbo, dovan\u0173 sau ir artimiesiems.","publisher":{"@id":"https:\/\/skaitytaknyga.lt\/#organization"},"potentialAction":[{"@type":"SearchAction","target":{"@type":"EntryPoint","urlTemplate":"https:\/\/skaitytaknyga.lt\/?s={search_term_string}"},"query-input":{"@type":"PropertyValueSpecification","valueRequired":true,"valueName":"search_term_string"}}],"inLanguage":"en-GB"},{"@type":"Organization","@id":"https:\/\/skaitytaknyga.lt\/#organization","name":"skaitytaknyga.lt","url":"https:\/\/skaitytaknyga.lt\/","logo":{"@type":"ImageObject","inLanguage":"en-GB","@id":"https:\/\/skaitytaknyga.lt\/#\/schema\/logo\/image\/","url":"https:\/\/skaitytaknyga.lt\/wp-content\/uploads\/2024\/05\/cropped-cropped-cropped-02_00843_jt3bggkj1j3HLc7SyY6rEUpg.jpeg","contentUrl":"https:\/\/skaitytaknyga.lt\/wp-content\/uploads\/2024\/05\/cropped-cropped-cropped-02_00843_jt3bggkj1j3HLc7SyY6rEUpg.jpeg","width":1600,"height":1600,"caption":"skaitytaknyga.lt"},"image":{"@id":"https:\/\/skaitytaknyga.lt\/#\/schema\/logo\/image\/"},"sameAs":["https:\/\/www.facebook.com\/skaitytaknyga\/"]}]}},"_links":{"self":[{"href":"https:\/\/skaitytaknyga.lt\/en\/wp-json\/wp\/v2\/product\/19729","targetHints":{"allow":["GET"]}}],"collection":[{"href":"https:\/\/skaitytaknyga.lt\/en\/wp-json\/wp\/v2\/product"}],"about":[{"href":"https:\/\/skaitytaknyga.lt\/en\/wp-json\/wp\/v2\/types\/product"}],"replies":[{"embeddable":true,"href":"https:\/\/skaitytaknyga.lt\/en\/wp-json\/wp\/v2\/comments?post=19729"}],"wp:featuredmedia":[{"embeddable":true,"href":"https:\/\/skaitytaknyga.lt\/en\/wp-json\/wp\/v2\/media\/19734"}],"wp:attachment":[{"href":"https:\/\/skaitytaknyga.lt\/en\/wp-json\/wp\/v2\/media?parent=19729"}],"wp:term":[{"taxonomy":"product_brand","embeddable":true,"href":"https:\/\/skaitytaknyga.lt\/en\/wp-json\/wp\/v2\/product_brand?post=19729"},{"taxonomy":"product_cat","embeddable":true,"href":"https:\/\/skaitytaknyga.lt\/en\/wp-json\/wp\/v2\/product_cat?post=19729"},{"taxonomy":"product_tag","embeddable":true,"href":"https:\/\/skaitytaknyga.lt\/en\/wp-json\/wp\/v2\/product_tag?post=19729"}],"curies":[{"name":"wp","href":"https:\/\/api.w.org\/{rel}","templated":true}]}}