{"id":19728,"date":"2025-07-22T14:13:38","date_gmt":"2025-07-22T11:13:38","guid":{"rendered":"https:\/\/skaitytaknyga.lt\/?post_type=product&#038;p=19728"},"modified":"2025-07-24T11:07:15","modified_gmt":"2025-07-24T08:07:15","slug":"neortodoksiska","status":"publish","type":"product","link":"https:\/\/skaitytaknyga.lt\/en\/produktas\/neortodoksiska\/","title":{"rendered":"Neortodoksi\u0161ka"},"content":{"rendered":"<p>Man taip pakyr\u0117jo drov\u0117tis tikrosios sav\u0119s. Pavargau tiek met\u0173 d\u0117tis \u0161ventuole ir priekai\u0161tauti sau d\u0117l tik\u0117jimo stokos. Trok\u0161tu laisv\u0117s \u2013 ne vien fizin\u0117s, visokios. Trok\u0161tu pripa\u017einti, kas i\u0161 ties\u0173 esu, parodyti pasauliui tikr\u0105j\u012f veid\u0105.<\/p>\n<p>Satmaro chasid\u0173 moteris net kar\u0161\u010diausi\u0105 dien\u0105 m\u016bvi storas kojines, o plaukus slepia po peruku. Ji negali skaityti roman\u0173 ir pasilikti kambaryje viena su svetimu vyru. Svarbiausia chasid\u0173 moters pareiga \u2013 kiekvien\u0105 penktadien\u012f atsiduoti sutuoktiniui ir gausinti bendruomen\u0117s gretas. I\u0161silavinimas, profesija ir karjera chasid\u0173 moteriai draud\u017eiama. Net XXI am\u017eiaus Niujorke.<\/p>\n<p>Deborah Feldman gim\u0117 u\u017edaroje Satmaro chasid\u0173 bendruomen\u0117je Brukline. I\u0161 prigimties smalsiai mergaitei sunkiai sek\u0117si suprasti ir paklusti grie\u017etoms taisykl\u0117ms, reguliuojan\u010dioms net k\u0105 galvoti ir su kuo kalb\u0117tis. Septyniolikos i\u0161tekinta u\u017e vos pusvaland\u012f pa\u017e\u012fstamo vyro, metus ne\u012fsteng\u0117 tur\u0117ti lytini\u0173 santyki\u0173 ir jaut\u0117 baisi\u0105 g\u0117d\u0105. Tuo pat metu tro\u0161ko skaityti, mokytis ir pa\u017einti tikr\u0105j\u012f gyvenim\u0105 u\u017e izoliuoto rajono rib\u0173. Devyniolikos pagimd\u017eiusi s\u016bn\u0173, jauna mama suprato, kad ant kortos pastatyta ne vien jos pa\u010dios ateitis.<\/p>\n","protected":false},"excerpt":{"rendered":"<p>Man taip pakyr\u0117jo drov\u0117tis tikrosios sav\u0119s. Pavargau tiek met\u0173 d\u0117tis \u0161ventuole ir priekai\u0161tauti sau d\u0117l tik\u0117jimo stokos. Trok\u0161tu laisv\u0117s \u2013 ne vien fizin\u0117s, visokios. Trok\u0161tu pripa\u017einti, kas i\u0161 ties\u0173 esu, parodyti pasauliui tikr\u0105j\u012f veid\u0105. Satmaro chasid\u0173 moteris net kar\u0161\u010diausi\u0105 dien\u0105 m\u016bvi storas kojines, o plaukus slepia po peruku. Ji negali skaityti roman\u0173 ir pasilikti kambaryje viena su svetimu vyru. Svarbiausia chasid\u0173 moters pareiga \u2013 kiekvien\u0105 penktadien\u012f atsiduoti sutuoktiniui ir gausinti bendruomen\u0117s gretas. I\u0161silavinimas, profesija ir karjera chasid\u0173 moteriai draud\u017eiama. Net XXI am\u017eiaus Niujorke. Deborah Feldman gim\u0117 u\u017edaroje Satmaro chasid\u0173 bendruomen\u0117je Brukline. I\u0161 prigimties smalsiai mergaitei sunkiai sek\u0117si suprasti ir paklusti grie\u017etoms taisykl\u0117ms, reguliuojan\u010dioms net k\u0105 galvoti ir su kuo kalb\u0117tis. Septyniolikos i\u0161tekinta u\u017e vos pusvaland\u012f pa\u017e\u012fstamo vyro, metus ne\u012fsteng\u0117 tur\u0117ti lytini\u0173 santyki\u0173 ir jaut\u0117 baisi\u0105 g\u0117d\u0105. Tuo pat metu tro\u0161ko skaityti, mokytis ir pa\u017einti tikr\u0105j\u012f gyvenim\u0105 u\u017e izoliuoto rajono rib\u0173. Devyniolikos pagimd\u017eiusi s\u016bn\u0173, jauna mama suprato, kad ant kortos pastatyta ne vien jos pa\u010dios ateitis.<\/p>\n","protected":false},"featured_media":19733,"comment_status":"open","ping_status":"closed","template":"","meta":{"_acf_changed":false,"site-sidebar-layout":"default","site-content-layout":"","ast-site-content-layout":"default","site-content-style":"default","site-sidebar-style":"default","ast-global-header-display":"","ast-banner-title-visibility":"","ast-main-header-display":"","ast-hfb-above-header-display":"","ast-hfb-below-header-display":"","ast-hfb-mobile-header-display":"","site-post-title":"","ast-breadcrumbs-content":"","ast-featured-img":"","footer-sml-layout":"","ast-disable-related-posts":"","theme-transparent-header-meta":"","adv-header-id-meta":"","stick-header-meta":"","header-above-stick-meta":"","header-main-stick-meta":"","header-below-stick-meta":"","astra-migrate-meta-layouts":"default","ast-page-background-enabled":"default","ast-page-background-meta":{"desktop":{"background-color":"","background-image":"","background-repeat":"repeat","background-position":"center center","background-size":"auto","background-attachment":"scroll","background-type":"","background-media":"","overlay-type":"","overlay-color":"","overlay-opacity":"","overlay-gradient":""},"tablet":{"background-color":"","background-image":"","background-repeat":"repeat","background-position":"center center","background-size":"auto","background-attachment":"scroll","background-type":"","background-media":"","overlay-type":"","overlay-color":"","overlay-opacity":"","overlay-gradient":""},"mobile":{"background-color":"","background-image":"","background-repeat":"repeat","background-position":"center center","background-size":"auto","background-attachment":"scroll","background-type":"","background-media":"","overlay-type":"","overlay-color":"","overlay-opacity":"","overlay-gradient":""}},"ast-content-background-meta":{"desktop":{"background-color":"var(--ast-global-color-4)","background-image":"","background-repeat":"repeat","background-position":"center center","background-size":"auto","background-attachment":"scroll","background-type":"","background-media":"","overlay-type":"","overlay-color":"","overlay-opacity":"","overlay-gradient":""},"tablet":{"background-color":"var(--ast-global-color-4)","background-image":"","background-repeat":"repeat","background-position":"center center","background-size":"auto","background-attachment":"scroll","background-type":"","background-media":"","overlay-type":"","overlay-color":"","overlay-opacity":"","overlay-gradient":""},"mobile":{"background-color":"var(--ast-global-color-4)","background-image":"","background-repeat":"repeat","background-position":"center center","background-size":"auto","background-attachment":"scroll","background-type":"","background-media":"","overlay-type":"","overlay-color":"","overlay-opacity":"","overlay-gradient":""}}},"product_brand":[],"product_cat":[31],"product_tag":[2692,6581,4574,6582,1705,6583],"class_list":{"0":"post-19728","1":"product","2":"type-product","3":"status-publish","4":"has-post-thumbnail","6":"product_cat-grozine-literatura","7":"product_tag-autobiografija","8":"product_tag-deborah-feldman","9":"product_tag-judaizmas","10":"product_tag-moters-laisve","11":"product_tag-niujorkas","12":"product_tag-ortodoksija","13":"desktop-align-left","14":"tablet-align-left","15":"mobile-align-left","17":"first","18":"instock","19":"shipping-taxable","20":"purchasable","21":"product-type-simple"},"acf":[],"yoast_head":"<!-- This site is optimized with the Yoast SEO plugin v27.0 - https:\/\/yoast.com\/product\/yoast-seo-wordpress\/ -->\n<title>Neortodoksi\u0161ka<\/title>\n<meta name=\"description\" content=\"Man taip pakyr\u0117jo drov\u0117tis tikrosios sav\u0119s. Pavargau tiek met\u0173 d\u0117tis \u0161ventuole ir priekai\u0161tauti sau d\u0117l tik\u0117jimo stokos. Trok\u0161tu laisv\u0117s \u2013 ne vien\" \/>\n<meta name=\"robots\" content=\"index, follow, max-snippet:-1, max-image-preview:large, max-video-preview:-1\" \/>\n<link rel=\"canonical\" href=\"https:\/\/skaitytaknyga.lt\/en\/produktas\/neortodoksiska\/\" \/>\n<meta property=\"og:locale\" content=\"en_GB\" \/>\n<meta property=\"og:locale:alternate\" content=\"lt_LT\" \/>\n<meta property=\"og:type\" content=\"article\" \/>\n<meta property=\"og:title\" content=\"Neortodoksi\u0161ka\" \/>\n<meta property=\"og:description\" content=\"Man taip pakyr\u0117jo drov\u0117tis tikrosios sav\u0119s. Pavargau tiek met\u0173 d\u0117tis \u0161ventuole ir priekai\u0161tauti sau d\u0117l tik\u0117jimo stokos. Trok\u0161tu laisv\u0117s \u2013 ne vien\" \/>\n<meta property=\"og:url\" content=\"https:\/\/skaitytaknyga.lt\/en\/produktas\/neortodoksiska\/\" \/>\n<meta property=\"og:site_name\" content=\"Skaitytaknyga\" \/>\n<meta property=\"article:publisher\" content=\"https:\/\/www.facebook.com\/skaitytaknyga\/\" \/>\n<meta property=\"article:modified_time\" content=\"2025-07-24T08:07:15+00:00\" \/>\n<meta property=\"og:image\" content=\"https:\/\/skaitytaknyga.lt\/wp-content\/uploads\/2025\/07\/Neortodoksiska-1.webp\" \/>\n\t<meta property=\"og:image:width\" content=\"538\" \/>\n\t<meta property=\"og:image:height\" content=\"801\" \/>\n\t<meta property=\"og:image:type\" content=\"image\/webp\" \/>\n<meta name=\"twitter:card\" content=\"summary_large_image\" \/>\n<meta name=\"twitter:label1\" content=\"Estimated reading time\" \/>\n\t<meta name=\"twitter:data1\" content=\"1 minute\" \/>\n<script type=\"application\/ld+json\" class=\"yoast-schema-graph\">{\"@context\":\"https:\/\/schema.org\",\"@graph\":[{\"@type\":\"WebPage\",\"@id\":\"https:\/\/skaitytaknyga.lt\/produktas\/neortodoksiska\/\",\"url\":\"https:\/\/skaitytaknyga.lt\/produktas\/neortodoksiska\/\",\"name\":\"Neortodoksi\u0161ka\",\"isPartOf\":{\"@id\":\"https:\/\/skaitytaknyga.lt\/#website\"},\"primaryImageOfPage\":{\"@id\":\"https:\/\/skaitytaknyga.lt\/produktas\/neortodoksiska\/#primaryimage\"},\"image\":{\"@id\":\"https:\/\/skaitytaknyga.lt\/produktas\/neortodoksiska\/#primaryimage\"},\"thumbnailUrl\":\"https:\/\/skaitytaknyga.lt\/wp-content\/uploads\/2025\/07\/Neortodoksiska-1.webp\",\"datePublished\":\"2025-07-22T11:13:38+00:00\",\"dateModified\":\"2025-07-24T08:07:15+00:00\",\"description\":\"Man taip pakyr\u0117jo drov\u0117tis tikrosios sav\u0119s. Pavargau tiek met\u0173 d\u0117tis \u0161ventuole ir priekai\u0161tauti sau d\u0117l tik\u0117jimo stokos. Trok\u0161tu laisv\u0117s \u2013 ne vien\",\"breadcrumb\":{\"@id\":\"https:\/\/skaitytaknyga.lt\/produktas\/neortodoksiska\/#breadcrumb\"},\"inLanguage\":\"en-GB\",\"potentialAction\":[{\"@type\":\"ReadAction\",\"target\":[\"https:\/\/skaitytaknyga.lt\/produktas\/neortodoksiska\/\"]}]},{\"@type\":\"ImageObject\",\"inLanguage\":\"en-GB\",\"@id\":\"https:\/\/skaitytaknyga.lt\/produktas\/neortodoksiska\/#primaryimage\",\"url\":\"https:\/\/skaitytaknyga.lt\/wp-content\/uploads\/2025\/07\/Neortodoksiska-1.webp\",\"contentUrl\":\"https:\/\/skaitytaknyga.lt\/wp-content\/uploads\/2025\/07\/Neortodoksiska-1.webp\",\"width\":538,\"height\":801,\"caption\":\"Neortodoksi\u0161ka\"},{\"@type\":\"BreadcrumbList\",\"@id\":\"https:\/\/skaitytaknyga.lt\/produktas\/neortodoksiska\/#breadcrumb\",\"itemListElement\":[{\"@type\":\"ListItem\",\"position\":1,\"name\":\"Home\",\"item\":\"https:\/\/skaitytaknyga.lt\/\"},{\"@type\":\"ListItem\",\"position\":2,\"name\":\"Parduotuv\u0117\",\"item\":\"https:\/\/skaitytaknyga.lt\/knygu-parduotuve\/\"},{\"@type\":\"ListItem\",\"position\":3,\"name\":\"Neortodoksi\u0161ka\"}]},{\"@type\":\"WebSite\",\"@id\":\"https:\/\/skaitytaknyga.lt\/#website\",\"url\":\"https:\/\/skaitytaknyga.lt\/\",\"name\":\"skaitytaknyga.lt\",\"description\":\"Skaitytaknyga.lt \u2013 tai ma\u017eas \u0161eimos verslas, kuris prasid\u0117jo nuo meil\u0117s knygoms ir siekio i\u0161gelb\u0117ti knygas nuo likimo prie konteinerio. Kas vienam nereikalingas daiktas \u2013 kitam lobis, o mes esame tarpininkai, kurie padeda abiems tapti laimingesniems ???? \u017dinome kaip nelengva i\u0161gyventi ma\u017eiems verslams, tad nuo \u0161iol, \u010dia rasite ir kit\u0173, ma\u017e\u0173 \u0161eim\u0173 versl\u0173, rank\u0173 darbo, dovan\u0173 sau ir artimiesiems.\",\"publisher\":{\"@id\":\"https:\/\/skaitytaknyga.lt\/#organization\"},\"potentialAction\":[{\"@type\":\"SearchAction\",\"target\":{\"@type\":\"EntryPoint\",\"urlTemplate\":\"https:\/\/skaitytaknyga.lt\/?s={search_term_string}\"},\"query-input\":{\"@type\":\"PropertyValueSpecification\",\"valueRequired\":true,\"valueName\":\"search_term_string\"}}],\"inLanguage\":\"en-GB\"},{\"@type\":\"Organization\",\"@id\":\"https:\/\/skaitytaknyga.lt\/#organization\",\"name\":\"skaitytaknyga.lt\",\"url\":\"https:\/\/skaitytaknyga.lt\/\",\"logo\":{\"@type\":\"ImageObject\",\"inLanguage\":\"en-GB\",\"@id\":\"https:\/\/skaitytaknyga.lt\/#\/schema\/logo\/image\/\",\"url\":\"https:\/\/skaitytaknyga.lt\/wp-content\/uploads\/2024\/05\/cropped-cropped-cropped-02_00843_jt3bggkj1j3HLc7SyY6rEUpg.jpeg\",\"contentUrl\":\"https:\/\/skaitytaknyga.lt\/wp-content\/uploads\/2024\/05\/cropped-cropped-cropped-02_00843_jt3bggkj1j3HLc7SyY6rEUpg.jpeg\",\"width\":1600,\"height\":1600,\"caption\":\"skaitytaknyga.lt\"},\"image\":{\"@id\":\"https:\/\/skaitytaknyga.lt\/#\/schema\/logo\/image\/\"},\"sameAs\":[\"https:\/\/www.facebook.com\/skaitytaknyga\/\"]}]}<\/script>\n<!-- \/ Yoast SEO plugin. -->","yoast_head_json":{"title":"Neortodoksi\u0161ka","description":"Man taip pakyr\u0117jo drov\u0117tis tikrosios sav\u0119s. Pavargau tiek met\u0173 d\u0117tis \u0161ventuole ir priekai\u0161tauti sau d\u0117l tik\u0117jimo stokos. Trok\u0161tu laisv\u0117s \u2013 ne vien","robots":{"index":"index","follow":"follow","max-snippet":"max-snippet:-1","max-image-preview":"max-image-preview:large","max-video-preview":"max-video-preview:-1"},"canonical":"https:\/\/skaitytaknyga.lt\/en\/produktas\/neortodoksiska\/","og_locale":"en_GB","og_type":"article","og_title":"[:lt]Neortodoksi\u0161ka[:] - Skaitytaknyga","og_description":"Man taip pakyr\u0117jo drov\u0117tis tikrosios sav\u0119s. Pavargau tiek met\u0173 d\u0117tis \u0161ventuole ir priekai\u0161tauti sau d\u0117l tik\u0117jimo stokos. Trok\u0161tu laisv\u0117s \u2013 ne vien","og_url":"https:\/\/skaitytaknyga.lt\/en\/produktas\/neortodoksiska\/","og_site_name":"Skaitytaknyga","article_publisher":"https:\/\/www.facebook.com\/skaitytaknyga\/","article_modified_time":"2025-07-24T08:07:15+00:00","og_image":[{"width":538,"height":801,"url":"https:\/\/skaitytaknyga.lt\/wp-content\/uploads\/2025\/07\/Neortodoksiska-1.webp","type":"image\/webp"}],"twitter_card":"summary_large_image","twitter_misc":{"Estimated reading time":"1 minute"},"schema":{"@context":"https:\/\/schema.org","@graph":[{"@type":"WebPage","@id":"https:\/\/skaitytaknyga.lt\/produktas\/neortodoksiska\/","url":"https:\/\/skaitytaknyga.lt\/produktas\/neortodoksiska\/","name":"Neortodoksi\u0161ka","isPartOf":{"@id":"https:\/\/skaitytaknyga.lt\/#website"},"primaryImageOfPage":{"@id":"https:\/\/skaitytaknyga.lt\/produktas\/neortodoksiska\/#primaryimage"},"image":{"@id":"https:\/\/skaitytaknyga.lt\/produktas\/neortodoksiska\/#primaryimage"},"thumbnailUrl":"https:\/\/skaitytaknyga.lt\/wp-content\/uploads\/2025\/07\/Neortodoksiska-1.webp","datePublished":"2025-07-22T11:13:38+00:00","dateModified":"2025-07-24T08:07:15+00:00","description":"Man taip pakyr\u0117jo drov\u0117tis tikrosios sav\u0119s. Pavargau tiek met\u0173 d\u0117tis \u0161ventuole ir priekai\u0161tauti sau d\u0117l tik\u0117jimo stokos. Trok\u0161tu laisv\u0117s \u2013 ne vien","breadcrumb":{"@id":"https:\/\/skaitytaknyga.lt\/produktas\/neortodoksiska\/#breadcrumb"},"inLanguage":"en-GB","potentialAction":[{"@type":"ReadAction","target":["https:\/\/skaitytaknyga.lt\/produktas\/neortodoksiska\/"]}]},{"@type":"ImageObject","inLanguage":"en-GB","@id":"https:\/\/skaitytaknyga.lt\/produktas\/neortodoksiska\/#primaryimage","url":"https:\/\/skaitytaknyga.lt\/wp-content\/uploads\/2025\/07\/Neortodoksiska-1.webp","contentUrl":"https:\/\/skaitytaknyga.lt\/wp-content\/uploads\/2025\/07\/Neortodoksiska-1.webp","width":538,"height":801,"caption":"Neortodoksi\u0161ka"},{"@type":"BreadcrumbList","@id":"https:\/\/skaitytaknyga.lt\/produktas\/neortodoksiska\/#breadcrumb","itemListElement":[{"@type":"ListItem","position":1,"name":"Home","item":"https:\/\/skaitytaknyga.lt\/"},{"@type":"ListItem","position":2,"name":"Parduotuv\u0117","item":"https:\/\/skaitytaknyga.lt\/knygu-parduotuve\/"},{"@type":"ListItem","position":3,"name":"Neortodoksi\u0161ka"}]},{"@type":"WebSite","@id":"https:\/\/skaitytaknyga.lt\/#website","url":"https:\/\/skaitytaknyga.lt\/","name":"skaitytaknyga.lt","description":"Skaitytaknyga.lt \u2013 tai ma\u017eas \u0161eimos verslas, kuris prasid\u0117jo nuo meil\u0117s knygoms ir siekio i\u0161gelb\u0117ti knygas nuo likimo prie konteinerio. Kas vienam nereikalingas daiktas \u2013 kitam lobis, o mes esame tarpininkai, kurie padeda abiems tapti laimingesniems ???? \u017dinome kaip nelengva i\u0161gyventi ma\u017eiems verslams, tad nuo \u0161iol, \u010dia rasite ir kit\u0173, ma\u017e\u0173 \u0161eim\u0173 versl\u0173, rank\u0173 darbo, dovan\u0173 sau ir artimiesiems.","publisher":{"@id":"https:\/\/skaitytaknyga.lt\/#organization"},"potentialAction":[{"@type":"SearchAction","target":{"@type":"EntryPoint","urlTemplate":"https:\/\/skaitytaknyga.lt\/?s={search_term_string}"},"query-input":{"@type":"PropertyValueSpecification","valueRequired":true,"valueName":"search_term_string"}}],"inLanguage":"en-GB"},{"@type":"Organization","@id":"https:\/\/skaitytaknyga.lt\/#organization","name":"skaitytaknyga.lt","url":"https:\/\/skaitytaknyga.lt\/","logo":{"@type":"ImageObject","inLanguage":"en-GB","@id":"https:\/\/skaitytaknyga.lt\/#\/schema\/logo\/image\/","url":"https:\/\/skaitytaknyga.lt\/wp-content\/uploads\/2024\/05\/cropped-cropped-cropped-02_00843_jt3bggkj1j3HLc7SyY6rEUpg.jpeg","contentUrl":"https:\/\/skaitytaknyga.lt\/wp-content\/uploads\/2024\/05\/cropped-cropped-cropped-02_00843_jt3bggkj1j3HLc7SyY6rEUpg.jpeg","width":1600,"height":1600,"caption":"skaitytaknyga.lt"},"image":{"@id":"https:\/\/skaitytaknyga.lt\/#\/schema\/logo\/image\/"},"sameAs":["https:\/\/www.facebook.com\/skaitytaknyga\/"]}]}},"_links":{"self":[{"href":"https:\/\/skaitytaknyga.lt\/en\/wp-json\/wp\/v2\/product\/19728","targetHints":{"allow":["GET"]}}],"collection":[{"href":"https:\/\/skaitytaknyga.lt\/en\/wp-json\/wp\/v2\/product"}],"about":[{"href":"https:\/\/skaitytaknyga.lt\/en\/wp-json\/wp\/v2\/types\/product"}],"replies":[{"embeddable":true,"href":"https:\/\/skaitytaknyga.lt\/en\/wp-json\/wp\/v2\/comments?post=19728"}],"wp:featuredmedia":[{"embeddable":true,"href":"https:\/\/skaitytaknyga.lt\/en\/wp-json\/wp\/v2\/media\/19733"}],"wp:attachment":[{"href":"https:\/\/skaitytaknyga.lt\/en\/wp-json\/wp\/v2\/media?parent=19728"}],"wp:term":[{"taxonomy":"product_brand","embeddable":true,"href":"https:\/\/skaitytaknyga.lt\/en\/wp-json\/wp\/v2\/product_brand?post=19728"},{"taxonomy":"product_cat","embeddable":true,"href":"https:\/\/skaitytaknyga.lt\/en\/wp-json\/wp\/v2\/product_cat?post=19728"},{"taxonomy":"product_tag","embeddable":true,"href":"https:\/\/skaitytaknyga.lt\/en\/wp-json\/wp\/v2\/product_tag?post=19728"}],"curies":[{"name":"wp","href":"https:\/\/api.w.org\/{rel}","templated":true}]}}