{"id":19727,"date":"2025-07-22T14:13:38","date_gmt":"2025-07-22T11:13:38","guid":{"rendered":"https:\/\/skaitytaknyga.lt\/?post_type=product&#038;p=19727"},"modified":"2026-03-08T16:51:10","modified_gmt":"2026-03-08T14:51:10","slug":"nakties-kelias","status":"publish","type":"product","link":"https:\/\/skaitytaknyga.lt\/en\/produktas\/nakties-kelias\/","title":{"rendered":"Nakties kelias"},"content":{"rendered":"<p>Motinos gyvenime apstu pasirinkim\u0173.<br \/>\n\u012esikibti?<br \/>\nPaleisti&#8230;<br \/>\nPamir\u0161ti?<br \/>\nAtleisti?<br \/>\nO k\u0105 pasirinktum\u0117t j\u016bs?<\/p>\n<p>A\u0161tuoniolika met\u0173 D\u017eudei Farad\u0117j svarbiausi buvo jos vaik\u0173 poreikiai, tad jos dvyniai Mija ir Zakas i\u0161augo linksmais ir laimingais paaugliais. Kai \u012f j\u0173 ma\u017e\u0105 ir glaud\u017ei\u0105 bendruomen\u0119 atsikrausto Leks\u0117 Beil, D\u017eud\u0117 kuo svetingiausiai j\u0105 priima. Ilgai \u012fvairiose glob\u0117j\u0173 \u0161eimose gyvenusios mergait\u0117s praeitis tamsi, ta\u010diau ji netrunka tapti geriausia Mijos drauge. Galiausiai jaunuoli\u0173 trijul\u0117 tampa nei\u0161skiriama.<\/p>\n<p>D\u017eud\u0117 i\u0161 kailio neriasi, kad vaikai \u012fstot\u0173 \u012f tinkam\u0105 koled\u017e\u0105 ir kad j\u0173 kelyje b\u016bt\u0173 kuo ma\u017eiau pavoj\u0173. Tai visuomet sek\u0117si \u2014 iki baigiamosios klas\u0117s vidurin\u0117je. Staiga viskas pasikei\u010dia. Niekas nebeteikia saugumo; kas kart\u0105 vaikams i\u0161einant i\u0161 nam\u0173, moters neapleid\u017eia nerimas.<\/p>\n<p>Vien\u0105 kar\u0161t\u0105 vasaros nakt\u012f did\u017eiausios baim\u0117s i\u0161sipildo. Lemtingas sprendimas pakei\u010dia j\u0173 gyvenim\u0105. Akimirksniu Farad\u0117j\u0173 \u0161eima sud\u016b\u017eta, o Leks\u0117 visk\u0105 praranda. Ateinan\u010diais metais kiekvienam tenka akis \u012f ak\u012f susidurti su tos vienintel\u0117s nakties pasekm\u0117mis ir sugeb\u0117ti pamir\u0161ti arba rasti dr\u0105sos atleisti.<\/p>\n<p>Be galo jautrus romanas \u201eNakties kelias&#8221; kelia svarbius klausimus apie motinyst\u0119, tapatyb\u0119, meil\u0119 ir atleidim\u0105. \u010cia rasime ir gniu\u017edant\u012f netekties skausm\u0105, ir nepalau\u017eiam\u0105 vilties gali\u0105. Kristin Hannah puikiai moka papasakoti nepamir\u0161tam\u0105 istorij\u0105 apie \u0161eimos ilges\u012f, \u017emogaus stipryb\u0119 ir dr\u0105s\u0105 atleisti mylimiems \u017emon\u0117ms.<\/p>\n<p>Kristin Hannah su vyru ir s\u016bnumi gyvena Va\u0161ingtone ir Havajuose. Ra\u0161ytoja gim\u0117 1960 m. Kalifornijoje, bet dar vaikyst\u0117je persik\u0117l\u0117 \u012f Va\u0161ington\u0105. Studijavo teis\u0119, kelerius metus dirbo teisininke, bet galiausiai nusprend\u0117 atsid\u0117ti ra\u0161ymui. K. Hannah yra para\u0161iusi jau per dvi de\u0161imtis roman\u0173 \u2014 istorijas apie moter\u0173 bi\u010diulyst\u0119, motinyst\u0119, nesutarimus \u0161eimoje.<\/p>\n","protected":false},"excerpt":{"rendered":"<p>Motinos gyvenime apstu pasirinkim\u0173. \u012esikibti? Paleisti&#8230; Pamir\u0161ti? Atleisti? O k\u0105 pasirinktum\u0117t j\u016bs? A\u0161tuoniolika met\u0173 D\u017eudei Farad\u0117j svarbiausi buvo jos vaik\u0173 poreikiai, tad jos dvyniai Mija ir Zakas i\u0161augo linksmais ir laimingais paaugliais. Kai \u012f j\u0173 ma\u017e\u0105 ir glaud\u017ei\u0105 bendruomen\u0119 atsikrausto Leks\u0117 Beil, D\u017eud\u0117 kuo svetingiausiai j\u0105 priima. Ilgai \u012fvairiose glob\u0117j\u0173 \u0161eimose gyvenusios mergait\u0117s praeitis tamsi, ta\u010diau ji netrunka tapti geriausia Mijos drauge. Galiausiai jaunuoli\u0173 trijul\u0117 tampa nei\u0161skiriama. D\u017eud\u0117 i\u0161 kailio neriasi, kad vaikai \u012fstot\u0173 \u012f tinkam\u0105 koled\u017e\u0105 ir kad j\u0173 kelyje b\u016bt\u0173 kuo ma\u017eiau pavoj\u0173. Tai visuomet sek\u0117si \u2014 iki baigiamosios klas\u0117s vidurin\u0117je. Staiga viskas pasikei\u010dia. Niekas nebeteikia saugumo; kas kart\u0105 vaikams i\u0161einant i\u0161 nam\u0173, moters neapleid\u017eia nerimas. Vien\u0105 kar\u0161t\u0105 vasaros nakt\u012f did\u017eiausios baim\u0117s i\u0161sipildo. Lemtingas sprendimas pakei\u010dia j\u0173 gyvenim\u0105. Akimirksniu Farad\u0117j\u0173 \u0161eima sud\u016b\u017eta, o Leks\u0117 visk\u0105 praranda. Ateinan\u010diais metais kiekvienam tenka akis \u012f ak\u012f susidurti su tos vienintel\u0117s nakties pasekm\u0117mis ir sugeb\u0117ti pamir\u0161ti arba rasti dr\u0105sos atleisti. Be galo jautrus romanas \u201eNakties kelias&#8221; kelia svarbius klausimus apie motinyst\u0119, tapatyb\u0119, meil\u0119 ir atleidim\u0105. \u010cia rasime ir gniu\u017edant\u012f netekties skausm\u0105, ir nepalau\u017eiam\u0105 vilties gali\u0105. Kristin Hannah puikiai moka papasakoti nepamir\u0161tam\u0105 istorij\u0105 apie \u0161eimos ilges\u012f, \u017emogaus stipryb\u0119 ir dr\u0105s\u0105 atleisti mylimiems \u017emon\u0117ms. Kristin Hannah su vyru ir s\u016bnumi gyvena Va\u0161ingtone ir Havajuose. Ra\u0161ytoja gim\u0117 1960 m. Kalifornijoje, bet dar vaikyst\u0117je persik\u0117l\u0117 \u012f Va\u0161ington\u0105. Studijavo teis\u0119, kelerius metus dirbo teisininke, bet galiausiai nusprend\u0117 atsid\u0117ti ra\u0161ymui. K. Hannah yra para\u0161iusi jau per dvi de\u0161imtis roman\u0173 \u2014 istorijas apie moter\u0173 bi\u010diulyst\u0119, motinyst\u0119, nesutarimus \u0161eimoje.<\/p>\n","protected":false},"featured_media":19732,"comment_status":"open","ping_status":"closed","template":"","meta":{"_acf_changed":false,"site-sidebar-layout":"default","site-content-layout":"","ast-site-content-layout":"default","site-content-style":"default","site-sidebar-style":"default","ast-global-header-display":"","ast-banner-title-visibility":"","ast-main-header-display":"","ast-hfb-above-header-display":"","ast-hfb-below-header-display":"","ast-hfb-mobile-header-display":"","site-post-title":"","ast-breadcrumbs-content":"","ast-featured-img":"","footer-sml-layout":"","ast-disable-related-posts":"","theme-transparent-header-meta":"","adv-header-id-meta":"","stick-header-meta":"","header-above-stick-meta":"","header-main-stick-meta":"","header-below-stick-meta":"","astra-migrate-meta-layouts":"default","ast-page-background-enabled":"default","ast-page-background-meta":{"desktop":{"background-color":"","background-image":"","background-repeat":"repeat","background-position":"center center","background-size":"auto","background-attachment":"scroll","background-type":"","background-media":"","overlay-type":"","overlay-color":"","overlay-opacity":"","overlay-gradient":""},"tablet":{"background-color":"","background-image":"","background-repeat":"repeat","background-position":"center center","background-size":"auto","background-attachment":"scroll","background-type":"","background-media":"","overlay-type":"","overlay-color":"","overlay-opacity":"","overlay-gradient":""},"mobile":{"background-color":"","background-image":"","background-repeat":"repeat","background-position":"center center","background-size":"auto","background-attachment":"scroll","background-type":"","background-media":"","overlay-type":"","overlay-color":"","overlay-opacity":"","overlay-gradient":""}},"ast-content-background-meta":{"desktop":{"background-color":"var(--ast-global-color-4)","background-image":"","background-repeat":"repeat","background-position":"center center","background-size":"auto","background-attachment":"scroll","background-type":"","background-media":"","overlay-type":"","overlay-color":"","overlay-opacity":"","overlay-gradient":""},"tablet":{"background-color":"var(--ast-global-color-4)","background-image":"","background-repeat":"repeat","background-position":"center center","background-size":"auto","background-attachment":"scroll","background-type":"","background-media":"","overlay-type":"","overlay-color":"","overlay-opacity":"","overlay-gradient":""},"mobile":{"background-color":"var(--ast-global-color-4)","background-image":"","background-repeat":"repeat","background-position":"center center","background-size":"auto","background-attachment":"scroll","background-type":"","background-media":"","overlay-type":"","overlay-color":"","overlay-opacity":"","overlay-gradient":""}}},"product_brand":[],"product_cat":[31],"product_tag":[2737,6580,1818,3665,1646,3202],"class_list":{"0":"post-19727","1":"product","2":"type-product","3":"status-publish","4":"has-post-thumbnail","6":"product_cat-grozine-literatura","7":"product_tag-atleidimas","8":"product_tag-kristin-hannah","9":"product_tag-motinyste","10":"product_tag-paauglyste","11":"product_tag-seima","12":"product_tag-tragedija","13":"desktop-align-left","14":"tablet-align-left","15":"mobile-align-left","17":"first","18":"outofstock","19":"shipping-taxable","20":"purchasable","21":"product-type-simple"},"acf":[],"yoast_head":"<!-- This site is optimized with the Yoast SEO plugin v27.0 - https:\/\/yoast.com\/product\/yoast-seo-wordpress\/ -->\n<title>Nakties kelias<\/title>\n<meta name=\"description\" content=\"Motinos gyvenime apstu pasirinkim\u0173. \u012esikibti? Paleisti... Pamir\u0161ti? Atleisti? O k\u0105 pasirinktum\u0117t j\u016bs? A\u0161tuoniolika met\u0173 D\u017eudei Farad\u0117j svarbiausi buvo jos\" \/>\n<meta name=\"robots\" content=\"index, follow, max-snippet:-1, max-image-preview:large, max-video-preview:-1\" \/>\n<link rel=\"canonical\" href=\"https:\/\/skaitytaknyga.lt\/en\/produktas\/nakties-kelias\/\" \/>\n<meta property=\"og:locale\" content=\"en_GB\" \/>\n<meta property=\"og:locale:alternate\" content=\"lt_LT\" \/>\n<meta property=\"og:type\" content=\"article\" \/>\n<meta property=\"og:title\" content=\"Nakties kelias\" \/>\n<meta property=\"og:description\" content=\"Motinos gyvenime apstu pasirinkim\u0173. \u012esikibti? Paleisti... Pamir\u0161ti? Atleisti? O k\u0105 pasirinktum\u0117t j\u016bs? A\u0161tuoniolika met\u0173 D\u017eudei Farad\u0117j svarbiausi buvo jos\" \/>\n<meta property=\"og:url\" content=\"https:\/\/skaitytaknyga.lt\/en\/produktas\/nakties-kelias\/\" \/>\n<meta property=\"og:site_name\" content=\"Skaitytaknyga\" \/>\n<meta property=\"article:publisher\" content=\"https:\/\/www.facebook.com\/skaitytaknyga\/\" \/>\n<meta property=\"article:modified_time\" content=\"2026-03-08T14:51:10+00:00\" \/>\n<meta property=\"og:image\" content=\"https:\/\/skaitytaknyga.lt\/wp-content\/uploads\/2025\/07\/Nakties-kelias-1.webp\" \/>\n\t<meta property=\"og:image:width\" content=\"524\" \/>\n\t<meta property=\"og:image:height\" content=\"800\" \/>\n\t<meta property=\"og:image:type\" content=\"image\/webp\" \/>\n<meta name=\"twitter:card\" content=\"summary_large_image\" \/>\n<meta name=\"twitter:label1\" content=\"Estimated reading time\" \/>\n\t<meta name=\"twitter:data1\" content=\"1 minute\" \/>\n<script type=\"application\/ld+json\" class=\"yoast-schema-graph\">{\"@context\":\"https:\/\/schema.org\",\"@graph\":[{\"@type\":\"WebPage\",\"@id\":\"https:\/\/skaitytaknyga.lt\/produktas\/nakties-kelias\/\",\"url\":\"https:\/\/skaitytaknyga.lt\/produktas\/nakties-kelias\/\",\"name\":\"Nakties kelias\",\"isPartOf\":{\"@id\":\"https:\/\/skaitytaknyga.lt\/#website\"},\"primaryImageOfPage\":{\"@id\":\"https:\/\/skaitytaknyga.lt\/produktas\/nakties-kelias\/#primaryimage\"},\"image\":{\"@id\":\"https:\/\/skaitytaknyga.lt\/produktas\/nakties-kelias\/#primaryimage\"},\"thumbnailUrl\":\"https:\/\/skaitytaknyga.lt\/wp-content\/uploads\/2025\/07\/Nakties-kelias-1.webp\",\"datePublished\":\"2025-07-22T11:13:38+00:00\",\"dateModified\":\"2026-03-08T14:51:10+00:00\",\"description\":\"Motinos gyvenime apstu pasirinkim\u0173. \u012esikibti? Paleisti... Pamir\u0161ti? Atleisti? O k\u0105 pasirinktum\u0117t j\u016bs? A\u0161tuoniolika met\u0173 D\u017eudei Farad\u0117j svarbiausi buvo jos\",\"breadcrumb\":{\"@id\":\"https:\/\/skaitytaknyga.lt\/produktas\/nakties-kelias\/#breadcrumb\"},\"inLanguage\":\"en-GB\",\"potentialAction\":[{\"@type\":\"ReadAction\",\"target\":[\"https:\/\/skaitytaknyga.lt\/produktas\/nakties-kelias\/\"]}]},{\"@type\":\"ImageObject\",\"inLanguage\":\"en-GB\",\"@id\":\"https:\/\/skaitytaknyga.lt\/produktas\/nakties-kelias\/#primaryimage\",\"url\":\"https:\/\/skaitytaknyga.lt\/wp-content\/uploads\/2025\/07\/Nakties-kelias-1.webp\",\"contentUrl\":\"https:\/\/skaitytaknyga.lt\/wp-content\/uploads\/2025\/07\/Nakties-kelias-1.webp\",\"width\":524,\"height\":800,\"caption\":\"Nakties kelias\"},{\"@type\":\"BreadcrumbList\",\"@id\":\"https:\/\/skaitytaknyga.lt\/produktas\/nakties-kelias\/#breadcrumb\",\"itemListElement\":[{\"@type\":\"ListItem\",\"position\":1,\"name\":\"Home\",\"item\":\"https:\/\/skaitytaknyga.lt\/\"},{\"@type\":\"ListItem\",\"position\":2,\"name\":\"Parduotuv\u0117\",\"item\":\"https:\/\/skaitytaknyga.lt\/knygu-parduotuve\/\"},{\"@type\":\"ListItem\",\"position\":3,\"name\":\"Nakties kelias\"}]},{\"@type\":\"WebSite\",\"@id\":\"https:\/\/skaitytaknyga.lt\/#website\",\"url\":\"https:\/\/skaitytaknyga.lt\/\",\"name\":\"skaitytaknyga.lt\",\"description\":\"Skaitytaknyga.lt \u2013 tai ma\u017eas \u0161eimos verslas, kuris prasid\u0117jo nuo meil\u0117s knygoms ir siekio i\u0161gelb\u0117ti knygas nuo likimo prie konteinerio. Kas vienam nereikalingas daiktas \u2013 kitam lobis, o mes esame tarpininkai, kurie padeda abiems tapti laimingesniems ???? \u017dinome kaip nelengva i\u0161gyventi ma\u017eiems verslams, tad nuo \u0161iol, \u010dia rasite ir kit\u0173, ma\u017e\u0173 \u0161eim\u0173 versl\u0173, rank\u0173 darbo, dovan\u0173 sau ir artimiesiems.\",\"publisher\":{\"@id\":\"https:\/\/skaitytaknyga.lt\/#organization\"},\"potentialAction\":[{\"@type\":\"SearchAction\",\"target\":{\"@type\":\"EntryPoint\",\"urlTemplate\":\"https:\/\/skaitytaknyga.lt\/?s={search_term_string}\"},\"query-input\":{\"@type\":\"PropertyValueSpecification\",\"valueRequired\":true,\"valueName\":\"search_term_string\"}}],\"inLanguage\":\"en-GB\"},{\"@type\":\"Organization\",\"@id\":\"https:\/\/skaitytaknyga.lt\/#organization\",\"name\":\"skaitytaknyga.lt\",\"url\":\"https:\/\/skaitytaknyga.lt\/\",\"logo\":{\"@type\":\"ImageObject\",\"inLanguage\":\"en-GB\",\"@id\":\"https:\/\/skaitytaknyga.lt\/#\/schema\/logo\/image\/\",\"url\":\"https:\/\/skaitytaknyga.lt\/wp-content\/uploads\/2024\/05\/cropped-cropped-cropped-02_00843_jt3bggkj1j3HLc7SyY6rEUpg.jpeg\",\"contentUrl\":\"https:\/\/skaitytaknyga.lt\/wp-content\/uploads\/2024\/05\/cropped-cropped-cropped-02_00843_jt3bggkj1j3HLc7SyY6rEUpg.jpeg\",\"width\":1600,\"height\":1600,\"caption\":\"skaitytaknyga.lt\"},\"image\":{\"@id\":\"https:\/\/skaitytaknyga.lt\/#\/schema\/logo\/image\/\"},\"sameAs\":[\"https:\/\/www.facebook.com\/skaitytaknyga\/\"]}]}<\/script>\n<!-- \/ Yoast SEO plugin. -->","yoast_head_json":{"title":"Nakties kelias","description":"Motinos gyvenime apstu pasirinkim\u0173. \u012esikibti? Paleisti... Pamir\u0161ti? Atleisti? O k\u0105 pasirinktum\u0117t j\u016bs? A\u0161tuoniolika met\u0173 D\u017eudei Farad\u0117j svarbiausi buvo jos","robots":{"index":"index","follow":"follow","max-snippet":"max-snippet:-1","max-image-preview":"max-image-preview:large","max-video-preview":"max-video-preview:-1"},"canonical":"https:\/\/skaitytaknyga.lt\/en\/produktas\/nakties-kelias\/","og_locale":"en_GB","og_type":"article","og_title":"[:lt]Nakties kelias[:] - Skaitytaknyga","og_description":"Motinos gyvenime apstu pasirinkim\u0173. \u012esikibti? Paleisti... Pamir\u0161ti? Atleisti? O k\u0105 pasirinktum\u0117t j\u016bs? A\u0161tuoniolika met\u0173 D\u017eudei Farad\u0117j svarbiausi buvo jos","og_url":"https:\/\/skaitytaknyga.lt\/en\/produktas\/nakties-kelias\/","og_site_name":"Skaitytaknyga","article_publisher":"https:\/\/www.facebook.com\/skaitytaknyga\/","article_modified_time":"2026-03-08T14:51:10+00:00","og_image":[{"width":524,"height":800,"url":"https:\/\/skaitytaknyga.lt\/wp-content\/uploads\/2025\/07\/Nakties-kelias-1.webp","type":"image\/webp"}],"twitter_card":"summary_large_image","twitter_misc":{"Estimated reading time":"1 minute"},"schema":{"@context":"https:\/\/schema.org","@graph":[{"@type":"WebPage","@id":"https:\/\/skaitytaknyga.lt\/produktas\/nakties-kelias\/","url":"https:\/\/skaitytaknyga.lt\/produktas\/nakties-kelias\/","name":"Nakties kelias","isPartOf":{"@id":"https:\/\/skaitytaknyga.lt\/#website"},"primaryImageOfPage":{"@id":"https:\/\/skaitytaknyga.lt\/produktas\/nakties-kelias\/#primaryimage"},"image":{"@id":"https:\/\/skaitytaknyga.lt\/produktas\/nakties-kelias\/#primaryimage"},"thumbnailUrl":"https:\/\/skaitytaknyga.lt\/wp-content\/uploads\/2025\/07\/Nakties-kelias-1.webp","datePublished":"2025-07-22T11:13:38+00:00","dateModified":"2026-03-08T14:51:10+00:00","description":"Motinos gyvenime apstu pasirinkim\u0173. \u012esikibti? Paleisti... Pamir\u0161ti? Atleisti? O k\u0105 pasirinktum\u0117t j\u016bs? A\u0161tuoniolika met\u0173 D\u017eudei Farad\u0117j svarbiausi buvo jos","breadcrumb":{"@id":"https:\/\/skaitytaknyga.lt\/produktas\/nakties-kelias\/#breadcrumb"},"inLanguage":"en-GB","potentialAction":[{"@type":"ReadAction","target":["https:\/\/skaitytaknyga.lt\/produktas\/nakties-kelias\/"]}]},{"@type":"ImageObject","inLanguage":"en-GB","@id":"https:\/\/skaitytaknyga.lt\/produktas\/nakties-kelias\/#primaryimage","url":"https:\/\/skaitytaknyga.lt\/wp-content\/uploads\/2025\/07\/Nakties-kelias-1.webp","contentUrl":"https:\/\/skaitytaknyga.lt\/wp-content\/uploads\/2025\/07\/Nakties-kelias-1.webp","width":524,"height":800,"caption":"Nakties kelias"},{"@type":"BreadcrumbList","@id":"https:\/\/skaitytaknyga.lt\/produktas\/nakties-kelias\/#breadcrumb","itemListElement":[{"@type":"ListItem","position":1,"name":"Home","item":"https:\/\/skaitytaknyga.lt\/"},{"@type":"ListItem","position":2,"name":"Parduotuv\u0117","item":"https:\/\/skaitytaknyga.lt\/knygu-parduotuve\/"},{"@type":"ListItem","position":3,"name":"Nakties kelias"}]},{"@type":"WebSite","@id":"https:\/\/skaitytaknyga.lt\/#website","url":"https:\/\/skaitytaknyga.lt\/","name":"skaitytaknyga.lt","description":"Skaitytaknyga.lt \u2013 tai ma\u017eas \u0161eimos verslas, kuris prasid\u0117jo nuo meil\u0117s knygoms ir siekio i\u0161gelb\u0117ti knygas nuo likimo prie konteinerio. Kas vienam nereikalingas daiktas \u2013 kitam lobis, o mes esame tarpininkai, kurie padeda abiems tapti laimingesniems ???? \u017dinome kaip nelengva i\u0161gyventi ma\u017eiems verslams, tad nuo \u0161iol, \u010dia rasite ir kit\u0173, ma\u017e\u0173 \u0161eim\u0173 versl\u0173, rank\u0173 darbo, dovan\u0173 sau ir artimiesiems.","publisher":{"@id":"https:\/\/skaitytaknyga.lt\/#organization"},"potentialAction":[{"@type":"SearchAction","target":{"@type":"EntryPoint","urlTemplate":"https:\/\/skaitytaknyga.lt\/?s={search_term_string}"},"query-input":{"@type":"PropertyValueSpecification","valueRequired":true,"valueName":"search_term_string"}}],"inLanguage":"en-GB"},{"@type":"Organization","@id":"https:\/\/skaitytaknyga.lt\/#organization","name":"skaitytaknyga.lt","url":"https:\/\/skaitytaknyga.lt\/","logo":{"@type":"ImageObject","inLanguage":"en-GB","@id":"https:\/\/skaitytaknyga.lt\/#\/schema\/logo\/image\/","url":"https:\/\/skaitytaknyga.lt\/wp-content\/uploads\/2024\/05\/cropped-cropped-cropped-02_00843_jt3bggkj1j3HLc7SyY6rEUpg.jpeg","contentUrl":"https:\/\/skaitytaknyga.lt\/wp-content\/uploads\/2024\/05\/cropped-cropped-cropped-02_00843_jt3bggkj1j3HLc7SyY6rEUpg.jpeg","width":1600,"height":1600,"caption":"skaitytaknyga.lt"},"image":{"@id":"https:\/\/skaitytaknyga.lt\/#\/schema\/logo\/image\/"},"sameAs":["https:\/\/www.facebook.com\/skaitytaknyga\/"]}]}},"_links":{"self":[{"href":"https:\/\/skaitytaknyga.lt\/en\/wp-json\/wp\/v2\/product\/19727","targetHints":{"allow":["GET"]}}],"collection":[{"href":"https:\/\/skaitytaknyga.lt\/en\/wp-json\/wp\/v2\/product"}],"about":[{"href":"https:\/\/skaitytaknyga.lt\/en\/wp-json\/wp\/v2\/types\/product"}],"replies":[{"embeddable":true,"href":"https:\/\/skaitytaknyga.lt\/en\/wp-json\/wp\/v2\/comments?post=19727"}],"wp:featuredmedia":[{"embeddable":true,"href":"https:\/\/skaitytaknyga.lt\/en\/wp-json\/wp\/v2\/media\/19732"}],"wp:attachment":[{"href":"https:\/\/skaitytaknyga.lt\/en\/wp-json\/wp\/v2\/media?parent=19727"}],"wp:term":[{"taxonomy":"product_brand","embeddable":true,"href":"https:\/\/skaitytaknyga.lt\/en\/wp-json\/wp\/v2\/product_brand?post=19727"},{"taxonomy":"product_cat","embeddable":true,"href":"https:\/\/skaitytaknyga.lt\/en\/wp-json\/wp\/v2\/product_cat?post=19727"},{"taxonomy":"product_tag","embeddable":true,"href":"https:\/\/skaitytaknyga.lt\/en\/wp-json\/wp\/v2\/product_tag?post=19727"}],"curies":[{"name":"wp","href":"https:\/\/api.w.org\/{rel}","templated":true}]}}