{"id":19726,"date":"2025-07-22T14:13:38","date_gmt":"2025-07-22T11:13:38","guid":{"rendered":"https:\/\/skaitytaknyga.lt\/?post_type=product&#038;p=19726"},"modified":"2025-09-02T21:13:47","modified_gmt":"2025-09-02T18:13:47","slug":"kelione-atgal","status":"publish","type":"product","link":"https:\/\/skaitytaknyga.lt\/en\/produktas\/kelione-atgal\/","title":{"rendered":"Kelion\u0117 atgal"},"content":{"rendered":"<p>Kart\u0105, labai seniai, \u0117jau tamsos gaubiamu keliu, vadinamu Jonvabali\u0173 taku, visai viena, blogiausi\u0105 savo gyvenimo nakt\u012f, ir sutikau gimining\u0105 siel\u0105. Tai buvo prad\u017eia. Daugiau nei prie\u0161 trisde\u0161imt met\u0173. Tal\u0117 ir Keit\u0117. Geriausios draug\u0117s am\u017einai. Ta\u010diau istorijos baigiasi, ar ne? Tu netenki \u017emoni\u0173, kuriuos myl\u0117jai, bet privalai gyventi toliau&#8230;<\/p>\n<p>Tal\u0117 Hart \u2014 didingesn\u0117 u\u017e pat\u012f gyvenim\u0105, moteris, kupina svajoni\u0173 ir slegiama skaud\u017ei\u0173 praeities prisiminim\u0173. Ji manosi galinti \u012fveikti visk\u0105, deja, mir\u0161ta geriausia draug\u0117 Keit\u0117 Rajan. Tal\u0117 nuo\u0161ird\u017eiai stengiasi \u012fvykdyti pa\u017ead\u0105 \u2014 pasir\u016bpinti draug\u0117s vaikais, \u2014 ta\u010diau ji nieko nei\u0161mano nei apie \u0161eim\u0105, nei apie motinyst\u0119.<\/p>\n<p>\u0160e\u0161iolikmet\u0117 Mara Rajan jau\u010diasi sugniu\u017edyta motinos mirties. Jos t\u0117vas siekia suburti \u0161eim\u0105, ta\u010diau Mara u\u017esisklend\u017eia sielvarte. Atrodyt\u0173, jai niekas nebesvarbu&#8230; Bet vien\u0105 dien\u0105 mergina \u012fsimyli jaunuol\u012f, kuris j\u0105 i\u0161siveda \u012f pavojing\u0105 pasaul\u012f.<\/p>\n<p>Dorot\u0117 Hart, kadaise save vadinusi Debesimi, \u2014 Tal\u0117s tragi\u0161kos praeities prie\u017eastis. Ji ne kart\u0105 buvo palikusi dukr\u0105, ta\u010diau dabar sugr\u012f\u017eta, nor\u0117dama b\u016bti \u0161alia, kai \u0161ioji skaud\u017eiai i\u0161gyvena vienatv\u0119. Dorotei tenka atskleisti siaubing\u0105 savo praeities paslapt\u012f, nes ji trok\u0161ta tapti tokia motina, kokios reikia dukrai.<\/p>\n<p>Nepaprastai jaudinanti, sukre\u010dianti istorija apie meil\u0119, motinyst\u0119, netekt\u012f ir nauj\u0105 prad\u017ei\u0105 primena mums: kol esi gyvas, gyva ir viltis, o jei myli \u2014 atleisi.<\/p>\n<p>Kristin Hannah su vyru ir s\u016bnumi gyvena Va\u0161ingtone ir Havajuose. Ra\u0161ytoja gim\u0117 1960 m. Kalifornijoje, bet dar vaikyst\u0117je persik\u0117l\u0117 \u012f Va\u0161ington\u0105. Studijavo teis\u0119, kelerius metus dirbo teisininke, bet galiausiai nusprend\u0117 atsid\u0117ti ra\u0161ymui. K. Hannah yra para\u0161iusi jau per dvi de\u0161imtis roman\u0173 \u2014 istorijas apie moter\u0173 bi\u010diulyst\u0119, motinyst\u0119, nesutarimus \u0161eimoje.<\/p>\n<p>Skaitytojams prireiks nosinai\u010di\u0173 stebint, kaip \u0161ios moterys, kurias jie pamilo \u201eJonvabali\u0173 take&#8221;, i\u0161 vis\u0173 j\u0117g\u0173 bando susitaikyti su Keit\u0117s mirtimi ir suranda laim\u0119 bei meil\u0119. Labai lauktas \u201eJonvabali\u0173 tako&#8221; t\u0119sinys.<br \/>\nKristine Huntley, Booklist<\/p>\n","protected":false},"excerpt":{"rendered":"<p>Kart\u0105, labai seniai, \u0117jau tamsos gaubiamu keliu, vadinamu Jonvabali\u0173 taku, visai viena, blogiausi\u0105 savo gyvenimo nakt\u012f, ir sutikau gimining\u0105 siel\u0105. Tai buvo prad\u017eia. Daugiau nei prie\u0161 trisde\u0161imt met\u0173. Tal\u0117 ir Keit\u0117. Geriausios draug\u0117s am\u017einai. Ta\u010diau istorijos baigiasi, ar ne? Tu netenki \u017emoni\u0173, kuriuos myl\u0117jai, bet privalai gyventi toliau&#8230; Tal\u0117 Hart \u2014 didingesn\u0117 u\u017e pat\u012f gyvenim\u0105, moteris, kupina svajoni\u0173 ir slegiama skaud\u017ei\u0173 praeities prisiminim\u0173. Ji manosi galinti \u012fveikti visk\u0105, deja, mir\u0161ta geriausia draug\u0117 Keit\u0117 Rajan. Tal\u0117 nuo\u0161ird\u017eiai stengiasi \u012fvykdyti pa\u017ead\u0105 \u2014 pasir\u016bpinti draug\u0117s vaikais, \u2014 ta\u010diau ji nieko nei\u0161mano nei apie \u0161eim\u0105, nei apie motinyst\u0119. \u0160e\u0161iolikmet\u0117 Mara Rajan jau\u010diasi sugniu\u017edyta motinos mirties. Jos t\u0117vas siekia suburti \u0161eim\u0105, ta\u010diau Mara u\u017esisklend\u017eia sielvarte. Atrodyt\u0173, jai niekas nebesvarbu&#8230; Bet vien\u0105 dien\u0105 mergina \u012fsimyli jaunuol\u012f, kuris j\u0105 i\u0161siveda \u012f pavojing\u0105 pasaul\u012f. Dorot\u0117 Hart, kadaise save vadinusi Debesimi, \u2014 Tal\u0117s tragi\u0161kos praeities prie\u017eastis. Ji ne kart\u0105 buvo palikusi dukr\u0105, ta\u010diau dabar sugr\u012f\u017eta, nor\u0117dama b\u016bti \u0161alia, kai \u0161ioji skaud\u017eiai i\u0161gyvena vienatv\u0119. Dorotei tenka atskleisti siaubing\u0105 savo praeities paslapt\u012f, nes ji trok\u0161ta tapti tokia motina, kokios reikia dukrai. Nepaprastai jaudinanti, sukre\u010dianti istorija apie meil\u0119, motinyst\u0119, netekt\u012f ir nauj\u0105 prad\u017ei\u0105 primena mums: kol esi gyvas, gyva ir viltis, o jei myli \u2014 atleisi. Kristin Hannah su vyru ir s\u016bnumi gyvena Va\u0161ingtone ir Havajuose. Ra\u0161ytoja gim\u0117 1960 m. Kalifornijoje, bet dar vaikyst\u0117je persik\u0117l\u0117 \u012f Va\u0161ington\u0105. Studijavo teis\u0119, kelerius metus dirbo teisininke, bet galiausiai nusprend\u0117 atsid\u0117ti ra\u0161ymui. K. Hannah yra para\u0161iusi jau per dvi de\u0161imtis roman\u0173 \u2014 istorijas apie moter\u0173 bi\u010diulyst\u0119, motinyst\u0119, nesutarimus \u0161eimoje. Skaitytojams prireiks nosinai\u010di\u0173 stebint, kaip \u0161ios moterys, kurias jie pamilo \u201eJonvabali\u0173 take&#8221;, i\u0161 vis\u0173 j\u0117g\u0173 bando susitaikyti su Keit\u0117s mirtimi ir suranda laim\u0119 bei meil\u0119. Labai lauktas \u201eJonvabali\u0173 tako&#8221; t\u0119sinys. Kristine Huntley, Booklist<\/p>\n","protected":false},"featured_media":19731,"comment_status":"open","ping_status":"closed","template":"","meta":{"_acf_changed":false,"site-sidebar-layout":"default","site-content-layout":"","ast-site-content-layout":"default","site-content-style":"default","site-sidebar-style":"default","ast-global-header-display":"","ast-banner-title-visibility":"","ast-main-header-display":"","ast-hfb-above-header-display":"","ast-hfb-below-header-display":"","ast-hfb-mobile-header-display":"","site-post-title":"","ast-breadcrumbs-content":"","ast-featured-img":"","footer-sml-layout":"","ast-disable-related-posts":"","theme-transparent-header-meta":"","adv-header-id-meta":"","stick-header-meta":"","header-above-stick-meta":"","header-main-stick-meta":"","header-below-stick-meta":"","astra-migrate-meta-layouts":"default","ast-page-background-enabled":"default","ast-page-background-meta":{"desktop":{"background-color":"","background-image":"","background-repeat":"repeat","background-position":"center center","background-size":"auto","background-attachment":"scroll","background-type":"","background-media":"","overlay-type":"","overlay-color":"","overlay-opacity":"","overlay-gradient":""},"tablet":{"background-color":"","background-image":"","background-repeat":"repeat","background-position":"center center","background-size":"auto","background-attachment":"scroll","background-type":"","background-media":"","overlay-type":"","overlay-color":"","overlay-opacity":"","overlay-gradient":""},"mobile":{"background-color":"","background-image":"","background-repeat":"repeat","background-position":"center center","background-size":"auto","background-attachment":"scroll","background-type":"","background-media":"","overlay-type":"","overlay-color":"","overlay-opacity":"","overlay-gradient":""}},"ast-content-background-meta":{"desktop":{"background-color":"var(--ast-global-color-4)","background-image":"","background-repeat":"repeat","background-position":"center center","background-size":"auto","background-attachment":"scroll","background-type":"","background-media":"","overlay-type":"","overlay-color":"","overlay-opacity":"","overlay-gradient":""},"tablet":{"background-color":"var(--ast-global-color-4)","background-image":"","background-repeat":"repeat","background-position":"center center","background-size":"auto","background-attachment":"scroll","background-type":"","background-media":"","overlay-type":"","overlay-color":"","overlay-opacity":"","overlay-gradient":""},"mobile":{"background-color":"var(--ast-global-color-4)","background-image":"","background-repeat":"repeat","background-position":"center center","background-size":"auto","background-attachment":"scroll","background-type":"","background-media":"","overlay-type":"","overlay-color":"","overlay-opacity":"","overlay-gradient":""}}},"product_brand":[],"product_cat":[31],"product_tag":[1647,1627,6580,1796,1818,2736,3665,1745,1646,2034],"class_list":{"0":"post-19726","1":"product","2":"type-product","3":"status-publish","4":"has-post-thumbnail","6":"product_cat-grozine-literatura","7":"product_tag-draugyste","8":"product_tag-gyvenimo-prasme","9":"product_tag-kristin-hannah","10":"product_tag-meile","11":"product_tag-motinyste","12":"product_tag-netektis","13":"product_tag-paauglyste","14":"product_tag-romanas","15":"product_tag-seima","16":"product_tag-viltis","17":"desktop-align-left","18":"tablet-align-left","19":"mobile-align-left","21":"first","22":"outofstock","23":"shipping-taxable","24":"purchasable","25":"product-type-simple"},"acf":[],"yoast_head":"<!-- This site is optimized with the Yoast SEO plugin v27.0 - https:\/\/yoast.com\/product\/yoast-seo-wordpress\/ -->\n<title>Kelion\u0117 atgal<\/title>\n<meta name=\"description\" content=\"Kart\u0105, labai seniai, \u0117jau tamsos gaubiamu keliu, vadinamu Jonvabali\u0173 taku, visai viena, blogiausi\u0105 savo gyvenimo nakt\u012f, ir sutikau gimining\u0105 siel\u0105. Tai\" \/>\n<meta name=\"robots\" content=\"index, follow, max-snippet:-1, max-image-preview:large, max-video-preview:-1\" \/>\n<link rel=\"canonical\" href=\"https:\/\/skaitytaknyga.lt\/en\/produktas\/kelione-atgal\/\" \/>\n<meta property=\"og:locale\" content=\"en_GB\" \/>\n<meta property=\"og:locale:alternate\" content=\"lt_LT\" \/>\n<meta property=\"og:type\" content=\"article\" \/>\n<meta property=\"og:title\" content=\"Kelion\u0117 atgal\" \/>\n<meta property=\"og:description\" content=\"Kart\u0105, labai seniai, \u0117jau tamsos gaubiamu keliu, vadinamu Jonvabali\u0173 taku, visai viena, blogiausi\u0105 savo gyvenimo nakt\u012f, ir sutikau gimining\u0105 siel\u0105. Tai\" \/>\n<meta property=\"og:url\" content=\"https:\/\/skaitytaknyga.lt\/en\/produktas\/kelione-atgal\/\" \/>\n<meta property=\"og:site_name\" content=\"Skaitytaknyga\" \/>\n<meta property=\"article:publisher\" content=\"https:\/\/www.facebook.com\/skaitytaknyga\/\" \/>\n<meta property=\"article:modified_time\" content=\"2025-09-02T18:13:47+00:00\" \/>\n<meta property=\"og:image\" content=\"https:\/\/skaitytaknyga.lt\/wp-content\/uploads\/2025\/07\/Kelione-atgal-1.webp\" \/>\n\t<meta property=\"og:image:width\" content=\"529\" \/>\n\t<meta property=\"og:image:height\" content=\"801\" \/>\n\t<meta property=\"og:image:type\" content=\"image\/webp\" \/>\n<meta name=\"twitter:card\" content=\"summary_large_image\" \/>\n<meta name=\"twitter:label1\" content=\"Estimated reading time\" \/>\n\t<meta name=\"twitter:data1\" content=\"2 minutes\" \/>\n<script type=\"application\/ld+json\" class=\"yoast-schema-graph\">{\"@context\":\"https:\/\/schema.org\",\"@graph\":[{\"@type\":\"WebPage\",\"@id\":\"https:\/\/skaitytaknyga.lt\/produktas\/kelione-atgal\/\",\"url\":\"https:\/\/skaitytaknyga.lt\/produktas\/kelione-atgal\/\",\"name\":\"Kelion\u0117 atgal\",\"isPartOf\":{\"@id\":\"https:\/\/skaitytaknyga.lt\/#website\"},\"primaryImageOfPage\":{\"@id\":\"https:\/\/skaitytaknyga.lt\/produktas\/kelione-atgal\/#primaryimage\"},\"image\":{\"@id\":\"https:\/\/skaitytaknyga.lt\/produktas\/kelione-atgal\/#primaryimage\"},\"thumbnailUrl\":\"https:\/\/skaitytaknyga.lt\/wp-content\/uploads\/2025\/07\/Kelione-atgal-1.webp\",\"datePublished\":\"2025-07-22T11:13:38+00:00\",\"dateModified\":\"2025-09-02T18:13:47+00:00\",\"description\":\"Kart\u0105, labai seniai, \u0117jau tamsos gaubiamu keliu, vadinamu Jonvabali\u0173 taku, visai viena, blogiausi\u0105 savo gyvenimo nakt\u012f, ir sutikau gimining\u0105 siel\u0105. Tai\",\"breadcrumb\":{\"@id\":\"https:\/\/skaitytaknyga.lt\/produktas\/kelione-atgal\/#breadcrumb\"},\"inLanguage\":\"en-GB\",\"potentialAction\":[{\"@type\":\"ReadAction\",\"target\":[\"https:\/\/skaitytaknyga.lt\/produktas\/kelione-atgal\/\"]}]},{\"@type\":\"ImageObject\",\"inLanguage\":\"en-GB\",\"@id\":\"https:\/\/skaitytaknyga.lt\/produktas\/kelione-atgal\/#primaryimage\",\"url\":\"https:\/\/skaitytaknyga.lt\/wp-content\/uploads\/2025\/07\/Kelione-atgal-1.webp\",\"contentUrl\":\"https:\/\/skaitytaknyga.lt\/wp-content\/uploads\/2025\/07\/Kelione-atgal-1.webp\",\"width\":529,\"height\":801},{\"@type\":\"BreadcrumbList\",\"@id\":\"https:\/\/skaitytaknyga.lt\/produktas\/kelione-atgal\/#breadcrumb\",\"itemListElement\":[{\"@type\":\"ListItem\",\"position\":1,\"name\":\"Home\",\"item\":\"https:\/\/skaitytaknyga.lt\/\"},{\"@type\":\"ListItem\",\"position\":2,\"name\":\"Parduotuv\u0117\",\"item\":\"https:\/\/skaitytaknyga.lt\/knygu-parduotuve\/\"},{\"@type\":\"ListItem\",\"position\":3,\"name\":\"Kelion\u0117 atgal\"}]},{\"@type\":\"WebSite\",\"@id\":\"https:\/\/skaitytaknyga.lt\/#website\",\"url\":\"https:\/\/skaitytaknyga.lt\/\",\"name\":\"skaitytaknyga.lt\",\"description\":\"Skaitytaknyga.lt \u2013 tai ma\u017eas \u0161eimos verslas, kuris prasid\u0117jo nuo meil\u0117s knygoms ir siekio i\u0161gelb\u0117ti knygas nuo likimo prie konteinerio. Kas vienam nereikalingas daiktas \u2013 kitam lobis, o mes esame tarpininkai, kurie padeda abiems tapti laimingesniems ???? \u017dinome kaip nelengva i\u0161gyventi ma\u017eiems verslams, tad nuo \u0161iol, \u010dia rasite ir kit\u0173, ma\u017e\u0173 \u0161eim\u0173 versl\u0173, rank\u0173 darbo, dovan\u0173 sau ir artimiesiems.\",\"publisher\":{\"@id\":\"https:\/\/skaitytaknyga.lt\/#organization\"},\"potentialAction\":[{\"@type\":\"SearchAction\",\"target\":{\"@type\":\"EntryPoint\",\"urlTemplate\":\"https:\/\/skaitytaknyga.lt\/?s={search_term_string}\"},\"query-input\":{\"@type\":\"PropertyValueSpecification\",\"valueRequired\":true,\"valueName\":\"search_term_string\"}}],\"inLanguage\":\"en-GB\"},{\"@type\":\"Organization\",\"@id\":\"https:\/\/skaitytaknyga.lt\/#organization\",\"name\":\"skaitytaknyga.lt\",\"url\":\"https:\/\/skaitytaknyga.lt\/\",\"logo\":{\"@type\":\"ImageObject\",\"inLanguage\":\"en-GB\",\"@id\":\"https:\/\/skaitytaknyga.lt\/#\/schema\/logo\/image\/\",\"url\":\"https:\/\/skaitytaknyga.lt\/wp-content\/uploads\/2024\/05\/cropped-cropped-cropped-02_00843_jt3bggkj1j3HLc7SyY6rEUpg.jpeg\",\"contentUrl\":\"https:\/\/skaitytaknyga.lt\/wp-content\/uploads\/2024\/05\/cropped-cropped-cropped-02_00843_jt3bggkj1j3HLc7SyY6rEUpg.jpeg\",\"width\":1600,\"height\":1600,\"caption\":\"skaitytaknyga.lt\"},\"image\":{\"@id\":\"https:\/\/skaitytaknyga.lt\/#\/schema\/logo\/image\/\"},\"sameAs\":[\"https:\/\/www.facebook.com\/skaitytaknyga\/\"]}]}<\/script>\n<!-- \/ Yoast SEO plugin. -->","yoast_head_json":{"title":"Kelion\u0117 atgal","description":"Kart\u0105, labai seniai, \u0117jau tamsos gaubiamu keliu, vadinamu Jonvabali\u0173 taku, visai viena, blogiausi\u0105 savo gyvenimo nakt\u012f, ir sutikau gimining\u0105 siel\u0105. Tai","robots":{"index":"index","follow":"follow","max-snippet":"max-snippet:-1","max-image-preview":"max-image-preview:large","max-video-preview":"max-video-preview:-1"},"canonical":"https:\/\/skaitytaknyga.lt\/en\/produktas\/kelione-atgal\/","og_locale":"en_GB","og_type":"article","og_title":"[:lt]Kelion\u0117 atgal[:] - Skaitytaknyga","og_description":"Kart\u0105, labai seniai, \u0117jau tamsos gaubiamu keliu, vadinamu Jonvabali\u0173 taku, visai viena, blogiausi\u0105 savo gyvenimo nakt\u012f, ir sutikau gimining\u0105 siel\u0105. Tai","og_url":"https:\/\/skaitytaknyga.lt\/en\/produktas\/kelione-atgal\/","og_site_name":"Skaitytaknyga","article_publisher":"https:\/\/www.facebook.com\/skaitytaknyga\/","article_modified_time":"2025-09-02T18:13:47+00:00","og_image":[{"width":529,"height":801,"url":"https:\/\/skaitytaknyga.lt\/wp-content\/uploads\/2025\/07\/Kelione-atgal-1.webp","type":"image\/webp"}],"twitter_card":"summary_large_image","twitter_misc":{"Estimated reading time":"2 minutes"},"schema":{"@context":"https:\/\/schema.org","@graph":[{"@type":"WebPage","@id":"https:\/\/skaitytaknyga.lt\/produktas\/kelione-atgal\/","url":"https:\/\/skaitytaknyga.lt\/produktas\/kelione-atgal\/","name":"Kelion\u0117 atgal","isPartOf":{"@id":"https:\/\/skaitytaknyga.lt\/#website"},"primaryImageOfPage":{"@id":"https:\/\/skaitytaknyga.lt\/produktas\/kelione-atgal\/#primaryimage"},"image":{"@id":"https:\/\/skaitytaknyga.lt\/produktas\/kelione-atgal\/#primaryimage"},"thumbnailUrl":"https:\/\/skaitytaknyga.lt\/wp-content\/uploads\/2025\/07\/Kelione-atgal-1.webp","datePublished":"2025-07-22T11:13:38+00:00","dateModified":"2025-09-02T18:13:47+00:00","description":"Kart\u0105, labai seniai, \u0117jau tamsos gaubiamu keliu, vadinamu Jonvabali\u0173 taku, visai viena, blogiausi\u0105 savo gyvenimo nakt\u012f, ir sutikau gimining\u0105 siel\u0105. Tai","breadcrumb":{"@id":"https:\/\/skaitytaknyga.lt\/produktas\/kelione-atgal\/#breadcrumb"},"inLanguage":"en-GB","potentialAction":[{"@type":"ReadAction","target":["https:\/\/skaitytaknyga.lt\/produktas\/kelione-atgal\/"]}]},{"@type":"ImageObject","inLanguage":"en-GB","@id":"https:\/\/skaitytaknyga.lt\/produktas\/kelione-atgal\/#primaryimage","url":"https:\/\/skaitytaknyga.lt\/wp-content\/uploads\/2025\/07\/Kelione-atgal-1.webp","contentUrl":"https:\/\/skaitytaknyga.lt\/wp-content\/uploads\/2025\/07\/Kelione-atgal-1.webp","width":529,"height":801},{"@type":"BreadcrumbList","@id":"https:\/\/skaitytaknyga.lt\/produktas\/kelione-atgal\/#breadcrumb","itemListElement":[{"@type":"ListItem","position":1,"name":"Home","item":"https:\/\/skaitytaknyga.lt\/"},{"@type":"ListItem","position":2,"name":"Parduotuv\u0117","item":"https:\/\/skaitytaknyga.lt\/knygu-parduotuve\/"},{"@type":"ListItem","position":3,"name":"Kelion\u0117 atgal"}]},{"@type":"WebSite","@id":"https:\/\/skaitytaknyga.lt\/#website","url":"https:\/\/skaitytaknyga.lt\/","name":"skaitytaknyga.lt","description":"Skaitytaknyga.lt \u2013 tai ma\u017eas \u0161eimos verslas, kuris prasid\u0117jo nuo meil\u0117s knygoms ir siekio i\u0161gelb\u0117ti knygas nuo likimo prie konteinerio. Kas vienam nereikalingas daiktas \u2013 kitam lobis, o mes esame tarpininkai, kurie padeda abiems tapti laimingesniems ???? \u017dinome kaip nelengva i\u0161gyventi ma\u017eiems verslams, tad nuo \u0161iol, \u010dia rasite ir kit\u0173, ma\u017e\u0173 \u0161eim\u0173 versl\u0173, rank\u0173 darbo, dovan\u0173 sau ir artimiesiems.","publisher":{"@id":"https:\/\/skaitytaknyga.lt\/#organization"},"potentialAction":[{"@type":"SearchAction","target":{"@type":"EntryPoint","urlTemplate":"https:\/\/skaitytaknyga.lt\/?s={search_term_string}"},"query-input":{"@type":"PropertyValueSpecification","valueRequired":true,"valueName":"search_term_string"}}],"inLanguage":"en-GB"},{"@type":"Organization","@id":"https:\/\/skaitytaknyga.lt\/#organization","name":"skaitytaknyga.lt","url":"https:\/\/skaitytaknyga.lt\/","logo":{"@type":"ImageObject","inLanguage":"en-GB","@id":"https:\/\/skaitytaknyga.lt\/#\/schema\/logo\/image\/","url":"https:\/\/skaitytaknyga.lt\/wp-content\/uploads\/2024\/05\/cropped-cropped-cropped-02_00843_jt3bggkj1j3HLc7SyY6rEUpg.jpeg","contentUrl":"https:\/\/skaitytaknyga.lt\/wp-content\/uploads\/2024\/05\/cropped-cropped-cropped-02_00843_jt3bggkj1j3HLc7SyY6rEUpg.jpeg","width":1600,"height":1600,"caption":"skaitytaknyga.lt"},"image":{"@id":"https:\/\/skaitytaknyga.lt\/#\/schema\/logo\/image\/"},"sameAs":["https:\/\/www.facebook.com\/skaitytaknyga\/"]}]}},"_links":{"self":[{"href":"https:\/\/skaitytaknyga.lt\/en\/wp-json\/wp\/v2\/product\/19726","targetHints":{"allow":["GET"]}}],"collection":[{"href":"https:\/\/skaitytaknyga.lt\/en\/wp-json\/wp\/v2\/product"}],"about":[{"href":"https:\/\/skaitytaknyga.lt\/en\/wp-json\/wp\/v2\/types\/product"}],"replies":[{"embeddable":true,"href":"https:\/\/skaitytaknyga.lt\/en\/wp-json\/wp\/v2\/comments?post=19726"}],"wp:featuredmedia":[{"embeddable":true,"href":"https:\/\/skaitytaknyga.lt\/en\/wp-json\/wp\/v2\/media\/19731"}],"wp:attachment":[{"href":"https:\/\/skaitytaknyga.lt\/en\/wp-json\/wp\/v2\/media?parent=19726"}],"wp:term":[{"taxonomy":"product_brand","embeddable":true,"href":"https:\/\/skaitytaknyga.lt\/en\/wp-json\/wp\/v2\/product_brand?post=19726"},{"taxonomy":"product_cat","embeddable":true,"href":"https:\/\/skaitytaknyga.lt\/en\/wp-json\/wp\/v2\/product_cat?post=19726"},{"taxonomy":"product_tag","embeddable":true,"href":"https:\/\/skaitytaknyga.lt\/en\/wp-json\/wp\/v2\/product_tag?post=19726"}],"curies":[{"name":"wp","href":"https:\/\/api.w.org\/{rel}","templated":true}]}}