{"id":19718,"date":"2025-07-22T13:27:55","date_gmt":"2025-07-22T10:27:55","guid":{"rendered":"https:\/\/skaitytaknyga.lt\/?post_type=product&#038;p=19718"},"modified":"2025-07-22T14:07:51","modified_gmt":"2025-07-22T11:07:51","slug":"juodoji-ausra","status":"publish","type":"product","link":"https:\/\/skaitytaknyga.lt\/en\/produktas\/juodoji-ausra\/","title":{"rendered":"Juodoji au\u0161ra"},"content":{"rendered":"<p>Olivija Rioning vos sp\u0117jo gr\u012f\u017eti \u012f policij\u0105, kai ma\u017e\u0105 Arildo miestel\u012f sukre\u010dia siaubingas \u012fvykis \u2013 nu\u017eudytas vaikas&#8230; Po keli\u0173 dien\u0173 \u2013 dar vienas nusikaltimas. \u0160\u012fkart \u2013 Vermd\u0117je, netoli Stokholmo. Septynme\u010dio Aramo sprandas nusuktas lygiai taip pat kaip ir trimet\u0117s Emelijos i\u0161 Arildo. \u012evair\u016bs gandai, sp\u0117lion\u0117s ir baim\u0117s banga nusirita per vis\u0105 \u0161al\u012f \u2013 ar \u012fvykiai gal\u0117jo b\u016bti susij\u0119? JUODOJI AU\u0160RA \u2013 tre\u010dioji knyga i\u0161 pripa\u017eintos Cillos ir Rolfo B\u00f6rjlind\u0173 kriminalin\u0117s serijos apie Olivij\u0105 Rioning ir Tom\u0105 Stilton\u0105.<\/p>\n<p>\u012e byl\u0105 \u012fsitraukia Nacionalinio tyrim\u0173 biuro darbuotoja Met\u0117 Olseter. Netrukus paai\u0161k\u0117ja, kad abiej\u0173 vaik\u0173 t\u0117vai gavo grasinamus lai\u0161kus. Kas toji paslaptinga grupuot\u0117 ir kod\u0117l ji siun\u010dia grasinimus, regis, atsitiktiniams \u017emon\u0117ms?<\/p>\n<p>Tuo tarpu Tomo Stiltono draugas perduoda jam antikvariate rast\u0105 knyg\u0105 su daugybe sen\u0173 laikra\u0161\u010di\u0173 i\u0161karp\u0173. Visos jos \u2013 apie nei\u0161ai\u0161kint\u0105 auk\u0161tos klas\u0117s prostitut\u0117s , kuri buvo n\u0117\u0161\u010dia, nu\u017eudym\u0105 2006-aisiais metais. \u0160ios istorijos, dar \u017einomos kaip \u201eD\u017eil\u0117s byla&#8221;, Stiltonas negali pamir\u0161ti d\u0117l asmenini\u0173 prie\u017eas\u010di\u0173&#8230;<\/p>\n<p>Kai Mariana Boglind i\u0161 \u0160vedijos nacionalin\u0117s kriminalistikos laboratorijos aptinka keist\u0105 rezultat\u0173 sutapim\u0105, ji ima ie\u0161koti Met\u0117s Olseter. Sukre\u010diantis tyrimas pasisuka pa\u010diu netik\u0117\u010diausiu keliu&#8230;<\/p>\n","protected":false},"excerpt":{"rendered":"<p>Olivija Rioning vos sp\u0117jo gr\u012f\u017eti \u012f policij\u0105, kai ma\u017e\u0105 Arildo miestel\u012f sukre\u010dia siaubingas \u012fvykis \u2013 nu\u017eudytas vaikas&#8230; Po keli\u0173 dien\u0173 \u2013 dar vienas nusikaltimas. \u0160\u012fkart \u2013 Vermd\u0117je, netoli Stokholmo. Septynme\u010dio Aramo sprandas nusuktas lygiai taip pat kaip ir trimet\u0117s Emelijos i\u0161 Arildo. \u012evair\u016bs gandai, sp\u0117lion\u0117s ir baim\u0117s banga nusirita per vis\u0105 \u0161al\u012f \u2013 ar \u012fvykiai gal\u0117jo b\u016bti susij\u0119? JUODOJI AU\u0160RA \u2013 tre\u010dioji knyga i\u0161 pripa\u017eintos Cillos ir Rolfo B\u00f6rjlind\u0173 kriminalin\u0117s serijos apie Olivij\u0105 Rioning ir Tom\u0105 Stilton\u0105. \u012e byl\u0105 \u012fsitraukia Nacionalinio tyrim\u0173 biuro darbuotoja Met\u0117 Olseter. Netrukus paai\u0161k\u0117ja, kad abiej\u0173 vaik\u0173 t\u0117vai gavo grasinamus lai\u0161kus. Kas toji paslaptinga grupuot\u0117 ir kod\u0117l ji siun\u010dia grasinimus, regis, atsitiktiniams \u017emon\u0117ms? Tuo tarpu Tomo Stiltono draugas perduoda jam antikvariate rast\u0105 knyg\u0105 su daugybe sen\u0173 laikra\u0161\u010di\u0173 i\u0161karp\u0173. Visos jos \u2013 apie nei\u0161ai\u0161kint\u0105 auk\u0161tos klas\u0117s prostitut\u0117s , kuri buvo n\u0117\u0161\u010dia, nu\u017eudym\u0105 2006-aisiais metais. \u0160ios istorijos, dar \u017einomos kaip \u201eD\u017eil\u0117s byla&#8221;, Stiltonas negali pamir\u0161ti d\u0117l asmenini\u0173 prie\u017eas\u010di\u0173&#8230; Kai Mariana Boglind i\u0161 \u0160vedijos nacionalin\u0117s kriminalistikos laboratorijos aptinka keist\u0105 rezultat\u0173 sutapim\u0105, ji ima ie\u0161koti Met\u0117s Olseter. Sukre\u010diantis tyrimas pasisuka pa\u010diu netik\u0117\u010diausiu keliu&#8230;<\/p>\n","protected":false},"featured_media":19725,"comment_status":"open","ping_status":"closed","template":"","meta":{"_acf_changed":false,"site-sidebar-layout":"default","site-content-layout":"","ast-site-content-layout":"default","site-content-style":"default","site-sidebar-style":"default","ast-global-header-display":"","ast-banner-title-visibility":"","ast-main-header-display":"","ast-hfb-above-header-display":"","ast-hfb-below-header-display":"","ast-hfb-mobile-header-display":"","site-post-title":"","ast-breadcrumbs-content":"","ast-featured-img":"","footer-sml-layout":"","ast-disable-related-posts":"","theme-transparent-header-meta":"","adv-header-id-meta":"","stick-header-meta":"","header-above-stick-meta":"","header-main-stick-meta":"","header-below-stick-meta":"","astra-migrate-meta-layouts":"default","ast-page-background-enabled":"default","ast-page-background-meta":{"desktop":{"background-color":"","background-image":"","background-repeat":"repeat","background-position":"center center","background-size":"auto","background-attachment":"scroll","background-type":"","background-media":"","overlay-type":"","overlay-color":"","overlay-opacity":"","overlay-gradient":""},"tablet":{"background-color":"","background-image":"","background-repeat":"repeat","background-position":"center center","background-size":"auto","background-attachment":"scroll","background-type":"","background-media":"","overlay-type":"","overlay-color":"","overlay-opacity":"","overlay-gradient":""},"mobile":{"background-color":"","background-image":"","background-repeat":"repeat","background-position":"center center","background-size":"auto","background-attachment":"scroll","background-type":"","background-media":"","overlay-type":"","overlay-color":"","overlay-opacity":"","overlay-gradient":""}},"ast-content-background-meta":{"desktop":{"background-color":"var(--ast-global-color-4)","background-image":"","background-repeat":"repeat","background-position":"center center","background-size":"auto","background-attachment":"scroll","background-type":"","background-media":"","overlay-type":"","overlay-color":"","overlay-opacity":"","overlay-gradient":""},"tablet":{"background-color":"var(--ast-global-color-4)","background-image":"","background-repeat":"repeat","background-position":"center center","background-size":"auto","background-attachment":"scroll","background-type":"","background-media":"","overlay-type":"","overlay-color":"","overlay-opacity":"","overlay-gradient":""},"mobile":{"background-color":"var(--ast-global-color-4)","background-image":"","background-repeat":"repeat","background-position":"center center","background-size":"auto","background-attachment":"scroll","background-type":"","background-media":"","overlay-type":"","overlay-color":"","overlay-opacity":"","overlay-gradient":""}}},"product_brand":[],"product_cat":[15],"product_tag":[6528,1588,6526,6527],"class_list":{"0":"post-19718","1":"product","2":"type-product","3":"status-publish","4":"has-post-thumbnail","6":"product_cat-uncategorized","7":"product_tag-cilla-ir-rolf-borjlind","8":"product_tag-kriminalinis-romanas","9":"product_tag-skandinavu-detektyvas","10":"product_tag-vaiku-nuzudymai","11":"desktop-align-left","12":"tablet-align-left","13":"mobile-align-left","15":"first","16":"instock","17":"shipping-taxable","18":"purchasable","19":"product-type-simple"},"acf":[],"yoast_head":"<!-- This site is optimized with the Yoast SEO plugin v27.0 - https:\/\/yoast.com\/product\/yoast-seo-wordpress\/ -->\n<title>Juodoji au\u0161ra<\/title>\n<meta name=\"description\" content=\"Olivija Rioning vos sp\u0117jo gr\u012f\u017eti \u012f policij\u0105, kai ma\u017e\u0105 Arildo miestel\u012f sukre\u010dia siaubingas \u012fvykis \u2013 nu\u017eudytas vaikas... Po keli\u0173 dien\u0173 \u2013 dar vienas\" \/>\n<meta name=\"robots\" content=\"index, follow, max-snippet:-1, max-image-preview:large, max-video-preview:-1\" \/>\n<link rel=\"canonical\" href=\"https:\/\/skaitytaknyga.lt\/en\/produktas\/juodoji-ausra\/\" \/>\n<meta property=\"og:locale\" content=\"en_GB\" \/>\n<meta property=\"og:locale:alternate\" content=\"lt_LT\" \/>\n<meta property=\"og:type\" content=\"article\" \/>\n<meta property=\"og:title\" content=\"Juodoji au\u0161ra\" \/>\n<meta property=\"og:description\" content=\"Olivija Rioning vos sp\u0117jo gr\u012f\u017eti \u012f policij\u0105, kai ma\u017e\u0105 Arildo miestel\u012f sukre\u010dia siaubingas \u012fvykis \u2013 nu\u017eudytas vaikas... Po keli\u0173 dien\u0173 \u2013 dar vienas\" \/>\n<meta property=\"og:url\" content=\"https:\/\/skaitytaknyga.lt\/en\/produktas\/juodoji-ausra\/\" \/>\n<meta property=\"og:site_name\" content=\"Skaitytaknyga\" \/>\n<meta property=\"article:publisher\" content=\"https:\/\/www.facebook.com\/skaitytaknyga\/\" \/>\n<meta property=\"article:modified_time\" content=\"2025-07-22T11:07:51+00:00\" \/>\n<meta property=\"og:image\" content=\"https:\/\/skaitytaknyga.lt\/wp-content\/uploads\/2025\/07\/Juodoji-ausra-1.webp\" \/>\n\t<meta property=\"og:image:width\" content=\"460\" \/>\n\t<meta property=\"og:image:height\" content=\"677\" \/>\n\t<meta property=\"og:image:type\" content=\"image\/webp\" \/>\n<meta name=\"twitter:card\" content=\"summary_large_image\" \/>\n<meta name=\"twitter:label1\" content=\"Estimated reading time\" \/>\n\t<meta name=\"twitter:data1\" content=\"1 minute\" \/>\n<script type=\"application\/ld+json\" class=\"yoast-schema-graph\">{\"@context\":\"https:\/\/schema.org\",\"@graph\":[{\"@type\":\"WebPage\",\"@id\":\"https:\/\/skaitytaknyga.lt\/produktas\/juodoji-ausra\/\",\"url\":\"https:\/\/skaitytaknyga.lt\/produktas\/juodoji-ausra\/\",\"name\":\"Juodoji au\u0161ra\",\"isPartOf\":{\"@id\":\"https:\/\/skaitytaknyga.lt\/#website\"},\"primaryImageOfPage\":{\"@id\":\"https:\/\/skaitytaknyga.lt\/produktas\/juodoji-ausra\/#primaryimage\"},\"image\":{\"@id\":\"https:\/\/skaitytaknyga.lt\/produktas\/juodoji-ausra\/#primaryimage\"},\"thumbnailUrl\":\"https:\/\/skaitytaknyga.lt\/wp-content\/uploads\/2025\/07\/Juodoji-ausra-1.webp\",\"datePublished\":\"2025-07-22T10:27:55+00:00\",\"dateModified\":\"2025-07-22T11:07:51+00:00\",\"description\":\"Olivija Rioning vos sp\u0117jo gr\u012f\u017eti \u012f policij\u0105, kai ma\u017e\u0105 Arildo miestel\u012f sukre\u010dia siaubingas \u012fvykis \u2013 nu\u017eudytas vaikas... Po keli\u0173 dien\u0173 \u2013 dar vienas\",\"breadcrumb\":{\"@id\":\"https:\/\/skaitytaknyga.lt\/produktas\/juodoji-ausra\/#breadcrumb\"},\"inLanguage\":\"en-GB\",\"potentialAction\":[{\"@type\":\"ReadAction\",\"target\":[\"https:\/\/skaitytaknyga.lt\/produktas\/juodoji-ausra\/\"]}]},{\"@type\":\"ImageObject\",\"inLanguage\":\"en-GB\",\"@id\":\"https:\/\/skaitytaknyga.lt\/produktas\/juodoji-ausra\/#primaryimage\",\"url\":\"https:\/\/skaitytaknyga.lt\/wp-content\/uploads\/2025\/07\/Juodoji-ausra-1.webp\",\"contentUrl\":\"https:\/\/skaitytaknyga.lt\/wp-content\/uploads\/2025\/07\/Juodoji-ausra-1.webp\",\"width\":460,\"height\":677},{\"@type\":\"BreadcrumbList\",\"@id\":\"https:\/\/skaitytaknyga.lt\/produktas\/juodoji-ausra\/#breadcrumb\",\"itemListElement\":[{\"@type\":\"ListItem\",\"position\":1,\"name\":\"Home\",\"item\":\"https:\/\/skaitytaknyga.lt\/\"},{\"@type\":\"ListItem\",\"position\":2,\"name\":\"Parduotuv\u0117\",\"item\":\"https:\/\/skaitytaknyga.lt\/knygu-parduotuve\/\"},{\"@type\":\"ListItem\",\"position\":3,\"name\":\"Juodoji au\u0161ra\"}]},{\"@type\":\"WebSite\",\"@id\":\"https:\/\/skaitytaknyga.lt\/#website\",\"url\":\"https:\/\/skaitytaknyga.lt\/\",\"name\":\"skaitytaknyga.lt\",\"description\":\"Skaitytaknyga.lt \u2013 tai ma\u017eas \u0161eimos verslas, kuris prasid\u0117jo nuo meil\u0117s knygoms ir siekio i\u0161gelb\u0117ti knygas nuo likimo prie konteinerio. Kas vienam nereikalingas daiktas \u2013 kitam lobis, o mes esame tarpininkai, kurie padeda abiems tapti laimingesniems ???? \u017dinome kaip nelengva i\u0161gyventi ma\u017eiems verslams, tad nuo \u0161iol, \u010dia rasite ir kit\u0173, ma\u017e\u0173 \u0161eim\u0173 versl\u0173, rank\u0173 darbo, dovan\u0173 sau ir artimiesiems.\",\"publisher\":{\"@id\":\"https:\/\/skaitytaknyga.lt\/#organization\"},\"potentialAction\":[{\"@type\":\"SearchAction\",\"target\":{\"@type\":\"EntryPoint\",\"urlTemplate\":\"https:\/\/skaitytaknyga.lt\/?s={search_term_string}\"},\"query-input\":{\"@type\":\"PropertyValueSpecification\",\"valueRequired\":true,\"valueName\":\"search_term_string\"}}],\"inLanguage\":\"en-GB\"},{\"@type\":\"Organization\",\"@id\":\"https:\/\/skaitytaknyga.lt\/#organization\",\"name\":\"skaitytaknyga.lt\",\"url\":\"https:\/\/skaitytaknyga.lt\/\",\"logo\":{\"@type\":\"ImageObject\",\"inLanguage\":\"en-GB\",\"@id\":\"https:\/\/skaitytaknyga.lt\/#\/schema\/logo\/image\/\",\"url\":\"https:\/\/skaitytaknyga.lt\/wp-content\/uploads\/2024\/05\/cropped-cropped-cropped-02_00843_jt3bggkj1j3HLc7SyY6rEUpg.jpeg\",\"contentUrl\":\"https:\/\/skaitytaknyga.lt\/wp-content\/uploads\/2024\/05\/cropped-cropped-cropped-02_00843_jt3bggkj1j3HLc7SyY6rEUpg.jpeg\",\"width\":1600,\"height\":1600,\"caption\":\"skaitytaknyga.lt\"},\"image\":{\"@id\":\"https:\/\/skaitytaknyga.lt\/#\/schema\/logo\/image\/\"},\"sameAs\":[\"https:\/\/www.facebook.com\/skaitytaknyga\/\"]}]}<\/script>\n<!-- \/ Yoast SEO plugin. -->","yoast_head_json":{"title":"Juodoji au\u0161ra","description":"Olivija Rioning vos sp\u0117jo gr\u012f\u017eti \u012f policij\u0105, kai ma\u017e\u0105 Arildo miestel\u012f sukre\u010dia siaubingas \u012fvykis \u2013 nu\u017eudytas vaikas... Po keli\u0173 dien\u0173 \u2013 dar vienas","robots":{"index":"index","follow":"follow","max-snippet":"max-snippet:-1","max-image-preview":"max-image-preview:large","max-video-preview":"max-video-preview:-1"},"canonical":"https:\/\/skaitytaknyga.lt\/en\/produktas\/juodoji-ausra\/","og_locale":"en_GB","og_type":"article","og_title":"[:lt]Juodoji au\u0161ra[:] - Skaitytaknyga","og_description":"Olivija Rioning vos sp\u0117jo gr\u012f\u017eti \u012f policij\u0105, kai ma\u017e\u0105 Arildo miestel\u012f sukre\u010dia siaubingas \u012fvykis \u2013 nu\u017eudytas vaikas... Po keli\u0173 dien\u0173 \u2013 dar vienas","og_url":"https:\/\/skaitytaknyga.lt\/en\/produktas\/juodoji-ausra\/","og_site_name":"Skaitytaknyga","article_publisher":"https:\/\/www.facebook.com\/skaitytaknyga\/","article_modified_time":"2025-07-22T11:07:51+00:00","og_image":[{"width":460,"height":677,"url":"https:\/\/skaitytaknyga.lt\/wp-content\/uploads\/2025\/07\/Juodoji-ausra-1.webp","type":"image\/webp"}],"twitter_card":"summary_large_image","twitter_misc":{"Estimated reading time":"1 minute"},"schema":{"@context":"https:\/\/schema.org","@graph":[{"@type":"WebPage","@id":"https:\/\/skaitytaknyga.lt\/produktas\/juodoji-ausra\/","url":"https:\/\/skaitytaknyga.lt\/produktas\/juodoji-ausra\/","name":"Juodoji au\u0161ra","isPartOf":{"@id":"https:\/\/skaitytaknyga.lt\/#website"},"primaryImageOfPage":{"@id":"https:\/\/skaitytaknyga.lt\/produktas\/juodoji-ausra\/#primaryimage"},"image":{"@id":"https:\/\/skaitytaknyga.lt\/produktas\/juodoji-ausra\/#primaryimage"},"thumbnailUrl":"https:\/\/skaitytaknyga.lt\/wp-content\/uploads\/2025\/07\/Juodoji-ausra-1.webp","datePublished":"2025-07-22T10:27:55+00:00","dateModified":"2025-07-22T11:07:51+00:00","description":"Olivija Rioning vos sp\u0117jo gr\u012f\u017eti \u012f policij\u0105, kai ma\u017e\u0105 Arildo miestel\u012f sukre\u010dia siaubingas \u012fvykis \u2013 nu\u017eudytas vaikas... Po keli\u0173 dien\u0173 \u2013 dar vienas","breadcrumb":{"@id":"https:\/\/skaitytaknyga.lt\/produktas\/juodoji-ausra\/#breadcrumb"},"inLanguage":"en-GB","potentialAction":[{"@type":"ReadAction","target":["https:\/\/skaitytaknyga.lt\/produktas\/juodoji-ausra\/"]}]},{"@type":"ImageObject","inLanguage":"en-GB","@id":"https:\/\/skaitytaknyga.lt\/produktas\/juodoji-ausra\/#primaryimage","url":"https:\/\/skaitytaknyga.lt\/wp-content\/uploads\/2025\/07\/Juodoji-ausra-1.webp","contentUrl":"https:\/\/skaitytaknyga.lt\/wp-content\/uploads\/2025\/07\/Juodoji-ausra-1.webp","width":460,"height":677},{"@type":"BreadcrumbList","@id":"https:\/\/skaitytaknyga.lt\/produktas\/juodoji-ausra\/#breadcrumb","itemListElement":[{"@type":"ListItem","position":1,"name":"Home","item":"https:\/\/skaitytaknyga.lt\/"},{"@type":"ListItem","position":2,"name":"Parduotuv\u0117","item":"https:\/\/skaitytaknyga.lt\/knygu-parduotuve\/"},{"@type":"ListItem","position":3,"name":"Juodoji au\u0161ra"}]},{"@type":"WebSite","@id":"https:\/\/skaitytaknyga.lt\/#website","url":"https:\/\/skaitytaknyga.lt\/","name":"skaitytaknyga.lt","description":"Skaitytaknyga.lt \u2013 tai ma\u017eas \u0161eimos verslas, kuris prasid\u0117jo nuo meil\u0117s knygoms ir siekio i\u0161gelb\u0117ti knygas nuo likimo prie konteinerio. Kas vienam nereikalingas daiktas \u2013 kitam lobis, o mes esame tarpininkai, kurie padeda abiems tapti laimingesniems ???? \u017dinome kaip nelengva i\u0161gyventi ma\u017eiems verslams, tad nuo \u0161iol, \u010dia rasite ir kit\u0173, ma\u017e\u0173 \u0161eim\u0173 versl\u0173, rank\u0173 darbo, dovan\u0173 sau ir artimiesiems.","publisher":{"@id":"https:\/\/skaitytaknyga.lt\/#organization"},"potentialAction":[{"@type":"SearchAction","target":{"@type":"EntryPoint","urlTemplate":"https:\/\/skaitytaknyga.lt\/?s={search_term_string}"},"query-input":{"@type":"PropertyValueSpecification","valueRequired":true,"valueName":"search_term_string"}}],"inLanguage":"en-GB"},{"@type":"Organization","@id":"https:\/\/skaitytaknyga.lt\/#organization","name":"skaitytaknyga.lt","url":"https:\/\/skaitytaknyga.lt\/","logo":{"@type":"ImageObject","inLanguage":"en-GB","@id":"https:\/\/skaitytaknyga.lt\/#\/schema\/logo\/image\/","url":"https:\/\/skaitytaknyga.lt\/wp-content\/uploads\/2024\/05\/cropped-cropped-cropped-02_00843_jt3bggkj1j3HLc7SyY6rEUpg.jpeg","contentUrl":"https:\/\/skaitytaknyga.lt\/wp-content\/uploads\/2024\/05\/cropped-cropped-cropped-02_00843_jt3bggkj1j3HLc7SyY6rEUpg.jpeg","width":1600,"height":1600,"caption":"skaitytaknyga.lt"},"image":{"@id":"https:\/\/skaitytaknyga.lt\/#\/schema\/logo\/image\/"},"sameAs":["https:\/\/www.facebook.com\/skaitytaknyga\/"]}]}},"_links":{"self":[{"href":"https:\/\/skaitytaknyga.lt\/en\/wp-json\/wp\/v2\/product\/19718","targetHints":{"allow":["GET"]}}],"collection":[{"href":"https:\/\/skaitytaknyga.lt\/en\/wp-json\/wp\/v2\/product"}],"about":[{"href":"https:\/\/skaitytaknyga.lt\/en\/wp-json\/wp\/v2\/types\/product"}],"replies":[{"embeddable":true,"href":"https:\/\/skaitytaknyga.lt\/en\/wp-json\/wp\/v2\/comments?post=19718"}],"wp:featuredmedia":[{"embeddable":true,"href":"https:\/\/skaitytaknyga.lt\/en\/wp-json\/wp\/v2\/media\/19725"}],"wp:attachment":[{"href":"https:\/\/skaitytaknyga.lt\/en\/wp-json\/wp\/v2\/media?parent=19718"}],"wp:term":[{"taxonomy":"product_brand","embeddable":true,"href":"https:\/\/skaitytaknyga.lt\/en\/wp-json\/wp\/v2\/product_brand?post=19718"},{"taxonomy":"product_cat","embeddable":true,"href":"https:\/\/skaitytaknyga.lt\/en\/wp-json\/wp\/v2\/product_cat?post=19718"},{"taxonomy":"product_tag","embeddable":true,"href":"https:\/\/skaitytaknyga.lt\/en\/wp-json\/wp\/v2\/product_tag?post=19718"}],"curies":[{"name":"wp","href":"https:\/\/api.w.org\/{rel}","templated":true}]}}