{"id":19717,"date":"2025-07-22T13:27:55","date_gmt":"2025-07-22T10:27:55","guid":{"rendered":"https:\/\/skaitytaknyga.lt\/?post_type=product&#038;p=19717"},"modified":"2025-07-22T14:07:51","modified_gmt":"2025-07-22T11:07:51","slug":"juodoji-vilniaus-saule","status":"publish","type":"product","link":"https:\/\/skaitytaknyga.lt\/en\/produktas\/juodoji-vilniaus-saule\/","title":{"rendered":"Juodoji Vilniaus saul\u0117"},"content":{"rendered":"<p>Tarpukario Vilnius. Pats vidur\u017eiemis prie\u0161 Kal\u0117das. Ant ryto saul\u0117s auksinamo ap\u0161erk\u0161nijusio stogo s\u0117di keistas pusnuogis jaunuolis, o i\u0161 varpin\u0117s bok\u0161to j\u012f stebi paslaptingas ne\u016b\u017eauga senis, saugomas \u017eilagalvio varno. Ne\u016b\u017eaug\u0105 smelkia nuojauta, kad vir\u0161 Vilniaus kaupiasi sunkus nelaim\u0117s debesis ir niekas negali nuo jo apginti. Nebent&#8230; Nebent Vilni\u0173 saugoti imt\u0173si keistasis jaunuolis, kur\u012f likimas \u012f \u0161\u012f miest\u0105 atved\u0117 i\u0161 tolimojo Tibeto kaln\u0173. Jo laukia sunk\u016bs i\u0161bandymai.<\/p>\n<p>Netik\u0117tas, nepaprastas ir iki paskutinio puslapio \u012ftraukiantis romanas \u201eJuodoji Vilniaus saul\u0117&#8221; trina bet kokias ribas tarp fikcijos ir tikrov\u0117s. Jame kartu veikia istorin\u0117s asmenyb\u0117s ir i\u0161galvoti veik\u0117jai, pinasi lietuvi\u0173, \u017eyd\u0173, lenk\u0173, rus\u0173 kult\u016bros, gausu nuotyki\u0173 ir keis\u010diausi\u0173 nutikim\u0173, aistros, neapykantos, juoko ir mistini\u0173 \u017eenkl\u0173&#8230; O vir\u0161 viso miestel\u0117ni\u0161ko \u0161urmulio sklend\u017eia geroji Vilniaus dvasia, kurios negali nepamilti.<\/p>\n<p>Marius Marcinkevi\u010dius \u2013 gydytojas, keliautojas ir ra\u0161ytojas. Baig\u0119s medicinos studijas Vilniaus universitete, mok\u0117si akupunkt\u016bros Kinijoje ir Uzbekijoje, keliavo po Indij\u0105, Izrael\u012f ir daugyb\u0119 kit\u0173 pasaulio \u0161ali\u0173. Jo kuriamos istorijos vaikams yra ver\u010diamos \u012f u\u017esienio kalbas, apdovanotos literat\u016brin\u0117mis premijomis, tapo spektakliais ir dainomis. \u201eJuodoji Vilniaus saul\u0117&#8221; \u2013 pirmas autoriaus k\u016brinys suaugusiems skaitytojams.<\/p>\n","protected":false},"excerpt":{"rendered":"<p>Tarpukario Vilnius. Pats vidur\u017eiemis prie\u0161 Kal\u0117das. Ant ryto saul\u0117s auksinamo ap\u0161erk\u0161nijusio stogo s\u0117di keistas pusnuogis jaunuolis, o i\u0161 varpin\u0117s bok\u0161to j\u012f stebi paslaptingas ne\u016b\u017eauga senis, saugomas \u017eilagalvio varno. Ne\u016b\u017eaug\u0105 smelkia nuojauta, kad vir\u0161 Vilniaus kaupiasi sunkus nelaim\u0117s debesis ir niekas negali nuo jo apginti. Nebent&#8230; Nebent Vilni\u0173 saugoti imt\u0173si keistasis jaunuolis, kur\u012f likimas \u012f \u0161\u012f miest\u0105 atved\u0117 i\u0161 tolimojo Tibeto kaln\u0173. Jo laukia sunk\u016bs i\u0161bandymai. Netik\u0117tas, nepaprastas ir iki paskutinio puslapio \u012ftraukiantis romanas \u201eJuodoji Vilniaus saul\u0117&#8221; trina bet kokias ribas tarp fikcijos ir tikrov\u0117s. Jame kartu veikia istorin\u0117s asmenyb\u0117s ir i\u0161galvoti veik\u0117jai, pinasi lietuvi\u0173, \u017eyd\u0173, lenk\u0173, rus\u0173 kult\u016bros, gausu nuotyki\u0173 ir keis\u010diausi\u0173 nutikim\u0173, aistros, neapykantos, juoko ir mistini\u0173 \u017eenkl\u0173&#8230; O vir\u0161 viso miestel\u0117ni\u0161ko \u0161urmulio sklend\u017eia geroji Vilniaus dvasia, kurios negali nepamilti. Marius Marcinkevi\u010dius \u2013 gydytojas, keliautojas ir ra\u0161ytojas. Baig\u0119s medicinos studijas Vilniaus universitete, mok\u0117si akupunkt\u016bros Kinijoje ir Uzbekijoje, keliavo po Indij\u0105, Izrael\u012f ir daugyb\u0119 kit\u0173 pasaulio \u0161ali\u0173. Jo kuriamos istorijos vaikams yra ver\u010diamos \u012f u\u017esienio kalbas, apdovanotos literat\u016brin\u0117mis premijomis, tapo spektakliais ir dainomis. \u201eJuodoji Vilniaus saul\u0117&#8221; \u2013 pirmas autoriaus k\u016brinys suaugusiems skaitytojams.<\/p>\n","protected":false},"featured_media":19723,"comment_status":"open","ping_status":"closed","template":"","meta":{"_acf_changed":false,"site-sidebar-layout":"default","site-content-layout":"","ast-site-content-layout":"default","site-content-style":"default","site-sidebar-style":"default","ast-global-header-display":"","ast-banner-title-visibility":"","ast-main-header-display":"","ast-hfb-above-header-display":"","ast-hfb-below-header-display":"","ast-hfb-mobile-header-display":"","site-post-title":"","ast-breadcrumbs-content":"","ast-featured-img":"","footer-sml-layout":"","ast-disable-related-posts":"","theme-transparent-header-meta":"","adv-header-id-meta":"","stick-header-meta":"","header-above-stick-meta":"","header-main-stick-meta":"","header-below-stick-meta":"","astra-migrate-meta-layouts":"default","ast-page-background-enabled":"default","ast-page-background-meta":{"desktop":{"background-color":"","background-image":"","background-repeat":"repeat","background-position":"center center","background-size":"auto","background-attachment":"scroll","background-type":"","background-media":"","overlay-type":"","overlay-color":"","overlay-opacity":"","overlay-gradient":""},"tablet":{"background-color":"","background-image":"","background-repeat":"repeat","background-position":"center center","background-size":"auto","background-attachment":"scroll","background-type":"","background-media":"","overlay-type":"","overlay-color":"","overlay-opacity":"","overlay-gradient":""},"mobile":{"background-color":"","background-image":"","background-repeat":"repeat","background-position":"center center","background-size":"auto","background-attachment":"scroll","background-type":"","background-media":"","overlay-type":"","overlay-color":"","overlay-opacity":"","overlay-gradient":""}},"ast-content-background-meta":{"desktop":{"background-color":"var(--ast-global-color-4)","background-image":"","background-repeat":"repeat","background-position":"center center","background-size":"auto","background-attachment":"scroll","background-type":"","background-media":"","overlay-type":"","overlay-color":"","overlay-opacity":"","overlay-gradient":""},"tablet":{"background-color":"var(--ast-global-color-4)","background-image":"","background-repeat":"repeat","background-position":"center center","background-size":"auto","background-attachment":"scroll","background-type":"","background-media":"","overlay-type":"","overlay-color":"","overlay-opacity":"","overlay-gradient":""},"mobile":{"background-color":"var(--ast-global-color-4)","background-image":"","background-repeat":"repeat","background-position":"center center","background-size":"auto","background-attachment":"scroll","background-type":"","background-media":"","overlay-type":"","overlay-color":"","overlay-opacity":"","overlay-gradient":""}}},"product_brand":[],"product_cat":[31],"product_tag":[1504,6524,6525,2944],"class_list":{"0":"post-19717","1":"product","2":"type-product","3":"status-publish","4":"has-post-thumbnail","6":"product_cat-grozine-literatura","7":"product_tag-fantastika","8":"product_tag-istorinis-vilnius","9":"product_tag-marius-marcinkevicius","10":"product_tag-mistika","11":"desktop-align-left","12":"tablet-align-left","13":"mobile-align-left","15":"first","16":"instock","17":"shipping-taxable","18":"purchasable","19":"product-type-simple"},"acf":[],"yoast_head":"<!-- This site is optimized with the Yoast SEO plugin v27.0 - https:\/\/yoast.com\/product\/yoast-seo-wordpress\/ -->\n<title>Juodoji Vilniaus saul\u0117<\/title>\n<meta name=\"description\" content=\"Tarpukario Vilnius. Pats vidur\u017eiemis prie\u0161 Kal\u0117das. Ant ryto saul\u0117s auksinamo ap\u0161erk\u0161nijusio stogo s\u0117di keistas pusnuogis jaunuolis, o i\u0161 varpin\u0117s bok\u0161to\" \/>\n<meta name=\"robots\" content=\"index, follow, max-snippet:-1, max-image-preview:large, max-video-preview:-1\" \/>\n<link rel=\"canonical\" href=\"https:\/\/skaitytaknyga.lt\/en\/produktas\/juodoji-vilniaus-saule\/\" \/>\n<meta property=\"og:locale\" content=\"en_GB\" \/>\n<meta property=\"og:locale:alternate\" content=\"lt_LT\" \/>\n<meta property=\"og:type\" content=\"article\" \/>\n<meta property=\"og:title\" content=\"Juodoji Vilniaus saul\u0117\" \/>\n<meta property=\"og:description\" content=\"Tarpukario Vilnius. Pats vidur\u017eiemis prie\u0161 Kal\u0117das. Ant ryto saul\u0117s auksinamo ap\u0161erk\u0161nijusio stogo s\u0117di keistas pusnuogis jaunuolis, o i\u0161 varpin\u0117s bok\u0161to\" \/>\n<meta property=\"og:url\" content=\"https:\/\/skaitytaknyga.lt\/en\/produktas\/juodoji-vilniaus-saule\/\" \/>\n<meta property=\"og:site_name\" content=\"Skaitytaknyga\" \/>\n<meta property=\"article:publisher\" content=\"https:\/\/www.facebook.com\/skaitytaknyga\/\" \/>\n<meta property=\"article:modified_time\" content=\"2025-07-22T11:07:51+00:00\" \/>\n<meta property=\"og:image\" content=\"https:\/\/skaitytaknyga.lt\/wp-content\/uploads\/2025\/07\/Juodoji-Vilniaus-saule-1.webp\" \/>\n\t<meta property=\"og:image:width\" content=\"366\" \/>\n\t<meta property=\"og:image:height\" content=\"600\" \/>\n\t<meta property=\"og:image:type\" content=\"image\/webp\" \/>\n<meta name=\"twitter:card\" content=\"summary_large_image\" \/>\n<meta name=\"twitter:label1\" content=\"Estimated reading time\" \/>\n\t<meta name=\"twitter:data1\" content=\"1 minute\" \/>\n<script type=\"application\/ld+json\" class=\"yoast-schema-graph\">{\"@context\":\"https:\/\/schema.org\",\"@graph\":[{\"@type\":\"WebPage\",\"@id\":\"https:\/\/skaitytaknyga.lt\/produktas\/juodoji-vilniaus-saule\/\",\"url\":\"https:\/\/skaitytaknyga.lt\/produktas\/juodoji-vilniaus-saule\/\",\"name\":\"Juodoji Vilniaus saul\u0117\",\"isPartOf\":{\"@id\":\"https:\/\/skaitytaknyga.lt\/#website\"},\"primaryImageOfPage\":{\"@id\":\"https:\/\/skaitytaknyga.lt\/produktas\/juodoji-vilniaus-saule\/#primaryimage\"},\"image\":{\"@id\":\"https:\/\/skaitytaknyga.lt\/produktas\/juodoji-vilniaus-saule\/#primaryimage\"},\"thumbnailUrl\":\"https:\/\/skaitytaknyga.lt\/wp-content\/uploads\/2025\/07\/Juodoji-Vilniaus-saule-1.webp\",\"datePublished\":\"2025-07-22T10:27:55+00:00\",\"dateModified\":\"2025-07-22T11:07:51+00:00\",\"description\":\"Tarpukario Vilnius. Pats vidur\u017eiemis prie\u0161 Kal\u0117das. Ant ryto saul\u0117s auksinamo ap\u0161erk\u0161nijusio stogo s\u0117di keistas pusnuogis jaunuolis, o i\u0161 varpin\u0117s bok\u0161to\",\"breadcrumb\":{\"@id\":\"https:\/\/skaitytaknyga.lt\/produktas\/juodoji-vilniaus-saule\/#breadcrumb\"},\"inLanguage\":\"en-GB\",\"potentialAction\":[{\"@type\":\"ReadAction\",\"target\":[\"https:\/\/skaitytaknyga.lt\/produktas\/juodoji-vilniaus-saule\/\"]}]},{\"@type\":\"ImageObject\",\"inLanguage\":\"en-GB\",\"@id\":\"https:\/\/skaitytaknyga.lt\/produktas\/juodoji-vilniaus-saule\/#primaryimage\",\"url\":\"https:\/\/skaitytaknyga.lt\/wp-content\/uploads\/2025\/07\/Juodoji-Vilniaus-saule-1.webp\",\"contentUrl\":\"https:\/\/skaitytaknyga.lt\/wp-content\/uploads\/2025\/07\/Juodoji-Vilniaus-saule-1.webp\",\"width\":366,\"height\":600,\"caption\":\"Juodoji Vilniaus saul\u0117\"},{\"@type\":\"BreadcrumbList\",\"@id\":\"https:\/\/skaitytaknyga.lt\/produktas\/juodoji-vilniaus-saule\/#breadcrumb\",\"itemListElement\":[{\"@type\":\"ListItem\",\"position\":1,\"name\":\"Home\",\"item\":\"https:\/\/skaitytaknyga.lt\/\"},{\"@type\":\"ListItem\",\"position\":2,\"name\":\"Parduotuv\u0117\",\"item\":\"https:\/\/skaitytaknyga.lt\/knygu-parduotuve\/\"},{\"@type\":\"ListItem\",\"position\":3,\"name\":\"Juodoji Vilniaus saul\u0117\"}]},{\"@type\":\"WebSite\",\"@id\":\"https:\/\/skaitytaknyga.lt\/#website\",\"url\":\"https:\/\/skaitytaknyga.lt\/\",\"name\":\"skaitytaknyga.lt\",\"description\":\"Skaitytaknyga.lt \u2013 tai ma\u017eas \u0161eimos verslas, kuris prasid\u0117jo nuo meil\u0117s knygoms ir siekio i\u0161gelb\u0117ti knygas nuo likimo prie konteinerio. Kas vienam nereikalingas daiktas \u2013 kitam lobis, o mes esame tarpininkai, kurie padeda abiems tapti laimingesniems ???? \u017dinome kaip nelengva i\u0161gyventi ma\u017eiems verslams, tad nuo \u0161iol, \u010dia rasite ir kit\u0173, ma\u017e\u0173 \u0161eim\u0173 versl\u0173, rank\u0173 darbo, dovan\u0173 sau ir artimiesiems.\",\"publisher\":{\"@id\":\"https:\/\/skaitytaknyga.lt\/#organization\"},\"potentialAction\":[{\"@type\":\"SearchAction\",\"target\":{\"@type\":\"EntryPoint\",\"urlTemplate\":\"https:\/\/skaitytaknyga.lt\/?s={search_term_string}\"},\"query-input\":{\"@type\":\"PropertyValueSpecification\",\"valueRequired\":true,\"valueName\":\"search_term_string\"}}],\"inLanguage\":\"en-GB\"},{\"@type\":\"Organization\",\"@id\":\"https:\/\/skaitytaknyga.lt\/#organization\",\"name\":\"skaitytaknyga.lt\",\"url\":\"https:\/\/skaitytaknyga.lt\/\",\"logo\":{\"@type\":\"ImageObject\",\"inLanguage\":\"en-GB\",\"@id\":\"https:\/\/skaitytaknyga.lt\/#\/schema\/logo\/image\/\",\"url\":\"https:\/\/skaitytaknyga.lt\/wp-content\/uploads\/2024\/05\/cropped-cropped-cropped-02_00843_jt3bggkj1j3HLc7SyY6rEUpg.jpeg\",\"contentUrl\":\"https:\/\/skaitytaknyga.lt\/wp-content\/uploads\/2024\/05\/cropped-cropped-cropped-02_00843_jt3bggkj1j3HLc7SyY6rEUpg.jpeg\",\"width\":1600,\"height\":1600,\"caption\":\"skaitytaknyga.lt\"},\"image\":{\"@id\":\"https:\/\/skaitytaknyga.lt\/#\/schema\/logo\/image\/\"},\"sameAs\":[\"https:\/\/www.facebook.com\/skaitytaknyga\/\"]}]}<\/script>\n<!-- \/ Yoast SEO plugin. -->","yoast_head_json":{"title":"Juodoji Vilniaus saul\u0117","description":"Tarpukario Vilnius. Pats vidur\u017eiemis prie\u0161 Kal\u0117das. Ant ryto saul\u0117s auksinamo ap\u0161erk\u0161nijusio stogo s\u0117di keistas pusnuogis jaunuolis, o i\u0161 varpin\u0117s bok\u0161to","robots":{"index":"index","follow":"follow","max-snippet":"max-snippet:-1","max-image-preview":"max-image-preview:large","max-video-preview":"max-video-preview:-1"},"canonical":"https:\/\/skaitytaknyga.lt\/en\/produktas\/juodoji-vilniaus-saule\/","og_locale":"en_GB","og_type":"article","og_title":"[:lt]Juodoji Vilniaus saul\u0117[:] - Skaitytaknyga","og_description":"Tarpukario Vilnius. Pats vidur\u017eiemis prie\u0161 Kal\u0117das. Ant ryto saul\u0117s auksinamo ap\u0161erk\u0161nijusio stogo s\u0117di keistas pusnuogis jaunuolis, o i\u0161 varpin\u0117s bok\u0161to","og_url":"https:\/\/skaitytaknyga.lt\/en\/produktas\/juodoji-vilniaus-saule\/","og_site_name":"Skaitytaknyga","article_publisher":"https:\/\/www.facebook.com\/skaitytaknyga\/","article_modified_time":"2025-07-22T11:07:51+00:00","og_image":[{"width":366,"height":600,"url":"https:\/\/skaitytaknyga.lt\/wp-content\/uploads\/2025\/07\/Juodoji-Vilniaus-saule-1.webp","type":"image\/webp"}],"twitter_card":"summary_large_image","twitter_misc":{"Estimated reading time":"1 minute"},"schema":{"@context":"https:\/\/schema.org","@graph":[{"@type":"WebPage","@id":"https:\/\/skaitytaknyga.lt\/produktas\/juodoji-vilniaus-saule\/","url":"https:\/\/skaitytaknyga.lt\/produktas\/juodoji-vilniaus-saule\/","name":"Juodoji Vilniaus saul\u0117","isPartOf":{"@id":"https:\/\/skaitytaknyga.lt\/#website"},"primaryImageOfPage":{"@id":"https:\/\/skaitytaknyga.lt\/produktas\/juodoji-vilniaus-saule\/#primaryimage"},"image":{"@id":"https:\/\/skaitytaknyga.lt\/produktas\/juodoji-vilniaus-saule\/#primaryimage"},"thumbnailUrl":"https:\/\/skaitytaknyga.lt\/wp-content\/uploads\/2025\/07\/Juodoji-Vilniaus-saule-1.webp","datePublished":"2025-07-22T10:27:55+00:00","dateModified":"2025-07-22T11:07:51+00:00","description":"Tarpukario Vilnius. Pats vidur\u017eiemis prie\u0161 Kal\u0117das. Ant ryto saul\u0117s auksinamo ap\u0161erk\u0161nijusio stogo s\u0117di keistas pusnuogis jaunuolis, o i\u0161 varpin\u0117s bok\u0161to","breadcrumb":{"@id":"https:\/\/skaitytaknyga.lt\/produktas\/juodoji-vilniaus-saule\/#breadcrumb"},"inLanguage":"en-GB","potentialAction":[{"@type":"ReadAction","target":["https:\/\/skaitytaknyga.lt\/produktas\/juodoji-vilniaus-saule\/"]}]},{"@type":"ImageObject","inLanguage":"en-GB","@id":"https:\/\/skaitytaknyga.lt\/produktas\/juodoji-vilniaus-saule\/#primaryimage","url":"https:\/\/skaitytaknyga.lt\/wp-content\/uploads\/2025\/07\/Juodoji-Vilniaus-saule-1.webp","contentUrl":"https:\/\/skaitytaknyga.lt\/wp-content\/uploads\/2025\/07\/Juodoji-Vilniaus-saule-1.webp","width":366,"height":600,"caption":"Juodoji Vilniaus saul\u0117"},{"@type":"BreadcrumbList","@id":"https:\/\/skaitytaknyga.lt\/produktas\/juodoji-vilniaus-saule\/#breadcrumb","itemListElement":[{"@type":"ListItem","position":1,"name":"Home","item":"https:\/\/skaitytaknyga.lt\/"},{"@type":"ListItem","position":2,"name":"Parduotuv\u0117","item":"https:\/\/skaitytaknyga.lt\/knygu-parduotuve\/"},{"@type":"ListItem","position":3,"name":"Juodoji Vilniaus saul\u0117"}]},{"@type":"WebSite","@id":"https:\/\/skaitytaknyga.lt\/#website","url":"https:\/\/skaitytaknyga.lt\/","name":"skaitytaknyga.lt","description":"Skaitytaknyga.lt \u2013 tai ma\u017eas \u0161eimos verslas, kuris prasid\u0117jo nuo meil\u0117s knygoms ir siekio i\u0161gelb\u0117ti knygas nuo likimo prie konteinerio. Kas vienam nereikalingas daiktas \u2013 kitam lobis, o mes esame tarpininkai, kurie padeda abiems tapti laimingesniems ???? \u017dinome kaip nelengva i\u0161gyventi ma\u017eiems verslams, tad nuo \u0161iol, \u010dia rasite ir kit\u0173, ma\u017e\u0173 \u0161eim\u0173 versl\u0173, rank\u0173 darbo, dovan\u0173 sau ir artimiesiems.","publisher":{"@id":"https:\/\/skaitytaknyga.lt\/#organization"},"potentialAction":[{"@type":"SearchAction","target":{"@type":"EntryPoint","urlTemplate":"https:\/\/skaitytaknyga.lt\/?s={search_term_string}"},"query-input":{"@type":"PropertyValueSpecification","valueRequired":true,"valueName":"search_term_string"}}],"inLanguage":"en-GB"},{"@type":"Organization","@id":"https:\/\/skaitytaknyga.lt\/#organization","name":"skaitytaknyga.lt","url":"https:\/\/skaitytaknyga.lt\/","logo":{"@type":"ImageObject","inLanguage":"en-GB","@id":"https:\/\/skaitytaknyga.lt\/#\/schema\/logo\/image\/","url":"https:\/\/skaitytaknyga.lt\/wp-content\/uploads\/2024\/05\/cropped-cropped-cropped-02_00843_jt3bggkj1j3HLc7SyY6rEUpg.jpeg","contentUrl":"https:\/\/skaitytaknyga.lt\/wp-content\/uploads\/2024\/05\/cropped-cropped-cropped-02_00843_jt3bggkj1j3HLc7SyY6rEUpg.jpeg","width":1600,"height":1600,"caption":"skaitytaknyga.lt"},"image":{"@id":"https:\/\/skaitytaknyga.lt\/#\/schema\/logo\/image\/"},"sameAs":["https:\/\/www.facebook.com\/skaitytaknyga\/"]}]}},"_links":{"self":[{"href":"https:\/\/skaitytaknyga.lt\/en\/wp-json\/wp\/v2\/product\/19717","targetHints":{"allow":["GET"]}}],"collection":[{"href":"https:\/\/skaitytaknyga.lt\/en\/wp-json\/wp\/v2\/product"}],"about":[{"href":"https:\/\/skaitytaknyga.lt\/en\/wp-json\/wp\/v2\/types\/product"}],"replies":[{"embeddable":true,"href":"https:\/\/skaitytaknyga.lt\/en\/wp-json\/wp\/v2\/comments?post=19717"}],"wp:featuredmedia":[{"embeddable":true,"href":"https:\/\/skaitytaknyga.lt\/en\/wp-json\/wp\/v2\/media\/19723"}],"wp:attachment":[{"href":"https:\/\/skaitytaknyga.lt\/en\/wp-json\/wp\/v2\/media?parent=19717"}],"wp:term":[{"taxonomy":"product_brand","embeddable":true,"href":"https:\/\/skaitytaknyga.lt\/en\/wp-json\/wp\/v2\/product_brand?post=19717"},{"taxonomy":"product_cat","embeddable":true,"href":"https:\/\/skaitytaknyga.lt\/en\/wp-json\/wp\/v2\/product_cat?post=19717"},{"taxonomy":"product_tag","embeddable":true,"href":"https:\/\/skaitytaknyga.lt\/en\/wp-json\/wp\/v2\/product_tag?post=19717"}],"curies":[{"name":"wp","href":"https:\/\/api.w.org\/{rel}","templated":true}]}}