{"id":19715,"date":"2025-07-22T13:27:55","date_gmt":"2025-07-22T10:27:55","guid":{"rendered":"https:\/\/skaitytaknyga.lt\/?post_type=product&#038;p=19715"},"modified":"2025-07-22T14:07:42","modified_gmt":"2025-07-22T11:07:42","slug":"jei-ne-vinis-diksis","status":"publish","type":"product","link":"https:\/\/skaitytaknyga.lt\/en\/produktas\/jei-ne-vinis-diksis\/","title":{"rendered":"Jei ne Vinis Diksis"},"content":{"rendered":"<p>Vien\u0105 vasaros dien\u0105 de\u0161imtmet\u0117 Indija Opala Buloni, u\u017euot parne\u0161usi i\u0161 parduotuv\u0117s makaron\u0173 su s\u016briu, gr\u012f\u017eta su \u0161unimi. Vinis Diksis \u2013 nepaprastas \u0161uo. Labai didelis. Labai ne\u0161varus. O svarbiausia \u2013 i\u0161nir\u0119s i\u0161 u\u017e kampo, \u010diuo\u017etel\u0117j\u0119s prie\u0161 mergait\u0119, jis nusi\u0161ypsojo. Opala niekada gyvenime nebuvo ma\u010diusi besi\u0161ypsan\u010dio \u0161uns. Bet jis tikrai \u0161ypsojosi.<\/p>\n<p>Jei ne Vinis Diksis&#8230; Jei ne Vinis Diksis, Opala \u0161iame jai nepa\u017e\u012fstamame mieste tikrai neb\u016bt\u0173 \u012fgijusi tiek draug\u0173, i\u0161girdusi toki\u0173 keist\u0173 ir netik\u0117t\u0173 istorij\u0173 apie \u010dia gyvenan\u010dius \u017emones. Be to, jei ne Vinis Diksis, Opala tikriausiai neb\u016bt\u0173 i\u0161dr\u012fsusi savo nekalbaus t\u0117\u010dio paklausti, kaip ir kod\u0117l juos paliko mama. Vinis Diksis jai tiesiog pad\u0117jo pa\u017einti pasaul\u012f&#8230;<\/p>\n<p>\u201eTai knyga, siekianti pa\u010di\u0105 \u0161ird\u012f. Tikra \u0161vent\u0117 skaitytojams nuo 9 iki 99-eri\u0173.&#8221;<\/p>\n<p>\u201ePasakojimas, kur\u012f ra\u0161o pats gyvenimas, arba apie kok\u012f mes svajojame.&#8221;<\/p>\n<p>\u201eNuostabus romanas, para\u0161ytas vaiko \u017evilgsniu, kupinas s\u0105mojo ir gilios prasm\u0117s.&#8221;<\/p>\n<p>Amerikie\u010di\u0173 ra\u0161ytoja Keit\u0117 Dikamilou (Kate DiCamillo) vis\u0105 gyvenim\u0105 ra\u0161o vaikams. Ma\u017eieji skaitytojai nepaprastai m\u0117gsta jos knygas. Pasakojimas apie de\u0161imtmet\u0117s Opalos ir keisto, bet labai mielo \u0161uns Vinio Diksio draugyst\u0119 2000 metais laim\u0117jo auksin\u012f \u201eT\u0117v\u0173 pasirinkimo&#8221; medal\u012f, o dar po met\u0173 buvo apdovanotas \u201eNewbery Honor Book&#8221; medaliu, kuris skiriamas u\u017e ypating\u0105 ind\u0117l\u012f \u012f amerikie\u010di\u0173 vaik\u0173 literat\u016br\u0105. 2005 m. pagal \u0161i\u0105 knyg\u0105 buvo sukurtas ir filmas, u\u017ekariav\u0119s ne tik vaik\u0173, bet ir suaugusi\u0173j\u0173 \u0161irdis.<\/p>\n","protected":false},"excerpt":{"rendered":"<p>Vien\u0105 vasaros dien\u0105 de\u0161imtmet\u0117 Indija Opala Buloni, u\u017euot parne\u0161usi i\u0161 parduotuv\u0117s makaron\u0173 su s\u016briu, gr\u012f\u017eta su \u0161unimi. Vinis Diksis \u2013 nepaprastas \u0161uo. Labai didelis. Labai ne\u0161varus. O svarbiausia \u2013 i\u0161nir\u0119s i\u0161 u\u017e kampo, \u010diuo\u017etel\u0117j\u0119s prie\u0161 mergait\u0119, jis nusi\u0161ypsojo. Opala niekada gyvenime nebuvo ma\u010diusi besi\u0161ypsan\u010dio \u0161uns. Bet jis tikrai \u0161ypsojosi. Jei ne Vinis Diksis&#8230; Jei ne Vinis Diksis, Opala \u0161iame jai nepa\u017e\u012fstamame mieste tikrai neb\u016bt\u0173 \u012fgijusi tiek draug\u0173, i\u0161girdusi toki\u0173 keist\u0173 ir netik\u0117t\u0173 istorij\u0173 apie \u010dia gyvenan\u010dius \u017emones. Be to, jei ne Vinis Diksis, Opala tikriausiai neb\u016bt\u0173 i\u0161dr\u012fsusi savo nekalbaus t\u0117\u010dio paklausti, kaip ir kod\u0117l juos paliko mama. Vinis Diksis jai tiesiog pad\u0117jo pa\u017einti pasaul\u012f&#8230; \u201eTai knyga, siekianti pa\u010di\u0105 \u0161ird\u012f. Tikra \u0161vent\u0117 skaitytojams nuo 9 iki 99-eri\u0173.&#8221; \u201ePasakojimas, kur\u012f ra\u0161o pats gyvenimas, arba apie kok\u012f mes svajojame.&#8221; \u201eNuostabus romanas, para\u0161ytas vaiko \u017evilgsniu, kupinas s\u0105mojo ir gilios prasm\u0117s.&#8221; Amerikie\u010di\u0173 ra\u0161ytoja Keit\u0117 Dikamilou (Kate DiCamillo) vis\u0105 gyvenim\u0105 ra\u0161o vaikams. Ma\u017eieji skaitytojai nepaprastai m\u0117gsta jos knygas. Pasakojimas apie de\u0161imtmet\u0117s Opalos ir keisto, bet labai mielo \u0161uns Vinio Diksio draugyst\u0119 2000 metais laim\u0117jo auksin\u012f \u201eT\u0117v\u0173 pasirinkimo&#8221; medal\u012f, o dar po met\u0173 buvo apdovanotas \u201eNewbery Honor Book&#8221; medaliu, kuris skiriamas u\u017e ypating\u0105 ind\u0117l\u012f \u012f amerikie\u010di\u0173 vaik\u0173 literat\u016br\u0105. 2005 m. pagal \u0161i\u0105 knyg\u0105 buvo sukurtas ir filmas, u\u017ekariav\u0119s ne tik vaik\u0173, bet ir suaugusi\u0173j\u0173 \u0161irdis.<\/p>\n","protected":false},"featured_media":19720,"comment_status":"open","ping_status":"closed","template":"","meta":{"_acf_changed":false,"site-sidebar-layout":"default","site-content-layout":"","ast-site-content-layout":"default","site-content-style":"default","site-sidebar-style":"default","ast-global-header-display":"","ast-banner-title-visibility":"","ast-main-header-display":"","ast-hfb-above-header-display":"","ast-hfb-below-header-display":"","ast-hfb-mobile-header-display":"","site-post-title":"","ast-breadcrumbs-content":"","ast-featured-img":"","footer-sml-layout":"","ast-disable-related-posts":"","theme-transparent-header-meta":"","adv-header-id-meta":"","stick-header-meta":"","header-above-stick-meta":"","header-main-stick-meta":"","header-below-stick-meta":"","astra-migrate-meta-layouts":"default","ast-page-background-enabled":"default","ast-page-background-meta":{"desktop":{"background-color":"","background-image":"","background-repeat":"repeat","background-position":"center center","background-size":"auto","background-attachment":"scroll","background-type":"","background-media":"","overlay-type":"","overlay-color":"","overlay-opacity":"","overlay-gradient":""},"tablet":{"background-color":"","background-image":"","background-repeat":"repeat","background-position":"center center","background-size":"auto","background-attachment":"scroll","background-type":"","background-media":"","overlay-type":"","overlay-color":"","overlay-opacity":"","overlay-gradient":""},"mobile":{"background-color":"","background-image":"","background-repeat":"repeat","background-position":"center center","background-size":"auto","background-attachment":"scroll","background-type":"","background-media":"","overlay-type":"","overlay-color":"","overlay-opacity":"","overlay-gradient":""}},"ast-content-background-meta":{"desktop":{"background-color":"var(--ast-global-color-4)","background-image":"","background-repeat":"repeat","background-position":"center center","background-size":"auto","background-attachment":"scroll","background-type":"","background-media":"","overlay-type":"","overlay-color":"","overlay-opacity":"","overlay-gradient":""},"tablet":{"background-color":"var(--ast-global-color-4)","background-image":"","background-repeat":"repeat","background-position":"center center","background-size":"auto","background-attachment":"scroll","background-type":"","background-media":"","overlay-type":"","overlay-color":"","overlay-opacity":"","overlay-gradient":""},"mobile":{"background-color":"var(--ast-global-color-4)","background-image":"","background-repeat":"repeat","background-position":"center center","background-size":"auto","background-attachment":"scroll","background-type":"","background-media":"","overlay-type":"","overlay-color":"","overlay-opacity":"","overlay-gradient":""}}},"product_brand":[],"product_cat":[15],"product_tag":[6520,6521,6522,1785],"class_list":{"0":"post-19715","1":"product","2":"type-product","3":"status-publish","4":"has-post-thumbnail","6":"product_cat-uncategorized","7":"product_tag-draugyste-su-gyvunais","8":"product_tag-jautri-istorija","9":"product_tag-kate-dicamillo","10":"product_tag-vaikams","11":"desktop-align-left","12":"tablet-align-left","13":"mobile-align-left","15":"first","16":"instock","17":"shipping-taxable","18":"purchasable","19":"product-type-simple"},"acf":[],"yoast_head":"<!-- This site is optimized with the Yoast SEO plugin v27.4 - https:\/\/yoast.com\/product\/yoast-seo-wordpress\/ -->\n<title>Jei ne Vinis Diksis<\/title>\n<meta name=\"description\" content=\"Vien\u0105 vasaros dien\u0105 de\u0161imtmet\u0117 Indija Opala Buloni, u\u017euot parne\u0161usi i\u0161 parduotuv\u0117s makaron\u0173 su s\u016briu, gr\u012f\u017eta su \u0161unimi. Vinis Diksis \u2013 nepaprastas \u0161uo.\" \/>\n<meta name=\"robots\" content=\"index, follow, max-snippet:-1, max-image-preview:large, max-video-preview:-1\" \/>\n<link rel=\"canonical\" href=\"https:\/\/skaitytaknyga.lt\/en\/produktas\/jei-ne-vinis-diksis\/\" \/>\n<meta property=\"og:locale\" content=\"en_GB\" \/>\n<meta property=\"og:locale:alternate\" content=\"lt_LT\" \/>\n<meta property=\"og:type\" content=\"article\" \/>\n<meta property=\"og:title\" content=\"Jei ne Vinis Diksis\" \/>\n<meta property=\"og:description\" content=\"Vien\u0105 vasaros dien\u0105 de\u0161imtmet\u0117 Indija Opala Buloni, u\u017euot parne\u0161usi i\u0161 parduotuv\u0117s makaron\u0173 su s\u016briu, gr\u012f\u017eta su \u0161unimi. Vinis Diksis \u2013 nepaprastas \u0161uo.\" \/>\n<meta property=\"og:url\" content=\"https:\/\/skaitytaknyga.lt\/en\/produktas\/jei-ne-vinis-diksis\/\" \/>\n<meta property=\"og:site_name\" content=\"Skaitytaknyga\" \/>\n<meta property=\"article:publisher\" content=\"https:\/\/www.facebook.com\/skaitytaknyga\/\" \/>\n<meta property=\"article:modified_time\" content=\"2025-07-22T11:07:42+00:00\" \/>\n<meta property=\"og:image\" content=\"https:\/\/skaitytaknyga.lt\/wp-content\/uploads\/2024\/07\/skaitytaknyga.png\" \/>\n\t<meta property=\"og:image:width\" content=\"747\" \/>\n\t<meta property=\"og:image:height\" content=\"496\" \/>\n\t<meta property=\"og:image:type\" content=\"image\/png\" \/>\n<meta name=\"twitter:card\" content=\"summary_large_image\" \/>\n<meta name=\"twitter:label1\" content=\"Estimated reading time\" \/>\n\t<meta name=\"twitter:data1\" content=\"1 minute\" \/>\n<script type=\"application\/ld+json\" class=\"yoast-schema-graph\">{\"@context\":\"https:\\\/\\\/schema.org\",\"@graph\":[{\"@type\":\"WebPage\",\"@id\":\"https:\\\/\\\/skaitytaknyga.lt\\\/produktas\\\/jei-ne-vinis-diksis\\\/\",\"url\":\"https:\\\/\\\/skaitytaknyga.lt\\\/produktas\\\/jei-ne-vinis-diksis\\\/\",\"name\":\"Jei ne Vinis Diksis\",\"isPartOf\":{\"@id\":\"https:\\\/\\\/skaitytaknyga.lt\\\/#website\"},\"primaryImageOfPage\":{\"@id\":\"https:\\\/\\\/skaitytaknyga.lt\\\/produktas\\\/jei-ne-vinis-diksis\\\/#primaryimage\"},\"image\":{\"@id\":\"https:\\\/\\\/skaitytaknyga.lt\\\/produktas\\\/jei-ne-vinis-diksis\\\/#primaryimage\"},\"thumbnailUrl\":\"https:\\\/\\\/skaitytaknyga.lt\\\/wp-content\\\/uploads\\\/2025\\\/07\\\/Jei-ne-Vinis-Diksis.webp\",\"datePublished\":\"2025-07-22T10:27:55+00:00\",\"dateModified\":\"2025-07-22T11:07:42+00:00\",\"description\":\"Vien\u0105 vasaros dien\u0105 de\u0161imtmet\u0117 Indija Opala Buloni, u\u017euot parne\u0161usi i\u0161 parduotuv\u0117s makaron\u0173 su s\u016briu, gr\u012f\u017eta su \u0161unimi. Vinis Diksis \u2013 nepaprastas \u0161uo.\",\"breadcrumb\":{\"@id\":\"https:\\\/\\\/skaitytaknyga.lt\\\/produktas\\\/jei-ne-vinis-diksis\\\/#breadcrumb\"},\"inLanguage\":\"en-GB\",\"potentialAction\":[{\"@type\":\"ReadAction\",\"target\":[\"https:\\\/\\\/skaitytaknyga.lt\\\/produktas\\\/jei-ne-vinis-diksis\\\/\"]}]},{\"@type\":\"ImageObject\",\"inLanguage\":\"en-GB\",\"@id\":\"https:\\\/\\\/skaitytaknyga.lt\\\/produktas\\\/jei-ne-vinis-diksis\\\/#primaryimage\",\"url\":\"https:\\\/\\\/skaitytaknyga.lt\\\/wp-content\\\/uploads\\\/2025\\\/07\\\/Jei-ne-Vinis-Diksis.webp\",\"contentUrl\":\"https:\\\/\\\/skaitytaknyga.lt\\\/wp-content\\\/uploads\\\/2025\\\/07\\\/Jei-ne-Vinis-Diksis.webp\",\"width\":190,\"height\":265},{\"@type\":\"BreadcrumbList\",\"@id\":\"https:\\\/\\\/skaitytaknyga.lt\\\/produktas\\\/jei-ne-vinis-diksis\\\/#breadcrumb\",\"itemListElement\":[{\"@type\":\"ListItem\",\"position\":1,\"name\":\"Home\",\"item\":\"https:\\\/\\\/skaitytaknyga.lt\\\/\"},{\"@type\":\"ListItem\",\"position\":2,\"name\":\"Parduotuv\u0117\",\"item\":\"https:\\\/\\\/skaitytaknyga.lt\\\/knygu-parduotuve\\\/\"},{\"@type\":\"ListItem\",\"position\":3,\"name\":\"Jei ne Vinis Diksis\"}]},{\"@type\":\"WebSite\",\"@id\":\"https:\\\/\\\/skaitytaknyga.lt\\\/#website\",\"url\":\"https:\\\/\\\/skaitytaknyga.lt\\\/\",\"name\":\"skaitytaknyga.lt\",\"description\":\"Skaitytaknyga.lt \u2013 tai ma\u017eas \u0161eimos verslas, kuris prasid\u0117jo nuo meil\u0117s knygoms ir siekio i\u0161gelb\u0117ti knygas nuo likimo prie konteinerio. Kas vienam nereikalingas daiktas \u2013 kitam lobis, o mes esame tarpininkai, kurie padeda abiems tapti laimingesniems ???? \u017dinome kaip nelengva i\u0161gyventi ma\u017eiems verslams, tad nuo \u0161iol, \u010dia rasite ir kit\u0173, ma\u017e\u0173 \u0161eim\u0173 versl\u0173, rank\u0173 darbo, dovan\u0173 sau ir artimiesiems.\",\"publisher\":{\"@id\":\"https:\\\/\\\/skaitytaknyga.lt\\\/#organization\"},\"potentialAction\":[{\"@type\":\"SearchAction\",\"target\":{\"@type\":\"EntryPoint\",\"urlTemplate\":\"https:\\\/\\\/skaitytaknyga.lt\\\/?s={search_term_string}\"},\"query-input\":{\"@type\":\"PropertyValueSpecification\",\"valueRequired\":true,\"valueName\":\"search_term_string\"}}],\"inLanguage\":\"en-GB\"},{\"@type\":\"Organization\",\"@id\":\"https:\\\/\\\/skaitytaknyga.lt\\\/#organization\",\"name\":\"skaitytaknyga.lt\",\"url\":\"https:\\\/\\\/skaitytaknyga.lt\\\/\",\"logo\":{\"@type\":\"ImageObject\",\"inLanguage\":\"en-GB\",\"@id\":\"https:\\\/\\\/skaitytaknyga.lt\\\/#\\\/schema\\\/logo\\\/image\\\/\",\"url\":\"https:\\\/\\\/skaitytaknyga.lt\\\/wp-content\\\/uploads\\\/2024\\\/05\\\/cropped-cropped-cropped-02_00843_jt3bggkj1j3HLc7SyY6rEUpg.jpeg\",\"contentUrl\":\"https:\\\/\\\/skaitytaknyga.lt\\\/wp-content\\\/uploads\\\/2024\\\/05\\\/cropped-cropped-cropped-02_00843_jt3bggkj1j3HLc7SyY6rEUpg.jpeg\",\"width\":1600,\"height\":1600,\"caption\":\"skaitytaknyga.lt\"},\"image\":{\"@id\":\"https:\\\/\\\/skaitytaknyga.lt\\\/#\\\/schema\\\/logo\\\/image\\\/\"},\"sameAs\":[\"https:\\\/\\\/www.facebook.com\\\/skaitytaknyga\\\/\"]}]}<\/script>\n<!-- \/ Yoast SEO plugin. -->","yoast_head_json":{"title":"Jei ne Vinis Diksis","description":"Vien\u0105 vasaros dien\u0105 de\u0161imtmet\u0117 Indija Opala Buloni, u\u017euot parne\u0161usi i\u0161 parduotuv\u0117s makaron\u0173 su s\u016briu, gr\u012f\u017eta su \u0161unimi. Vinis Diksis \u2013 nepaprastas \u0161uo.","robots":{"index":"index","follow":"follow","max-snippet":"max-snippet:-1","max-image-preview":"max-image-preview:large","max-video-preview":"max-video-preview:-1"},"canonical":"https:\/\/skaitytaknyga.lt\/en\/produktas\/jei-ne-vinis-diksis\/","og_locale":"en_GB","og_type":"article","og_title":"[:lt]Jei ne Vinis Diksis[:] - Skaitytaknyga","og_description":"Vien\u0105 vasaros dien\u0105 de\u0161imtmet\u0117 Indija Opala Buloni, u\u017euot parne\u0161usi i\u0161 parduotuv\u0117s makaron\u0173 su s\u016briu, gr\u012f\u017eta su \u0161unimi. Vinis Diksis \u2013 nepaprastas \u0161uo.","og_url":"https:\/\/skaitytaknyga.lt\/en\/produktas\/jei-ne-vinis-diksis\/","og_site_name":"Skaitytaknyga","article_publisher":"https:\/\/www.facebook.com\/skaitytaknyga\/","article_modified_time":"2025-07-22T11:07:42+00:00","og_image":[{"width":747,"height":496,"url":"https:\/\/skaitytaknyga.lt\/wp-content\/uploads\/2024\/07\/skaitytaknyga.png","type":"image\/png"}],"twitter_card":"summary_large_image","twitter_misc":{"Estimated reading time":"1 minute"},"schema":{"@context":"https:\/\/schema.org","@graph":[{"@type":"WebPage","@id":"https:\/\/skaitytaknyga.lt\/produktas\/jei-ne-vinis-diksis\/","url":"https:\/\/skaitytaknyga.lt\/produktas\/jei-ne-vinis-diksis\/","name":"Jei ne Vinis Diksis","isPartOf":{"@id":"https:\/\/skaitytaknyga.lt\/#website"},"primaryImageOfPage":{"@id":"https:\/\/skaitytaknyga.lt\/produktas\/jei-ne-vinis-diksis\/#primaryimage"},"image":{"@id":"https:\/\/skaitytaknyga.lt\/produktas\/jei-ne-vinis-diksis\/#primaryimage"},"thumbnailUrl":"https:\/\/skaitytaknyga.lt\/wp-content\/uploads\/2025\/07\/Jei-ne-Vinis-Diksis.webp","datePublished":"2025-07-22T10:27:55+00:00","dateModified":"2025-07-22T11:07:42+00:00","description":"Vien\u0105 vasaros dien\u0105 de\u0161imtmet\u0117 Indija Opala Buloni, u\u017euot parne\u0161usi i\u0161 parduotuv\u0117s makaron\u0173 su s\u016briu, gr\u012f\u017eta su \u0161unimi. Vinis Diksis \u2013 nepaprastas \u0161uo.","breadcrumb":{"@id":"https:\/\/skaitytaknyga.lt\/produktas\/jei-ne-vinis-diksis\/#breadcrumb"},"inLanguage":"en-GB","potentialAction":[{"@type":"ReadAction","target":["https:\/\/skaitytaknyga.lt\/produktas\/jei-ne-vinis-diksis\/"]}]},{"@type":"ImageObject","inLanguage":"en-GB","@id":"https:\/\/skaitytaknyga.lt\/produktas\/jei-ne-vinis-diksis\/#primaryimage","url":"https:\/\/skaitytaknyga.lt\/wp-content\/uploads\/2025\/07\/Jei-ne-Vinis-Diksis.webp","contentUrl":"https:\/\/skaitytaknyga.lt\/wp-content\/uploads\/2025\/07\/Jei-ne-Vinis-Diksis.webp","width":190,"height":265},{"@type":"BreadcrumbList","@id":"https:\/\/skaitytaknyga.lt\/produktas\/jei-ne-vinis-diksis\/#breadcrumb","itemListElement":[{"@type":"ListItem","position":1,"name":"Home","item":"https:\/\/skaitytaknyga.lt\/"},{"@type":"ListItem","position":2,"name":"Parduotuv\u0117","item":"https:\/\/skaitytaknyga.lt\/knygu-parduotuve\/"},{"@type":"ListItem","position":3,"name":"Jei ne Vinis Diksis"}]},{"@type":"WebSite","@id":"https:\/\/skaitytaknyga.lt\/#website","url":"https:\/\/skaitytaknyga.lt\/","name":"skaitytaknyga.lt","description":"Skaitytaknyga.lt \u2013 tai ma\u017eas \u0161eimos verslas, kuris prasid\u0117jo nuo meil\u0117s knygoms ir siekio i\u0161gelb\u0117ti knygas nuo likimo prie konteinerio. Kas vienam nereikalingas daiktas \u2013 kitam lobis, o mes esame tarpininkai, kurie padeda abiems tapti laimingesniems ???? \u017dinome kaip nelengva i\u0161gyventi ma\u017eiems verslams, tad nuo \u0161iol, \u010dia rasite ir kit\u0173, ma\u017e\u0173 \u0161eim\u0173 versl\u0173, rank\u0173 darbo, dovan\u0173 sau ir artimiesiems.","publisher":{"@id":"https:\/\/skaitytaknyga.lt\/#organization"},"potentialAction":[{"@type":"SearchAction","target":{"@type":"EntryPoint","urlTemplate":"https:\/\/skaitytaknyga.lt\/?s={search_term_string}"},"query-input":{"@type":"PropertyValueSpecification","valueRequired":true,"valueName":"search_term_string"}}],"inLanguage":"en-GB"},{"@type":"Organization","@id":"https:\/\/skaitytaknyga.lt\/#organization","name":"skaitytaknyga.lt","url":"https:\/\/skaitytaknyga.lt\/","logo":{"@type":"ImageObject","inLanguage":"en-GB","@id":"https:\/\/skaitytaknyga.lt\/#\/schema\/logo\/image\/","url":"https:\/\/skaitytaknyga.lt\/wp-content\/uploads\/2024\/05\/cropped-cropped-cropped-02_00843_jt3bggkj1j3HLc7SyY6rEUpg.jpeg","contentUrl":"https:\/\/skaitytaknyga.lt\/wp-content\/uploads\/2024\/05\/cropped-cropped-cropped-02_00843_jt3bggkj1j3HLc7SyY6rEUpg.jpeg","width":1600,"height":1600,"caption":"skaitytaknyga.lt"},"image":{"@id":"https:\/\/skaitytaknyga.lt\/#\/schema\/logo\/image\/"},"sameAs":["https:\/\/www.facebook.com\/skaitytaknyga\/"]}]}},"_links":{"self":[{"href":"https:\/\/skaitytaknyga.lt\/en\/wp-json\/wp\/v2\/product\/19715","targetHints":{"allow":["GET"]}}],"collection":[{"href":"https:\/\/skaitytaknyga.lt\/en\/wp-json\/wp\/v2\/product"}],"about":[{"href":"https:\/\/skaitytaknyga.lt\/en\/wp-json\/wp\/v2\/types\/product"}],"replies":[{"embeddable":true,"href":"https:\/\/skaitytaknyga.lt\/en\/wp-json\/wp\/v2\/comments?post=19715"}],"wp:featuredmedia":[{"embeddable":true,"href":"https:\/\/skaitytaknyga.lt\/en\/wp-json\/wp\/v2\/media\/19720"}],"wp:attachment":[{"href":"https:\/\/skaitytaknyga.lt\/en\/wp-json\/wp\/v2\/media?parent=19715"}],"wp:term":[{"taxonomy":"product_brand","embeddable":true,"href":"https:\/\/skaitytaknyga.lt\/en\/wp-json\/wp\/v2\/product_brand?post=19715"},{"taxonomy":"product_cat","embeddable":true,"href":"https:\/\/skaitytaknyga.lt\/en\/wp-json\/wp\/v2\/product_cat?post=19715"},{"taxonomy":"product_tag","embeddable":true,"href":"https:\/\/skaitytaknyga.lt\/en\/wp-json\/wp\/v2\/product_tag?post=19715"}],"curies":[{"name":"wp","href":"https:\/\/api.w.org\/{rel}","templated":true}]}}