{"id":19714,"date":"2025-07-22T13:27:55","date_gmt":"2025-07-22T10:27:55","guid":{"rendered":"https:\/\/skaitytaknyga.lt\/?post_type=product&#038;p=19714"},"modified":"2026-04-13T21:26:03","modified_gmt":"2026-04-13T18:26:03","slug":"musu-miesteliu-fotografai","status":"publish","type":"product","link":"https:\/\/skaitytaknyga.lt\/en\/produktas\/musu-miesteliu-fotografai\/","title":{"rendered":"M\u016bs\u0173 miesteli\u0173 fotografai"},"content":{"rendered":"<p>Ma\u017e\u0173 miesteli\u0173 fotograf\u0173 darbais S. \u017dvirg\u017edas susidom\u0117jo 2000 m. gruod\u012f ir per kelet\u0105 met\u0173 \u017eurnale \u201eDienovidinis\u201c paskelb\u0117 per de\u0161imt straipsni\u0173. Jie papildyti, patikslinti ir i\u0161pl\u0117sti, sudaro \u0161ios knygos pagrind\u0105.<\/p>\n<p>Autorius atsirinko 16 provincijos fotograf\u0173 i\u0161 vis\u0173 Lietuvos \u017eem\u0117lapio ker\u010di\u0173. Pristatomi tie, kurie k\u016brybingiausiai dirbo iki Antrojo pasaulinio karo \u2013 Bir\u017e\u0173, Taurag\u0117s, Prien\u0173, Marijampol\u0117s, Veliuonos, Vabalninko, Krekenavos, Lakajos ir paj\u016brio kra\u0161to miesteli\u0173 fotografai, taip pat Sibiro tremtinys Vilhelmas Janiselis.<\/p>\n","protected":false},"excerpt":{"rendered":"<p>Ma\u017e\u0173 miesteli\u0173 fotograf\u0173 darbais S. \u017dvirg\u017edas susidom\u0117jo 2000 m. gruod\u012f ir per kelet\u0105 met\u0173 \u017eurnale \u201eDienovidinis\u201c paskelb\u0117 per de\u0161imt straipsni\u0173. Jie papildyti, patikslinti ir i\u0161pl\u0117sti, sudaro \u0161ios knygos pagrind\u0105. Autorius atsirinko 16 provincijos fotograf\u0173 i\u0161 vis\u0173 Lietuvos \u017eem\u0117lapio ker\u010di\u0173. Pristatomi tie, kurie k\u016brybingiausiai dirbo iki Antrojo pasaulinio karo \u2013 Bir\u017e\u0173, Taurag\u0117s, Prien\u0173, Marijampol\u0117s, Veliuonos, Vabalninko, Krekenavos, Lakajos ir paj\u016brio kra\u0161to miesteli\u0173 fotografai, taip pat Sibiro tremtinys Vilhelmas Janiselis.<\/p>\n","protected":false},"featured_media":19719,"comment_status":"open","ping_status":"closed","template":"","meta":{"_acf_changed":false,"site-sidebar-layout":"default","site-content-layout":"","ast-site-content-layout":"default","site-content-style":"default","site-sidebar-style":"default","ast-global-header-display":"","ast-banner-title-visibility":"","ast-main-header-display":"","ast-hfb-above-header-display":"","ast-hfb-below-header-display":"","ast-hfb-mobile-header-display":"","site-post-title":"","ast-breadcrumbs-content":"","ast-featured-img":"","footer-sml-layout":"","ast-disable-related-posts":"","theme-transparent-header-meta":"","adv-header-id-meta":"","stick-header-meta":"","header-above-stick-meta":"","header-main-stick-meta":"","header-below-stick-meta":"","astra-migrate-meta-layouts":"default","ast-page-background-enabled":"default","ast-page-background-meta":{"desktop":{"background-color":"","background-image":"","background-repeat":"repeat","background-position":"center center","background-size":"auto","background-attachment":"scroll","background-type":"","background-media":"","overlay-type":"","overlay-color":"","overlay-opacity":"","overlay-gradient":""},"tablet":{"background-color":"","background-image":"","background-repeat":"repeat","background-position":"center center","background-size":"auto","background-attachment":"scroll","background-type":"","background-media":"","overlay-type":"","overlay-color":"","overlay-opacity":"","overlay-gradient":""},"mobile":{"background-color":"","background-image":"","background-repeat":"repeat","background-position":"center center","background-size":"auto","background-attachment":"scroll","background-type":"","background-media":"","overlay-type":"","overlay-color":"","overlay-opacity":"","overlay-gradient":""}},"ast-content-background-meta":{"desktop":{"background-color":"var(--ast-global-color-4)","background-image":"","background-repeat":"repeat","background-position":"center center","background-size":"auto","background-attachment":"scroll","background-type":"","background-media":"","overlay-type":"","overlay-color":"","overlay-opacity":"","overlay-gradient":""},"tablet":{"background-color":"var(--ast-global-color-4)","background-image":"","background-repeat":"repeat","background-position":"center center","background-size":"auto","background-attachment":"scroll","background-type":"","background-media":"","overlay-type":"","overlay-color":"","overlay-opacity":"","overlay-gradient":""},"mobile":{"background-color":"var(--ast-global-color-4)","background-image":"","background-repeat":"repeat","background-position":"center center","background-size":"auto","background-attachment":"scroll","background-type":"","background-media":"","overlay-type":"","overlay-color":"","overlay-opacity":"","overlay-gradient":""}}},"product_brand":[],"product_cat":[9862,174,57],"product_tag":[3147,2228,6518,6519],"class_list":{"0":"post-19714","1":"product","2":"type-product","3":"status-publish","4":"has-post-thumbnail","6":"product_cat-lietuvos-istorija","7":"product_cat-istorija-ir-politologija","8":"product_cat-menas-ir-albumai","9":"product_tag-fotografija","10":"product_tag-lietuvos-istorija","11":"product_tag-miesteliu-kultura","12":"product_tag-stanislovas-zvirgzdas","13":"desktop-align-left","14":"tablet-align-left","15":"mobile-align-left","17":"first","18":"outofstock","19":"shipping-taxable","20":"purchasable","21":"product-type-simple"},"acf":[],"yoast_head":"<!-- This site is optimized with the Yoast SEO plugin v27.0 - https:\/\/yoast.com\/product\/yoast-seo-wordpress\/ -->\n<title>M\u016bs\u0173 miesteli\u0173 fotografai<\/title>\n<meta name=\"description\" content=\"Ma\u017e\u0173 miesteli\u0173 fotograf\u0173 darbais S. \u017dvirg\u017edas susidom\u0117jo 2000 m. gruod\u012f ir per kelet\u0105 met\u0173 \u017eurnale \u201eDienovidinis\u201c paskelb\u0117 per de\u0161imt straipsni\u0173. Jie\" \/>\n<meta name=\"robots\" content=\"index, follow, max-snippet:-1, max-image-preview:large, max-video-preview:-1\" \/>\n<link rel=\"canonical\" href=\"https:\/\/skaitytaknyga.lt\/en\/produktas\/musu-miesteliu-fotografai\/\" \/>\n<meta property=\"og:locale\" content=\"en_GB\" \/>\n<meta property=\"og:locale:alternate\" content=\"lt_LT\" \/>\n<meta property=\"og:type\" content=\"article\" \/>\n<meta property=\"og:title\" content=\"M\u016bs\u0173 miesteli\u0173 fotografai\" \/>\n<meta property=\"og:description\" content=\"Ma\u017e\u0173 miesteli\u0173 fotograf\u0173 darbais S. \u017dvirg\u017edas susidom\u0117jo 2000 m. gruod\u012f ir per kelet\u0105 met\u0173 \u017eurnale \u201eDienovidinis\u201c paskelb\u0117 per de\u0161imt straipsni\u0173. Jie\" \/>\n<meta property=\"og:url\" content=\"https:\/\/skaitytaknyga.lt\/en\/produktas\/musu-miesteliu-fotografai\/\" \/>\n<meta property=\"og:site_name\" content=\"Skaitytaknyga\" \/>\n<meta property=\"article:publisher\" content=\"https:\/\/www.facebook.com\/skaitytaknyga\/\" \/>\n<meta property=\"article:modified_time\" content=\"2026-04-13T18:26:03+00:00\" \/>\n<meta property=\"og:image\" content=\"https:\/\/skaitytaknyga.lt\/wp-content\/uploads\/2025\/07\/Musu-miesteliu-fotografai.webp\" \/>\n\t<meta property=\"og:image:width\" content=\"423\" \/>\n\t<meta property=\"og:image:height\" content=\"592\" \/>\n\t<meta property=\"og:image:type\" content=\"image\/webp\" \/>\n<meta name=\"twitter:card\" content=\"summary_large_image\" \/>\n<script type=\"application\/ld+json\" class=\"yoast-schema-graph\">{\"@context\":\"https:\/\/schema.org\",\"@graph\":[{\"@type\":\"WebPage\",\"@id\":\"https:\/\/skaitytaknyga.lt\/produktas\/musu-miesteliu-fotografai\/\",\"url\":\"https:\/\/skaitytaknyga.lt\/produktas\/musu-miesteliu-fotografai\/\",\"name\":\"M\u016bs\u0173 miesteli\u0173 fotografai\",\"isPartOf\":{\"@id\":\"https:\/\/skaitytaknyga.lt\/#website\"},\"primaryImageOfPage\":{\"@id\":\"https:\/\/skaitytaknyga.lt\/produktas\/musu-miesteliu-fotografai\/#primaryimage\"},\"image\":{\"@id\":\"https:\/\/skaitytaknyga.lt\/produktas\/musu-miesteliu-fotografai\/#primaryimage\"},\"thumbnailUrl\":\"https:\/\/skaitytaknyga.lt\/wp-content\/uploads\/2025\/07\/Musu-miesteliu-fotografai.webp\",\"datePublished\":\"2025-07-22T10:27:55+00:00\",\"dateModified\":\"2026-04-13T18:26:03+00:00\",\"description\":\"Ma\u017e\u0173 miesteli\u0173 fotograf\u0173 darbais S. \u017dvirg\u017edas susidom\u0117jo 2000 m. gruod\u012f ir per kelet\u0105 met\u0173 \u017eurnale \u201eDienovidinis\u201c paskelb\u0117 per de\u0161imt straipsni\u0173. Jie\",\"breadcrumb\":{\"@id\":\"https:\/\/skaitytaknyga.lt\/produktas\/musu-miesteliu-fotografai\/#breadcrumb\"},\"inLanguage\":\"en-GB\",\"potentialAction\":[{\"@type\":\"ReadAction\",\"target\":[\"https:\/\/skaitytaknyga.lt\/produktas\/musu-miesteliu-fotografai\/\"]}]},{\"@type\":\"ImageObject\",\"inLanguage\":\"en-GB\",\"@id\":\"https:\/\/skaitytaknyga.lt\/produktas\/musu-miesteliu-fotografai\/#primaryimage\",\"url\":\"https:\/\/skaitytaknyga.lt\/wp-content\/uploads\/2025\/07\/Musu-miesteliu-fotografai.webp\",\"contentUrl\":\"https:\/\/skaitytaknyga.lt\/wp-content\/uploads\/2025\/07\/Musu-miesteliu-fotografai.webp\",\"width\":423,\"height\":592,\"caption\":\"M\u016bs\u0173 miesteli\u0173 fotografai\"},{\"@type\":\"BreadcrumbList\",\"@id\":\"https:\/\/skaitytaknyga.lt\/produktas\/musu-miesteliu-fotografai\/#breadcrumb\",\"itemListElement\":[{\"@type\":\"ListItem\",\"position\":1,\"name\":\"Home\",\"item\":\"https:\/\/skaitytaknyga.lt\/\"},{\"@type\":\"ListItem\",\"position\":2,\"name\":\"Parduotuv\u0117\",\"item\":\"https:\/\/skaitytaknyga.lt\/knygu-parduotuve\/\"},{\"@type\":\"ListItem\",\"position\":3,\"name\":\"M\u016bs\u0173 miesteli\u0173 fotografai\"}]},{\"@type\":\"WebSite\",\"@id\":\"https:\/\/skaitytaknyga.lt\/#website\",\"url\":\"https:\/\/skaitytaknyga.lt\/\",\"name\":\"skaitytaknyga.lt\",\"description\":\"Skaitytaknyga.lt \u2013 tai ma\u017eas \u0161eimos verslas, kuris prasid\u0117jo nuo meil\u0117s knygoms ir siekio i\u0161gelb\u0117ti knygas nuo likimo prie konteinerio. Kas vienam nereikalingas daiktas \u2013 kitam lobis, o mes esame tarpininkai, kurie padeda abiems tapti laimingesniems ???? \u017dinome kaip nelengva i\u0161gyventi ma\u017eiems verslams, tad nuo \u0161iol, \u010dia rasite ir kit\u0173, ma\u017e\u0173 \u0161eim\u0173 versl\u0173, rank\u0173 darbo, dovan\u0173 sau ir artimiesiems.\",\"publisher\":{\"@id\":\"https:\/\/skaitytaknyga.lt\/#organization\"},\"potentialAction\":[{\"@type\":\"SearchAction\",\"target\":{\"@type\":\"EntryPoint\",\"urlTemplate\":\"https:\/\/skaitytaknyga.lt\/?s={search_term_string}\"},\"query-input\":{\"@type\":\"PropertyValueSpecification\",\"valueRequired\":true,\"valueName\":\"search_term_string\"}}],\"inLanguage\":\"en-GB\"},{\"@type\":\"Organization\",\"@id\":\"https:\/\/skaitytaknyga.lt\/#organization\",\"name\":\"skaitytaknyga.lt\",\"url\":\"https:\/\/skaitytaknyga.lt\/\",\"logo\":{\"@type\":\"ImageObject\",\"inLanguage\":\"en-GB\",\"@id\":\"https:\/\/skaitytaknyga.lt\/#\/schema\/logo\/image\/\",\"url\":\"https:\/\/skaitytaknyga.lt\/wp-content\/uploads\/2024\/05\/cropped-cropped-cropped-02_00843_jt3bggkj1j3HLc7SyY6rEUpg.jpeg\",\"contentUrl\":\"https:\/\/skaitytaknyga.lt\/wp-content\/uploads\/2024\/05\/cropped-cropped-cropped-02_00843_jt3bggkj1j3HLc7SyY6rEUpg.jpeg\",\"width\":1600,\"height\":1600,\"caption\":\"skaitytaknyga.lt\"},\"image\":{\"@id\":\"https:\/\/skaitytaknyga.lt\/#\/schema\/logo\/image\/\"},\"sameAs\":[\"https:\/\/www.facebook.com\/skaitytaknyga\/\"]}]}<\/script>\n<!-- \/ Yoast SEO plugin. -->","yoast_head_json":{"title":"M\u016bs\u0173 miesteli\u0173 fotografai","description":"Ma\u017e\u0173 miesteli\u0173 fotograf\u0173 darbais S. \u017dvirg\u017edas susidom\u0117jo 2000 m. gruod\u012f ir per kelet\u0105 met\u0173 \u017eurnale \u201eDienovidinis\u201c paskelb\u0117 per de\u0161imt straipsni\u0173. Jie","robots":{"index":"index","follow":"follow","max-snippet":"max-snippet:-1","max-image-preview":"max-image-preview:large","max-video-preview":"max-video-preview:-1"},"canonical":"https:\/\/skaitytaknyga.lt\/en\/produktas\/musu-miesteliu-fotografai\/","og_locale":"en_GB","og_type":"article","og_title":"[:lt]M\u016bs\u0173 miesteli\u0173 fotografai[:] - Skaitytaknyga","og_description":"Ma\u017e\u0173 miesteli\u0173 fotograf\u0173 darbais S. \u017dvirg\u017edas susidom\u0117jo 2000 m. gruod\u012f ir per kelet\u0105 met\u0173 \u017eurnale \u201eDienovidinis\u201c paskelb\u0117 per de\u0161imt straipsni\u0173. Jie","og_url":"https:\/\/skaitytaknyga.lt\/en\/produktas\/musu-miesteliu-fotografai\/","og_site_name":"Skaitytaknyga","article_publisher":"https:\/\/www.facebook.com\/skaitytaknyga\/","article_modified_time":"2026-04-13T18:26:03+00:00","og_image":[{"width":423,"height":592,"url":"https:\/\/skaitytaknyga.lt\/wp-content\/uploads\/2025\/07\/Musu-miesteliu-fotografai.webp","type":"image\/webp"}],"twitter_card":"summary_large_image","schema":{"@context":"https:\/\/schema.org","@graph":[{"@type":"WebPage","@id":"https:\/\/skaitytaknyga.lt\/produktas\/musu-miesteliu-fotografai\/","url":"https:\/\/skaitytaknyga.lt\/produktas\/musu-miesteliu-fotografai\/","name":"M\u016bs\u0173 miesteli\u0173 fotografai","isPartOf":{"@id":"https:\/\/skaitytaknyga.lt\/#website"},"primaryImageOfPage":{"@id":"https:\/\/skaitytaknyga.lt\/produktas\/musu-miesteliu-fotografai\/#primaryimage"},"image":{"@id":"https:\/\/skaitytaknyga.lt\/produktas\/musu-miesteliu-fotografai\/#primaryimage"},"thumbnailUrl":"https:\/\/skaitytaknyga.lt\/wp-content\/uploads\/2025\/07\/Musu-miesteliu-fotografai.webp","datePublished":"2025-07-22T10:27:55+00:00","dateModified":"2026-04-13T18:26:03+00:00","description":"Ma\u017e\u0173 miesteli\u0173 fotograf\u0173 darbais S. \u017dvirg\u017edas susidom\u0117jo 2000 m. gruod\u012f ir per kelet\u0105 met\u0173 \u017eurnale \u201eDienovidinis\u201c paskelb\u0117 per de\u0161imt straipsni\u0173. Jie","breadcrumb":{"@id":"https:\/\/skaitytaknyga.lt\/produktas\/musu-miesteliu-fotografai\/#breadcrumb"},"inLanguage":"en-GB","potentialAction":[{"@type":"ReadAction","target":["https:\/\/skaitytaknyga.lt\/produktas\/musu-miesteliu-fotografai\/"]}]},{"@type":"ImageObject","inLanguage":"en-GB","@id":"https:\/\/skaitytaknyga.lt\/produktas\/musu-miesteliu-fotografai\/#primaryimage","url":"https:\/\/skaitytaknyga.lt\/wp-content\/uploads\/2025\/07\/Musu-miesteliu-fotografai.webp","contentUrl":"https:\/\/skaitytaknyga.lt\/wp-content\/uploads\/2025\/07\/Musu-miesteliu-fotografai.webp","width":423,"height":592,"caption":"M\u016bs\u0173 miesteli\u0173 fotografai"},{"@type":"BreadcrumbList","@id":"https:\/\/skaitytaknyga.lt\/produktas\/musu-miesteliu-fotografai\/#breadcrumb","itemListElement":[{"@type":"ListItem","position":1,"name":"Home","item":"https:\/\/skaitytaknyga.lt\/"},{"@type":"ListItem","position":2,"name":"Parduotuv\u0117","item":"https:\/\/skaitytaknyga.lt\/knygu-parduotuve\/"},{"@type":"ListItem","position":3,"name":"M\u016bs\u0173 miesteli\u0173 fotografai"}]},{"@type":"WebSite","@id":"https:\/\/skaitytaknyga.lt\/#website","url":"https:\/\/skaitytaknyga.lt\/","name":"skaitytaknyga.lt","description":"Skaitytaknyga.lt \u2013 tai ma\u017eas \u0161eimos verslas, kuris prasid\u0117jo nuo meil\u0117s knygoms ir siekio i\u0161gelb\u0117ti knygas nuo likimo prie konteinerio. Kas vienam nereikalingas daiktas \u2013 kitam lobis, o mes esame tarpininkai, kurie padeda abiems tapti laimingesniems ???? \u017dinome kaip nelengva i\u0161gyventi ma\u017eiems verslams, tad nuo \u0161iol, \u010dia rasite ir kit\u0173, ma\u017e\u0173 \u0161eim\u0173 versl\u0173, rank\u0173 darbo, dovan\u0173 sau ir artimiesiems.","publisher":{"@id":"https:\/\/skaitytaknyga.lt\/#organization"},"potentialAction":[{"@type":"SearchAction","target":{"@type":"EntryPoint","urlTemplate":"https:\/\/skaitytaknyga.lt\/?s={search_term_string}"},"query-input":{"@type":"PropertyValueSpecification","valueRequired":true,"valueName":"search_term_string"}}],"inLanguage":"en-GB"},{"@type":"Organization","@id":"https:\/\/skaitytaknyga.lt\/#organization","name":"skaitytaknyga.lt","url":"https:\/\/skaitytaknyga.lt\/","logo":{"@type":"ImageObject","inLanguage":"en-GB","@id":"https:\/\/skaitytaknyga.lt\/#\/schema\/logo\/image\/","url":"https:\/\/skaitytaknyga.lt\/wp-content\/uploads\/2024\/05\/cropped-cropped-cropped-02_00843_jt3bggkj1j3HLc7SyY6rEUpg.jpeg","contentUrl":"https:\/\/skaitytaknyga.lt\/wp-content\/uploads\/2024\/05\/cropped-cropped-cropped-02_00843_jt3bggkj1j3HLc7SyY6rEUpg.jpeg","width":1600,"height":1600,"caption":"skaitytaknyga.lt"},"image":{"@id":"https:\/\/skaitytaknyga.lt\/#\/schema\/logo\/image\/"},"sameAs":["https:\/\/www.facebook.com\/skaitytaknyga\/"]}]}},"_links":{"self":[{"href":"https:\/\/skaitytaknyga.lt\/en\/wp-json\/wp\/v2\/product\/19714","targetHints":{"allow":["GET"]}}],"collection":[{"href":"https:\/\/skaitytaknyga.lt\/en\/wp-json\/wp\/v2\/product"}],"about":[{"href":"https:\/\/skaitytaknyga.lt\/en\/wp-json\/wp\/v2\/types\/product"}],"replies":[{"embeddable":true,"href":"https:\/\/skaitytaknyga.lt\/en\/wp-json\/wp\/v2\/comments?post=19714"}],"wp:featuredmedia":[{"embeddable":true,"href":"https:\/\/skaitytaknyga.lt\/en\/wp-json\/wp\/v2\/media\/19719"}],"wp:attachment":[{"href":"https:\/\/skaitytaknyga.lt\/en\/wp-json\/wp\/v2\/media?parent=19714"}],"wp:term":[{"taxonomy":"product_brand","embeddable":true,"href":"https:\/\/skaitytaknyga.lt\/en\/wp-json\/wp\/v2\/product_brand?post=19714"},{"taxonomy":"product_cat","embeddable":true,"href":"https:\/\/skaitytaknyga.lt\/en\/wp-json\/wp\/v2\/product_cat?post=19714"},{"taxonomy":"product_tag","embeddable":true,"href":"https:\/\/skaitytaknyga.lt\/en\/wp-json\/wp\/v2\/product_tag?post=19714"}],"curies":[{"name":"wp","href":"https:\/\/api.w.org\/{rel}","templated":true}]}}