{"id":19707,"date":"2025-07-22T12:52:07","date_gmt":"2025-07-22T09:52:07","guid":{"rendered":"https:\/\/skaitytaknyga.lt\/?post_type=product&#038;p=19707"},"modified":"2025-08-25T14:48:39","modified_gmt":"2025-08-25T11:48:39","slug":"kristalas-ir-sviesos-kelias","status":"publish","type":"product","link":"https:\/\/skaitytaknyga.lt\/en\/produktas\/kristalas-ir-sviesos-kelias\/","title":{"rendered":"Kristalas ir \u0161viesos kelias"},"content":{"rendered":"<p>Tai pirmoji knyga Vakaruose, kurioje tibetietis mokytojas i\u0161samiai pasakoja apie dzog\u010den\u0105 &#8211; vis\u0173 dvasini\u0173 Tibeto tradicij\u0173 esm\u0119. Ji skirta ir tiems, kurie ie\u0161ko savojo dvasinio kelio, ir tiems, kuriems r\u016bpi daugiau su\u017einoti apie nepaprastai turting\u0105 tibetie\u010di\u0173 kult\u016br\u0105 ir pasaul\u0117\u017ei\u016br\u0105.<\/p>\n<p>Knygoje apib\u016bdinamas dzog\u010deno praktikos pagrindas, kelias ir vaisius, ji pristatoma viso Tibeto budizmo kontekste, paraleliai pasakojant paties autoriaus gyvenimo ir dvasinio kelio istorij\u0105.<\/p>\n<p>\u0160itaip ne tik atskleid\u017eiama tradicin\u0117 dzog\u010deno mokymo aplinka, bet ir parodoma, koks jis aktualus \u0161iais laikais. Tekstas iliustruotas budizmo mokytoj\u0173 nuotraukomis, dievybi\u0173 atvaizdais ir dzog\u010deno simboliais.<\/p>\n","protected":false},"excerpt":{"rendered":"<p>Tai pirmoji knyga Vakaruose, kurioje tibetietis mokytojas i\u0161samiai pasakoja apie dzog\u010den\u0105 &#8211; vis\u0173 dvasini\u0173 Tibeto tradicij\u0173 esm\u0119. Ji skirta ir tiems, kurie ie\u0161ko savojo dvasinio kelio, ir tiems, kuriems r\u016bpi daugiau su\u017einoti apie nepaprastai turting\u0105 tibetie\u010di\u0173 kult\u016br\u0105 ir pasaul\u0117\u017ei\u016br\u0105. Knygoje apib\u016bdinamas dzog\u010deno praktikos pagrindas, kelias ir vaisius, ji pristatoma viso Tibeto budizmo kontekste, paraleliai pasakojant paties autoriaus gyvenimo ir dvasinio kelio istorij\u0105. \u0160itaip ne tik atskleid\u017eiama tradicin\u0117 dzog\u010deno mokymo aplinka, bet ir parodoma, koks jis aktualus \u0161iais laikais. Tekstas iliustruotas budizmo mokytoj\u0173 nuotraukomis, dievybi\u0173 atvaizdais ir dzog\u010deno simboliais.<\/p>\n","protected":false},"featured_media":19708,"comment_status":"open","ping_status":"closed","template":"","meta":{"_acf_changed":false,"site-sidebar-layout":"default","site-content-layout":"","ast-site-content-layout":"default","site-content-style":"default","site-sidebar-style":"default","ast-global-header-display":"","ast-banner-title-visibility":"","ast-main-header-display":"","ast-hfb-above-header-display":"","ast-hfb-below-header-display":"","ast-hfb-mobile-header-display":"","site-post-title":"","ast-breadcrumbs-content":"","ast-featured-img":"","footer-sml-layout":"","ast-disable-related-posts":"","theme-transparent-header-meta":"","adv-header-id-meta":"","stick-header-meta":"","header-above-stick-meta":"","header-main-stick-meta":"","header-below-stick-meta":"","astra-migrate-meta-layouts":"default","ast-page-background-enabled":"default","ast-page-background-meta":{"desktop":{"background-color":"","background-image":"","background-repeat":"repeat","background-position":"center center","background-size":"auto","background-attachment":"scroll","background-type":"","background-media":"","overlay-type":"","overlay-color":"","overlay-opacity":"","overlay-gradient":""},"tablet":{"background-color":"","background-image":"","background-repeat":"repeat","background-position":"center center","background-size":"auto","background-attachment":"scroll","background-type":"","background-media":"","overlay-type":"","overlay-color":"","overlay-opacity":"","overlay-gradient":""},"mobile":{"background-color":"","background-image":"","background-repeat":"repeat","background-position":"center center","background-size":"auto","background-attachment":"scroll","background-type":"","background-media":"","overlay-type":"","overlay-color":"","overlay-opacity":"","overlay-gradient":""}},"ast-content-background-meta":{"desktop":{"background-color":"var(--ast-global-color-4)","background-image":"","background-repeat":"repeat","background-position":"center center","background-size":"auto","background-attachment":"scroll","background-type":"","background-media":"","overlay-type":"","overlay-color":"","overlay-opacity":"","overlay-gradient":""},"tablet":{"background-color":"var(--ast-global-color-4)","background-image":"","background-repeat":"repeat","background-position":"center center","background-size":"auto","background-attachment":"scroll","background-type":"","background-media":"","overlay-type":"","overlay-color":"","overlay-opacity":"","overlay-gradient":""},"mobile":{"background-color":"var(--ast-global-color-4)","background-image":"","background-repeat":"repeat","background-position":"center center","background-size":"auto","background-attachment":"scroll","background-type":"","background-media":"","overlay-type":"","overlay-color":"","overlay-opacity":"","overlay-gradient":""}}},"product_brand":[],"product_cat":[269],"product_tag":[1969,6515,6517,6516],"class_list":{"0":"post-19707","1":"product","2":"type-product","3":"status-publish","4":"has-post-thumbnail","6":"product_cat-gamtos-mokslai","7":"product_tag-budizmas","8":"product_tag-dzogcenas","9":"product_tag-namkhai-norbu","10":"product_tag-tibeto-kultura","11":"desktop-align-left","12":"tablet-align-left","13":"mobile-align-left","15":"first","16":"outofstock","17":"shipping-taxable","18":"purchasable","19":"product-type-simple"},"acf":[],"yoast_head":"<!-- This site is optimized with the Yoast SEO plugin v27.0 - https:\/\/yoast.com\/product\/yoast-seo-wordpress\/ -->\n<title>Kristalas ir \u0161viesos kelias<\/title>\n<meta name=\"description\" content=\"Tai pirmoji knyga Vakaruose, kurioje tibetietis mokytojas i\u0161samiai pasakoja apie dzog\u010den\u0105 - vis\u0173 dvasini\u0173 Tibeto tradicij\u0173 esm\u0119. Ji skirta ir tiems, kurie\" \/>\n<meta name=\"robots\" content=\"index, follow, max-snippet:-1, max-image-preview:large, max-video-preview:-1\" \/>\n<link rel=\"canonical\" href=\"https:\/\/skaitytaknyga.lt\/en\/produktas\/kristalas-ir-sviesos-kelias\/\" \/>\n<meta property=\"og:locale\" content=\"en_GB\" \/>\n<meta property=\"og:locale:alternate\" content=\"lt_LT\" \/>\n<meta property=\"og:type\" content=\"article\" \/>\n<meta property=\"og:title\" content=\"Kristalas ir \u0161viesos kelias\" \/>\n<meta property=\"og:description\" content=\"Tai pirmoji knyga Vakaruose, kurioje tibetietis mokytojas i\u0161samiai pasakoja apie dzog\u010den\u0105 - vis\u0173 dvasini\u0173 Tibeto tradicij\u0173 esm\u0119. Ji skirta ir tiems, kurie\" \/>\n<meta property=\"og:url\" content=\"https:\/\/skaitytaknyga.lt\/en\/produktas\/kristalas-ir-sviesos-kelias\/\" \/>\n<meta property=\"og:site_name\" content=\"Skaitytaknyga\" \/>\n<meta property=\"article:publisher\" content=\"https:\/\/www.facebook.com\/skaitytaknyga\/\" \/>\n<meta property=\"article:modified_time\" content=\"2025-08-25T11:48:39+00:00\" \/>\n<meta property=\"og:image\" content=\"https:\/\/skaitytaknyga.lt\/wp-content\/uploads\/2025\/07\/Kristalas-ir-sviesos-kelias-1.webp\" \/>\n\t<meta property=\"og:image:width\" content=\"254\" \/>\n\t<meta property=\"og:image:height\" content=\"409\" \/>\n\t<meta property=\"og:image:type\" content=\"image\/webp\" \/>\n<meta name=\"twitter:card\" content=\"summary_large_image\" \/>\n<meta name=\"twitter:label1\" content=\"Estimated reading time\" \/>\n\t<meta name=\"twitter:data1\" content=\"1 minute\" \/>\n<script type=\"application\/ld+json\" class=\"yoast-schema-graph\">{\"@context\":\"https:\/\/schema.org\",\"@graph\":[{\"@type\":\"WebPage\",\"@id\":\"https:\/\/skaitytaknyga.lt\/produktas\/kristalas-ir-sviesos-kelias\/\",\"url\":\"https:\/\/skaitytaknyga.lt\/produktas\/kristalas-ir-sviesos-kelias\/\",\"name\":\"Kristalas ir \u0161viesos kelias\",\"isPartOf\":{\"@id\":\"https:\/\/skaitytaknyga.lt\/#website\"},\"primaryImageOfPage\":{\"@id\":\"https:\/\/skaitytaknyga.lt\/produktas\/kristalas-ir-sviesos-kelias\/#primaryimage\"},\"image\":{\"@id\":\"https:\/\/skaitytaknyga.lt\/produktas\/kristalas-ir-sviesos-kelias\/#primaryimage\"},\"thumbnailUrl\":\"https:\/\/skaitytaknyga.lt\/wp-content\/uploads\/2025\/07\/Kristalas-ir-sviesos-kelias-1.webp\",\"datePublished\":\"2025-07-22T09:52:07+00:00\",\"dateModified\":\"2025-08-25T11:48:39+00:00\",\"description\":\"Tai pirmoji knyga Vakaruose, kurioje tibetietis mokytojas i\u0161samiai pasakoja apie dzog\u010den\u0105 - vis\u0173 dvasini\u0173 Tibeto tradicij\u0173 esm\u0119. Ji skirta ir tiems, kurie\",\"breadcrumb\":{\"@id\":\"https:\/\/skaitytaknyga.lt\/produktas\/kristalas-ir-sviesos-kelias\/#breadcrumb\"},\"inLanguage\":\"en-GB\",\"potentialAction\":[{\"@type\":\"ReadAction\",\"target\":[\"https:\/\/skaitytaknyga.lt\/produktas\/kristalas-ir-sviesos-kelias\/\"]}]},{\"@type\":\"ImageObject\",\"inLanguage\":\"en-GB\",\"@id\":\"https:\/\/skaitytaknyga.lt\/produktas\/kristalas-ir-sviesos-kelias\/#primaryimage\",\"url\":\"https:\/\/skaitytaknyga.lt\/wp-content\/uploads\/2025\/07\/Kristalas-ir-sviesos-kelias-1.webp\",\"contentUrl\":\"https:\/\/skaitytaknyga.lt\/wp-content\/uploads\/2025\/07\/Kristalas-ir-sviesos-kelias-1.webp\",\"width\":254,\"height\":409,\"caption\":\"Kristalas ir \u0161viesos kelias (1)\"},{\"@type\":\"BreadcrumbList\",\"@id\":\"https:\/\/skaitytaknyga.lt\/produktas\/kristalas-ir-sviesos-kelias\/#breadcrumb\",\"itemListElement\":[{\"@type\":\"ListItem\",\"position\":1,\"name\":\"Home\",\"item\":\"https:\/\/skaitytaknyga.lt\/\"},{\"@type\":\"ListItem\",\"position\":2,\"name\":\"Parduotuv\u0117\",\"item\":\"https:\/\/skaitytaknyga.lt\/knygu-parduotuve\/\"},{\"@type\":\"ListItem\",\"position\":3,\"name\":\"Kristalas ir \u0161viesos kelias\"}]},{\"@type\":\"WebSite\",\"@id\":\"https:\/\/skaitytaknyga.lt\/#website\",\"url\":\"https:\/\/skaitytaknyga.lt\/\",\"name\":\"skaitytaknyga.lt\",\"description\":\"Skaitytaknyga.lt \u2013 tai ma\u017eas \u0161eimos verslas, kuris prasid\u0117jo nuo meil\u0117s knygoms ir siekio i\u0161gelb\u0117ti knygas nuo likimo prie konteinerio. Kas vienam nereikalingas daiktas \u2013 kitam lobis, o mes esame tarpininkai, kurie padeda abiems tapti laimingesniems ???? \u017dinome kaip nelengva i\u0161gyventi ma\u017eiems verslams, tad nuo \u0161iol, \u010dia rasite ir kit\u0173, ma\u017e\u0173 \u0161eim\u0173 versl\u0173, rank\u0173 darbo, dovan\u0173 sau ir artimiesiems.\",\"publisher\":{\"@id\":\"https:\/\/skaitytaknyga.lt\/#organization\"},\"potentialAction\":[{\"@type\":\"SearchAction\",\"target\":{\"@type\":\"EntryPoint\",\"urlTemplate\":\"https:\/\/skaitytaknyga.lt\/?s={search_term_string}\"},\"query-input\":{\"@type\":\"PropertyValueSpecification\",\"valueRequired\":true,\"valueName\":\"search_term_string\"}}],\"inLanguage\":\"en-GB\"},{\"@type\":\"Organization\",\"@id\":\"https:\/\/skaitytaknyga.lt\/#organization\",\"name\":\"skaitytaknyga.lt\",\"url\":\"https:\/\/skaitytaknyga.lt\/\",\"logo\":{\"@type\":\"ImageObject\",\"inLanguage\":\"en-GB\",\"@id\":\"https:\/\/skaitytaknyga.lt\/#\/schema\/logo\/image\/\",\"url\":\"https:\/\/skaitytaknyga.lt\/wp-content\/uploads\/2024\/05\/cropped-cropped-cropped-02_00843_jt3bggkj1j3HLc7SyY6rEUpg.jpeg\",\"contentUrl\":\"https:\/\/skaitytaknyga.lt\/wp-content\/uploads\/2024\/05\/cropped-cropped-cropped-02_00843_jt3bggkj1j3HLc7SyY6rEUpg.jpeg\",\"width\":1600,\"height\":1600,\"caption\":\"skaitytaknyga.lt\"},\"image\":{\"@id\":\"https:\/\/skaitytaknyga.lt\/#\/schema\/logo\/image\/\"},\"sameAs\":[\"https:\/\/www.facebook.com\/skaitytaknyga\/\"]}]}<\/script>\n<!-- \/ Yoast SEO plugin. -->","yoast_head_json":{"title":"Kristalas ir \u0161viesos kelias","description":"Tai pirmoji knyga Vakaruose, kurioje tibetietis mokytojas i\u0161samiai pasakoja apie dzog\u010den\u0105 - vis\u0173 dvasini\u0173 Tibeto tradicij\u0173 esm\u0119. Ji skirta ir tiems, kurie","robots":{"index":"index","follow":"follow","max-snippet":"max-snippet:-1","max-image-preview":"max-image-preview:large","max-video-preview":"max-video-preview:-1"},"canonical":"https:\/\/skaitytaknyga.lt\/en\/produktas\/kristalas-ir-sviesos-kelias\/","og_locale":"en_GB","og_type":"article","og_title":"[:lt]Kristalas ir \u0161viesos kelias[:] - Skaitytaknyga","og_description":"Tai pirmoji knyga Vakaruose, kurioje tibetietis mokytojas i\u0161samiai pasakoja apie dzog\u010den\u0105 - vis\u0173 dvasini\u0173 Tibeto tradicij\u0173 esm\u0119. Ji skirta ir tiems, kurie","og_url":"https:\/\/skaitytaknyga.lt\/en\/produktas\/kristalas-ir-sviesos-kelias\/","og_site_name":"Skaitytaknyga","article_publisher":"https:\/\/www.facebook.com\/skaitytaknyga\/","article_modified_time":"2025-08-25T11:48:39+00:00","og_image":[{"width":254,"height":409,"url":"https:\/\/skaitytaknyga.lt\/wp-content\/uploads\/2025\/07\/Kristalas-ir-sviesos-kelias-1.webp","type":"image\/webp"}],"twitter_card":"summary_large_image","twitter_misc":{"Estimated reading time":"1 minute"},"schema":{"@context":"https:\/\/schema.org","@graph":[{"@type":"WebPage","@id":"https:\/\/skaitytaknyga.lt\/produktas\/kristalas-ir-sviesos-kelias\/","url":"https:\/\/skaitytaknyga.lt\/produktas\/kristalas-ir-sviesos-kelias\/","name":"Kristalas ir \u0161viesos kelias","isPartOf":{"@id":"https:\/\/skaitytaknyga.lt\/#website"},"primaryImageOfPage":{"@id":"https:\/\/skaitytaknyga.lt\/produktas\/kristalas-ir-sviesos-kelias\/#primaryimage"},"image":{"@id":"https:\/\/skaitytaknyga.lt\/produktas\/kristalas-ir-sviesos-kelias\/#primaryimage"},"thumbnailUrl":"https:\/\/skaitytaknyga.lt\/wp-content\/uploads\/2025\/07\/Kristalas-ir-sviesos-kelias-1.webp","datePublished":"2025-07-22T09:52:07+00:00","dateModified":"2025-08-25T11:48:39+00:00","description":"Tai pirmoji knyga Vakaruose, kurioje tibetietis mokytojas i\u0161samiai pasakoja apie dzog\u010den\u0105 - vis\u0173 dvasini\u0173 Tibeto tradicij\u0173 esm\u0119. Ji skirta ir tiems, kurie","breadcrumb":{"@id":"https:\/\/skaitytaknyga.lt\/produktas\/kristalas-ir-sviesos-kelias\/#breadcrumb"},"inLanguage":"en-GB","potentialAction":[{"@type":"ReadAction","target":["https:\/\/skaitytaknyga.lt\/produktas\/kristalas-ir-sviesos-kelias\/"]}]},{"@type":"ImageObject","inLanguage":"en-GB","@id":"https:\/\/skaitytaknyga.lt\/produktas\/kristalas-ir-sviesos-kelias\/#primaryimage","url":"https:\/\/skaitytaknyga.lt\/wp-content\/uploads\/2025\/07\/Kristalas-ir-sviesos-kelias-1.webp","contentUrl":"https:\/\/skaitytaknyga.lt\/wp-content\/uploads\/2025\/07\/Kristalas-ir-sviesos-kelias-1.webp","width":254,"height":409,"caption":"Kristalas ir \u0161viesos kelias (1)"},{"@type":"BreadcrumbList","@id":"https:\/\/skaitytaknyga.lt\/produktas\/kristalas-ir-sviesos-kelias\/#breadcrumb","itemListElement":[{"@type":"ListItem","position":1,"name":"Home","item":"https:\/\/skaitytaknyga.lt\/"},{"@type":"ListItem","position":2,"name":"Parduotuv\u0117","item":"https:\/\/skaitytaknyga.lt\/knygu-parduotuve\/"},{"@type":"ListItem","position":3,"name":"Kristalas ir \u0161viesos kelias"}]},{"@type":"WebSite","@id":"https:\/\/skaitytaknyga.lt\/#website","url":"https:\/\/skaitytaknyga.lt\/","name":"skaitytaknyga.lt","description":"Skaitytaknyga.lt \u2013 tai ma\u017eas \u0161eimos verslas, kuris prasid\u0117jo nuo meil\u0117s knygoms ir siekio i\u0161gelb\u0117ti knygas nuo likimo prie konteinerio. Kas vienam nereikalingas daiktas \u2013 kitam lobis, o mes esame tarpininkai, kurie padeda abiems tapti laimingesniems ???? \u017dinome kaip nelengva i\u0161gyventi ma\u017eiems verslams, tad nuo \u0161iol, \u010dia rasite ir kit\u0173, ma\u017e\u0173 \u0161eim\u0173 versl\u0173, rank\u0173 darbo, dovan\u0173 sau ir artimiesiems.","publisher":{"@id":"https:\/\/skaitytaknyga.lt\/#organization"},"potentialAction":[{"@type":"SearchAction","target":{"@type":"EntryPoint","urlTemplate":"https:\/\/skaitytaknyga.lt\/?s={search_term_string}"},"query-input":{"@type":"PropertyValueSpecification","valueRequired":true,"valueName":"search_term_string"}}],"inLanguage":"en-GB"},{"@type":"Organization","@id":"https:\/\/skaitytaknyga.lt\/#organization","name":"skaitytaknyga.lt","url":"https:\/\/skaitytaknyga.lt\/","logo":{"@type":"ImageObject","inLanguage":"en-GB","@id":"https:\/\/skaitytaknyga.lt\/#\/schema\/logo\/image\/","url":"https:\/\/skaitytaknyga.lt\/wp-content\/uploads\/2024\/05\/cropped-cropped-cropped-02_00843_jt3bggkj1j3HLc7SyY6rEUpg.jpeg","contentUrl":"https:\/\/skaitytaknyga.lt\/wp-content\/uploads\/2024\/05\/cropped-cropped-cropped-02_00843_jt3bggkj1j3HLc7SyY6rEUpg.jpeg","width":1600,"height":1600,"caption":"skaitytaknyga.lt"},"image":{"@id":"https:\/\/skaitytaknyga.lt\/#\/schema\/logo\/image\/"},"sameAs":["https:\/\/www.facebook.com\/skaitytaknyga\/"]}]}},"_links":{"self":[{"href":"https:\/\/skaitytaknyga.lt\/en\/wp-json\/wp\/v2\/product\/19707","targetHints":{"allow":["GET"]}}],"collection":[{"href":"https:\/\/skaitytaknyga.lt\/en\/wp-json\/wp\/v2\/product"}],"about":[{"href":"https:\/\/skaitytaknyga.lt\/en\/wp-json\/wp\/v2\/types\/product"}],"replies":[{"embeddable":true,"href":"https:\/\/skaitytaknyga.lt\/en\/wp-json\/wp\/v2\/comments?post=19707"}],"wp:featuredmedia":[{"embeddable":true,"href":"https:\/\/skaitytaknyga.lt\/en\/wp-json\/wp\/v2\/media\/19708"}],"wp:attachment":[{"href":"https:\/\/skaitytaknyga.lt\/en\/wp-json\/wp\/v2\/media?parent=19707"}],"wp:term":[{"taxonomy":"product_brand","embeddable":true,"href":"https:\/\/skaitytaknyga.lt\/en\/wp-json\/wp\/v2\/product_brand?post=19707"},{"taxonomy":"product_cat","embeddable":true,"href":"https:\/\/skaitytaknyga.lt\/en\/wp-json\/wp\/v2\/product_cat?post=19707"},{"taxonomy":"product_tag","embeddable":true,"href":"https:\/\/skaitytaknyga.lt\/en\/wp-json\/wp\/v2\/product_tag?post=19707"}],"curies":[{"name":"wp","href":"https:\/\/api.w.org\/{rel}","templated":true}]}}