{"id":19693,"date":"2025-07-22T11:12:02","date_gmt":"2025-07-22T08:12:02","guid":{"rendered":"https:\/\/skaitytaknyga.lt\/?post_type=product&#038;p=19693"},"modified":"2025-07-23T09:44:31","modified_gmt":"2025-07-23T06:44:31","slug":"isnykti-stokholme","status":"publish","type":"product","link":"https:\/\/skaitytaknyga.lt\/en\/produktas\/isnykti-stokholme\/","title":{"rendered":"I\u0161nykti Stokholme"},"content":{"rendered":"<p>Dideliame mieste gali nutikti bet kas&#8230;U\u017emies\u010dio viloje ima kaukti signalizacija. Saugos tarnybos darbuotojas, atvyk\u0119s jos patikrinti, aptinka sudarkyt\u0105 lavon\u0105&#8230; Atrodyt\u0173, tradicin\u0117 detektyvo prad\u017eia&#8230; Bet ne visada b\u016bna taip, kaip atrodo&#8230; Nors aukos tapatyb\u0117 nenustatyta, bet jau sulaikytas \u012ftariamasis, kuris, prie\u0161 panirdamas \u012f kom\u0105, pasirenka niekada baud\u017eiamosiose bylose neatstovavusi\u0105 naujok\u0119 advokat\u0119 ir dar papra\u0161o jos susisiekti su vyru, devynerius metus kal\u0117jusiu u\u017e \u012ftariamojo t\u0117vo pagrobim\u0105. Buv\u0119s kalinys Tedis Mikuli\u010dius ir perspektyvi komercini\u0173 byl\u0173 advokat\u0117 Emil\u0117 Janson pradeda tirti netipi\u0161k\u0105 byl\u0105&#8230; Vienas vedinas s\u0105\u017ein\u0117s grau\u017eaties, kita \u2013 past\u016bm\u0117ta jaunatvi\u0161ko maksimalizmo. Gal nevert\u0117jo veltis&#8230;<\/p>\n<p>Romanas \u201eI\u0161nykti Stokholme&#8221; atveria \u0161iuolaikin\u0117s visuomen\u0117s skaudulius, tokius kaip smurtas, narkotikai, vaik\u0173 pornografija, priver\u010dia vertinti artimo meil\u0119 ir i\u0161kelia vien\u0105 i\u0161 svarbiausi\u0173 klausim\u0173: kiek toli galima nueiti, stengiantis apsaugoti brangius \u017emones?<\/p>\n<p>Siu\u017eetas perpintas skandinavi\u0161kos ramyb\u0117s, kuri neju\u010dia kelia \u0161iurp\u0105, ir pietieti\u0161ko azarto, kuris \u0161okiruoja be persp\u0117jimo.<\/p>\n<p>Didelis miestas \u2013 daugyb\u0117 paslap\u010di\u0173, ar tikrai reikia visas atskleisti?&#8230;<\/p>\n","protected":false},"excerpt":{"rendered":"<p>Dideliame mieste gali nutikti bet kas&#8230;U\u017emies\u010dio viloje ima kaukti signalizacija. Saugos tarnybos darbuotojas, atvyk\u0119s jos patikrinti, aptinka sudarkyt\u0105 lavon\u0105&#8230; Atrodyt\u0173, tradicin\u0117 detektyvo prad\u017eia&#8230; Bet ne visada b\u016bna taip, kaip atrodo&#8230; Nors aukos tapatyb\u0117 nenustatyta, bet jau sulaikytas \u012ftariamasis, kuris, prie\u0161 panirdamas \u012f kom\u0105, pasirenka niekada baud\u017eiamosiose bylose neatstovavusi\u0105 naujok\u0119 advokat\u0119 ir dar papra\u0161o jos susisiekti su vyru, devynerius metus kal\u0117jusiu u\u017e \u012ftariamojo t\u0117vo pagrobim\u0105. Buv\u0119s kalinys Tedis Mikuli\u010dius ir perspektyvi komercini\u0173 byl\u0173 advokat\u0117 Emil\u0117 Janson pradeda tirti netipi\u0161k\u0105 byl\u0105&#8230; Vienas vedinas s\u0105\u017ein\u0117s grau\u017eaties, kita \u2013 past\u016bm\u0117ta jaunatvi\u0161ko maksimalizmo. Gal nevert\u0117jo veltis&#8230; Romanas \u201eI\u0161nykti Stokholme&#8221; atveria \u0161iuolaikin\u0117s visuomen\u0117s skaudulius, tokius kaip smurtas, narkotikai, vaik\u0173 pornografija, priver\u010dia vertinti artimo meil\u0119 ir i\u0161kelia vien\u0105 i\u0161 svarbiausi\u0173 klausim\u0173: kiek toli galima nueiti, stengiantis apsaugoti brangius \u017emones? Siu\u017eetas perpintas skandinavi\u0161kos ramyb\u0117s, kuri neju\u010dia kelia \u0161iurp\u0105, ir pietieti\u0161ko azarto, kuris \u0161okiruoja be persp\u0117jimo. Didelis miestas \u2013 daugyb\u0117 paslap\u010di\u0173, ar tikrai reikia visas atskleisti?&#8230;<\/p>\n","protected":false},"featured_media":19702,"comment_status":"open","ping_status":"closed","template":"","meta":{"_acf_changed":false,"site-sidebar-layout":"default","site-content-layout":"","ast-site-content-layout":"default","site-content-style":"default","site-sidebar-style":"default","ast-global-header-display":"","ast-banner-title-visibility":"","ast-main-header-display":"","ast-hfb-above-header-display":"","ast-hfb-below-header-display":"","ast-hfb-mobile-header-display":"","site-post-title":"","ast-breadcrumbs-content":"","ast-featured-img":"","footer-sml-layout":"","ast-disable-related-posts":"","theme-transparent-header-meta":"","adv-header-id-meta":"","stick-header-meta":"","header-above-stick-meta":"","header-main-stick-meta":"","header-below-stick-meta":"","astra-migrate-meta-layouts":"default","ast-page-background-enabled":"default","ast-page-background-meta":{"desktop":{"background-color":"","background-image":"","background-repeat":"repeat","background-position":"center center","background-size":"auto","background-attachment":"scroll","background-type":"","background-media":"","overlay-type":"","overlay-color":"","overlay-opacity":"","overlay-gradient":""},"tablet":{"background-color":"","background-image":"","background-repeat":"repeat","background-position":"center center","background-size":"auto","background-attachment":"scroll","background-type":"","background-media":"","overlay-type":"","overlay-color":"","overlay-opacity":"","overlay-gradient":""},"mobile":{"background-color":"","background-image":"","background-repeat":"repeat","background-position":"center center","background-size":"auto","background-attachment":"scroll","background-type":"","background-media":"","overlay-type":"","overlay-color":"","overlay-opacity":"","overlay-gradient":""}},"ast-content-background-meta":{"desktop":{"background-color":"var(--ast-global-color-4)","background-image":"","background-repeat":"repeat","background-position":"center center","background-size":"auto","background-attachment":"scroll","background-type":"","background-media":"","overlay-type":"","overlay-color":"","overlay-opacity":"","overlay-gradient":""},"tablet":{"background-color":"var(--ast-global-color-4)","background-image":"","background-repeat":"repeat","background-position":"center center","background-size":"auto","background-attachment":"scroll","background-type":"","background-media":"","overlay-type":"","overlay-color":"","overlay-opacity":"","overlay-gradient":""},"mobile":{"background-color":"var(--ast-global-color-4)","background-image":"","background-repeat":"repeat","background-position":"center center","background-size":"auto","background-attachment":"scroll","background-type":"","background-media":"","overlay-type":"","overlay-color":"","overlay-opacity":"","overlay-gradient":""}}},"product_brand":[],"product_cat":[15],"product_tag":[1476,1590,6578,2109,3704,6579,2922,3133,1587],"class_list":{"0":"post-19693","1":"product","2":"type-product","3":"status-publish","4":"has-post-thumbnail","6":"product_cat-uncategorized","7":"product_tag-detektyvas","8":"product_tag-itampa","9":"product_tag-jens-lapidus","10":"product_tag-narkotikai","11":"product_tag-psichologinis","12":"product_tag-skandinaviskas","13":"product_tag-smurtas","14":"product_tag-svedija","15":"product_tag-trileris","16":"desktop-align-left","17":"tablet-align-left","18":"mobile-align-left","20":"first","21":"instock","22":"shipping-taxable","23":"purchasable","24":"product-type-simple"},"acf":[],"yoast_head":"<!-- This site is optimized with the Yoast SEO plugin v27.0 - https:\/\/yoast.com\/product\/yoast-seo-wordpress\/ -->\n<title>I\u0161nykti Stokholme<\/title>\n<meta name=\"description\" content=\"Dideliame mieste gali nutikti bet kas...U\u017emies\u010dio viloje ima kaukti signalizacija. Saugos tarnybos darbuotojas, atvyk\u0119s jos patikrinti, aptinka sudarkyt\u0105\" \/>\n<meta name=\"robots\" content=\"index, follow, max-snippet:-1, max-image-preview:large, max-video-preview:-1\" \/>\n<link rel=\"canonical\" href=\"https:\/\/skaitytaknyga.lt\/en\/produktas\/isnykti-stokholme\/\" \/>\n<meta property=\"og:locale\" content=\"en_GB\" \/>\n<meta property=\"og:locale:alternate\" content=\"lt_LT\" \/>\n<meta property=\"og:type\" content=\"article\" \/>\n<meta property=\"og:title\" content=\"I\u0161nykti Stokholme\" \/>\n<meta property=\"og:description\" content=\"Dideliame mieste gali nutikti bet kas...U\u017emies\u010dio viloje ima kaukti signalizacija. Saugos tarnybos darbuotojas, atvyk\u0119s jos patikrinti, aptinka sudarkyt\u0105\" \/>\n<meta property=\"og:url\" content=\"https:\/\/skaitytaknyga.lt\/en\/produktas\/isnykti-stokholme\/\" \/>\n<meta property=\"og:site_name\" content=\"Skaitytaknyga\" \/>\n<meta property=\"article:publisher\" content=\"https:\/\/www.facebook.com\/skaitytaknyga\/\" \/>\n<meta property=\"article:modified_time\" content=\"2025-07-23T06:44:31+00:00\" \/>\n<meta property=\"og:image\" content=\"https:\/\/skaitytaknyga.lt\/wp-content\/uploads\/2025\/07\/Atsekt-iki-namu-1.webp\" \/>\n\t<meta property=\"og:image:width\" content=\"216\" \/>\n\t<meta property=\"og:image:height\" content=\"328\" \/>\n\t<meta property=\"og:image:type\" content=\"image\/webp\" \/>\n<meta name=\"twitter:card\" content=\"summary_large_image\" \/>\n<meta name=\"twitter:label1\" content=\"Estimated reading time\" \/>\n\t<meta name=\"twitter:data1\" content=\"1 minute\" \/>\n<script type=\"application\/ld+json\" class=\"yoast-schema-graph\">{\"@context\":\"https:\/\/schema.org\",\"@graph\":[{\"@type\":\"WebPage\",\"@id\":\"https:\/\/skaitytaknyga.lt\/produktas\/isnykti-stokholme\/\",\"url\":\"https:\/\/skaitytaknyga.lt\/produktas\/isnykti-stokholme\/\",\"name\":\"I\u0161nykti Stokholme\",\"isPartOf\":{\"@id\":\"https:\/\/skaitytaknyga.lt\/#website\"},\"primaryImageOfPage\":{\"@id\":\"https:\/\/skaitytaknyga.lt\/produktas\/isnykti-stokholme\/#primaryimage\"},\"image\":{\"@id\":\"https:\/\/skaitytaknyga.lt\/produktas\/isnykti-stokholme\/#primaryimage\"},\"thumbnailUrl\":\"https:\/\/skaitytaknyga.lt\/wp-content\/uploads\/2025\/07\/Isnykti-Stokholme-1.webp\",\"datePublished\":\"2025-07-22T08:12:02+00:00\",\"dateModified\":\"2025-07-23T06:44:31+00:00\",\"description\":\"Dideliame mieste gali nutikti bet kas...U\u017emies\u010dio viloje ima kaukti signalizacija. Saugos tarnybos darbuotojas, atvyk\u0119s jos patikrinti, aptinka sudarkyt\u0105\",\"breadcrumb\":{\"@id\":\"https:\/\/skaitytaknyga.lt\/produktas\/isnykti-stokholme\/#breadcrumb\"},\"inLanguage\":\"en-GB\",\"potentialAction\":[{\"@type\":\"ReadAction\",\"target\":[\"https:\/\/skaitytaknyga.lt\/produktas\/isnykti-stokholme\/\"]}]},{\"@type\":\"ImageObject\",\"inLanguage\":\"en-GB\",\"@id\":\"https:\/\/skaitytaknyga.lt\/produktas\/isnykti-stokholme\/#primaryimage\",\"url\":\"https:\/\/skaitytaknyga.lt\/wp-content\/uploads\/2025\/07\/Isnykti-Stokholme-1.webp\",\"contentUrl\":\"https:\/\/skaitytaknyga.lt\/wp-content\/uploads\/2025\/07\/Isnykti-Stokholme-1.webp\",\"width\":204,\"height\":276,\"caption\":\"I\u0161nykti Stokholme (1)\"},{\"@type\":\"BreadcrumbList\",\"@id\":\"https:\/\/skaitytaknyga.lt\/produktas\/isnykti-stokholme\/#breadcrumb\",\"itemListElement\":[{\"@type\":\"ListItem\",\"position\":1,\"name\":\"Home\",\"item\":\"https:\/\/skaitytaknyga.lt\/\"},{\"@type\":\"ListItem\",\"position\":2,\"name\":\"Parduotuv\u0117\",\"item\":\"https:\/\/skaitytaknyga.lt\/knygu-parduotuve\/\"},{\"@type\":\"ListItem\",\"position\":3,\"name\":\"I\u0161nykti Stokholme\"}]},{\"@type\":\"WebSite\",\"@id\":\"https:\/\/skaitytaknyga.lt\/#website\",\"url\":\"https:\/\/skaitytaknyga.lt\/\",\"name\":\"skaitytaknyga.lt\",\"description\":\"Skaitytaknyga.lt \u2013 tai ma\u017eas \u0161eimos verslas, kuris prasid\u0117jo nuo meil\u0117s knygoms ir siekio i\u0161gelb\u0117ti knygas nuo likimo prie konteinerio. Kas vienam nereikalingas daiktas \u2013 kitam lobis, o mes esame tarpininkai, kurie padeda abiems tapti laimingesniems ???? \u017dinome kaip nelengva i\u0161gyventi ma\u017eiems verslams, tad nuo \u0161iol, \u010dia rasite ir kit\u0173, ma\u017e\u0173 \u0161eim\u0173 versl\u0173, rank\u0173 darbo, dovan\u0173 sau ir artimiesiems.\",\"publisher\":{\"@id\":\"https:\/\/skaitytaknyga.lt\/#organization\"},\"potentialAction\":[{\"@type\":\"SearchAction\",\"target\":{\"@type\":\"EntryPoint\",\"urlTemplate\":\"https:\/\/skaitytaknyga.lt\/?s={search_term_string}\"},\"query-input\":{\"@type\":\"PropertyValueSpecification\",\"valueRequired\":true,\"valueName\":\"search_term_string\"}}],\"inLanguage\":\"en-GB\"},{\"@type\":\"Organization\",\"@id\":\"https:\/\/skaitytaknyga.lt\/#organization\",\"name\":\"skaitytaknyga.lt\",\"url\":\"https:\/\/skaitytaknyga.lt\/\",\"logo\":{\"@type\":\"ImageObject\",\"inLanguage\":\"en-GB\",\"@id\":\"https:\/\/skaitytaknyga.lt\/#\/schema\/logo\/image\/\",\"url\":\"https:\/\/skaitytaknyga.lt\/wp-content\/uploads\/2024\/05\/cropped-cropped-cropped-02_00843_jt3bggkj1j3HLc7SyY6rEUpg.jpeg\",\"contentUrl\":\"https:\/\/skaitytaknyga.lt\/wp-content\/uploads\/2024\/05\/cropped-cropped-cropped-02_00843_jt3bggkj1j3HLc7SyY6rEUpg.jpeg\",\"width\":1600,\"height\":1600,\"caption\":\"skaitytaknyga.lt\"},\"image\":{\"@id\":\"https:\/\/skaitytaknyga.lt\/#\/schema\/logo\/image\/\"},\"sameAs\":[\"https:\/\/www.facebook.com\/skaitytaknyga\/\"]}]}<\/script>\n<!-- \/ Yoast SEO plugin. -->","yoast_head_json":{"title":"I\u0161nykti Stokholme","description":"Dideliame mieste gali nutikti bet kas...U\u017emies\u010dio viloje ima kaukti signalizacija. Saugos tarnybos darbuotojas, atvyk\u0119s jos patikrinti, aptinka sudarkyt\u0105","robots":{"index":"index","follow":"follow","max-snippet":"max-snippet:-1","max-image-preview":"max-image-preview:large","max-video-preview":"max-video-preview:-1"},"canonical":"https:\/\/skaitytaknyga.lt\/en\/produktas\/isnykti-stokholme\/","og_locale":"en_GB","og_type":"article","og_title":"[:lt]I\u0161nykti Stokholme[:] - Skaitytaknyga","og_description":"Dideliame mieste gali nutikti bet kas...U\u017emies\u010dio viloje ima kaukti signalizacija. Saugos tarnybos darbuotojas, atvyk\u0119s jos patikrinti, aptinka sudarkyt\u0105","og_url":"https:\/\/skaitytaknyga.lt\/en\/produktas\/isnykti-stokholme\/","og_site_name":"Skaitytaknyga","article_publisher":"https:\/\/www.facebook.com\/skaitytaknyga\/","article_modified_time":"2025-07-23T06:44:31+00:00","og_image":[{"width":216,"height":328,"url":"https:\/\/skaitytaknyga.lt\/wp-content\/uploads\/2025\/07\/Atsekt-iki-namu-1.webp","type":"image\/webp"}],"twitter_card":"summary_large_image","twitter_misc":{"Estimated reading time":"1 minute"},"schema":{"@context":"https:\/\/schema.org","@graph":[{"@type":"WebPage","@id":"https:\/\/skaitytaknyga.lt\/produktas\/isnykti-stokholme\/","url":"https:\/\/skaitytaknyga.lt\/produktas\/isnykti-stokholme\/","name":"I\u0161nykti Stokholme","isPartOf":{"@id":"https:\/\/skaitytaknyga.lt\/#website"},"primaryImageOfPage":{"@id":"https:\/\/skaitytaknyga.lt\/produktas\/isnykti-stokholme\/#primaryimage"},"image":{"@id":"https:\/\/skaitytaknyga.lt\/produktas\/isnykti-stokholme\/#primaryimage"},"thumbnailUrl":"https:\/\/skaitytaknyga.lt\/wp-content\/uploads\/2025\/07\/Isnykti-Stokholme-1.webp","datePublished":"2025-07-22T08:12:02+00:00","dateModified":"2025-07-23T06:44:31+00:00","description":"Dideliame mieste gali nutikti bet kas...U\u017emies\u010dio viloje ima kaukti signalizacija. Saugos tarnybos darbuotojas, atvyk\u0119s jos patikrinti, aptinka sudarkyt\u0105","breadcrumb":{"@id":"https:\/\/skaitytaknyga.lt\/produktas\/isnykti-stokholme\/#breadcrumb"},"inLanguage":"en-GB","potentialAction":[{"@type":"ReadAction","target":["https:\/\/skaitytaknyga.lt\/produktas\/isnykti-stokholme\/"]}]},{"@type":"ImageObject","inLanguage":"en-GB","@id":"https:\/\/skaitytaknyga.lt\/produktas\/isnykti-stokholme\/#primaryimage","url":"https:\/\/skaitytaknyga.lt\/wp-content\/uploads\/2025\/07\/Isnykti-Stokholme-1.webp","contentUrl":"https:\/\/skaitytaknyga.lt\/wp-content\/uploads\/2025\/07\/Isnykti-Stokholme-1.webp","width":204,"height":276,"caption":"I\u0161nykti Stokholme (1)"},{"@type":"BreadcrumbList","@id":"https:\/\/skaitytaknyga.lt\/produktas\/isnykti-stokholme\/#breadcrumb","itemListElement":[{"@type":"ListItem","position":1,"name":"Home","item":"https:\/\/skaitytaknyga.lt\/"},{"@type":"ListItem","position":2,"name":"Parduotuv\u0117","item":"https:\/\/skaitytaknyga.lt\/knygu-parduotuve\/"},{"@type":"ListItem","position":3,"name":"I\u0161nykti Stokholme"}]},{"@type":"WebSite","@id":"https:\/\/skaitytaknyga.lt\/#website","url":"https:\/\/skaitytaknyga.lt\/","name":"skaitytaknyga.lt","description":"Skaitytaknyga.lt \u2013 tai ma\u017eas \u0161eimos verslas, kuris prasid\u0117jo nuo meil\u0117s knygoms ir siekio i\u0161gelb\u0117ti knygas nuo likimo prie konteinerio. Kas vienam nereikalingas daiktas \u2013 kitam lobis, o mes esame tarpininkai, kurie padeda abiems tapti laimingesniems ???? \u017dinome kaip nelengva i\u0161gyventi ma\u017eiems verslams, tad nuo \u0161iol, \u010dia rasite ir kit\u0173, ma\u017e\u0173 \u0161eim\u0173 versl\u0173, rank\u0173 darbo, dovan\u0173 sau ir artimiesiems.","publisher":{"@id":"https:\/\/skaitytaknyga.lt\/#organization"},"potentialAction":[{"@type":"SearchAction","target":{"@type":"EntryPoint","urlTemplate":"https:\/\/skaitytaknyga.lt\/?s={search_term_string}"},"query-input":{"@type":"PropertyValueSpecification","valueRequired":true,"valueName":"search_term_string"}}],"inLanguage":"en-GB"},{"@type":"Organization","@id":"https:\/\/skaitytaknyga.lt\/#organization","name":"skaitytaknyga.lt","url":"https:\/\/skaitytaknyga.lt\/","logo":{"@type":"ImageObject","inLanguage":"en-GB","@id":"https:\/\/skaitytaknyga.lt\/#\/schema\/logo\/image\/","url":"https:\/\/skaitytaknyga.lt\/wp-content\/uploads\/2024\/05\/cropped-cropped-cropped-02_00843_jt3bggkj1j3HLc7SyY6rEUpg.jpeg","contentUrl":"https:\/\/skaitytaknyga.lt\/wp-content\/uploads\/2024\/05\/cropped-cropped-cropped-02_00843_jt3bggkj1j3HLc7SyY6rEUpg.jpeg","width":1600,"height":1600,"caption":"skaitytaknyga.lt"},"image":{"@id":"https:\/\/skaitytaknyga.lt\/#\/schema\/logo\/image\/"},"sameAs":["https:\/\/www.facebook.com\/skaitytaknyga\/"]}]}},"_links":{"self":[{"href":"https:\/\/skaitytaknyga.lt\/en\/wp-json\/wp\/v2\/product\/19693","targetHints":{"allow":["GET"]}}],"collection":[{"href":"https:\/\/skaitytaknyga.lt\/en\/wp-json\/wp\/v2\/product"}],"about":[{"href":"https:\/\/skaitytaknyga.lt\/en\/wp-json\/wp\/v2\/types\/product"}],"replies":[{"embeddable":true,"href":"https:\/\/skaitytaknyga.lt\/en\/wp-json\/wp\/v2\/comments?post=19693"}],"wp:featuredmedia":[{"embeddable":true,"href":"https:\/\/skaitytaknyga.lt\/en\/wp-json\/wp\/v2\/media\/19702"}],"wp:attachment":[{"href":"https:\/\/skaitytaknyga.lt\/en\/wp-json\/wp\/v2\/media?parent=19693"}],"wp:term":[{"taxonomy":"product_brand","embeddable":true,"href":"https:\/\/skaitytaknyga.lt\/en\/wp-json\/wp\/v2\/product_brand?post=19693"},{"taxonomy":"product_cat","embeddable":true,"href":"https:\/\/skaitytaknyga.lt\/en\/wp-json\/wp\/v2\/product_cat?post=19693"},{"taxonomy":"product_tag","embeddable":true,"href":"https:\/\/skaitytaknyga.lt\/en\/wp-json\/wp\/v2\/product_tag?post=19693"}],"curies":[{"name":"wp","href":"https:\/\/api.w.org\/{rel}","templated":true}]}}