{"id":19692,"date":"2025-07-22T11:12:02","date_gmt":"2025-07-22T08:12:02","guid":{"rendered":"https:\/\/skaitytaknyga.lt\/?post_type=product&#038;p=19692"},"modified":"2025-07-23T09:44:31","modified_gmt":"2025-07-23T06:44:31","slug":"atsekt-iki-namu","status":"publish","type":"product","link":"https:\/\/skaitytaknyga.lt\/en\/produktas\/atsekt-iki-namu\/","title":{"rendered":"Atsekt iki nam\u0173"},"content":{"rendered":"<p>Kaip ir kod\u0117l blogis vis d\u0117lto juos surado.<\/p>\n<p>Laurai ir Danieliui tai, regis, tur\u0117jo b\u016bti gyvenimo kelion\u0117 po Europ\u0105, Didysis Turas, paskutinis nuotykis prie\u0161 s\u0117slu \u0161eimos gyvenim\u0105.<\/p>\n<p>Iki \u0161ios akimirkos viskas buvo tobula, nepamir\u0161tama ir kupina \u012fsimintin\u0173 \u012fsp\u016bd\u017ei\u0173. Bet netik\u0117tas susitikimas su jauna pora naktiniame traukinyje Laur\u0105 ir Daniel\u012f priver\u010dia skubiai nutraukti svajoni\u0173 tur\u0105 ir b\u0117gti namo.<\/p>\n<p>Parskrid\u0119 \u012f London\u0105, abu prisiekia daugiau niekada nesikalb\u0117ti apie tai, kas \u012fvyko t\u0105 lemting\u0105 nakt\u012f, ir nepasakoti n\u0117 vienai gyvai dvasiai. Bet kai v\u0117l pabando gyventi \u012fprast\u0105 gyvenim\u0105, supranta, kad patirtas ko\u0161maras ne tik nesibaig\u0117, jis atsek\u0117 iki nam\u0173 ir grasina juos pra\u017eudyti&#8230;<\/p>\n<p>Skaitydamas Marko Edwardso \u012ftampos kupin\u0105 psichologin\u012f triler\u012f, kiekvienas kar\u0161tligi\u0161kai stengsis kuo grei\u010diau su\u017einoti, kas gi nutiko tame \u0161iurpiame mi\u0161ko name. Kai kurie tikri pabaisos yra daug blogesni, nei galima \u012fsivaizduoti.<\/p>\n<p>Markas Edwardsas v\u0117l suk\u016br\u0117 \u012ftraukiant\u012f psichologin\u012f triler\u012f, kuris yra painiai suregztas, permainingas ir tarpais keliantis \u0161iurpi\u0105 baim\u0119. Jis \u012fgudusiai konstruoja paslap\u010di\u0173 ir melo tinkl\u0105, sugeba sumaniai i\u0161mu\u0161ti i\u0161 v\u0117\u017ei\u0173, tod\u0117l buvau priversta vis\u0105 laik\u0105 sp\u0117lioti. Labai rekomenduoju.<br \/>\nC. L. Taylor, The Accident autor\u0117<\/p>\n<p>Trikdanti, patraukli knyga, laikas praskrieja nepastebimai. Kaip visada Edwardsas demonstruoja auk\u0161\u010diausi\u0105 klas\u0119.<br \/>\nAlex Marwood, Nedor\u0117l\u0117s autor\u0117<\/p>\n<p>Prad\u0117j\u0119s skaityti, nebegali sustoti&#8230; Tai pirmoji mano perskaityta Marko Edwardso knyga, bet nuo \u0161iol skaitysiu visus jo romanus.<\/p>\n","protected":false},"excerpt":{"rendered":"<p>Kaip ir kod\u0117l blogis vis d\u0117lto juos surado. Laurai ir Danieliui tai, regis, tur\u0117jo b\u016bti gyvenimo kelion\u0117 po Europ\u0105, Didysis Turas, paskutinis nuotykis prie\u0161 s\u0117slu \u0161eimos gyvenim\u0105. Iki \u0161ios akimirkos viskas buvo tobula, nepamir\u0161tama ir kupina \u012fsimintin\u0173 \u012fsp\u016bd\u017ei\u0173. Bet netik\u0117tas susitikimas su jauna pora naktiniame traukinyje Laur\u0105 ir Daniel\u012f priver\u010dia skubiai nutraukti svajoni\u0173 tur\u0105 ir b\u0117gti namo. Parskrid\u0119 \u012f London\u0105, abu prisiekia daugiau niekada nesikalb\u0117ti apie tai, kas \u012fvyko t\u0105 lemting\u0105 nakt\u012f, ir nepasakoti n\u0117 vienai gyvai dvasiai. Bet kai v\u0117l pabando gyventi \u012fprast\u0105 gyvenim\u0105, supranta, kad patirtas ko\u0161maras ne tik nesibaig\u0117, jis atsek\u0117 iki nam\u0173 ir grasina juos pra\u017eudyti&#8230; Skaitydamas Marko Edwardso \u012ftampos kupin\u0105 psichologin\u012f triler\u012f, kiekvienas kar\u0161tligi\u0161kai stengsis kuo grei\u010diau su\u017einoti, kas gi nutiko tame \u0161iurpiame mi\u0161ko name. Kai kurie tikri pabaisos yra daug blogesni, nei galima \u012fsivaizduoti. Markas Edwardsas v\u0117l suk\u016br\u0117 \u012ftraukiant\u012f psichologin\u012f triler\u012f, kuris yra painiai suregztas, permainingas ir tarpais keliantis \u0161iurpi\u0105 baim\u0119. Jis \u012fgudusiai konstruoja paslap\u010di\u0173 ir melo tinkl\u0105, sugeba sumaniai i\u0161mu\u0161ti i\u0161 v\u0117\u017ei\u0173, tod\u0117l buvau priversta vis\u0105 laik\u0105 sp\u0117lioti. Labai rekomenduoju. C. L. Taylor, The Accident autor\u0117 Trikdanti, patraukli knyga, laikas praskrieja nepastebimai. Kaip visada Edwardsas demonstruoja auk\u0161\u010diausi\u0105 klas\u0119. Alex Marwood, Nedor\u0117l\u0117s autor\u0117 Prad\u0117j\u0119s skaityti, nebegali sustoti&#8230; Tai pirmoji mano perskaityta Marko Edwardso knyga, bet nuo \u0161iol skaitysiu visus jo romanus.<\/p>\n","protected":false},"featured_media":19701,"comment_status":"open","ping_status":"closed","template":"","meta":{"_acf_changed":false,"site-sidebar-layout":"default","site-content-layout":"","ast-site-content-layout":"default","site-content-style":"default","site-sidebar-style":"default","ast-global-header-display":"","ast-banner-title-visibility":"","ast-main-header-display":"","ast-hfb-above-header-display":"","ast-hfb-below-header-display":"","ast-hfb-mobile-header-display":"","site-post-title":"","ast-breadcrumbs-content":"","ast-featured-img":"","footer-sml-layout":"","ast-disable-related-posts":"","theme-transparent-header-meta":"","adv-header-id-meta":"","stick-header-meta":"","header-above-stick-meta":"","header-main-stick-meta":"","header-below-stick-meta":"","astra-migrate-meta-layouts":"default","ast-page-background-enabled":"default","ast-page-background-meta":{"desktop":{"background-color":"","background-image":"","background-repeat":"repeat","background-position":"center center","background-size":"auto","background-attachment":"scroll","background-type":"","background-media":"","overlay-type":"","overlay-color":"","overlay-opacity":"","overlay-gradient":""},"tablet":{"background-color":"","background-image":"","background-repeat":"repeat","background-position":"center center","background-size":"auto","background-attachment":"scroll","background-type":"","background-media":"","overlay-type":"","overlay-color":"","overlay-opacity":"","overlay-gradient":""},"mobile":{"background-color":"","background-image":"","background-repeat":"repeat","background-position":"center center","background-size":"auto","background-attachment":"scroll","background-type":"","background-media":"","overlay-type":"","overlay-color":"","overlay-opacity":"","overlay-gradient":""}},"ast-content-background-meta":{"desktop":{"background-color":"var(--ast-global-color-4)","background-image":"","background-repeat":"repeat","background-position":"center center","background-size":"auto","background-attachment":"scroll","background-type":"","background-media":"","overlay-type":"","overlay-color":"","overlay-opacity":"","overlay-gradient":""},"tablet":{"background-color":"var(--ast-global-color-4)","background-image":"","background-repeat":"repeat","background-position":"center center","background-size":"auto","background-attachment":"scroll","background-type":"","background-media":"","overlay-type":"","overlay-color":"","overlay-opacity":"","overlay-gradient":""},"mobile":{"background-color":"var(--ast-global-color-4)","background-image":"","background-repeat":"repeat","background-position":"center center","background-size":"auto","background-attachment":"scroll","background-type":"","background-media":"","overlay-type":"","overlay-color":"","overlay-opacity":"","overlay-gradient":""}}},"product_brand":[],"product_cat":[15],"product_tag":[1590,6577,3983,6576,2720,3704,1646,2922,1587],"class_list":{"0":"post-19692","1":"product","2":"type-product","3":"status-publish","4":"has-post-thumbnail","6":"product_cat-uncategorized","7":"product_tag-itampa","8":"product_tag-kosmaras","9":"product_tag-londonas","10":"product_tag-mark-edwards","11":"product_tag-paslaptis","12":"product_tag-psichologinis","13":"product_tag-seima","14":"product_tag-smurtas","15":"product_tag-trileris","16":"desktop-align-left","17":"tablet-align-left","18":"mobile-align-left","20":"first","21":"instock","22":"shipping-taxable","23":"purchasable","24":"product-type-simple"},"acf":[],"yoast_head":"<!-- This site is optimized with the Yoast SEO plugin v27.0 - https:\/\/yoast.com\/product\/yoast-seo-wordpress\/ -->\n<title>Atsekt iki nam\u0173<\/title>\n<meta name=\"description\" content=\"Kaip ir kod\u0117l blogis vis d\u0117lto juos surado. Laurai ir Danieliui tai, regis, tur\u0117jo b\u016bti gyvenimo kelion\u0117 po Europ\u0105, Didysis Turas, paskutinis nuotykis\" \/>\n<meta name=\"robots\" content=\"index, follow, max-snippet:-1, max-image-preview:large, max-video-preview:-1\" \/>\n<link rel=\"canonical\" href=\"https:\/\/skaitytaknyga.lt\/en\/produktas\/atsekt-iki-namu\/\" \/>\n<meta property=\"og:locale\" content=\"en_GB\" \/>\n<meta property=\"og:locale:alternate\" content=\"lt_LT\" \/>\n<meta property=\"og:type\" content=\"article\" \/>\n<meta property=\"og:title\" content=\"Atsekt iki nam\u0173\" \/>\n<meta property=\"og:description\" content=\"Kaip ir kod\u0117l blogis vis d\u0117lto juos surado. Laurai ir Danieliui tai, regis, tur\u0117jo b\u016bti gyvenimo kelion\u0117 po Europ\u0105, Didysis Turas, paskutinis nuotykis\" \/>\n<meta property=\"og:url\" content=\"https:\/\/skaitytaknyga.lt\/en\/produktas\/atsekt-iki-namu\/\" \/>\n<meta property=\"og:site_name\" content=\"Skaitytaknyga\" \/>\n<meta property=\"article:publisher\" content=\"https:\/\/www.facebook.com\/skaitytaknyga\/\" \/>\n<meta property=\"article:modified_time\" content=\"2025-07-23T06:44:31+00:00\" \/>\n<meta property=\"og:image\" content=\"https:\/\/skaitytaknyga.lt\/wp-content\/uploads\/2025\/07\/Atsekt-iki-namu-1.webp\" \/>\n\t<meta property=\"og:image:width\" content=\"216\" \/>\n\t<meta property=\"og:image:height\" content=\"328\" \/>\n\t<meta property=\"og:image:type\" content=\"image\/webp\" \/>\n<meta name=\"twitter:card\" content=\"summary_large_image\" \/>\n<meta name=\"twitter:label1\" content=\"Estimated reading time\" \/>\n\t<meta name=\"twitter:data1\" content=\"1 minute\" \/>\n<script type=\"application\/ld+json\" class=\"yoast-schema-graph\">{\"@context\":\"https:\/\/schema.org\",\"@graph\":[{\"@type\":\"WebPage\",\"@id\":\"https:\/\/skaitytaknyga.lt\/produktas\/atsekt-iki-namu\/\",\"url\":\"https:\/\/skaitytaknyga.lt\/produktas\/atsekt-iki-namu\/\",\"name\":\"Atsekt iki nam\u0173\",\"isPartOf\":{\"@id\":\"https:\/\/skaitytaknyga.lt\/#website\"},\"primaryImageOfPage\":{\"@id\":\"https:\/\/skaitytaknyga.lt\/produktas\/atsekt-iki-namu\/#primaryimage\"},\"image\":{\"@id\":\"https:\/\/skaitytaknyga.lt\/produktas\/atsekt-iki-namu\/#primaryimage\"},\"thumbnailUrl\":\"https:\/\/skaitytaknyga.lt\/wp-content\/uploads\/2025\/07\/Atsekt-iki-namu-1.webp\",\"datePublished\":\"2025-07-22T08:12:02+00:00\",\"dateModified\":\"2025-07-23T06:44:31+00:00\",\"description\":\"Kaip ir kod\u0117l blogis vis d\u0117lto juos surado. Laurai ir Danieliui tai, regis, tur\u0117jo b\u016bti gyvenimo kelion\u0117 po Europ\u0105, Didysis Turas, paskutinis nuotykis\",\"breadcrumb\":{\"@id\":\"https:\/\/skaitytaknyga.lt\/produktas\/atsekt-iki-namu\/#breadcrumb\"},\"inLanguage\":\"en-GB\",\"potentialAction\":[{\"@type\":\"ReadAction\",\"target\":[\"https:\/\/skaitytaknyga.lt\/produktas\/atsekt-iki-namu\/\"]}]},{\"@type\":\"ImageObject\",\"inLanguage\":\"en-GB\",\"@id\":\"https:\/\/skaitytaknyga.lt\/produktas\/atsekt-iki-namu\/#primaryimage\",\"url\":\"https:\/\/skaitytaknyga.lt\/wp-content\/uploads\/2025\/07\/Atsekt-iki-namu-1.webp\",\"contentUrl\":\"https:\/\/skaitytaknyga.lt\/wp-content\/uploads\/2025\/07\/Atsekt-iki-namu-1.webp\",\"width\":216,\"height\":328,\"caption\":\"Atsekt iki nam\u0173 (1)\"},{\"@type\":\"BreadcrumbList\",\"@id\":\"https:\/\/skaitytaknyga.lt\/produktas\/atsekt-iki-namu\/#breadcrumb\",\"itemListElement\":[{\"@type\":\"ListItem\",\"position\":1,\"name\":\"Home\",\"item\":\"https:\/\/skaitytaknyga.lt\/\"},{\"@type\":\"ListItem\",\"position\":2,\"name\":\"Parduotuv\u0117\",\"item\":\"https:\/\/skaitytaknyga.lt\/knygu-parduotuve\/\"},{\"@type\":\"ListItem\",\"position\":3,\"name\":\"Atsekt iki nam\u0173\"}]},{\"@type\":\"WebSite\",\"@id\":\"https:\/\/skaitytaknyga.lt\/#website\",\"url\":\"https:\/\/skaitytaknyga.lt\/\",\"name\":\"skaitytaknyga.lt\",\"description\":\"Skaitytaknyga.lt \u2013 tai ma\u017eas \u0161eimos verslas, kuris prasid\u0117jo nuo meil\u0117s knygoms ir siekio i\u0161gelb\u0117ti knygas nuo likimo prie konteinerio. Kas vienam nereikalingas daiktas \u2013 kitam lobis, o mes esame tarpininkai, kurie padeda abiems tapti laimingesniems ???? \u017dinome kaip nelengva i\u0161gyventi ma\u017eiems verslams, tad nuo \u0161iol, \u010dia rasite ir kit\u0173, ma\u017e\u0173 \u0161eim\u0173 versl\u0173, rank\u0173 darbo, dovan\u0173 sau ir artimiesiems.\",\"publisher\":{\"@id\":\"https:\/\/skaitytaknyga.lt\/#organization\"},\"potentialAction\":[{\"@type\":\"SearchAction\",\"target\":{\"@type\":\"EntryPoint\",\"urlTemplate\":\"https:\/\/skaitytaknyga.lt\/?s={search_term_string}\"},\"query-input\":{\"@type\":\"PropertyValueSpecification\",\"valueRequired\":true,\"valueName\":\"search_term_string\"}}],\"inLanguage\":\"en-GB\"},{\"@type\":\"Organization\",\"@id\":\"https:\/\/skaitytaknyga.lt\/#organization\",\"name\":\"skaitytaknyga.lt\",\"url\":\"https:\/\/skaitytaknyga.lt\/\",\"logo\":{\"@type\":\"ImageObject\",\"inLanguage\":\"en-GB\",\"@id\":\"https:\/\/skaitytaknyga.lt\/#\/schema\/logo\/image\/\",\"url\":\"https:\/\/skaitytaknyga.lt\/wp-content\/uploads\/2024\/05\/cropped-cropped-cropped-02_00843_jt3bggkj1j3HLc7SyY6rEUpg.jpeg\",\"contentUrl\":\"https:\/\/skaitytaknyga.lt\/wp-content\/uploads\/2024\/05\/cropped-cropped-cropped-02_00843_jt3bggkj1j3HLc7SyY6rEUpg.jpeg\",\"width\":1600,\"height\":1600,\"caption\":\"skaitytaknyga.lt\"},\"image\":{\"@id\":\"https:\/\/skaitytaknyga.lt\/#\/schema\/logo\/image\/\"},\"sameAs\":[\"https:\/\/www.facebook.com\/skaitytaknyga\/\"]}]}<\/script>\n<!-- \/ Yoast SEO plugin. -->","yoast_head_json":{"title":"Atsekt iki nam\u0173","description":"Kaip ir kod\u0117l blogis vis d\u0117lto juos surado. Laurai ir Danieliui tai, regis, tur\u0117jo b\u016bti gyvenimo kelion\u0117 po Europ\u0105, Didysis Turas, paskutinis nuotykis","robots":{"index":"index","follow":"follow","max-snippet":"max-snippet:-1","max-image-preview":"max-image-preview:large","max-video-preview":"max-video-preview:-1"},"canonical":"https:\/\/skaitytaknyga.lt\/en\/produktas\/atsekt-iki-namu\/","og_locale":"en_GB","og_type":"article","og_title":"[:lt]Atsekt iki nam\u0173[:] - Skaitytaknyga","og_description":"Kaip ir kod\u0117l blogis vis d\u0117lto juos surado. Laurai ir Danieliui tai, regis, tur\u0117jo b\u016bti gyvenimo kelion\u0117 po Europ\u0105, Didysis Turas, paskutinis nuotykis","og_url":"https:\/\/skaitytaknyga.lt\/en\/produktas\/atsekt-iki-namu\/","og_site_name":"Skaitytaknyga","article_publisher":"https:\/\/www.facebook.com\/skaitytaknyga\/","article_modified_time":"2025-07-23T06:44:31+00:00","og_image":[{"width":216,"height":328,"url":"https:\/\/skaitytaknyga.lt\/wp-content\/uploads\/2025\/07\/Atsekt-iki-namu-1.webp","type":"image\/webp"}],"twitter_card":"summary_large_image","twitter_misc":{"Estimated reading time":"1 minute"},"schema":{"@context":"https:\/\/schema.org","@graph":[{"@type":"WebPage","@id":"https:\/\/skaitytaknyga.lt\/produktas\/atsekt-iki-namu\/","url":"https:\/\/skaitytaknyga.lt\/produktas\/atsekt-iki-namu\/","name":"Atsekt iki nam\u0173","isPartOf":{"@id":"https:\/\/skaitytaknyga.lt\/#website"},"primaryImageOfPage":{"@id":"https:\/\/skaitytaknyga.lt\/produktas\/atsekt-iki-namu\/#primaryimage"},"image":{"@id":"https:\/\/skaitytaknyga.lt\/produktas\/atsekt-iki-namu\/#primaryimage"},"thumbnailUrl":"https:\/\/skaitytaknyga.lt\/wp-content\/uploads\/2025\/07\/Atsekt-iki-namu-1.webp","datePublished":"2025-07-22T08:12:02+00:00","dateModified":"2025-07-23T06:44:31+00:00","description":"Kaip ir kod\u0117l blogis vis d\u0117lto juos surado. Laurai ir Danieliui tai, regis, tur\u0117jo b\u016bti gyvenimo kelion\u0117 po Europ\u0105, Didysis Turas, paskutinis nuotykis","breadcrumb":{"@id":"https:\/\/skaitytaknyga.lt\/produktas\/atsekt-iki-namu\/#breadcrumb"},"inLanguage":"en-GB","potentialAction":[{"@type":"ReadAction","target":["https:\/\/skaitytaknyga.lt\/produktas\/atsekt-iki-namu\/"]}]},{"@type":"ImageObject","inLanguage":"en-GB","@id":"https:\/\/skaitytaknyga.lt\/produktas\/atsekt-iki-namu\/#primaryimage","url":"https:\/\/skaitytaknyga.lt\/wp-content\/uploads\/2025\/07\/Atsekt-iki-namu-1.webp","contentUrl":"https:\/\/skaitytaknyga.lt\/wp-content\/uploads\/2025\/07\/Atsekt-iki-namu-1.webp","width":216,"height":328,"caption":"Atsekt iki nam\u0173 (1)"},{"@type":"BreadcrumbList","@id":"https:\/\/skaitytaknyga.lt\/produktas\/atsekt-iki-namu\/#breadcrumb","itemListElement":[{"@type":"ListItem","position":1,"name":"Home","item":"https:\/\/skaitytaknyga.lt\/"},{"@type":"ListItem","position":2,"name":"Parduotuv\u0117","item":"https:\/\/skaitytaknyga.lt\/knygu-parduotuve\/"},{"@type":"ListItem","position":3,"name":"Atsekt iki nam\u0173"}]},{"@type":"WebSite","@id":"https:\/\/skaitytaknyga.lt\/#website","url":"https:\/\/skaitytaknyga.lt\/","name":"skaitytaknyga.lt","description":"Skaitytaknyga.lt \u2013 tai ma\u017eas \u0161eimos verslas, kuris prasid\u0117jo nuo meil\u0117s knygoms ir siekio i\u0161gelb\u0117ti knygas nuo likimo prie konteinerio. Kas vienam nereikalingas daiktas \u2013 kitam lobis, o mes esame tarpininkai, kurie padeda abiems tapti laimingesniems ???? \u017dinome kaip nelengva i\u0161gyventi ma\u017eiems verslams, tad nuo \u0161iol, \u010dia rasite ir kit\u0173, ma\u017e\u0173 \u0161eim\u0173 versl\u0173, rank\u0173 darbo, dovan\u0173 sau ir artimiesiems.","publisher":{"@id":"https:\/\/skaitytaknyga.lt\/#organization"},"potentialAction":[{"@type":"SearchAction","target":{"@type":"EntryPoint","urlTemplate":"https:\/\/skaitytaknyga.lt\/?s={search_term_string}"},"query-input":{"@type":"PropertyValueSpecification","valueRequired":true,"valueName":"search_term_string"}}],"inLanguage":"en-GB"},{"@type":"Organization","@id":"https:\/\/skaitytaknyga.lt\/#organization","name":"skaitytaknyga.lt","url":"https:\/\/skaitytaknyga.lt\/","logo":{"@type":"ImageObject","inLanguage":"en-GB","@id":"https:\/\/skaitytaknyga.lt\/#\/schema\/logo\/image\/","url":"https:\/\/skaitytaknyga.lt\/wp-content\/uploads\/2024\/05\/cropped-cropped-cropped-02_00843_jt3bggkj1j3HLc7SyY6rEUpg.jpeg","contentUrl":"https:\/\/skaitytaknyga.lt\/wp-content\/uploads\/2024\/05\/cropped-cropped-cropped-02_00843_jt3bggkj1j3HLc7SyY6rEUpg.jpeg","width":1600,"height":1600,"caption":"skaitytaknyga.lt"},"image":{"@id":"https:\/\/skaitytaknyga.lt\/#\/schema\/logo\/image\/"},"sameAs":["https:\/\/www.facebook.com\/skaitytaknyga\/"]}]}},"_links":{"self":[{"href":"https:\/\/skaitytaknyga.lt\/en\/wp-json\/wp\/v2\/product\/19692","targetHints":{"allow":["GET"]}}],"collection":[{"href":"https:\/\/skaitytaknyga.lt\/en\/wp-json\/wp\/v2\/product"}],"about":[{"href":"https:\/\/skaitytaknyga.lt\/en\/wp-json\/wp\/v2\/types\/product"}],"replies":[{"embeddable":true,"href":"https:\/\/skaitytaknyga.lt\/en\/wp-json\/wp\/v2\/comments?post=19692"}],"wp:featuredmedia":[{"embeddable":true,"href":"https:\/\/skaitytaknyga.lt\/en\/wp-json\/wp\/v2\/media\/19701"}],"wp:attachment":[{"href":"https:\/\/skaitytaknyga.lt\/en\/wp-json\/wp\/v2\/media?parent=19692"}],"wp:term":[{"taxonomy":"product_brand","embeddable":true,"href":"https:\/\/skaitytaknyga.lt\/en\/wp-json\/wp\/v2\/product_brand?post=19692"},{"taxonomy":"product_cat","embeddable":true,"href":"https:\/\/skaitytaknyga.lt\/en\/wp-json\/wp\/v2\/product_cat?post=19692"},{"taxonomy":"product_tag","embeddable":true,"href":"https:\/\/skaitytaknyga.lt\/en\/wp-json\/wp\/v2\/product_tag?post=19692"}],"curies":[{"name":"wp","href":"https:\/\/api.w.org\/{rel}","templated":true}]}}