{"id":19691,"date":"2025-07-22T11:12:02","date_gmt":"2025-07-22T08:12:02","guid":{"rendered":"https:\/\/skaitytaknyga.lt\/?post_type=product&#038;p=19691"},"modified":"2026-03-05T13:33:01","modified_gmt":"2026-03-05T11:33:01","slug":"pazenklinti-amziams","status":"publish","type":"product","link":"https:\/\/skaitytaknyga.lt\/en\/produktas\/pazenklinti-amziams\/","title":{"rendered":"Pa\u017eenklinti am\u017eiams"},"content":{"rendered":"<p>\u201eSiu\u017eeto painumu nenusileid\u017eia Nesb\u00f8 ar Kepleriui.\u201c \u2013 Dast Magazine<\/p>\n<p>Prabangiame Nor\u0161iopingo kvartale savo nam\u0173 svetain\u0117je randamas nu\u0161autas Migracijos departamento vadovas. Vienintelis p\u0117dsakas \u2013 vaiko pir\u0161t\u0173 atspaudai. \u0160eima bevaik\u0117, tad kas gal\u0117jo juos palikti? \u017dudikas?<\/p>\n<p>Tyrimui vadovauti imasi prokuror\u0117 Jana Berzelijus \u2013 jauna ir labai talentinga, bet at\u0161iauraus b\u016bdo, kaip ir jos t\u0117vas, praeityje buv\u0119s garsus prokuroras. Jana tvirta, \u0161alto proto ir nepalenkiama, kol&#8230; Po keli\u0173 dien\u0173 nuo\u0161alioje pakrant\u0117je aptinkamas negyvas vaikas. \u0160alia guli ginklas, i\u0161 kurio paleistos kulkos \u012f Migracijos departamento vadov\u0105. I\u0161vydusi ant berniuko sprando i\u0161rai\u017eytas raides Jana sustingsta \u2013 atgyja prisiminim\u0173 nuotrupos i\u0161 jos pa\u010dios vaikyst\u0117s, \u012f kuri\u0105 iki \u0161iol gr\u0105\u017eindavo tik nakties ko\u0161marai. Prokuror\u0117 privalo rasti tikr\u0105j\u012f \u017eudik\u0105 anks\u010diau nei policija, kad su\u017einot\u0173, kas jai kadaise nutiko, ir neleist\u0173 savo \u0161iurpiai praei\u010diai i\u0161kilti \u012f dienos \u0161vies\u0105.<\/p>\n<p>Tai pirmoji Janos Berzelijus byla.<\/p>\n","protected":false},"excerpt":{"rendered":"<p>\u201eSiu\u017eeto painumu nenusileid\u017eia Nesb\u00f8 ar Kepleriui.\u201c \u2013 Dast Magazine Prabangiame Nor\u0161iopingo kvartale savo nam\u0173 svetain\u0117je randamas nu\u0161autas Migracijos departamento vadovas. Vienintelis p\u0117dsakas \u2013 vaiko pir\u0161t\u0173 atspaudai. \u0160eima bevaik\u0117, tad kas gal\u0117jo juos palikti? \u017dudikas? Tyrimui vadovauti imasi prokuror\u0117 Jana Berzelijus \u2013 jauna ir labai talentinga, bet at\u0161iauraus b\u016bdo, kaip ir jos t\u0117vas, praeityje buv\u0119s garsus prokuroras. Jana tvirta, \u0161alto proto ir nepalenkiama, kol&#8230; Po keli\u0173 dien\u0173 nuo\u0161alioje pakrant\u0117je aptinkamas negyvas vaikas. \u0160alia guli ginklas, i\u0161 kurio paleistos kulkos \u012f Migracijos departamento vadov\u0105. I\u0161vydusi ant berniuko sprando i\u0161rai\u017eytas raides Jana sustingsta \u2013 atgyja prisiminim\u0173 nuotrupos i\u0161 jos pa\u010dios vaikyst\u0117s, \u012f kuri\u0105 iki \u0161iol gr\u0105\u017eindavo tik nakties ko\u0161marai. Prokuror\u0117 privalo rasti tikr\u0105j\u012f \u017eudik\u0105 anks\u010diau nei policija, kad su\u017einot\u0173, kas jai kadaise nutiko, ir neleist\u0173 savo \u0161iurpiai praei\u010diai i\u0161kilti \u012f dienos \u0161vies\u0105. Tai pirmoji Janos Berzelijus byla.<\/p>\n","protected":false},"featured_media":19696,"comment_status":"open","ping_status":"closed","template":"","meta":{"_acf_changed":false,"site-sidebar-layout":"default","site-content-layout":"","ast-site-content-layout":"default","site-content-style":"default","site-sidebar-style":"default","ast-global-header-display":"","ast-banner-title-visibility":"","ast-main-header-display":"","ast-hfb-above-header-display":"","ast-hfb-below-header-display":"","ast-hfb-mobile-header-display":"","site-post-title":"","ast-breadcrumbs-content":"","ast-featured-img":"","footer-sml-layout":"","ast-disable-related-posts":"","theme-transparent-header-meta":"","adv-header-id-meta":"","stick-header-meta":"","header-above-stick-meta":"","header-main-stick-meta":"","header-below-stick-meta":"","astra-migrate-meta-layouts":"default","ast-page-background-enabled":"default","ast-page-background-meta":{"desktop":{"background-color":"","background-image":"","background-repeat":"repeat","background-position":"center center","background-size":"auto","background-attachment":"scroll","background-type":"","background-media":"","overlay-type":"","overlay-color":"","overlay-opacity":"","overlay-gradient":""},"tablet":{"background-color":"","background-image":"","background-repeat":"repeat","background-position":"center center","background-size":"auto","background-attachment":"scroll","background-type":"","background-media":"","overlay-type":"","overlay-color":"","overlay-opacity":"","overlay-gradient":""},"mobile":{"background-color":"","background-image":"","background-repeat":"repeat","background-position":"center center","background-size":"auto","background-attachment":"scroll","background-type":"","background-media":"","overlay-type":"","overlay-color":"","overlay-opacity":"","overlay-gradient":""}},"ast-content-background-meta":{"desktop":{"background-color":"var(--ast-global-color-4)","background-image":"","background-repeat":"repeat","background-position":"center center","background-size":"auto","background-attachment":"scroll","background-type":"","background-media":"","overlay-type":"","overlay-color":"","overlay-opacity":"","overlay-gradient":""},"tablet":{"background-color":"var(--ast-global-color-4)","background-image":"","background-repeat":"repeat","background-position":"center center","background-size":"auto","background-attachment":"scroll","background-type":"","background-media":"","overlay-type":"","overlay-color":"","overlay-opacity":"","overlay-gradient":""},"mobile":{"background-color":"var(--ast-global-color-4)","background-image":"","background-repeat":"repeat","background-position":"center center","background-size":"auto","background-attachment":"scroll","background-type":"","background-media":"","overlay-type":"","overlay-color":"","overlay-opacity":"","overlay-gradient":""}}},"product_brand":[],"product_cat":[9581],"product_tag":[1476,6573,4346,6575,6574,3133,4146,3131,3242],"class_list":{"0":"post-19691","1":"product","2":"type-product","3":"status-publish","4":"has-post-thumbnail","6":"product_cat-kriminaliniai-romanai","7":"product_tag-detektyvas","8":"product_tag-emelie-schepp","9":"product_tag-kriminalinis","10":"product_tag-misle","11":"product_tag-prokurore","12":"product_tag-svedija","13":"product_tag-trauma","14":"product_tag-vaikyste","15":"product_tag-zudikas","16":"desktop-align-left","17":"tablet-align-left","18":"mobile-align-left","20":"first","21":"instock","22":"shipping-taxable","23":"purchasable","24":"product-type-simple"},"acf":[],"yoast_head":"<!-- This site is optimized with the Yoast SEO plugin v27.4 - https:\/\/yoast.com\/product\/yoast-seo-wordpress\/ -->\n<title>Pa\u017eenklinti am\u017eiams<\/title>\n<meta name=\"description\" content=\"\u201eSiu\u017eeto painumu nenusileid\u017eia Nesb\u00f8 ar Kepleriui.\u201c \u2013 Dast Magazine Prabangiame Nor\u0161iopingo kvartale savo nam\u0173 svetain\u0117je randamas nu\u0161autas Migracijos\" \/>\n<meta name=\"robots\" content=\"index, follow, max-snippet:-1, max-image-preview:large, max-video-preview:-1\" \/>\n<link rel=\"canonical\" href=\"https:\/\/skaitytaknyga.lt\/en\/produktas\/pazenklinti-amziams\/\" \/>\n<meta property=\"og:locale\" content=\"en_GB\" \/>\n<meta property=\"og:locale:alternate\" content=\"lt_LT\" \/>\n<meta property=\"og:type\" content=\"article\" \/>\n<meta property=\"og:title\" content=\"Pa\u017eenklinti am\u017eiams\" \/>\n<meta property=\"og:description\" content=\"\u201eSiu\u017eeto painumu nenusileid\u017eia Nesb\u00f8 ar Kepleriui.\u201c \u2013 Dast Magazine Prabangiame Nor\u0161iopingo kvartale savo nam\u0173 svetain\u0117je randamas nu\u0161autas Migracijos\" \/>\n<meta property=\"og:url\" content=\"https:\/\/skaitytaknyga.lt\/en\/produktas\/pazenklinti-amziams\/\" \/>\n<meta property=\"og:site_name\" content=\"Skaitytaknyga\" \/>\n<meta property=\"article:publisher\" content=\"https:\/\/www.facebook.com\/skaitytaknyga\/\" \/>\n<meta property=\"article:modified_time\" content=\"2026-03-05T11:33:01+00:00\" \/>\n<meta property=\"og:image\" content=\"https:\/\/skaitytaknyga.lt\/wp-content\/uploads\/2025\/07\/Pazenklinti-amziams-1-1.webp\" \/>\n\t<meta property=\"og:image:width\" content=\"267\" \/>\n\t<meta property=\"og:image:height\" content=\"397\" \/>\n\t<meta property=\"og:image:type\" content=\"image\/webp\" \/>\n<meta name=\"twitter:card\" content=\"summary_large_image\" \/>\n<meta name=\"twitter:label1\" content=\"Estimated reading time\" \/>\n\t<meta name=\"twitter:data1\" content=\"1 minute\" \/>\n<script type=\"application\/ld+json\" class=\"yoast-schema-graph\">{\"@context\":\"https:\\\/\\\/schema.org\",\"@graph\":[{\"@type\":\"WebPage\",\"@id\":\"https:\\\/\\\/skaitytaknyga.lt\\\/produktas\\\/pazenklinti-amziams\\\/\",\"url\":\"https:\\\/\\\/skaitytaknyga.lt\\\/produktas\\\/pazenklinti-amziams\\\/\",\"name\":\"Pa\u017eenklinti am\u017eiams\",\"isPartOf\":{\"@id\":\"https:\\\/\\\/skaitytaknyga.lt\\\/#website\"},\"primaryImageOfPage\":{\"@id\":\"https:\\\/\\\/skaitytaknyga.lt\\\/produktas\\\/pazenklinti-amziams\\\/#primaryimage\"},\"image\":{\"@id\":\"https:\\\/\\\/skaitytaknyga.lt\\\/produktas\\\/pazenklinti-amziams\\\/#primaryimage\"},\"thumbnailUrl\":\"https:\\\/\\\/skaitytaknyga.lt\\\/wp-content\\\/uploads\\\/2025\\\/07\\\/Pazenklinti-amziams-1-1.webp\",\"datePublished\":\"2025-07-22T08:12:02+00:00\",\"dateModified\":\"2026-03-05T11:33:01+00:00\",\"description\":\"\u201eSiu\u017eeto painumu nenusileid\u017eia Nesb\u00f8 ar Kepleriui.\u201c \u2013 Dast Magazine Prabangiame Nor\u0161iopingo kvartale savo nam\u0173 svetain\u0117je randamas nu\u0161autas Migracijos\",\"breadcrumb\":{\"@id\":\"https:\\\/\\\/skaitytaknyga.lt\\\/produktas\\\/pazenklinti-amziams\\\/#breadcrumb\"},\"inLanguage\":\"en-GB\",\"potentialAction\":[{\"@type\":\"ReadAction\",\"target\":[\"https:\\\/\\\/skaitytaknyga.lt\\\/produktas\\\/pazenklinti-amziams\\\/\"]}]},{\"@type\":\"ImageObject\",\"inLanguage\":\"en-GB\",\"@id\":\"https:\\\/\\\/skaitytaknyga.lt\\\/produktas\\\/pazenklinti-amziams\\\/#primaryimage\",\"url\":\"https:\\\/\\\/skaitytaknyga.lt\\\/wp-content\\\/uploads\\\/2025\\\/07\\\/Pazenklinti-amziams-1-1.webp\",\"contentUrl\":\"https:\\\/\\\/skaitytaknyga.lt\\\/wp-content\\\/uploads\\\/2025\\\/07\\\/Pazenklinti-amziams-1-1.webp\",\"width\":267,\"height\":397},{\"@type\":\"BreadcrumbList\",\"@id\":\"https:\\\/\\\/skaitytaknyga.lt\\\/produktas\\\/pazenklinti-amziams\\\/#breadcrumb\",\"itemListElement\":[{\"@type\":\"ListItem\",\"position\":1,\"name\":\"Home\",\"item\":\"https:\\\/\\\/skaitytaknyga.lt\\\/\"},{\"@type\":\"ListItem\",\"position\":2,\"name\":\"Parduotuv\u0117\",\"item\":\"https:\\\/\\\/skaitytaknyga.lt\\\/knygu-parduotuve\\\/\"},{\"@type\":\"ListItem\",\"position\":3,\"name\":\"Pa\u017eenklinti am\u017eiams\"}]},{\"@type\":\"WebSite\",\"@id\":\"https:\\\/\\\/skaitytaknyga.lt\\\/#website\",\"url\":\"https:\\\/\\\/skaitytaknyga.lt\\\/\",\"name\":\"skaitytaknyga.lt\",\"description\":\"Skaitytaknyga.lt \u2013 tai ma\u017eas \u0161eimos verslas, kuris prasid\u0117jo nuo meil\u0117s knygoms ir siekio i\u0161gelb\u0117ti knygas nuo likimo prie konteinerio. Kas vienam nereikalingas daiktas \u2013 kitam lobis, o mes esame tarpininkai, kurie padeda abiems tapti laimingesniems ???? \u017dinome kaip nelengva i\u0161gyventi ma\u017eiems verslams, tad nuo \u0161iol, \u010dia rasite ir kit\u0173, ma\u017e\u0173 \u0161eim\u0173 versl\u0173, rank\u0173 darbo, dovan\u0173 sau ir artimiesiems.\",\"publisher\":{\"@id\":\"https:\\\/\\\/skaitytaknyga.lt\\\/#organization\"},\"potentialAction\":[{\"@type\":\"SearchAction\",\"target\":{\"@type\":\"EntryPoint\",\"urlTemplate\":\"https:\\\/\\\/skaitytaknyga.lt\\\/?s={search_term_string}\"},\"query-input\":{\"@type\":\"PropertyValueSpecification\",\"valueRequired\":true,\"valueName\":\"search_term_string\"}}],\"inLanguage\":\"en-GB\"},{\"@type\":\"Organization\",\"@id\":\"https:\\\/\\\/skaitytaknyga.lt\\\/#organization\",\"name\":\"skaitytaknyga.lt\",\"url\":\"https:\\\/\\\/skaitytaknyga.lt\\\/\",\"logo\":{\"@type\":\"ImageObject\",\"inLanguage\":\"en-GB\",\"@id\":\"https:\\\/\\\/skaitytaknyga.lt\\\/#\\\/schema\\\/logo\\\/image\\\/\",\"url\":\"https:\\\/\\\/skaitytaknyga.lt\\\/wp-content\\\/uploads\\\/2024\\\/05\\\/cropped-cropped-cropped-02_00843_jt3bggkj1j3HLc7SyY6rEUpg.jpeg\",\"contentUrl\":\"https:\\\/\\\/skaitytaknyga.lt\\\/wp-content\\\/uploads\\\/2024\\\/05\\\/cropped-cropped-cropped-02_00843_jt3bggkj1j3HLc7SyY6rEUpg.jpeg\",\"width\":1600,\"height\":1600,\"caption\":\"skaitytaknyga.lt\"},\"image\":{\"@id\":\"https:\\\/\\\/skaitytaknyga.lt\\\/#\\\/schema\\\/logo\\\/image\\\/\"},\"sameAs\":[\"https:\\\/\\\/www.facebook.com\\\/skaitytaknyga\\\/\"]}]}<\/script>\n<!-- \/ Yoast SEO plugin. -->","yoast_head_json":{"title":"Pa\u017eenklinti am\u017eiams","description":"\u201eSiu\u017eeto painumu nenusileid\u017eia Nesb\u00f8 ar Kepleriui.\u201c \u2013 Dast Magazine Prabangiame Nor\u0161iopingo kvartale savo nam\u0173 svetain\u0117je randamas nu\u0161autas Migracijos","robots":{"index":"index","follow":"follow","max-snippet":"max-snippet:-1","max-image-preview":"max-image-preview:large","max-video-preview":"max-video-preview:-1"},"canonical":"https:\/\/skaitytaknyga.lt\/en\/produktas\/pazenklinti-amziams\/","og_locale":"en_GB","og_type":"article","og_title":"[:lt]Pa\u017eenklinti am\u017eiams[:] - Skaitytaknyga","og_description":"\u201eSiu\u017eeto painumu nenusileid\u017eia Nesb\u00f8 ar Kepleriui.\u201c \u2013 Dast Magazine Prabangiame Nor\u0161iopingo kvartale savo nam\u0173 svetain\u0117je randamas nu\u0161autas Migracijos","og_url":"https:\/\/skaitytaknyga.lt\/en\/produktas\/pazenklinti-amziams\/","og_site_name":"Skaitytaknyga","article_publisher":"https:\/\/www.facebook.com\/skaitytaknyga\/","article_modified_time":"2026-03-05T11:33:01+00:00","og_image":[{"width":267,"height":397,"url":"https:\/\/skaitytaknyga.lt\/wp-content\/uploads\/2025\/07\/Pazenklinti-amziams-1-1.webp","type":"image\/webp"}],"twitter_card":"summary_large_image","twitter_misc":{"Estimated reading time":"1 minute"},"schema":{"@context":"https:\/\/schema.org","@graph":[{"@type":"WebPage","@id":"https:\/\/skaitytaknyga.lt\/produktas\/pazenklinti-amziams\/","url":"https:\/\/skaitytaknyga.lt\/produktas\/pazenklinti-amziams\/","name":"Pa\u017eenklinti am\u017eiams","isPartOf":{"@id":"https:\/\/skaitytaknyga.lt\/#website"},"primaryImageOfPage":{"@id":"https:\/\/skaitytaknyga.lt\/produktas\/pazenklinti-amziams\/#primaryimage"},"image":{"@id":"https:\/\/skaitytaknyga.lt\/produktas\/pazenklinti-amziams\/#primaryimage"},"thumbnailUrl":"https:\/\/skaitytaknyga.lt\/wp-content\/uploads\/2025\/07\/Pazenklinti-amziams-1-1.webp","datePublished":"2025-07-22T08:12:02+00:00","dateModified":"2026-03-05T11:33:01+00:00","description":"\u201eSiu\u017eeto painumu nenusileid\u017eia Nesb\u00f8 ar Kepleriui.\u201c \u2013 Dast Magazine Prabangiame Nor\u0161iopingo kvartale savo nam\u0173 svetain\u0117je randamas nu\u0161autas Migracijos","breadcrumb":{"@id":"https:\/\/skaitytaknyga.lt\/produktas\/pazenklinti-amziams\/#breadcrumb"},"inLanguage":"en-GB","potentialAction":[{"@type":"ReadAction","target":["https:\/\/skaitytaknyga.lt\/produktas\/pazenklinti-amziams\/"]}]},{"@type":"ImageObject","inLanguage":"en-GB","@id":"https:\/\/skaitytaknyga.lt\/produktas\/pazenklinti-amziams\/#primaryimage","url":"https:\/\/skaitytaknyga.lt\/wp-content\/uploads\/2025\/07\/Pazenklinti-amziams-1-1.webp","contentUrl":"https:\/\/skaitytaknyga.lt\/wp-content\/uploads\/2025\/07\/Pazenklinti-amziams-1-1.webp","width":267,"height":397},{"@type":"BreadcrumbList","@id":"https:\/\/skaitytaknyga.lt\/produktas\/pazenklinti-amziams\/#breadcrumb","itemListElement":[{"@type":"ListItem","position":1,"name":"Home","item":"https:\/\/skaitytaknyga.lt\/"},{"@type":"ListItem","position":2,"name":"Parduotuv\u0117","item":"https:\/\/skaitytaknyga.lt\/knygu-parduotuve\/"},{"@type":"ListItem","position":3,"name":"Pa\u017eenklinti am\u017eiams"}]},{"@type":"WebSite","@id":"https:\/\/skaitytaknyga.lt\/#website","url":"https:\/\/skaitytaknyga.lt\/","name":"skaitytaknyga.lt","description":"Skaitytaknyga.lt \u2013 tai ma\u017eas \u0161eimos verslas, kuris prasid\u0117jo nuo meil\u0117s knygoms ir siekio i\u0161gelb\u0117ti knygas nuo likimo prie konteinerio. Kas vienam nereikalingas daiktas \u2013 kitam lobis, o mes esame tarpininkai, kurie padeda abiems tapti laimingesniems ???? \u017dinome kaip nelengva i\u0161gyventi ma\u017eiems verslams, tad nuo \u0161iol, \u010dia rasite ir kit\u0173, ma\u017e\u0173 \u0161eim\u0173 versl\u0173, rank\u0173 darbo, dovan\u0173 sau ir artimiesiems.","publisher":{"@id":"https:\/\/skaitytaknyga.lt\/#organization"},"potentialAction":[{"@type":"SearchAction","target":{"@type":"EntryPoint","urlTemplate":"https:\/\/skaitytaknyga.lt\/?s={search_term_string}"},"query-input":{"@type":"PropertyValueSpecification","valueRequired":true,"valueName":"search_term_string"}}],"inLanguage":"en-GB"},{"@type":"Organization","@id":"https:\/\/skaitytaknyga.lt\/#organization","name":"skaitytaknyga.lt","url":"https:\/\/skaitytaknyga.lt\/","logo":{"@type":"ImageObject","inLanguage":"en-GB","@id":"https:\/\/skaitytaknyga.lt\/#\/schema\/logo\/image\/","url":"https:\/\/skaitytaknyga.lt\/wp-content\/uploads\/2024\/05\/cropped-cropped-cropped-02_00843_jt3bggkj1j3HLc7SyY6rEUpg.jpeg","contentUrl":"https:\/\/skaitytaknyga.lt\/wp-content\/uploads\/2024\/05\/cropped-cropped-cropped-02_00843_jt3bggkj1j3HLc7SyY6rEUpg.jpeg","width":1600,"height":1600,"caption":"skaitytaknyga.lt"},"image":{"@id":"https:\/\/skaitytaknyga.lt\/#\/schema\/logo\/image\/"},"sameAs":["https:\/\/www.facebook.com\/skaitytaknyga\/"]}]}},"_links":{"self":[{"href":"https:\/\/skaitytaknyga.lt\/en\/wp-json\/wp\/v2\/product\/19691","targetHints":{"allow":["GET"]}}],"collection":[{"href":"https:\/\/skaitytaknyga.lt\/en\/wp-json\/wp\/v2\/product"}],"about":[{"href":"https:\/\/skaitytaknyga.lt\/en\/wp-json\/wp\/v2\/types\/product"}],"replies":[{"embeddable":true,"href":"https:\/\/skaitytaknyga.lt\/en\/wp-json\/wp\/v2\/comments?post=19691"}],"wp:featuredmedia":[{"embeddable":true,"href":"https:\/\/skaitytaknyga.lt\/en\/wp-json\/wp\/v2\/media\/19696"}],"wp:attachment":[{"href":"https:\/\/skaitytaknyga.lt\/en\/wp-json\/wp\/v2\/media?parent=19691"}],"wp:term":[{"taxonomy":"product_brand","embeddable":true,"href":"https:\/\/skaitytaknyga.lt\/en\/wp-json\/wp\/v2\/product_brand?post=19691"},{"taxonomy":"product_cat","embeddable":true,"href":"https:\/\/skaitytaknyga.lt\/en\/wp-json\/wp\/v2\/product_cat?post=19691"},{"taxonomy":"product_tag","embeddable":true,"href":"https:\/\/skaitytaknyga.lt\/en\/wp-json\/wp\/v2\/product_tag?post=19691"}],"curies":[{"name":"wp","href":"https:\/\/api.w.org\/{rel}","templated":true}]}}