{"id":19690,"date":"2025-07-22T11:12:01","date_gmt":"2025-07-22T08:12:01","guid":{"rendered":"https:\/\/skaitytaknyga.lt\/?post_type=product&#038;p=19690"},"modified":"2026-03-05T11:59:17","modified_gmt":"2026-03-05T09:59:17","slug":"mirties-loterija","status":"publish","type":"product","link":"https:\/\/skaitytaknyga.lt\/en\/produktas\/mirties-loterija\/","title":{"rendered":"Mirties loterija"},"content":{"rendered":"<p>Kiek nedaug reikia, kad sugadintum kitam \u017emogui gyvenim\u0105. Tereikia b\u016bti \u0161altam it ledas.<\/p>\n<p>Sofie Sarenbrant (Sofi Sarenbrant, g. 1978 m.) \u2013 nauja kylanti \u0161ved\u0173 detektyv\u0173 \u017evaig\u017ed\u0117, viena populiariausi\u0173 \u0161iuolaikini\u0173 \u0160vedijos autori\u0173. Jos knygose nusikaltimus tiria ne ni\u016brus nesiskut\u0119s vyri\u0161kis, kaip \u012fprasta, turintis problem\u0173 d\u0117l alkoholio ir santyki\u0173, o jauna ir ambicinga detektyv\u0117 Ema \u0160iold. Tiesa, ji turi problem\u0173 su buvusiu draugu. Ir yra tre\u010di\u0105 m\u0117nes\u012f n\u0117\u0161\u010dia. Ta\u010diau tai jai netrukdo imtis paslaptingo nusikaltimo, kai prabangiame Stokholmo rajone, parduodamo namo svetain\u0117je netik\u0117tai aptinkamas vyro lavonas. Vyro, pernelyg gerai pa\u017e\u012fstamas namo savininkei Kornelijai. O Kornelija taip tik\u0117josi kuo grei\u010diau i\u0161sikraustyti i\u0161 to namo. Taip tik\u0117josi, kad jos kan\u010dios pasibaigs, kai jos su \u0161e\u0161iamete Astrida persikels \u012f nauj\u0105 viet\u0105 ir visk\u0105 pamir\u0161. Pamir\u0161 nesibaigiant\u012f Hanso smurt\u0105. Ta\u010diau t\u0105 ryt\u0105 b\u016btent mergait\u0117 randa t\u0117v\u0105 negyv\u0105. Kaip jis pateko \u012f nam\u0105? \u012esilau\u017eimo po\u017eymi\u0173 n\u0117ra, o nusikaltimas \u012fvykdytas virtuviniu peiliu. Gal met\u0173 metus kankinta moteris nusprend\u0117 pagaliau atker\u0161yti? Bet Astrida pasakoja nakt\u012f prie savo lovos ma\u010diusi vyr\u0105. Kas jis ir kaip ten atsid\u016br\u0117? Ir ar \u0161e\u0161iamet\u0117 gali b\u016bti patikima liudytoja? Ema \u0160iold turi versij\u0105. Bet po pirmos \u017emog\u017eudyst\u0117s \u012fvyksta antra&#8230; ir viskas susiveja \u012f vien\u0105 paslap\u010di\u0173, santyki\u0173, ker\u0161to kamuol\u012f. Kas i\u0161 ties\u0173 dedasi idili\u0161kame Stokholmo priemiestyje?<\/p>\n<p>Naujas meistri\u0161kai para\u0161ytas \u0161vedi\u0161kas detektyvas \u2013 apie \u017emones, susipainiojusius melo, ker\u0161to ir kankinan\u010di\u0173 tarpusavio santyki\u0173 voratinklyje. Atmosferi\u0161kas, kupinas \u012ftaigos ir \u012ftampos, persmelkian\u010dios kiekvien\u0105 puslap\u012f.<\/p>\n","protected":false},"excerpt":{"rendered":"<p>Kiek nedaug reikia, kad sugadintum kitam \u017emogui gyvenim\u0105. Tereikia b\u016bti \u0161altam it ledas. Sofie Sarenbrant (Sofi Sarenbrant, g. 1978 m.) \u2013 nauja kylanti \u0161ved\u0173 detektyv\u0173 \u017evaig\u017ed\u0117, viena populiariausi\u0173 \u0161iuolaikini\u0173 \u0160vedijos autori\u0173. Jos knygose nusikaltimus tiria ne ni\u016brus nesiskut\u0119s vyri\u0161kis, kaip \u012fprasta, turintis problem\u0173 d\u0117l alkoholio ir santyki\u0173, o jauna ir ambicinga detektyv\u0117 Ema \u0160iold. Tiesa, ji turi problem\u0173 su buvusiu draugu. Ir yra tre\u010di\u0105 m\u0117nes\u012f n\u0117\u0161\u010dia. Ta\u010diau tai jai netrukdo imtis paslaptingo nusikaltimo, kai prabangiame Stokholmo rajone, parduodamo namo svetain\u0117je netik\u0117tai aptinkamas vyro lavonas. Vyro, pernelyg gerai pa\u017e\u012fstamas namo savininkei Kornelijai. O Kornelija taip tik\u0117josi kuo grei\u010diau i\u0161sikraustyti i\u0161 to namo. Taip tik\u0117josi, kad jos kan\u010dios pasibaigs, kai jos su \u0161e\u0161iamete Astrida persikels \u012f nauj\u0105 viet\u0105 ir visk\u0105 pamir\u0161. Pamir\u0161 nesibaigiant\u012f Hanso smurt\u0105. Ta\u010diau t\u0105 ryt\u0105 b\u016btent mergait\u0117 randa t\u0117v\u0105 negyv\u0105. Kaip jis pateko \u012f nam\u0105? \u012esilau\u017eimo po\u017eymi\u0173 n\u0117ra, o nusikaltimas \u012fvykdytas virtuviniu peiliu. Gal met\u0173 metus kankinta moteris nusprend\u0117 pagaliau atker\u0161yti? Bet Astrida pasakoja nakt\u012f prie savo lovos ma\u010diusi vyr\u0105. Kas jis ir kaip ten atsid\u016br\u0117? Ir ar \u0161e\u0161iamet\u0117 gali b\u016bti patikima liudytoja? Ema \u0160iold turi versij\u0105. Bet po pirmos \u017emog\u017eudyst\u0117s \u012fvyksta antra&#8230; ir viskas susiveja \u012f vien\u0105 paslap\u010di\u0173, santyki\u0173, ker\u0161to kamuol\u012f. Kas i\u0161 ties\u0173 dedasi idili\u0161kame Stokholmo priemiestyje? Naujas meistri\u0161kai para\u0161ytas \u0161vedi\u0161kas detektyvas \u2013 apie \u017emones, susipainiojusius melo, ker\u0161to ir kankinan\u010di\u0173 tarpusavio santyki\u0173 voratinklyje. Atmosferi\u0161kas, kupinas \u012ftaigos ir \u012ftampos, persmelkian\u010dios kiekvien\u0105 puslap\u012f.<\/p>\n","protected":false},"featured_media":19697,"comment_status":"open","ping_status":"closed","template":"","meta":{"_acf_changed":false,"site-sidebar-layout":"default","site-content-layout":"","ast-site-content-layout":"default","site-content-style":"default","site-sidebar-style":"default","ast-global-header-display":"","ast-banner-title-visibility":"","ast-main-header-display":"","ast-hfb-above-header-display":"","ast-hfb-below-header-display":"","ast-hfb-mobile-header-display":"","site-post-title":"","ast-breadcrumbs-content":"","ast-featured-img":"","footer-sml-layout":"","ast-disable-related-posts":"","theme-transparent-header-meta":"","adv-header-id-meta":"","stick-header-meta":"","header-above-stick-meta":"","header-main-stick-meta":"","header-below-stick-meta":"","astra-migrate-meta-layouts":"default","ast-page-background-enabled":"default","ast-page-background-meta":{"desktop":{"background-color":"","background-image":"","background-repeat":"repeat","background-position":"center center","background-size":"auto","background-attachment":"scroll","background-type":"","background-media":"","overlay-type":"","overlay-color":"","overlay-opacity":"","overlay-gradient":""},"tablet":{"background-color":"","background-image":"","background-repeat":"repeat","background-position":"center center","background-size":"auto","background-attachment":"scroll","background-type":"","background-media":"","overlay-type":"","overlay-color":"","overlay-opacity":"","overlay-gradient":""},"mobile":{"background-color":"","background-image":"","background-repeat":"repeat","background-position":"center center","background-size":"auto","background-attachment":"scroll","background-type":"","background-media":"","overlay-type":"","overlay-color":"","overlay-opacity":"","overlay-gradient":""}},"ast-content-background-meta":{"desktop":{"background-color":"var(--ast-global-color-4)","background-image":"","background-repeat":"repeat","background-position":"center center","background-size":"auto","background-attachment":"scroll","background-type":"","background-media":"","overlay-type":"","overlay-color":"","overlay-opacity":"","overlay-gradient":""},"tablet":{"background-color":"var(--ast-global-color-4)","background-image":"","background-repeat":"repeat","background-position":"center center","background-size":"auto","background-attachment":"scroll","background-type":"","background-media":"","overlay-type":"","overlay-color":"","overlay-opacity":"","overlay-gradient":""},"mobile":{"background-color":"var(--ast-global-color-4)","background-image":"","background-repeat":"repeat","background-position":"center center","background-size":"auto","background-attachment":"scroll","background-type":"","background-media":"","overlay-type":"","overlay-color":"","overlay-opacity":"","overlay-gradient":""}}},"product_brand":[],"product_cat":[9581],"product_tag":[1476,1590,1799,2720,1646,2922,6572,3133,1587],"class_list":{"0":"post-19690","1":"product","2":"type-product","3":"status-publish","4":"has-post-thumbnail","6":"product_cat-kriminaliniai-romanai","7":"product_tag-detektyvas","8":"product_tag-itampa","9":"product_tag-kerstas","10":"product_tag-paslaptis","11":"product_tag-seima","12":"product_tag-smurtas","13":"product_tag-sofie-sarenbrant","14":"product_tag-svedija","15":"product_tag-trileris","16":"desktop-align-left","17":"tablet-align-left","18":"mobile-align-left","20":"first","21":"instock","22":"shipping-taxable","23":"purchasable","24":"product-type-simple"},"acf":[],"yoast_head":"<!-- This site is optimized with the Yoast SEO plugin v27.0 - https:\/\/yoast.com\/product\/yoast-seo-wordpress\/ -->\n<title>Mirties loterija<\/title>\n<meta name=\"description\" content=\"Kiek nedaug reikia, kad sugadintum kitam \u017emogui gyvenim\u0105. Tereikia b\u016bti \u0161altam it ledas. Sofie Sarenbrant (Sofi Sarenbrant, g. 1978 m.) \u2013 nauja kylanti\" \/>\n<meta name=\"robots\" content=\"index, follow, max-snippet:-1, max-image-preview:large, max-video-preview:-1\" \/>\n<link rel=\"canonical\" href=\"https:\/\/skaitytaknyga.lt\/en\/produktas\/mirties-loterija\/\" \/>\n<meta property=\"og:locale\" content=\"en_GB\" \/>\n<meta property=\"og:locale:alternate\" content=\"lt_LT\" \/>\n<meta property=\"og:type\" content=\"article\" \/>\n<meta property=\"og:title\" content=\"Mirties loterija\" \/>\n<meta property=\"og:description\" content=\"Kiek nedaug reikia, kad sugadintum kitam \u017emogui gyvenim\u0105. Tereikia b\u016bti \u0161altam it ledas. Sofie Sarenbrant (Sofi Sarenbrant, g. 1978 m.) \u2013 nauja kylanti\" \/>\n<meta property=\"og:url\" content=\"https:\/\/skaitytaknyga.lt\/en\/produktas\/mirties-loterija\/\" \/>\n<meta property=\"og:site_name\" content=\"Skaitytaknyga\" \/>\n<meta property=\"article:publisher\" content=\"https:\/\/www.facebook.com\/skaitytaknyga\/\" \/>\n<meta property=\"article:modified_time\" content=\"2026-03-05T09:59:17+00:00\" \/>\n<meta property=\"og:image\" content=\"https:\/\/skaitytaknyga.lt\/wp-content\/uploads\/2025\/07\/Mirties-loterija-1.webp\" \/>\n\t<meta property=\"og:image:width\" content=\"294\" \/>\n\t<meta property=\"og:image:height\" content=\"441\" \/>\n\t<meta property=\"og:image:type\" content=\"image\/webp\" \/>\n<meta name=\"twitter:card\" content=\"summary_large_image\" \/>\n<meta name=\"twitter:label1\" content=\"Estimated reading time\" \/>\n\t<meta name=\"twitter:data1\" content=\"1 minute\" \/>\n<script type=\"application\/ld+json\" class=\"yoast-schema-graph\">{\"@context\":\"https:\/\/schema.org\",\"@graph\":[{\"@type\":\"WebPage\",\"@id\":\"https:\/\/skaitytaknyga.lt\/produktas\/mirties-loterija\/\",\"url\":\"https:\/\/skaitytaknyga.lt\/produktas\/mirties-loterija\/\",\"name\":\"Mirties loterija\",\"isPartOf\":{\"@id\":\"https:\/\/skaitytaknyga.lt\/#website\"},\"primaryImageOfPage\":{\"@id\":\"https:\/\/skaitytaknyga.lt\/produktas\/mirties-loterija\/#primaryimage\"},\"image\":{\"@id\":\"https:\/\/skaitytaknyga.lt\/produktas\/mirties-loterija\/#primaryimage\"},\"thumbnailUrl\":\"https:\/\/skaitytaknyga.lt\/wp-content\/uploads\/2025\/07\/Mirties-loterija-1.webp\",\"datePublished\":\"2025-07-22T08:12:01+00:00\",\"dateModified\":\"2026-03-05T09:59:17+00:00\",\"description\":\"Kiek nedaug reikia, kad sugadintum kitam \u017emogui gyvenim\u0105. Tereikia b\u016bti \u0161altam it ledas. Sofie Sarenbrant (Sofi Sarenbrant, g. 1978 m.) \u2013 nauja kylanti\",\"breadcrumb\":{\"@id\":\"https:\/\/skaitytaknyga.lt\/produktas\/mirties-loterija\/#breadcrumb\"},\"inLanguage\":\"en-GB\",\"potentialAction\":[{\"@type\":\"ReadAction\",\"target\":[\"https:\/\/skaitytaknyga.lt\/produktas\/mirties-loterija\/\"]}]},{\"@type\":\"ImageObject\",\"inLanguage\":\"en-GB\",\"@id\":\"https:\/\/skaitytaknyga.lt\/produktas\/mirties-loterija\/#primaryimage\",\"url\":\"https:\/\/skaitytaknyga.lt\/wp-content\/uploads\/2025\/07\/Mirties-loterija-1.webp\",\"contentUrl\":\"https:\/\/skaitytaknyga.lt\/wp-content\/uploads\/2025\/07\/Mirties-loterija-1.webp\",\"width\":294,\"height\":441,\"caption\":\"Mirties loterija\"},{\"@type\":\"BreadcrumbList\",\"@id\":\"https:\/\/skaitytaknyga.lt\/produktas\/mirties-loterija\/#breadcrumb\",\"itemListElement\":[{\"@type\":\"ListItem\",\"position\":1,\"name\":\"Home\",\"item\":\"https:\/\/skaitytaknyga.lt\/\"},{\"@type\":\"ListItem\",\"position\":2,\"name\":\"Parduotuv\u0117\",\"item\":\"https:\/\/skaitytaknyga.lt\/knygu-parduotuve\/\"},{\"@type\":\"ListItem\",\"position\":3,\"name\":\"Mirties loterija\"}]},{\"@type\":\"WebSite\",\"@id\":\"https:\/\/skaitytaknyga.lt\/#website\",\"url\":\"https:\/\/skaitytaknyga.lt\/\",\"name\":\"skaitytaknyga.lt\",\"description\":\"Skaitytaknyga.lt \u2013 tai ma\u017eas \u0161eimos verslas, kuris prasid\u0117jo nuo meil\u0117s knygoms ir siekio i\u0161gelb\u0117ti knygas nuo likimo prie konteinerio. Kas vienam nereikalingas daiktas \u2013 kitam lobis, o mes esame tarpininkai, kurie padeda abiems tapti laimingesniems ???? \u017dinome kaip nelengva i\u0161gyventi ma\u017eiems verslams, tad nuo \u0161iol, \u010dia rasite ir kit\u0173, ma\u017e\u0173 \u0161eim\u0173 versl\u0173, rank\u0173 darbo, dovan\u0173 sau ir artimiesiems.\",\"publisher\":{\"@id\":\"https:\/\/skaitytaknyga.lt\/#organization\"},\"potentialAction\":[{\"@type\":\"SearchAction\",\"target\":{\"@type\":\"EntryPoint\",\"urlTemplate\":\"https:\/\/skaitytaknyga.lt\/?s={search_term_string}\"},\"query-input\":{\"@type\":\"PropertyValueSpecification\",\"valueRequired\":true,\"valueName\":\"search_term_string\"}}],\"inLanguage\":\"en-GB\"},{\"@type\":\"Organization\",\"@id\":\"https:\/\/skaitytaknyga.lt\/#organization\",\"name\":\"skaitytaknyga.lt\",\"url\":\"https:\/\/skaitytaknyga.lt\/\",\"logo\":{\"@type\":\"ImageObject\",\"inLanguage\":\"en-GB\",\"@id\":\"https:\/\/skaitytaknyga.lt\/#\/schema\/logo\/image\/\",\"url\":\"https:\/\/skaitytaknyga.lt\/wp-content\/uploads\/2024\/05\/cropped-cropped-cropped-02_00843_jt3bggkj1j3HLc7SyY6rEUpg.jpeg\",\"contentUrl\":\"https:\/\/skaitytaknyga.lt\/wp-content\/uploads\/2024\/05\/cropped-cropped-cropped-02_00843_jt3bggkj1j3HLc7SyY6rEUpg.jpeg\",\"width\":1600,\"height\":1600,\"caption\":\"skaitytaknyga.lt\"},\"image\":{\"@id\":\"https:\/\/skaitytaknyga.lt\/#\/schema\/logo\/image\/\"},\"sameAs\":[\"https:\/\/www.facebook.com\/skaitytaknyga\/\"]}]}<\/script>\n<!-- \/ Yoast SEO plugin. -->","yoast_head_json":{"title":"Mirties loterija","description":"Kiek nedaug reikia, kad sugadintum kitam \u017emogui gyvenim\u0105. Tereikia b\u016bti \u0161altam it ledas. Sofie Sarenbrant (Sofi Sarenbrant, g. 1978 m.) \u2013 nauja kylanti","robots":{"index":"index","follow":"follow","max-snippet":"max-snippet:-1","max-image-preview":"max-image-preview:large","max-video-preview":"max-video-preview:-1"},"canonical":"https:\/\/skaitytaknyga.lt\/en\/produktas\/mirties-loterija\/","og_locale":"en_GB","og_type":"article","og_title":"[:lt]Mirties loterija[:] - Skaitytaknyga","og_description":"Kiek nedaug reikia, kad sugadintum kitam \u017emogui gyvenim\u0105. Tereikia b\u016bti \u0161altam it ledas. Sofie Sarenbrant (Sofi Sarenbrant, g. 1978 m.) \u2013 nauja kylanti","og_url":"https:\/\/skaitytaknyga.lt\/en\/produktas\/mirties-loterija\/","og_site_name":"Skaitytaknyga","article_publisher":"https:\/\/www.facebook.com\/skaitytaknyga\/","article_modified_time":"2026-03-05T09:59:17+00:00","og_image":[{"width":294,"height":441,"url":"https:\/\/skaitytaknyga.lt\/wp-content\/uploads\/2025\/07\/Mirties-loterija-1.webp","type":"image\/webp"}],"twitter_card":"summary_large_image","twitter_misc":{"Estimated reading time":"1 minute"},"schema":{"@context":"https:\/\/schema.org","@graph":[{"@type":"WebPage","@id":"https:\/\/skaitytaknyga.lt\/produktas\/mirties-loterija\/","url":"https:\/\/skaitytaknyga.lt\/produktas\/mirties-loterija\/","name":"Mirties loterija","isPartOf":{"@id":"https:\/\/skaitytaknyga.lt\/#website"},"primaryImageOfPage":{"@id":"https:\/\/skaitytaknyga.lt\/produktas\/mirties-loterija\/#primaryimage"},"image":{"@id":"https:\/\/skaitytaknyga.lt\/produktas\/mirties-loterija\/#primaryimage"},"thumbnailUrl":"https:\/\/skaitytaknyga.lt\/wp-content\/uploads\/2025\/07\/Mirties-loterija-1.webp","datePublished":"2025-07-22T08:12:01+00:00","dateModified":"2026-03-05T09:59:17+00:00","description":"Kiek nedaug reikia, kad sugadintum kitam \u017emogui gyvenim\u0105. Tereikia b\u016bti \u0161altam it ledas. Sofie Sarenbrant (Sofi Sarenbrant, g. 1978 m.) \u2013 nauja kylanti","breadcrumb":{"@id":"https:\/\/skaitytaknyga.lt\/produktas\/mirties-loterija\/#breadcrumb"},"inLanguage":"en-GB","potentialAction":[{"@type":"ReadAction","target":["https:\/\/skaitytaknyga.lt\/produktas\/mirties-loterija\/"]}]},{"@type":"ImageObject","inLanguage":"en-GB","@id":"https:\/\/skaitytaknyga.lt\/produktas\/mirties-loterija\/#primaryimage","url":"https:\/\/skaitytaknyga.lt\/wp-content\/uploads\/2025\/07\/Mirties-loterija-1.webp","contentUrl":"https:\/\/skaitytaknyga.lt\/wp-content\/uploads\/2025\/07\/Mirties-loterija-1.webp","width":294,"height":441,"caption":"Mirties loterija"},{"@type":"BreadcrumbList","@id":"https:\/\/skaitytaknyga.lt\/produktas\/mirties-loterija\/#breadcrumb","itemListElement":[{"@type":"ListItem","position":1,"name":"Home","item":"https:\/\/skaitytaknyga.lt\/"},{"@type":"ListItem","position":2,"name":"Parduotuv\u0117","item":"https:\/\/skaitytaknyga.lt\/knygu-parduotuve\/"},{"@type":"ListItem","position":3,"name":"Mirties loterija"}]},{"@type":"WebSite","@id":"https:\/\/skaitytaknyga.lt\/#website","url":"https:\/\/skaitytaknyga.lt\/","name":"skaitytaknyga.lt","description":"Skaitytaknyga.lt \u2013 tai ma\u017eas \u0161eimos verslas, kuris prasid\u0117jo nuo meil\u0117s knygoms ir siekio i\u0161gelb\u0117ti knygas nuo likimo prie konteinerio. Kas vienam nereikalingas daiktas \u2013 kitam lobis, o mes esame tarpininkai, kurie padeda abiems tapti laimingesniems ???? \u017dinome kaip nelengva i\u0161gyventi ma\u017eiems verslams, tad nuo \u0161iol, \u010dia rasite ir kit\u0173, ma\u017e\u0173 \u0161eim\u0173 versl\u0173, rank\u0173 darbo, dovan\u0173 sau ir artimiesiems.","publisher":{"@id":"https:\/\/skaitytaknyga.lt\/#organization"},"potentialAction":[{"@type":"SearchAction","target":{"@type":"EntryPoint","urlTemplate":"https:\/\/skaitytaknyga.lt\/?s={search_term_string}"},"query-input":{"@type":"PropertyValueSpecification","valueRequired":true,"valueName":"search_term_string"}}],"inLanguage":"en-GB"},{"@type":"Organization","@id":"https:\/\/skaitytaknyga.lt\/#organization","name":"skaitytaknyga.lt","url":"https:\/\/skaitytaknyga.lt\/","logo":{"@type":"ImageObject","inLanguage":"en-GB","@id":"https:\/\/skaitytaknyga.lt\/#\/schema\/logo\/image\/","url":"https:\/\/skaitytaknyga.lt\/wp-content\/uploads\/2024\/05\/cropped-cropped-cropped-02_00843_jt3bggkj1j3HLc7SyY6rEUpg.jpeg","contentUrl":"https:\/\/skaitytaknyga.lt\/wp-content\/uploads\/2024\/05\/cropped-cropped-cropped-02_00843_jt3bggkj1j3HLc7SyY6rEUpg.jpeg","width":1600,"height":1600,"caption":"skaitytaknyga.lt"},"image":{"@id":"https:\/\/skaitytaknyga.lt\/#\/schema\/logo\/image\/"},"sameAs":["https:\/\/www.facebook.com\/skaitytaknyga\/"]}]}},"_links":{"self":[{"href":"https:\/\/skaitytaknyga.lt\/en\/wp-json\/wp\/v2\/product\/19690","targetHints":{"allow":["GET"]}}],"collection":[{"href":"https:\/\/skaitytaknyga.lt\/en\/wp-json\/wp\/v2\/product"}],"about":[{"href":"https:\/\/skaitytaknyga.lt\/en\/wp-json\/wp\/v2\/types\/product"}],"replies":[{"embeddable":true,"href":"https:\/\/skaitytaknyga.lt\/en\/wp-json\/wp\/v2\/comments?post=19690"}],"wp:featuredmedia":[{"embeddable":true,"href":"https:\/\/skaitytaknyga.lt\/en\/wp-json\/wp\/v2\/media\/19697"}],"wp:attachment":[{"href":"https:\/\/skaitytaknyga.lt\/en\/wp-json\/wp\/v2\/media?parent=19690"}],"wp:term":[{"taxonomy":"product_brand","embeddable":true,"href":"https:\/\/skaitytaknyga.lt\/en\/wp-json\/wp\/v2\/product_brand?post=19690"},{"taxonomy":"product_cat","embeddable":true,"href":"https:\/\/skaitytaknyga.lt\/en\/wp-json\/wp\/v2\/product_cat?post=19690"},{"taxonomy":"product_tag","embeddable":true,"href":"https:\/\/skaitytaknyga.lt\/en\/wp-json\/wp\/v2\/product_tag?post=19690"}],"curies":[{"name":"wp","href":"https:\/\/api.w.org\/{rel}","templated":true}]}}