{"id":19689,"date":"2025-07-22T11:12:01","date_gmt":"2025-07-22T08:12:01","guid":{"rendered":"https:\/\/skaitytaknyga.lt\/?post_type=product&#038;p=19689"},"modified":"2026-03-18T12:41:45","modified_gmt":"2026-03-18T10:41:45","slug":"zaibo-laukyme","status":"publish","type":"product","link":"https:\/\/skaitytaknyga.lt\/en\/produktas\/zaibo-laukyme\/","title":{"rendered":"\u017daibo laukym\u0117"},"content":{"rendered":"<p>Pavieniui tamsa mus praryja. O b\u016bdami kartu mes vieni kitiems padedame j\u0105 \u012fveikti. Tod\u0117l kai viskas atrodo ni\u016briausiai, a\u0161 liepiu sau kautis toliau. Stengiuosi prisiminti, kad reikia \u0161\u016bktel\u0117ti kitus. Stengiuosi b\u016bti pasiruo\u0161\u0119s i\u0161tiesti pagalbos rank\u0105.<\/p>\n<p>William Kent Krueger (Viljamas Kentas Kriugeris, g. 1950 m.) \u2013 dviej\u0173 de\u0161im\u010di\u0173 populiari\u0173 knyg\u0173, poros antologij\u0173 autorius ir keliolikos literat\u016brini\u0173 premij\u0173 laureatas. Lietuvi\u0173 kalba i\u0161leistos jo knygos \u201eKasdien\u0117 malon\u0117&#8221; ir \u201eMaloningoji \u017eem\u0117&#8221; i\u0161 karto patrauk\u0117 skaitytoj\u0173 d\u0117mes\u012f. \u201e\u017daibo laukym\u0117&#8221; \u2013 pripa\u017einim\u0105 pelniusios detektyvini\u0173 roman\u0173 serijos \u201eKorko O\u02bcKonoro bylos&#8221; prie\u0161istor\u0117, kuri 2021 m. vos i\u0161\u0117jusi pateko \u012f New York Times perkamiausi\u0173 knyg\u0173 s\u0105ra\u0161us.<\/p>\n<p>Orora \u2013 ma\u017eas miestelis, \u012fsik\u016br\u0119s Minesotos sengir\u0117se Gele\u017eies e\u017eero pakrant\u0117je. 1963 met\u0173 vasar\u0105 dvylikame\u010diui Korkui O\u02bcKonorui \u2013 tai visas pasaulis, kur\u012f pa\u017e\u012fsta kaip savo penkis pir\u0161tus. Ta\u010diau mi\u0161ko laukym\u0117je jis aptinka medyje kyban\u010dius palaikus, ir tada prasideda virtin\u0117 \u012fvyki\u0173, kurie priver\u010dia suabejoti viskuo, kas tame pasaulyje jam atrod\u0117 savaime suprantama ir miela.<br \/>\nKorko t\u0117vas Liamas O\u02bcKonoras \u2013 apygardos \u0161erifas, ir jo pareiga yra patvirtinti savi\u017eudyb\u0117s versij\u0105, kaip rodo visi \u012fkal\u010diai ir faktai. Vis d\u0117lto Korkas jo \u0161e\u0161\u0117lyje imasi ie\u0161koti sav\u0173 atsakym\u0173, ir gal\u0173 gale t\u0117vui su s\u016bnumi tenka nelengvas i\u0161bandymas pasirinkti, ko i\u0161 tikr\u0173j\u0173 klausyti \u2013 galvos, sakan\u010dios, kas yra tiesa, ar \u0161irdies, kuri \u017eino, kas yra teisinga.<\/p>\n<p>\u201e\u017daibo laukym\u0117&#8221; \u2013 \u012ftraukiantis, gyvai \u012fsivaizduojamas pasakojimas apie t\u0117vus ir s\u016bnus, apie ma\u017eo miestelio kivir\u010dus ir \u012fvykius, kurie visam laikui pakei\u010dia \u017emogaus gyvenim\u0105. Tai istorija apie garb\u0119 ir i\u0161mint\u012f, nustelbian\u010dias net pykt\u012f ir pagie\u017e\u0105, ir apie tai, kad paslaptys turi b\u016bti \u012fmintos net jeigu pranoksta m\u016bs\u0173 suvokim\u0105.<\/p>\n","protected":false},"excerpt":{"rendered":"<p>Pavieniui tamsa mus praryja. O b\u016bdami kartu mes vieni kitiems padedame j\u0105 \u012fveikti. Tod\u0117l kai viskas atrodo ni\u016briausiai, a\u0161 liepiu sau kautis toliau. Stengiuosi prisiminti, kad reikia \u0161\u016bktel\u0117ti kitus. Stengiuosi b\u016bti pasiruo\u0161\u0119s i\u0161tiesti pagalbos rank\u0105. William Kent Krueger (Viljamas Kentas Kriugeris, g. 1950 m.) \u2013 dviej\u0173 de\u0161im\u010di\u0173 populiari\u0173 knyg\u0173, poros antologij\u0173 autorius ir keliolikos literat\u016brini\u0173 premij\u0173 laureatas. Lietuvi\u0173 kalba i\u0161leistos jo knygos \u201eKasdien\u0117 malon\u0117&#8221; ir \u201eMaloningoji \u017eem\u0117&#8221; i\u0161 karto patrauk\u0117 skaitytoj\u0173 d\u0117mes\u012f. \u201e\u017daibo laukym\u0117&#8221; \u2013 pripa\u017einim\u0105 pelniusios detektyvini\u0173 roman\u0173 serijos \u201eKorko O\u02bcKonoro bylos&#8221; prie\u0161istor\u0117, kuri 2021 m. vos i\u0161\u0117jusi pateko \u012f New York Times perkamiausi\u0173 knyg\u0173 s\u0105ra\u0161us. Orora \u2013 ma\u017eas miestelis, \u012fsik\u016br\u0119s Minesotos sengir\u0117se Gele\u017eies e\u017eero pakrant\u0117je. 1963 met\u0173 vasar\u0105 dvylikame\u010diui Korkui O\u02bcKonorui \u2013 tai visas pasaulis, kur\u012f pa\u017e\u012fsta kaip savo penkis pir\u0161tus. Ta\u010diau mi\u0161ko laukym\u0117je jis aptinka medyje kyban\u010dius palaikus, ir tada prasideda virtin\u0117 \u012fvyki\u0173, kurie priver\u010dia suabejoti viskuo, kas tame pasaulyje jam atrod\u0117 savaime suprantama ir miela. Korko t\u0117vas Liamas O\u02bcKonoras \u2013 apygardos \u0161erifas, ir jo pareiga yra patvirtinti savi\u017eudyb\u0117s versij\u0105, kaip rodo visi \u012fkal\u010diai ir faktai. Vis d\u0117lto Korkas jo \u0161e\u0161\u0117lyje imasi ie\u0161koti sav\u0173 atsakym\u0173, ir gal\u0173 gale t\u0117vui su s\u016bnumi tenka nelengvas i\u0161bandymas pasirinkti, ko i\u0161 tikr\u0173j\u0173 klausyti \u2013 galvos, sakan\u010dios, kas yra tiesa, ar \u0161irdies, kuri \u017eino, kas yra teisinga. \u201e\u017daibo laukym\u0117&#8221; \u2013 \u012ftraukiantis, gyvai \u012fsivaizduojamas pasakojimas apie t\u0117vus ir s\u016bnus, apie ma\u017eo miestelio kivir\u010dus ir \u012fvykius, kurie visam laikui pakei\u010dia \u017emogaus gyvenim\u0105. Tai istorija apie garb\u0119 ir i\u0161mint\u012f, nustelbian\u010dias net pykt\u012f ir pagie\u017e\u0105, ir apie tai, kad paslaptys turi b\u016bti \u012fmintos net jeigu pranoksta m\u016bs\u0173 suvokim\u0105.<\/p>\n","protected":false},"featured_media":19698,"comment_status":"open","ping_status":"closed","template":"","meta":{"_acf_changed":false,"site-sidebar-layout":"default","site-content-layout":"","ast-site-content-layout":"default","site-content-style":"default","site-sidebar-style":"default","ast-global-header-display":"","ast-banner-title-visibility":"","ast-main-header-display":"","ast-hfb-above-header-display":"","ast-hfb-below-header-display":"","ast-hfb-mobile-header-display":"","site-post-title":"","ast-breadcrumbs-content":"","ast-featured-img":"","footer-sml-layout":"","ast-disable-related-posts":"","theme-transparent-header-meta":"","adv-header-id-meta":"","stick-header-meta":"","header-above-stick-meta":"","header-main-stick-meta":"","header-below-stick-meta":"","astra-migrate-meta-layouts":"default","ast-page-background-enabled":"default","ast-page-background-meta":{"desktop":{"background-color":"","background-image":"","background-repeat":"repeat","background-position":"center center","background-size":"auto","background-attachment":"scroll","background-type":"","background-media":"","overlay-type":"","overlay-color":"","overlay-opacity":"","overlay-gradient":""},"tablet":{"background-color":"","background-image":"","background-repeat":"repeat","background-position":"center center","background-size":"auto","background-attachment":"scroll","background-type":"","background-media":"","overlay-type":"","overlay-color":"","overlay-opacity":"","overlay-gradient":""},"mobile":{"background-color":"","background-image":"","background-repeat":"repeat","background-position":"center center","background-size":"auto","background-attachment":"scroll","background-type":"","background-media":"","overlay-type":"","overlay-color":"","overlay-opacity":"","overlay-gradient":""}},"ast-content-background-meta":{"desktop":{"background-color":"var(--ast-global-color-4)","background-image":"","background-repeat":"repeat","background-position":"center center","background-size":"auto","background-attachment":"scroll","background-type":"","background-media":"","overlay-type":"","overlay-color":"","overlay-opacity":"","overlay-gradient":""},"tablet":{"background-color":"var(--ast-global-color-4)","background-image":"","background-repeat":"repeat","background-position":"center center","background-size":"auto","background-attachment":"scroll","background-type":"","background-media":"","overlay-type":"","overlay-color":"","overlay-opacity":"","overlay-gradient":""},"mobile":{"background-color":"var(--ast-global-color-4)","background-image":"","background-repeat":"repeat","background-position":"center center","background-size":"auto","background-attachment":"scroll","background-type":"","background-media":"","overlay-type":"","overlay-color":"","overlay-opacity":"","overlay-gradient":""}}},"product_brand":[],"product_cat":[9734,15],"product_tag":[1476,2901,4529,6571,1478,1646,2206,6570],"class_list":{"0":"post-19689","1":"product","2":"type-product","3":"status-publish","4":"has-post-thumbnail","6":"product_cat-romanai","7":"product_cat-uncategorized","8":"product_tag-detektyvas","9":"product_tag-drama","10":"product_tag-mazas-miestelis","11":"product_tag-minesota","12":"product_tag-paslaptys","13":"product_tag-seima","14":"product_tag-tevyste","15":"product_tag-william-kent-krueger","16":"desktop-align-left","17":"tablet-align-left","18":"mobile-align-left","20":"first","21":"instock","22":"shipping-taxable","23":"purchasable","24":"product-type-simple"},"acf":[],"yoast_head":"<!-- This site is optimized with the Yoast SEO plugin v27.0 - https:\/\/yoast.com\/product\/yoast-seo-wordpress\/ -->\n<title>\u017daibo laukym\u0117<\/title>\n<meta name=\"description\" content=\"Pavieniui tamsa mus praryja. O b\u016bdami kartu mes vieni kitiems padedame j\u0105 \u012fveikti. Tod\u0117l kai viskas atrodo ni\u016briausiai, a\u0161 liepiu sau kautis toliau.\" \/>\n<meta name=\"robots\" content=\"index, follow, max-snippet:-1, max-image-preview:large, max-video-preview:-1\" \/>\n<link rel=\"canonical\" href=\"https:\/\/skaitytaknyga.lt\/en\/produktas\/zaibo-laukyme\/\" \/>\n<meta property=\"og:locale\" content=\"en_GB\" \/>\n<meta property=\"og:locale:alternate\" content=\"lt_LT\" \/>\n<meta property=\"og:type\" content=\"article\" \/>\n<meta property=\"og:title\" content=\"\u017daibo laukym\u0117\" \/>\n<meta property=\"og:description\" content=\"Pavieniui tamsa mus praryja. O b\u016bdami kartu mes vieni kitiems padedame j\u0105 \u012fveikti. Tod\u0117l kai viskas atrodo ni\u016briausiai, a\u0161 liepiu sau kautis toliau.\" \/>\n<meta property=\"og:url\" content=\"https:\/\/skaitytaknyga.lt\/en\/produktas\/zaibo-laukyme\/\" \/>\n<meta property=\"og:site_name\" content=\"Skaitytaknyga\" \/>\n<meta property=\"article:publisher\" content=\"https:\/\/www.facebook.com\/skaitytaknyga\/\" \/>\n<meta property=\"article:modified_time\" content=\"2026-03-18T10:41:45+00:00\" \/>\n<meta property=\"og:image\" content=\"https:\/\/skaitytaknyga.lt\/wp-content\/uploads\/2025\/07\/Zaibo-laukyme-1.webp\" \/>\n\t<meta property=\"og:image:width\" content=\"232\" \/>\n\t<meta property=\"og:image:height\" content=\"348\" \/>\n\t<meta property=\"og:image:type\" content=\"image\/webp\" \/>\n<meta name=\"twitter:card\" content=\"summary_large_image\" \/>\n<meta name=\"twitter:label1\" content=\"Estimated reading time\" \/>\n\t<meta name=\"twitter:data1\" content=\"1 minute\" \/>\n<script type=\"application\/ld+json\" class=\"yoast-schema-graph\">{\"@context\":\"https:\/\/schema.org\",\"@graph\":[{\"@type\":\"WebPage\",\"@id\":\"https:\/\/skaitytaknyga.lt\/produktas\/zaibo-laukyme\/\",\"url\":\"https:\/\/skaitytaknyga.lt\/produktas\/zaibo-laukyme\/\",\"name\":\"\u017daibo laukym\u0117\",\"isPartOf\":{\"@id\":\"https:\/\/skaitytaknyga.lt\/#website\"},\"primaryImageOfPage\":{\"@id\":\"https:\/\/skaitytaknyga.lt\/produktas\/zaibo-laukyme\/#primaryimage\"},\"image\":{\"@id\":\"https:\/\/skaitytaknyga.lt\/produktas\/zaibo-laukyme\/#primaryimage\"},\"thumbnailUrl\":\"https:\/\/skaitytaknyga.lt\/wp-content\/uploads\/2025\/07\/Zaibo-laukyme-1.webp\",\"datePublished\":\"2025-07-22T08:12:01+00:00\",\"dateModified\":\"2026-03-18T10:41:45+00:00\",\"description\":\"Pavieniui tamsa mus praryja. O b\u016bdami kartu mes vieni kitiems padedame j\u0105 \u012fveikti. Tod\u0117l kai viskas atrodo ni\u016briausiai, a\u0161 liepiu sau kautis toliau.\",\"breadcrumb\":{\"@id\":\"https:\/\/skaitytaknyga.lt\/produktas\/zaibo-laukyme\/#breadcrumb\"},\"inLanguage\":\"en-GB\",\"potentialAction\":[{\"@type\":\"ReadAction\",\"target\":[\"https:\/\/skaitytaknyga.lt\/produktas\/zaibo-laukyme\/\"]}]},{\"@type\":\"ImageObject\",\"inLanguage\":\"en-GB\",\"@id\":\"https:\/\/skaitytaknyga.lt\/produktas\/zaibo-laukyme\/#primaryimage\",\"url\":\"https:\/\/skaitytaknyga.lt\/wp-content\/uploads\/2025\/07\/Zaibo-laukyme-1.webp\",\"contentUrl\":\"https:\/\/skaitytaknyga.lt\/wp-content\/uploads\/2025\/07\/Zaibo-laukyme-1.webp\",\"width\":232,\"height\":348,\"caption\":\"\u017daibo laukym\u0117\"},{\"@type\":\"BreadcrumbList\",\"@id\":\"https:\/\/skaitytaknyga.lt\/produktas\/zaibo-laukyme\/#breadcrumb\",\"itemListElement\":[{\"@type\":\"ListItem\",\"position\":1,\"name\":\"Home\",\"item\":\"https:\/\/skaitytaknyga.lt\/\"},{\"@type\":\"ListItem\",\"position\":2,\"name\":\"Parduotuv\u0117\",\"item\":\"https:\/\/skaitytaknyga.lt\/knygu-parduotuve\/\"},{\"@type\":\"ListItem\",\"position\":3,\"name\":\"\u017daibo laukym\u0117\"}]},{\"@type\":\"WebSite\",\"@id\":\"https:\/\/skaitytaknyga.lt\/#website\",\"url\":\"https:\/\/skaitytaknyga.lt\/\",\"name\":\"skaitytaknyga.lt\",\"description\":\"Skaitytaknyga.lt \u2013 tai ma\u017eas \u0161eimos verslas, kuris prasid\u0117jo nuo meil\u0117s knygoms ir siekio i\u0161gelb\u0117ti knygas nuo likimo prie konteinerio. Kas vienam nereikalingas daiktas \u2013 kitam lobis, o mes esame tarpininkai, kurie padeda abiems tapti laimingesniems ???? \u017dinome kaip nelengva i\u0161gyventi ma\u017eiems verslams, tad nuo \u0161iol, \u010dia rasite ir kit\u0173, ma\u017e\u0173 \u0161eim\u0173 versl\u0173, rank\u0173 darbo, dovan\u0173 sau ir artimiesiems.\",\"publisher\":{\"@id\":\"https:\/\/skaitytaknyga.lt\/#organization\"},\"potentialAction\":[{\"@type\":\"SearchAction\",\"target\":{\"@type\":\"EntryPoint\",\"urlTemplate\":\"https:\/\/skaitytaknyga.lt\/?s={search_term_string}\"},\"query-input\":{\"@type\":\"PropertyValueSpecification\",\"valueRequired\":true,\"valueName\":\"search_term_string\"}}],\"inLanguage\":\"en-GB\"},{\"@type\":\"Organization\",\"@id\":\"https:\/\/skaitytaknyga.lt\/#organization\",\"name\":\"skaitytaknyga.lt\",\"url\":\"https:\/\/skaitytaknyga.lt\/\",\"logo\":{\"@type\":\"ImageObject\",\"inLanguage\":\"en-GB\",\"@id\":\"https:\/\/skaitytaknyga.lt\/#\/schema\/logo\/image\/\",\"url\":\"https:\/\/skaitytaknyga.lt\/wp-content\/uploads\/2024\/05\/cropped-cropped-cropped-02_00843_jt3bggkj1j3HLc7SyY6rEUpg.jpeg\",\"contentUrl\":\"https:\/\/skaitytaknyga.lt\/wp-content\/uploads\/2024\/05\/cropped-cropped-cropped-02_00843_jt3bggkj1j3HLc7SyY6rEUpg.jpeg\",\"width\":1600,\"height\":1600,\"caption\":\"skaitytaknyga.lt\"},\"image\":{\"@id\":\"https:\/\/skaitytaknyga.lt\/#\/schema\/logo\/image\/\"},\"sameAs\":[\"https:\/\/www.facebook.com\/skaitytaknyga\/\"]}]}<\/script>\n<!-- \/ Yoast SEO plugin. -->","yoast_head_json":{"title":"\u017daibo laukym\u0117","description":"Pavieniui tamsa mus praryja. O b\u016bdami kartu mes vieni kitiems padedame j\u0105 \u012fveikti. Tod\u0117l kai viskas atrodo ni\u016briausiai, a\u0161 liepiu sau kautis toliau.","robots":{"index":"index","follow":"follow","max-snippet":"max-snippet:-1","max-image-preview":"max-image-preview:large","max-video-preview":"max-video-preview:-1"},"canonical":"https:\/\/skaitytaknyga.lt\/en\/produktas\/zaibo-laukyme\/","og_locale":"en_GB","og_type":"article","og_title":"[:lt]\u017daibo laukym\u0117[:] - Skaitytaknyga","og_description":"Pavieniui tamsa mus praryja. O b\u016bdami kartu mes vieni kitiems padedame j\u0105 \u012fveikti. Tod\u0117l kai viskas atrodo ni\u016briausiai, a\u0161 liepiu sau kautis toliau.","og_url":"https:\/\/skaitytaknyga.lt\/en\/produktas\/zaibo-laukyme\/","og_site_name":"Skaitytaknyga","article_publisher":"https:\/\/www.facebook.com\/skaitytaknyga\/","article_modified_time":"2026-03-18T10:41:45+00:00","og_image":[{"width":232,"height":348,"url":"https:\/\/skaitytaknyga.lt\/wp-content\/uploads\/2025\/07\/Zaibo-laukyme-1.webp","type":"image\/webp"}],"twitter_card":"summary_large_image","twitter_misc":{"Estimated reading time":"1 minute"},"schema":{"@context":"https:\/\/schema.org","@graph":[{"@type":"WebPage","@id":"https:\/\/skaitytaknyga.lt\/produktas\/zaibo-laukyme\/","url":"https:\/\/skaitytaknyga.lt\/produktas\/zaibo-laukyme\/","name":"\u017daibo laukym\u0117","isPartOf":{"@id":"https:\/\/skaitytaknyga.lt\/#website"},"primaryImageOfPage":{"@id":"https:\/\/skaitytaknyga.lt\/produktas\/zaibo-laukyme\/#primaryimage"},"image":{"@id":"https:\/\/skaitytaknyga.lt\/produktas\/zaibo-laukyme\/#primaryimage"},"thumbnailUrl":"https:\/\/skaitytaknyga.lt\/wp-content\/uploads\/2025\/07\/Zaibo-laukyme-1.webp","datePublished":"2025-07-22T08:12:01+00:00","dateModified":"2026-03-18T10:41:45+00:00","description":"Pavieniui tamsa mus praryja. O b\u016bdami kartu mes vieni kitiems padedame j\u0105 \u012fveikti. Tod\u0117l kai viskas atrodo ni\u016briausiai, a\u0161 liepiu sau kautis toliau.","breadcrumb":{"@id":"https:\/\/skaitytaknyga.lt\/produktas\/zaibo-laukyme\/#breadcrumb"},"inLanguage":"en-GB","potentialAction":[{"@type":"ReadAction","target":["https:\/\/skaitytaknyga.lt\/produktas\/zaibo-laukyme\/"]}]},{"@type":"ImageObject","inLanguage":"en-GB","@id":"https:\/\/skaitytaknyga.lt\/produktas\/zaibo-laukyme\/#primaryimage","url":"https:\/\/skaitytaknyga.lt\/wp-content\/uploads\/2025\/07\/Zaibo-laukyme-1.webp","contentUrl":"https:\/\/skaitytaknyga.lt\/wp-content\/uploads\/2025\/07\/Zaibo-laukyme-1.webp","width":232,"height":348,"caption":"\u017daibo laukym\u0117"},{"@type":"BreadcrumbList","@id":"https:\/\/skaitytaknyga.lt\/produktas\/zaibo-laukyme\/#breadcrumb","itemListElement":[{"@type":"ListItem","position":1,"name":"Home","item":"https:\/\/skaitytaknyga.lt\/"},{"@type":"ListItem","position":2,"name":"Parduotuv\u0117","item":"https:\/\/skaitytaknyga.lt\/knygu-parduotuve\/"},{"@type":"ListItem","position":3,"name":"\u017daibo laukym\u0117"}]},{"@type":"WebSite","@id":"https:\/\/skaitytaknyga.lt\/#website","url":"https:\/\/skaitytaknyga.lt\/","name":"skaitytaknyga.lt","description":"Skaitytaknyga.lt \u2013 tai ma\u017eas \u0161eimos verslas, kuris prasid\u0117jo nuo meil\u0117s knygoms ir siekio i\u0161gelb\u0117ti knygas nuo likimo prie konteinerio. Kas vienam nereikalingas daiktas \u2013 kitam lobis, o mes esame tarpininkai, kurie padeda abiems tapti laimingesniems ???? \u017dinome kaip nelengva i\u0161gyventi ma\u017eiems verslams, tad nuo \u0161iol, \u010dia rasite ir kit\u0173, ma\u017e\u0173 \u0161eim\u0173 versl\u0173, rank\u0173 darbo, dovan\u0173 sau ir artimiesiems.","publisher":{"@id":"https:\/\/skaitytaknyga.lt\/#organization"},"potentialAction":[{"@type":"SearchAction","target":{"@type":"EntryPoint","urlTemplate":"https:\/\/skaitytaknyga.lt\/?s={search_term_string}"},"query-input":{"@type":"PropertyValueSpecification","valueRequired":true,"valueName":"search_term_string"}}],"inLanguage":"en-GB"},{"@type":"Organization","@id":"https:\/\/skaitytaknyga.lt\/#organization","name":"skaitytaknyga.lt","url":"https:\/\/skaitytaknyga.lt\/","logo":{"@type":"ImageObject","inLanguage":"en-GB","@id":"https:\/\/skaitytaknyga.lt\/#\/schema\/logo\/image\/","url":"https:\/\/skaitytaknyga.lt\/wp-content\/uploads\/2024\/05\/cropped-cropped-cropped-02_00843_jt3bggkj1j3HLc7SyY6rEUpg.jpeg","contentUrl":"https:\/\/skaitytaknyga.lt\/wp-content\/uploads\/2024\/05\/cropped-cropped-cropped-02_00843_jt3bggkj1j3HLc7SyY6rEUpg.jpeg","width":1600,"height":1600,"caption":"skaitytaknyga.lt"},"image":{"@id":"https:\/\/skaitytaknyga.lt\/#\/schema\/logo\/image\/"},"sameAs":["https:\/\/www.facebook.com\/skaitytaknyga\/"]}]}},"_links":{"self":[{"href":"https:\/\/skaitytaknyga.lt\/en\/wp-json\/wp\/v2\/product\/19689","targetHints":{"allow":["GET"]}}],"collection":[{"href":"https:\/\/skaitytaknyga.lt\/en\/wp-json\/wp\/v2\/product"}],"about":[{"href":"https:\/\/skaitytaknyga.lt\/en\/wp-json\/wp\/v2\/types\/product"}],"replies":[{"embeddable":true,"href":"https:\/\/skaitytaknyga.lt\/en\/wp-json\/wp\/v2\/comments?post=19689"}],"wp:featuredmedia":[{"embeddable":true,"href":"https:\/\/skaitytaknyga.lt\/en\/wp-json\/wp\/v2\/media\/19698"}],"wp:attachment":[{"href":"https:\/\/skaitytaknyga.lt\/en\/wp-json\/wp\/v2\/media?parent=19689"}],"wp:term":[{"taxonomy":"product_brand","embeddable":true,"href":"https:\/\/skaitytaknyga.lt\/en\/wp-json\/wp\/v2\/product_brand?post=19689"},{"taxonomy":"product_cat","embeddable":true,"href":"https:\/\/skaitytaknyga.lt\/en\/wp-json\/wp\/v2\/product_cat?post=19689"},{"taxonomy":"product_tag","embeddable":true,"href":"https:\/\/skaitytaknyga.lt\/en\/wp-json\/wp\/v2\/product_tag?post=19689"}],"curies":[{"name":"wp","href":"https:\/\/api.w.org\/{rel}","templated":true}]}}