{"id":19683,"date":"2025-07-22T10:43:00","date_gmt":"2025-07-22T07:43:00","guid":{"rendered":"https:\/\/skaitytaknyga.lt\/?post_type=product&#038;p=19683"},"modified":"2026-03-05T10:36:33","modified_gmt":"2026-03-05T08:36:33","slug":"snabzdetojas","status":"publish","type":"product","link":"https:\/\/skaitytaknyga.lt\/en\/produktas\/snabzdetojas\/","title":{"rendered":"\u0160nab\u017ed\u0117tojas"},"content":{"rendered":"<p>\u201e\u0160nab\u017ed\u0117tojas&#8221; taip i\u0161mu\u0161a i\u0161 v\u0117\u017ei\u0173, kaip jau seniai nebuvo to padar\u0119s joks kitas trileris po Jo Nesb\u00f8 knygos \u201eSniego Senis&#8221;. Tai pasakojimas, kuriame susipina trikdantis ko\u0161maras, jautri t\u0117vo ir s\u016bnaus santyki\u0173 istorija, sielvartas, netektis bei naujo gyvenimo prad\u017eia.&#8221; \u2013<\/p>\n<p>Alex Michaelides, New York Times bestselerio \u201eTylioji pacient\u0117&#8221; autorius<\/p>\n<p>Netik\u0117tai mirus mylimai \u017emonai, Tomas lieka vienas auginti ma\u017eamet\u012f s\u016bn\u0173 D\u017eeik\u0105. Siekdami sustiprinti tarpusavio ry\u0161\u012f ir prad\u0117ti gyvenim\u0105 i\u0161 naujo, jie persikrausto \u012f nam\u0105 Federbanke. Persik\u0117lus paai\u0161k\u0117ja, kad miesto praeityje gl\u016bdi \u0161iurp\u016bs nusikaltimai, apie kuriuos nepriimta garsiai kalb\u0117ti.<\/p>\n<p>Prie\u0161 dvide\u0161imt met\u0173 \u010dia buvo pagrobti ir nu\u017eudyti penki berniukai. Visi jie \u2013 \u0160nab\u017ed\u0117tojo aukos. Serijinis \u017eudikas taip pramintas d\u0117l to, kad, nor\u0117damas susidraugauti su vaikais, tykiai pris\u0117lindavo prie j\u0173 nam\u0173 ir pa\u0161nib\u017edomis nekaltai kviesdavo pa\u017eaisti. Galiausiai visi \u017eaidimai baig\u0117si tragi\u0161kai.<\/p>\n<p>Nors nusikalt\u0117lis seniai suimtas, m\u012fslingomis aplinkyb\u0117mis dingsta dar vienas berniukas. Tos pa\u010dios detal\u0117s rodo, kad \u012fvykiai tarpusavyje susij\u0119 \u2013 t\u0117vai lyg pro migl\u0105 prisimena vaiko kambaryje gird\u0117j\u0119 \u0161nab\u017edesius&#8230; Policininkams Amandai ir Pitui kyla klausimas \u2013 galb\u016bt \u0160nab\u017ed\u0117tojas turi bendrinink\u0173?<\/p>\n<p>Tuo tarpu Tomo s\u016bnus D\u017eeikas pradeda vis keis\u010diau elgtis \u2013 kar\u0161tligi\u0161kai pra\u0161o t\u0117vo u\u017erakinti nak\u010diai duris, nes kitaip pasigirs tylus \u0161nab\u017edesys&#8230;<\/p>\n","protected":false},"excerpt":{"rendered":"<p>\u201e\u0160nab\u017ed\u0117tojas&#8221; taip i\u0161mu\u0161a i\u0161 v\u0117\u017ei\u0173, kaip jau seniai nebuvo to padar\u0119s joks kitas trileris po Jo Nesb\u00f8 knygos \u201eSniego Senis&#8221;. Tai pasakojimas, kuriame susipina trikdantis ko\u0161maras, jautri t\u0117vo ir s\u016bnaus santyki\u0173 istorija, sielvartas, netektis bei naujo gyvenimo prad\u017eia.&#8221; \u2013 Alex Michaelides, New York Times bestselerio \u201eTylioji pacient\u0117&#8221; autorius Netik\u0117tai mirus mylimai \u017emonai, Tomas lieka vienas auginti ma\u017eamet\u012f s\u016bn\u0173 D\u017eeik\u0105. Siekdami sustiprinti tarpusavio ry\u0161\u012f ir prad\u0117ti gyvenim\u0105 i\u0161 naujo, jie persikrausto \u012f nam\u0105 Federbanke. Persik\u0117lus paai\u0161k\u0117ja, kad miesto praeityje gl\u016bdi \u0161iurp\u016bs nusikaltimai, apie kuriuos nepriimta garsiai kalb\u0117ti. Prie\u0161 dvide\u0161imt met\u0173 \u010dia buvo pagrobti ir nu\u017eudyti penki berniukai. Visi jie \u2013 \u0160nab\u017ed\u0117tojo aukos. Serijinis \u017eudikas taip pramintas d\u0117l to, kad, nor\u0117damas susidraugauti su vaikais, tykiai pris\u0117lindavo prie j\u0173 nam\u0173 ir pa\u0161nib\u017edomis nekaltai kviesdavo pa\u017eaisti. Galiausiai visi \u017eaidimai baig\u0117si tragi\u0161kai. Nors nusikalt\u0117lis seniai suimtas, m\u012fslingomis aplinkyb\u0117mis dingsta dar vienas berniukas. Tos pa\u010dios detal\u0117s rodo, kad \u012fvykiai tarpusavyje susij\u0119 \u2013 t\u0117vai lyg pro migl\u0105 prisimena vaiko kambaryje gird\u0117j\u0119 \u0161nab\u017edesius&#8230; Policininkams Amandai ir Pitui kyla klausimas \u2013 galb\u016bt \u0160nab\u017ed\u0117tojas turi bendrinink\u0173? Tuo tarpu Tomo s\u016bnus D\u017eeikas pradeda vis keis\u010diau elgtis \u2013 kar\u0161tligi\u0161kai pra\u0161o t\u0117vo u\u017erakinti nak\u010diai duris, nes kitaip pasigirs tylus \u0161nab\u017edesys&#8230;<\/p>\n","protected":false},"featured_media":19699,"comment_status":"open","ping_status":"closed","template":"","meta":{"_acf_changed":false,"site-sidebar-layout":"default","site-content-layout":"","ast-site-content-layout":"default","site-content-style":"default","site-sidebar-style":"default","ast-global-header-display":"","ast-banner-title-visibility":"","ast-main-header-display":"","ast-hfb-above-header-display":"","ast-hfb-below-header-display":"","ast-hfb-mobile-header-display":"","site-post-title":"","ast-breadcrumbs-content":"","ast-featured-img":"","footer-sml-layout":"","ast-disable-related-posts":"","theme-transparent-header-meta":"","adv-header-id-meta":"","stick-header-meta":"","header-above-stick-meta":"","header-main-stick-meta":"","header-below-stick-meta":"","astra-migrate-meta-layouts":"default","ast-page-background-enabled":"default","ast-page-background-meta":{"desktop":{"background-color":"","background-image":"","background-repeat":"repeat","background-position":"center center","background-size":"auto","background-attachment":"scroll","background-type":"","background-media":"","overlay-type":"","overlay-color":"","overlay-opacity":"","overlay-gradient":""},"tablet":{"background-color":"","background-image":"","background-repeat":"repeat","background-position":"center center","background-size":"auto","background-attachment":"scroll","background-type":"","background-media":"","overlay-type":"","overlay-color":"","overlay-opacity":"","overlay-gradient":""},"mobile":{"background-color":"","background-image":"","background-repeat":"repeat","background-position":"center center","background-size":"auto","background-attachment":"scroll","background-type":"","background-media":"","overlay-type":"","overlay-color":"","overlay-opacity":"","overlay-gradient":""}},"ast-content-background-meta":{"desktop":{"background-color":"var(--ast-global-color-4)","background-image":"","background-repeat":"repeat","background-position":"center center","background-size":"auto","background-attachment":"scroll","background-type":"","background-media":"","overlay-type":"","overlay-color":"","overlay-opacity":"","overlay-gradient":""},"tablet":{"background-color":"var(--ast-global-color-4)","background-image":"","background-repeat":"repeat","background-position":"center center","background-size":"auto","background-attachment":"scroll","background-type":"","background-media":"","overlay-type":"","overlay-color":"","overlay-opacity":"","overlay-gradient":""},"mobile":{"background-color":"var(--ast-global-color-4)","background-image":"","background-repeat":"repeat","background-position":"center center","background-size":"auto","background-attachment":"scroll","background-type":"","background-media":"","overlay-type":"","overlay-color":"","overlay-opacity":"","overlay-gradient":""}}},"product_brand":[],"product_cat":[9581],"product_tag":[6568,6569,1590,2720,3704,1646,3982,1587],"class_list":{"0":"post-19683","1":"product","2":"type-product","3":"status-publish","4":"has-post-thumbnail","6":"product_cat-kriminaliniai-romanai","7":"product_tag-alex-north","8":"product_tag-federbankas","9":"product_tag-itampa","10":"product_tag-paslaptis","11":"product_tag-psichologinis","12":"product_tag-seima","13":"product_tag-serijinis-zudikas","14":"product_tag-trileris","15":"desktop-align-left","16":"tablet-align-left","17":"mobile-align-left","19":"first","20":"instock","21":"shipping-taxable","22":"purchasable","23":"product-type-simple"},"acf":[],"yoast_head":"<!-- This site is optimized with the Yoast SEO plugin v27.0 - https:\/\/yoast.com\/product\/yoast-seo-wordpress\/ -->\n<title>\u0160nab\u017ed\u0117tojas<\/title>\n<meta name=\"description\" content=\"\u201e\u0160nab\u017ed\u0117tojas&quot; taip i\u0161mu\u0161a i\u0161 v\u0117\u017ei\u0173, kaip jau seniai nebuvo to padar\u0119s joks kitas trileris po Jo Nesb\u00f8 knygos \u201eSniego Senis&quot;. Tai pasakojimas, kuriame\" \/>\n<meta name=\"robots\" content=\"index, follow, max-snippet:-1, max-image-preview:large, max-video-preview:-1\" \/>\n<link rel=\"canonical\" href=\"https:\/\/skaitytaknyga.lt\/en\/produktas\/snabzdetojas\/\" \/>\n<meta property=\"og:locale\" content=\"en_GB\" \/>\n<meta property=\"og:locale:alternate\" content=\"lt_LT\" \/>\n<meta property=\"og:type\" content=\"article\" \/>\n<meta property=\"og:title\" content=\"\u0160nab\u017ed\u0117tojas\" \/>\n<meta property=\"og:description\" content=\"\u201e\u0160nab\u017ed\u0117tojas&quot; taip i\u0161mu\u0161a i\u0161 v\u0117\u017ei\u0173, kaip jau seniai nebuvo to padar\u0119s joks kitas trileris po Jo Nesb\u00f8 knygos \u201eSniego Senis&quot;. Tai pasakojimas, kuriame\" \/>\n<meta property=\"og:url\" content=\"https:\/\/skaitytaknyga.lt\/en\/produktas\/snabzdetojas\/\" \/>\n<meta property=\"og:site_name\" content=\"Skaitytaknyga\" \/>\n<meta property=\"article:publisher\" content=\"https:\/\/www.facebook.com\/skaitytaknyga\/\" \/>\n<meta property=\"article:modified_time\" content=\"2026-03-05T08:36:33+00:00\" \/>\n<meta property=\"og:image\" content=\"https:\/\/skaitytaknyga.lt\/wp-content\/uploads\/2025\/07\/Snabzdetojas-1.webp\" \/>\n\t<meta property=\"og:image:width\" content=\"283\" \/>\n\t<meta property=\"og:image:height\" content=\"424\" \/>\n\t<meta property=\"og:image:type\" content=\"image\/webp\" \/>\n<meta name=\"twitter:card\" content=\"summary_large_image\" \/>\n<meta name=\"twitter:label1\" content=\"Estimated reading time\" \/>\n\t<meta name=\"twitter:data1\" content=\"1 minute\" \/>\n<script type=\"application\/ld+json\" class=\"yoast-schema-graph\">{\"@context\":\"https:\/\/schema.org\",\"@graph\":[{\"@type\":\"WebPage\",\"@id\":\"https:\/\/skaitytaknyga.lt\/produktas\/snabzdetojas\/\",\"url\":\"https:\/\/skaitytaknyga.lt\/produktas\/snabzdetojas\/\",\"name\":\"\u0160nab\u017ed\u0117tojas\",\"isPartOf\":{\"@id\":\"https:\/\/skaitytaknyga.lt\/#website\"},\"primaryImageOfPage\":{\"@id\":\"https:\/\/skaitytaknyga.lt\/produktas\/snabzdetojas\/#primaryimage\"},\"image\":{\"@id\":\"https:\/\/skaitytaknyga.lt\/produktas\/snabzdetojas\/#primaryimage\"},\"thumbnailUrl\":\"https:\/\/skaitytaknyga.lt\/wp-content\/uploads\/2025\/07\/Snabzdetojas-1.webp\",\"datePublished\":\"2025-07-22T07:43:00+00:00\",\"dateModified\":\"2026-03-05T08:36:33+00:00\",\"description\":\"\u201e\u0160nab\u017ed\u0117tojas\\\" taip i\u0161mu\u0161a i\u0161 v\u0117\u017ei\u0173, kaip jau seniai nebuvo to padar\u0119s joks kitas trileris po Jo Nesb\u00f8 knygos \u201eSniego Senis\\\". Tai pasakojimas, kuriame\",\"breadcrumb\":{\"@id\":\"https:\/\/skaitytaknyga.lt\/produktas\/snabzdetojas\/#breadcrumb\"},\"inLanguage\":\"en-GB\",\"potentialAction\":[{\"@type\":\"ReadAction\",\"target\":[\"https:\/\/skaitytaknyga.lt\/produktas\/snabzdetojas\/\"]}]},{\"@type\":\"ImageObject\",\"inLanguage\":\"en-GB\",\"@id\":\"https:\/\/skaitytaknyga.lt\/produktas\/snabzdetojas\/#primaryimage\",\"url\":\"https:\/\/skaitytaknyga.lt\/wp-content\/uploads\/2025\/07\/Snabzdetojas-1.webp\",\"contentUrl\":\"https:\/\/skaitytaknyga.lt\/wp-content\/uploads\/2025\/07\/Snabzdetojas-1.webp\",\"width\":283,\"height\":424,\"caption\":\"\u0160nab\u017ed\u0117tojas\"},{\"@type\":\"BreadcrumbList\",\"@id\":\"https:\/\/skaitytaknyga.lt\/produktas\/snabzdetojas\/#breadcrumb\",\"itemListElement\":[{\"@type\":\"ListItem\",\"position\":1,\"name\":\"Home\",\"item\":\"https:\/\/skaitytaknyga.lt\/\"},{\"@type\":\"ListItem\",\"position\":2,\"name\":\"Parduotuv\u0117\",\"item\":\"https:\/\/skaitytaknyga.lt\/knygu-parduotuve\/\"},{\"@type\":\"ListItem\",\"position\":3,\"name\":\"\u0160nab\u017ed\u0117tojas\"}]},{\"@type\":\"WebSite\",\"@id\":\"https:\/\/skaitytaknyga.lt\/#website\",\"url\":\"https:\/\/skaitytaknyga.lt\/\",\"name\":\"skaitytaknyga.lt\",\"description\":\"Skaitytaknyga.lt \u2013 tai ma\u017eas \u0161eimos verslas, kuris prasid\u0117jo nuo meil\u0117s knygoms ir siekio i\u0161gelb\u0117ti knygas nuo likimo prie konteinerio. Kas vienam nereikalingas daiktas \u2013 kitam lobis, o mes esame tarpininkai, kurie padeda abiems tapti laimingesniems ???? \u017dinome kaip nelengva i\u0161gyventi ma\u017eiems verslams, tad nuo \u0161iol, \u010dia rasite ir kit\u0173, ma\u017e\u0173 \u0161eim\u0173 versl\u0173, rank\u0173 darbo, dovan\u0173 sau ir artimiesiems.\",\"publisher\":{\"@id\":\"https:\/\/skaitytaknyga.lt\/#organization\"},\"potentialAction\":[{\"@type\":\"SearchAction\",\"target\":{\"@type\":\"EntryPoint\",\"urlTemplate\":\"https:\/\/skaitytaknyga.lt\/?s={search_term_string}\"},\"query-input\":{\"@type\":\"PropertyValueSpecification\",\"valueRequired\":true,\"valueName\":\"search_term_string\"}}],\"inLanguage\":\"en-GB\"},{\"@type\":\"Organization\",\"@id\":\"https:\/\/skaitytaknyga.lt\/#organization\",\"name\":\"skaitytaknyga.lt\",\"url\":\"https:\/\/skaitytaknyga.lt\/\",\"logo\":{\"@type\":\"ImageObject\",\"inLanguage\":\"en-GB\",\"@id\":\"https:\/\/skaitytaknyga.lt\/#\/schema\/logo\/image\/\",\"url\":\"https:\/\/skaitytaknyga.lt\/wp-content\/uploads\/2024\/05\/cropped-cropped-cropped-02_00843_jt3bggkj1j3HLc7SyY6rEUpg.jpeg\",\"contentUrl\":\"https:\/\/skaitytaknyga.lt\/wp-content\/uploads\/2024\/05\/cropped-cropped-cropped-02_00843_jt3bggkj1j3HLc7SyY6rEUpg.jpeg\",\"width\":1600,\"height\":1600,\"caption\":\"skaitytaknyga.lt\"},\"image\":{\"@id\":\"https:\/\/skaitytaknyga.lt\/#\/schema\/logo\/image\/\"},\"sameAs\":[\"https:\/\/www.facebook.com\/skaitytaknyga\/\"]}]}<\/script>\n<!-- \/ Yoast SEO plugin. -->","yoast_head_json":{"title":"\u0160nab\u017ed\u0117tojas","description":"\u201e\u0160nab\u017ed\u0117tojas\" taip i\u0161mu\u0161a i\u0161 v\u0117\u017ei\u0173, kaip jau seniai nebuvo to padar\u0119s joks kitas trileris po Jo Nesb\u00f8 knygos \u201eSniego Senis\". Tai pasakojimas, kuriame","robots":{"index":"index","follow":"follow","max-snippet":"max-snippet:-1","max-image-preview":"max-image-preview:large","max-video-preview":"max-video-preview:-1"},"canonical":"https:\/\/skaitytaknyga.lt\/en\/produktas\/snabzdetojas\/","og_locale":"en_GB","og_type":"article","og_title":"[:lt]\u0160nab\u017ed\u0117tojas[:] - Skaitytaknyga","og_description":"\u201e\u0160nab\u017ed\u0117tojas\" taip i\u0161mu\u0161a i\u0161 v\u0117\u017ei\u0173, kaip jau seniai nebuvo to padar\u0119s joks kitas trileris po Jo Nesb\u00f8 knygos \u201eSniego Senis\". Tai pasakojimas, kuriame","og_url":"https:\/\/skaitytaknyga.lt\/en\/produktas\/snabzdetojas\/","og_site_name":"Skaitytaknyga","article_publisher":"https:\/\/www.facebook.com\/skaitytaknyga\/","article_modified_time":"2026-03-05T08:36:33+00:00","og_image":[{"width":283,"height":424,"url":"https:\/\/skaitytaknyga.lt\/wp-content\/uploads\/2025\/07\/Snabzdetojas-1.webp","type":"image\/webp"}],"twitter_card":"summary_large_image","twitter_misc":{"Estimated reading time":"1 minute"},"schema":{"@context":"https:\/\/schema.org","@graph":[{"@type":"WebPage","@id":"https:\/\/skaitytaknyga.lt\/produktas\/snabzdetojas\/","url":"https:\/\/skaitytaknyga.lt\/produktas\/snabzdetojas\/","name":"\u0160nab\u017ed\u0117tojas","isPartOf":{"@id":"https:\/\/skaitytaknyga.lt\/#website"},"primaryImageOfPage":{"@id":"https:\/\/skaitytaknyga.lt\/produktas\/snabzdetojas\/#primaryimage"},"image":{"@id":"https:\/\/skaitytaknyga.lt\/produktas\/snabzdetojas\/#primaryimage"},"thumbnailUrl":"https:\/\/skaitytaknyga.lt\/wp-content\/uploads\/2025\/07\/Snabzdetojas-1.webp","datePublished":"2025-07-22T07:43:00+00:00","dateModified":"2026-03-05T08:36:33+00:00","description":"\u201e\u0160nab\u017ed\u0117tojas\" taip i\u0161mu\u0161a i\u0161 v\u0117\u017ei\u0173, kaip jau seniai nebuvo to padar\u0119s joks kitas trileris po Jo Nesb\u00f8 knygos \u201eSniego Senis\". Tai pasakojimas, kuriame","breadcrumb":{"@id":"https:\/\/skaitytaknyga.lt\/produktas\/snabzdetojas\/#breadcrumb"},"inLanguage":"en-GB","potentialAction":[{"@type":"ReadAction","target":["https:\/\/skaitytaknyga.lt\/produktas\/snabzdetojas\/"]}]},{"@type":"ImageObject","inLanguage":"en-GB","@id":"https:\/\/skaitytaknyga.lt\/produktas\/snabzdetojas\/#primaryimage","url":"https:\/\/skaitytaknyga.lt\/wp-content\/uploads\/2025\/07\/Snabzdetojas-1.webp","contentUrl":"https:\/\/skaitytaknyga.lt\/wp-content\/uploads\/2025\/07\/Snabzdetojas-1.webp","width":283,"height":424,"caption":"\u0160nab\u017ed\u0117tojas"},{"@type":"BreadcrumbList","@id":"https:\/\/skaitytaknyga.lt\/produktas\/snabzdetojas\/#breadcrumb","itemListElement":[{"@type":"ListItem","position":1,"name":"Home","item":"https:\/\/skaitytaknyga.lt\/"},{"@type":"ListItem","position":2,"name":"Parduotuv\u0117","item":"https:\/\/skaitytaknyga.lt\/knygu-parduotuve\/"},{"@type":"ListItem","position":3,"name":"\u0160nab\u017ed\u0117tojas"}]},{"@type":"WebSite","@id":"https:\/\/skaitytaknyga.lt\/#website","url":"https:\/\/skaitytaknyga.lt\/","name":"skaitytaknyga.lt","description":"Skaitytaknyga.lt \u2013 tai ma\u017eas \u0161eimos verslas, kuris prasid\u0117jo nuo meil\u0117s knygoms ir siekio i\u0161gelb\u0117ti knygas nuo likimo prie konteinerio. Kas vienam nereikalingas daiktas \u2013 kitam lobis, o mes esame tarpininkai, kurie padeda abiems tapti laimingesniems ???? \u017dinome kaip nelengva i\u0161gyventi ma\u017eiems verslams, tad nuo \u0161iol, \u010dia rasite ir kit\u0173, ma\u017e\u0173 \u0161eim\u0173 versl\u0173, rank\u0173 darbo, dovan\u0173 sau ir artimiesiems.","publisher":{"@id":"https:\/\/skaitytaknyga.lt\/#organization"},"potentialAction":[{"@type":"SearchAction","target":{"@type":"EntryPoint","urlTemplate":"https:\/\/skaitytaknyga.lt\/?s={search_term_string}"},"query-input":{"@type":"PropertyValueSpecification","valueRequired":true,"valueName":"search_term_string"}}],"inLanguage":"en-GB"},{"@type":"Organization","@id":"https:\/\/skaitytaknyga.lt\/#organization","name":"skaitytaknyga.lt","url":"https:\/\/skaitytaknyga.lt\/","logo":{"@type":"ImageObject","inLanguage":"en-GB","@id":"https:\/\/skaitytaknyga.lt\/#\/schema\/logo\/image\/","url":"https:\/\/skaitytaknyga.lt\/wp-content\/uploads\/2024\/05\/cropped-cropped-cropped-02_00843_jt3bggkj1j3HLc7SyY6rEUpg.jpeg","contentUrl":"https:\/\/skaitytaknyga.lt\/wp-content\/uploads\/2024\/05\/cropped-cropped-cropped-02_00843_jt3bggkj1j3HLc7SyY6rEUpg.jpeg","width":1600,"height":1600,"caption":"skaitytaknyga.lt"},"image":{"@id":"https:\/\/skaitytaknyga.lt\/#\/schema\/logo\/image\/"},"sameAs":["https:\/\/www.facebook.com\/skaitytaknyga\/"]}]}},"_links":{"self":[{"href":"https:\/\/skaitytaknyga.lt\/en\/wp-json\/wp\/v2\/product\/19683","targetHints":{"allow":["GET"]}}],"collection":[{"href":"https:\/\/skaitytaknyga.lt\/en\/wp-json\/wp\/v2\/product"}],"about":[{"href":"https:\/\/skaitytaknyga.lt\/en\/wp-json\/wp\/v2\/types\/product"}],"replies":[{"embeddable":true,"href":"https:\/\/skaitytaknyga.lt\/en\/wp-json\/wp\/v2\/comments?post=19683"}],"wp:featuredmedia":[{"embeddable":true,"href":"https:\/\/skaitytaknyga.lt\/en\/wp-json\/wp\/v2\/media\/19699"}],"wp:attachment":[{"href":"https:\/\/skaitytaknyga.lt\/en\/wp-json\/wp\/v2\/media?parent=19683"}],"wp:term":[{"taxonomy":"product_brand","embeddable":true,"href":"https:\/\/skaitytaknyga.lt\/en\/wp-json\/wp\/v2\/product_brand?post=19683"},{"taxonomy":"product_cat","embeddable":true,"href":"https:\/\/skaitytaknyga.lt\/en\/wp-json\/wp\/v2\/product_cat?post=19683"},{"taxonomy":"product_tag","embeddable":true,"href":"https:\/\/skaitytaknyga.lt\/en\/wp-json\/wp\/v2\/product_tag?post=19683"}],"curies":[{"name":"wp","href":"https:\/\/api.w.org\/{rel}","templated":true}]}}