{"id":19682,"date":"2025-07-22T10:43:00","date_gmt":"2025-07-22T07:43:00","guid":{"rendered":"https:\/\/skaitytaknyga.lt\/?post_type=product&#038;p=19682"},"modified":"2026-04-15T22:44:36","modified_gmt":"2026-04-15T19:44:36","slug":"didzioji-galia","status":"publish","type":"product","link":"https:\/\/skaitytaknyga.lt\/en\/produktas\/didzioji-galia\/","title":{"rendered":"Did\u017eioji galia"},"content":{"rendered":"<p>Pragaras paleido savo demon\u0105 \u2014 ir jis ateina tav\u0119s&#8230;<\/p>\n<p>Baisiausias detektyvo vyresniojo inspektoriaus Rajeno ko\u0161maras k\u0105 tik tapo tikrove. \u017diaurumu pagars\u0117j\u0119s serijinis \u017eudikas pravarde Kirvis pab\u0117go i\u0161 kal\u0117jimo ir pagrob\u0117 vien\u0105 geriausi\u0173 jo biuro detektyvi\u0173 tiesiog i\u0161 jos nam\u0173. Apie b\u0117glio nuo\u017emum\u0105 sklando legendos \u2014 pirm\u0105j\u012f kart\u0105 m\u0117gindamas \u012fvykdyti \u017emog\u017eud\u017eiui teisingum\u0105, Rajenas prarado savo seser\u012f ir vos pats neatsisveikino su gyvybe. Ar detektyvui pavyks \u0161\u012fkart i\u0161gelb\u0117ti draug\u0119?<\/p>\n<p>\u017dudiko med\u017eiokl\u0117 vyksta nacionaliniu mastu, bet tyrimas atsid\u016br\u0117 aklaviet\u0117je, o baim\u0117 ima plisti lyg virusas. Rajenas su savo komanda privalo rasti Kirv\u012f, kol \u0161is nepradangino dar vienos gyvyb\u0117s \u2014 bet gal jau per v\u0117lu?<\/p>\n<p>Laikrodis tiksi&#8230;<\/p>\n<p>\u017dmog\u017eudyst\u0117s ir paslaptys, praturtintos romantika bei humoru, \u0161iame detektyve, vykstan\u010diame \u012fsp\u016bdingame Nortumbrijos kra\u0161tovaizdyje, \u012fsuka skaitytoj\u0105 \u012f \u012fvyki\u0173 s\u016bkur\u012f.<\/p>\n","protected":false},"excerpt":{"rendered":"<p>Pragaras paleido savo demon\u0105 \u2014 ir jis ateina tav\u0119s&#8230; Baisiausias detektyvo vyresniojo inspektoriaus Rajeno ko\u0161maras k\u0105 tik tapo tikrove. \u017diaurumu pagars\u0117j\u0119s serijinis \u017eudikas pravarde Kirvis pab\u0117go i\u0161 kal\u0117jimo ir pagrob\u0117 vien\u0105 geriausi\u0173 jo biuro detektyvi\u0173 tiesiog i\u0161 jos nam\u0173. Apie b\u0117glio nuo\u017emum\u0105 sklando legendos \u2014 pirm\u0105j\u012f kart\u0105 m\u0117gindamas \u012fvykdyti \u017emog\u017eud\u017eiui teisingum\u0105, Rajenas prarado savo seser\u012f ir vos pats neatsisveikino su gyvybe. Ar detektyvui pavyks \u0161\u012fkart i\u0161gelb\u0117ti draug\u0119? \u017dudiko med\u017eiokl\u0117 vyksta nacionaliniu mastu, bet tyrimas atsid\u016br\u0117 aklaviet\u0117je, o baim\u0117 ima plisti lyg virusas. Rajenas su savo komanda privalo rasti Kirv\u012f, kol \u0161is nepradangino dar vienos gyvyb\u0117s \u2014 bet gal jau per v\u0117lu? Laikrodis tiksi&#8230; \u017dmog\u017eudyst\u0117s ir paslaptys, praturtintos romantika bei humoru, \u0161iame detektyve, vykstan\u010diame \u012fsp\u016bdingame Nortumbrijos kra\u0161tovaizdyje, \u012fsuka skaitytoj\u0105 \u012f \u012fvyki\u0173 s\u016bkur\u012f.<\/p>\n","protected":false},"featured_media":19687,"comment_status":"open","ping_status":"closed","template":"","meta":{"_acf_changed":false,"site-sidebar-layout":"default","site-content-layout":"","ast-site-content-layout":"default","site-content-style":"default","site-sidebar-style":"default","ast-global-header-display":"","ast-banner-title-visibility":"","ast-main-header-display":"","ast-hfb-above-header-display":"","ast-hfb-below-header-display":"","ast-hfb-mobile-header-display":"","site-post-title":"","ast-breadcrumbs-content":"","ast-featured-img":"","footer-sml-layout":"","ast-disable-related-posts":"","theme-transparent-header-meta":"","adv-header-id-meta":"","stick-header-meta":"","header-above-stick-meta":"","header-main-stick-meta":"","header-below-stick-meta":"","astra-migrate-meta-layouts":"default","ast-page-background-enabled":"default","ast-page-background-meta":{"desktop":{"background-color":"","background-image":"","background-repeat":"repeat","background-position":"center center","background-size":"auto","background-attachment":"scroll","background-type":"","background-media":"","overlay-type":"","overlay-color":"","overlay-opacity":"","overlay-gradient":""},"tablet":{"background-color":"","background-image":"","background-repeat":"repeat","background-position":"center center","background-size":"auto","background-attachment":"scroll","background-type":"","background-media":"","overlay-type":"","overlay-color":"","overlay-opacity":"","overlay-gradient":""},"mobile":{"background-color":"","background-image":"","background-repeat":"repeat","background-position":"center center","background-size":"auto","background-attachment":"scroll","background-type":"","background-media":"","overlay-type":"","overlay-color":"","overlay-opacity":"","overlay-gradient":""}},"ast-content-background-meta":{"desktop":{"background-color":"var(--ast-global-color-4)","background-image":"","background-repeat":"repeat","background-position":"center center","background-size":"auto","background-attachment":"scroll","background-type":"","background-media":"","overlay-type":"","overlay-color":"","overlay-opacity":"","overlay-gradient":""},"tablet":{"background-color":"var(--ast-global-color-4)","background-image":"","background-repeat":"repeat","background-position":"center center","background-size":"auto","background-attachment":"scroll","background-type":"","background-media":"","overlay-type":"","overlay-color":"","overlay-opacity":"","overlay-gradient":""},"mobile":{"background-color":"var(--ast-global-color-4)","background-image":"","background-repeat":"repeat","background-position":"center center","background-size":"auto","background-attachment":"scroll","background-type":"","background-media":"","overlay-type":"","overlay-color":"","overlay-opacity":"","overlay-gradient":""}}},"product_brand":[],"product_cat":[9581],"product_tag":[1476,1980,4346,6566,6567,2129,3982],"class_list":{"0":"post-19682","1":"product","2":"type-product","3":"status-publish","4":"has-post-thumbnail","6":"product_cat-kriminaliniai-romanai","7":"product_tag-detektyvas","8":"product_tag-humoras","9":"product_tag-kriminalinis","10":"product_tag-l-j-ross","11":"product_tag-nortumbrija","12":"product_tag-romantika","13":"product_tag-serijinis-zudikas","14":"desktop-align-left","15":"tablet-align-left","16":"mobile-align-left","18":"first","19":"outofstock","20":"shipping-taxable","21":"purchasable","22":"product-type-simple"},"acf":[],"yoast_head":"<!-- This site is optimized with the Yoast SEO plugin v27.0 - https:\/\/yoast.com\/product\/yoast-seo-wordpress\/ -->\n<title>Did\u017eioji galia<\/title>\n<meta name=\"description\" content=\"Pragaras paleido savo demon\u0105 \u2014 ir jis ateina tav\u0119s... Baisiausias detektyvo vyresniojo inspektoriaus Rajeno ko\u0161maras k\u0105 tik tapo tikrove. \u017diaurumu\" \/>\n<meta name=\"robots\" content=\"index, follow, max-snippet:-1, max-image-preview:large, max-video-preview:-1\" \/>\n<link rel=\"canonical\" href=\"https:\/\/skaitytaknyga.lt\/en\/produktas\/didzioji-galia\/\" \/>\n<meta property=\"og:locale\" content=\"en_GB\" \/>\n<meta property=\"og:locale:alternate\" content=\"lt_LT\" \/>\n<meta property=\"og:type\" content=\"article\" \/>\n<meta property=\"og:title\" content=\"Did\u017eioji galia\" \/>\n<meta property=\"og:description\" content=\"Pragaras paleido savo demon\u0105 \u2014 ir jis ateina tav\u0119s... Baisiausias detektyvo vyresniojo inspektoriaus Rajeno ko\u0161maras k\u0105 tik tapo tikrove. \u017diaurumu\" \/>\n<meta property=\"og:url\" content=\"https:\/\/skaitytaknyga.lt\/en\/produktas\/didzioji-galia\/\" \/>\n<meta property=\"og:site_name\" content=\"Skaitytaknyga\" \/>\n<meta property=\"article:publisher\" content=\"https:\/\/www.facebook.com\/skaitytaknyga\/\" \/>\n<meta property=\"article:modified_time\" content=\"2026-04-15T19:44:36+00:00\" \/>\n<meta property=\"og:image\" content=\"https:\/\/skaitytaknyga.lt\/wp-content\/uploads\/2025\/07\/Didzioji-galia.webp\" \/>\n\t<meta property=\"og:image:width\" content=\"520\" \/>\n\t<meta property=\"og:image:height\" content=\"801\" \/>\n\t<meta property=\"og:image:type\" content=\"image\/webp\" \/>\n<meta name=\"twitter:card\" content=\"summary_large_image\" \/>\n<meta name=\"twitter:label1\" content=\"Estimated reading time\" \/>\n\t<meta name=\"twitter:data1\" content=\"1 minute\" \/>\n<script type=\"application\/ld+json\" class=\"yoast-schema-graph\">{\"@context\":\"https:\/\/schema.org\",\"@graph\":[{\"@type\":\"WebPage\",\"@id\":\"https:\/\/skaitytaknyga.lt\/produktas\/didzioji-galia\/\",\"url\":\"https:\/\/skaitytaknyga.lt\/produktas\/didzioji-galia\/\",\"name\":\"Did\u017eioji galia\",\"isPartOf\":{\"@id\":\"https:\/\/skaitytaknyga.lt\/#website\"},\"primaryImageOfPage\":{\"@id\":\"https:\/\/skaitytaknyga.lt\/produktas\/didzioji-galia\/#primaryimage\"},\"image\":{\"@id\":\"https:\/\/skaitytaknyga.lt\/produktas\/didzioji-galia\/#primaryimage\"},\"thumbnailUrl\":\"https:\/\/skaitytaknyga.lt\/wp-content\/uploads\/2025\/07\/Didzioji-galia.webp\",\"datePublished\":\"2025-07-22T07:43:00+00:00\",\"dateModified\":\"2026-04-15T19:44:36+00:00\",\"description\":\"Pragaras paleido savo demon\u0105 \u2014 ir jis ateina tav\u0119s... Baisiausias detektyvo vyresniojo inspektoriaus Rajeno ko\u0161maras k\u0105 tik tapo tikrove. \u017diaurumu\",\"breadcrumb\":{\"@id\":\"https:\/\/skaitytaknyga.lt\/produktas\/didzioji-galia\/#breadcrumb\"},\"inLanguage\":\"en-GB\",\"potentialAction\":[{\"@type\":\"ReadAction\",\"target\":[\"https:\/\/skaitytaknyga.lt\/produktas\/didzioji-galia\/\"]}]},{\"@type\":\"ImageObject\",\"inLanguage\":\"en-GB\",\"@id\":\"https:\/\/skaitytaknyga.lt\/produktas\/didzioji-galia\/#primaryimage\",\"url\":\"https:\/\/skaitytaknyga.lt\/wp-content\/uploads\/2025\/07\/Didzioji-galia.webp\",\"contentUrl\":\"https:\/\/skaitytaknyga.lt\/wp-content\/uploads\/2025\/07\/Didzioji-galia.webp\",\"width\":520,\"height\":801,\"caption\":\"Did\u017eioji galia\"},{\"@type\":\"BreadcrumbList\",\"@id\":\"https:\/\/skaitytaknyga.lt\/produktas\/didzioji-galia\/#breadcrumb\",\"itemListElement\":[{\"@type\":\"ListItem\",\"position\":1,\"name\":\"Home\",\"item\":\"https:\/\/skaitytaknyga.lt\/\"},{\"@type\":\"ListItem\",\"position\":2,\"name\":\"Parduotuv\u0117\",\"item\":\"https:\/\/skaitytaknyga.lt\/knygu-parduotuve\/\"},{\"@type\":\"ListItem\",\"position\":3,\"name\":\"Did\u017eioji galia\"}]},{\"@type\":\"WebSite\",\"@id\":\"https:\/\/skaitytaknyga.lt\/#website\",\"url\":\"https:\/\/skaitytaknyga.lt\/\",\"name\":\"skaitytaknyga.lt\",\"description\":\"Skaitytaknyga.lt \u2013 tai ma\u017eas \u0161eimos verslas, kuris prasid\u0117jo nuo meil\u0117s knygoms ir siekio i\u0161gelb\u0117ti knygas nuo likimo prie konteinerio. Kas vienam nereikalingas daiktas \u2013 kitam lobis, o mes esame tarpininkai, kurie padeda abiems tapti laimingesniems ???? \u017dinome kaip nelengva i\u0161gyventi ma\u017eiems verslams, tad nuo \u0161iol, \u010dia rasite ir kit\u0173, ma\u017e\u0173 \u0161eim\u0173 versl\u0173, rank\u0173 darbo, dovan\u0173 sau ir artimiesiems.\",\"publisher\":{\"@id\":\"https:\/\/skaitytaknyga.lt\/#organization\"},\"potentialAction\":[{\"@type\":\"SearchAction\",\"target\":{\"@type\":\"EntryPoint\",\"urlTemplate\":\"https:\/\/skaitytaknyga.lt\/?s={search_term_string}\"},\"query-input\":{\"@type\":\"PropertyValueSpecification\",\"valueRequired\":true,\"valueName\":\"search_term_string\"}}],\"inLanguage\":\"en-GB\"},{\"@type\":\"Organization\",\"@id\":\"https:\/\/skaitytaknyga.lt\/#organization\",\"name\":\"skaitytaknyga.lt\",\"url\":\"https:\/\/skaitytaknyga.lt\/\",\"logo\":{\"@type\":\"ImageObject\",\"inLanguage\":\"en-GB\",\"@id\":\"https:\/\/skaitytaknyga.lt\/#\/schema\/logo\/image\/\",\"url\":\"https:\/\/skaitytaknyga.lt\/wp-content\/uploads\/2024\/05\/cropped-cropped-cropped-02_00843_jt3bggkj1j3HLc7SyY6rEUpg.jpeg\",\"contentUrl\":\"https:\/\/skaitytaknyga.lt\/wp-content\/uploads\/2024\/05\/cropped-cropped-cropped-02_00843_jt3bggkj1j3HLc7SyY6rEUpg.jpeg\",\"width\":1600,\"height\":1600,\"caption\":\"skaitytaknyga.lt\"},\"image\":{\"@id\":\"https:\/\/skaitytaknyga.lt\/#\/schema\/logo\/image\/\"},\"sameAs\":[\"https:\/\/www.facebook.com\/skaitytaknyga\/\"]}]}<\/script>\n<!-- \/ Yoast SEO plugin. -->","yoast_head_json":{"title":"Did\u017eioji galia","description":"Pragaras paleido savo demon\u0105 \u2014 ir jis ateina tav\u0119s... Baisiausias detektyvo vyresniojo inspektoriaus Rajeno ko\u0161maras k\u0105 tik tapo tikrove. \u017diaurumu","robots":{"index":"index","follow":"follow","max-snippet":"max-snippet:-1","max-image-preview":"max-image-preview:large","max-video-preview":"max-video-preview:-1"},"canonical":"https:\/\/skaitytaknyga.lt\/en\/produktas\/didzioji-galia\/","og_locale":"en_GB","og_type":"article","og_title":"[:lt]Did\u017eioji galia[:] - Skaitytaknyga","og_description":"Pragaras paleido savo demon\u0105 \u2014 ir jis ateina tav\u0119s... Baisiausias detektyvo vyresniojo inspektoriaus Rajeno ko\u0161maras k\u0105 tik tapo tikrove. \u017diaurumu","og_url":"https:\/\/skaitytaknyga.lt\/en\/produktas\/didzioji-galia\/","og_site_name":"Skaitytaknyga","article_publisher":"https:\/\/www.facebook.com\/skaitytaknyga\/","article_modified_time":"2026-04-15T19:44:36+00:00","og_image":[{"width":520,"height":801,"url":"https:\/\/skaitytaknyga.lt\/wp-content\/uploads\/2025\/07\/Didzioji-galia.webp","type":"image\/webp"}],"twitter_card":"summary_large_image","twitter_misc":{"Estimated reading time":"1 minute"},"schema":{"@context":"https:\/\/schema.org","@graph":[{"@type":"WebPage","@id":"https:\/\/skaitytaknyga.lt\/produktas\/didzioji-galia\/","url":"https:\/\/skaitytaknyga.lt\/produktas\/didzioji-galia\/","name":"Did\u017eioji galia","isPartOf":{"@id":"https:\/\/skaitytaknyga.lt\/#website"},"primaryImageOfPage":{"@id":"https:\/\/skaitytaknyga.lt\/produktas\/didzioji-galia\/#primaryimage"},"image":{"@id":"https:\/\/skaitytaknyga.lt\/produktas\/didzioji-galia\/#primaryimage"},"thumbnailUrl":"https:\/\/skaitytaknyga.lt\/wp-content\/uploads\/2025\/07\/Didzioji-galia.webp","datePublished":"2025-07-22T07:43:00+00:00","dateModified":"2026-04-15T19:44:36+00:00","description":"Pragaras paleido savo demon\u0105 \u2014 ir jis ateina tav\u0119s... Baisiausias detektyvo vyresniojo inspektoriaus Rajeno ko\u0161maras k\u0105 tik tapo tikrove. \u017diaurumu","breadcrumb":{"@id":"https:\/\/skaitytaknyga.lt\/produktas\/didzioji-galia\/#breadcrumb"},"inLanguage":"en-GB","potentialAction":[{"@type":"ReadAction","target":["https:\/\/skaitytaknyga.lt\/produktas\/didzioji-galia\/"]}]},{"@type":"ImageObject","inLanguage":"en-GB","@id":"https:\/\/skaitytaknyga.lt\/produktas\/didzioji-galia\/#primaryimage","url":"https:\/\/skaitytaknyga.lt\/wp-content\/uploads\/2025\/07\/Didzioji-galia.webp","contentUrl":"https:\/\/skaitytaknyga.lt\/wp-content\/uploads\/2025\/07\/Didzioji-galia.webp","width":520,"height":801,"caption":"Did\u017eioji galia"},{"@type":"BreadcrumbList","@id":"https:\/\/skaitytaknyga.lt\/produktas\/didzioji-galia\/#breadcrumb","itemListElement":[{"@type":"ListItem","position":1,"name":"Home","item":"https:\/\/skaitytaknyga.lt\/"},{"@type":"ListItem","position":2,"name":"Parduotuv\u0117","item":"https:\/\/skaitytaknyga.lt\/knygu-parduotuve\/"},{"@type":"ListItem","position":3,"name":"Did\u017eioji galia"}]},{"@type":"WebSite","@id":"https:\/\/skaitytaknyga.lt\/#website","url":"https:\/\/skaitytaknyga.lt\/","name":"skaitytaknyga.lt","description":"Skaitytaknyga.lt \u2013 tai ma\u017eas \u0161eimos verslas, kuris prasid\u0117jo nuo meil\u0117s knygoms ir siekio i\u0161gelb\u0117ti knygas nuo likimo prie konteinerio. Kas vienam nereikalingas daiktas \u2013 kitam lobis, o mes esame tarpininkai, kurie padeda abiems tapti laimingesniems ???? \u017dinome kaip nelengva i\u0161gyventi ma\u017eiems verslams, tad nuo \u0161iol, \u010dia rasite ir kit\u0173, ma\u017e\u0173 \u0161eim\u0173 versl\u0173, rank\u0173 darbo, dovan\u0173 sau ir artimiesiems.","publisher":{"@id":"https:\/\/skaitytaknyga.lt\/#organization"},"potentialAction":[{"@type":"SearchAction","target":{"@type":"EntryPoint","urlTemplate":"https:\/\/skaitytaknyga.lt\/?s={search_term_string}"},"query-input":{"@type":"PropertyValueSpecification","valueRequired":true,"valueName":"search_term_string"}}],"inLanguage":"en-GB"},{"@type":"Organization","@id":"https:\/\/skaitytaknyga.lt\/#organization","name":"skaitytaknyga.lt","url":"https:\/\/skaitytaknyga.lt\/","logo":{"@type":"ImageObject","inLanguage":"en-GB","@id":"https:\/\/skaitytaknyga.lt\/#\/schema\/logo\/image\/","url":"https:\/\/skaitytaknyga.lt\/wp-content\/uploads\/2024\/05\/cropped-cropped-cropped-02_00843_jt3bggkj1j3HLc7SyY6rEUpg.jpeg","contentUrl":"https:\/\/skaitytaknyga.lt\/wp-content\/uploads\/2024\/05\/cropped-cropped-cropped-02_00843_jt3bggkj1j3HLc7SyY6rEUpg.jpeg","width":1600,"height":1600,"caption":"skaitytaknyga.lt"},"image":{"@id":"https:\/\/skaitytaknyga.lt\/#\/schema\/logo\/image\/"},"sameAs":["https:\/\/www.facebook.com\/skaitytaknyga\/"]}]}},"_links":{"self":[{"href":"https:\/\/skaitytaknyga.lt\/en\/wp-json\/wp\/v2\/product\/19682","targetHints":{"allow":["GET"]}}],"collection":[{"href":"https:\/\/skaitytaknyga.lt\/en\/wp-json\/wp\/v2\/product"}],"about":[{"href":"https:\/\/skaitytaknyga.lt\/en\/wp-json\/wp\/v2\/types\/product"}],"replies":[{"embeddable":true,"href":"https:\/\/skaitytaknyga.lt\/en\/wp-json\/wp\/v2\/comments?post=19682"}],"wp:featuredmedia":[{"embeddable":true,"href":"https:\/\/skaitytaknyga.lt\/en\/wp-json\/wp\/v2\/media\/19687"}],"wp:attachment":[{"href":"https:\/\/skaitytaknyga.lt\/en\/wp-json\/wp\/v2\/media?parent=19682"}],"wp:term":[{"taxonomy":"product_brand","embeddable":true,"href":"https:\/\/skaitytaknyga.lt\/en\/wp-json\/wp\/v2\/product_brand?post=19682"},{"taxonomy":"product_cat","embeddable":true,"href":"https:\/\/skaitytaknyga.lt\/en\/wp-json\/wp\/v2\/product_cat?post=19682"},{"taxonomy":"product_tag","embeddable":true,"href":"https:\/\/skaitytaknyga.lt\/en\/wp-json\/wp\/v2\/product_tag?post=19682"}],"curies":[{"name":"wp","href":"https:\/\/api.w.org\/{rel}","templated":true}]}}