{"id":19681,"date":"2025-07-22T10:43:00","date_gmt":"2025-07-22T07:43:00","guid":{"rendered":"https:\/\/skaitytaknyga.lt\/?post_type=product&#038;p=19681"},"modified":"2025-07-23T09:44:20","modified_gmt":"2025-07-23T06:44:20","slug":"bertos-dovana","status":"publish","type":"product","link":"https:\/\/skaitytaknyga.lt\/en\/produktas\/bertos-dovana\/","title":{"rendered":"Bertos dovana"},"content":{"rendered":"<p>Berta auga be motinos meil\u0117s ir negali susitaikyti su jos tr\u016bkumu bei ma\u017eojo brolio staigios mirties palikta \u017eaizda. Mama, praradusi vien\u0105 vaik\u0105, pasineria \u012f gedul\u0105, nerasdama savyje j\u0117g\u0173 r\u016bpintis vyresni\u0105ja dukra. Bert\u0105 lanko keisti sapnai, ji regi praeit\u012f ir sp\u0117ja ateit\u012f, kalba su mirusiu broliu ir kovoja su savo \u0161m\u0117klomis. \u0160eimos gyvenimui subyr\u0117jus, apleista paaugl\u0117 randa nusiraminim\u0105 dail\u0117s pamokose.  Mokytoja supa\u017eindina j\u0105 su menu ir atskleid\u017eia keistas, savitas dailinink\u0173 biografij\u0173 detales, negaili laiko ir d\u0117mesio savo mokinei. A\u0161tuonios pamokos, a\u0161tuoni \u017einom\u0173 dailinink\u0173 (Balthus\u2019o, C. D. Freidricho, R. Magritte\u2019o, Caravaggio, Alo\u00efse\u2019os Corbaz, H. Dargerio, Leonardo da Vinci, S. Solomono) paveikslai \u2013 jais iliustruota knyga \u2013 paauglei padeda atpa\u017einti savo jausmus, analizuoti savo dvasin\u0119 b\u016bsen\u0105, pasitelkus meno terapij\u0105, rasti keli\u0105. Jauno \u017emogaus l\u016bpomis pasakojamoje istorijoje autor\u0117, kalb\u0117dama apie itin sud\u0117tingus ir skaud\u017eius jauno \u017emogaus i\u0161gyvenimus, sugeba \u012f\u017eiebti vilties, suteikti optimizmo nestabiliame \u0161iuolaikiniame pasaulyje.<\/p>\n<p>Foteini Tsalikoglou baig\u0117 klinikin\u0117s psichologijos ir nusikaltim\u0173 psichologijos studijas \u017denevoje, yra Pandijo universiteto (At\u0117nai) psichologijos d\u0117stytoja, i\u0161leidusi mokslini\u0173 knyg\u0173, paskelbusi straipsni\u0173, es\u0117. Autor\u0117 yra populiari romanist\u0117, jos k\u016briniai ver\u010diami \u012f u\u017esienio kalbas, leid\u017eiami Europoje ir Amerikoje, pagal vien\u0105 roman\u0105 pastatytas spektaklis. F. Tsalikoglou mokslin\u0117 veikla daro \u012ftak\u0105 jos literat\u016bros k\u016brini\u0173 temoms, ji itin didel\u012f d\u0117mes\u012f skiria veik\u0117j\u0173 psichologiniam portretui. Herojai \u2013 apdovanoti i\u0161skirtin\u0117mis savyb\u0117mis, yra traumuoti, nepritampantys prie aplinkos, ie\u0161kantys tvirtos atramos, pad\u0117sian\u010dios \u012fveikti kasdienius gyvenimo i\u0161\u0161\u016bkius<\/p>\n","protected":false},"excerpt":{"rendered":"<p>Berta auga be motinos meil\u0117s ir negali susitaikyti su jos tr\u016bkumu bei ma\u017eojo brolio staigios mirties palikta \u017eaizda. Mama, praradusi vien\u0105 vaik\u0105, pasineria \u012f gedul\u0105, nerasdama savyje j\u0117g\u0173 r\u016bpintis vyresni\u0105ja dukra. Bert\u0105 lanko keisti sapnai, ji regi praeit\u012f ir sp\u0117ja ateit\u012f, kalba su mirusiu broliu ir kovoja su savo \u0161m\u0117klomis. \u0160eimos gyvenimui subyr\u0117jus, apleista paaugl\u0117 randa nusiraminim\u0105 dail\u0117s pamokose. Mokytoja supa\u017eindina j\u0105 su menu ir atskleid\u017eia keistas, savitas dailinink\u0173 biografij\u0173 detales, negaili laiko ir d\u0117mesio savo mokinei. A\u0161tuonios pamokos, a\u0161tuoni \u017einom\u0173 dailinink\u0173 (Balthus\u2019o, C. D. Freidricho, R. Magritte\u2019o, Caravaggio, Alo\u00efse\u2019os Corbaz, H. Dargerio, Leonardo da Vinci, S. Solomono) paveikslai \u2013 jais iliustruota knyga \u2013 paauglei padeda atpa\u017einti savo jausmus, analizuoti savo dvasin\u0119 b\u016bsen\u0105, pasitelkus meno terapij\u0105, rasti keli\u0105. Jauno \u017emogaus l\u016bpomis pasakojamoje istorijoje autor\u0117, kalb\u0117dama apie itin sud\u0117tingus ir skaud\u017eius jauno \u017emogaus i\u0161gyvenimus, sugeba \u012f\u017eiebti vilties, suteikti optimizmo nestabiliame \u0161iuolaikiniame pasaulyje. Foteini Tsalikoglou baig\u0117 klinikin\u0117s psichologijos ir nusikaltim\u0173 psichologijos studijas \u017denevoje, yra Pandijo universiteto (At\u0117nai) psichologijos d\u0117stytoja, i\u0161leidusi mokslini\u0173 knyg\u0173, paskelbusi straipsni\u0173, es\u0117. Autor\u0117 yra populiari romanist\u0117, jos k\u016briniai ver\u010diami \u012f u\u017esienio kalbas, leid\u017eiami Europoje ir Amerikoje, pagal vien\u0105 roman\u0105 pastatytas spektaklis. F. Tsalikoglou mokslin\u0117 veikla daro \u012ftak\u0105 jos literat\u016bros k\u016brini\u0173 temoms, ji itin didel\u012f d\u0117mes\u012f skiria veik\u0117j\u0173 psichologiniam portretui. Herojai \u2013 apdovanoti i\u0161skirtin\u0117mis savyb\u0117mis, yra traumuoti, nepritampantys prie aplinkos, ie\u0161kantys tvirtos atramos, pad\u0117sian\u010dios \u012fveikti kasdienius gyvenimo i\u0161\u0161\u016bkius<\/p>\n","protected":false},"featured_media":19700,"comment_status":"open","ping_status":"closed","template":"","meta":{"_acf_changed":false,"site-sidebar-layout":"default","site-content-layout":"","ast-site-content-layout":"default","site-content-style":"default","site-sidebar-style":"default","ast-global-header-display":"","ast-banner-title-visibility":"","ast-main-header-display":"","ast-hfb-above-header-display":"","ast-hfb-below-header-display":"","ast-hfb-mobile-header-display":"","site-post-title":"","ast-breadcrumbs-content":"","ast-featured-img":"","footer-sml-layout":"","ast-disable-related-posts":"","theme-transparent-header-meta":"","adv-header-id-meta":"","stick-header-meta":"","header-above-stick-meta":"","header-main-stick-meta":"","header-below-stick-meta":"","astra-migrate-meta-layouts":"default","ast-page-background-enabled":"default","ast-page-background-meta":{"desktop":{"background-color":"","background-image":"","background-repeat":"repeat","background-position":"center center","background-size":"auto","background-attachment":"scroll","background-type":"","background-media":"","overlay-type":"","overlay-color":"","overlay-opacity":"","overlay-gradient":""},"tablet":{"background-color":"","background-image":"","background-repeat":"repeat","background-position":"center center","background-size":"auto","background-attachment":"scroll","background-type":"","background-media":"","overlay-type":"","overlay-color":"","overlay-opacity":"","overlay-gradient":""},"mobile":{"background-color":"","background-image":"","background-repeat":"repeat","background-position":"center center","background-size":"auto","background-attachment":"scroll","background-type":"","background-media":"","overlay-type":"","overlay-color":"","overlay-opacity":"","overlay-gradient":""}},"ast-content-background-meta":{"desktop":{"background-color":"var(--ast-global-color-4)","background-image":"","background-repeat":"repeat","background-position":"center center","background-size":"auto","background-attachment":"scroll","background-type":"","background-media":"","overlay-type":"","overlay-color":"","overlay-opacity":"","overlay-gradient":""},"tablet":{"background-color":"var(--ast-global-color-4)","background-image":"","background-repeat":"repeat","background-position":"center center","background-size":"auto","background-attachment":"scroll","background-type":"","background-media":"","overlay-type":"","overlay-color":"","overlay-opacity":"","overlay-gradient":""},"mobile":{"background-color":"var(--ast-global-color-4)","background-image":"","background-repeat":"repeat","background-position":"center center","background-size":"auto","background-attachment":"scroll","background-type":"","background-media":"","overlay-type":"","overlay-color":"","overlay-opacity":"","overlay-gradient":""}}},"product_brand":[],"product_cat":[31],"product_tag":[3409,2901,6565,5497,3704,1646,6270,4146],"class_list":{"0":"post-19681","1":"product","2":"type-product","3":"status-publish","4":"has-post-thumbnail","6":"product_cat-grozine-literatura","7":"product_tag-daile","8":"product_tag-drama","9":"product_tag-fotini-tsalikoglou","10":"product_tag-jaunuoliai","11":"product_tag-psichologinis","12":"product_tag-seima","13":"product_tag-terapija","14":"product_tag-trauma","15":"desktop-align-left","16":"tablet-align-left","17":"mobile-align-left","19":"first","20":"instock","21":"shipping-taxable","22":"purchasable","23":"product-type-simple"},"acf":[],"yoast_head":"<!-- This site is optimized with the Yoast SEO plugin v27.0 - https:\/\/yoast.com\/product\/yoast-seo-wordpress\/ -->\n<title>Bertos dovana<\/title>\n<meta name=\"description\" content=\"Berta auga be motinos meil\u0117s ir negali susitaikyti su jos tr\u016bkumu bei ma\u017eojo brolio staigios mirties palikta \u017eaizda. Mama, praradusi vien\u0105 vaik\u0105,\" \/>\n<meta name=\"robots\" content=\"index, follow, max-snippet:-1, max-image-preview:large, max-video-preview:-1\" \/>\n<link rel=\"canonical\" href=\"https:\/\/skaitytaknyga.lt\/en\/produktas\/bertos-dovana\/\" \/>\n<meta property=\"og:locale\" content=\"en_GB\" \/>\n<meta property=\"og:locale:alternate\" content=\"lt_LT\" \/>\n<meta property=\"og:type\" content=\"article\" \/>\n<meta property=\"og:title\" content=\"Bertos dovana\" \/>\n<meta property=\"og:description\" content=\"Berta auga be motinos meil\u0117s ir negali susitaikyti su jos tr\u016bkumu bei ma\u017eojo brolio staigios mirties palikta \u017eaizda. Mama, praradusi vien\u0105 vaik\u0105,\" \/>\n<meta property=\"og:url\" content=\"https:\/\/skaitytaknyga.lt\/en\/produktas\/bertos-dovana\/\" \/>\n<meta property=\"og:site_name\" content=\"Skaitytaknyga\" \/>\n<meta property=\"article:publisher\" content=\"https:\/\/www.facebook.com\/skaitytaknyga\/\" \/>\n<meta property=\"article:modified_time\" content=\"2025-07-23T06:44:20+00:00\" \/>\n<meta property=\"og:image\" content=\"https:\/\/skaitytaknyga.lt\/wp-content\/uploads\/2025\/07\/Bertos-dovana.webp\" \/>\n\t<meta property=\"og:image:width\" content=\"534\" \/>\n\t<meta property=\"og:image:height\" content=\"801\" \/>\n\t<meta property=\"og:image:type\" content=\"image\/webp\" \/>\n<meta name=\"twitter:card\" content=\"summary_large_image\" \/>\n<meta name=\"twitter:label1\" content=\"Estimated reading time\" \/>\n\t<meta name=\"twitter:data1\" content=\"1 minute\" \/>\n<script type=\"application\/ld+json\" class=\"yoast-schema-graph\">{\"@context\":\"https:\/\/schema.org\",\"@graph\":[{\"@type\":\"WebPage\",\"@id\":\"https:\/\/skaitytaknyga.lt\/produktas\/bertos-dovana\/\",\"url\":\"https:\/\/skaitytaknyga.lt\/produktas\/bertos-dovana\/\",\"name\":\"Bertos dovana\",\"isPartOf\":{\"@id\":\"https:\/\/skaitytaknyga.lt\/#website\"},\"primaryImageOfPage\":{\"@id\":\"https:\/\/skaitytaknyga.lt\/produktas\/bertos-dovana\/#primaryimage\"},\"image\":{\"@id\":\"https:\/\/skaitytaknyga.lt\/produktas\/bertos-dovana\/#primaryimage\"},\"thumbnailUrl\":\"https:\/\/skaitytaknyga.lt\/wp-content\/uploads\/2025\/07\/Bertos-dovana-1.webp\",\"datePublished\":\"2025-07-22T07:43:00+00:00\",\"dateModified\":\"2025-07-23T06:44:20+00:00\",\"description\":\"Berta auga be motinos meil\u0117s ir negali susitaikyti su jos tr\u016bkumu bei ma\u017eojo brolio staigios mirties palikta \u017eaizda. Mama, praradusi vien\u0105 vaik\u0105,\",\"breadcrumb\":{\"@id\":\"https:\/\/skaitytaknyga.lt\/produktas\/bertos-dovana\/#breadcrumb\"},\"inLanguage\":\"en-GB\",\"potentialAction\":[{\"@type\":\"ReadAction\",\"target\":[\"https:\/\/skaitytaknyga.lt\/produktas\/bertos-dovana\/\"]}]},{\"@type\":\"ImageObject\",\"inLanguage\":\"en-GB\",\"@id\":\"https:\/\/skaitytaknyga.lt\/produktas\/bertos-dovana\/#primaryimage\",\"url\":\"https:\/\/skaitytaknyga.lt\/wp-content\/uploads\/2025\/07\/Bertos-dovana-1.webp\",\"contentUrl\":\"https:\/\/skaitytaknyga.lt\/wp-content\/uploads\/2025\/07\/Bertos-dovana-1.webp\",\"width\":294,\"height\":441},{\"@type\":\"BreadcrumbList\",\"@id\":\"https:\/\/skaitytaknyga.lt\/produktas\/bertos-dovana\/#breadcrumb\",\"itemListElement\":[{\"@type\":\"ListItem\",\"position\":1,\"name\":\"Home\",\"item\":\"https:\/\/skaitytaknyga.lt\/\"},{\"@type\":\"ListItem\",\"position\":2,\"name\":\"Parduotuv\u0117\",\"item\":\"https:\/\/skaitytaknyga.lt\/knygu-parduotuve\/\"},{\"@type\":\"ListItem\",\"position\":3,\"name\":\"Bertos dovana\"}]},{\"@type\":\"WebSite\",\"@id\":\"https:\/\/skaitytaknyga.lt\/#website\",\"url\":\"https:\/\/skaitytaknyga.lt\/\",\"name\":\"skaitytaknyga.lt\",\"description\":\"Skaitytaknyga.lt \u2013 tai ma\u017eas \u0161eimos verslas, kuris prasid\u0117jo nuo meil\u0117s knygoms ir siekio i\u0161gelb\u0117ti knygas nuo likimo prie konteinerio. Kas vienam nereikalingas daiktas \u2013 kitam lobis, o mes esame tarpininkai, kurie padeda abiems tapti laimingesniems ???? \u017dinome kaip nelengva i\u0161gyventi ma\u017eiems verslams, tad nuo \u0161iol, \u010dia rasite ir kit\u0173, ma\u017e\u0173 \u0161eim\u0173 versl\u0173, rank\u0173 darbo, dovan\u0173 sau ir artimiesiems.\",\"publisher\":{\"@id\":\"https:\/\/skaitytaknyga.lt\/#organization\"},\"potentialAction\":[{\"@type\":\"SearchAction\",\"target\":{\"@type\":\"EntryPoint\",\"urlTemplate\":\"https:\/\/skaitytaknyga.lt\/?s={search_term_string}\"},\"query-input\":{\"@type\":\"PropertyValueSpecification\",\"valueRequired\":true,\"valueName\":\"search_term_string\"}}],\"inLanguage\":\"en-GB\"},{\"@type\":\"Organization\",\"@id\":\"https:\/\/skaitytaknyga.lt\/#organization\",\"name\":\"skaitytaknyga.lt\",\"url\":\"https:\/\/skaitytaknyga.lt\/\",\"logo\":{\"@type\":\"ImageObject\",\"inLanguage\":\"en-GB\",\"@id\":\"https:\/\/skaitytaknyga.lt\/#\/schema\/logo\/image\/\",\"url\":\"https:\/\/skaitytaknyga.lt\/wp-content\/uploads\/2024\/05\/cropped-cropped-cropped-02_00843_jt3bggkj1j3HLc7SyY6rEUpg.jpeg\",\"contentUrl\":\"https:\/\/skaitytaknyga.lt\/wp-content\/uploads\/2024\/05\/cropped-cropped-cropped-02_00843_jt3bggkj1j3HLc7SyY6rEUpg.jpeg\",\"width\":1600,\"height\":1600,\"caption\":\"skaitytaknyga.lt\"},\"image\":{\"@id\":\"https:\/\/skaitytaknyga.lt\/#\/schema\/logo\/image\/\"},\"sameAs\":[\"https:\/\/www.facebook.com\/skaitytaknyga\/\"]}]}<\/script>\n<!-- \/ Yoast SEO plugin. -->","yoast_head_json":{"title":"Bertos dovana","description":"Berta auga be motinos meil\u0117s ir negali susitaikyti su jos tr\u016bkumu bei ma\u017eojo brolio staigios mirties palikta \u017eaizda. Mama, praradusi vien\u0105 vaik\u0105,","robots":{"index":"index","follow":"follow","max-snippet":"max-snippet:-1","max-image-preview":"max-image-preview:large","max-video-preview":"max-video-preview:-1"},"canonical":"https:\/\/skaitytaknyga.lt\/en\/produktas\/bertos-dovana\/","og_locale":"en_GB","og_type":"article","og_title":"[:lt]Bertos dovana[:] - Skaitytaknyga","og_description":"Berta auga be motinos meil\u0117s ir negali susitaikyti su jos tr\u016bkumu bei ma\u017eojo brolio staigios mirties palikta \u017eaizda. Mama, praradusi vien\u0105 vaik\u0105,","og_url":"https:\/\/skaitytaknyga.lt\/en\/produktas\/bertos-dovana\/","og_site_name":"Skaitytaknyga","article_publisher":"https:\/\/www.facebook.com\/skaitytaknyga\/","article_modified_time":"2025-07-23T06:44:20+00:00","og_image":[{"width":534,"height":801,"url":"https:\/\/skaitytaknyga.lt\/wp-content\/uploads\/2025\/07\/Bertos-dovana.webp","type":"image\/webp"}],"twitter_card":"summary_large_image","twitter_misc":{"Estimated reading time":"1 minute"},"schema":{"@context":"https:\/\/schema.org","@graph":[{"@type":"WebPage","@id":"https:\/\/skaitytaknyga.lt\/produktas\/bertos-dovana\/","url":"https:\/\/skaitytaknyga.lt\/produktas\/bertos-dovana\/","name":"Bertos dovana","isPartOf":{"@id":"https:\/\/skaitytaknyga.lt\/#website"},"primaryImageOfPage":{"@id":"https:\/\/skaitytaknyga.lt\/produktas\/bertos-dovana\/#primaryimage"},"image":{"@id":"https:\/\/skaitytaknyga.lt\/produktas\/bertos-dovana\/#primaryimage"},"thumbnailUrl":"https:\/\/skaitytaknyga.lt\/wp-content\/uploads\/2025\/07\/Bertos-dovana-1.webp","datePublished":"2025-07-22T07:43:00+00:00","dateModified":"2025-07-23T06:44:20+00:00","description":"Berta auga be motinos meil\u0117s ir negali susitaikyti su jos tr\u016bkumu bei ma\u017eojo brolio staigios mirties palikta \u017eaizda. Mama, praradusi vien\u0105 vaik\u0105,","breadcrumb":{"@id":"https:\/\/skaitytaknyga.lt\/produktas\/bertos-dovana\/#breadcrumb"},"inLanguage":"en-GB","potentialAction":[{"@type":"ReadAction","target":["https:\/\/skaitytaknyga.lt\/produktas\/bertos-dovana\/"]}]},{"@type":"ImageObject","inLanguage":"en-GB","@id":"https:\/\/skaitytaknyga.lt\/produktas\/bertos-dovana\/#primaryimage","url":"https:\/\/skaitytaknyga.lt\/wp-content\/uploads\/2025\/07\/Bertos-dovana-1.webp","contentUrl":"https:\/\/skaitytaknyga.lt\/wp-content\/uploads\/2025\/07\/Bertos-dovana-1.webp","width":294,"height":441},{"@type":"BreadcrumbList","@id":"https:\/\/skaitytaknyga.lt\/produktas\/bertos-dovana\/#breadcrumb","itemListElement":[{"@type":"ListItem","position":1,"name":"Home","item":"https:\/\/skaitytaknyga.lt\/"},{"@type":"ListItem","position":2,"name":"Parduotuv\u0117","item":"https:\/\/skaitytaknyga.lt\/knygu-parduotuve\/"},{"@type":"ListItem","position":3,"name":"Bertos dovana"}]},{"@type":"WebSite","@id":"https:\/\/skaitytaknyga.lt\/#website","url":"https:\/\/skaitytaknyga.lt\/","name":"skaitytaknyga.lt","description":"Skaitytaknyga.lt \u2013 tai ma\u017eas \u0161eimos verslas, kuris prasid\u0117jo nuo meil\u0117s knygoms ir siekio i\u0161gelb\u0117ti knygas nuo likimo prie konteinerio. Kas vienam nereikalingas daiktas \u2013 kitam lobis, o mes esame tarpininkai, kurie padeda abiems tapti laimingesniems ???? \u017dinome kaip nelengva i\u0161gyventi ma\u017eiems verslams, tad nuo \u0161iol, \u010dia rasite ir kit\u0173, ma\u017e\u0173 \u0161eim\u0173 versl\u0173, rank\u0173 darbo, dovan\u0173 sau ir artimiesiems.","publisher":{"@id":"https:\/\/skaitytaknyga.lt\/#organization"},"potentialAction":[{"@type":"SearchAction","target":{"@type":"EntryPoint","urlTemplate":"https:\/\/skaitytaknyga.lt\/?s={search_term_string}"},"query-input":{"@type":"PropertyValueSpecification","valueRequired":true,"valueName":"search_term_string"}}],"inLanguage":"en-GB"},{"@type":"Organization","@id":"https:\/\/skaitytaknyga.lt\/#organization","name":"skaitytaknyga.lt","url":"https:\/\/skaitytaknyga.lt\/","logo":{"@type":"ImageObject","inLanguage":"en-GB","@id":"https:\/\/skaitytaknyga.lt\/#\/schema\/logo\/image\/","url":"https:\/\/skaitytaknyga.lt\/wp-content\/uploads\/2024\/05\/cropped-cropped-cropped-02_00843_jt3bggkj1j3HLc7SyY6rEUpg.jpeg","contentUrl":"https:\/\/skaitytaknyga.lt\/wp-content\/uploads\/2024\/05\/cropped-cropped-cropped-02_00843_jt3bggkj1j3HLc7SyY6rEUpg.jpeg","width":1600,"height":1600,"caption":"skaitytaknyga.lt"},"image":{"@id":"https:\/\/skaitytaknyga.lt\/#\/schema\/logo\/image\/"},"sameAs":["https:\/\/www.facebook.com\/skaitytaknyga\/"]}]}},"_links":{"self":[{"href":"https:\/\/skaitytaknyga.lt\/en\/wp-json\/wp\/v2\/product\/19681","targetHints":{"allow":["GET"]}}],"collection":[{"href":"https:\/\/skaitytaknyga.lt\/en\/wp-json\/wp\/v2\/product"}],"about":[{"href":"https:\/\/skaitytaknyga.lt\/en\/wp-json\/wp\/v2\/types\/product"}],"replies":[{"embeddable":true,"href":"https:\/\/skaitytaknyga.lt\/en\/wp-json\/wp\/v2\/comments?post=19681"}],"wp:featuredmedia":[{"embeddable":true,"href":"https:\/\/skaitytaknyga.lt\/en\/wp-json\/wp\/v2\/media\/19700"}],"wp:attachment":[{"href":"https:\/\/skaitytaknyga.lt\/en\/wp-json\/wp\/v2\/media?parent=19681"}],"wp:term":[{"taxonomy":"product_brand","embeddable":true,"href":"https:\/\/skaitytaknyga.lt\/en\/wp-json\/wp\/v2\/product_brand?post=19681"},{"taxonomy":"product_cat","embeddable":true,"href":"https:\/\/skaitytaknyga.lt\/en\/wp-json\/wp\/v2\/product_cat?post=19681"},{"taxonomy":"product_tag","embeddable":true,"href":"https:\/\/skaitytaknyga.lt\/en\/wp-json\/wp\/v2\/product_tag?post=19681"}],"curies":[{"name":"wp","href":"https:\/\/api.w.org\/{rel}","templated":true}]}}