{"id":19680,"date":"2025-07-22T10:42:59","date_gmt":"2025-07-22T07:42:59","guid":{"rendered":"https:\/\/skaitytaknyga.lt\/?post_type=product&#038;p=19680"},"modified":"2025-07-23T09:44:20","modified_gmt":"2025-07-23T06:44:20","slug":"dopamino-tauta","status":"publish","type":"product","link":"https:\/\/skaitytaknyga.lt\/en\/produktas\/dopamino-tauta\/","title":{"rendered":"Dopamino tauta"},"content":{"rendered":"<p>Tai knyga apie malonum\u0105. Ir apie skausm\u0105. Ir malonumas, ir skausmas slypi m\u016bs\u0173 smegenyse, ta\u010diau pats svarbiausias dalykas \u2013 atrasti malonumo ir skausmo balans\u0105. Nes laikai, kuriais gyvename, balansui siaubingai nepalank\u016bs. Socialiniai tinklai, seksas, narkotikai, lo\u0161imai, maistas, apsipirkin\u0117jimas, nepaliaujantis naujien\u0173 srautas ekranuose, nesibaigiantis susira\u0161in\u0117jimas, sekstingas&#8230; Visa tai sukelia iki \u0161iol \u017emonijos nepatirt\u0105 i\u0161bandym\u0105 did\u017eiul\u0117mis ir beveik niekada nesibaigian\u010diomis dopamino doz\u0117mis. Am\u017einai prisijungusios kartos smegenims virtualus dopaminas tiekiamas 24 valandas per par\u0105, 7 dienas per savait\u0119 i\u0161mani\u0173j\u0173 telefon\u0173 ekranuose. Patys to nepasteb\u0117dami tampame priklausomi ir siaubingai pa\u017eeid\u017eiami, pavyzd\u017eiui kompulsyvaus persivalgymo \u012fvairiausiais dirgikliais.<\/p>\n<p>Kokios viso to pasekm\u0117s?<\/p>\n<p>\u012e \u0161\u012f klausim\u0105 savo knygoje \u201eDopamino tauta&#8221; atsako psichiatr\u0117 ir medicinos moksl\u0173 daktar\u0117 Anna Lembke. Ji atveria ne\u012ftik\u0117tinus mokslo atradimus, kurie paai\u0161kina, kaip besaikis malonum\u0173 vaikymasis sukelia skausm\u0105&#8230; Ir kaip to i\u0161vengti. Sud\u0117tingas neuromokslo formuluotes knygos autor\u0117 i\u0161ver\u010dia \u012f lengvai suprantamas metaforas ir atskleid\u017eia, kaip palaikant pasitenkinim\u0105 ir ry\u0161\u012f galima sukontroliuoti dopamino priklausomyb\u0119. Tai iliustruoja u\u017e \u0161irdies griebian\u010dios Annos Lembke pacient\u0173 istorijos. Pasakojimai apie kan\u010di\u0105 ir i\u0161gijim\u0105 i\u0161 knygos autor\u0117s kabineto mums visiems suteikia vilties, kad kelias i\u0161 priklausomyb\u0117s \u012f esminius gyvenimo poky\u010dius tikrai yra \u012fmanomas. I\u0161 esm\u0117s knyga \u201eDopamino tauta&#8221; atskleis jums paslapt\u012f, kaip derinant mokslo \u017einias su praktine i\u0161gijimo i\u0161mintimi savo gyvenime atrasti tobul\u0105 balans\u0105 tarp malonumo ir skausmo.<\/p>\n","protected":false},"excerpt":{"rendered":"<p>Tai knyga apie malonum\u0105. Ir apie skausm\u0105. Ir malonumas, ir skausmas slypi m\u016bs\u0173 smegenyse, ta\u010diau pats svarbiausias dalykas \u2013 atrasti malonumo ir skausmo balans\u0105. Nes laikai, kuriais gyvename, balansui siaubingai nepalank\u016bs. Socialiniai tinklai, seksas, narkotikai, lo\u0161imai, maistas, apsipirkin\u0117jimas, nepaliaujantis naujien\u0173 srautas ekranuose, nesibaigiantis susira\u0161in\u0117jimas, sekstingas&#8230; Visa tai sukelia iki \u0161iol \u017emonijos nepatirt\u0105 i\u0161bandym\u0105 did\u017eiul\u0117mis ir beveik niekada nesibaigian\u010diomis dopamino doz\u0117mis. Am\u017einai prisijungusios kartos smegenims virtualus dopaminas tiekiamas 24 valandas per par\u0105, 7 dienas per savait\u0119 i\u0161mani\u0173j\u0173 telefon\u0173 ekranuose. Patys to nepasteb\u0117dami tampame priklausomi ir siaubingai pa\u017eeid\u017eiami, pavyzd\u017eiui kompulsyvaus persivalgymo \u012fvairiausiais dirgikliais. Kokios viso to pasekm\u0117s? \u012e \u0161\u012f klausim\u0105 savo knygoje \u201eDopamino tauta&#8221; atsako psichiatr\u0117 ir medicinos moksl\u0173 daktar\u0117 Anna Lembke. Ji atveria ne\u012ftik\u0117tinus mokslo atradimus, kurie paai\u0161kina, kaip besaikis malonum\u0173 vaikymasis sukelia skausm\u0105&#8230; Ir kaip to i\u0161vengti. Sud\u0117tingas neuromokslo formuluotes knygos autor\u0117 i\u0161ver\u010dia \u012f lengvai suprantamas metaforas ir atskleid\u017eia, kaip palaikant pasitenkinim\u0105 ir ry\u0161\u012f galima sukontroliuoti dopamino priklausomyb\u0119. Tai iliustruoja u\u017e \u0161irdies griebian\u010dios Annos Lembke pacient\u0173 istorijos. Pasakojimai apie kan\u010di\u0105 ir i\u0161gijim\u0105 i\u0161 knygos autor\u0117s kabineto mums visiems suteikia vilties, kad kelias i\u0161 priklausomyb\u0117s \u012f esminius gyvenimo poky\u010dius tikrai yra \u012fmanomas. I\u0161 esm\u0117s knyga \u201eDopamino tauta&#8221; atskleis jums paslapt\u012f, kaip derinant mokslo \u017einias su praktine i\u0161gijimo i\u0161mintimi savo gyvenime atrasti tobul\u0105 balans\u0105 tarp malonumo ir skausmo.<\/p>\n","protected":false},"featured_media":19685,"comment_status":"open","ping_status":"closed","template":"","meta":{"_acf_changed":false,"site-sidebar-layout":"default","site-content-layout":"","ast-site-content-layout":"default","site-content-style":"default","site-sidebar-style":"default","ast-global-header-display":"","ast-banner-title-visibility":"","ast-main-header-display":"","ast-hfb-above-header-display":"","ast-hfb-below-header-display":"","ast-hfb-mobile-header-display":"","site-post-title":"","ast-breadcrumbs-content":"","ast-featured-img":"","footer-sml-layout":"","ast-disable-related-posts":"","theme-transparent-header-meta":"","adv-header-id-meta":"","stick-header-meta":"","header-above-stick-meta":"","header-main-stick-meta":"","header-below-stick-meta":"","astra-migrate-meta-layouts":"default","ast-page-background-enabled":"default","ast-page-background-meta":{"desktop":{"background-color":"","background-image":"","background-repeat":"repeat","background-position":"center center","background-size":"auto","background-attachment":"scroll","background-type":"","background-media":"","overlay-type":"","overlay-color":"","overlay-opacity":"","overlay-gradient":""},"tablet":{"background-color":"","background-image":"","background-repeat":"repeat","background-position":"center center","background-size":"auto","background-attachment":"scroll","background-type":"","background-media":"","overlay-type":"","overlay-color":"","overlay-opacity":"","overlay-gradient":""},"mobile":{"background-color":"","background-image":"","background-repeat":"repeat","background-position":"center center","background-size":"auto","background-attachment":"scroll","background-type":"","background-media":"","overlay-type":"","overlay-color":"","overlay-opacity":"","overlay-gradient":""}},"ast-content-background-meta":{"desktop":{"background-color":"var(--ast-global-color-4)","background-image":"","background-repeat":"repeat","background-position":"center center","background-size":"auto","background-attachment":"scroll","background-type":"","background-media":"","overlay-type":"","overlay-color":"","overlay-opacity":"","overlay-gradient":""},"tablet":{"background-color":"var(--ast-global-color-4)","background-image":"","background-repeat":"repeat","background-position":"center center","background-size":"auto","background-attachment":"scroll","background-type":"","background-media":"","overlay-type":"","overlay-color":"","overlay-opacity":"","overlay-gradient":""},"mobile":{"background-color":"var(--ast-global-color-4)","background-image":"","background-repeat":"repeat","background-position":"center center","background-size":"auto","background-attachment":"scroll","background-type":"","background-media":"","overlay-type":"","overlay-color":"","overlay-opacity":"","overlay-gradient":""}}},"product_brand":[],"product_cat":[15],"product_tag":[6564,6561,2407,4517,6562,1520,6563,1668,3492,3330,1422],"class_list":{"0":"post-19680","1":"product","2":"type-product","3":"status-publish","4":"has-post-thumbnail","6":"product_cat-uncategorized","7":"product_tag-balansas","8":"product_tag-dopaminas","9":"product_tag-gyvenimo-pokyciai","10":"product_tag-isgijimas","11":"product_tag-malonumas","12":"product_tag-neuromokslas","13":"product_tag-persivalgymas","14":"product_tag-priklausomybe","15":"product_tag-psichiatrija","16":"product_tag-skausmas","17":"product_tag-socialiniai-tinklai","18":"desktop-align-left","19":"tablet-align-left","20":"mobile-align-left","22":"first","23":"instock","24":"shipping-taxable","25":"purchasable","26":"product-type-simple"},"acf":[],"yoast_head":"<!-- This site is optimized with the Yoast SEO plugin v27.0 - https:\/\/yoast.com\/product\/yoast-seo-wordpress\/ -->\n<title>Dopamino tauta<\/title>\n<meta name=\"description\" content=\"Tai knyga apie malonum\u0105. Ir apie skausm\u0105. Ir malonumas, ir skausmas slypi m\u016bs\u0173 smegenyse, ta\u010diau pats svarbiausias dalykas \u2013 atrasti malonumo ir skausmo\" \/>\n<meta name=\"robots\" content=\"index, follow, max-snippet:-1, max-image-preview:large, max-video-preview:-1\" \/>\n<link rel=\"canonical\" href=\"https:\/\/skaitytaknyga.lt\/en\/produktas\/dopamino-tauta\/\" \/>\n<meta property=\"og:locale\" content=\"en_GB\" \/>\n<meta property=\"og:locale:alternate\" content=\"lt_LT\" \/>\n<meta property=\"og:type\" content=\"article\" \/>\n<meta property=\"og:title\" content=\"Dopamino tauta\" \/>\n<meta property=\"og:description\" content=\"Tai knyga apie malonum\u0105. Ir apie skausm\u0105. Ir malonumas, ir skausmas slypi m\u016bs\u0173 smegenyse, ta\u010diau pats svarbiausias dalykas \u2013 atrasti malonumo ir skausmo\" \/>\n<meta property=\"og:url\" content=\"https:\/\/skaitytaknyga.lt\/en\/produktas\/dopamino-tauta\/\" \/>\n<meta property=\"og:site_name\" content=\"Skaitytaknyga\" \/>\n<meta property=\"article:publisher\" content=\"https:\/\/www.facebook.com\/skaitytaknyga\/\" \/>\n<meta property=\"article:modified_time\" content=\"2025-07-23T06:44:20+00:00\" \/>\n<meta property=\"og:image\" content=\"https:\/\/skaitytaknyga.lt\/wp-content\/uploads\/2025\/07\/Dopamino-tauta.webp\" \/>\n\t<meta property=\"og:image:width\" content=\"510\" \/>\n\t<meta property=\"og:image:height\" content=\"801\" \/>\n\t<meta property=\"og:image:type\" content=\"image\/webp\" \/>\n<meta name=\"twitter:card\" content=\"summary_large_image\" \/>\n<meta name=\"twitter:label1\" content=\"Estimated reading time\" \/>\n\t<meta name=\"twitter:data1\" content=\"1 minute\" \/>\n<script type=\"application\/ld+json\" class=\"yoast-schema-graph\">{\"@context\":\"https:\/\/schema.org\",\"@graph\":[{\"@type\":\"WebPage\",\"@id\":\"https:\/\/skaitytaknyga.lt\/produktas\/dopamino-tauta\/\",\"url\":\"https:\/\/skaitytaknyga.lt\/produktas\/dopamino-tauta\/\",\"name\":\"Dopamino tauta\",\"isPartOf\":{\"@id\":\"https:\/\/skaitytaknyga.lt\/#website\"},\"primaryImageOfPage\":{\"@id\":\"https:\/\/skaitytaknyga.lt\/produktas\/dopamino-tauta\/#primaryimage\"},\"image\":{\"@id\":\"https:\/\/skaitytaknyga.lt\/produktas\/dopamino-tauta\/#primaryimage\"},\"thumbnailUrl\":\"https:\/\/skaitytaknyga.lt\/wp-content\/uploads\/2025\/07\/Dopamino-tauta.webp\",\"datePublished\":\"2025-07-22T07:42:59+00:00\",\"dateModified\":\"2025-07-23T06:44:20+00:00\",\"description\":\"Tai knyga apie malonum\u0105. Ir apie skausm\u0105. Ir malonumas, ir skausmas slypi m\u016bs\u0173 smegenyse, ta\u010diau pats svarbiausias dalykas \u2013 atrasti malonumo ir skausmo\",\"breadcrumb\":{\"@id\":\"https:\/\/skaitytaknyga.lt\/produktas\/dopamino-tauta\/#breadcrumb\"},\"inLanguage\":\"en-GB\",\"potentialAction\":[{\"@type\":\"ReadAction\",\"target\":[\"https:\/\/skaitytaknyga.lt\/produktas\/dopamino-tauta\/\"]}]},{\"@type\":\"ImageObject\",\"inLanguage\":\"en-GB\",\"@id\":\"https:\/\/skaitytaknyga.lt\/produktas\/dopamino-tauta\/#primaryimage\",\"url\":\"https:\/\/skaitytaknyga.lt\/wp-content\/uploads\/2025\/07\/Dopamino-tauta.webp\",\"contentUrl\":\"https:\/\/skaitytaknyga.lt\/wp-content\/uploads\/2025\/07\/Dopamino-tauta.webp\",\"width\":510,\"height\":801,\"caption\":\"Dopamino tauta\"},{\"@type\":\"BreadcrumbList\",\"@id\":\"https:\/\/skaitytaknyga.lt\/produktas\/dopamino-tauta\/#breadcrumb\",\"itemListElement\":[{\"@type\":\"ListItem\",\"position\":1,\"name\":\"Home\",\"item\":\"https:\/\/skaitytaknyga.lt\/\"},{\"@type\":\"ListItem\",\"position\":2,\"name\":\"Parduotuv\u0117\",\"item\":\"https:\/\/skaitytaknyga.lt\/knygu-parduotuve\/\"},{\"@type\":\"ListItem\",\"position\":3,\"name\":\"Dopamino tauta\"}]},{\"@type\":\"WebSite\",\"@id\":\"https:\/\/skaitytaknyga.lt\/#website\",\"url\":\"https:\/\/skaitytaknyga.lt\/\",\"name\":\"skaitytaknyga.lt\",\"description\":\"Skaitytaknyga.lt \u2013 tai ma\u017eas \u0161eimos verslas, kuris prasid\u0117jo nuo meil\u0117s knygoms ir siekio i\u0161gelb\u0117ti knygas nuo likimo prie konteinerio. Kas vienam nereikalingas daiktas \u2013 kitam lobis, o mes esame tarpininkai, kurie padeda abiems tapti laimingesniems ???? \u017dinome kaip nelengva i\u0161gyventi ma\u017eiems verslams, tad nuo \u0161iol, \u010dia rasite ir kit\u0173, ma\u017e\u0173 \u0161eim\u0173 versl\u0173, rank\u0173 darbo, dovan\u0173 sau ir artimiesiems.\",\"publisher\":{\"@id\":\"https:\/\/skaitytaknyga.lt\/#organization\"},\"potentialAction\":[{\"@type\":\"SearchAction\",\"target\":{\"@type\":\"EntryPoint\",\"urlTemplate\":\"https:\/\/skaitytaknyga.lt\/?s={search_term_string}\"},\"query-input\":{\"@type\":\"PropertyValueSpecification\",\"valueRequired\":true,\"valueName\":\"search_term_string\"}}],\"inLanguage\":\"en-GB\"},{\"@type\":\"Organization\",\"@id\":\"https:\/\/skaitytaknyga.lt\/#organization\",\"name\":\"skaitytaknyga.lt\",\"url\":\"https:\/\/skaitytaknyga.lt\/\",\"logo\":{\"@type\":\"ImageObject\",\"inLanguage\":\"en-GB\",\"@id\":\"https:\/\/skaitytaknyga.lt\/#\/schema\/logo\/image\/\",\"url\":\"https:\/\/skaitytaknyga.lt\/wp-content\/uploads\/2024\/05\/cropped-cropped-cropped-02_00843_jt3bggkj1j3HLc7SyY6rEUpg.jpeg\",\"contentUrl\":\"https:\/\/skaitytaknyga.lt\/wp-content\/uploads\/2024\/05\/cropped-cropped-cropped-02_00843_jt3bggkj1j3HLc7SyY6rEUpg.jpeg\",\"width\":1600,\"height\":1600,\"caption\":\"skaitytaknyga.lt\"},\"image\":{\"@id\":\"https:\/\/skaitytaknyga.lt\/#\/schema\/logo\/image\/\"},\"sameAs\":[\"https:\/\/www.facebook.com\/skaitytaknyga\/\"]}]}<\/script>\n<!-- \/ Yoast SEO plugin. -->","yoast_head_json":{"title":"Dopamino tauta","description":"Tai knyga apie malonum\u0105. Ir apie skausm\u0105. Ir malonumas, ir skausmas slypi m\u016bs\u0173 smegenyse, ta\u010diau pats svarbiausias dalykas \u2013 atrasti malonumo ir skausmo","robots":{"index":"index","follow":"follow","max-snippet":"max-snippet:-1","max-image-preview":"max-image-preview:large","max-video-preview":"max-video-preview:-1"},"canonical":"https:\/\/skaitytaknyga.lt\/en\/produktas\/dopamino-tauta\/","og_locale":"en_GB","og_type":"article","og_title":"[:lt]Dopamino tauta[:] - Skaitytaknyga","og_description":"Tai knyga apie malonum\u0105. Ir apie skausm\u0105. Ir malonumas, ir skausmas slypi m\u016bs\u0173 smegenyse, ta\u010diau pats svarbiausias dalykas \u2013 atrasti malonumo ir skausmo","og_url":"https:\/\/skaitytaknyga.lt\/en\/produktas\/dopamino-tauta\/","og_site_name":"Skaitytaknyga","article_publisher":"https:\/\/www.facebook.com\/skaitytaknyga\/","article_modified_time":"2025-07-23T06:44:20+00:00","og_image":[{"width":510,"height":801,"url":"https:\/\/skaitytaknyga.lt\/wp-content\/uploads\/2025\/07\/Dopamino-tauta.webp","type":"image\/webp"}],"twitter_card":"summary_large_image","twitter_misc":{"Estimated reading time":"1 minute"},"schema":{"@context":"https:\/\/schema.org","@graph":[{"@type":"WebPage","@id":"https:\/\/skaitytaknyga.lt\/produktas\/dopamino-tauta\/","url":"https:\/\/skaitytaknyga.lt\/produktas\/dopamino-tauta\/","name":"Dopamino tauta","isPartOf":{"@id":"https:\/\/skaitytaknyga.lt\/#website"},"primaryImageOfPage":{"@id":"https:\/\/skaitytaknyga.lt\/produktas\/dopamino-tauta\/#primaryimage"},"image":{"@id":"https:\/\/skaitytaknyga.lt\/produktas\/dopamino-tauta\/#primaryimage"},"thumbnailUrl":"https:\/\/skaitytaknyga.lt\/wp-content\/uploads\/2025\/07\/Dopamino-tauta.webp","datePublished":"2025-07-22T07:42:59+00:00","dateModified":"2025-07-23T06:44:20+00:00","description":"Tai knyga apie malonum\u0105. Ir apie skausm\u0105. Ir malonumas, ir skausmas slypi m\u016bs\u0173 smegenyse, ta\u010diau pats svarbiausias dalykas \u2013 atrasti malonumo ir skausmo","breadcrumb":{"@id":"https:\/\/skaitytaknyga.lt\/produktas\/dopamino-tauta\/#breadcrumb"},"inLanguage":"en-GB","potentialAction":[{"@type":"ReadAction","target":["https:\/\/skaitytaknyga.lt\/produktas\/dopamino-tauta\/"]}]},{"@type":"ImageObject","inLanguage":"en-GB","@id":"https:\/\/skaitytaknyga.lt\/produktas\/dopamino-tauta\/#primaryimage","url":"https:\/\/skaitytaknyga.lt\/wp-content\/uploads\/2025\/07\/Dopamino-tauta.webp","contentUrl":"https:\/\/skaitytaknyga.lt\/wp-content\/uploads\/2025\/07\/Dopamino-tauta.webp","width":510,"height":801,"caption":"Dopamino tauta"},{"@type":"BreadcrumbList","@id":"https:\/\/skaitytaknyga.lt\/produktas\/dopamino-tauta\/#breadcrumb","itemListElement":[{"@type":"ListItem","position":1,"name":"Home","item":"https:\/\/skaitytaknyga.lt\/"},{"@type":"ListItem","position":2,"name":"Parduotuv\u0117","item":"https:\/\/skaitytaknyga.lt\/knygu-parduotuve\/"},{"@type":"ListItem","position":3,"name":"Dopamino tauta"}]},{"@type":"WebSite","@id":"https:\/\/skaitytaknyga.lt\/#website","url":"https:\/\/skaitytaknyga.lt\/","name":"skaitytaknyga.lt","description":"Skaitytaknyga.lt \u2013 tai ma\u017eas \u0161eimos verslas, kuris prasid\u0117jo nuo meil\u0117s knygoms ir siekio i\u0161gelb\u0117ti knygas nuo likimo prie konteinerio. Kas vienam nereikalingas daiktas \u2013 kitam lobis, o mes esame tarpininkai, kurie padeda abiems tapti laimingesniems ???? \u017dinome kaip nelengva i\u0161gyventi ma\u017eiems verslams, tad nuo \u0161iol, \u010dia rasite ir kit\u0173, ma\u017e\u0173 \u0161eim\u0173 versl\u0173, rank\u0173 darbo, dovan\u0173 sau ir artimiesiems.","publisher":{"@id":"https:\/\/skaitytaknyga.lt\/#organization"},"potentialAction":[{"@type":"SearchAction","target":{"@type":"EntryPoint","urlTemplate":"https:\/\/skaitytaknyga.lt\/?s={search_term_string}"},"query-input":{"@type":"PropertyValueSpecification","valueRequired":true,"valueName":"search_term_string"}}],"inLanguage":"en-GB"},{"@type":"Organization","@id":"https:\/\/skaitytaknyga.lt\/#organization","name":"skaitytaknyga.lt","url":"https:\/\/skaitytaknyga.lt\/","logo":{"@type":"ImageObject","inLanguage":"en-GB","@id":"https:\/\/skaitytaknyga.lt\/#\/schema\/logo\/image\/","url":"https:\/\/skaitytaknyga.lt\/wp-content\/uploads\/2024\/05\/cropped-cropped-cropped-02_00843_jt3bggkj1j3HLc7SyY6rEUpg.jpeg","contentUrl":"https:\/\/skaitytaknyga.lt\/wp-content\/uploads\/2024\/05\/cropped-cropped-cropped-02_00843_jt3bggkj1j3HLc7SyY6rEUpg.jpeg","width":1600,"height":1600,"caption":"skaitytaknyga.lt"},"image":{"@id":"https:\/\/skaitytaknyga.lt\/#\/schema\/logo\/image\/"},"sameAs":["https:\/\/www.facebook.com\/skaitytaknyga\/"]}]}},"_links":{"self":[{"href":"https:\/\/skaitytaknyga.lt\/en\/wp-json\/wp\/v2\/product\/19680","targetHints":{"allow":["GET"]}}],"collection":[{"href":"https:\/\/skaitytaknyga.lt\/en\/wp-json\/wp\/v2\/product"}],"about":[{"href":"https:\/\/skaitytaknyga.lt\/en\/wp-json\/wp\/v2\/types\/product"}],"replies":[{"embeddable":true,"href":"https:\/\/skaitytaknyga.lt\/en\/wp-json\/wp\/v2\/comments?post=19680"}],"wp:featuredmedia":[{"embeddable":true,"href":"https:\/\/skaitytaknyga.lt\/en\/wp-json\/wp\/v2\/media\/19685"}],"wp:attachment":[{"href":"https:\/\/skaitytaknyga.lt\/en\/wp-json\/wp\/v2\/media?parent=19680"}],"wp:term":[{"taxonomy":"product_brand","embeddable":true,"href":"https:\/\/skaitytaknyga.lt\/en\/wp-json\/wp\/v2\/product_brand?post=19680"},{"taxonomy":"product_cat","embeddable":true,"href":"https:\/\/skaitytaknyga.lt\/en\/wp-json\/wp\/v2\/product_cat?post=19680"},{"taxonomy":"product_tag","embeddable":true,"href":"https:\/\/skaitytaknyga.lt\/en\/wp-json\/wp\/v2\/product_tag?post=19680"}],"curies":[{"name":"wp","href":"https:\/\/api.w.org\/{rel}","templated":true}]}}