{"id":19679,"date":"2025-07-22T10:42:59","date_gmt":"2025-07-22T07:42:59","guid":{"rendered":"https:\/\/skaitytaknyga.lt\/?post_type=product&#038;p=19679"},"modified":"2025-07-23T09:44:20","modified_gmt":"2025-07-23T06:44:20","slug":"niekados-neleisk-man-iseiti","status":"publish","type":"product","link":"https:\/\/skaitytaknyga.lt\/en\/produktas\/niekados-neleisk-man-iseiti\/","title":{"rendered":"Niekados neleisk man i\u0161eiti"},"content":{"rendered":"<p>\u201eVisada tik\u0117jau esantis valtis be buri\u0173, be inkar\u0173. Guod\u017eiau save tik v\u0117ju, nes jis tur\u0117jo plukdyti \u012fsivaizduojamos laisv\u0117s link. Nor\u0117\u010diau sakyti, kad tada j\u0105 uod\u017eiau, gal\u0117jau paliesti ar net sutalpinti \u012f \u017emogaus jusles, bet tada tik paneig\u010diau laisv\u0117s s\u0105vok\u0105. Turb\u016bt, pirm\u0105 kart\u0105 ka\u017ek\u0105 pamilus, atsistoji prie\u0161 \u017emog\u0173 tarsi b\u016btum ma\u017eas vaikas. Tu suglaudi delnus, lyg lauktum, kol \u012f juos pripils kalnus saldaini\u0173. Bet ne saldaini\u0173 lauki, o kan\u010dios. Lauki pateisinimo savo paties nemeilei.<\/p>\n<p>Atsimenu, kai mama s\u0117d\u0117jo prieblandoje ties tamsiai raudonomis u\u017euolaidomis ir verk\u0117. Pirm\u0105 kart\u0105 jos gele\u017ein\u0117 kantryb\u0117 ir valia buvo paminta mano akivaizdoje. Atrod\u0117, kad tik skausme gali pa\u017einti save. Prad\u0117jau trok\u0161ti li\u016bdesio, man \u017e\u016btb\u016bt reik\u0117jo su\u017einoti, kas i\u0161 ties\u0173 esu. Tai istorija apie naivum\u0105, vaiki\u0161k\u0105 meil\u0119, klajones, gamt\u0105, sav\u0119s atradim\u0105, vienatv\u0119. Dvasin\u0119 \u017e\u016bt\u012f ir karkvabalius. Karkvabalius, tuos ma\u017eus skenduolius, savi\u017eud\u017eius vaikus. Apie taip ir nesp\u0117jusias \u012f degan\u010dius namus sugr\u012f\u017eti boru\u017ees. Apie berniukus ir mergaites, kuri\u0173 spenelius puo\u0161\u0117 ramun\u0117l\u0117s, kurie verk\u0117 \u017evaig\u017ed\u0117mis vienui vieni savame danguje.&#8221;<\/p>\n<p>Edvinas Krocas<\/p>\n","protected":false},"excerpt":{"rendered":"<p>\u201eVisada tik\u0117jau esantis valtis be buri\u0173, be inkar\u0173. Guod\u017eiau save tik v\u0117ju, nes jis tur\u0117jo plukdyti \u012fsivaizduojamos laisv\u0117s link. Nor\u0117\u010diau sakyti, kad tada j\u0105 uod\u017eiau, gal\u0117jau paliesti ar net sutalpinti \u012f \u017emogaus jusles, bet tada tik paneig\u010diau laisv\u0117s s\u0105vok\u0105. Turb\u016bt, pirm\u0105 kart\u0105 ka\u017ek\u0105 pamilus, atsistoji prie\u0161 \u017emog\u0173 tarsi b\u016btum ma\u017eas vaikas. Tu suglaudi delnus, lyg lauktum, kol \u012f juos pripils kalnus saldaini\u0173. Bet ne saldaini\u0173 lauki, o kan\u010dios. Lauki pateisinimo savo paties nemeilei. Atsimenu, kai mama s\u0117d\u0117jo prieblandoje ties tamsiai raudonomis u\u017euolaidomis ir verk\u0117. Pirm\u0105 kart\u0105 jos gele\u017ein\u0117 kantryb\u0117 ir valia buvo paminta mano akivaizdoje. Atrod\u0117, kad tik skausme gali pa\u017einti save. Prad\u0117jau trok\u0161ti li\u016bdesio, man \u017e\u016btb\u016bt reik\u0117jo su\u017einoti, kas i\u0161 ties\u0173 esu. Tai istorija apie naivum\u0105, vaiki\u0161k\u0105 meil\u0119, klajones, gamt\u0105, sav\u0119s atradim\u0105, vienatv\u0119. Dvasin\u0119 \u017e\u016bt\u012f ir karkvabalius. Karkvabalius, tuos ma\u017eus skenduolius, savi\u017eud\u017eius vaikus. Apie taip ir nesp\u0117jusias \u012f degan\u010dius namus sugr\u012f\u017eti boru\u017ees. Apie berniukus ir mergaites, kuri\u0173 spenelius puo\u0161\u0117 ramun\u0117l\u0117s, kurie verk\u0117 \u017evaig\u017ed\u0117mis vienui vieni savame danguje.&#8221; Edvinas Krocas<\/p>\n","protected":false},"featured_media":19684,"comment_status":"open","ping_status":"closed","template":"","meta":{"_acf_changed":false,"site-sidebar-layout":"default","site-content-layout":"","ast-site-content-layout":"default","site-content-style":"default","site-sidebar-style":"default","ast-global-header-display":"","ast-banner-title-visibility":"","ast-main-header-display":"","ast-hfb-above-header-display":"","ast-hfb-below-header-display":"","ast-hfb-mobile-header-display":"","site-post-title":"","ast-breadcrumbs-content":"","ast-featured-img":"","footer-sml-layout":"","ast-disable-related-posts":"","theme-transparent-header-meta":"","adv-header-id-meta":"","stick-header-meta":"","header-above-stick-meta":"","header-main-stick-meta":"","header-below-stick-meta":"","astra-migrate-meta-layouts":"default","ast-page-background-enabled":"default","ast-page-background-meta":{"desktop":{"background-color":"","background-image":"","background-repeat":"repeat","background-position":"center center","background-size":"auto","background-attachment":"scroll","background-type":"","background-media":"","overlay-type":"","overlay-color":"","overlay-opacity":"","overlay-gradient":""},"tablet":{"background-color":"","background-image":"","background-repeat":"repeat","background-position":"center center","background-size":"auto","background-attachment":"scroll","background-type":"","background-media":"","overlay-type":"","overlay-color":"","overlay-opacity":"","overlay-gradient":""},"mobile":{"background-color":"","background-image":"","background-repeat":"repeat","background-position":"center center","background-size":"auto","background-attachment":"scroll","background-type":"","background-media":"","overlay-type":"","overlay-color":"","overlay-opacity":"","overlay-gradient":""}},"ast-content-background-meta":{"desktop":{"background-color":"var(--ast-global-color-4)","background-image":"","background-repeat":"repeat","background-position":"center center","background-size":"auto","background-attachment":"scroll","background-type":"","background-media":"","overlay-type":"","overlay-color":"","overlay-opacity":"","overlay-gradient":""},"tablet":{"background-color":"var(--ast-global-color-4)","background-image":"","background-repeat":"repeat","background-position":"center center","background-size":"auto","background-attachment":"scroll","background-type":"","background-media":"","overlay-type":"","overlay-color":"","overlay-opacity":"","overlay-gradient":""},"mobile":{"background-color":"var(--ast-global-color-4)","background-image":"","background-repeat":"repeat","background-position":"center center","background-size":"auto","background-attachment":"scroll","background-type":"","background-media":"","overlay-type":"","overlay-color":"","overlay-opacity":"","overlay-gradient":""}}},"product_brand":[],"product_cat":[31],"product_tag":[6558,1802,6557,1763,1796,6559,3123,1652,6560,3131,3241],"class_list":{"0":"post-19679","1":"product","2":"type-product","3":"status-publish","4":"has-post-thumbnail","6":"product_cat-grozine-literatura","7":"product_tag-dvasine-zutis","8":"product_tag-gamta","9":"product_tag-kancia","10":"product_tag-liudesys","11":"product_tag-meile","12":"product_tag-naivumas","13":"product_tag-saves-atradimas","14":"product_tag-savizudybe","15":"product_tag-vaiku-skausmas","16":"product_tag-vaikyste","17":"product_tag-vienatve","18":"desktop-align-left","19":"tablet-align-left","20":"mobile-align-left","22":"first","23":"instock","24":"shipping-taxable","25":"purchasable","26":"product-type-simple"},"acf":[],"yoast_head":"<!-- This site is optimized with the Yoast SEO plugin v27.0 - https:\/\/yoast.com\/product\/yoast-seo-wordpress\/ -->\n<title>Niekados neleisk man i\u0161eiti<\/title>\n<meta name=\"description\" content=\"\u201eVisada tik\u0117jau esantis valtis be buri\u0173, be inkar\u0173. Guod\u017eiau save tik v\u0117ju, nes jis tur\u0117jo plukdyti \u012fsivaizduojamos laisv\u0117s link. Nor\u0117\u010diau sakyti, kad\" \/>\n<meta name=\"robots\" content=\"index, follow, max-snippet:-1, max-image-preview:large, max-video-preview:-1\" \/>\n<link rel=\"canonical\" href=\"https:\/\/skaitytaknyga.lt\/en\/produktas\/niekados-neleisk-man-iseiti\/\" \/>\n<meta property=\"og:locale\" content=\"en_GB\" \/>\n<meta property=\"og:locale:alternate\" content=\"lt_LT\" \/>\n<meta property=\"og:type\" content=\"article\" \/>\n<meta property=\"og:title\" content=\"Niekados neleisk man i\u0161eiti\" \/>\n<meta property=\"og:description\" content=\"\u201eVisada tik\u0117jau esantis valtis be buri\u0173, be inkar\u0173. Guod\u017eiau save tik v\u0117ju, nes jis tur\u0117jo plukdyti \u012fsivaizduojamos laisv\u0117s link. Nor\u0117\u010diau sakyti, kad\" \/>\n<meta property=\"og:url\" content=\"https:\/\/skaitytaknyga.lt\/en\/produktas\/niekados-neleisk-man-iseiti\/\" \/>\n<meta property=\"og:site_name\" content=\"Skaitytaknyga\" \/>\n<meta property=\"article:publisher\" content=\"https:\/\/www.facebook.com\/skaitytaknyga\/\" \/>\n<meta property=\"article:modified_time\" content=\"2025-07-23T06:44:20+00:00\" \/>\n<meta property=\"og:image\" content=\"https:\/\/skaitytaknyga.lt\/wp-content\/uploads\/2025\/07\/Niekados-neleisk-man-iseiti.webp\" \/>\n\t<meta property=\"og:image:width\" content=\"315\" \/>\n\t<meta property=\"og:image:height\" content=\"452\" \/>\n\t<meta property=\"og:image:type\" content=\"image\/webp\" \/>\n<meta name=\"twitter:card\" content=\"summary_large_image\" \/>\n<meta name=\"twitter:label1\" content=\"Estimated reading time\" \/>\n\t<meta name=\"twitter:data1\" content=\"1 minute\" \/>\n<script type=\"application\/ld+json\" class=\"yoast-schema-graph\">{\"@context\":\"https:\/\/schema.org\",\"@graph\":[{\"@type\":\"WebPage\",\"@id\":\"https:\/\/skaitytaknyga.lt\/produktas\/niekados-neleisk-man-iseiti\/\",\"url\":\"https:\/\/skaitytaknyga.lt\/produktas\/niekados-neleisk-man-iseiti\/\",\"name\":\"Niekados neleisk man i\u0161eiti\",\"isPartOf\":{\"@id\":\"https:\/\/skaitytaknyga.lt\/#website\"},\"primaryImageOfPage\":{\"@id\":\"https:\/\/skaitytaknyga.lt\/produktas\/niekados-neleisk-man-iseiti\/#primaryimage\"},\"image\":{\"@id\":\"https:\/\/skaitytaknyga.lt\/produktas\/niekados-neleisk-man-iseiti\/#primaryimage\"},\"thumbnailUrl\":\"https:\/\/skaitytaknyga.lt\/wp-content\/uploads\/2025\/07\/Niekados-neleisk-man-iseiti.webp\",\"datePublished\":\"2025-07-22T07:42:59+00:00\",\"dateModified\":\"2025-07-23T06:44:20+00:00\",\"description\":\"\u201eVisada tik\u0117jau esantis valtis be buri\u0173, be inkar\u0173. Guod\u017eiau save tik v\u0117ju, nes jis tur\u0117jo plukdyti \u012fsivaizduojamos laisv\u0117s link. Nor\u0117\u010diau sakyti, kad\",\"breadcrumb\":{\"@id\":\"https:\/\/skaitytaknyga.lt\/produktas\/niekados-neleisk-man-iseiti\/#breadcrumb\"},\"inLanguage\":\"en-GB\",\"potentialAction\":[{\"@type\":\"ReadAction\",\"target\":[\"https:\/\/skaitytaknyga.lt\/produktas\/niekados-neleisk-man-iseiti\/\"]}]},{\"@type\":\"ImageObject\",\"inLanguage\":\"en-GB\",\"@id\":\"https:\/\/skaitytaknyga.lt\/produktas\/niekados-neleisk-man-iseiti\/#primaryimage\",\"url\":\"https:\/\/skaitytaknyga.lt\/wp-content\/uploads\/2025\/07\/Niekados-neleisk-man-iseiti.webp\",\"contentUrl\":\"https:\/\/skaitytaknyga.lt\/wp-content\/uploads\/2025\/07\/Niekados-neleisk-man-iseiti.webp\",\"width\":315,\"height\":452},{\"@type\":\"BreadcrumbList\",\"@id\":\"https:\/\/skaitytaknyga.lt\/produktas\/niekados-neleisk-man-iseiti\/#breadcrumb\",\"itemListElement\":[{\"@type\":\"ListItem\",\"position\":1,\"name\":\"Home\",\"item\":\"https:\/\/skaitytaknyga.lt\/\"},{\"@type\":\"ListItem\",\"position\":2,\"name\":\"Parduotuv\u0117\",\"item\":\"https:\/\/skaitytaknyga.lt\/knygu-parduotuve\/\"},{\"@type\":\"ListItem\",\"position\":3,\"name\":\"Niekados neleisk man i\u0161eiti\"}]},{\"@type\":\"WebSite\",\"@id\":\"https:\/\/skaitytaknyga.lt\/#website\",\"url\":\"https:\/\/skaitytaknyga.lt\/\",\"name\":\"skaitytaknyga.lt\",\"description\":\"Skaitytaknyga.lt \u2013 tai ma\u017eas \u0161eimos verslas, kuris prasid\u0117jo nuo meil\u0117s knygoms ir siekio i\u0161gelb\u0117ti knygas nuo likimo prie konteinerio. Kas vienam nereikalingas daiktas \u2013 kitam lobis, o mes esame tarpininkai, kurie padeda abiems tapti laimingesniems ???? \u017dinome kaip nelengva i\u0161gyventi ma\u017eiems verslams, tad nuo \u0161iol, \u010dia rasite ir kit\u0173, ma\u017e\u0173 \u0161eim\u0173 versl\u0173, rank\u0173 darbo, dovan\u0173 sau ir artimiesiems.\",\"publisher\":{\"@id\":\"https:\/\/skaitytaknyga.lt\/#organization\"},\"potentialAction\":[{\"@type\":\"SearchAction\",\"target\":{\"@type\":\"EntryPoint\",\"urlTemplate\":\"https:\/\/skaitytaknyga.lt\/?s={search_term_string}\"},\"query-input\":{\"@type\":\"PropertyValueSpecification\",\"valueRequired\":true,\"valueName\":\"search_term_string\"}}],\"inLanguage\":\"en-GB\"},{\"@type\":\"Organization\",\"@id\":\"https:\/\/skaitytaknyga.lt\/#organization\",\"name\":\"skaitytaknyga.lt\",\"url\":\"https:\/\/skaitytaknyga.lt\/\",\"logo\":{\"@type\":\"ImageObject\",\"inLanguage\":\"en-GB\",\"@id\":\"https:\/\/skaitytaknyga.lt\/#\/schema\/logo\/image\/\",\"url\":\"https:\/\/skaitytaknyga.lt\/wp-content\/uploads\/2024\/05\/cropped-cropped-cropped-02_00843_jt3bggkj1j3HLc7SyY6rEUpg.jpeg\",\"contentUrl\":\"https:\/\/skaitytaknyga.lt\/wp-content\/uploads\/2024\/05\/cropped-cropped-cropped-02_00843_jt3bggkj1j3HLc7SyY6rEUpg.jpeg\",\"width\":1600,\"height\":1600,\"caption\":\"skaitytaknyga.lt\"},\"image\":{\"@id\":\"https:\/\/skaitytaknyga.lt\/#\/schema\/logo\/image\/\"},\"sameAs\":[\"https:\/\/www.facebook.com\/skaitytaknyga\/\"]}]}<\/script>\n<!-- \/ Yoast SEO plugin. -->","yoast_head_json":{"title":"Niekados neleisk man i\u0161eiti","description":"\u201eVisada tik\u0117jau esantis valtis be buri\u0173, be inkar\u0173. Guod\u017eiau save tik v\u0117ju, nes jis tur\u0117jo plukdyti \u012fsivaizduojamos laisv\u0117s link. Nor\u0117\u010diau sakyti, kad","robots":{"index":"index","follow":"follow","max-snippet":"max-snippet:-1","max-image-preview":"max-image-preview:large","max-video-preview":"max-video-preview:-1"},"canonical":"https:\/\/skaitytaknyga.lt\/en\/produktas\/niekados-neleisk-man-iseiti\/","og_locale":"en_GB","og_type":"article","og_title":"[:lt]Niekados neleisk man i\u0161eiti[:] - Skaitytaknyga","og_description":"\u201eVisada tik\u0117jau esantis valtis be buri\u0173, be inkar\u0173. Guod\u017eiau save tik v\u0117ju, nes jis tur\u0117jo plukdyti \u012fsivaizduojamos laisv\u0117s link. Nor\u0117\u010diau sakyti, kad","og_url":"https:\/\/skaitytaknyga.lt\/en\/produktas\/niekados-neleisk-man-iseiti\/","og_site_name":"Skaitytaknyga","article_publisher":"https:\/\/www.facebook.com\/skaitytaknyga\/","article_modified_time":"2025-07-23T06:44:20+00:00","og_image":[{"width":315,"height":452,"url":"https:\/\/skaitytaknyga.lt\/wp-content\/uploads\/2025\/07\/Niekados-neleisk-man-iseiti.webp","type":"image\/webp"}],"twitter_card":"summary_large_image","twitter_misc":{"Estimated reading time":"1 minute"},"schema":{"@context":"https:\/\/schema.org","@graph":[{"@type":"WebPage","@id":"https:\/\/skaitytaknyga.lt\/produktas\/niekados-neleisk-man-iseiti\/","url":"https:\/\/skaitytaknyga.lt\/produktas\/niekados-neleisk-man-iseiti\/","name":"Niekados neleisk man i\u0161eiti","isPartOf":{"@id":"https:\/\/skaitytaknyga.lt\/#website"},"primaryImageOfPage":{"@id":"https:\/\/skaitytaknyga.lt\/produktas\/niekados-neleisk-man-iseiti\/#primaryimage"},"image":{"@id":"https:\/\/skaitytaknyga.lt\/produktas\/niekados-neleisk-man-iseiti\/#primaryimage"},"thumbnailUrl":"https:\/\/skaitytaknyga.lt\/wp-content\/uploads\/2025\/07\/Niekados-neleisk-man-iseiti.webp","datePublished":"2025-07-22T07:42:59+00:00","dateModified":"2025-07-23T06:44:20+00:00","description":"\u201eVisada tik\u0117jau esantis valtis be buri\u0173, be inkar\u0173. Guod\u017eiau save tik v\u0117ju, nes jis tur\u0117jo plukdyti \u012fsivaizduojamos laisv\u0117s link. Nor\u0117\u010diau sakyti, kad","breadcrumb":{"@id":"https:\/\/skaitytaknyga.lt\/produktas\/niekados-neleisk-man-iseiti\/#breadcrumb"},"inLanguage":"en-GB","potentialAction":[{"@type":"ReadAction","target":["https:\/\/skaitytaknyga.lt\/produktas\/niekados-neleisk-man-iseiti\/"]}]},{"@type":"ImageObject","inLanguage":"en-GB","@id":"https:\/\/skaitytaknyga.lt\/produktas\/niekados-neleisk-man-iseiti\/#primaryimage","url":"https:\/\/skaitytaknyga.lt\/wp-content\/uploads\/2025\/07\/Niekados-neleisk-man-iseiti.webp","contentUrl":"https:\/\/skaitytaknyga.lt\/wp-content\/uploads\/2025\/07\/Niekados-neleisk-man-iseiti.webp","width":315,"height":452},{"@type":"BreadcrumbList","@id":"https:\/\/skaitytaknyga.lt\/produktas\/niekados-neleisk-man-iseiti\/#breadcrumb","itemListElement":[{"@type":"ListItem","position":1,"name":"Home","item":"https:\/\/skaitytaknyga.lt\/"},{"@type":"ListItem","position":2,"name":"Parduotuv\u0117","item":"https:\/\/skaitytaknyga.lt\/knygu-parduotuve\/"},{"@type":"ListItem","position":3,"name":"Niekados neleisk man i\u0161eiti"}]},{"@type":"WebSite","@id":"https:\/\/skaitytaknyga.lt\/#website","url":"https:\/\/skaitytaknyga.lt\/","name":"skaitytaknyga.lt","description":"Skaitytaknyga.lt \u2013 tai ma\u017eas \u0161eimos verslas, kuris prasid\u0117jo nuo meil\u0117s knygoms ir siekio i\u0161gelb\u0117ti knygas nuo likimo prie konteinerio. Kas vienam nereikalingas daiktas \u2013 kitam lobis, o mes esame tarpininkai, kurie padeda abiems tapti laimingesniems ???? \u017dinome kaip nelengva i\u0161gyventi ma\u017eiems verslams, tad nuo \u0161iol, \u010dia rasite ir kit\u0173, ma\u017e\u0173 \u0161eim\u0173 versl\u0173, rank\u0173 darbo, dovan\u0173 sau ir artimiesiems.","publisher":{"@id":"https:\/\/skaitytaknyga.lt\/#organization"},"potentialAction":[{"@type":"SearchAction","target":{"@type":"EntryPoint","urlTemplate":"https:\/\/skaitytaknyga.lt\/?s={search_term_string}"},"query-input":{"@type":"PropertyValueSpecification","valueRequired":true,"valueName":"search_term_string"}}],"inLanguage":"en-GB"},{"@type":"Organization","@id":"https:\/\/skaitytaknyga.lt\/#organization","name":"skaitytaknyga.lt","url":"https:\/\/skaitytaknyga.lt\/","logo":{"@type":"ImageObject","inLanguage":"en-GB","@id":"https:\/\/skaitytaknyga.lt\/#\/schema\/logo\/image\/","url":"https:\/\/skaitytaknyga.lt\/wp-content\/uploads\/2024\/05\/cropped-cropped-cropped-02_00843_jt3bggkj1j3HLc7SyY6rEUpg.jpeg","contentUrl":"https:\/\/skaitytaknyga.lt\/wp-content\/uploads\/2024\/05\/cropped-cropped-cropped-02_00843_jt3bggkj1j3HLc7SyY6rEUpg.jpeg","width":1600,"height":1600,"caption":"skaitytaknyga.lt"},"image":{"@id":"https:\/\/skaitytaknyga.lt\/#\/schema\/logo\/image\/"},"sameAs":["https:\/\/www.facebook.com\/skaitytaknyga\/"]}]}},"_links":{"self":[{"href":"https:\/\/skaitytaknyga.lt\/en\/wp-json\/wp\/v2\/product\/19679","targetHints":{"allow":["GET"]}}],"collection":[{"href":"https:\/\/skaitytaknyga.lt\/en\/wp-json\/wp\/v2\/product"}],"about":[{"href":"https:\/\/skaitytaknyga.lt\/en\/wp-json\/wp\/v2\/types\/product"}],"replies":[{"embeddable":true,"href":"https:\/\/skaitytaknyga.lt\/en\/wp-json\/wp\/v2\/comments?post=19679"}],"wp:featuredmedia":[{"embeddable":true,"href":"https:\/\/skaitytaknyga.lt\/en\/wp-json\/wp\/v2\/media\/19684"}],"wp:attachment":[{"href":"https:\/\/skaitytaknyga.lt\/en\/wp-json\/wp\/v2\/media?parent=19679"}],"wp:term":[{"taxonomy":"product_brand","embeddable":true,"href":"https:\/\/skaitytaknyga.lt\/en\/wp-json\/wp\/v2\/product_brand?post=19679"},{"taxonomy":"product_cat","embeddable":true,"href":"https:\/\/skaitytaknyga.lt\/en\/wp-json\/wp\/v2\/product_cat?post=19679"},{"taxonomy":"product_tag","embeddable":true,"href":"https:\/\/skaitytaknyga.lt\/en\/wp-json\/wp\/v2\/product_tag?post=19679"}],"curies":[{"name":"wp","href":"https:\/\/api.w.org\/{rel}","templated":true}]}}