{"id":19669,"date":"2025-07-22T09:46:32","date_gmt":"2025-07-22T06:46:32","guid":{"rendered":"https:\/\/skaitytaknyga.lt\/?post_type=product&#038;p=19669"},"modified":"2026-02-26T09:58:02","modified_gmt":"2026-02-26T07:58:02","slug":"nepaprasta-anglu-kalba-english-is-not-easy","status":"publish","type":"product","link":"https:\/\/skaitytaknyga.lt\/en\/produktas\/nepaprasta-anglu-kalba-english-is-not-easy\/","title":{"rendered":"(Ne)paprasta angl\u0173 kalba. English is not easy"},"content":{"rendered":"<p>\u201e(Ne)paprasta angl\u0173 kalba. English is not easy\u201c \u2013 \u0161maik\u0161tus, subtiliai juokingas ir i\u0161radingas iliustruotas angl\u0173 kalbos vadovas, kuris \u012fprastus angl\u0173 kalbos vadov\u0117lius paliks dulk\u0117ti lentynose.<\/p>\n<p>Atsargiai! Skaitydami \u0161i\u0105 knyg\u0105, rizikuojate mirti i\u0161 juoko, pav\u0117luoti \u012f darb\u0105 arba net praleisti pasimatym\u0105, tod\u0117l prie\u0161 \u012fsigydami, gerai pagalvokite. \u0160tai paprastas testas pad\u0117siantis jums apsispr\u0119sti.<\/p>\n<p>1. M\u0117gstate juokingus paveiksl\u0117lius?<\/p>\n<p>2. Raudonuojate i\u0161gird\u0119 riziking\u0105 pok\u0161t\u0105 ir nepador\u0173 anekdot\u0105?<\/p>\n<p>3. M\u0117gstate b\u016bti d\u0117mesio centre?<\/p>\n<p>4. Norite puikiai mok\u0117ti angl\u0173 kalb\u0105?<\/p>\n<p>5. Jau\u010diate guilty pleasure (liet. slaptas malonumas), apie kur\u012f niekam neprisipa\u017eintum\u0117te?<\/p>\n<p>6. Norite nustebinti draug\u0105 dovana?<\/p>\n<p>7. Esate vyresni nei 18 met\u0173?<\/p>\n<p>Jei \u012f bent du klausimus atsak\u0117te teigiamai, jus \u0161i knyga maloniai nustebins!<\/p>\n","protected":false},"excerpt":{"rendered":"<p>\u201e(Ne)paprasta angl\u0173 kalba. English is not easy\u201c \u2013 \u0161maik\u0161tus, subtiliai juokingas ir i\u0161radingas iliustruotas angl\u0173 kalbos vadovas, kuris \u012fprastus angl\u0173 kalbos vadov\u0117lius paliks dulk\u0117ti lentynose. Atsargiai! Skaitydami \u0161i\u0105 knyg\u0105, rizikuojate mirti i\u0161 juoko, pav\u0117luoti \u012f darb\u0105 arba net praleisti pasimatym\u0105, tod\u0117l prie\u0161 \u012fsigydami, gerai pagalvokite. \u0160tai paprastas testas pad\u0117siantis jums apsispr\u0119sti. 1. M\u0117gstate juokingus paveiksl\u0117lius? 2. Raudonuojate i\u0161gird\u0119 riziking\u0105 pok\u0161t\u0105 ir nepador\u0173 anekdot\u0105? 3. M\u0117gstate b\u016bti d\u0117mesio centre? 4. Norite puikiai mok\u0117ti angl\u0173 kalb\u0105? 5. Jau\u010diate guilty pleasure (liet. slaptas malonumas), apie kur\u012f niekam neprisipa\u017eintum\u0117te? 6. Norite nustebinti draug\u0105 dovana? 7. Esate vyresni nei 18 met\u0173? Jei \u012f bent du klausimus atsak\u0117te teigiamai, jus \u0161i knyga maloniai nustebins!<\/p>\n","protected":false},"featured_media":19674,"comment_status":"open","ping_status":"closed","template":"","meta":{"_acf_changed":false,"site-sidebar-layout":"default","site-content-layout":"","ast-site-content-layout":"default","site-content-style":"default","site-sidebar-style":"default","ast-global-header-display":"","ast-banner-title-visibility":"","ast-main-header-display":"","ast-hfb-above-header-display":"","ast-hfb-below-header-display":"","ast-hfb-mobile-header-display":"","site-post-title":"","ast-breadcrumbs-content":"","ast-featured-img":"","footer-sml-layout":"","ast-disable-related-posts":"","theme-transparent-header-meta":"","adv-header-id-meta":"","stick-header-meta":"","header-above-stick-meta":"","header-main-stick-meta":"","header-below-stick-meta":"","astra-migrate-meta-layouts":"default","ast-page-background-enabled":"default","ast-page-background-meta":{"desktop":{"background-color":"","background-image":"","background-repeat":"repeat","background-position":"center center","background-size":"auto","background-attachment":"scroll","background-type":"","background-media":"","overlay-type":"","overlay-color":"","overlay-opacity":"","overlay-gradient":""},"tablet":{"background-color":"","background-image":"","background-repeat":"repeat","background-position":"center center","background-size":"auto","background-attachment":"scroll","background-type":"","background-media":"","overlay-type":"","overlay-color":"","overlay-opacity":"","overlay-gradient":""},"mobile":{"background-color":"","background-image":"","background-repeat":"repeat","background-position":"center center","background-size":"auto","background-attachment":"scroll","background-type":"","background-media":"","overlay-type":"","overlay-color":"","overlay-opacity":"","overlay-gradient":""}},"ast-content-background-meta":{"desktop":{"background-color":"var(--ast-global-color-4)","background-image":"","background-repeat":"repeat","background-position":"center center","background-size":"auto","background-attachment":"scroll","background-type":"","background-media":"","overlay-type":"","overlay-color":"","overlay-opacity":"","overlay-gradient":""},"tablet":{"background-color":"var(--ast-global-color-4)","background-image":"","background-repeat":"repeat","background-position":"center center","background-size":"auto","background-attachment":"scroll","background-type":"","background-media":"","overlay-type":"","overlay-color":"","overlay-opacity":"","overlay-gradient":""},"mobile":{"background-color":"var(--ast-global-color-4)","background-image":"","background-repeat":"repeat","background-position":"center center","background-size":"auto","background-attachment":"scroll","background-type":"","background-media":"","overlay-type":"","overlay-color":"","overlay-opacity":"","overlay-gradient":""}}},"product_brand":[],"product_cat":[34],"product_tag":[2846,1980,6353,1648,2066],"class_list":{"0":"post-19669","1":"product","2":"type-product","3":"status-publish","4":"has-post-thumbnail","6":"product_cat-knygos-anglu-kalba","7":"product_tag-anglu-kalba","8":"product_tag-humoras","9":"product_tag-luci-gutierrez","10":"product_tag-mokymasis","11":"product_tag-vadovelis","12":"desktop-align-left","13":"tablet-align-left","14":"mobile-align-left","16":"first","17":"instock","18":"shipping-taxable","19":"purchasable","20":"product-type-simple"},"acf":[],"yoast_head":"<!-- This site is optimized with the Yoast SEO plugin v27.0 - https:\/\/yoast.com\/product\/yoast-seo-wordpress\/ -->\n<title>(Ne)paprasta angl\u0173 kalba. English is not easy<\/title>\n<meta name=\"description\" content=\"\u201e(Ne)paprasta angl\u0173 kalba. English is not easy\u201c \u2013 \u0161maik\u0161tus, subtiliai juokingas ir i\u0161radingas iliustruotas angl\u0173 kalbos vadovas, kuris \u012fprastus angl\u0173\" \/>\n<meta name=\"robots\" content=\"index, follow, max-snippet:-1, max-image-preview:large, max-video-preview:-1\" \/>\n<link rel=\"canonical\" href=\"https:\/\/skaitytaknyga.lt\/en\/produktas\/nepaprasta-anglu-kalba-english-is-not-easy\/\" \/>\n<meta property=\"og:locale\" content=\"en_GB\" \/>\n<meta property=\"og:locale:alternate\" content=\"lt_LT\" \/>\n<meta property=\"og:type\" content=\"article\" \/>\n<meta property=\"og:title\" content=\"(Ne)paprasta angl\u0173 kalba. English is not easy\" \/>\n<meta property=\"og:description\" content=\"\u201e(Ne)paprasta angl\u0173 kalba. English is not easy\u201c \u2013 \u0161maik\u0161tus, subtiliai juokingas ir i\u0161radingas iliustruotas angl\u0173 kalbos vadovas, kuris \u012fprastus angl\u0173\" \/>\n<meta property=\"og:url\" content=\"https:\/\/skaitytaknyga.lt\/en\/produktas\/nepaprasta-anglu-kalba-english-is-not-easy\/\" \/>\n<meta property=\"og:site_name\" content=\"Skaitytaknyga\" \/>\n<meta property=\"article:publisher\" content=\"https:\/\/www.facebook.com\/skaitytaknyga\/\" \/>\n<meta property=\"article:modified_time\" content=\"2026-02-26T07:58:02+00:00\" \/>\n<meta property=\"og:image\" content=\"https:\/\/skaitytaknyga.lt\/wp-content\/uploads\/2025\/07\/Nepaprasta-anglu-kalba.-English-is-not-easy.webp\" \/>\n\t<meta property=\"og:image:width\" content=\"650\" \/>\n\t<meta property=\"og:image:height\" content=\"801\" \/>\n\t<meta property=\"og:image:type\" content=\"image\/webp\" \/>\n<meta name=\"twitter:card\" content=\"summary_large_image\" \/>\n<meta name=\"twitter:label1\" content=\"Estimated reading time\" \/>\n\t<meta name=\"twitter:data1\" content=\"1 minute\" \/>\n<script type=\"application\/ld+json\" class=\"yoast-schema-graph\">{\"@context\":\"https:\/\/schema.org\",\"@graph\":[{\"@type\":\"WebPage\",\"@id\":\"https:\/\/skaitytaknyga.lt\/produktas\/nepaprasta-anglu-kalba-english-is-not-easy\/\",\"url\":\"https:\/\/skaitytaknyga.lt\/produktas\/nepaprasta-anglu-kalba-english-is-not-easy\/\",\"name\":\"(Ne)paprasta angl\u0173 kalba. English is not easy\",\"isPartOf\":{\"@id\":\"https:\/\/skaitytaknyga.lt\/#website\"},\"primaryImageOfPage\":{\"@id\":\"https:\/\/skaitytaknyga.lt\/produktas\/nepaprasta-anglu-kalba-english-is-not-easy\/#primaryimage\"},\"image\":{\"@id\":\"https:\/\/skaitytaknyga.lt\/produktas\/nepaprasta-anglu-kalba-english-is-not-easy\/#primaryimage\"},\"thumbnailUrl\":\"https:\/\/skaitytaknyga.lt\/wp-content\/uploads\/2025\/07\/Nepaprasta-anglu-kalba.-English-is-not-easy.webp\",\"datePublished\":\"2025-07-22T06:46:32+00:00\",\"dateModified\":\"2026-02-26T07:58:02+00:00\",\"description\":\"\u201e(Ne)paprasta angl\u0173 kalba. English is not easy\u201c \u2013 \u0161maik\u0161tus, subtiliai juokingas ir i\u0161radingas iliustruotas angl\u0173 kalbos vadovas, kuris \u012fprastus angl\u0173\",\"breadcrumb\":{\"@id\":\"https:\/\/skaitytaknyga.lt\/produktas\/nepaprasta-anglu-kalba-english-is-not-easy\/#breadcrumb\"},\"inLanguage\":\"en-GB\",\"potentialAction\":[{\"@type\":\"ReadAction\",\"target\":[\"https:\/\/skaitytaknyga.lt\/produktas\/nepaprasta-anglu-kalba-english-is-not-easy\/\"]}]},{\"@type\":\"ImageObject\",\"inLanguage\":\"en-GB\",\"@id\":\"https:\/\/skaitytaknyga.lt\/produktas\/nepaprasta-anglu-kalba-english-is-not-easy\/#primaryimage\",\"url\":\"https:\/\/skaitytaknyga.lt\/wp-content\/uploads\/2025\/07\/Nepaprasta-anglu-kalba.-English-is-not-easy.webp\",\"contentUrl\":\"https:\/\/skaitytaknyga.lt\/wp-content\/uploads\/2025\/07\/Nepaprasta-anglu-kalba.-English-is-not-easy.webp\",\"width\":650,\"height\":801,\"caption\":\"(Ne)paprasta angl\u0173 kalba. English is not easy\"},{\"@type\":\"BreadcrumbList\",\"@id\":\"https:\/\/skaitytaknyga.lt\/produktas\/nepaprasta-anglu-kalba-english-is-not-easy\/#breadcrumb\",\"itemListElement\":[{\"@type\":\"ListItem\",\"position\":1,\"name\":\"Home\",\"item\":\"https:\/\/skaitytaknyga.lt\/\"},{\"@type\":\"ListItem\",\"position\":2,\"name\":\"Parduotuv\u0117\",\"item\":\"https:\/\/skaitytaknyga.lt\/knygu-parduotuve\/\"},{\"@type\":\"ListItem\",\"position\":3,\"name\":\"(Ne)paprasta angl\u0173 kalba. English is not easy\"}]},{\"@type\":\"WebSite\",\"@id\":\"https:\/\/skaitytaknyga.lt\/#website\",\"url\":\"https:\/\/skaitytaknyga.lt\/\",\"name\":\"skaitytaknyga.lt\",\"description\":\"Skaitytaknyga.lt \u2013 tai ma\u017eas \u0161eimos verslas, kuris prasid\u0117jo nuo meil\u0117s knygoms ir siekio i\u0161gelb\u0117ti knygas nuo likimo prie konteinerio. Kas vienam nereikalingas daiktas \u2013 kitam lobis, o mes esame tarpininkai, kurie padeda abiems tapti laimingesniems ???? \u017dinome kaip nelengva i\u0161gyventi ma\u017eiems verslams, tad nuo \u0161iol, \u010dia rasite ir kit\u0173, ma\u017e\u0173 \u0161eim\u0173 versl\u0173, rank\u0173 darbo, dovan\u0173 sau ir artimiesiems.\",\"publisher\":{\"@id\":\"https:\/\/skaitytaknyga.lt\/#organization\"},\"potentialAction\":[{\"@type\":\"SearchAction\",\"target\":{\"@type\":\"EntryPoint\",\"urlTemplate\":\"https:\/\/skaitytaknyga.lt\/?s={search_term_string}\"},\"query-input\":{\"@type\":\"PropertyValueSpecification\",\"valueRequired\":true,\"valueName\":\"search_term_string\"}}],\"inLanguage\":\"en-GB\"},{\"@type\":\"Organization\",\"@id\":\"https:\/\/skaitytaknyga.lt\/#organization\",\"name\":\"skaitytaknyga.lt\",\"url\":\"https:\/\/skaitytaknyga.lt\/\",\"logo\":{\"@type\":\"ImageObject\",\"inLanguage\":\"en-GB\",\"@id\":\"https:\/\/skaitytaknyga.lt\/#\/schema\/logo\/image\/\",\"url\":\"https:\/\/skaitytaknyga.lt\/wp-content\/uploads\/2024\/05\/cropped-cropped-cropped-02_00843_jt3bggkj1j3HLc7SyY6rEUpg.jpeg\",\"contentUrl\":\"https:\/\/skaitytaknyga.lt\/wp-content\/uploads\/2024\/05\/cropped-cropped-cropped-02_00843_jt3bggkj1j3HLc7SyY6rEUpg.jpeg\",\"width\":1600,\"height\":1600,\"caption\":\"skaitytaknyga.lt\"},\"image\":{\"@id\":\"https:\/\/skaitytaknyga.lt\/#\/schema\/logo\/image\/\"},\"sameAs\":[\"https:\/\/www.facebook.com\/skaitytaknyga\/\"]}]}<\/script>\n<!-- \/ Yoast SEO plugin. -->","yoast_head_json":{"title":"(Ne)paprasta angl\u0173 kalba. English is not easy","description":"\u201e(Ne)paprasta angl\u0173 kalba. English is not easy\u201c \u2013 \u0161maik\u0161tus, subtiliai juokingas ir i\u0161radingas iliustruotas angl\u0173 kalbos vadovas, kuris \u012fprastus angl\u0173","robots":{"index":"index","follow":"follow","max-snippet":"max-snippet:-1","max-image-preview":"max-image-preview:large","max-video-preview":"max-video-preview:-1"},"canonical":"https:\/\/skaitytaknyga.lt\/en\/produktas\/nepaprasta-anglu-kalba-english-is-not-easy\/","og_locale":"en_GB","og_type":"article","og_title":"[:lt](Ne)paprasta angl\u0173 kalba. English is not easy[:] - Skaitytaknyga","og_description":"\u201e(Ne)paprasta angl\u0173 kalba. English is not easy\u201c \u2013 \u0161maik\u0161tus, subtiliai juokingas ir i\u0161radingas iliustruotas angl\u0173 kalbos vadovas, kuris \u012fprastus angl\u0173","og_url":"https:\/\/skaitytaknyga.lt\/en\/produktas\/nepaprasta-anglu-kalba-english-is-not-easy\/","og_site_name":"Skaitytaknyga","article_publisher":"https:\/\/www.facebook.com\/skaitytaknyga\/","article_modified_time":"2026-02-26T07:58:02+00:00","og_image":[{"width":650,"height":801,"url":"https:\/\/skaitytaknyga.lt\/wp-content\/uploads\/2025\/07\/Nepaprasta-anglu-kalba.-English-is-not-easy.webp","type":"image\/webp"}],"twitter_card":"summary_large_image","twitter_misc":{"Estimated reading time":"1 minute"},"schema":{"@context":"https:\/\/schema.org","@graph":[{"@type":"WebPage","@id":"https:\/\/skaitytaknyga.lt\/produktas\/nepaprasta-anglu-kalba-english-is-not-easy\/","url":"https:\/\/skaitytaknyga.lt\/produktas\/nepaprasta-anglu-kalba-english-is-not-easy\/","name":"(Ne)paprasta angl\u0173 kalba. English is not easy","isPartOf":{"@id":"https:\/\/skaitytaknyga.lt\/#website"},"primaryImageOfPage":{"@id":"https:\/\/skaitytaknyga.lt\/produktas\/nepaprasta-anglu-kalba-english-is-not-easy\/#primaryimage"},"image":{"@id":"https:\/\/skaitytaknyga.lt\/produktas\/nepaprasta-anglu-kalba-english-is-not-easy\/#primaryimage"},"thumbnailUrl":"https:\/\/skaitytaknyga.lt\/wp-content\/uploads\/2025\/07\/Nepaprasta-anglu-kalba.-English-is-not-easy.webp","datePublished":"2025-07-22T06:46:32+00:00","dateModified":"2026-02-26T07:58:02+00:00","description":"\u201e(Ne)paprasta angl\u0173 kalba. English is not easy\u201c \u2013 \u0161maik\u0161tus, subtiliai juokingas ir i\u0161radingas iliustruotas angl\u0173 kalbos vadovas, kuris \u012fprastus angl\u0173","breadcrumb":{"@id":"https:\/\/skaitytaknyga.lt\/produktas\/nepaprasta-anglu-kalba-english-is-not-easy\/#breadcrumb"},"inLanguage":"en-GB","potentialAction":[{"@type":"ReadAction","target":["https:\/\/skaitytaknyga.lt\/produktas\/nepaprasta-anglu-kalba-english-is-not-easy\/"]}]},{"@type":"ImageObject","inLanguage":"en-GB","@id":"https:\/\/skaitytaknyga.lt\/produktas\/nepaprasta-anglu-kalba-english-is-not-easy\/#primaryimage","url":"https:\/\/skaitytaknyga.lt\/wp-content\/uploads\/2025\/07\/Nepaprasta-anglu-kalba.-English-is-not-easy.webp","contentUrl":"https:\/\/skaitytaknyga.lt\/wp-content\/uploads\/2025\/07\/Nepaprasta-anglu-kalba.-English-is-not-easy.webp","width":650,"height":801,"caption":"(Ne)paprasta angl\u0173 kalba. English is not easy"},{"@type":"BreadcrumbList","@id":"https:\/\/skaitytaknyga.lt\/produktas\/nepaprasta-anglu-kalba-english-is-not-easy\/#breadcrumb","itemListElement":[{"@type":"ListItem","position":1,"name":"Home","item":"https:\/\/skaitytaknyga.lt\/"},{"@type":"ListItem","position":2,"name":"Parduotuv\u0117","item":"https:\/\/skaitytaknyga.lt\/knygu-parduotuve\/"},{"@type":"ListItem","position":3,"name":"(Ne)paprasta angl\u0173 kalba. English is not easy"}]},{"@type":"WebSite","@id":"https:\/\/skaitytaknyga.lt\/#website","url":"https:\/\/skaitytaknyga.lt\/","name":"skaitytaknyga.lt","description":"Skaitytaknyga.lt \u2013 tai ma\u017eas \u0161eimos verslas, kuris prasid\u0117jo nuo meil\u0117s knygoms ir siekio i\u0161gelb\u0117ti knygas nuo likimo prie konteinerio. Kas vienam nereikalingas daiktas \u2013 kitam lobis, o mes esame tarpininkai, kurie padeda abiems tapti laimingesniems ???? \u017dinome kaip nelengva i\u0161gyventi ma\u017eiems verslams, tad nuo \u0161iol, \u010dia rasite ir kit\u0173, ma\u017e\u0173 \u0161eim\u0173 versl\u0173, rank\u0173 darbo, dovan\u0173 sau ir artimiesiems.","publisher":{"@id":"https:\/\/skaitytaknyga.lt\/#organization"},"potentialAction":[{"@type":"SearchAction","target":{"@type":"EntryPoint","urlTemplate":"https:\/\/skaitytaknyga.lt\/?s={search_term_string}"},"query-input":{"@type":"PropertyValueSpecification","valueRequired":true,"valueName":"search_term_string"}}],"inLanguage":"en-GB"},{"@type":"Organization","@id":"https:\/\/skaitytaknyga.lt\/#organization","name":"skaitytaknyga.lt","url":"https:\/\/skaitytaknyga.lt\/","logo":{"@type":"ImageObject","inLanguage":"en-GB","@id":"https:\/\/skaitytaknyga.lt\/#\/schema\/logo\/image\/","url":"https:\/\/skaitytaknyga.lt\/wp-content\/uploads\/2024\/05\/cropped-cropped-cropped-02_00843_jt3bggkj1j3HLc7SyY6rEUpg.jpeg","contentUrl":"https:\/\/skaitytaknyga.lt\/wp-content\/uploads\/2024\/05\/cropped-cropped-cropped-02_00843_jt3bggkj1j3HLc7SyY6rEUpg.jpeg","width":1600,"height":1600,"caption":"skaitytaknyga.lt"},"image":{"@id":"https:\/\/skaitytaknyga.lt\/#\/schema\/logo\/image\/"},"sameAs":["https:\/\/www.facebook.com\/skaitytaknyga\/"]}]}},"_links":{"self":[{"href":"https:\/\/skaitytaknyga.lt\/en\/wp-json\/wp\/v2\/product\/19669","targetHints":{"allow":["GET"]}}],"collection":[{"href":"https:\/\/skaitytaknyga.lt\/en\/wp-json\/wp\/v2\/product"}],"about":[{"href":"https:\/\/skaitytaknyga.lt\/en\/wp-json\/wp\/v2\/types\/product"}],"replies":[{"embeddable":true,"href":"https:\/\/skaitytaknyga.lt\/en\/wp-json\/wp\/v2\/comments?post=19669"}],"wp:featuredmedia":[{"embeddable":true,"href":"https:\/\/skaitytaknyga.lt\/en\/wp-json\/wp\/v2\/media\/19674"}],"wp:attachment":[{"href":"https:\/\/skaitytaknyga.lt\/en\/wp-json\/wp\/v2\/media?parent=19669"}],"wp:term":[{"taxonomy":"product_brand","embeddable":true,"href":"https:\/\/skaitytaknyga.lt\/en\/wp-json\/wp\/v2\/product_brand?post=19669"},{"taxonomy":"product_cat","embeddable":true,"href":"https:\/\/skaitytaknyga.lt\/en\/wp-json\/wp\/v2\/product_cat?post=19669"},{"taxonomy":"product_tag","embeddable":true,"href":"https:\/\/skaitytaknyga.lt\/en\/wp-json\/wp\/v2\/product_tag?post=19669"}],"curies":[{"name":"wp","href":"https:\/\/api.w.org\/{rel}","templated":true}]}}