{"id":19668,"date":"2025-07-22T09:46:32","date_gmt":"2025-07-22T06:46:32","guid":{"rendered":"https:\/\/skaitytaknyga.lt\/?post_type=product&#038;p=19668"},"modified":"2025-07-31T08:10:34","modified_gmt":"2025-07-31T05:10:34","slug":"paskutine-antuano-de-sent-egziuperi-paslaptis-kaip-iminta-lakuno-zuties-misle","status":"publish","type":"product","link":"https:\/\/skaitytaknyga.lt\/en\/produktas\/paskutine-antuano-de-sent-egziuperi-paslaptis-kaip-iminta-lakuno-zuties-misle\/","title":{"rendered":"Paskutin\u0117 Antuano de Sent-Egziuperi paslaptis. Kaip \u012fminta lak\u016bno \u017e\u016bties m\u012fsl\u0117"},"content":{"rendered":"<p>Bastja Borgo aerodromas, 1944 met\u0173 liepos 31 diena, 8 val. 45 min. Majoras Antuanas de Sent-Egziuperi l\u0117ktuvu \u201eLightning P-38\u201c pakilo \u017evalgyti piet\u0173 Pranc\u016bzijos. I\u0161 u\u017eduoties jis negr\u012f\u017eo. Beveik \u0161e\u0161iasde\u0161imt met\u0173 berg\u017ed\u017eiai ie\u0161kota orlaivio liekan\u0173.<\/p>\n<p>1998 metais vienas \u017evejys i\u0161 Marselio tinkluose rado dingusio piloto apyrank\u0119. Kiek v\u0117liau naras ir archeologas Lukas Vanrelis nustat\u0117, kad netoli Marselio, \u012flank\u0117li\u0173 rajone, guli ra\u0161ytojo l\u0117ktuvo nuolau\u017eos.<\/p>\n<p>Taip prasid\u0117jo \u0161i ne\u012ftik\u0117tina istorija. Saujel\u0117 entuziast\u0173 i\u0161 Pranc\u016bzijos ir kit\u0173 \u0161ali\u0173 band\u0117 su\u017einoti, kod\u0117l garsiojo aviatoriaus l\u0117ktuvas atsid\u016br\u0117 ten, kur niekas n\u0117 negalvojo ie\u0161koti. Knyga pasakoja apie j\u0173 nuotykius vingiuotame ie\u0161kojim\u0173 kelyje, sunkumus ir netik\u0117tus atradimus. I\u0161vada vienintel\u0117 ir negin\u010dijama: l\u0117ktuvas nepatyr\u0117 avarijos, pilotas nenusi\u017eud\u0117. Jis skrido susitikti su Istorija ir \u017euvo u\u017e Pranc\u016bzij\u0105 paskutiniame savo m\u016b\u0161yje!<\/p>\n<p>Bet kas j\u012f numu\u0161\u0117?<\/p>\n<p>\u201eVisada m\u0117gau paslaptis, ypa\u010d neatskleistas. \u0160is tiesiog detektyvinis pasakojimas apie tai, kaip \u017eingsnis po \u017eingsnio entuziastai art\u0117jo prie tiesos, mane nepaprastai su\u017eav\u0117jo\u201c.<\/p>\n","protected":false},"excerpt":{"rendered":"<p>Bastja Borgo aerodromas, 1944 met\u0173 liepos 31 diena, 8 val. 45 min. Majoras Antuanas de Sent-Egziuperi l\u0117ktuvu \u201eLightning P-38\u201c pakilo \u017evalgyti piet\u0173 Pranc\u016bzijos. I\u0161 u\u017eduoties jis negr\u012f\u017eo. Beveik \u0161e\u0161iasde\u0161imt met\u0173 berg\u017ed\u017eiai ie\u0161kota orlaivio liekan\u0173. 1998 metais vienas \u017evejys i\u0161 Marselio tinkluose rado dingusio piloto apyrank\u0119. Kiek v\u0117liau naras ir archeologas Lukas Vanrelis nustat\u0117, kad netoli Marselio, \u012flank\u0117li\u0173 rajone, guli ra\u0161ytojo l\u0117ktuvo nuolau\u017eos. Taip prasid\u0117jo \u0161i ne\u012ftik\u0117tina istorija. Saujel\u0117 entuziast\u0173 i\u0161 Pranc\u016bzijos ir kit\u0173 \u0161ali\u0173 band\u0117 su\u017einoti, kod\u0117l garsiojo aviatoriaus l\u0117ktuvas atsid\u016br\u0117 ten, kur niekas n\u0117 negalvojo ie\u0161koti. Knyga pasakoja apie j\u0173 nuotykius vingiuotame ie\u0161kojim\u0173 kelyje, sunkumus ir netik\u0117tus atradimus. I\u0161vada vienintel\u0117 ir negin\u010dijama: l\u0117ktuvas nepatyr\u0117 avarijos, pilotas nenusi\u017eud\u0117. Jis skrido susitikti su Istorija ir \u017euvo u\u017e Pranc\u016bzij\u0105 paskutiniame savo m\u016b\u0161yje! Bet kas j\u012f numu\u0161\u0117? \u201eVisada m\u0117gau paslaptis, ypa\u010d neatskleistas. \u0160is tiesiog detektyvinis pasakojimas apie tai, kaip \u017eingsnis po \u017eingsnio entuziastai art\u0117jo prie tiesos, mane nepaprastai su\u017eav\u0117jo\u201c.<\/p>\n","protected":false},"featured_media":19673,"comment_status":"open","ping_status":"closed","template":"","meta":{"_acf_changed":false,"site-sidebar-layout":"default","site-content-layout":"","ast-site-content-layout":"default","site-content-style":"default","site-sidebar-style":"default","ast-global-header-display":"","ast-banner-title-visibility":"","ast-main-header-display":"","ast-hfb-above-header-display":"","ast-hfb-below-header-display":"","ast-hfb-mobile-header-display":"","site-post-title":"","ast-breadcrumbs-content":"","ast-featured-img":"","footer-sml-layout":"","ast-disable-related-posts":"","theme-transparent-header-meta":"","adv-header-id-meta":"","stick-header-meta":"","header-above-stick-meta":"","header-main-stick-meta":"","header-below-stick-meta":"","astra-migrate-meta-layouts":"default","ast-page-background-enabled":"default","ast-page-background-meta":{"desktop":{"background-color":"","background-image":"","background-repeat":"repeat","background-position":"center center","background-size":"auto","background-attachment":"scroll","background-type":"","background-media":"","overlay-type":"","overlay-color":"","overlay-opacity":"","overlay-gradient":""},"tablet":{"background-color":"","background-image":"","background-repeat":"repeat","background-position":"center center","background-size":"auto","background-attachment":"scroll","background-type":"","background-media":"","overlay-type":"","overlay-color":"","overlay-opacity":"","overlay-gradient":""},"mobile":{"background-color":"","background-image":"","background-repeat":"repeat","background-position":"center center","background-size":"auto","background-attachment":"scroll","background-type":"","background-media":"","overlay-type":"","overlay-color":"","overlay-opacity":"","overlay-gradient":""}},"ast-content-background-meta":{"desktop":{"background-color":"var(--ast-global-color-4)","background-image":"","background-repeat":"repeat","background-position":"center center","background-size":"auto","background-attachment":"scroll","background-type":"","background-media":"","overlay-type":"","overlay-color":"","overlay-opacity":"","overlay-gradient":""},"tablet":{"background-color":"var(--ast-global-color-4)","background-image":"","background-repeat":"repeat","background-position":"center center","background-size":"auto","background-attachment":"scroll","background-type":"","background-media":"","overlay-type":"","overlay-color":"","overlay-opacity":"","overlay-gradient":""},"mobile":{"background-color":"var(--ast-global-color-4)","background-image":"","background-repeat":"repeat","background-position":"center center","background-size":"auto","background-attachment":"scroll","background-type":"","background-media":"","overlay-type":"","overlay-color":"","overlay-opacity":"","overlay-gradient":""}}},"product_brand":[],"product_cat":[174],"product_tag":[6349,6350,2224,6351,6352,2720],"class_list":{"0":"post-19668","1":"product","2":"type-product","3":"status-publish","4":"has-post-thumbnail","6":"product_cat-istorija-ir-politologija","7":"product_tag-antuanas-de-sent-egziuperi","8":"product_tag-aviacija","9":"product_tag-istorija","10":"product_tag-jacques-pradel","11":"product_tag-luc-vanrell","12":"product_tag-paslaptis","13":"desktop-align-left","14":"tablet-align-left","15":"mobile-align-left","17":"first","18":"instock","19":"shipping-taxable","20":"purchasable","21":"product-type-simple"},"acf":[],"yoast_head":"<!-- This site is optimized with the Yoast SEO plugin v27.4 - https:\/\/yoast.com\/product\/yoast-seo-wordpress\/ -->\n<title>Paskutin\u0117 Antuano de Sent-Egziuperi paslaptis. Kaip \u012fminta lak\u016bno \u017e\u016bties m\u012fsl\u0117<\/title>\n<meta name=\"description\" content=\"Bastja Borgo aerodromas, 1944 met\u0173 liepos 31 diena, 8 val. 45 min. Majoras Antuanas de Sent-Egziuperi l\u0117ktuvu \u201eLightning P-38\u201c pakilo \u017evalgyti piet\u0173\" \/>\n<meta name=\"robots\" content=\"index, follow, max-snippet:-1, max-image-preview:large, max-video-preview:-1\" \/>\n<link rel=\"canonical\" href=\"https:\/\/skaitytaknyga.lt\/en\/produktas\/paskutine-antuano-de-sent-egziuperi-paslaptis-kaip-iminta-lakuno-zuties-misle\/\" \/>\n<meta property=\"og:locale\" content=\"en_GB\" \/>\n<meta property=\"og:locale:alternate\" content=\"lt_LT\" \/>\n<meta property=\"og:type\" content=\"article\" \/>\n<meta property=\"og:title\" content=\"Paskutin\u0117 Antuano de Sent-Egziuperi paslaptis. Kaip \u012fminta lak\u016bno \u017e\u016bties m\u012fsl\u0117\" \/>\n<meta property=\"og:description\" content=\"Bastja Borgo aerodromas, 1944 met\u0173 liepos 31 diena, 8 val. 45 min. Majoras Antuanas de Sent-Egziuperi l\u0117ktuvu \u201eLightning P-38\u201c pakilo \u017evalgyti piet\u0173\" \/>\n<meta property=\"og:url\" content=\"https:\/\/skaitytaknyga.lt\/en\/produktas\/paskutine-antuano-de-sent-egziuperi-paslaptis-kaip-iminta-lakuno-zuties-misle\/\" \/>\n<meta property=\"og:site_name\" content=\"Skaitytaknyga\" \/>\n<meta property=\"article:publisher\" content=\"https:\/\/www.facebook.com\/skaitytaknyga\/\" \/>\n<meta property=\"article:modified_time\" content=\"2025-07-31T05:10:34+00:00\" \/>\n<meta property=\"og:image\" content=\"https:\/\/skaitytaknyga.lt\/wp-content\/uploads\/2025\/07\/Paskutine-Antuano-de-Sent-Egziuperi-paslaptis.-Kaip-iminta-lakuno-zuties-misle.webp\" \/>\n\t<meta property=\"og:image:width\" content=\"553\" \/>\n\t<meta property=\"og:image:height\" content=\"800\" \/>\n\t<meta property=\"og:image:type\" content=\"image\/webp\" \/>\n<meta name=\"twitter:card\" content=\"summary_large_image\" \/>\n<meta name=\"twitter:label1\" content=\"Estimated reading time\" \/>\n\t<meta name=\"twitter:data1\" content=\"1 minute\" \/>\n<script type=\"application\/ld+json\" class=\"yoast-schema-graph\">{\"@context\":\"https:\\\/\\\/schema.org\",\"@graph\":[{\"@type\":\"WebPage\",\"@id\":\"https:\\\/\\\/skaitytaknyga.lt\\\/produktas\\\/paskutine-antuano-de-sent-egziuperi-paslaptis-kaip-iminta-lakuno-zuties-misle\\\/\",\"url\":\"https:\\\/\\\/skaitytaknyga.lt\\\/produktas\\\/paskutine-antuano-de-sent-egziuperi-paslaptis-kaip-iminta-lakuno-zuties-misle\\\/\",\"name\":\"Paskutin\u0117 Antuano de Sent-Egziuperi paslaptis. Kaip \u012fminta lak\u016bno \u017e\u016bties m\u012fsl\u0117\",\"isPartOf\":{\"@id\":\"https:\\\/\\\/skaitytaknyga.lt\\\/#website\"},\"primaryImageOfPage\":{\"@id\":\"https:\\\/\\\/skaitytaknyga.lt\\\/produktas\\\/paskutine-antuano-de-sent-egziuperi-paslaptis-kaip-iminta-lakuno-zuties-misle\\\/#primaryimage\"},\"image\":{\"@id\":\"https:\\\/\\\/skaitytaknyga.lt\\\/produktas\\\/paskutine-antuano-de-sent-egziuperi-paslaptis-kaip-iminta-lakuno-zuties-misle\\\/#primaryimage\"},\"thumbnailUrl\":\"https:\\\/\\\/skaitytaknyga.lt\\\/wp-content\\\/uploads\\\/2025\\\/07\\\/Paskutine-Antuano-de-Sent-Egziuperi-paslaptis.-Kaip-iminta-lakuno-zuties-misle.webp\",\"datePublished\":\"2025-07-22T06:46:32+00:00\",\"dateModified\":\"2025-07-31T05:10:34+00:00\",\"description\":\"Bastja Borgo aerodromas, 1944 met\u0173 liepos 31 diena, 8 val. 45 min. Majoras Antuanas de Sent-Egziuperi l\u0117ktuvu \u201eLightning P-38\u201c pakilo \u017evalgyti piet\u0173\",\"breadcrumb\":{\"@id\":\"https:\\\/\\\/skaitytaknyga.lt\\\/produktas\\\/paskutine-antuano-de-sent-egziuperi-paslaptis-kaip-iminta-lakuno-zuties-misle\\\/#breadcrumb\"},\"inLanguage\":\"en-GB\",\"potentialAction\":[{\"@type\":\"ReadAction\",\"target\":[\"https:\\\/\\\/skaitytaknyga.lt\\\/produktas\\\/paskutine-antuano-de-sent-egziuperi-paslaptis-kaip-iminta-lakuno-zuties-misle\\\/\"]}]},{\"@type\":\"ImageObject\",\"inLanguage\":\"en-GB\",\"@id\":\"https:\\\/\\\/skaitytaknyga.lt\\\/produktas\\\/paskutine-antuano-de-sent-egziuperi-paslaptis-kaip-iminta-lakuno-zuties-misle\\\/#primaryimage\",\"url\":\"https:\\\/\\\/skaitytaknyga.lt\\\/wp-content\\\/uploads\\\/2025\\\/07\\\/Paskutine-Antuano-de-Sent-Egziuperi-paslaptis.-Kaip-iminta-lakuno-zuties-misle.webp\",\"contentUrl\":\"https:\\\/\\\/skaitytaknyga.lt\\\/wp-content\\\/uploads\\\/2025\\\/07\\\/Paskutine-Antuano-de-Sent-Egziuperi-paslaptis.-Kaip-iminta-lakuno-zuties-misle.webp\",\"width\":553,\"height\":800,\"caption\":\"Paskutin\u0117 Antuano de Sent-Egziuperi paslaptis. Kaip \u012fminta lak\u016bno \u017e\u016bties m\u012fsl\u0117\"},{\"@type\":\"BreadcrumbList\",\"@id\":\"https:\\\/\\\/skaitytaknyga.lt\\\/produktas\\\/paskutine-antuano-de-sent-egziuperi-paslaptis-kaip-iminta-lakuno-zuties-misle\\\/#breadcrumb\",\"itemListElement\":[{\"@type\":\"ListItem\",\"position\":1,\"name\":\"Home\",\"item\":\"https:\\\/\\\/skaitytaknyga.lt\\\/\"},{\"@type\":\"ListItem\",\"position\":2,\"name\":\"Parduotuv\u0117\",\"item\":\"https:\\\/\\\/skaitytaknyga.lt\\\/knygu-parduotuve\\\/\"},{\"@type\":\"ListItem\",\"position\":3,\"name\":\"Paskutin\u0117 Antuano de Sent-Egziuperi paslaptis. Kaip \u012fminta lak\u016bno \u017e\u016bties m\u012fsl\u0117\"}]},{\"@type\":\"WebSite\",\"@id\":\"https:\\\/\\\/skaitytaknyga.lt\\\/#website\",\"url\":\"https:\\\/\\\/skaitytaknyga.lt\\\/\",\"name\":\"skaitytaknyga.lt\",\"description\":\"Skaitytaknyga.lt \u2013 tai ma\u017eas \u0161eimos verslas, kuris prasid\u0117jo nuo meil\u0117s knygoms ir siekio i\u0161gelb\u0117ti knygas nuo likimo prie konteinerio. Kas vienam nereikalingas daiktas \u2013 kitam lobis, o mes esame tarpininkai, kurie padeda abiems tapti laimingesniems ???? \u017dinome kaip nelengva i\u0161gyventi ma\u017eiems verslams, tad nuo \u0161iol, \u010dia rasite ir kit\u0173, ma\u017e\u0173 \u0161eim\u0173 versl\u0173, rank\u0173 darbo, dovan\u0173 sau ir artimiesiems.\",\"publisher\":{\"@id\":\"https:\\\/\\\/skaitytaknyga.lt\\\/#organization\"},\"potentialAction\":[{\"@type\":\"SearchAction\",\"target\":{\"@type\":\"EntryPoint\",\"urlTemplate\":\"https:\\\/\\\/skaitytaknyga.lt\\\/?s={search_term_string}\"},\"query-input\":{\"@type\":\"PropertyValueSpecification\",\"valueRequired\":true,\"valueName\":\"search_term_string\"}}],\"inLanguage\":\"en-GB\"},{\"@type\":\"Organization\",\"@id\":\"https:\\\/\\\/skaitytaknyga.lt\\\/#organization\",\"name\":\"skaitytaknyga.lt\",\"url\":\"https:\\\/\\\/skaitytaknyga.lt\\\/\",\"logo\":{\"@type\":\"ImageObject\",\"inLanguage\":\"en-GB\",\"@id\":\"https:\\\/\\\/skaitytaknyga.lt\\\/#\\\/schema\\\/logo\\\/image\\\/\",\"url\":\"https:\\\/\\\/skaitytaknyga.lt\\\/wp-content\\\/uploads\\\/2024\\\/05\\\/cropped-cropped-cropped-02_00843_jt3bggkj1j3HLc7SyY6rEUpg.jpeg\",\"contentUrl\":\"https:\\\/\\\/skaitytaknyga.lt\\\/wp-content\\\/uploads\\\/2024\\\/05\\\/cropped-cropped-cropped-02_00843_jt3bggkj1j3HLc7SyY6rEUpg.jpeg\",\"width\":1600,\"height\":1600,\"caption\":\"skaitytaknyga.lt\"},\"image\":{\"@id\":\"https:\\\/\\\/skaitytaknyga.lt\\\/#\\\/schema\\\/logo\\\/image\\\/\"},\"sameAs\":[\"https:\\\/\\\/www.facebook.com\\\/skaitytaknyga\\\/\"]}]}<\/script>\n<!-- \/ Yoast SEO plugin. -->","yoast_head_json":{"title":"Paskutin\u0117 Antuano de Sent-Egziuperi paslaptis. Kaip \u012fminta lak\u016bno \u017e\u016bties m\u012fsl\u0117","description":"Bastja Borgo aerodromas, 1944 met\u0173 liepos 31 diena, 8 val. 45 min. Majoras Antuanas de Sent-Egziuperi l\u0117ktuvu \u201eLightning P-38\u201c pakilo \u017evalgyti piet\u0173","robots":{"index":"index","follow":"follow","max-snippet":"max-snippet:-1","max-image-preview":"max-image-preview:large","max-video-preview":"max-video-preview:-1"},"canonical":"https:\/\/skaitytaknyga.lt\/en\/produktas\/paskutine-antuano-de-sent-egziuperi-paslaptis-kaip-iminta-lakuno-zuties-misle\/","og_locale":"en_GB","og_type":"article","og_title":"[:lt]Paskutin\u0117 Antuano de Sent-Egziuperi paslaptis. Kaip \u012fminta lak\u016bno \u017e\u016bties m\u012fsl\u0117[:] - Skaitytaknyga","og_description":"Bastja Borgo aerodromas, 1944 met\u0173 liepos 31 diena, 8 val. 45 min. Majoras Antuanas de Sent-Egziuperi l\u0117ktuvu \u201eLightning P-38\u201c pakilo \u017evalgyti piet\u0173","og_url":"https:\/\/skaitytaknyga.lt\/en\/produktas\/paskutine-antuano-de-sent-egziuperi-paslaptis-kaip-iminta-lakuno-zuties-misle\/","og_site_name":"Skaitytaknyga","article_publisher":"https:\/\/www.facebook.com\/skaitytaknyga\/","article_modified_time":"2025-07-31T05:10:34+00:00","og_image":[{"width":553,"height":800,"url":"https:\/\/skaitytaknyga.lt\/wp-content\/uploads\/2025\/07\/Paskutine-Antuano-de-Sent-Egziuperi-paslaptis.-Kaip-iminta-lakuno-zuties-misle.webp","type":"image\/webp"}],"twitter_card":"summary_large_image","twitter_misc":{"Estimated reading time":"1 minute"},"schema":{"@context":"https:\/\/schema.org","@graph":[{"@type":"WebPage","@id":"https:\/\/skaitytaknyga.lt\/produktas\/paskutine-antuano-de-sent-egziuperi-paslaptis-kaip-iminta-lakuno-zuties-misle\/","url":"https:\/\/skaitytaknyga.lt\/produktas\/paskutine-antuano-de-sent-egziuperi-paslaptis-kaip-iminta-lakuno-zuties-misle\/","name":"Paskutin\u0117 Antuano de Sent-Egziuperi paslaptis. Kaip \u012fminta lak\u016bno \u017e\u016bties m\u012fsl\u0117","isPartOf":{"@id":"https:\/\/skaitytaknyga.lt\/#website"},"primaryImageOfPage":{"@id":"https:\/\/skaitytaknyga.lt\/produktas\/paskutine-antuano-de-sent-egziuperi-paslaptis-kaip-iminta-lakuno-zuties-misle\/#primaryimage"},"image":{"@id":"https:\/\/skaitytaknyga.lt\/produktas\/paskutine-antuano-de-sent-egziuperi-paslaptis-kaip-iminta-lakuno-zuties-misle\/#primaryimage"},"thumbnailUrl":"https:\/\/skaitytaknyga.lt\/wp-content\/uploads\/2025\/07\/Paskutine-Antuano-de-Sent-Egziuperi-paslaptis.-Kaip-iminta-lakuno-zuties-misle.webp","datePublished":"2025-07-22T06:46:32+00:00","dateModified":"2025-07-31T05:10:34+00:00","description":"Bastja Borgo aerodromas, 1944 met\u0173 liepos 31 diena, 8 val. 45 min. Majoras Antuanas de Sent-Egziuperi l\u0117ktuvu \u201eLightning P-38\u201c pakilo \u017evalgyti piet\u0173","breadcrumb":{"@id":"https:\/\/skaitytaknyga.lt\/produktas\/paskutine-antuano-de-sent-egziuperi-paslaptis-kaip-iminta-lakuno-zuties-misle\/#breadcrumb"},"inLanguage":"en-GB","potentialAction":[{"@type":"ReadAction","target":["https:\/\/skaitytaknyga.lt\/produktas\/paskutine-antuano-de-sent-egziuperi-paslaptis-kaip-iminta-lakuno-zuties-misle\/"]}]},{"@type":"ImageObject","inLanguage":"en-GB","@id":"https:\/\/skaitytaknyga.lt\/produktas\/paskutine-antuano-de-sent-egziuperi-paslaptis-kaip-iminta-lakuno-zuties-misle\/#primaryimage","url":"https:\/\/skaitytaknyga.lt\/wp-content\/uploads\/2025\/07\/Paskutine-Antuano-de-Sent-Egziuperi-paslaptis.-Kaip-iminta-lakuno-zuties-misle.webp","contentUrl":"https:\/\/skaitytaknyga.lt\/wp-content\/uploads\/2025\/07\/Paskutine-Antuano-de-Sent-Egziuperi-paslaptis.-Kaip-iminta-lakuno-zuties-misle.webp","width":553,"height":800,"caption":"Paskutin\u0117 Antuano de Sent-Egziuperi paslaptis. Kaip \u012fminta lak\u016bno \u017e\u016bties m\u012fsl\u0117"},{"@type":"BreadcrumbList","@id":"https:\/\/skaitytaknyga.lt\/produktas\/paskutine-antuano-de-sent-egziuperi-paslaptis-kaip-iminta-lakuno-zuties-misle\/#breadcrumb","itemListElement":[{"@type":"ListItem","position":1,"name":"Home","item":"https:\/\/skaitytaknyga.lt\/"},{"@type":"ListItem","position":2,"name":"Parduotuv\u0117","item":"https:\/\/skaitytaknyga.lt\/knygu-parduotuve\/"},{"@type":"ListItem","position":3,"name":"Paskutin\u0117 Antuano de Sent-Egziuperi paslaptis. Kaip \u012fminta lak\u016bno \u017e\u016bties m\u012fsl\u0117"}]},{"@type":"WebSite","@id":"https:\/\/skaitytaknyga.lt\/#website","url":"https:\/\/skaitytaknyga.lt\/","name":"skaitytaknyga.lt","description":"Skaitytaknyga.lt \u2013 tai ma\u017eas \u0161eimos verslas, kuris prasid\u0117jo nuo meil\u0117s knygoms ir siekio i\u0161gelb\u0117ti knygas nuo likimo prie konteinerio. Kas vienam nereikalingas daiktas \u2013 kitam lobis, o mes esame tarpininkai, kurie padeda abiems tapti laimingesniems ???? \u017dinome kaip nelengva i\u0161gyventi ma\u017eiems verslams, tad nuo \u0161iol, \u010dia rasite ir kit\u0173, ma\u017e\u0173 \u0161eim\u0173 versl\u0173, rank\u0173 darbo, dovan\u0173 sau ir artimiesiems.","publisher":{"@id":"https:\/\/skaitytaknyga.lt\/#organization"},"potentialAction":[{"@type":"SearchAction","target":{"@type":"EntryPoint","urlTemplate":"https:\/\/skaitytaknyga.lt\/?s={search_term_string}"},"query-input":{"@type":"PropertyValueSpecification","valueRequired":true,"valueName":"search_term_string"}}],"inLanguage":"en-GB"},{"@type":"Organization","@id":"https:\/\/skaitytaknyga.lt\/#organization","name":"skaitytaknyga.lt","url":"https:\/\/skaitytaknyga.lt\/","logo":{"@type":"ImageObject","inLanguage":"en-GB","@id":"https:\/\/skaitytaknyga.lt\/#\/schema\/logo\/image\/","url":"https:\/\/skaitytaknyga.lt\/wp-content\/uploads\/2024\/05\/cropped-cropped-cropped-02_00843_jt3bggkj1j3HLc7SyY6rEUpg.jpeg","contentUrl":"https:\/\/skaitytaknyga.lt\/wp-content\/uploads\/2024\/05\/cropped-cropped-cropped-02_00843_jt3bggkj1j3HLc7SyY6rEUpg.jpeg","width":1600,"height":1600,"caption":"skaitytaknyga.lt"},"image":{"@id":"https:\/\/skaitytaknyga.lt\/#\/schema\/logo\/image\/"},"sameAs":["https:\/\/www.facebook.com\/skaitytaknyga\/"]}]}},"_links":{"self":[{"href":"https:\/\/skaitytaknyga.lt\/en\/wp-json\/wp\/v2\/product\/19668","targetHints":{"allow":["GET"]}}],"collection":[{"href":"https:\/\/skaitytaknyga.lt\/en\/wp-json\/wp\/v2\/product"}],"about":[{"href":"https:\/\/skaitytaknyga.lt\/en\/wp-json\/wp\/v2\/types\/product"}],"replies":[{"embeddable":true,"href":"https:\/\/skaitytaknyga.lt\/en\/wp-json\/wp\/v2\/comments?post=19668"}],"wp:featuredmedia":[{"embeddable":true,"href":"https:\/\/skaitytaknyga.lt\/en\/wp-json\/wp\/v2\/media\/19673"}],"wp:attachment":[{"href":"https:\/\/skaitytaknyga.lt\/en\/wp-json\/wp\/v2\/media?parent=19668"}],"wp:term":[{"taxonomy":"product_brand","embeddable":true,"href":"https:\/\/skaitytaknyga.lt\/en\/wp-json\/wp\/v2\/product_brand?post=19668"},{"taxonomy":"product_cat","embeddable":true,"href":"https:\/\/skaitytaknyga.lt\/en\/wp-json\/wp\/v2\/product_cat?post=19668"},{"taxonomy":"product_tag","embeddable":true,"href":"https:\/\/skaitytaknyga.lt\/en\/wp-json\/wp\/v2\/product_tag?post=19668"}],"curies":[{"name":"wp","href":"https:\/\/api.w.org\/{rel}","templated":true}]}}