{"id":19660,"date":"2025-07-22T08:59:30","date_gmt":"2025-07-22T05:59:30","guid":{"rendered":"https:\/\/skaitytaknyga.lt\/?post_type=product&#038;p=19660"},"modified":"2025-08-06T23:36:05","modified_gmt":"2025-08-06T20:36:05","slug":"dr-siuslerio-druskos","status":"publish","type":"product","link":"https:\/\/skaitytaknyga.lt\/en\/produktas\/dr-siuslerio-druskos\/","title":{"rendered":"Dr. \u0160iuslerio druskos"},"content":{"rendered":"<p>Dr. \u0160iuslerio drusk\u0173 terapija \u2013 naujiena Lietuvoje.  Europoje jos labai populiarios,  dar vadinamos sveikatos eliksyru.<\/p>\n<p>Dr. V.H. \u0160iusleris (1821-1898), remdamasis savo 15 met\u0173 homeopato praktika ir \u012fkv\u0117ptas XIX a. pabaigos atradim\u0173 medicinos srityje, atrado nauj\u0105,  paprast\u0105 gydymo metod\u0105. Jis i\u0161tyr\u0117, kokios mineralin\u0117s druskos dominuoja m\u016bs\u0173 audiniuose, kokias funkcijas jos atlieka, kas vyksta sutrikus \u0161i\u0173 drusk\u0173 pusiausvyrai. Daktaras atrinko 12 pa\u010di\u0173 svarbiausi\u0173 mineralini\u0173 drusk\u0173, esan\u010di\u0173 m\u016bs\u0173 organizme, paruo\u0161\u0117  jas kaip homeopatinius preparatus.  Daktaro pasek\u0117jai jo atrsastas druskas pavadino tiesiog \u0160iuslerio druskomis.<\/p>\n<p>Kur mineralin\u0117s druskos yra m\u016bs\u0173 organizme? Kod\u0117l \u0160iuslerio druskos gali pad\u0117ti? Kada ir kaip jas vartoti? \u0160ioje knygoje rasite visk\u0105, k\u0105 turite \u017einoti apie dr. \u0160iuslerio druskas.<\/p>\n","protected":false},"excerpt":{"rendered":"<p>Dr. \u0160iuslerio drusk\u0173 terapija \u2013 naujiena Lietuvoje. Europoje jos labai populiarios, dar vadinamos sveikatos eliksyru. Dr. V.H. \u0160iusleris (1821-1898), remdamasis savo 15 met\u0173 homeopato praktika ir \u012fkv\u0117ptas XIX a. pabaigos atradim\u0173 medicinos srityje, atrado nauj\u0105, paprast\u0105 gydymo metod\u0105. Jis i\u0161tyr\u0117, kokios mineralin\u0117s druskos dominuoja m\u016bs\u0173 audiniuose, kokias funkcijas jos atlieka, kas vyksta sutrikus \u0161i\u0173 drusk\u0173 pusiausvyrai. Daktaras atrinko 12 pa\u010di\u0173 svarbiausi\u0173 mineralini\u0173 drusk\u0173, esan\u010di\u0173 m\u016bs\u0173 organizme, paruo\u0161\u0117 jas kaip homeopatinius preparatus. Daktaro pasek\u0117jai jo atrsastas druskas pavadino tiesiog \u0160iuslerio druskomis. Kur mineralin\u0117s druskos yra m\u016bs\u0173 organizme? Kod\u0117l \u0160iuslerio druskos gali pad\u0117ti? Kada ir kaip jas vartoti? \u0160ioje knygoje rasite visk\u0105, k\u0105 turite \u017einoti apie dr. \u0160iuslerio druskas.<\/p>\n","protected":false},"featured_media":19665,"comment_status":"open","ping_status":"closed","template":"","meta":{"_acf_changed":false,"site-sidebar-layout":"default","site-content-layout":"","ast-site-content-layout":"default","site-content-style":"default","site-sidebar-style":"default","ast-global-header-display":"","ast-banner-title-visibility":"","ast-main-header-display":"","ast-hfb-above-header-display":"","ast-hfb-below-header-display":"","ast-hfb-mobile-header-display":"","site-post-title":"","ast-breadcrumbs-content":"","ast-featured-img":"","footer-sml-layout":"","ast-disable-related-posts":"","theme-transparent-header-meta":"","adv-header-id-meta":"","stick-header-meta":"","header-above-stick-meta":"","header-main-stick-meta":"","header-below-stick-meta":"","astra-migrate-meta-layouts":"default","ast-page-background-enabled":"default","ast-page-background-meta":{"desktop":{"background-color":"","background-image":"","background-repeat":"repeat","background-position":"center center","background-size":"auto","background-attachment":"scroll","background-type":"","background-media":"","overlay-type":"","overlay-color":"","overlay-opacity":"","overlay-gradient":""},"tablet":{"background-color":"","background-image":"","background-repeat":"repeat","background-position":"center center","background-size":"auto","background-attachment":"scroll","background-type":"","background-media":"","overlay-type":"","overlay-color":"","overlay-opacity":"","overlay-gradient":""},"mobile":{"background-color":"","background-image":"","background-repeat":"repeat","background-position":"center center","background-size":"auto","background-attachment":"scroll","background-type":"","background-media":"","overlay-type":"","overlay-color":"","overlay-opacity":"","overlay-gradient":""}},"ast-content-background-meta":{"desktop":{"background-color":"var(--ast-global-color-4)","background-image":"","background-repeat":"repeat","background-position":"center center","background-size":"auto","background-attachment":"scroll","background-type":"","background-media":"","overlay-type":"","overlay-color":"","overlay-opacity":"","overlay-gradient":""},"tablet":{"background-color":"var(--ast-global-color-4)","background-image":"","background-repeat":"repeat","background-position":"center center","background-size":"auto","background-attachment":"scroll","background-type":"","background-media":"","overlay-type":"","overlay-color":"","overlay-opacity":"","overlay-gradient":""},"mobile":{"background-color":"var(--ast-global-color-4)","background-image":"","background-repeat":"repeat","background-position":"center center","background-size":"auto","background-attachment":"scroll","background-type":"","background-media":"","overlay-type":"","overlay-color":"","overlay-opacity":"","overlay-gradient":""}}},"product_brand":[],"product_cat":[15],"product_tag":[6344,1700,6343,2929,1680],"class_list":{"0":"post-19660","1":"product","2":"type-product","3":"status-publish","4":"has-post-thumbnail","6":"product_cat-uncategorized","7":"product_tag-gema-galvydyte","8":"product_tag-gydymas","9":"product_tag-homeopatija","10":"product_tag-mineralai","11":"product_tag-sveikata","12":"desktop-align-left","13":"tablet-align-left","14":"mobile-align-left","16":"first","17":"outofstock","18":"shipping-taxable","19":"purchasable","20":"product-type-simple"},"acf":[],"yoast_head":"<!-- This site is optimized with the Yoast SEO plugin v27.4 - https:\/\/yoast.com\/product\/yoast-seo-wordpress\/ -->\n<title>Dr. \u0160iuslerio druskos<\/title>\n<meta name=\"description\" content=\"Dr. \u0160iuslerio drusk\u0173 terapija \u2013 naujiena Lietuvoje. Europoje jos labai populiarios, dar vadinamos sveikatos eliksyru. Dr. V.H. \u0160iusleris (1821-1898),\" \/>\n<meta name=\"robots\" content=\"index, follow, max-snippet:-1, max-image-preview:large, max-video-preview:-1\" \/>\n<link rel=\"canonical\" href=\"https:\/\/skaitytaknyga.lt\/en\/produktas\/dr-siuslerio-druskos\/\" \/>\n<meta property=\"og:locale\" content=\"en_GB\" \/>\n<meta property=\"og:locale:alternate\" content=\"lt_LT\" \/>\n<meta property=\"og:type\" content=\"article\" \/>\n<meta property=\"og:title\" content=\"Dr. \u0160iuslerio druskos\" \/>\n<meta property=\"og:description\" content=\"Dr. \u0160iuslerio drusk\u0173 terapija \u2013 naujiena Lietuvoje. Europoje jos labai populiarios, dar vadinamos sveikatos eliksyru. Dr. V.H. \u0160iusleris (1821-1898),\" \/>\n<meta property=\"og:url\" content=\"https:\/\/skaitytaknyga.lt\/en\/produktas\/dr-siuslerio-druskos\/\" \/>\n<meta property=\"og:site_name\" content=\"Skaitytaknyga\" \/>\n<meta property=\"article:publisher\" content=\"https:\/\/www.facebook.com\/skaitytaknyga\/\" \/>\n<meta property=\"article:modified_time\" content=\"2025-08-06T20:36:05+00:00\" \/>\n<meta property=\"og:image\" content=\"https:\/\/skaitytaknyga.lt\/wp-content\/uploads\/2025\/07\/Dr.-Siuslerio-druskos.webp\" \/>\n\t<meta property=\"og:image:width\" content=\"568\" \/>\n\t<meta property=\"og:image:height\" content=\"801\" \/>\n\t<meta property=\"og:image:type\" content=\"image\/webp\" \/>\n<meta name=\"twitter:card\" content=\"summary_large_image\" \/>\n<meta name=\"twitter:label1\" content=\"Estimated reading time\" \/>\n\t<meta name=\"twitter:data1\" content=\"1 minute\" \/>\n<script type=\"application\/ld+json\" class=\"yoast-schema-graph\">{\"@context\":\"https:\\\/\\\/schema.org\",\"@graph\":[{\"@type\":\"WebPage\",\"@id\":\"https:\\\/\\\/skaitytaknyga.lt\\\/produktas\\\/dr-siuslerio-druskos\\\/\",\"url\":\"https:\\\/\\\/skaitytaknyga.lt\\\/produktas\\\/dr-siuslerio-druskos\\\/\",\"name\":\"Dr. \u0160iuslerio druskos\",\"isPartOf\":{\"@id\":\"https:\\\/\\\/skaitytaknyga.lt\\\/#website\"},\"primaryImageOfPage\":{\"@id\":\"https:\\\/\\\/skaitytaknyga.lt\\\/produktas\\\/dr-siuslerio-druskos\\\/#primaryimage\"},\"image\":{\"@id\":\"https:\\\/\\\/skaitytaknyga.lt\\\/produktas\\\/dr-siuslerio-druskos\\\/#primaryimage\"},\"thumbnailUrl\":\"https:\\\/\\\/skaitytaknyga.lt\\\/wp-content\\\/uploads\\\/2025\\\/07\\\/Dr.-Siuslerio-druskos.webp\",\"datePublished\":\"2025-07-22T05:59:30+00:00\",\"dateModified\":\"2025-08-06T20:36:05+00:00\",\"description\":\"Dr. \u0160iuslerio drusk\u0173 terapija \u2013 naujiena Lietuvoje. Europoje jos labai populiarios, dar vadinamos sveikatos eliksyru. Dr. V.H. \u0160iusleris (1821-1898),\",\"breadcrumb\":{\"@id\":\"https:\\\/\\\/skaitytaknyga.lt\\\/produktas\\\/dr-siuslerio-druskos\\\/#breadcrumb\"},\"inLanguage\":\"en-GB\",\"potentialAction\":[{\"@type\":\"ReadAction\",\"target\":[\"https:\\\/\\\/skaitytaknyga.lt\\\/produktas\\\/dr-siuslerio-druskos\\\/\"]}]},{\"@type\":\"ImageObject\",\"inLanguage\":\"en-GB\",\"@id\":\"https:\\\/\\\/skaitytaknyga.lt\\\/produktas\\\/dr-siuslerio-druskos\\\/#primaryimage\",\"url\":\"https:\\\/\\\/skaitytaknyga.lt\\\/wp-content\\\/uploads\\\/2025\\\/07\\\/Dr.-Siuslerio-druskos.webp\",\"contentUrl\":\"https:\\\/\\\/skaitytaknyga.lt\\\/wp-content\\\/uploads\\\/2025\\\/07\\\/Dr.-Siuslerio-druskos.webp\",\"width\":568,\"height\":801,\"caption\":\"Dr. \u0160iuslerio druskos\"},{\"@type\":\"BreadcrumbList\",\"@id\":\"https:\\\/\\\/skaitytaknyga.lt\\\/produktas\\\/dr-siuslerio-druskos\\\/#breadcrumb\",\"itemListElement\":[{\"@type\":\"ListItem\",\"position\":1,\"name\":\"Home\",\"item\":\"https:\\\/\\\/skaitytaknyga.lt\\\/\"},{\"@type\":\"ListItem\",\"position\":2,\"name\":\"Parduotuv\u0117\",\"item\":\"https:\\\/\\\/skaitytaknyga.lt\\\/knygu-parduotuve\\\/\"},{\"@type\":\"ListItem\",\"position\":3,\"name\":\"Dr. \u0160iuslerio druskos\"}]},{\"@type\":\"WebSite\",\"@id\":\"https:\\\/\\\/skaitytaknyga.lt\\\/#website\",\"url\":\"https:\\\/\\\/skaitytaknyga.lt\\\/\",\"name\":\"skaitytaknyga.lt\",\"description\":\"Skaitytaknyga.lt \u2013 tai ma\u017eas \u0161eimos verslas, kuris prasid\u0117jo nuo meil\u0117s knygoms ir siekio i\u0161gelb\u0117ti knygas nuo likimo prie konteinerio. Kas vienam nereikalingas daiktas \u2013 kitam lobis, o mes esame tarpininkai, kurie padeda abiems tapti laimingesniems ???? \u017dinome kaip nelengva i\u0161gyventi ma\u017eiems verslams, tad nuo \u0161iol, \u010dia rasite ir kit\u0173, ma\u017e\u0173 \u0161eim\u0173 versl\u0173, rank\u0173 darbo, dovan\u0173 sau ir artimiesiems.\",\"publisher\":{\"@id\":\"https:\\\/\\\/skaitytaknyga.lt\\\/#organization\"},\"potentialAction\":[{\"@type\":\"SearchAction\",\"target\":{\"@type\":\"EntryPoint\",\"urlTemplate\":\"https:\\\/\\\/skaitytaknyga.lt\\\/?s={search_term_string}\"},\"query-input\":{\"@type\":\"PropertyValueSpecification\",\"valueRequired\":true,\"valueName\":\"search_term_string\"}}],\"inLanguage\":\"en-GB\"},{\"@type\":\"Organization\",\"@id\":\"https:\\\/\\\/skaitytaknyga.lt\\\/#organization\",\"name\":\"skaitytaknyga.lt\",\"url\":\"https:\\\/\\\/skaitytaknyga.lt\\\/\",\"logo\":{\"@type\":\"ImageObject\",\"inLanguage\":\"en-GB\",\"@id\":\"https:\\\/\\\/skaitytaknyga.lt\\\/#\\\/schema\\\/logo\\\/image\\\/\",\"url\":\"https:\\\/\\\/skaitytaknyga.lt\\\/wp-content\\\/uploads\\\/2024\\\/05\\\/cropped-cropped-cropped-02_00843_jt3bggkj1j3HLc7SyY6rEUpg.jpeg\",\"contentUrl\":\"https:\\\/\\\/skaitytaknyga.lt\\\/wp-content\\\/uploads\\\/2024\\\/05\\\/cropped-cropped-cropped-02_00843_jt3bggkj1j3HLc7SyY6rEUpg.jpeg\",\"width\":1600,\"height\":1600,\"caption\":\"skaitytaknyga.lt\"},\"image\":{\"@id\":\"https:\\\/\\\/skaitytaknyga.lt\\\/#\\\/schema\\\/logo\\\/image\\\/\"},\"sameAs\":[\"https:\\\/\\\/www.facebook.com\\\/skaitytaknyga\\\/\"]}]}<\/script>\n<!-- \/ Yoast SEO plugin. -->","yoast_head_json":{"title":"Dr. \u0160iuslerio druskos","description":"Dr. \u0160iuslerio drusk\u0173 terapija \u2013 naujiena Lietuvoje. Europoje jos labai populiarios, dar vadinamos sveikatos eliksyru. Dr. V.H. \u0160iusleris (1821-1898),","robots":{"index":"index","follow":"follow","max-snippet":"max-snippet:-1","max-image-preview":"max-image-preview:large","max-video-preview":"max-video-preview:-1"},"canonical":"https:\/\/skaitytaknyga.lt\/en\/produktas\/dr-siuslerio-druskos\/","og_locale":"en_GB","og_type":"article","og_title":"[:lt]Dr. \u0160iuslerio druskos[:] - Skaitytaknyga","og_description":"Dr. \u0160iuslerio drusk\u0173 terapija \u2013 naujiena Lietuvoje. Europoje jos labai populiarios, dar vadinamos sveikatos eliksyru. Dr. V.H. \u0160iusleris (1821-1898),","og_url":"https:\/\/skaitytaknyga.lt\/en\/produktas\/dr-siuslerio-druskos\/","og_site_name":"Skaitytaknyga","article_publisher":"https:\/\/www.facebook.com\/skaitytaknyga\/","article_modified_time":"2025-08-06T20:36:05+00:00","og_image":[{"width":568,"height":801,"url":"https:\/\/skaitytaknyga.lt\/wp-content\/uploads\/2025\/07\/Dr.-Siuslerio-druskos.webp","type":"image\/webp"}],"twitter_card":"summary_large_image","twitter_misc":{"Estimated reading time":"1 minute"},"schema":{"@context":"https:\/\/schema.org","@graph":[{"@type":"WebPage","@id":"https:\/\/skaitytaknyga.lt\/produktas\/dr-siuslerio-druskos\/","url":"https:\/\/skaitytaknyga.lt\/produktas\/dr-siuslerio-druskos\/","name":"Dr. \u0160iuslerio druskos","isPartOf":{"@id":"https:\/\/skaitytaknyga.lt\/#website"},"primaryImageOfPage":{"@id":"https:\/\/skaitytaknyga.lt\/produktas\/dr-siuslerio-druskos\/#primaryimage"},"image":{"@id":"https:\/\/skaitytaknyga.lt\/produktas\/dr-siuslerio-druskos\/#primaryimage"},"thumbnailUrl":"https:\/\/skaitytaknyga.lt\/wp-content\/uploads\/2025\/07\/Dr.-Siuslerio-druskos.webp","datePublished":"2025-07-22T05:59:30+00:00","dateModified":"2025-08-06T20:36:05+00:00","description":"Dr. \u0160iuslerio drusk\u0173 terapija \u2013 naujiena Lietuvoje. Europoje jos labai populiarios, dar vadinamos sveikatos eliksyru. Dr. V.H. \u0160iusleris (1821-1898),","breadcrumb":{"@id":"https:\/\/skaitytaknyga.lt\/produktas\/dr-siuslerio-druskos\/#breadcrumb"},"inLanguage":"en-GB","potentialAction":[{"@type":"ReadAction","target":["https:\/\/skaitytaknyga.lt\/produktas\/dr-siuslerio-druskos\/"]}]},{"@type":"ImageObject","inLanguage":"en-GB","@id":"https:\/\/skaitytaknyga.lt\/produktas\/dr-siuslerio-druskos\/#primaryimage","url":"https:\/\/skaitytaknyga.lt\/wp-content\/uploads\/2025\/07\/Dr.-Siuslerio-druskos.webp","contentUrl":"https:\/\/skaitytaknyga.lt\/wp-content\/uploads\/2025\/07\/Dr.-Siuslerio-druskos.webp","width":568,"height":801,"caption":"Dr. \u0160iuslerio druskos"},{"@type":"BreadcrumbList","@id":"https:\/\/skaitytaknyga.lt\/produktas\/dr-siuslerio-druskos\/#breadcrumb","itemListElement":[{"@type":"ListItem","position":1,"name":"Home","item":"https:\/\/skaitytaknyga.lt\/"},{"@type":"ListItem","position":2,"name":"Parduotuv\u0117","item":"https:\/\/skaitytaknyga.lt\/knygu-parduotuve\/"},{"@type":"ListItem","position":3,"name":"Dr. \u0160iuslerio druskos"}]},{"@type":"WebSite","@id":"https:\/\/skaitytaknyga.lt\/#website","url":"https:\/\/skaitytaknyga.lt\/","name":"skaitytaknyga.lt","description":"Skaitytaknyga.lt \u2013 tai ma\u017eas \u0161eimos verslas, kuris prasid\u0117jo nuo meil\u0117s knygoms ir siekio i\u0161gelb\u0117ti knygas nuo likimo prie konteinerio. Kas vienam nereikalingas daiktas \u2013 kitam lobis, o mes esame tarpininkai, kurie padeda abiems tapti laimingesniems ???? \u017dinome kaip nelengva i\u0161gyventi ma\u017eiems verslams, tad nuo \u0161iol, \u010dia rasite ir kit\u0173, ma\u017e\u0173 \u0161eim\u0173 versl\u0173, rank\u0173 darbo, dovan\u0173 sau ir artimiesiems.","publisher":{"@id":"https:\/\/skaitytaknyga.lt\/#organization"},"potentialAction":[{"@type":"SearchAction","target":{"@type":"EntryPoint","urlTemplate":"https:\/\/skaitytaknyga.lt\/?s={search_term_string}"},"query-input":{"@type":"PropertyValueSpecification","valueRequired":true,"valueName":"search_term_string"}}],"inLanguage":"en-GB"},{"@type":"Organization","@id":"https:\/\/skaitytaknyga.lt\/#organization","name":"skaitytaknyga.lt","url":"https:\/\/skaitytaknyga.lt\/","logo":{"@type":"ImageObject","inLanguage":"en-GB","@id":"https:\/\/skaitytaknyga.lt\/#\/schema\/logo\/image\/","url":"https:\/\/skaitytaknyga.lt\/wp-content\/uploads\/2024\/05\/cropped-cropped-cropped-02_00843_jt3bggkj1j3HLc7SyY6rEUpg.jpeg","contentUrl":"https:\/\/skaitytaknyga.lt\/wp-content\/uploads\/2024\/05\/cropped-cropped-cropped-02_00843_jt3bggkj1j3HLc7SyY6rEUpg.jpeg","width":1600,"height":1600,"caption":"skaitytaknyga.lt"},"image":{"@id":"https:\/\/skaitytaknyga.lt\/#\/schema\/logo\/image\/"},"sameAs":["https:\/\/www.facebook.com\/skaitytaknyga\/"]}]}},"_links":{"self":[{"href":"https:\/\/skaitytaknyga.lt\/en\/wp-json\/wp\/v2\/product\/19660","targetHints":{"allow":["GET"]}}],"collection":[{"href":"https:\/\/skaitytaknyga.lt\/en\/wp-json\/wp\/v2\/product"}],"about":[{"href":"https:\/\/skaitytaknyga.lt\/en\/wp-json\/wp\/v2\/types\/product"}],"replies":[{"embeddable":true,"href":"https:\/\/skaitytaknyga.lt\/en\/wp-json\/wp\/v2\/comments?post=19660"}],"wp:featuredmedia":[{"embeddable":true,"href":"https:\/\/skaitytaknyga.lt\/en\/wp-json\/wp\/v2\/media\/19665"}],"wp:attachment":[{"href":"https:\/\/skaitytaknyga.lt\/en\/wp-json\/wp\/v2\/media?parent=19660"}],"wp:term":[{"taxonomy":"product_brand","embeddable":true,"href":"https:\/\/skaitytaknyga.lt\/en\/wp-json\/wp\/v2\/product_brand?post=19660"},{"taxonomy":"product_cat","embeddable":true,"href":"https:\/\/skaitytaknyga.lt\/en\/wp-json\/wp\/v2\/product_cat?post=19660"},{"taxonomy":"product_tag","embeddable":true,"href":"https:\/\/skaitytaknyga.lt\/en\/wp-json\/wp\/v2\/product_tag?post=19660"}],"curies":[{"name":"wp","href":"https:\/\/api.w.org\/{rel}","templated":true}]}}