{"id":19659,"date":"2025-07-22T08:59:30","date_gmt":"2025-07-22T05:59:30","guid":{"rendered":"https:\/\/skaitytaknyga.lt\/?post_type=product&#038;p=19659"},"modified":"2025-11-29T13:23:22","modified_gmt":"2025-11-29T11:23:22","slug":"tu-esi-kurejas-fantasmagorinis-siurrealizmas-arba-fantastine-realybe","status":"publish","type":"product","link":"https:\/\/skaitytaknyga.lt\/en\/produktas\/tu-esi-kurejas-fantasmagorinis-siurrealizmas-arba-fantastine-realybe\/","title":{"rendered":"Tu esi K\u016br\u0117jas: fantasmagorinis siurrealizmas arba fantastin\u0117 realyb\u0117"},"content":{"rendered":"<p>\u012e \u0161i\u0105 knyg\u0105 sud\u0117jau savo vizijas, prisiminimus, keistus sapnus ir pajautim\u0105. Ra\u0161ydama apie prisiminimus, turiu omeny ne tik i\u0161 \u0161io gyvenimo, o ka\u017ek\u0105 daugiau, ko galb\u016bt m\u016bs\u0173 protas vis dar nesuvokia. Tikiuosi, jog knyga atkeliaus pas tuos \u017emones, kurie pasiruo\u0161\u0119 priimti joje suguldytas mintis. Mes esame kur kas daugiau, nei leid\u017eiame sau suvokti. Ilona Ugint\u0117<\/p>\n","protected":false},"excerpt":{"rendered":"<p>\u012e \u0161i\u0105 knyg\u0105 sud\u0117jau savo vizijas, prisiminimus, keistus sapnus ir pajautim\u0105. Ra\u0161ydama apie prisiminimus, turiu omeny ne tik i\u0161 \u0161io gyvenimo, o ka\u017ek\u0105 daugiau, ko galb\u016bt m\u016bs\u0173 protas vis dar nesuvokia. Tikiuosi, jog knyga atkeliaus pas tuos \u017emones, kurie pasiruo\u0161\u0119 priimti joje suguldytas mintis. Mes esame kur kas daugiau, nei leid\u017eiame sau suvokti. Ilona Ugint\u0117<\/p>\n","protected":false},"featured_media":19664,"comment_status":"open","ping_status":"closed","template":"","meta":{"_acf_changed":false,"site-sidebar-layout":"default","site-content-layout":"","ast-site-content-layout":"default","site-content-style":"default","site-sidebar-style":"default","ast-global-header-display":"","ast-banner-title-visibility":"","ast-main-header-display":"","ast-hfb-above-header-display":"","ast-hfb-below-header-display":"","ast-hfb-mobile-header-display":"","site-post-title":"","ast-breadcrumbs-content":"","ast-featured-img":"","footer-sml-layout":"","ast-disable-related-posts":"","theme-transparent-header-meta":"","adv-header-id-meta":"","stick-header-meta":"","header-above-stick-meta":"","header-main-stick-meta":"","header-below-stick-meta":"","astra-migrate-meta-layouts":"default","ast-page-background-enabled":"default","ast-page-background-meta":{"desktop":{"background-color":"","background-image":"","background-repeat":"repeat","background-position":"center center","background-size":"auto","background-attachment":"scroll","background-type":"","background-media":"","overlay-type":"","overlay-color":"","overlay-opacity":"","overlay-gradient":""},"tablet":{"background-color":"","background-image":"","background-repeat":"repeat","background-position":"center center","background-size":"auto","background-attachment":"scroll","background-type":"","background-media":"","overlay-type":"","overlay-color":"","overlay-opacity":"","overlay-gradient":""},"mobile":{"background-color":"","background-image":"","background-repeat":"repeat","background-position":"center center","background-size":"auto","background-attachment":"scroll","background-type":"","background-media":"","overlay-type":"","overlay-color":"","overlay-opacity":"","overlay-gradient":""}},"ast-content-background-meta":{"desktop":{"background-color":"var(--ast-global-color-4)","background-image":"","background-repeat":"repeat","background-position":"center center","background-size":"auto","background-attachment":"scroll","background-type":"","background-media":"","overlay-type":"","overlay-color":"","overlay-opacity":"","overlay-gradient":""},"tablet":{"background-color":"var(--ast-global-color-4)","background-image":"","background-repeat":"repeat","background-position":"center center","background-size":"auto","background-attachment":"scroll","background-type":"","background-media":"","overlay-type":"","overlay-color":"","overlay-opacity":"","overlay-gradient":""},"mobile":{"background-color":"var(--ast-global-color-4)","background-image":"","background-repeat":"repeat","background-position":"center center","background-size":"auto","background-attachment":"scroll","background-type":"","background-media":"","overlay-type":"","overlay-color":"","overlay-opacity":"","overlay-gradient":""}}},"product_brand":[],"product_cat":[165],"product_tag":[1777,5143,6342,2834,6341],"class_list":{"0":"post-19659","1":"product","2":"type-product","3":"status-publish","4":"has-post-thumbnail","6":"product_cat-religija-filosofija-ir-ezoterika","7":"product_tag-dvasinis-kelias","8":"product_tag-fantazija","9":"product_tag-ilona-uginte","10":"product_tag-samone","11":"product_tag-siurrealizmas","12":"desktop-align-left","13":"tablet-align-left","14":"mobile-align-left","16":"first","17":"outofstock","18":"shipping-taxable","19":"purchasable","20":"product-type-simple"},"acf":[],"yoast_head":"<!-- This site is optimized with the Yoast SEO plugin v27.0 - https:\/\/yoast.com\/product\/yoast-seo-wordpress\/ -->\n<title>Tu esi K\u016br\u0117jas: fantasmagorinis siurrealizmas arba fantastin\u0117 realyb\u0117<\/title>\n<meta name=\"description\" content=\"\u012e \u0161i\u0105 knyg\u0105 sud\u0117jau savo vizijas, prisiminimus, keistus sapnus ir pajautim\u0105. Ra\u0161ydama apie prisiminimus, turiu omeny ne tik i\u0161 \u0161io gyvenimo, o ka\u017ek\u0105\" \/>\n<meta name=\"robots\" content=\"index, follow, max-snippet:-1, max-image-preview:large, max-video-preview:-1\" \/>\n<link rel=\"canonical\" href=\"https:\/\/skaitytaknyga.lt\/en\/produktas\/tu-esi-kurejas-fantasmagorinis-siurrealizmas-arba-fantastine-realybe\/\" \/>\n<meta property=\"og:locale\" content=\"en_GB\" \/>\n<meta property=\"og:locale:alternate\" content=\"lt_LT\" \/>\n<meta property=\"og:type\" content=\"article\" \/>\n<meta property=\"og:title\" content=\"Tu esi K\u016br\u0117jas: fantasmagorinis siurrealizmas arba fantastin\u0117 realyb\u0117\" \/>\n<meta property=\"og:description\" content=\"\u012e \u0161i\u0105 knyg\u0105 sud\u0117jau savo vizijas, prisiminimus, keistus sapnus ir pajautim\u0105. Ra\u0161ydama apie prisiminimus, turiu omeny ne tik i\u0161 \u0161io gyvenimo, o ka\u017ek\u0105\" \/>\n<meta property=\"og:url\" content=\"https:\/\/skaitytaknyga.lt\/en\/produktas\/tu-esi-kurejas-fantasmagorinis-siurrealizmas-arba-fantastine-realybe\/\" \/>\n<meta property=\"og:site_name\" content=\"Skaitytaknyga\" \/>\n<meta property=\"article:publisher\" content=\"https:\/\/www.facebook.com\/skaitytaknyga\/\" \/>\n<meta property=\"article:modified_time\" content=\"2025-11-29T11:23:22+00:00\" \/>\n<meta property=\"og:image\" content=\"https:\/\/skaitytaknyga.lt\/wp-content\/uploads\/2025\/07\/Tu-esi-Kurejas-fantasmagorinis-siurrealizmas-arba-fantastine-realybe.webp\" \/>\n\t<meta property=\"og:image:width\" content=\"336\" \/>\n\t<meta property=\"og:image:height\" content=\"477\" \/>\n\t<meta property=\"og:image:type\" content=\"image\/webp\" \/>\n<meta name=\"twitter:card\" content=\"summary_large_image\" \/>\n<script type=\"application\/ld+json\" class=\"yoast-schema-graph\">{\"@context\":\"https:\/\/schema.org\",\"@graph\":[{\"@type\":\"WebPage\",\"@id\":\"https:\/\/skaitytaknyga.lt\/produktas\/tu-esi-kurejas-fantasmagorinis-siurrealizmas-arba-fantastine-realybe\/\",\"url\":\"https:\/\/skaitytaknyga.lt\/produktas\/tu-esi-kurejas-fantasmagorinis-siurrealizmas-arba-fantastine-realybe\/\",\"name\":\"Tu esi K\u016br\u0117jas: fantasmagorinis siurrealizmas arba fantastin\u0117 realyb\u0117\",\"isPartOf\":{\"@id\":\"https:\/\/skaitytaknyga.lt\/#website\"},\"primaryImageOfPage\":{\"@id\":\"https:\/\/skaitytaknyga.lt\/produktas\/tu-esi-kurejas-fantasmagorinis-siurrealizmas-arba-fantastine-realybe\/#primaryimage\"},\"image\":{\"@id\":\"https:\/\/skaitytaknyga.lt\/produktas\/tu-esi-kurejas-fantasmagorinis-siurrealizmas-arba-fantastine-realybe\/#primaryimage\"},\"thumbnailUrl\":\"https:\/\/skaitytaknyga.lt\/wp-content\/uploads\/2025\/07\/Tu-esi-Kurejas-fantasmagorinis-siurrealizmas-arba-fantastine-realybe.webp\",\"datePublished\":\"2025-07-22T05:59:30+00:00\",\"dateModified\":\"2025-11-29T11:23:22+00:00\",\"description\":\"\u012e \u0161i\u0105 knyg\u0105 sud\u0117jau savo vizijas, prisiminimus, keistus sapnus ir pajautim\u0105. Ra\u0161ydama apie prisiminimus, turiu omeny ne tik i\u0161 \u0161io gyvenimo, o ka\u017ek\u0105\",\"breadcrumb\":{\"@id\":\"https:\/\/skaitytaknyga.lt\/produktas\/tu-esi-kurejas-fantasmagorinis-siurrealizmas-arba-fantastine-realybe\/#breadcrumb\"},\"inLanguage\":\"en-GB\",\"potentialAction\":[{\"@type\":\"ReadAction\",\"target\":[\"https:\/\/skaitytaknyga.lt\/produktas\/tu-esi-kurejas-fantasmagorinis-siurrealizmas-arba-fantastine-realybe\/\"]}]},{\"@type\":\"ImageObject\",\"inLanguage\":\"en-GB\",\"@id\":\"https:\/\/skaitytaknyga.lt\/produktas\/tu-esi-kurejas-fantasmagorinis-siurrealizmas-arba-fantastine-realybe\/#primaryimage\",\"url\":\"https:\/\/skaitytaknyga.lt\/wp-content\/uploads\/2025\/07\/Tu-esi-Kurejas-fantasmagorinis-siurrealizmas-arba-fantastine-realybe.webp\",\"contentUrl\":\"https:\/\/skaitytaknyga.lt\/wp-content\/uploads\/2025\/07\/Tu-esi-Kurejas-fantasmagorinis-siurrealizmas-arba-fantastine-realybe.webp\",\"width\":336,\"height\":477,\"caption\":\"Tu esi K\u016br\u0117jas: fantasmagorinis siurrealizmas arba fantastin\u0117 realyb\u0117\"},{\"@type\":\"BreadcrumbList\",\"@id\":\"https:\/\/skaitytaknyga.lt\/produktas\/tu-esi-kurejas-fantasmagorinis-siurrealizmas-arba-fantastine-realybe\/#breadcrumb\",\"itemListElement\":[{\"@type\":\"ListItem\",\"position\":1,\"name\":\"Home\",\"item\":\"https:\/\/skaitytaknyga.lt\/\"},{\"@type\":\"ListItem\",\"position\":2,\"name\":\"Parduotuv\u0117\",\"item\":\"https:\/\/skaitytaknyga.lt\/knygu-parduotuve\/\"},{\"@type\":\"ListItem\",\"position\":3,\"name\":\"Tu esi K\u016br\u0117jas: fantasmagorinis siurrealizmas arba fantastin\u0117 realyb\u0117\"}]},{\"@type\":\"WebSite\",\"@id\":\"https:\/\/skaitytaknyga.lt\/#website\",\"url\":\"https:\/\/skaitytaknyga.lt\/\",\"name\":\"skaitytaknyga.lt\",\"description\":\"Skaitytaknyga.lt \u2013 tai ma\u017eas \u0161eimos verslas, kuris prasid\u0117jo nuo meil\u0117s knygoms ir siekio i\u0161gelb\u0117ti knygas nuo likimo prie konteinerio. Kas vienam nereikalingas daiktas \u2013 kitam lobis, o mes esame tarpininkai, kurie padeda abiems tapti laimingesniems ???? \u017dinome kaip nelengva i\u0161gyventi ma\u017eiems verslams, tad nuo \u0161iol, \u010dia rasite ir kit\u0173, ma\u017e\u0173 \u0161eim\u0173 versl\u0173, rank\u0173 darbo, dovan\u0173 sau ir artimiesiems.\",\"publisher\":{\"@id\":\"https:\/\/skaitytaknyga.lt\/#organization\"},\"potentialAction\":[{\"@type\":\"SearchAction\",\"target\":{\"@type\":\"EntryPoint\",\"urlTemplate\":\"https:\/\/skaitytaknyga.lt\/?s={search_term_string}\"},\"query-input\":{\"@type\":\"PropertyValueSpecification\",\"valueRequired\":true,\"valueName\":\"search_term_string\"}}],\"inLanguage\":\"en-GB\"},{\"@type\":\"Organization\",\"@id\":\"https:\/\/skaitytaknyga.lt\/#organization\",\"name\":\"skaitytaknyga.lt\",\"url\":\"https:\/\/skaitytaknyga.lt\/\",\"logo\":{\"@type\":\"ImageObject\",\"inLanguage\":\"en-GB\",\"@id\":\"https:\/\/skaitytaknyga.lt\/#\/schema\/logo\/image\/\",\"url\":\"https:\/\/skaitytaknyga.lt\/wp-content\/uploads\/2024\/05\/cropped-cropped-cropped-02_00843_jt3bggkj1j3HLc7SyY6rEUpg.jpeg\",\"contentUrl\":\"https:\/\/skaitytaknyga.lt\/wp-content\/uploads\/2024\/05\/cropped-cropped-cropped-02_00843_jt3bggkj1j3HLc7SyY6rEUpg.jpeg\",\"width\":1600,\"height\":1600,\"caption\":\"skaitytaknyga.lt\"},\"image\":{\"@id\":\"https:\/\/skaitytaknyga.lt\/#\/schema\/logo\/image\/\"},\"sameAs\":[\"https:\/\/www.facebook.com\/skaitytaknyga\/\"]}]}<\/script>\n<!-- \/ Yoast SEO plugin. -->","yoast_head_json":{"title":"Tu esi K\u016br\u0117jas: fantasmagorinis siurrealizmas arba fantastin\u0117 realyb\u0117","description":"\u012e \u0161i\u0105 knyg\u0105 sud\u0117jau savo vizijas, prisiminimus, keistus sapnus ir pajautim\u0105. Ra\u0161ydama apie prisiminimus, turiu omeny ne tik i\u0161 \u0161io gyvenimo, o ka\u017ek\u0105","robots":{"index":"index","follow":"follow","max-snippet":"max-snippet:-1","max-image-preview":"max-image-preview:large","max-video-preview":"max-video-preview:-1"},"canonical":"https:\/\/skaitytaknyga.lt\/en\/produktas\/tu-esi-kurejas-fantasmagorinis-siurrealizmas-arba-fantastine-realybe\/","og_locale":"en_GB","og_type":"article","og_title":"[:lt]Tu esi K\u016br\u0117jas: fantasmagorinis siurrealizmas arba fantastin\u0117 realyb\u0117[:] - Skaitytaknyga","og_description":"\u012e \u0161i\u0105 knyg\u0105 sud\u0117jau savo vizijas, prisiminimus, keistus sapnus ir pajautim\u0105. Ra\u0161ydama apie prisiminimus, turiu omeny ne tik i\u0161 \u0161io gyvenimo, o ka\u017ek\u0105","og_url":"https:\/\/skaitytaknyga.lt\/en\/produktas\/tu-esi-kurejas-fantasmagorinis-siurrealizmas-arba-fantastine-realybe\/","og_site_name":"Skaitytaknyga","article_publisher":"https:\/\/www.facebook.com\/skaitytaknyga\/","article_modified_time":"2025-11-29T11:23:22+00:00","og_image":[{"width":336,"height":477,"url":"https:\/\/skaitytaknyga.lt\/wp-content\/uploads\/2025\/07\/Tu-esi-Kurejas-fantasmagorinis-siurrealizmas-arba-fantastine-realybe.webp","type":"image\/webp"}],"twitter_card":"summary_large_image","schema":{"@context":"https:\/\/schema.org","@graph":[{"@type":"WebPage","@id":"https:\/\/skaitytaknyga.lt\/produktas\/tu-esi-kurejas-fantasmagorinis-siurrealizmas-arba-fantastine-realybe\/","url":"https:\/\/skaitytaknyga.lt\/produktas\/tu-esi-kurejas-fantasmagorinis-siurrealizmas-arba-fantastine-realybe\/","name":"Tu esi K\u016br\u0117jas: fantasmagorinis siurrealizmas arba fantastin\u0117 realyb\u0117","isPartOf":{"@id":"https:\/\/skaitytaknyga.lt\/#website"},"primaryImageOfPage":{"@id":"https:\/\/skaitytaknyga.lt\/produktas\/tu-esi-kurejas-fantasmagorinis-siurrealizmas-arba-fantastine-realybe\/#primaryimage"},"image":{"@id":"https:\/\/skaitytaknyga.lt\/produktas\/tu-esi-kurejas-fantasmagorinis-siurrealizmas-arba-fantastine-realybe\/#primaryimage"},"thumbnailUrl":"https:\/\/skaitytaknyga.lt\/wp-content\/uploads\/2025\/07\/Tu-esi-Kurejas-fantasmagorinis-siurrealizmas-arba-fantastine-realybe.webp","datePublished":"2025-07-22T05:59:30+00:00","dateModified":"2025-11-29T11:23:22+00:00","description":"\u012e \u0161i\u0105 knyg\u0105 sud\u0117jau savo vizijas, prisiminimus, keistus sapnus ir pajautim\u0105. Ra\u0161ydama apie prisiminimus, turiu omeny ne tik i\u0161 \u0161io gyvenimo, o ka\u017ek\u0105","breadcrumb":{"@id":"https:\/\/skaitytaknyga.lt\/produktas\/tu-esi-kurejas-fantasmagorinis-siurrealizmas-arba-fantastine-realybe\/#breadcrumb"},"inLanguage":"en-GB","potentialAction":[{"@type":"ReadAction","target":["https:\/\/skaitytaknyga.lt\/produktas\/tu-esi-kurejas-fantasmagorinis-siurrealizmas-arba-fantastine-realybe\/"]}]},{"@type":"ImageObject","inLanguage":"en-GB","@id":"https:\/\/skaitytaknyga.lt\/produktas\/tu-esi-kurejas-fantasmagorinis-siurrealizmas-arba-fantastine-realybe\/#primaryimage","url":"https:\/\/skaitytaknyga.lt\/wp-content\/uploads\/2025\/07\/Tu-esi-Kurejas-fantasmagorinis-siurrealizmas-arba-fantastine-realybe.webp","contentUrl":"https:\/\/skaitytaknyga.lt\/wp-content\/uploads\/2025\/07\/Tu-esi-Kurejas-fantasmagorinis-siurrealizmas-arba-fantastine-realybe.webp","width":336,"height":477,"caption":"Tu esi K\u016br\u0117jas: fantasmagorinis siurrealizmas arba fantastin\u0117 realyb\u0117"},{"@type":"BreadcrumbList","@id":"https:\/\/skaitytaknyga.lt\/produktas\/tu-esi-kurejas-fantasmagorinis-siurrealizmas-arba-fantastine-realybe\/#breadcrumb","itemListElement":[{"@type":"ListItem","position":1,"name":"Home","item":"https:\/\/skaitytaknyga.lt\/"},{"@type":"ListItem","position":2,"name":"Parduotuv\u0117","item":"https:\/\/skaitytaknyga.lt\/knygu-parduotuve\/"},{"@type":"ListItem","position":3,"name":"Tu esi K\u016br\u0117jas: fantasmagorinis siurrealizmas arba fantastin\u0117 realyb\u0117"}]},{"@type":"WebSite","@id":"https:\/\/skaitytaknyga.lt\/#website","url":"https:\/\/skaitytaknyga.lt\/","name":"skaitytaknyga.lt","description":"Skaitytaknyga.lt \u2013 tai ma\u017eas \u0161eimos verslas, kuris prasid\u0117jo nuo meil\u0117s knygoms ir siekio i\u0161gelb\u0117ti knygas nuo likimo prie konteinerio. Kas vienam nereikalingas daiktas \u2013 kitam lobis, o mes esame tarpininkai, kurie padeda abiems tapti laimingesniems ???? \u017dinome kaip nelengva i\u0161gyventi ma\u017eiems verslams, tad nuo \u0161iol, \u010dia rasite ir kit\u0173, ma\u017e\u0173 \u0161eim\u0173 versl\u0173, rank\u0173 darbo, dovan\u0173 sau ir artimiesiems.","publisher":{"@id":"https:\/\/skaitytaknyga.lt\/#organization"},"potentialAction":[{"@type":"SearchAction","target":{"@type":"EntryPoint","urlTemplate":"https:\/\/skaitytaknyga.lt\/?s={search_term_string}"},"query-input":{"@type":"PropertyValueSpecification","valueRequired":true,"valueName":"search_term_string"}}],"inLanguage":"en-GB"},{"@type":"Organization","@id":"https:\/\/skaitytaknyga.lt\/#organization","name":"skaitytaknyga.lt","url":"https:\/\/skaitytaknyga.lt\/","logo":{"@type":"ImageObject","inLanguage":"en-GB","@id":"https:\/\/skaitytaknyga.lt\/#\/schema\/logo\/image\/","url":"https:\/\/skaitytaknyga.lt\/wp-content\/uploads\/2024\/05\/cropped-cropped-cropped-02_00843_jt3bggkj1j3HLc7SyY6rEUpg.jpeg","contentUrl":"https:\/\/skaitytaknyga.lt\/wp-content\/uploads\/2024\/05\/cropped-cropped-cropped-02_00843_jt3bggkj1j3HLc7SyY6rEUpg.jpeg","width":1600,"height":1600,"caption":"skaitytaknyga.lt"},"image":{"@id":"https:\/\/skaitytaknyga.lt\/#\/schema\/logo\/image\/"},"sameAs":["https:\/\/www.facebook.com\/skaitytaknyga\/"]}]}},"_links":{"self":[{"href":"https:\/\/skaitytaknyga.lt\/en\/wp-json\/wp\/v2\/product\/19659","targetHints":{"allow":["GET"]}}],"collection":[{"href":"https:\/\/skaitytaknyga.lt\/en\/wp-json\/wp\/v2\/product"}],"about":[{"href":"https:\/\/skaitytaknyga.lt\/en\/wp-json\/wp\/v2\/types\/product"}],"replies":[{"embeddable":true,"href":"https:\/\/skaitytaknyga.lt\/en\/wp-json\/wp\/v2\/comments?post=19659"}],"wp:featuredmedia":[{"embeddable":true,"href":"https:\/\/skaitytaknyga.lt\/en\/wp-json\/wp\/v2\/media\/19664"}],"wp:attachment":[{"href":"https:\/\/skaitytaknyga.lt\/en\/wp-json\/wp\/v2\/media?parent=19659"}],"wp:term":[{"taxonomy":"product_brand","embeddable":true,"href":"https:\/\/skaitytaknyga.lt\/en\/wp-json\/wp\/v2\/product_brand?post=19659"},{"taxonomy":"product_cat","embeddable":true,"href":"https:\/\/skaitytaknyga.lt\/en\/wp-json\/wp\/v2\/product_cat?post=19659"},{"taxonomy":"product_tag","embeddable":true,"href":"https:\/\/skaitytaknyga.lt\/en\/wp-json\/wp\/v2\/product_tag?post=19659"}],"curies":[{"name":"wp","href":"https:\/\/api.w.org\/{rel}","templated":true}]}}