{"id":19658,"date":"2025-07-22T08:59:30","date_gmt":"2025-07-22T05:59:30","guid":{"rendered":"https:\/\/skaitytaknyga.lt\/?post_type=product&#038;p=19658"},"modified":"2025-08-01T08:22:04","modified_gmt":"2025-08-01T05:22:04","slug":"himalaju-sviesa-ii-klajones-po-kalnus","status":"publish","type":"product","link":"https:\/\/skaitytaknyga.lt\/en\/produktas\/himalaju-sviesa-ii-klajones-po-kalnus\/","title":{"rendered":"Himalaj\u0173 \u0161viesa II: Klajon\u0117s po kalnus"},"content":{"rendered":"<p>Autorius toliau t\u0119sia apm\u0105stym\u0173 cikl\u0105 sav\u0119s ugdymo link. Kelion\u0117s kaip egzistencinis pradas gali tapti ne vien pa\u017einimo, pasaul\u0117\u017ei\u016bros pl\u0117tros, bet ir dvasi\u0161ko sav\u0119s suvokimo priemone. Ekstremalios s\u0105lygos kalnuose, s\u0105lytis su gamta, stichijomis, su bendra\u017eygiais ir su pa\u010diu savimi lengviau atveria giluminius b\u016bties klodus ir taip retai gyvenime panaudojamas k\u016bno ir dvasios galias. Apie tai ir apie nepaai\u0161kinam\u0105 \u017emogaus ver\u017eim\u0105si \u012f auk\u0161tumas ra\u0161oma antroje trilogijos dalyje<\/p>\n","protected":false},"excerpt":{"rendered":"<p>Autorius toliau t\u0119sia apm\u0105stym\u0173 cikl\u0105 sav\u0119s ugdymo link. Kelion\u0117s kaip egzistencinis pradas gali tapti ne vien pa\u017einimo, pasaul\u0117\u017ei\u016bros pl\u0117tros, bet ir dvasi\u0161ko sav\u0119s suvokimo priemone. Ekstremalios s\u0105lygos kalnuose, s\u0105lytis su gamta, stichijomis, su bendra\u017eygiais ir su pa\u010diu savimi lengviau atveria giluminius b\u016bties klodus ir taip retai gyvenime panaudojamas k\u016bno ir dvasios galias. Apie tai ir apie nepaai\u0161kinam\u0105 \u017emogaus ver\u017eim\u0105si \u012f auk\u0161tumas ra\u0161oma antroje trilogijos dalyje<\/p>\n","protected":false},"featured_media":19663,"comment_status":"open","ping_status":"closed","template":"","meta":{"_acf_changed":false,"site-sidebar-layout":"default","site-content-layout":"","ast-site-content-layout":"default","site-content-style":"default","site-sidebar-style":"default","ast-global-header-display":"","ast-banner-title-visibility":"","ast-main-header-display":"","ast-hfb-above-header-display":"","ast-hfb-below-header-display":"","ast-hfb-mobile-header-display":"","site-post-title":"","ast-breadcrumbs-content":"","ast-featured-img":"","footer-sml-layout":"","ast-disable-related-posts":"","theme-transparent-header-meta":"","adv-header-id-meta":"","stick-header-meta":"","header-above-stick-meta":"","header-main-stick-meta":"","header-below-stick-meta":"","astra-migrate-meta-layouts":"default","ast-page-background-enabled":"default","ast-page-background-meta":{"desktop":{"background-color":"","background-image":"","background-repeat":"repeat","background-position":"center center","background-size":"auto","background-attachment":"scroll","background-type":"","background-media":"","overlay-type":"","overlay-color":"","overlay-opacity":"","overlay-gradient":""},"tablet":{"background-color":"","background-image":"","background-repeat":"repeat","background-position":"center center","background-size":"auto","background-attachment":"scroll","background-type":"","background-media":"","overlay-type":"","overlay-color":"","overlay-opacity":"","overlay-gradient":""},"mobile":{"background-color":"","background-image":"","background-repeat":"repeat","background-position":"center center","background-size":"auto","background-attachment":"scroll","background-type":"","background-media":"","overlay-type":"","overlay-color":"","overlay-opacity":"","overlay-gradient":""}},"ast-content-background-meta":{"desktop":{"background-color":"var(--ast-global-color-4)","background-image":"","background-repeat":"repeat","background-position":"center center","background-size":"auto","background-attachment":"scroll","background-type":"","background-media":"","overlay-type":"","overlay-color":"","overlay-opacity":"","overlay-gradient":""},"tablet":{"background-color":"var(--ast-global-color-4)","background-image":"","background-repeat":"repeat","background-position":"center center","background-size":"auto","background-attachment":"scroll","background-type":"","background-media":"","overlay-type":"","overlay-color":"","overlay-opacity":"","overlay-gradient":""},"mobile":{"background-color":"var(--ast-global-color-4)","background-image":"","background-repeat":"repeat","background-position":"center center","background-size":"auto","background-attachment":"scroll","background-type":"","background-media":"","overlay-type":"","overlay-color":"","overlay-opacity":"","overlay-gradient":""}}},"product_brand":[],"product_cat":[165],"product_tag":[2270,4075,1445,1396,6340],"class_list":{"0":"post-19658","1":"product","2":"type-product","3":"status-publish","4":"has-post-thumbnail","6":"product_cat-religija-filosofija-ir-ezoterika","7":"product_tag-dvasinis-tobulejimas","8":"product_tag-himalajai","9":"product_tag-keliones","10":"product_tag-saviugda","11":"product_tag-vytautas-narvilas","12":"desktop-align-left","13":"tablet-align-left","14":"mobile-align-left","16":"first","17":"instock","18":"shipping-taxable","19":"purchasable","20":"product-type-simple"},"acf":[],"yoast_head":"<!-- This site is optimized with the Yoast SEO plugin v27.0 - https:\/\/yoast.com\/product\/yoast-seo-wordpress\/ -->\n<title>Himalaj\u0173 \u0161viesa II: Klajon\u0117s po kalnus<\/title>\n<meta name=\"description\" content=\"Autorius toliau t\u0119sia apm\u0105stym\u0173 cikl\u0105 sav\u0119s ugdymo link. Kelion\u0117s kaip egzistencinis pradas gali tapti ne vien pa\u017einimo, pasaul\u0117\u017ei\u016bros pl\u0117tros, bet ir\" \/>\n<meta name=\"robots\" content=\"index, follow, max-snippet:-1, max-image-preview:large, max-video-preview:-1\" \/>\n<link rel=\"canonical\" href=\"https:\/\/skaitytaknyga.lt\/en\/produktas\/himalaju-sviesa-ii-klajones-po-kalnus\/\" \/>\n<meta property=\"og:locale\" content=\"en_GB\" \/>\n<meta property=\"og:locale:alternate\" content=\"lt_LT\" \/>\n<meta property=\"og:type\" content=\"article\" \/>\n<meta property=\"og:title\" content=\"Himalaj\u0173 \u0161viesa II: Klajon\u0117s po kalnus\" \/>\n<meta property=\"og:description\" content=\"Autorius toliau t\u0119sia apm\u0105stym\u0173 cikl\u0105 sav\u0119s ugdymo link. Kelion\u0117s kaip egzistencinis pradas gali tapti ne vien pa\u017einimo, pasaul\u0117\u017ei\u016bros pl\u0117tros, bet ir\" \/>\n<meta property=\"og:url\" content=\"https:\/\/skaitytaknyga.lt\/en\/produktas\/himalaju-sviesa-ii-klajones-po-kalnus\/\" \/>\n<meta property=\"og:site_name\" content=\"Skaitytaknyga\" \/>\n<meta property=\"article:publisher\" content=\"https:\/\/www.facebook.com\/skaitytaknyga\/\" \/>\n<meta property=\"article:modified_time\" content=\"2025-08-01T05:22:04+00:00\" \/>\n<meta property=\"og:image\" content=\"https:\/\/skaitytaknyga.lt\/wp-content\/uploads\/2025\/07\/Himalaju-sviesa-II-Klajones-po-kalnus.webp\" \/>\n\t<meta property=\"og:image:width\" content=\"393\" \/>\n\t<meta property=\"og:image:height\" content=\"575\" \/>\n\t<meta property=\"og:image:type\" content=\"image\/webp\" \/>\n<meta name=\"twitter:card\" content=\"summary_large_image\" \/>\n<script type=\"application\/ld+json\" class=\"yoast-schema-graph\">{\"@context\":\"https:\/\/schema.org\",\"@graph\":[{\"@type\":\"WebPage\",\"@id\":\"https:\/\/skaitytaknyga.lt\/produktas\/himalaju-sviesa-ii-klajones-po-kalnus\/\",\"url\":\"https:\/\/skaitytaknyga.lt\/produktas\/himalaju-sviesa-ii-klajones-po-kalnus\/\",\"name\":\"Himalaj\u0173 \u0161viesa II: Klajon\u0117s po kalnus\",\"isPartOf\":{\"@id\":\"https:\/\/skaitytaknyga.lt\/#website\"},\"primaryImageOfPage\":{\"@id\":\"https:\/\/skaitytaknyga.lt\/produktas\/himalaju-sviesa-ii-klajones-po-kalnus\/#primaryimage\"},\"image\":{\"@id\":\"https:\/\/skaitytaknyga.lt\/produktas\/himalaju-sviesa-ii-klajones-po-kalnus\/#primaryimage\"},\"thumbnailUrl\":\"https:\/\/skaitytaknyga.lt\/wp-content\/uploads\/2025\/07\/Himalaju-sviesa-II-Klajones-po-kalnus.webp\",\"datePublished\":\"2025-07-22T05:59:30+00:00\",\"dateModified\":\"2025-08-01T05:22:04+00:00\",\"description\":\"Autorius toliau t\u0119sia apm\u0105stym\u0173 cikl\u0105 sav\u0119s ugdymo link. Kelion\u0117s kaip egzistencinis pradas gali tapti ne vien pa\u017einimo, pasaul\u0117\u017ei\u016bros pl\u0117tros, bet ir\",\"breadcrumb\":{\"@id\":\"https:\/\/skaitytaknyga.lt\/produktas\/himalaju-sviesa-ii-klajones-po-kalnus\/#breadcrumb\"},\"inLanguage\":\"en-GB\",\"potentialAction\":[{\"@type\":\"ReadAction\",\"target\":[\"https:\/\/skaitytaknyga.lt\/produktas\/himalaju-sviesa-ii-klajones-po-kalnus\/\"]}]},{\"@type\":\"ImageObject\",\"inLanguage\":\"en-GB\",\"@id\":\"https:\/\/skaitytaknyga.lt\/produktas\/himalaju-sviesa-ii-klajones-po-kalnus\/#primaryimage\",\"url\":\"https:\/\/skaitytaknyga.lt\/wp-content\/uploads\/2025\/07\/Himalaju-sviesa-II-Klajones-po-kalnus.webp\",\"contentUrl\":\"https:\/\/skaitytaknyga.lt\/wp-content\/uploads\/2025\/07\/Himalaju-sviesa-II-Klajones-po-kalnus.webp\",\"width\":393,\"height\":575,\"caption\":\"Himalaj\u0173 \u0161viesa II: Klajon\u0117s po kalnus\"},{\"@type\":\"BreadcrumbList\",\"@id\":\"https:\/\/skaitytaknyga.lt\/produktas\/himalaju-sviesa-ii-klajones-po-kalnus\/#breadcrumb\",\"itemListElement\":[{\"@type\":\"ListItem\",\"position\":1,\"name\":\"Home\",\"item\":\"https:\/\/skaitytaknyga.lt\/\"},{\"@type\":\"ListItem\",\"position\":2,\"name\":\"Parduotuv\u0117\",\"item\":\"https:\/\/skaitytaknyga.lt\/knygu-parduotuve\/\"},{\"@type\":\"ListItem\",\"position\":3,\"name\":\"Himalaj\u0173 \u0161viesa II: Klajon\u0117s po kalnus\"}]},{\"@type\":\"WebSite\",\"@id\":\"https:\/\/skaitytaknyga.lt\/#website\",\"url\":\"https:\/\/skaitytaknyga.lt\/\",\"name\":\"skaitytaknyga.lt\",\"description\":\"Skaitytaknyga.lt \u2013 tai ma\u017eas \u0161eimos verslas, kuris prasid\u0117jo nuo meil\u0117s knygoms ir siekio i\u0161gelb\u0117ti knygas nuo likimo prie konteinerio. Kas vienam nereikalingas daiktas \u2013 kitam lobis, o mes esame tarpininkai, kurie padeda abiems tapti laimingesniems ???? \u017dinome kaip nelengva i\u0161gyventi ma\u017eiems verslams, tad nuo \u0161iol, \u010dia rasite ir kit\u0173, ma\u017e\u0173 \u0161eim\u0173 versl\u0173, rank\u0173 darbo, dovan\u0173 sau ir artimiesiems.\",\"publisher\":{\"@id\":\"https:\/\/skaitytaknyga.lt\/#organization\"},\"potentialAction\":[{\"@type\":\"SearchAction\",\"target\":{\"@type\":\"EntryPoint\",\"urlTemplate\":\"https:\/\/skaitytaknyga.lt\/?s={search_term_string}\"},\"query-input\":{\"@type\":\"PropertyValueSpecification\",\"valueRequired\":true,\"valueName\":\"search_term_string\"}}],\"inLanguage\":\"en-GB\"},{\"@type\":\"Organization\",\"@id\":\"https:\/\/skaitytaknyga.lt\/#organization\",\"name\":\"skaitytaknyga.lt\",\"url\":\"https:\/\/skaitytaknyga.lt\/\",\"logo\":{\"@type\":\"ImageObject\",\"inLanguage\":\"en-GB\",\"@id\":\"https:\/\/skaitytaknyga.lt\/#\/schema\/logo\/image\/\",\"url\":\"https:\/\/skaitytaknyga.lt\/wp-content\/uploads\/2024\/05\/cropped-cropped-cropped-02_00843_jt3bggkj1j3HLc7SyY6rEUpg.jpeg\",\"contentUrl\":\"https:\/\/skaitytaknyga.lt\/wp-content\/uploads\/2024\/05\/cropped-cropped-cropped-02_00843_jt3bggkj1j3HLc7SyY6rEUpg.jpeg\",\"width\":1600,\"height\":1600,\"caption\":\"skaitytaknyga.lt\"},\"image\":{\"@id\":\"https:\/\/skaitytaknyga.lt\/#\/schema\/logo\/image\/\"},\"sameAs\":[\"https:\/\/www.facebook.com\/skaitytaknyga\/\"]}]}<\/script>\n<!-- \/ Yoast SEO plugin. -->","yoast_head_json":{"title":"Himalaj\u0173 \u0161viesa II: Klajon\u0117s po kalnus","description":"Autorius toliau t\u0119sia apm\u0105stym\u0173 cikl\u0105 sav\u0119s ugdymo link. Kelion\u0117s kaip egzistencinis pradas gali tapti ne vien pa\u017einimo, pasaul\u0117\u017ei\u016bros pl\u0117tros, bet ir","robots":{"index":"index","follow":"follow","max-snippet":"max-snippet:-1","max-image-preview":"max-image-preview:large","max-video-preview":"max-video-preview:-1"},"canonical":"https:\/\/skaitytaknyga.lt\/en\/produktas\/himalaju-sviesa-ii-klajones-po-kalnus\/","og_locale":"en_GB","og_type":"article","og_title":"[:lt]Himalaj\u0173 \u0161viesa II: Klajon\u0117s po kalnus[:] - Skaitytaknyga","og_description":"Autorius toliau t\u0119sia apm\u0105stym\u0173 cikl\u0105 sav\u0119s ugdymo link. Kelion\u0117s kaip egzistencinis pradas gali tapti ne vien pa\u017einimo, pasaul\u0117\u017ei\u016bros pl\u0117tros, bet ir","og_url":"https:\/\/skaitytaknyga.lt\/en\/produktas\/himalaju-sviesa-ii-klajones-po-kalnus\/","og_site_name":"Skaitytaknyga","article_publisher":"https:\/\/www.facebook.com\/skaitytaknyga\/","article_modified_time":"2025-08-01T05:22:04+00:00","og_image":[{"width":393,"height":575,"url":"https:\/\/skaitytaknyga.lt\/wp-content\/uploads\/2025\/07\/Himalaju-sviesa-II-Klajones-po-kalnus.webp","type":"image\/webp"}],"twitter_card":"summary_large_image","schema":{"@context":"https:\/\/schema.org","@graph":[{"@type":"WebPage","@id":"https:\/\/skaitytaknyga.lt\/produktas\/himalaju-sviesa-ii-klajones-po-kalnus\/","url":"https:\/\/skaitytaknyga.lt\/produktas\/himalaju-sviesa-ii-klajones-po-kalnus\/","name":"Himalaj\u0173 \u0161viesa II: Klajon\u0117s po kalnus","isPartOf":{"@id":"https:\/\/skaitytaknyga.lt\/#website"},"primaryImageOfPage":{"@id":"https:\/\/skaitytaknyga.lt\/produktas\/himalaju-sviesa-ii-klajones-po-kalnus\/#primaryimage"},"image":{"@id":"https:\/\/skaitytaknyga.lt\/produktas\/himalaju-sviesa-ii-klajones-po-kalnus\/#primaryimage"},"thumbnailUrl":"https:\/\/skaitytaknyga.lt\/wp-content\/uploads\/2025\/07\/Himalaju-sviesa-II-Klajones-po-kalnus.webp","datePublished":"2025-07-22T05:59:30+00:00","dateModified":"2025-08-01T05:22:04+00:00","description":"Autorius toliau t\u0119sia apm\u0105stym\u0173 cikl\u0105 sav\u0119s ugdymo link. Kelion\u0117s kaip egzistencinis pradas gali tapti ne vien pa\u017einimo, pasaul\u0117\u017ei\u016bros pl\u0117tros, bet ir","breadcrumb":{"@id":"https:\/\/skaitytaknyga.lt\/produktas\/himalaju-sviesa-ii-klajones-po-kalnus\/#breadcrumb"},"inLanguage":"en-GB","potentialAction":[{"@type":"ReadAction","target":["https:\/\/skaitytaknyga.lt\/produktas\/himalaju-sviesa-ii-klajones-po-kalnus\/"]}]},{"@type":"ImageObject","inLanguage":"en-GB","@id":"https:\/\/skaitytaknyga.lt\/produktas\/himalaju-sviesa-ii-klajones-po-kalnus\/#primaryimage","url":"https:\/\/skaitytaknyga.lt\/wp-content\/uploads\/2025\/07\/Himalaju-sviesa-II-Klajones-po-kalnus.webp","contentUrl":"https:\/\/skaitytaknyga.lt\/wp-content\/uploads\/2025\/07\/Himalaju-sviesa-II-Klajones-po-kalnus.webp","width":393,"height":575,"caption":"Himalaj\u0173 \u0161viesa II: Klajon\u0117s po kalnus"},{"@type":"BreadcrumbList","@id":"https:\/\/skaitytaknyga.lt\/produktas\/himalaju-sviesa-ii-klajones-po-kalnus\/#breadcrumb","itemListElement":[{"@type":"ListItem","position":1,"name":"Home","item":"https:\/\/skaitytaknyga.lt\/"},{"@type":"ListItem","position":2,"name":"Parduotuv\u0117","item":"https:\/\/skaitytaknyga.lt\/knygu-parduotuve\/"},{"@type":"ListItem","position":3,"name":"Himalaj\u0173 \u0161viesa II: Klajon\u0117s po kalnus"}]},{"@type":"WebSite","@id":"https:\/\/skaitytaknyga.lt\/#website","url":"https:\/\/skaitytaknyga.lt\/","name":"skaitytaknyga.lt","description":"Skaitytaknyga.lt \u2013 tai ma\u017eas \u0161eimos verslas, kuris prasid\u0117jo nuo meil\u0117s knygoms ir siekio i\u0161gelb\u0117ti knygas nuo likimo prie konteinerio. Kas vienam nereikalingas daiktas \u2013 kitam lobis, o mes esame tarpininkai, kurie padeda abiems tapti laimingesniems ???? \u017dinome kaip nelengva i\u0161gyventi ma\u017eiems verslams, tad nuo \u0161iol, \u010dia rasite ir kit\u0173, ma\u017e\u0173 \u0161eim\u0173 versl\u0173, rank\u0173 darbo, dovan\u0173 sau ir artimiesiems.","publisher":{"@id":"https:\/\/skaitytaknyga.lt\/#organization"},"potentialAction":[{"@type":"SearchAction","target":{"@type":"EntryPoint","urlTemplate":"https:\/\/skaitytaknyga.lt\/?s={search_term_string}"},"query-input":{"@type":"PropertyValueSpecification","valueRequired":true,"valueName":"search_term_string"}}],"inLanguage":"en-GB"},{"@type":"Organization","@id":"https:\/\/skaitytaknyga.lt\/#organization","name":"skaitytaknyga.lt","url":"https:\/\/skaitytaknyga.lt\/","logo":{"@type":"ImageObject","inLanguage":"en-GB","@id":"https:\/\/skaitytaknyga.lt\/#\/schema\/logo\/image\/","url":"https:\/\/skaitytaknyga.lt\/wp-content\/uploads\/2024\/05\/cropped-cropped-cropped-02_00843_jt3bggkj1j3HLc7SyY6rEUpg.jpeg","contentUrl":"https:\/\/skaitytaknyga.lt\/wp-content\/uploads\/2024\/05\/cropped-cropped-cropped-02_00843_jt3bggkj1j3HLc7SyY6rEUpg.jpeg","width":1600,"height":1600,"caption":"skaitytaknyga.lt"},"image":{"@id":"https:\/\/skaitytaknyga.lt\/#\/schema\/logo\/image\/"},"sameAs":["https:\/\/www.facebook.com\/skaitytaknyga\/"]}]}},"_links":{"self":[{"href":"https:\/\/skaitytaknyga.lt\/en\/wp-json\/wp\/v2\/product\/19658","targetHints":{"allow":["GET"]}}],"collection":[{"href":"https:\/\/skaitytaknyga.lt\/en\/wp-json\/wp\/v2\/product"}],"about":[{"href":"https:\/\/skaitytaknyga.lt\/en\/wp-json\/wp\/v2\/types\/product"}],"replies":[{"embeddable":true,"href":"https:\/\/skaitytaknyga.lt\/en\/wp-json\/wp\/v2\/comments?post=19658"}],"wp:featuredmedia":[{"embeddable":true,"href":"https:\/\/skaitytaknyga.lt\/en\/wp-json\/wp\/v2\/media\/19663"}],"wp:attachment":[{"href":"https:\/\/skaitytaknyga.lt\/en\/wp-json\/wp\/v2\/media?parent=19658"}],"wp:term":[{"taxonomy":"product_brand","embeddable":true,"href":"https:\/\/skaitytaknyga.lt\/en\/wp-json\/wp\/v2\/product_brand?post=19658"},{"taxonomy":"product_cat","embeddable":true,"href":"https:\/\/skaitytaknyga.lt\/en\/wp-json\/wp\/v2\/product_cat?post=19658"},{"taxonomy":"product_tag","embeddable":true,"href":"https:\/\/skaitytaknyga.lt\/en\/wp-json\/wp\/v2\/product_tag?post=19658"}],"curies":[{"name":"wp","href":"https:\/\/api.w.org\/{rel}","templated":true}]}}