{"id":19652,"date":"2025-07-22T08:24:44","date_gmt":"2025-07-22T05:24:44","guid":{"rendered":"https:\/\/skaitytaknyga.lt\/?post_type=product&#038;p=19652"},"modified":"2026-03-05T10:36:33","modified_gmt":"2026-03-05T08:36:33","slug":"deze","status":"publish","type":"product","link":"https:\/\/skaitytaknyga.lt\/en\/produktas\/deze\/","title":{"rendered":"D\u0117\u017e\u0117"},"content":{"rendered":"<p>Du labai populiar\u016bs \u0160vedijoje autoriai \u2013 Camilla L\u00e4ckberg ir Henrikas Fexeus \u2013 pristato kvap\u0105 gniau\u017eiant\u012f detektyvin\u012f triler\u012f \u201eD\u0117\u017e\u0117&#8221;. \u0160i knyga labiausiai prad\u017eiugins Jo Nesb\u00f8 ir televizijos serialo \u201eMentalistas&#8221; gerb\u0117jus. Kupina geriausi\u0173 Skandinavijos trileri\u0173 tradicij\u0173, \u201eD\u0117\u017e\u0117&#8221; yra pirmoji b\u016bsimos trilogijos apie policijos detektyv\u0117s Minos ir mentalisto Vincento darb\u0105 dalis.<\/p>\n<p>Kai Stokholme aptinkama auka \u2013 kardais subadyta moteris d\u0117\u017e\u0117je, pirmoji policininkai sutrinka. Ar tai \u017eiauri \u017emog\u017eudyst\u0117, ar tiesiog nepavyk\u0119s iliuzionisto pasirodymas? Byl\u0105 tirianti policinink\u0117 i\u0161 specialiosios grup\u0117s Mina Dabiri \u012f pagalb\u0105 pasitelkia mentalist\u0105 Vincent\u0105 Valder\u012f, puikiai \u0161ifruojant\u012f ir k\u016bno kalb\u0105. Bendromis j\u0117gomis \u0117m\u0119 tirti nusikaltim\u0105 netrukus i\u0161siai\u0161kina apie dar vien\u0105, kuris taip pat primena nes\u0117kming\u0105 pasirodym\u0105 cirke. \u0160\u012fkart atrodo, kad auka \u017euvo, dantimis gaudydama kulk\u0105. Tre\u010dioji \u017emog\u017eudyst\u0117 nepalieka abejoni\u0173, kad bus ir ketvirta.<\/p>\n<p>Tiek Mina, tiek Vincentas yra tikri savo srities profesionalai, ta\u010diau bendravimas su \u017emon\u0117mis n\u0117ra stiprioji abiej\u0173 pus\u0117. Nepadeda ir tai, kad kiekvienas turi tamsi\u0173 asmenini\u0173 paslap\u010di\u0173. Pama\u017eu ima ai\u0161k\u0117ti, kad b\u016btent Vincento praeitis keistai siejasi su dabar tiriamais nusikaltimais. Prasideda \u012ftampos ir baim\u0117s kupinos lenktyn\u0117s su laiku, siekiant sugauti \u017eudik\u0105 ir u\u017ekirsti keli\u0105 Stokholm\u0105 iman\u010diam kaustyti siaubui.<\/p>\n<p>Henrikas Fexeus \u2013 \u017einomas \u0161ved\u0173 mentalistas, k\u016bno kalbos specialistas, knyg\u0173 autorius ir televizijos laid\u0173 ved\u0117jas. Jis yra para\u0161\u0119s 12 knyg\u0173, visame pasaulyje j\u0173 parduota daugiau nei 1,2 milijono egzempliori\u0173 35 kalbomis. Nema\u017eai i\u0161leista ir lietuvi\u0161kai: \u201ePersikrauk! I\u0161mok laiku sustoti&#8221;, \u201eNuostabus protas. I\u0161samus asmenyb\u0117s tobulinimo kursas&#8221;, \u201eMin\u010di\u0173 skaitymo menas&#8221; ir kt.<\/p>\n<p>Camilla L\u00e4ckberg \u2013 viena s\u0117kmingiausi\u0173 \u0160vedijos ra\u0161ytoj\u0173. Jos knyg\u0173 i\u0161versta \u012f daugiau nei 40 kalb\u0173, i\u0161leista daugiau nei 60-yje \u0161ali\u0173, parduota daugiau nei 30 milijon\u0173 kopij\u0173 tira\u017eu.<\/p>\n","protected":false},"excerpt":{"rendered":"<p>Du labai populiar\u016bs \u0160vedijoje autoriai \u2013 Camilla L\u00e4ckberg ir Henrikas Fexeus \u2013 pristato kvap\u0105 gniau\u017eiant\u012f detektyvin\u012f triler\u012f \u201eD\u0117\u017e\u0117&#8221;. \u0160i knyga labiausiai prad\u017eiugins Jo Nesb\u00f8 ir televizijos serialo \u201eMentalistas&#8221; gerb\u0117jus. Kupina geriausi\u0173 Skandinavijos trileri\u0173 tradicij\u0173, \u201eD\u0117\u017e\u0117&#8221; yra pirmoji b\u016bsimos trilogijos apie policijos detektyv\u0117s Minos ir mentalisto Vincento darb\u0105 dalis. Kai Stokholme aptinkama auka \u2013 kardais subadyta moteris d\u0117\u017e\u0117je, pirmoji policininkai sutrinka. Ar tai \u017eiauri \u017emog\u017eudyst\u0117, ar tiesiog nepavyk\u0119s iliuzionisto pasirodymas? Byl\u0105 tirianti policinink\u0117 i\u0161 specialiosios grup\u0117s Mina Dabiri \u012f pagalb\u0105 pasitelkia mentalist\u0105 Vincent\u0105 Valder\u012f, puikiai \u0161ifruojant\u012f ir k\u016bno kalb\u0105. Bendromis j\u0117gomis \u0117m\u0119 tirti nusikaltim\u0105 netrukus i\u0161siai\u0161kina apie dar vien\u0105, kuris taip pat primena nes\u0117kming\u0105 pasirodym\u0105 cirke. \u0160\u012fkart atrodo, kad auka \u017euvo, dantimis gaudydama kulk\u0105. Tre\u010dioji \u017emog\u017eudyst\u0117 nepalieka abejoni\u0173, kad bus ir ketvirta. Tiek Mina, tiek Vincentas yra tikri savo srities profesionalai, ta\u010diau bendravimas su \u017emon\u0117mis n\u0117ra stiprioji abiej\u0173 pus\u0117. Nepadeda ir tai, kad kiekvienas turi tamsi\u0173 asmenini\u0173 paslap\u010di\u0173. Pama\u017eu ima ai\u0161k\u0117ti, kad b\u016btent Vincento praeitis keistai siejasi su dabar tiriamais nusikaltimais. Prasideda \u012ftampos ir baim\u0117s kupinos lenktyn\u0117s su laiku, siekiant sugauti \u017eudik\u0105 ir u\u017ekirsti keli\u0105 Stokholm\u0105 iman\u010diam kaustyti siaubui. Henrikas Fexeus \u2013 \u017einomas \u0161ved\u0173 mentalistas, k\u016bno kalbos specialistas, knyg\u0173 autorius ir televizijos laid\u0173 ved\u0117jas. Jis yra para\u0161\u0119s 12 knyg\u0173, visame pasaulyje j\u0173 parduota daugiau nei 1,2 milijono egzempliori\u0173 35 kalbomis. Nema\u017eai i\u0161leista ir lietuvi\u0161kai: \u201ePersikrauk! I\u0161mok laiku sustoti&#8221;, \u201eNuostabus protas. I\u0161samus asmenyb\u0117s tobulinimo kursas&#8221;, \u201eMin\u010di\u0173 skaitymo menas&#8221; ir kt. Camilla L\u00e4ckberg \u2013 viena s\u0117kmingiausi\u0173 \u0160vedijos ra\u0161ytoj\u0173. Jos knyg\u0173 i\u0161versta \u012f daugiau nei 40 kalb\u0173, i\u0161leista daugiau nei 60-yje \u0161ali\u0173, parduota daugiau nei 30 milijon\u0173 kopij\u0173 tira\u017eu.<\/p>\n","protected":false},"featured_media":19657,"comment_status":"open","ping_status":"closed","template":"","meta":{"_acf_changed":false,"site-sidebar-layout":"default","site-content-layout":"","ast-site-content-layout":"default","site-content-style":"default","site-sidebar-style":"default","ast-global-header-display":"","ast-banner-title-visibility":"","ast-main-header-display":"","ast-hfb-above-header-display":"","ast-hfb-below-header-display":"","ast-hfb-mobile-header-display":"","site-post-title":"","ast-breadcrumbs-content":"","ast-featured-img":"","footer-sml-layout":"","ast-disable-related-posts":"","theme-transparent-header-meta":"","adv-header-id-meta":"","stick-header-meta":"","header-above-stick-meta":"","header-main-stick-meta":"","header-below-stick-meta":"","astra-migrate-meta-layouts":"default","ast-page-background-enabled":"default","ast-page-background-meta":{"desktop":{"background-color":"","background-image":"","background-repeat":"repeat","background-position":"center center","background-size":"auto","background-attachment":"scroll","background-type":"","background-media":"","overlay-type":"","overlay-color":"","overlay-opacity":"","overlay-gradient":""},"tablet":{"background-color":"","background-image":"","background-repeat":"repeat","background-position":"center center","background-size":"auto","background-attachment":"scroll","background-type":"","background-media":"","overlay-type":"","overlay-color":"","overlay-opacity":"","overlay-gradient":""},"mobile":{"background-color":"","background-image":"","background-repeat":"repeat","background-position":"center center","background-size":"auto","background-attachment":"scroll","background-type":"","background-media":"","overlay-type":"","overlay-color":"","overlay-opacity":"","overlay-gradient":""}},"ast-content-background-meta":{"desktop":{"background-color":"var(--ast-global-color-4)","background-image":"","background-repeat":"repeat","background-position":"center center","background-size":"auto","background-attachment":"scroll","background-type":"","background-media":"","overlay-type":"","overlay-color":"","overlay-opacity":"","overlay-gradient":""},"tablet":{"background-color":"var(--ast-global-color-4)","background-image":"","background-repeat":"repeat","background-position":"center center","background-size":"auto","background-attachment":"scroll","background-type":"","background-media":"","overlay-type":"","overlay-color":"","overlay-opacity":"","overlay-gradient":""},"mobile":{"background-color":"var(--ast-global-color-4)","background-image":"","background-repeat":"repeat","background-position":"center center","background-size":"auto","background-attachment":"scroll","background-type":"","background-media":"","overlay-type":"","overlay-color":"","overlay-opacity":"","overlay-gradient":""}}},"product_brand":[],"product_cat":[9581],"product_tag":[6339,1476,2030,1587,6338],"class_list":{"0":"post-19652","1":"product","2":"type-product","3":"status-publish","4":"has-post-thumbnail","6":"product_cat-kriminaliniai-romanai","7":"product_tag-camilla-lackberg","8":"product_tag-detektyvas","9":"product_tag-skandinavija","10":"product_tag-trileris","11":"product_tag-zudymas","12":"desktop-align-left","13":"tablet-align-left","14":"mobile-align-left","16":"first","17":"instock","18":"shipping-taxable","19":"purchasable","20":"product-type-simple"},"acf":[],"yoast_head":"<!-- This site is optimized with the Yoast SEO plugin v27.0 - https:\/\/yoast.com\/product\/yoast-seo-wordpress\/ -->\n<title>D\u0117\u017e\u0117<\/title>\n<meta name=\"description\" content=\"Du labai populiar\u016bs \u0160vedijoje autoriai \u2013 Camilla L\u00e4ckberg ir Henrikas Fexeus \u2013 pristato kvap\u0105 gniau\u017eiant\u012f detektyvin\u012f triler\u012f \u201eD\u0117\u017e\u0117&quot;. \u0160i knyga labiausiai\" \/>\n<meta name=\"robots\" content=\"index, follow, max-snippet:-1, max-image-preview:large, max-video-preview:-1\" \/>\n<link rel=\"canonical\" href=\"https:\/\/skaitytaknyga.lt\/en\/produktas\/deze\/\" \/>\n<meta property=\"og:locale\" content=\"en_GB\" \/>\n<meta property=\"og:locale:alternate\" content=\"lt_LT\" \/>\n<meta property=\"og:type\" content=\"article\" \/>\n<meta property=\"og:title\" content=\"D\u0117\u017e\u0117\" \/>\n<meta property=\"og:description\" content=\"Du labai populiar\u016bs \u0160vedijoje autoriai \u2013 Camilla L\u00e4ckberg ir Henrikas Fexeus \u2013 pristato kvap\u0105 gniau\u017eiant\u012f detektyvin\u012f triler\u012f \u201eD\u0117\u017e\u0117&quot;. \u0160i knyga labiausiai\" \/>\n<meta property=\"og:url\" content=\"https:\/\/skaitytaknyga.lt\/en\/produktas\/deze\/\" \/>\n<meta property=\"og:site_name\" content=\"Skaitytaknyga\" \/>\n<meta property=\"article:publisher\" content=\"https:\/\/www.facebook.com\/skaitytaknyga\/\" \/>\n<meta property=\"article:modified_time\" content=\"2026-03-05T08:36:33+00:00\" \/>\n<meta property=\"og:image\" content=\"https:\/\/skaitytaknyga.lt\/wp-content\/uploads\/2025\/07\/Deze.webp\" \/>\n\t<meta property=\"og:image:width\" content=\"402\" \/>\n\t<meta property=\"og:image:height\" content=\"600\" \/>\n\t<meta property=\"og:image:type\" content=\"image\/webp\" \/>\n<meta name=\"twitter:card\" content=\"summary_large_image\" \/>\n<meta name=\"twitter:label1\" content=\"Estimated reading time\" \/>\n\t<meta name=\"twitter:data1\" content=\"1 minute\" \/>\n<script type=\"application\/ld+json\" class=\"yoast-schema-graph\">{\"@context\":\"https:\/\/schema.org\",\"@graph\":[{\"@type\":\"WebPage\",\"@id\":\"https:\/\/skaitytaknyga.lt\/produktas\/deze\/\",\"url\":\"https:\/\/skaitytaknyga.lt\/produktas\/deze\/\",\"name\":\"D\u0117\u017e\u0117\",\"isPartOf\":{\"@id\":\"https:\/\/skaitytaknyga.lt\/#website\"},\"primaryImageOfPage\":{\"@id\":\"https:\/\/skaitytaknyga.lt\/produktas\/deze\/#primaryimage\"},\"image\":{\"@id\":\"https:\/\/skaitytaknyga.lt\/produktas\/deze\/#primaryimage\"},\"thumbnailUrl\":\"https:\/\/skaitytaknyga.lt\/wp-content\/uploads\/2025\/07\/Deze.webp\",\"datePublished\":\"2025-07-22T05:24:44+00:00\",\"dateModified\":\"2026-03-05T08:36:33+00:00\",\"description\":\"Du labai populiar\u016bs \u0160vedijoje autoriai \u2013 Camilla L\u00e4ckberg ir Henrikas Fexeus \u2013 pristato kvap\u0105 gniau\u017eiant\u012f detektyvin\u012f triler\u012f \u201eD\u0117\u017e\u0117\\\". \u0160i knyga labiausiai\",\"breadcrumb\":{\"@id\":\"https:\/\/skaitytaknyga.lt\/produktas\/deze\/#breadcrumb\"},\"inLanguage\":\"en-GB\",\"potentialAction\":[{\"@type\":\"ReadAction\",\"target\":[\"https:\/\/skaitytaknyga.lt\/produktas\/deze\/\"]}]},{\"@type\":\"ImageObject\",\"inLanguage\":\"en-GB\",\"@id\":\"https:\/\/skaitytaknyga.lt\/produktas\/deze\/#primaryimage\",\"url\":\"https:\/\/skaitytaknyga.lt\/wp-content\/uploads\/2025\/07\/Deze.webp\",\"contentUrl\":\"https:\/\/skaitytaknyga.lt\/wp-content\/uploads\/2025\/07\/Deze.webp\",\"width\":402,\"height\":600},{\"@type\":\"BreadcrumbList\",\"@id\":\"https:\/\/skaitytaknyga.lt\/produktas\/deze\/#breadcrumb\",\"itemListElement\":[{\"@type\":\"ListItem\",\"position\":1,\"name\":\"Home\",\"item\":\"https:\/\/skaitytaknyga.lt\/\"},{\"@type\":\"ListItem\",\"position\":2,\"name\":\"Parduotuv\u0117\",\"item\":\"https:\/\/skaitytaknyga.lt\/knygu-parduotuve\/\"},{\"@type\":\"ListItem\",\"position\":3,\"name\":\"D\u0117\u017e\u0117\"}]},{\"@type\":\"WebSite\",\"@id\":\"https:\/\/skaitytaknyga.lt\/#website\",\"url\":\"https:\/\/skaitytaknyga.lt\/\",\"name\":\"skaitytaknyga.lt\",\"description\":\"Skaitytaknyga.lt \u2013 tai ma\u017eas \u0161eimos verslas, kuris prasid\u0117jo nuo meil\u0117s knygoms ir siekio i\u0161gelb\u0117ti knygas nuo likimo prie konteinerio. Kas vienam nereikalingas daiktas \u2013 kitam lobis, o mes esame tarpininkai, kurie padeda abiems tapti laimingesniems ???? \u017dinome kaip nelengva i\u0161gyventi ma\u017eiems verslams, tad nuo \u0161iol, \u010dia rasite ir kit\u0173, ma\u017e\u0173 \u0161eim\u0173 versl\u0173, rank\u0173 darbo, dovan\u0173 sau ir artimiesiems.\",\"publisher\":{\"@id\":\"https:\/\/skaitytaknyga.lt\/#organization\"},\"potentialAction\":[{\"@type\":\"SearchAction\",\"target\":{\"@type\":\"EntryPoint\",\"urlTemplate\":\"https:\/\/skaitytaknyga.lt\/?s={search_term_string}\"},\"query-input\":{\"@type\":\"PropertyValueSpecification\",\"valueRequired\":true,\"valueName\":\"search_term_string\"}}],\"inLanguage\":\"en-GB\"},{\"@type\":\"Organization\",\"@id\":\"https:\/\/skaitytaknyga.lt\/#organization\",\"name\":\"skaitytaknyga.lt\",\"url\":\"https:\/\/skaitytaknyga.lt\/\",\"logo\":{\"@type\":\"ImageObject\",\"inLanguage\":\"en-GB\",\"@id\":\"https:\/\/skaitytaknyga.lt\/#\/schema\/logo\/image\/\",\"url\":\"https:\/\/skaitytaknyga.lt\/wp-content\/uploads\/2024\/05\/cropped-cropped-cropped-02_00843_jt3bggkj1j3HLc7SyY6rEUpg.jpeg\",\"contentUrl\":\"https:\/\/skaitytaknyga.lt\/wp-content\/uploads\/2024\/05\/cropped-cropped-cropped-02_00843_jt3bggkj1j3HLc7SyY6rEUpg.jpeg\",\"width\":1600,\"height\":1600,\"caption\":\"skaitytaknyga.lt\"},\"image\":{\"@id\":\"https:\/\/skaitytaknyga.lt\/#\/schema\/logo\/image\/\"},\"sameAs\":[\"https:\/\/www.facebook.com\/skaitytaknyga\/\"]}]}<\/script>\n<!-- \/ Yoast SEO plugin. -->","yoast_head_json":{"title":"D\u0117\u017e\u0117","description":"Du labai populiar\u016bs \u0160vedijoje autoriai \u2013 Camilla L\u00e4ckberg ir Henrikas Fexeus \u2013 pristato kvap\u0105 gniau\u017eiant\u012f detektyvin\u012f triler\u012f \u201eD\u0117\u017e\u0117\". \u0160i knyga labiausiai","robots":{"index":"index","follow":"follow","max-snippet":"max-snippet:-1","max-image-preview":"max-image-preview:large","max-video-preview":"max-video-preview:-1"},"canonical":"https:\/\/skaitytaknyga.lt\/en\/produktas\/deze\/","og_locale":"en_GB","og_type":"article","og_title":"[:lt]D\u0117\u017e\u0117[:] - Skaitytaknyga","og_description":"Du labai populiar\u016bs \u0160vedijoje autoriai \u2013 Camilla L\u00e4ckberg ir Henrikas Fexeus \u2013 pristato kvap\u0105 gniau\u017eiant\u012f detektyvin\u012f triler\u012f \u201eD\u0117\u017e\u0117\". \u0160i knyga labiausiai","og_url":"https:\/\/skaitytaknyga.lt\/en\/produktas\/deze\/","og_site_name":"Skaitytaknyga","article_publisher":"https:\/\/www.facebook.com\/skaitytaknyga\/","article_modified_time":"2026-03-05T08:36:33+00:00","og_image":[{"width":402,"height":600,"url":"https:\/\/skaitytaknyga.lt\/wp-content\/uploads\/2025\/07\/Deze.webp","type":"image\/webp"}],"twitter_card":"summary_large_image","twitter_misc":{"Estimated reading time":"1 minute"},"schema":{"@context":"https:\/\/schema.org","@graph":[{"@type":"WebPage","@id":"https:\/\/skaitytaknyga.lt\/produktas\/deze\/","url":"https:\/\/skaitytaknyga.lt\/produktas\/deze\/","name":"D\u0117\u017e\u0117","isPartOf":{"@id":"https:\/\/skaitytaknyga.lt\/#website"},"primaryImageOfPage":{"@id":"https:\/\/skaitytaknyga.lt\/produktas\/deze\/#primaryimage"},"image":{"@id":"https:\/\/skaitytaknyga.lt\/produktas\/deze\/#primaryimage"},"thumbnailUrl":"https:\/\/skaitytaknyga.lt\/wp-content\/uploads\/2025\/07\/Deze.webp","datePublished":"2025-07-22T05:24:44+00:00","dateModified":"2026-03-05T08:36:33+00:00","description":"Du labai populiar\u016bs \u0160vedijoje autoriai \u2013 Camilla L\u00e4ckberg ir Henrikas Fexeus \u2013 pristato kvap\u0105 gniau\u017eiant\u012f detektyvin\u012f triler\u012f \u201eD\u0117\u017e\u0117\". \u0160i knyga labiausiai","breadcrumb":{"@id":"https:\/\/skaitytaknyga.lt\/produktas\/deze\/#breadcrumb"},"inLanguage":"en-GB","potentialAction":[{"@type":"ReadAction","target":["https:\/\/skaitytaknyga.lt\/produktas\/deze\/"]}]},{"@type":"ImageObject","inLanguage":"en-GB","@id":"https:\/\/skaitytaknyga.lt\/produktas\/deze\/#primaryimage","url":"https:\/\/skaitytaknyga.lt\/wp-content\/uploads\/2025\/07\/Deze.webp","contentUrl":"https:\/\/skaitytaknyga.lt\/wp-content\/uploads\/2025\/07\/Deze.webp","width":402,"height":600},{"@type":"BreadcrumbList","@id":"https:\/\/skaitytaknyga.lt\/produktas\/deze\/#breadcrumb","itemListElement":[{"@type":"ListItem","position":1,"name":"Home","item":"https:\/\/skaitytaknyga.lt\/"},{"@type":"ListItem","position":2,"name":"Parduotuv\u0117","item":"https:\/\/skaitytaknyga.lt\/knygu-parduotuve\/"},{"@type":"ListItem","position":3,"name":"D\u0117\u017e\u0117"}]},{"@type":"WebSite","@id":"https:\/\/skaitytaknyga.lt\/#website","url":"https:\/\/skaitytaknyga.lt\/","name":"skaitytaknyga.lt","description":"Skaitytaknyga.lt \u2013 tai ma\u017eas \u0161eimos verslas, kuris prasid\u0117jo nuo meil\u0117s knygoms ir siekio i\u0161gelb\u0117ti knygas nuo likimo prie konteinerio. Kas vienam nereikalingas daiktas \u2013 kitam lobis, o mes esame tarpininkai, kurie padeda abiems tapti laimingesniems ???? \u017dinome kaip nelengva i\u0161gyventi ma\u017eiems verslams, tad nuo \u0161iol, \u010dia rasite ir kit\u0173, ma\u017e\u0173 \u0161eim\u0173 versl\u0173, rank\u0173 darbo, dovan\u0173 sau ir artimiesiems.","publisher":{"@id":"https:\/\/skaitytaknyga.lt\/#organization"},"potentialAction":[{"@type":"SearchAction","target":{"@type":"EntryPoint","urlTemplate":"https:\/\/skaitytaknyga.lt\/?s={search_term_string}"},"query-input":{"@type":"PropertyValueSpecification","valueRequired":true,"valueName":"search_term_string"}}],"inLanguage":"en-GB"},{"@type":"Organization","@id":"https:\/\/skaitytaknyga.lt\/#organization","name":"skaitytaknyga.lt","url":"https:\/\/skaitytaknyga.lt\/","logo":{"@type":"ImageObject","inLanguage":"en-GB","@id":"https:\/\/skaitytaknyga.lt\/#\/schema\/logo\/image\/","url":"https:\/\/skaitytaknyga.lt\/wp-content\/uploads\/2024\/05\/cropped-cropped-cropped-02_00843_jt3bggkj1j3HLc7SyY6rEUpg.jpeg","contentUrl":"https:\/\/skaitytaknyga.lt\/wp-content\/uploads\/2024\/05\/cropped-cropped-cropped-02_00843_jt3bggkj1j3HLc7SyY6rEUpg.jpeg","width":1600,"height":1600,"caption":"skaitytaknyga.lt"},"image":{"@id":"https:\/\/skaitytaknyga.lt\/#\/schema\/logo\/image\/"},"sameAs":["https:\/\/www.facebook.com\/skaitytaknyga\/"]}]}},"_links":{"self":[{"href":"https:\/\/skaitytaknyga.lt\/en\/wp-json\/wp\/v2\/product\/19652","targetHints":{"allow":["GET"]}}],"collection":[{"href":"https:\/\/skaitytaknyga.lt\/en\/wp-json\/wp\/v2\/product"}],"about":[{"href":"https:\/\/skaitytaknyga.lt\/en\/wp-json\/wp\/v2\/types\/product"}],"replies":[{"embeddable":true,"href":"https:\/\/skaitytaknyga.lt\/en\/wp-json\/wp\/v2\/comments?post=19652"}],"wp:featuredmedia":[{"embeddable":true,"href":"https:\/\/skaitytaknyga.lt\/en\/wp-json\/wp\/v2\/media\/19657"}],"wp:attachment":[{"href":"https:\/\/skaitytaknyga.lt\/en\/wp-json\/wp\/v2\/media?parent=19652"}],"wp:term":[{"taxonomy":"product_brand","embeddable":true,"href":"https:\/\/skaitytaknyga.lt\/en\/wp-json\/wp\/v2\/product_brand?post=19652"},{"taxonomy":"product_cat","embeddable":true,"href":"https:\/\/skaitytaknyga.lt\/en\/wp-json\/wp\/v2\/product_cat?post=19652"},{"taxonomy":"product_tag","embeddable":true,"href":"https:\/\/skaitytaknyga.lt\/en\/wp-json\/wp\/v2\/product_tag?post=19652"}],"curies":[{"name":"wp","href":"https:\/\/api.w.org\/{rel}","templated":true}]}}