{"id":19651,"date":"2025-07-22T08:24:44","date_gmt":"2025-07-22T05:24:44","guid":{"rendered":"https:\/\/skaitytaknyga.lt\/?post_type=product&#038;p=19651"},"modified":"2026-03-05T13:35:59","modified_gmt":"2026-03-05T11:35:59","slug":"neatsargus-zingsnis","status":"publish","type":"product","link":"https:\/\/skaitytaknyga.lt\/en\/produktas\/neatsargus-zingsnis\/","title":{"rendered":"Neatsargus \u017eingsnis"},"content":{"rendered":"<p>Timotis O&#8217;D\u0117jus buvo patyr\u0119s \u017eygeivis. Vis d\u0117lto i\u0161vyk\u0119s \u012f kalnus su savo geriausiais draugais \u0161v\u0119sti bernvakario, jis jau pirm\u0105j\u012f vakar\u0105 dingo be p\u0117dsak\u0173. Liko tik sielvartaujantys t\u0117vai, kalt\u0117s slegiami draugai ir daugyb\u0117 nesutampan\u010di\u0173 detali\u0173.<\/p>\n<p>Frenkei Elkin laukin\u0117 gamta visi\u0161kai svetima, ta\u010diau ji moka rasti dingusiuosius. Perskai\u010diusi, kad Timo\u010dio t\u0117vas organizuoja paskutin\u0119 paie\u0161k\u0105, moteris nusprend\u017eia vykti \u012f Vajoming\u0105. Nors gelb\u0117tojai nenori jos priimti \u012f savo grup\u0119, Frenk\u0117 prie jos prisijungia. Bet kuo toliau jie \u017eygiuoja \u012f kalnus, tuo labiau ai\u0161k\u0117ja, jog tyruose vyksta pavojingi dalykai arba ka\u017ekas bando jiems sukliudyti t\u0119sti \u017eyg\u012f.<\/p>\n<p>Skub\u0117dami atlikti u\u017eduot\u012f ir stodami prie\u0161 tamsiausias \u017emogaus ir gamtos puses, Frenk\u0117 ir paie\u0161kos grup\u0117s nariai su\u017einos, kas gresia tiems, kurie nueina per toli&#8230;<\/p>\n","protected":false},"excerpt":{"rendered":"<p>Timotis O&#8217;D\u0117jus buvo patyr\u0119s \u017eygeivis. Vis d\u0117lto i\u0161vyk\u0119s \u012f kalnus su savo geriausiais draugais \u0161v\u0119sti bernvakario, jis jau pirm\u0105j\u012f vakar\u0105 dingo be p\u0117dsak\u0173. Liko tik sielvartaujantys t\u0117vai, kalt\u0117s slegiami draugai ir daugyb\u0117 nesutampan\u010di\u0173 detali\u0173. Frenkei Elkin laukin\u0117 gamta visi\u0161kai svetima, ta\u010diau ji moka rasti dingusiuosius. Perskai\u010diusi, kad Timo\u010dio t\u0117vas organizuoja paskutin\u0119 paie\u0161k\u0105, moteris nusprend\u017eia vykti \u012f Vajoming\u0105. Nors gelb\u0117tojai nenori jos priimti \u012f savo grup\u0119, Frenk\u0117 prie jos prisijungia. Bet kuo toliau jie \u017eygiuoja \u012f kalnus, tuo labiau ai\u0161k\u0117ja, jog tyruose vyksta pavojingi dalykai arba ka\u017ekas bando jiems sukliudyti t\u0119sti \u017eyg\u012f. Skub\u0117dami atlikti u\u017eduot\u012f ir stodami prie\u0161 tamsiausias \u017emogaus ir gamtos puses, Frenk\u0117 ir paie\u0161kos grup\u0117s nariai su\u017einos, kas gresia tiems, kurie nueina per toli&#8230;<\/p>\n","protected":false},"featured_media":19656,"comment_status":"open","ping_status":"closed","template":"","meta":{"_acf_changed":false,"site-sidebar-layout":"default","site-content-layout":"","ast-site-content-layout":"default","site-content-style":"default","site-sidebar-style":"default","ast-global-header-display":"","ast-banner-title-visibility":"","ast-main-header-display":"","ast-hfb-above-header-display":"","ast-hfb-below-header-display":"","ast-hfb-mobile-header-display":"","site-post-title":"","ast-breadcrumbs-content":"","ast-featured-img":"","footer-sml-layout":"","ast-disable-related-posts":"","theme-transparent-header-meta":"","adv-header-id-meta":"","stick-header-meta":"","header-above-stick-meta":"","header-main-stick-meta":"","header-below-stick-meta":"","astra-migrate-meta-layouts":"default","ast-page-background-enabled":"default","ast-page-background-meta":{"desktop":{"background-color":"","background-image":"","background-repeat":"repeat","background-position":"center center","background-size":"auto","background-attachment":"scroll","background-type":"","background-media":"","overlay-type":"","overlay-color":"","overlay-opacity":"","overlay-gradient":""},"tablet":{"background-color":"","background-image":"","background-repeat":"repeat","background-position":"center center","background-size":"auto","background-attachment":"scroll","background-type":"","background-media":"","overlay-type":"","overlay-color":"","overlay-opacity":"","overlay-gradient":""},"mobile":{"background-color":"","background-image":"","background-repeat":"repeat","background-position":"center center","background-size":"auto","background-attachment":"scroll","background-type":"","background-media":"","overlay-type":"","overlay-color":"","overlay-opacity":"","overlay-gradient":""}},"ast-content-background-meta":{"desktop":{"background-color":"var(--ast-global-color-4)","background-image":"","background-repeat":"repeat","background-position":"center center","background-size":"auto","background-attachment":"scroll","background-type":"","background-media":"","overlay-type":"","overlay-color":"","overlay-opacity":"","overlay-gradient":""},"tablet":{"background-color":"var(--ast-global-color-4)","background-image":"","background-repeat":"repeat","background-position":"center center","background-size":"auto","background-attachment":"scroll","background-type":"","background-media":"","overlay-type":"","overlay-color":"","overlay-opacity":"","overlay-gradient":""},"mobile":{"background-color":"var(--ast-global-color-4)","background-image":"","background-repeat":"repeat","background-position":"center center","background-size":"auto","background-attachment":"scroll","background-type":"","background-media":"","overlay-type":"","overlay-color":"","overlay-opacity":"","overlay-gradient":""}}},"product_brand":[],"product_cat":[9581],"product_tag":[6383,5810,4377,6248,1587,6384],"class_list":{"0":"post-19651","1":"product","2":"type-product","3":"status-publish","4":"has-post-thumbnail","6":"product_cat-kriminaliniai-romanai","7":"product_tag-dinge-zmones","8":"product_tag-kalnai","9":"product_tag-lisa-gardner","10":"product_tag-paieskos","11":"product_tag-trileris","12":"product_tag-zygiai","13":"desktop-align-left","14":"tablet-align-left","15":"mobile-align-left","17":"first","18":"instock","19":"shipping-taxable","20":"purchasable","21":"product-type-simple"},"acf":[],"yoast_head":"<!-- This site is optimized with the Yoast SEO plugin v27.0 - https:\/\/yoast.com\/product\/yoast-seo-wordpress\/ -->\n<title>Neatsargus \u017eingsnis<\/title>\n<meta name=\"description\" content=\"Timotis O&#039;D\u0117jus buvo patyr\u0119s \u017eygeivis. Vis d\u0117lto i\u0161vyk\u0119s \u012f kalnus su savo geriausiais draugais \u0161v\u0119sti bernvakario, jis jau pirm\u0105j\u012f vakar\u0105 dingo be\" \/>\n<meta name=\"robots\" content=\"index, follow, max-snippet:-1, max-image-preview:large, max-video-preview:-1\" \/>\n<link rel=\"canonical\" href=\"https:\/\/skaitytaknyga.lt\/en\/produktas\/neatsargus-zingsnis\/\" \/>\n<meta property=\"og:locale\" content=\"en_GB\" \/>\n<meta property=\"og:locale:alternate\" content=\"lt_LT\" \/>\n<meta property=\"og:type\" content=\"article\" \/>\n<meta property=\"og:title\" content=\"Neatsargus \u017eingsnis\" \/>\n<meta property=\"og:description\" content=\"Timotis O&#039;D\u0117jus buvo patyr\u0119s \u017eygeivis. Vis d\u0117lto i\u0161vyk\u0119s \u012f kalnus su savo geriausiais draugais \u0161v\u0119sti bernvakario, jis jau pirm\u0105j\u012f vakar\u0105 dingo be\" \/>\n<meta property=\"og:url\" content=\"https:\/\/skaitytaknyga.lt\/en\/produktas\/neatsargus-zingsnis\/\" \/>\n<meta property=\"og:site_name\" content=\"Skaitytaknyga\" \/>\n<meta property=\"article:publisher\" content=\"https:\/\/www.facebook.com\/skaitytaknyga\/\" \/>\n<meta property=\"article:modified_time\" content=\"2026-03-05T11:35:59+00:00\" \/>\n<meta property=\"og:image\" content=\"https:\/\/skaitytaknyga.lt\/wp-content\/uploads\/2025\/07\/Neatsargus-zingsnis.webp\" \/>\n\t<meta property=\"og:image:width\" content=\"527\" \/>\n\t<meta property=\"og:image:height\" content=\"801\" \/>\n\t<meta property=\"og:image:type\" content=\"image\/webp\" \/>\n<meta name=\"twitter:card\" content=\"summary_large_image\" \/>\n<meta name=\"twitter:label1\" content=\"Estimated reading time\" \/>\n\t<meta name=\"twitter:data1\" content=\"1 minute\" \/>\n<script type=\"application\/ld+json\" class=\"yoast-schema-graph\">{\"@context\":\"https:\/\/schema.org\",\"@graph\":[{\"@type\":\"WebPage\",\"@id\":\"https:\/\/skaitytaknyga.lt\/produktas\/neatsargus-zingsnis\/\",\"url\":\"https:\/\/skaitytaknyga.lt\/produktas\/neatsargus-zingsnis\/\",\"name\":\"Neatsargus \u017eingsnis\",\"isPartOf\":{\"@id\":\"https:\/\/skaitytaknyga.lt\/#website\"},\"primaryImageOfPage\":{\"@id\":\"https:\/\/skaitytaknyga.lt\/produktas\/neatsargus-zingsnis\/#primaryimage\"},\"image\":{\"@id\":\"https:\/\/skaitytaknyga.lt\/produktas\/neatsargus-zingsnis\/#primaryimage\"},\"thumbnailUrl\":\"https:\/\/skaitytaknyga.lt\/wp-content\/uploads\/2025\/07\/Neatsargus-zingsnis.webp\",\"datePublished\":\"2025-07-22T05:24:44+00:00\",\"dateModified\":\"2026-03-05T11:35:59+00:00\",\"description\":\"Timotis O'D\u0117jus buvo patyr\u0119s \u017eygeivis. Vis d\u0117lto i\u0161vyk\u0119s \u012f kalnus su savo geriausiais draugais \u0161v\u0119sti bernvakario, jis jau pirm\u0105j\u012f vakar\u0105 dingo be\",\"breadcrumb\":{\"@id\":\"https:\/\/skaitytaknyga.lt\/produktas\/neatsargus-zingsnis\/#breadcrumb\"},\"inLanguage\":\"en-GB\",\"potentialAction\":[{\"@type\":\"ReadAction\",\"target\":[\"https:\/\/skaitytaknyga.lt\/produktas\/neatsargus-zingsnis\/\"]}]},{\"@type\":\"ImageObject\",\"inLanguage\":\"en-GB\",\"@id\":\"https:\/\/skaitytaknyga.lt\/produktas\/neatsargus-zingsnis\/#primaryimage\",\"url\":\"https:\/\/skaitytaknyga.lt\/wp-content\/uploads\/2025\/07\/Neatsargus-zingsnis.webp\",\"contentUrl\":\"https:\/\/skaitytaknyga.lt\/wp-content\/uploads\/2025\/07\/Neatsargus-zingsnis.webp\",\"width\":527,\"height\":801,\"caption\":\"Neatsargus \u017eingsnis\"},{\"@type\":\"BreadcrumbList\",\"@id\":\"https:\/\/skaitytaknyga.lt\/produktas\/neatsargus-zingsnis\/#breadcrumb\",\"itemListElement\":[{\"@type\":\"ListItem\",\"position\":1,\"name\":\"Home\",\"item\":\"https:\/\/skaitytaknyga.lt\/\"},{\"@type\":\"ListItem\",\"position\":2,\"name\":\"Parduotuv\u0117\",\"item\":\"https:\/\/skaitytaknyga.lt\/knygu-parduotuve\/\"},{\"@type\":\"ListItem\",\"position\":3,\"name\":\"Neatsargus \u017eingsnis\"}]},{\"@type\":\"WebSite\",\"@id\":\"https:\/\/skaitytaknyga.lt\/#website\",\"url\":\"https:\/\/skaitytaknyga.lt\/\",\"name\":\"skaitytaknyga.lt\",\"description\":\"Skaitytaknyga.lt \u2013 tai ma\u017eas \u0161eimos verslas, kuris prasid\u0117jo nuo meil\u0117s knygoms ir siekio i\u0161gelb\u0117ti knygas nuo likimo prie konteinerio. Kas vienam nereikalingas daiktas \u2013 kitam lobis, o mes esame tarpininkai, kurie padeda abiems tapti laimingesniems ???? \u017dinome kaip nelengva i\u0161gyventi ma\u017eiems verslams, tad nuo \u0161iol, \u010dia rasite ir kit\u0173, ma\u017e\u0173 \u0161eim\u0173 versl\u0173, rank\u0173 darbo, dovan\u0173 sau ir artimiesiems.\",\"publisher\":{\"@id\":\"https:\/\/skaitytaknyga.lt\/#organization\"},\"potentialAction\":[{\"@type\":\"SearchAction\",\"target\":{\"@type\":\"EntryPoint\",\"urlTemplate\":\"https:\/\/skaitytaknyga.lt\/?s={search_term_string}\"},\"query-input\":{\"@type\":\"PropertyValueSpecification\",\"valueRequired\":true,\"valueName\":\"search_term_string\"}}],\"inLanguage\":\"en-GB\"},{\"@type\":\"Organization\",\"@id\":\"https:\/\/skaitytaknyga.lt\/#organization\",\"name\":\"skaitytaknyga.lt\",\"url\":\"https:\/\/skaitytaknyga.lt\/\",\"logo\":{\"@type\":\"ImageObject\",\"inLanguage\":\"en-GB\",\"@id\":\"https:\/\/skaitytaknyga.lt\/#\/schema\/logo\/image\/\",\"url\":\"https:\/\/skaitytaknyga.lt\/wp-content\/uploads\/2024\/05\/cropped-cropped-cropped-02_00843_jt3bggkj1j3HLc7SyY6rEUpg.jpeg\",\"contentUrl\":\"https:\/\/skaitytaknyga.lt\/wp-content\/uploads\/2024\/05\/cropped-cropped-cropped-02_00843_jt3bggkj1j3HLc7SyY6rEUpg.jpeg\",\"width\":1600,\"height\":1600,\"caption\":\"skaitytaknyga.lt\"},\"image\":{\"@id\":\"https:\/\/skaitytaknyga.lt\/#\/schema\/logo\/image\/\"},\"sameAs\":[\"https:\/\/www.facebook.com\/skaitytaknyga\/\"]}]}<\/script>\n<!-- \/ Yoast SEO plugin. -->","yoast_head_json":{"title":"Neatsargus \u017eingsnis","description":"Timotis O'D\u0117jus buvo patyr\u0119s \u017eygeivis. Vis d\u0117lto i\u0161vyk\u0119s \u012f kalnus su savo geriausiais draugais \u0161v\u0119sti bernvakario, jis jau pirm\u0105j\u012f vakar\u0105 dingo be","robots":{"index":"index","follow":"follow","max-snippet":"max-snippet:-1","max-image-preview":"max-image-preview:large","max-video-preview":"max-video-preview:-1"},"canonical":"https:\/\/skaitytaknyga.lt\/en\/produktas\/neatsargus-zingsnis\/","og_locale":"en_GB","og_type":"article","og_title":"[:lt]Neatsargus \u017eingsnis[:] - Skaitytaknyga","og_description":"Timotis O'D\u0117jus buvo patyr\u0119s \u017eygeivis. Vis d\u0117lto i\u0161vyk\u0119s \u012f kalnus su savo geriausiais draugais \u0161v\u0119sti bernvakario, jis jau pirm\u0105j\u012f vakar\u0105 dingo be","og_url":"https:\/\/skaitytaknyga.lt\/en\/produktas\/neatsargus-zingsnis\/","og_site_name":"Skaitytaknyga","article_publisher":"https:\/\/www.facebook.com\/skaitytaknyga\/","article_modified_time":"2026-03-05T11:35:59+00:00","og_image":[{"width":527,"height":801,"url":"https:\/\/skaitytaknyga.lt\/wp-content\/uploads\/2025\/07\/Neatsargus-zingsnis.webp","type":"image\/webp"}],"twitter_card":"summary_large_image","twitter_misc":{"Estimated reading time":"1 minute"},"schema":{"@context":"https:\/\/schema.org","@graph":[{"@type":"WebPage","@id":"https:\/\/skaitytaknyga.lt\/produktas\/neatsargus-zingsnis\/","url":"https:\/\/skaitytaknyga.lt\/produktas\/neatsargus-zingsnis\/","name":"Neatsargus \u017eingsnis","isPartOf":{"@id":"https:\/\/skaitytaknyga.lt\/#website"},"primaryImageOfPage":{"@id":"https:\/\/skaitytaknyga.lt\/produktas\/neatsargus-zingsnis\/#primaryimage"},"image":{"@id":"https:\/\/skaitytaknyga.lt\/produktas\/neatsargus-zingsnis\/#primaryimage"},"thumbnailUrl":"https:\/\/skaitytaknyga.lt\/wp-content\/uploads\/2025\/07\/Neatsargus-zingsnis.webp","datePublished":"2025-07-22T05:24:44+00:00","dateModified":"2026-03-05T11:35:59+00:00","description":"Timotis O'D\u0117jus buvo patyr\u0119s \u017eygeivis. Vis d\u0117lto i\u0161vyk\u0119s \u012f kalnus su savo geriausiais draugais \u0161v\u0119sti bernvakario, jis jau pirm\u0105j\u012f vakar\u0105 dingo be","breadcrumb":{"@id":"https:\/\/skaitytaknyga.lt\/produktas\/neatsargus-zingsnis\/#breadcrumb"},"inLanguage":"en-GB","potentialAction":[{"@type":"ReadAction","target":["https:\/\/skaitytaknyga.lt\/produktas\/neatsargus-zingsnis\/"]}]},{"@type":"ImageObject","inLanguage":"en-GB","@id":"https:\/\/skaitytaknyga.lt\/produktas\/neatsargus-zingsnis\/#primaryimage","url":"https:\/\/skaitytaknyga.lt\/wp-content\/uploads\/2025\/07\/Neatsargus-zingsnis.webp","contentUrl":"https:\/\/skaitytaknyga.lt\/wp-content\/uploads\/2025\/07\/Neatsargus-zingsnis.webp","width":527,"height":801,"caption":"Neatsargus \u017eingsnis"},{"@type":"BreadcrumbList","@id":"https:\/\/skaitytaknyga.lt\/produktas\/neatsargus-zingsnis\/#breadcrumb","itemListElement":[{"@type":"ListItem","position":1,"name":"Home","item":"https:\/\/skaitytaknyga.lt\/"},{"@type":"ListItem","position":2,"name":"Parduotuv\u0117","item":"https:\/\/skaitytaknyga.lt\/knygu-parduotuve\/"},{"@type":"ListItem","position":3,"name":"Neatsargus \u017eingsnis"}]},{"@type":"WebSite","@id":"https:\/\/skaitytaknyga.lt\/#website","url":"https:\/\/skaitytaknyga.lt\/","name":"skaitytaknyga.lt","description":"Skaitytaknyga.lt \u2013 tai ma\u017eas \u0161eimos verslas, kuris prasid\u0117jo nuo meil\u0117s knygoms ir siekio i\u0161gelb\u0117ti knygas nuo likimo prie konteinerio. Kas vienam nereikalingas daiktas \u2013 kitam lobis, o mes esame tarpininkai, kurie padeda abiems tapti laimingesniems ???? \u017dinome kaip nelengva i\u0161gyventi ma\u017eiems verslams, tad nuo \u0161iol, \u010dia rasite ir kit\u0173, ma\u017e\u0173 \u0161eim\u0173 versl\u0173, rank\u0173 darbo, dovan\u0173 sau ir artimiesiems.","publisher":{"@id":"https:\/\/skaitytaknyga.lt\/#organization"},"potentialAction":[{"@type":"SearchAction","target":{"@type":"EntryPoint","urlTemplate":"https:\/\/skaitytaknyga.lt\/?s={search_term_string}"},"query-input":{"@type":"PropertyValueSpecification","valueRequired":true,"valueName":"search_term_string"}}],"inLanguage":"en-GB"},{"@type":"Organization","@id":"https:\/\/skaitytaknyga.lt\/#organization","name":"skaitytaknyga.lt","url":"https:\/\/skaitytaknyga.lt\/","logo":{"@type":"ImageObject","inLanguage":"en-GB","@id":"https:\/\/skaitytaknyga.lt\/#\/schema\/logo\/image\/","url":"https:\/\/skaitytaknyga.lt\/wp-content\/uploads\/2024\/05\/cropped-cropped-cropped-02_00843_jt3bggkj1j3HLc7SyY6rEUpg.jpeg","contentUrl":"https:\/\/skaitytaknyga.lt\/wp-content\/uploads\/2024\/05\/cropped-cropped-cropped-02_00843_jt3bggkj1j3HLc7SyY6rEUpg.jpeg","width":1600,"height":1600,"caption":"skaitytaknyga.lt"},"image":{"@id":"https:\/\/skaitytaknyga.lt\/#\/schema\/logo\/image\/"},"sameAs":["https:\/\/www.facebook.com\/skaitytaknyga\/"]}]}},"_links":{"self":[{"href":"https:\/\/skaitytaknyga.lt\/en\/wp-json\/wp\/v2\/product\/19651","targetHints":{"allow":["GET"]}}],"collection":[{"href":"https:\/\/skaitytaknyga.lt\/en\/wp-json\/wp\/v2\/product"}],"about":[{"href":"https:\/\/skaitytaknyga.lt\/en\/wp-json\/wp\/v2\/types\/product"}],"replies":[{"embeddable":true,"href":"https:\/\/skaitytaknyga.lt\/en\/wp-json\/wp\/v2\/comments?post=19651"}],"wp:featuredmedia":[{"embeddable":true,"href":"https:\/\/skaitytaknyga.lt\/en\/wp-json\/wp\/v2\/media\/19656"}],"wp:attachment":[{"href":"https:\/\/skaitytaknyga.lt\/en\/wp-json\/wp\/v2\/media?parent=19651"}],"wp:term":[{"taxonomy":"product_brand","embeddable":true,"href":"https:\/\/skaitytaknyga.lt\/en\/wp-json\/wp\/v2\/product_brand?post=19651"},{"taxonomy":"product_cat","embeddable":true,"href":"https:\/\/skaitytaknyga.lt\/en\/wp-json\/wp\/v2\/product_cat?post=19651"},{"taxonomy":"product_tag","embeddable":true,"href":"https:\/\/skaitytaknyga.lt\/en\/wp-json\/wp\/v2\/product_tag?post=19651"}],"curies":[{"name":"wp","href":"https:\/\/api.w.org\/{rel}","templated":true}]}}