{"id":19650,"date":"2025-07-22T08:24:44","date_gmt":"2025-07-22T05:24:44","guid":{"rendered":"https:\/\/skaitytaknyga.lt\/?post_type=product&#038;p=19650"},"modified":"2026-03-05T13:40:57","modified_gmt":"2026-03-05T11:40:57","slug":"gimines-prakeiksmas","status":"publish","type":"product","link":"https:\/\/skaitytaknyga.lt\/en\/produktas\/gimines-prakeiksmas\/","title":{"rendered":"Gimin\u0117s prakeiksmas"},"content":{"rendered":"<p>Rafelio Nadalio \u201eGimin\u0117s prakeiksmas\u201c \u2013 tai dviej\u0173 Pasaulini\u0173 kar\u0173 laikotarp\u012f apimanti sukre\u010dianti knyga. Tikrus to meto \u012fvykius autorius atskleid\u017eia su did\u017eiule meile ir \u0161iluma pasakodamas dviej\u0173 i\u0161galvot\u0173 \u0161eim\u0173 istorij\u0105, spalvingai vaizduodamas pietin\u0117s Italijos buit\u012f ir nuotaikas. Tai romanas apie nor\u0105 ir pastangas pasiprie\u0161inti likimui, apie paprast\u0105 \u017emogi\u0161k\u0105 nor\u0105 myl\u0117ti.<\/p>\n<p>Pirmojo pasaulinio karo verpetai pasiglem\u017e\u0117 visus Palmizan\u0173 gimin\u0117s vyrus. Piet\u0173 Italijos miestelio gyventojai \u012fsitikin\u0119: gimin\u0119 u\u017eklupo baisus prakeiksmas. Vis d\u0117lto paskutinio \u017euvusio Palmizano Vito Oronco \u017emona Donata ry\u017etasi pasiprie\u0161inti likimui. Pajutusi savyje u\u017esimezgusi\u0105 gyvyb\u0119, baimindamasi d\u0117l tragi\u0161kos gimin\u0117s vyr\u0173 lemties, ji susitaria su taip pat besilaukian\u010dia pussesere na\u0161le Fran\u010deska, kad \u0161i augins jos berniuk\u0105 kaip Konvertini\u0173 palikuon\u012f.<br \/>\nDonata susilaukia Vitantonijaus, t\u0105 pa\u010di\u0105 nakt\u012f Fran\u010deska pagimdo dukr\u0105 D\u017eovan\u0105. Paskelbiama, kad Fran\u010deskai gim\u0117 dvynukai, ma\u017eyliai laikomi turtingos Konvertini\u0173 gimin\u0117s nariais. Jaunuoliai br\u0119sta Musolinio valdomoje Italijoje. Netik\u0117tai paai\u0161k\u0117jusi tiesa apie Vitantonijaus kilm\u0119 ir prasid\u0117j\u0119s karas atskiria j\u012f nuo D\u017eovanos. Prie pat gimt\u0173j\u0173 nam\u0173 priart\u0117jusios kov\u0173 audros v\u0117l suveda abu jaunuolius. Tik ar pavyks i\u0161vengti prakeiksmo? O gal stipresn\u0117 pasirodys jausm\u0173 j\u0117ga?<\/p>\n","protected":false},"excerpt":{"rendered":"<p>Rafelio Nadalio \u201eGimin\u0117s prakeiksmas\u201c \u2013 tai dviej\u0173 Pasaulini\u0173 kar\u0173 laikotarp\u012f apimanti sukre\u010dianti knyga. Tikrus to meto \u012fvykius autorius atskleid\u017eia su did\u017eiule meile ir \u0161iluma pasakodamas dviej\u0173 i\u0161galvot\u0173 \u0161eim\u0173 istorij\u0105, spalvingai vaizduodamas pietin\u0117s Italijos buit\u012f ir nuotaikas. Tai romanas apie nor\u0105 ir pastangas pasiprie\u0161inti likimui, apie paprast\u0105 \u017emogi\u0161k\u0105 nor\u0105 myl\u0117ti. Pirmojo pasaulinio karo verpetai pasiglem\u017e\u0117 visus Palmizan\u0173 gimin\u0117s vyrus. Piet\u0173 Italijos miestelio gyventojai \u012fsitikin\u0119: gimin\u0119 u\u017eklupo baisus prakeiksmas. Vis d\u0117lto paskutinio \u017euvusio Palmizano Vito Oronco \u017emona Donata ry\u017etasi pasiprie\u0161inti likimui. Pajutusi savyje u\u017esimezgusi\u0105 gyvyb\u0119, baimindamasi d\u0117l tragi\u0161kos gimin\u0117s vyr\u0173 lemties, ji susitaria su taip pat besilaukian\u010dia pussesere na\u0161le Fran\u010deska, kad \u0161i augins jos berniuk\u0105 kaip Konvertini\u0173 palikuon\u012f. Donata susilaukia Vitantonijaus, t\u0105 pa\u010di\u0105 nakt\u012f Fran\u010deska pagimdo dukr\u0105 D\u017eovan\u0105. Paskelbiama, kad Fran\u010deskai gim\u0117 dvynukai, ma\u017eyliai laikomi turtingos Konvertini\u0173 gimin\u0117s nariais. Jaunuoliai br\u0119sta Musolinio valdomoje Italijoje. Netik\u0117tai paai\u0161k\u0117jusi tiesa apie Vitantonijaus kilm\u0119 ir prasid\u0117j\u0119s karas atskiria j\u012f nuo D\u017eovanos. Prie pat gimt\u0173j\u0173 nam\u0173 priart\u0117jusios kov\u0173 audros v\u0117l suveda abu jaunuolius. Tik ar pavyks i\u0161vengti prakeiksmo? O gal stipresn\u0117 pasirodys jausm\u0173 j\u0117ga?<\/p>\n","protected":false},"featured_media":19655,"comment_status":"open","ping_status":"closed","template":"","meta":{"_acf_changed":false,"site-sidebar-layout":"default","site-content-layout":"","ast-site-content-layout":"default","site-content-style":"default","site-sidebar-style":"default","ast-global-header-display":"","ast-banner-title-visibility":"","ast-main-header-display":"","ast-hfb-above-header-display":"","ast-hfb-below-header-display":"","ast-hfb-mobile-header-display":"","site-post-title":"","ast-breadcrumbs-content":"","ast-featured-img":"","footer-sml-layout":"","ast-disable-related-posts":"","theme-transparent-header-meta":"","adv-header-id-meta":"","stick-header-meta":"","header-above-stick-meta":"","header-main-stick-meta":"","header-below-stick-meta":"","astra-migrate-meta-layouts":"default","ast-page-background-enabled":"default","ast-page-background-meta":{"desktop":{"background-color":"","background-image":"","background-repeat":"repeat","background-position":"center center","background-size":"auto","background-attachment":"scroll","background-type":"","background-media":"","overlay-type":"","overlay-color":"","overlay-opacity":"","overlay-gradient":""},"tablet":{"background-color":"","background-image":"","background-repeat":"repeat","background-position":"center center","background-size":"auto","background-attachment":"scroll","background-type":"","background-media":"","overlay-type":"","overlay-color":"","overlay-opacity":"","overlay-gradient":""},"mobile":{"background-color":"","background-image":"","background-repeat":"repeat","background-position":"center center","background-size":"auto","background-attachment":"scroll","background-type":"","background-media":"","overlay-type":"","overlay-color":"","overlay-opacity":"","overlay-gradient":""}},"ast-content-background-meta":{"desktop":{"background-color":"var(--ast-global-color-4)","background-image":"","background-repeat":"repeat","background-position":"center center","background-size":"auto","background-attachment":"scroll","background-type":"","background-media":"","overlay-type":"","overlay-color":"","overlay-opacity":"","overlay-gradient":""},"tablet":{"background-color":"var(--ast-global-color-4)","background-image":"","background-repeat":"repeat","background-position":"center center","background-size":"auto","background-attachment":"scroll","background-type":"","background-media":"","overlay-type":"","overlay-color":"","overlay-opacity":"","overlay-gradient":""},"mobile":{"background-color":"var(--ast-global-color-4)","background-image":"","background-repeat":"repeat","background-position":"center center","background-size":"auto","background-attachment":"scroll","background-type":"","background-media":"","overlay-type":"","overlay-color":"","overlay-opacity":"","overlay-gradient":""}}},"product_brand":[],"product_cat":[9618],"product_tag":[3037,4324,1796,6382,6381,5029],"class_list":{"0":"post-19650","1":"product","2":"type-product","3":"status-publish","4":"has-post-thumbnail","6":"product_cat-istoriniai-romanai","7":"product_tag-istorine-proza","8":"product_tag-italija","9":"product_tag-meile","10":"product_tag-prakeiksmas","11":"product_tag-rafel-nadal","12":"product_tag-seimos-istorija","13":"desktop-align-left","14":"tablet-align-left","15":"mobile-align-left","17":"first","18":"instock","19":"shipping-taxable","20":"purchasable","21":"product-type-simple"},"acf":[],"yoast_head":"<!-- This site is optimized with the Yoast SEO plugin v27.0 - https:\/\/yoast.com\/product\/yoast-seo-wordpress\/ -->\n<title>Gimin\u0117s prakeiksmas<\/title>\n<meta name=\"description\" content=\"Rafelio Nadalio \u201eGimin\u0117s prakeiksmas\u201c \u2013 tai dviej\u0173 Pasaulini\u0173 kar\u0173 laikotarp\u012f apimanti sukre\u010dianti knyga. Tikrus to meto \u012fvykius autorius atskleid\u017eia su\" \/>\n<meta name=\"robots\" content=\"index, follow, max-snippet:-1, max-image-preview:large, max-video-preview:-1\" \/>\n<link rel=\"canonical\" href=\"https:\/\/skaitytaknyga.lt\/en\/produktas\/gimines-prakeiksmas\/\" \/>\n<meta property=\"og:locale\" content=\"en_GB\" \/>\n<meta property=\"og:locale:alternate\" content=\"lt_LT\" \/>\n<meta property=\"og:type\" content=\"article\" \/>\n<meta property=\"og:title\" content=\"Gimin\u0117s prakeiksmas\" \/>\n<meta property=\"og:description\" content=\"Rafelio Nadalio \u201eGimin\u0117s prakeiksmas\u201c \u2013 tai dviej\u0173 Pasaulini\u0173 kar\u0173 laikotarp\u012f apimanti sukre\u010dianti knyga. Tikrus to meto \u012fvykius autorius atskleid\u017eia su\" \/>\n<meta property=\"og:url\" content=\"https:\/\/skaitytaknyga.lt\/en\/produktas\/gimines-prakeiksmas\/\" \/>\n<meta property=\"og:site_name\" content=\"Skaitytaknyga\" \/>\n<meta property=\"article:publisher\" content=\"https:\/\/www.facebook.com\/skaitytaknyga\/\" \/>\n<meta property=\"article:modified_time\" content=\"2026-03-05T11:40:57+00:00\" \/>\n<meta property=\"og:image\" content=\"https:\/\/skaitytaknyga.lt\/wp-content\/uploads\/2025\/07\/Gimines-prakeiksmas.jpg\" \/>\n\t<meta property=\"og:image:width\" content=\"375\" \/>\n\t<meta property=\"og:image:height\" content=\"600\" \/>\n\t<meta property=\"og:image:type\" content=\"image\/jpeg\" \/>\n<meta name=\"twitter:card\" content=\"summary_large_image\" \/>\n<meta name=\"twitter:label1\" content=\"Estimated reading time\" \/>\n\t<meta name=\"twitter:data1\" content=\"1 minute\" \/>\n<script type=\"application\/ld+json\" class=\"yoast-schema-graph\">{\"@context\":\"https:\/\/schema.org\",\"@graph\":[{\"@type\":\"WebPage\",\"@id\":\"https:\/\/skaitytaknyga.lt\/produktas\/gimines-prakeiksmas\/\",\"url\":\"https:\/\/skaitytaknyga.lt\/produktas\/gimines-prakeiksmas\/\",\"name\":\"Gimin\u0117s prakeiksmas\",\"isPartOf\":{\"@id\":\"https:\/\/skaitytaknyga.lt\/#website\"},\"primaryImageOfPage\":{\"@id\":\"https:\/\/skaitytaknyga.lt\/produktas\/gimines-prakeiksmas\/#primaryimage\"},\"image\":{\"@id\":\"https:\/\/skaitytaknyga.lt\/produktas\/gimines-prakeiksmas\/#primaryimage\"},\"thumbnailUrl\":\"https:\/\/skaitytaknyga.lt\/wp-content\/uploads\/2025\/07\/Gimines-prakeiksmas.jpg\",\"datePublished\":\"2025-07-22T05:24:44+00:00\",\"dateModified\":\"2026-03-05T11:40:57+00:00\",\"description\":\"Rafelio Nadalio \u201eGimin\u0117s prakeiksmas\u201c \u2013 tai dviej\u0173 Pasaulini\u0173 kar\u0173 laikotarp\u012f apimanti sukre\u010dianti knyga. Tikrus to meto \u012fvykius autorius atskleid\u017eia su\",\"breadcrumb\":{\"@id\":\"https:\/\/skaitytaknyga.lt\/produktas\/gimines-prakeiksmas\/#breadcrumb\"},\"inLanguage\":\"en-GB\",\"potentialAction\":[{\"@type\":\"ReadAction\",\"target\":[\"https:\/\/skaitytaknyga.lt\/produktas\/gimines-prakeiksmas\/\"]}]},{\"@type\":\"ImageObject\",\"inLanguage\":\"en-GB\",\"@id\":\"https:\/\/skaitytaknyga.lt\/produktas\/gimines-prakeiksmas\/#primaryimage\",\"url\":\"https:\/\/skaitytaknyga.lt\/wp-content\/uploads\/2025\/07\/Gimines-prakeiksmas.jpg\",\"contentUrl\":\"https:\/\/skaitytaknyga.lt\/wp-content\/uploads\/2025\/07\/Gimines-prakeiksmas.jpg\",\"width\":375,\"height\":600},{\"@type\":\"BreadcrumbList\",\"@id\":\"https:\/\/skaitytaknyga.lt\/produktas\/gimines-prakeiksmas\/#breadcrumb\",\"itemListElement\":[{\"@type\":\"ListItem\",\"position\":1,\"name\":\"Home\",\"item\":\"https:\/\/skaitytaknyga.lt\/\"},{\"@type\":\"ListItem\",\"position\":2,\"name\":\"Parduotuv\u0117\",\"item\":\"https:\/\/skaitytaknyga.lt\/knygu-parduotuve\/\"},{\"@type\":\"ListItem\",\"position\":3,\"name\":\"Gimin\u0117s prakeiksmas\"}]},{\"@type\":\"WebSite\",\"@id\":\"https:\/\/skaitytaknyga.lt\/#website\",\"url\":\"https:\/\/skaitytaknyga.lt\/\",\"name\":\"skaitytaknyga.lt\",\"description\":\"Skaitytaknyga.lt \u2013 tai ma\u017eas \u0161eimos verslas, kuris prasid\u0117jo nuo meil\u0117s knygoms ir siekio i\u0161gelb\u0117ti knygas nuo likimo prie konteinerio. Kas vienam nereikalingas daiktas \u2013 kitam lobis, o mes esame tarpininkai, kurie padeda abiems tapti laimingesniems ???? \u017dinome kaip nelengva i\u0161gyventi ma\u017eiems verslams, tad nuo \u0161iol, \u010dia rasite ir kit\u0173, ma\u017e\u0173 \u0161eim\u0173 versl\u0173, rank\u0173 darbo, dovan\u0173 sau ir artimiesiems.\",\"publisher\":{\"@id\":\"https:\/\/skaitytaknyga.lt\/#organization\"},\"potentialAction\":[{\"@type\":\"SearchAction\",\"target\":{\"@type\":\"EntryPoint\",\"urlTemplate\":\"https:\/\/skaitytaknyga.lt\/?s={search_term_string}\"},\"query-input\":{\"@type\":\"PropertyValueSpecification\",\"valueRequired\":true,\"valueName\":\"search_term_string\"}}],\"inLanguage\":\"en-GB\"},{\"@type\":\"Organization\",\"@id\":\"https:\/\/skaitytaknyga.lt\/#organization\",\"name\":\"skaitytaknyga.lt\",\"url\":\"https:\/\/skaitytaknyga.lt\/\",\"logo\":{\"@type\":\"ImageObject\",\"inLanguage\":\"en-GB\",\"@id\":\"https:\/\/skaitytaknyga.lt\/#\/schema\/logo\/image\/\",\"url\":\"https:\/\/skaitytaknyga.lt\/wp-content\/uploads\/2024\/05\/cropped-cropped-cropped-02_00843_jt3bggkj1j3HLc7SyY6rEUpg.jpeg\",\"contentUrl\":\"https:\/\/skaitytaknyga.lt\/wp-content\/uploads\/2024\/05\/cropped-cropped-cropped-02_00843_jt3bggkj1j3HLc7SyY6rEUpg.jpeg\",\"width\":1600,\"height\":1600,\"caption\":\"skaitytaknyga.lt\"},\"image\":{\"@id\":\"https:\/\/skaitytaknyga.lt\/#\/schema\/logo\/image\/\"},\"sameAs\":[\"https:\/\/www.facebook.com\/skaitytaknyga\/\"]}]}<\/script>\n<!-- \/ Yoast SEO plugin. -->","yoast_head_json":{"title":"Gimin\u0117s prakeiksmas","description":"Rafelio Nadalio \u201eGimin\u0117s prakeiksmas\u201c \u2013 tai dviej\u0173 Pasaulini\u0173 kar\u0173 laikotarp\u012f apimanti sukre\u010dianti knyga. Tikrus to meto \u012fvykius autorius atskleid\u017eia su","robots":{"index":"index","follow":"follow","max-snippet":"max-snippet:-1","max-image-preview":"max-image-preview:large","max-video-preview":"max-video-preview:-1"},"canonical":"https:\/\/skaitytaknyga.lt\/en\/produktas\/gimines-prakeiksmas\/","og_locale":"en_GB","og_type":"article","og_title":"[:lt]Gimin\u0117s prakeiksmas[:] - Skaitytaknyga","og_description":"Rafelio Nadalio \u201eGimin\u0117s prakeiksmas\u201c \u2013 tai dviej\u0173 Pasaulini\u0173 kar\u0173 laikotarp\u012f apimanti sukre\u010dianti knyga. Tikrus to meto \u012fvykius autorius atskleid\u017eia su","og_url":"https:\/\/skaitytaknyga.lt\/en\/produktas\/gimines-prakeiksmas\/","og_site_name":"Skaitytaknyga","article_publisher":"https:\/\/www.facebook.com\/skaitytaknyga\/","article_modified_time":"2026-03-05T11:40:57+00:00","og_image":[{"width":375,"height":600,"url":"https:\/\/skaitytaknyga.lt\/wp-content\/uploads\/2025\/07\/Gimines-prakeiksmas.jpg","type":"image\/jpeg"}],"twitter_card":"summary_large_image","twitter_misc":{"Estimated reading time":"1 minute"},"schema":{"@context":"https:\/\/schema.org","@graph":[{"@type":"WebPage","@id":"https:\/\/skaitytaknyga.lt\/produktas\/gimines-prakeiksmas\/","url":"https:\/\/skaitytaknyga.lt\/produktas\/gimines-prakeiksmas\/","name":"Gimin\u0117s prakeiksmas","isPartOf":{"@id":"https:\/\/skaitytaknyga.lt\/#website"},"primaryImageOfPage":{"@id":"https:\/\/skaitytaknyga.lt\/produktas\/gimines-prakeiksmas\/#primaryimage"},"image":{"@id":"https:\/\/skaitytaknyga.lt\/produktas\/gimines-prakeiksmas\/#primaryimage"},"thumbnailUrl":"https:\/\/skaitytaknyga.lt\/wp-content\/uploads\/2025\/07\/Gimines-prakeiksmas.jpg","datePublished":"2025-07-22T05:24:44+00:00","dateModified":"2026-03-05T11:40:57+00:00","description":"Rafelio Nadalio \u201eGimin\u0117s prakeiksmas\u201c \u2013 tai dviej\u0173 Pasaulini\u0173 kar\u0173 laikotarp\u012f apimanti sukre\u010dianti knyga. Tikrus to meto \u012fvykius autorius atskleid\u017eia su","breadcrumb":{"@id":"https:\/\/skaitytaknyga.lt\/produktas\/gimines-prakeiksmas\/#breadcrumb"},"inLanguage":"en-GB","potentialAction":[{"@type":"ReadAction","target":["https:\/\/skaitytaknyga.lt\/produktas\/gimines-prakeiksmas\/"]}]},{"@type":"ImageObject","inLanguage":"en-GB","@id":"https:\/\/skaitytaknyga.lt\/produktas\/gimines-prakeiksmas\/#primaryimage","url":"https:\/\/skaitytaknyga.lt\/wp-content\/uploads\/2025\/07\/Gimines-prakeiksmas.jpg","contentUrl":"https:\/\/skaitytaknyga.lt\/wp-content\/uploads\/2025\/07\/Gimines-prakeiksmas.jpg","width":375,"height":600},{"@type":"BreadcrumbList","@id":"https:\/\/skaitytaknyga.lt\/produktas\/gimines-prakeiksmas\/#breadcrumb","itemListElement":[{"@type":"ListItem","position":1,"name":"Home","item":"https:\/\/skaitytaknyga.lt\/"},{"@type":"ListItem","position":2,"name":"Parduotuv\u0117","item":"https:\/\/skaitytaknyga.lt\/knygu-parduotuve\/"},{"@type":"ListItem","position":3,"name":"Gimin\u0117s prakeiksmas"}]},{"@type":"WebSite","@id":"https:\/\/skaitytaknyga.lt\/#website","url":"https:\/\/skaitytaknyga.lt\/","name":"skaitytaknyga.lt","description":"Skaitytaknyga.lt \u2013 tai ma\u017eas \u0161eimos verslas, kuris prasid\u0117jo nuo meil\u0117s knygoms ir siekio i\u0161gelb\u0117ti knygas nuo likimo prie konteinerio. Kas vienam nereikalingas daiktas \u2013 kitam lobis, o mes esame tarpininkai, kurie padeda abiems tapti laimingesniems ???? \u017dinome kaip nelengva i\u0161gyventi ma\u017eiems verslams, tad nuo \u0161iol, \u010dia rasite ir kit\u0173, ma\u017e\u0173 \u0161eim\u0173 versl\u0173, rank\u0173 darbo, dovan\u0173 sau ir artimiesiems.","publisher":{"@id":"https:\/\/skaitytaknyga.lt\/#organization"},"potentialAction":[{"@type":"SearchAction","target":{"@type":"EntryPoint","urlTemplate":"https:\/\/skaitytaknyga.lt\/?s={search_term_string}"},"query-input":{"@type":"PropertyValueSpecification","valueRequired":true,"valueName":"search_term_string"}}],"inLanguage":"en-GB"},{"@type":"Organization","@id":"https:\/\/skaitytaknyga.lt\/#organization","name":"skaitytaknyga.lt","url":"https:\/\/skaitytaknyga.lt\/","logo":{"@type":"ImageObject","inLanguage":"en-GB","@id":"https:\/\/skaitytaknyga.lt\/#\/schema\/logo\/image\/","url":"https:\/\/skaitytaknyga.lt\/wp-content\/uploads\/2024\/05\/cropped-cropped-cropped-02_00843_jt3bggkj1j3HLc7SyY6rEUpg.jpeg","contentUrl":"https:\/\/skaitytaknyga.lt\/wp-content\/uploads\/2024\/05\/cropped-cropped-cropped-02_00843_jt3bggkj1j3HLc7SyY6rEUpg.jpeg","width":1600,"height":1600,"caption":"skaitytaknyga.lt"},"image":{"@id":"https:\/\/skaitytaknyga.lt\/#\/schema\/logo\/image\/"},"sameAs":["https:\/\/www.facebook.com\/skaitytaknyga\/"]}]}},"_links":{"self":[{"href":"https:\/\/skaitytaknyga.lt\/en\/wp-json\/wp\/v2\/product\/19650","targetHints":{"allow":["GET"]}}],"collection":[{"href":"https:\/\/skaitytaknyga.lt\/en\/wp-json\/wp\/v2\/product"}],"about":[{"href":"https:\/\/skaitytaknyga.lt\/en\/wp-json\/wp\/v2\/types\/product"}],"replies":[{"embeddable":true,"href":"https:\/\/skaitytaknyga.lt\/en\/wp-json\/wp\/v2\/comments?post=19650"}],"wp:featuredmedia":[{"embeddable":true,"href":"https:\/\/skaitytaknyga.lt\/en\/wp-json\/wp\/v2\/media\/19655"}],"wp:attachment":[{"href":"https:\/\/skaitytaknyga.lt\/en\/wp-json\/wp\/v2\/media?parent=19650"}],"wp:term":[{"taxonomy":"product_brand","embeddable":true,"href":"https:\/\/skaitytaknyga.lt\/en\/wp-json\/wp\/v2\/product_brand?post=19650"},{"taxonomy":"product_cat","embeddable":true,"href":"https:\/\/skaitytaknyga.lt\/en\/wp-json\/wp\/v2\/product_cat?post=19650"},{"taxonomy":"product_tag","embeddable":true,"href":"https:\/\/skaitytaknyga.lt\/en\/wp-json\/wp\/v2\/product_tag?post=19650"}],"curies":[{"name":"wp","href":"https:\/\/api.w.org\/{rel}","templated":true}]}}