{"id":19649,"date":"2025-07-22T08:24:43","date_gmt":"2025-07-22T05:24:43","guid":{"rendered":"https:\/\/skaitytaknyga.lt\/?post_type=product&#038;p=19649"},"modified":"2026-03-05T13:36:11","modified_gmt":"2026-03-05T11:36:11","slug":"lopsine","status":"publish","type":"product","link":"https:\/\/skaitytaknyga.lt\/en\/produktas\/lopsine\/","title":{"rendered":"Lop\u0161in\u0117"},"content":{"rendered":"<p>Cilla ir Rolfas B\u00f6rjlindai sugr\u012f\u017eta su naujausiu detektyviniu \u0161edevru \u201eLOP\u0160IN\u0116\u201c. \u0160is \u0161ved\u0173 autori\u0173 duetas ra\u0161o tobulai \u2013 \u012ftraukian\u010diai, kinematografi\u0161kai, j\u0173 palie\u010diamos temos \u2013 aktualios, ta\u010diau \u201eLOP\u0160IN\u0116\u201c lenkia visus ankstesnius j\u0173 romanus. Ketvirtoji serijos knyga apie policinink\u0173 duet\u0105 Tom\u0105 Stilton\u0105 ir Olivij\u0105 Rioning nepaliks abejing\u0173 \u2013 \u0161\u012f kart\u0105 kriminalin\u0117 istorija suksis apie nelydimus, likimo valiai paliktus pab\u0117g\u0117li\u0173 vaikus&#8230; \u017diaurumas, baim\u0117, netik\u0117tumai ir dusinanti \u012ftampa \u2013 tik dr\u0105siausiems. \u201eLOP\u0160IN\u0116\u201c\u2013 itin auk\u0161tos kokyb\u0117s detektyvinis \u0161edevras.<\/p>\n<p>2015 m. ruduo. \u0160vedija, kaip ir daugelis kit\u0173 Europos \u0161ali\u0173, susiduria su pab\u0117g\u0117li\u0173 krize. Stokholmo centrin\u0117je stotyje situacija chaoti\u0161ka. Daugyb\u0117 savanori\u0173 stengiasi pad\u0117ti pab\u0117g\u0117liams. Tarp j\u0173 ir Olivija Rioning \u2013 kai n\u0117ra u\u017esi\u0117musi bylos tyrimu Met\u0117s Olseter grup\u0117je, ji dalina maist\u0105 pab\u0117g\u0117liams.<\/p>\n<p>Vien\u0105 nakt\u012f benam\u0117 narkoman\u0117 Miuriel\u0117 Stokholmo miesto viduryje u\u017eklumpa verkian\u010di\u0105 paaugl\u0119 Folami. Kartu su pab\u0117g\u0117li\u0173 srautu ji viena atvyko i\u0161 Nigerijos. Muriel\u0117 nusprend\u017eia pad\u0117ti Folami \u2013 kartu jos suranda prieglobst\u012f ma\u017eame vasarnamyje Lismaro mi\u0161kuose. Bet ar tikrai mi\u0161kas saugesnis nei Stokholmo gatv\u0117s? Po bjauraus u\u017epuolimo jos nedr\u012fsta pasilikti vasarnamyje ir kreipiasi pagalbos \u012f buvus\u012f policinink\u0105 Tom\u0105 Stilton\u0105.<\/p>\n<p>Tuo pat metu Smolande randamas nu\u017eudytas berniukas perpjauta gerkle. Komisar\u0117s Met\u0117s Olseter grup\u0117 imasi tirti byl\u0105. P\u0117dsakai veda \u012f Rumunij\u0105. Komisar\u0117 i\u0161siun\u010dia Tom\u0105 Stilton\u0105 ir Olivij\u0105 Rioning \u012f Bukare\u0161t\u0105, kad \u0161ie pam\u0117gint\u0173 nustatyti berniuko tapatyb\u0119, ta\u010diau toks sprendimas pavojingesnis nei bet kuris i\u0161 j\u0173 gal\u0117t\u0173 \u012fsivaizduoti. Prad\u0117j\u0119 rinkti gijas, jie susiduria su \u0161okiruojan\u010diu, \u017eiauriu ir pavojingu planu, tad netrukus jiems patiems ima gr\u0117sti mirtinas pavojus&#8230;<\/p>\n","protected":false},"excerpt":{"rendered":"<p>Cilla ir Rolfas B\u00f6rjlindai sugr\u012f\u017eta su naujausiu detektyviniu \u0161edevru \u201eLOP\u0160IN\u0116\u201c. \u0160is \u0161ved\u0173 autori\u0173 duetas ra\u0161o tobulai \u2013 \u012ftraukian\u010diai, kinematografi\u0161kai, j\u0173 palie\u010diamos temos \u2013 aktualios, ta\u010diau \u201eLOP\u0160IN\u0116\u201c lenkia visus ankstesnius j\u0173 romanus. Ketvirtoji serijos knyga apie policinink\u0173 duet\u0105 Tom\u0105 Stilton\u0105 ir Olivij\u0105 Rioning nepaliks abejing\u0173 \u2013 \u0161\u012f kart\u0105 kriminalin\u0117 istorija suksis apie nelydimus, likimo valiai paliktus pab\u0117g\u0117li\u0173 vaikus&#8230; \u017diaurumas, baim\u0117, netik\u0117tumai ir dusinanti \u012ftampa \u2013 tik dr\u0105siausiems. \u201eLOP\u0160IN\u0116\u201c\u2013 itin auk\u0161tos kokyb\u0117s detektyvinis \u0161edevras. 2015 m. ruduo. \u0160vedija, kaip ir daugelis kit\u0173 Europos \u0161ali\u0173, susiduria su pab\u0117g\u0117li\u0173 krize. Stokholmo centrin\u0117je stotyje situacija chaoti\u0161ka. Daugyb\u0117 savanori\u0173 stengiasi pad\u0117ti pab\u0117g\u0117liams. Tarp j\u0173 ir Olivija Rioning \u2013 kai n\u0117ra u\u017esi\u0117musi bylos tyrimu Met\u0117s Olseter grup\u0117je, ji dalina maist\u0105 pab\u0117g\u0117liams. Vien\u0105 nakt\u012f benam\u0117 narkoman\u0117 Miuriel\u0117 Stokholmo miesto viduryje u\u017eklumpa verkian\u010di\u0105 paaugl\u0119 Folami. Kartu su pab\u0117g\u0117li\u0173 srautu ji viena atvyko i\u0161 Nigerijos. Muriel\u0117 nusprend\u017eia pad\u0117ti Folami \u2013 kartu jos suranda prieglobst\u012f ma\u017eame vasarnamyje Lismaro mi\u0161kuose. Bet ar tikrai mi\u0161kas saugesnis nei Stokholmo gatv\u0117s? Po bjauraus u\u017epuolimo jos nedr\u012fsta pasilikti vasarnamyje ir kreipiasi pagalbos \u012f buvus\u012f policinink\u0105 Tom\u0105 Stilton\u0105. Tuo pat metu Smolande randamas nu\u017eudytas berniukas perpjauta gerkle. Komisar\u0117s Met\u0117s Olseter grup\u0117 imasi tirti byl\u0105. P\u0117dsakai veda \u012f Rumunij\u0105. Komisar\u0117 i\u0161siun\u010dia Tom\u0105 Stilton\u0105 ir Olivij\u0105 Rioning \u012f Bukare\u0161t\u0105, kad \u0161ie pam\u0117gint\u0173 nustatyti berniuko tapatyb\u0119, ta\u010diau toks sprendimas pavojingesnis nei bet kuris i\u0161 j\u0173 gal\u0117t\u0173 \u012fsivaizduoti. Prad\u0117j\u0119 rinkti gijas, jie susiduria su \u0161okiruojan\u010diu, \u017eiauriu ir pavojingu planu, tad netrukus jiems patiems ima gr\u0117sti mirtinas pavojus&#8230;<\/p>\n","protected":false},"featured_media":19654,"comment_status":"open","ping_status":"closed","template":"","meta":{"_acf_changed":false,"site-sidebar-layout":"default","site-content-layout":"","ast-site-content-layout":"default","site-content-style":"default","site-sidebar-style":"default","ast-global-header-display":"","ast-banner-title-visibility":"","ast-main-header-display":"","ast-hfb-above-header-display":"","ast-hfb-below-header-display":"","ast-hfb-mobile-header-display":"","site-post-title":"","ast-breadcrumbs-content":"","ast-featured-img":"","footer-sml-layout":"","ast-disable-related-posts":"","theme-transparent-header-meta":"","adv-header-id-meta":"","stick-header-meta":"","header-above-stick-meta":"","header-main-stick-meta":"","header-below-stick-meta":"","astra-migrate-meta-layouts":"default","ast-page-background-enabled":"default","ast-page-background-meta":{"desktop":{"background-color":"","background-image":"","background-repeat":"repeat","background-position":"center center","background-size":"auto","background-attachment":"scroll","background-type":"","background-media":"","overlay-type":"","overlay-color":"","overlay-opacity":"","overlay-gradient":""},"tablet":{"background-color":"","background-image":"","background-repeat":"repeat","background-position":"center center","background-size":"auto","background-attachment":"scroll","background-type":"","background-media":"","overlay-type":"","overlay-color":"","overlay-opacity":"","overlay-gradient":""},"mobile":{"background-color":"","background-image":"","background-repeat":"repeat","background-position":"center center","background-size":"auto","background-attachment":"scroll","background-type":"","background-media":"","overlay-type":"","overlay-color":"","overlay-opacity":"","overlay-gradient":""}},"ast-content-background-meta":{"desktop":{"background-color":"var(--ast-global-color-4)","background-image":"","background-repeat":"repeat","background-position":"center center","background-size":"auto","background-attachment":"scroll","background-type":"","background-media":"","overlay-type":"","overlay-color":"","overlay-opacity":"","overlay-gradient":""},"tablet":{"background-color":"var(--ast-global-color-4)","background-image":"","background-repeat":"repeat","background-position":"center center","background-size":"auto","background-attachment":"scroll","background-type":"","background-media":"","overlay-type":"","overlay-color":"","overlay-opacity":"","overlay-gradient":""},"mobile":{"background-color":"var(--ast-global-color-4)","background-image":"","background-repeat":"repeat","background-position":"center center","background-size":"auto","background-attachment":"scroll","background-type":"","background-media":"","overlay-type":"","overlay-color":"","overlay-opacity":"","overlay-gradient":""}}},"product_brand":[],"product_cat":[9581],"product_tag":[6379,1476,1838,3133,1587,6380],"class_list":{"0":"post-19649","1":"product","2":"type-product","3":"status-publish","4":"has-post-thumbnail","6":"product_cat-kriminaliniai-romanai","7":"product_tag-cilla-ir-rolfas-borjlind","8":"product_tag-detektyvas","9":"product_tag-pabegeliai","10":"product_tag-svedija","11":"product_tag-trileris","12":"product_tag-vaiku-isnaudojimas","13":"desktop-align-left","14":"tablet-align-left","15":"mobile-align-left","17":"first","18":"instock","19":"shipping-taxable","20":"purchasable","21":"product-type-simple"},"acf":[],"yoast_head":"<!-- This site is optimized with the Yoast SEO plugin v27.4 - https:\/\/yoast.com\/product\/yoast-seo-wordpress\/ -->\n<title>Lop\u0161in\u0117<\/title>\n<meta name=\"description\" content=\"Cilla ir Rolfas B\u00f6rjlindai sugr\u012f\u017eta su naujausiu detektyviniu \u0161edevru \u201eLOP\u0160IN\u0116\u201c. \u0160is \u0161ved\u0173 autori\u0173 duetas ra\u0161o tobulai \u2013 \u012ftraukian\u010diai, kinematografi\u0161kai,\" \/>\n<meta name=\"robots\" content=\"index, follow, max-snippet:-1, max-image-preview:large, max-video-preview:-1\" \/>\n<link rel=\"canonical\" href=\"https:\/\/skaitytaknyga.lt\/en\/produktas\/lopsine\/\" \/>\n<meta property=\"og:locale\" content=\"en_GB\" \/>\n<meta property=\"og:locale:alternate\" content=\"lt_LT\" \/>\n<meta property=\"og:type\" content=\"article\" \/>\n<meta property=\"og:title\" content=\"Lop\u0161in\u0117\" \/>\n<meta property=\"og:description\" content=\"Cilla ir Rolfas B\u00f6rjlindai sugr\u012f\u017eta su naujausiu detektyviniu \u0161edevru \u201eLOP\u0160IN\u0116\u201c. \u0160is \u0161ved\u0173 autori\u0173 duetas ra\u0161o tobulai \u2013 \u012ftraukian\u010diai, kinematografi\u0161kai,\" \/>\n<meta property=\"og:url\" content=\"https:\/\/skaitytaknyga.lt\/en\/produktas\/lopsine\/\" \/>\n<meta property=\"og:site_name\" content=\"Skaitytaknyga\" \/>\n<meta property=\"article:publisher\" content=\"https:\/\/www.facebook.com\/skaitytaknyga\/\" \/>\n<meta property=\"article:modified_time\" content=\"2026-03-05T11:36:11+00:00\" \/>\n<meta property=\"og:image\" content=\"https:\/\/skaitytaknyga.lt\/wp-content\/uploads\/2025\/07\/lopsine.webp\" \/>\n\t<meta property=\"og:image:width\" content=\"462\" \/>\n\t<meta property=\"og:image:height\" content=\"678\" \/>\n\t<meta property=\"og:image:type\" content=\"image\/webp\" \/>\n<meta name=\"twitter:card\" content=\"summary_large_image\" \/>\n<meta name=\"twitter:label1\" content=\"Estimated reading time\" \/>\n\t<meta name=\"twitter:data1\" content=\"1 minute\" \/>\n<script type=\"application\/ld+json\" class=\"yoast-schema-graph\">{\"@context\":\"https:\\\/\\\/schema.org\",\"@graph\":[{\"@type\":\"WebPage\",\"@id\":\"https:\\\/\\\/skaitytaknyga.lt\\\/produktas\\\/lopsine\\\/\",\"url\":\"https:\\\/\\\/skaitytaknyga.lt\\\/produktas\\\/lopsine\\\/\",\"name\":\"Lop\u0161in\u0117\",\"isPartOf\":{\"@id\":\"https:\\\/\\\/skaitytaknyga.lt\\\/#website\"},\"primaryImageOfPage\":{\"@id\":\"https:\\\/\\\/skaitytaknyga.lt\\\/produktas\\\/lopsine\\\/#primaryimage\"},\"image\":{\"@id\":\"https:\\\/\\\/skaitytaknyga.lt\\\/produktas\\\/lopsine\\\/#primaryimage\"},\"thumbnailUrl\":\"https:\\\/\\\/skaitytaknyga.lt\\\/wp-content\\\/uploads\\\/2025\\\/07\\\/lopsine.webp\",\"datePublished\":\"2025-07-22T05:24:43+00:00\",\"dateModified\":\"2026-03-05T11:36:11+00:00\",\"description\":\"Cilla ir Rolfas B\u00f6rjlindai sugr\u012f\u017eta su naujausiu detektyviniu \u0161edevru \u201eLOP\u0160IN\u0116\u201c. \u0160is \u0161ved\u0173 autori\u0173 duetas ra\u0161o tobulai \u2013 \u012ftraukian\u010diai, kinematografi\u0161kai,\",\"breadcrumb\":{\"@id\":\"https:\\\/\\\/skaitytaknyga.lt\\\/produktas\\\/lopsine\\\/#breadcrumb\"},\"inLanguage\":\"en-GB\",\"potentialAction\":[{\"@type\":\"ReadAction\",\"target\":[\"https:\\\/\\\/skaitytaknyga.lt\\\/produktas\\\/lopsine\\\/\"]}]},{\"@type\":\"ImageObject\",\"inLanguage\":\"en-GB\",\"@id\":\"https:\\\/\\\/skaitytaknyga.lt\\\/produktas\\\/lopsine\\\/#primaryimage\",\"url\":\"https:\\\/\\\/skaitytaknyga.lt\\\/wp-content\\\/uploads\\\/2025\\\/07\\\/lopsine.webp\",\"contentUrl\":\"https:\\\/\\\/skaitytaknyga.lt\\\/wp-content\\\/uploads\\\/2025\\\/07\\\/lopsine.webp\",\"width\":462,\"height\":678},{\"@type\":\"BreadcrumbList\",\"@id\":\"https:\\\/\\\/skaitytaknyga.lt\\\/produktas\\\/lopsine\\\/#breadcrumb\",\"itemListElement\":[{\"@type\":\"ListItem\",\"position\":1,\"name\":\"Home\",\"item\":\"https:\\\/\\\/skaitytaknyga.lt\\\/\"},{\"@type\":\"ListItem\",\"position\":2,\"name\":\"Parduotuv\u0117\",\"item\":\"https:\\\/\\\/skaitytaknyga.lt\\\/knygu-parduotuve\\\/\"},{\"@type\":\"ListItem\",\"position\":3,\"name\":\"Lop\u0161in\u0117\"}]},{\"@type\":\"WebSite\",\"@id\":\"https:\\\/\\\/skaitytaknyga.lt\\\/#website\",\"url\":\"https:\\\/\\\/skaitytaknyga.lt\\\/\",\"name\":\"skaitytaknyga.lt\",\"description\":\"Skaitytaknyga.lt \u2013 tai ma\u017eas \u0161eimos verslas, kuris prasid\u0117jo nuo meil\u0117s knygoms ir siekio i\u0161gelb\u0117ti knygas nuo likimo prie konteinerio. Kas vienam nereikalingas daiktas \u2013 kitam lobis, o mes esame tarpininkai, kurie padeda abiems tapti laimingesniems ???? \u017dinome kaip nelengva i\u0161gyventi ma\u017eiems verslams, tad nuo \u0161iol, \u010dia rasite ir kit\u0173, ma\u017e\u0173 \u0161eim\u0173 versl\u0173, rank\u0173 darbo, dovan\u0173 sau ir artimiesiems.\",\"publisher\":{\"@id\":\"https:\\\/\\\/skaitytaknyga.lt\\\/#organization\"},\"potentialAction\":[{\"@type\":\"SearchAction\",\"target\":{\"@type\":\"EntryPoint\",\"urlTemplate\":\"https:\\\/\\\/skaitytaknyga.lt\\\/?s={search_term_string}\"},\"query-input\":{\"@type\":\"PropertyValueSpecification\",\"valueRequired\":true,\"valueName\":\"search_term_string\"}}],\"inLanguage\":\"en-GB\"},{\"@type\":\"Organization\",\"@id\":\"https:\\\/\\\/skaitytaknyga.lt\\\/#organization\",\"name\":\"skaitytaknyga.lt\",\"url\":\"https:\\\/\\\/skaitytaknyga.lt\\\/\",\"logo\":{\"@type\":\"ImageObject\",\"inLanguage\":\"en-GB\",\"@id\":\"https:\\\/\\\/skaitytaknyga.lt\\\/#\\\/schema\\\/logo\\\/image\\\/\",\"url\":\"https:\\\/\\\/skaitytaknyga.lt\\\/wp-content\\\/uploads\\\/2024\\\/05\\\/cropped-cropped-cropped-02_00843_jt3bggkj1j3HLc7SyY6rEUpg.jpeg\",\"contentUrl\":\"https:\\\/\\\/skaitytaknyga.lt\\\/wp-content\\\/uploads\\\/2024\\\/05\\\/cropped-cropped-cropped-02_00843_jt3bggkj1j3HLc7SyY6rEUpg.jpeg\",\"width\":1600,\"height\":1600,\"caption\":\"skaitytaknyga.lt\"},\"image\":{\"@id\":\"https:\\\/\\\/skaitytaknyga.lt\\\/#\\\/schema\\\/logo\\\/image\\\/\"},\"sameAs\":[\"https:\\\/\\\/www.facebook.com\\\/skaitytaknyga\\\/\"]}]}<\/script>\n<!-- \/ Yoast SEO plugin. -->","yoast_head_json":{"title":"Lop\u0161in\u0117","description":"Cilla ir Rolfas B\u00f6rjlindai sugr\u012f\u017eta su naujausiu detektyviniu \u0161edevru \u201eLOP\u0160IN\u0116\u201c. \u0160is \u0161ved\u0173 autori\u0173 duetas ra\u0161o tobulai \u2013 \u012ftraukian\u010diai, kinematografi\u0161kai,","robots":{"index":"index","follow":"follow","max-snippet":"max-snippet:-1","max-image-preview":"max-image-preview:large","max-video-preview":"max-video-preview:-1"},"canonical":"https:\/\/skaitytaknyga.lt\/en\/produktas\/lopsine\/","og_locale":"en_GB","og_type":"article","og_title":"[:lt]Lop\u0161in\u0117[:] - Skaitytaknyga","og_description":"Cilla ir Rolfas B\u00f6rjlindai sugr\u012f\u017eta su naujausiu detektyviniu \u0161edevru \u201eLOP\u0160IN\u0116\u201c. \u0160is \u0161ved\u0173 autori\u0173 duetas ra\u0161o tobulai \u2013 \u012ftraukian\u010diai, kinematografi\u0161kai,","og_url":"https:\/\/skaitytaknyga.lt\/en\/produktas\/lopsine\/","og_site_name":"Skaitytaknyga","article_publisher":"https:\/\/www.facebook.com\/skaitytaknyga\/","article_modified_time":"2026-03-05T11:36:11+00:00","og_image":[{"width":462,"height":678,"url":"https:\/\/skaitytaknyga.lt\/wp-content\/uploads\/2025\/07\/lopsine.webp","type":"image\/webp"}],"twitter_card":"summary_large_image","twitter_misc":{"Estimated reading time":"1 minute"},"schema":{"@context":"https:\/\/schema.org","@graph":[{"@type":"WebPage","@id":"https:\/\/skaitytaknyga.lt\/produktas\/lopsine\/","url":"https:\/\/skaitytaknyga.lt\/produktas\/lopsine\/","name":"Lop\u0161in\u0117","isPartOf":{"@id":"https:\/\/skaitytaknyga.lt\/#website"},"primaryImageOfPage":{"@id":"https:\/\/skaitytaknyga.lt\/produktas\/lopsine\/#primaryimage"},"image":{"@id":"https:\/\/skaitytaknyga.lt\/produktas\/lopsine\/#primaryimage"},"thumbnailUrl":"https:\/\/skaitytaknyga.lt\/wp-content\/uploads\/2025\/07\/lopsine.webp","datePublished":"2025-07-22T05:24:43+00:00","dateModified":"2026-03-05T11:36:11+00:00","description":"Cilla ir Rolfas B\u00f6rjlindai sugr\u012f\u017eta su naujausiu detektyviniu \u0161edevru \u201eLOP\u0160IN\u0116\u201c. \u0160is \u0161ved\u0173 autori\u0173 duetas ra\u0161o tobulai \u2013 \u012ftraukian\u010diai, kinematografi\u0161kai,","breadcrumb":{"@id":"https:\/\/skaitytaknyga.lt\/produktas\/lopsine\/#breadcrumb"},"inLanguage":"en-GB","potentialAction":[{"@type":"ReadAction","target":["https:\/\/skaitytaknyga.lt\/produktas\/lopsine\/"]}]},{"@type":"ImageObject","inLanguage":"en-GB","@id":"https:\/\/skaitytaknyga.lt\/produktas\/lopsine\/#primaryimage","url":"https:\/\/skaitytaknyga.lt\/wp-content\/uploads\/2025\/07\/lopsine.webp","contentUrl":"https:\/\/skaitytaknyga.lt\/wp-content\/uploads\/2025\/07\/lopsine.webp","width":462,"height":678},{"@type":"BreadcrumbList","@id":"https:\/\/skaitytaknyga.lt\/produktas\/lopsine\/#breadcrumb","itemListElement":[{"@type":"ListItem","position":1,"name":"Home","item":"https:\/\/skaitytaknyga.lt\/"},{"@type":"ListItem","position":2,"name":"Parduotuv\u0117","item":"https:\/\/skaitytaknyga.lt\/knygu-parduotuve\/"},{"@type":"ListItem","position":3,"name":"Lop\u0161in\u0117"}]},{"@type":"WebSite","@id":"https:\/\/skaitytaknyga.lt\/#website","url":"https:\/\/skaitytaknyga.lt\/","name":"skaitytaknyga.lt","description":"Skaitytaknyga.lt \u2013 tai ma\u017eas \u0161eimos verslas, kuris prasid\u0117jo nuo meil\u0117s knygoms ir siekio i\u0161gelb\u0117ti knygas nuo likimo prie konteinerio. Kas vienam nereikalingas daiktas \u2013 kitam lobis, o mes esame tarpininkai, kurie padeda abiems tapti laimingesniems ???? \u017dinome kaip nelengva i\u0161gyventi ma\u017eiems verslams, tad nuo \u0161iol, \u010dia rasite ir kit\u0173, ma\u017e\u0173 \u0161eim\u0173 versl\u0173, rank\u0173 darbo, dovan\u0173 sau ir artimiesiems.","publisher":{"@id":"https:\/\/skaitytaknyga.lt\/#organization"},"potentialAction":[{"@type":"SearchAction","target":{"@type":"EntryPoint","urlTemplate":"https:\/\/skaitytaknyga.lt\/?s={search_term_string}"},"query-input":{"@type":"PropertyValueSpecification","valueRequired":true,"valueName":"search_term_string"}}],"inLanguage":"en-GB"},{"@type":"Organization","@id":"https:\/\/skaitytaknyga.lt\/#organization","name":"skaitytaknyga.lt","url":"https:\/\/skaitytaknyga.lt\/","logo":{"@type":"ImageObject","inLanguage":"en-GB","@id":"https:\/\/skaitytaknyga.lt\/#\/schema\/logo\/image\/","url":"https:\/\/skaitytaknyga.lt\/wp-content\/uploads\/2024\/05\/cropped-cropped-cropped-02_00843_jt3bggkj1j3HLc7SyY6rEUpg.jpeg","contentUrl":"https:\/\/skaitytaknyga.lt\/wp-content\/uploads\/2024\/05\/cropped-cropped-cropped-02_00843_jt3bggkj1j3HLc7SyY6rEUpg.jpeg","width":1600,"height":1600,"caption":"skaitytaknyga.lt"},"image":{"@id":"https:\/\/skaitytaknyga.lt\/#\/schema\/logo\/image\/"},"sameAs":["https:\/\/www.facebook.com\/skaitytaknyga\/"]}]}},"_links":{"self":[{"href":"https:\/\/skaitytaknyga.lt\/en\/wp-json\/wp\/v2\/product\/19649","targetHints":{"allow":["GET"]}}],"collection":[{"href":"https:\/\/skaitytaknyga.lt\/en\/wp-json\/wp\/v2\/product"}],"about":[{"href":"https:\/\/skaitytaknyga.lt\/en\/wp-json\/wp\/v2\/types\/product"}],"replies":[{"embeddable":true,"href":"https:\/\/skaitytaknyga.lt\/en\/wp-json\/wp\/v2\/comments?post=19649"}],"wp:featuredmedia":[{"embeddable":true,"href":"https:\/\/skaitytaknyga.lt\/en\/wp-json\/wp\/v2\/media\/19654"}],"wp:attachment":[{"href":"https:\/\/skaitytaknyga.lt\/en\/wp-json\/wp\/v2\/media?parent=19649"}],"wp:term":[{"taxonomy":"product_brand","embeddable":true,"href":"https:\/\/skaitytaknyga.lt\/en\/wp-json\/wp\/v2\/product_brand?post=19649"},{"taxonomy":"product_cat","embeddable":true,"href":"https:\/\/skaitytaknyga.lt\/en\/wp-json\/wp\/v2\/product_cat?post=19649"},{"taxonomy":"product_tag","embeddable":true,"href":"https:\/\/skaitytaknyga.lt\/en\/wp-json\/wp\/v2\/product_tag?post=19649"}],"curies":[{"name":"wp","href":"https:\/\/api.w.org\/{rel}","templated":true}]}}